{"id":3338,"date":"2024-12-23T09:49:23","date_gmt":"2024-12-23T09:49:23","guid":{"rendered":"https:\/\/vapestornado.com\/?post_type=product&#038;p=3338"},"modified":"2025-12-08T09:54:00","modified_gmt":"2025-12-08T09:54:00","slug":"bood-twins-46000-puff-double-flavour-low-nicotine-disposable-vape-wholesale-bulk-buy-price","status":"publish","type":"product","link":"https:\/\/vapestornado.com\/lv\/product\/bood-twins-46000-puff-double-flavour-low-nicotine-disposable-vape-wholesale-bulk-buy-price\/","title":{"rendered":"Bood Twins 46000 uzp\u016btienu dubult\u0101s gar\u0161as zema nikot\u012bna vienreiz\u0113j\u0101s lieto\u0161anas vape vairumtirdzniec\u012bbas lielapjoma pirkuma cena"},"content":{"rendered":"<h2 class=\"product-title\">Bood Twins 46000 Puff Double Flavour vienreizlietojamais vape pods ar div\u0101m gar\u0161\u0101m, gar\u0161u p\u0101rsl\u0113gu un viedo LED ekr\u0101nu<\/h2>\n<p data-start=\"1069\" data-end=\"1289\">T\u0101 <strong data-start=\"113\" data-end=\"138\">Bood Twins 46000 Uzp\u016btenis<\/strong> ir augstas ietilp\u012bbas vienreizlietojamais vape pods lietot\u0101jiem, kuri v\u0113las divas gar\u0161as vien\u0101 ier\u012bc\u0113 un ilg\u0101ku darb\u012bbas laiku, kas nebeidzas p\u0113c da\u017e\u0101m dien\u0101m. Tas nodro\u0161ina <strong data-start=\"286\" data-end=\"308\">l\u012bdz 46 000 p\u016btieniem<\/strong>, darbojas ar <strong data-start=\"320\" data-end=\"344\">30 ml iepriek\u0161 uzpild\u012btu tvertni<\/strong>un pievieno <strong data-start=\"357\" data-end=\"380\">divu gar\u0161u p\u0101rsl\u0113gu<\/strong> t\u0101, lai var\u0113tu main\u012bt gar\u0161u, nemainot ier\u012bci. <strong data-start=\"433\" data-end=\"485\">650mAh uzl\u0101d\u0113jama akumulators ar Type-C uzl\u0101di<\/strong> to uztur darb\u012bb\u0101 l\u012bdz \u0161\u0137idrums ir izsmelts, kam\u0113r <strong data-start=\"541\" data-end=\"561\">LED gudrs ekr\u0101ns<\/strong> re\u0101llaik\u0101 r\u0101da p\u016btienu skaitu, baterijas l\u012bmeni un \u0161\u0137idruma statusu.<\/p>\n<h3 data-start=\"862\" data-end=\"937\">K\u0101p\u0113c ir v\u0113rts ieg\u0101d\u0101ties \u0161o Bood Twins 46000 p\u016btienu ier\u012bci?<\/h3>\n<ul data-start=\"939\" data-end=\"1937\">\n<li data-start=\"939\" data-end=\"1160\">\n<p data-start=\"941\" data-end=\"1160\"><strong data-start=\"941\" data-end=\"978\">Ietilp\u012bba, ko atbalsta re\u0101la aparat\u016bra.<\/strong> 46K v\u0113rt\u0113jums nav tikai skaitlis uz kastes \u2014 to atbalsta <strong data-start=\"1045\" data-end=\"1065\">30 ml e-\u0161\u0137idruma<\/strong> un uzl\u0101d\u0113jama baterija, t\u0101p\u0113c ier\u012bce var ilgi darboties bez priek\u0161laic\u012bgas iz\u017e\u016b\u0161anas.<\/p>\n<\/li>\n<li data-start=\"1162\" data-end=\"1385\">\n<p data-start=\"1164\" data-end=\"1385\"><strong data-start=\"1164\" data-end=\"1200\">Divas gar\u0161as bez papildu apjoma.<\/strong> T\u0101 <strong data-start=\"1205\" data-end=\"1230\">divu gar\u0161u sist\u0113ma<\/strong> ir praktiska ikdienas lieto\u0161anai: p\u0101rsl\u0113dzieties starp profiliem, kad main\u0101s gar\u0161a, nevis n\u0113s\u0101jiet divus vienreizlietojamos vai palieciet pie vienas gar\u0161as ned\u0113\u013c\u0101m ilgi.<\/p>\n<\/li>\n<li data-start=\"1387\" data-end=\"1562\">\n<p data-start=\"1389\" data-end=\"1562\"><strong data-start=\"1389\" data-end=\"1450\">Uzl\u0101d\u0113jama jauda nov\u0113r\u0161 parasto vienreizlietojamo ier\u012b\u010du v\u0101jumu.<\/strong> Ar <strong data-start=\"1456\" data-end=\"1489\">650mAh + Type-C \u0101tr\u0101 uzl\u0101de<\/strong>, baterija neb\u016bs iemesls, k\u0101p\u0113c p\u0101rtraukt lietot ier\u012bci. Uzl\u0101d\u0113jiet un turpiniet lietot.<\/p>\n<\/li>\n<li data-start=\"1564\" data-end=\"1753\">\n<p data-start=\"1566\" data-end=\"1753\"><strong data-start=\"1566\" data-end=\"1593\">Skaidra inform\u0101cija uzreiz.<\/strong> T\u0101 <strong data-start=\"1598\" data-end=\"1618\">LED gudrs ekr\u0101ns<\/strong> sniedz re\u0101llaika p\u016b\u0161u skaitu, akumulatora un \u0161\u0137idruma statusu. Tas noz\u012bm\u0113 maz\u0101k p\u0101rsteigumu un lab\u0101ku kontroli p\u0101r to, kad uzl\u0101d\u0113t vai nomain\u012bt.<\/p>\n<\/li>\n<li data-start=\"1755\" data-end=\"1937\">\n<p data-start=\"1757\" data-end=\"1937\"><strong data-start=\"1757\" data-end=\"1806\">Nikot\u012bna iesp\u0113jas paliek vienk\u0101r\u0161as un Latvijai draudz\u012bgas.<\/strong> <strong data-start=\"1807\" data-end=\"1825\">0%, 2% un 5%<\/strong> aptver beznikot\u012bna lieto\u0161anu, viegl\u0101kas ikdienas ieradumus un sp\u0113c\u012bg\u0101kus sitienus \u2014 bez piespie\u0161anas katram lietot\u0101jam izmantot vienu intensit\u0101ti.<\/p>\n<\/li>\n<\/ul>\n<p><strong>Pievienojiet Eimijas Whatsapp, lai sa\u0146emtu pareizo atbildi un vape kuponu!<\/strong><\/p>\n<p><img fetchpriority=\"high\" decoding=\"async\" class=\"size-full wp-image-2932\" src=\"https:\/\/vapestornado.com\/wp-content\/uploads\/2024\/12\/Vape-Wholesale.jpg\" alt=\"Veipu Vairumtirdzniec\u012bba\" width=\"229\" height=\"300\" \/><\/p>\n<h3><a href=\"https:\/\/wa.me\/8617776015835\" target=\"_blank\" rel=\"noopener\"><span style=\"color: #ff0000;\"><strong>WhatsApp: +86 17776015835<\/strong><\/span><\/a><\/h3>\n<p>&nbsp;<\/p>\n<h2><span style=\"font-size: 1.5em; font-weight: bold;\">Bood Twins 46000 Galven\u0101s produkta \u012bpa\u0161\u012bbas\u00a0<\/span><\/h2>\n<div role=\"article\" data-tabster=\"{&quot;groupper&quot;:{&quot;tabbability&quot;:2},&quot;focusable&quot;:{}}\" data-content=\"ai-message\" aria-labelledby=\"juhNTJ6o7Gk1cgwZMJgv2-author juhNTJ6o7Gk1cgwZMJgv2-content\">\n<div id=\"juhNTJ6o7Gk1cgwZMJgv2-content\">\n<div role=\"article\" data-tabster=\"{&quot;groupper&quot;:{&quot;tabbability&quot;:2},&quot;focusable&quot;:{}}\" data-content=\"ai-message\" aria-labelledby=\"x4EZuCZWrTbh3weWUt7CU-author x4EZuCZWrTbh3weWUt7CU-content\">\n<div id=\"x4EZuCZWrTbh3weWUt7CU-content\">\n<table>\n<thead>\n<tr>\n<th>\u012apa\u0161\u012bba<\/th>\n<th>Spec<\/th>\n<th>Deta\u013cas<\/th>\n<\/tr>\n<\/thead>\n<tbody>\n<tr>\n<td>Pufiju ietilp\u012bba<\/td>\n<td>L\u012bdz 46 000 p\u016b\u0161iem<\/td>\n<td>Augstas ilgm\u016b\u017e\u012bbas vienreizlietojams, paredz\u0113ts ilgsto\u0161ai ikdienas lieto\u0161anai.<\/td>\n<\/tr>\n<tr>\n<td>Gar\u0161as sist\u0113ma<\/td>\n<td>Dubult\u0101 gar\u0161a (divu gar\u0161u p\u0101rsl\u0113dz\u0113js)<\/td>\n<td>Divi gar\u0161as profili vien\u0101 ier\u012bc\u0113; p\u0101rsl\u0113dzies jebkur\u0101 laik\u0101.<\/td>\n<\/tr>\n<tr>\n<td>E-\u0161\u0137idruma tilpums<\/td>\n<td>30ml iepriek\u0161pild\u012bts<\/td>\n<td>Liels rezervu\u0101rs atbalsta garas sesijas un stabilu izpl\u016bdi.<\/td>\n<\/tr>\n<tr>\n<td>Akumulators<\/td>\n<td>650mAh uzl\u0101d\u0113jams<\/td>\n<td>Uzl\u0101d\u0113, lai izmantotu pilnu \u0161\u0137idruma tilpumu, nevis izmestu priek\u0161laic\u012bgi.<\/td>\n<\/tr>\n<tr>\n<td>Uzl\u0101de<\/td>\n<td>Type-C \u0101tr\u0101s uzl\u0101des<\/td>\n<td>\u0100tras papildin\u0101\u0161anas ar standarta Latvijas kabe\u013ciem.<\/td>\n<\/tr>\n<tr>\n<td>Displejs<\/td>\n<td>LED gudrs ekr\u0101ns<\/td>\n<td>Re\u0101llaik\u0101 r\u0101da p\u016b\u0161u skaitu, akumulatora l\u012bmeni un \u0161\u0137idruma statusu.<\/td>\n<\/tr>\n<tr>\n<td>Nikot\u012bna stiprums<\/td>\n<td>0% \/ 2% \/ 5% s\u0101ls nikot\u012bns<\/td>\n<td>Piem\u0113rots beznikot\u012bna lietot\u0101jiem, viegl\u0101kiem ieradumiem un smagiem lietot\u0101jiem.<\/td>\n<\/tr>\n<tr>\n<td>M\u0113r\u0137a lietojums<\/td>\n<td>Vienreizlietojams, ar lielu ietilp\u012bbu<\/td>\n<td>Vienk\u0101r\u0161a darb\u012bba ar ilgu darb\u012bbas laiku.<\/td>\n<\/tr>\n<\/tbody>\n<\/table>\n<\/div>\n<\/div>\n<\/div>\n<\/div>\n<h2 class=\"product-title\"><strong>Popul\u0101ra gar\u0161a Bood Twins 46000 uzp\u016btieniem<\/strong><\/h2>\n<p>1. Arb\u016bzs <strong><span style=\"color: #ff0000;\">&gt;&gt;&gt;&gt;&gt; Karsts!<\/span><\/strong><br \/>\n2. \u0100bols<br \/>\n3. Laims<br \/>\n4. Za\u013cais \u0101bols<br \/>\n5. Melle\u0146u sk\u0101ben\u0101 ave\u0146u <strong><span style=\"color: #ff0000;\">&gt;&gt;&gt;&gt; Lab\u0101kais!<\/span><\/strong><br \/>\n6. Upe\u0146u ave\u0146u<br \/>\n7. Persiku mango<br \/>\n8. V\u012bnogu <strong><span style=\"color: #ff0000;\">&gt;&gt;&gt;&gt;&gt; Karsts!<\/span><\/strong><br \/>\n9. Roz\u0101 limon\u0101de<br \/>\n10. Za\u013co v\u012bnogu<\/p>\n<h2>K\u0101p\u0113c izv\u0113l\u0113ties vapestornado Bood Twins 46000 Puffs Vape vairumtirdzniec\u012bbai?<\/h2>\n<div class=\"flex-shrink-0 flex flex-col relative items-end\">\n<div class=\"pt-0\">\n<div class=\"gizmo-bot-avatar flex h-8 w-8 items-center justify-center overflow-hidden rounded-full\">\n<div class=\"relative p-1 rounded-sm flex items-center justify-center bg-token-main-surface-primary text-token-text-primary h-8 w-8\">\n<p>Laipni l\u016bdzam vapestornado, j\u016bsu uzticamaj\u0101 tie\u0161saistes vape veikal\u0101, kur\u0101 var ieg\u0101d\u0101ties augst\u0101k\u0101s kvalit\u0101tes vienreiz\u0113j\u0101s lieto\u0161anas vapes. Ar vair\u0101k nek\u0101 5 gadu pieredzi m\u0113s pied\u0101v\u0101jam popul\u0101rus vienreiz\u0113j\u0101s lieto\u0161anas vape z\u012bmolus, piem\u0113ram, Fumot RandM Vape, <a href=\"https:\/\/vapestornado.com\/lv\/product\/vapme-crystal-7000-puffs-rechargeable-disposable-vape-wholesale-cheap-price\/\">Vapme<\/a>, Bang Vape, Waspe Vape un WGA Vape, u.c.<\/p>\n<p>M\u016bsu kl\u0101st\u0101 ir iek\u013cauti karstie izp\u0101rdo\u0161anas veipi, piem\u0113ram, <a href=\"https:\/\/vapestornado.com\/lv\/product\/fumot-randm-tornado-15000-puffs-rechargeable-disposable-vape-wholesale\/\">RandM Tornado 15000<\/a>, un bag\u0101t\u012bgas gar\u0161as izv\u0113les, piem\u0113ram, <a href=\"https:\/\/vapestornado.com\/lv\/product\/vapsolo-dg-18000-puffs-smart-screen-wholesale-disposable-cheap-vapes\/\">\u00a0Vapsolo DG18000 Puffs<\/a> . Katrs produkts ir izv\u0113l\u0113ts, koncentr\u0113joties uz kvalit\u0101ti, v\u0113rt\u012bbu un daudzveid\u012bbu, nodro\u0161inot, ka j\u016bs atrad\u012bsiet perfektu atbilst\u012bbu sav\u0101m vajadz\u012bb\u0101m. Atkl\u0101jiet izcilu servisu un pla\u0161u popul\u0101r\u0101ko produktu kl\u0101stu par vairumtirdzniec\u012bbas cen\u0101m vietn\u0113 vapestornado.<\/p>\n<\/div>\n<figure id=\"attachment_3305\" aria-describedby=\"caption-attachment-3305\" style=\"width: 1126px\" class=\"wp-caption alignnone\"><img decoding=\"async\" class=\"wp-image-3305 size-full\" src=\"https:\/\/vapestornado.com\/wp-content\/uploads\/2024\/12\/Best-Bood-Twins-46000-Puff-Disposable-Vape.jpg\" alt=\"Lab\u0101kais Bood Twins 46000 Puff vienreiz\u0113j\u0101s lieto\u0161anas vape\" width=\"1126\" height=\"1126\" srcset=\"https:\/\/vapestornado.com\/wp-content\/uploads\/2024\/12\/Best-Bood-Twins-46000-Puff-Disposable-Vape.jpg 1126w, https:\/\/vapestornado.com\/wp-content\/uploads\/2024\/12\/Best-Bood-Twins-46000-Puff-Disposable-Vape-300x300.jpg 300w, https:\/\/vapestornado.com\/wp-content\/uploads\/2024\/12\/Best-Bood-Twins-46000-Puff-Disposable-Vape-1024x1024.jpg 1024w, https:\/\/vapestornado.com\/wp-content\/uploads\/2024\/12\/Best-Bood-Twins-46000-Puff-Disposable-Vape-150x150.jpg 150w, https:\/\/vapestornado.com\/wp-content\/uploads\/2024\/12\/Best-Bood-Twins-46000-Puff-Disposable-Vape-768x768.jpg 768w, https:\/\/vapestornado.com\/wp-content\/uploads\/2024\/12\/Best-Bood-Twins-46000-Puff-Disposable-Vape-600x600.jpg 600w, https:\/\/vapestornado.com\/wp-content\/uploads\/2024\/12\/Best-Bood-Twins-46000-Puff-Disposable-Vape-100x100.jpg 100w\" sizes=\"(max-width: 1126px) 100vw, 1126px\" \/><figcaption id=\"caption-attachment-3305\" class=\"wp-caption-text\">Lab\u0101kais Bood Twins 46000 Puff vienreiz\u0113j\u0101s lieto\u0161anas vape<\/figcaption><\/figure>\n<div class=\"relative p-1 rounded-sm flex items-center justify-center bg-token-main-surface-primary text-token-text-primary h-8 w-8\">\n<h2>BUJ par Bood Twins 46k vienreiz\u0113j\u0101s lieto\u0161anas vape<\/h2>\n<\/div>\n<\/div>\n<\/div>\n<\/div>\n<div class=\"flex-shrink-0 flex flex-col relative items-end\">\n<div class=\"pt-0\">\n<div class=\"gizmo-bot-avatar flex h-8 w-8 items-center justify-center overflow-hidden rounded-full\">\n<div class=\"relative p-1 rounded-sm flex items-center justify-center bg-token-main-surface-primary text-token-text-primary h-8 w-8\">\n<div class=\"mb-2 flex gap-3 empty:hidden -ml-2\">\n<div role=\"article\" data-tabster=\"{&quot;groupper&quot;:{&quot;tabbability&quot;:2},&quot;focusable&quot;:{}}\" data-content=\"ai-message\" aria-labelledby=\"Vdt5ez4X7Tg813x6rFVha-author Vdt5ez4X7Tg813x6rFVha-content\">\n<div id=\"Vdt5ez4X7Tg813x6rFVha-content\">\n<div role=\"article\" data-tabster=\"{&quot;groupper&quot;:{&quot;tabbability&quot;:2},&quot;focusable&quot;:{}}\" data-content=\"ai-message\" aria-labelledby=\"o968oC7CEo2fGHsGdsRYC-author o968oC7CEo2fGHsGdsRYC-content\">\n<div id=\"o968oC7CEo2fGHsGdsRYC-content\">\n<div class=\"flex max-w-full flex-col flex-grow\">\n<div class=\"min-h-8 text-message flex w-full flex-col items-end gap-2 whitespace-normal break-words text-start [.text-message+&amp;]:mt-5\" dir=\"auto\" data-message-author-role=\"assistant\" data-message-id=\"b080906d-586a-45a5-bbed-ade28bd7e809\" data-message-model-slug=\"gpt-4o\">\n<div class=\"flex w-full flex-col gap-1 empty:hidden first:pt-[3px]\">\n<div class=\"markdown prose w-full break-words dark:prose-invert light\">\n<ol data-start=\"3606\" data-end=\"4787\">\n<li data-start=\"3606\" data-end=\"3867\">\n<p data-start=\"3609\" data-end=\"3867\"><strong data-start=\"3609\" data-end=\"3725\">K\u0101 Bood Twins 46000 Puff dubult\u0101s gar\u0161as vienreizlietojamais vape saglab\u0101 konsekvenci tik augst\u0101 p\u016b\u0161u skait\u0101?<\/strong><br data-start=\"3725\" data-end=\"3728\" \/>Kombin\u0101cija no <strong data-start=\"3749\" data-end=\"3762\">30ml tvertni<\/strong> un uzl\u0101d\u0113jam\u0101 jauda nodro\u0161ina ilgu lieto\u0161anu bez straujas samazin\u0101\u0161an\u0101s, ko bie\u017ei r\u0101da maz\u0101kie vienreizlietojamie ier\u012bces.<\/p>\n<\/li>\n<li data-start=\"3869\" data-end=\"4092\">\n<p data-start=\"3872\" data-end=\"4092\"><strong data-start=\"3872\" data-end=\"3970\">K\u0101da ir praktisk\u0101 priek\u0161roc\u012bba Bood Twins 46K divu gar\u0161u sl\u0113dzim ikdienas vape lieto\u0161an\u0101?<\/strong><br data-start=\"3970\" data-end=\"3973\" \/>Tas \u013cauj main\u012bt gar\u0161u p\u0113c piepras\u012bjuma, kas saglab\u0101 pieredzi svaigu vair\u0101kas ned\u0113\u013cas bez nepiecie\u0161am\u012bbas p\u0113c otr\u0101s ier\u012bces.<\/p>\n<\/li>\n<li data-start=\"4094\" data-end=\"4311\">\n<p data-start=\"4097\" data-end=\"4311\"><strong data-start=\"4097\" data-end=\"4193\">Vai Bood Twins 46000 Puff Type-C uzl\u0101d\u0113jamais vienreizlietojamais iztuk\u0161o pilnu 30ml e-\u0161\u0137idruma tilpumu?<\/strong><br data-start=\"4193\" data-end=\"4196\" \/>Uzl\u0101d\u0113jam\u012bba ir veidota \u0161im m\u0113r\u0137im \u2014 ja akumulators izl\u0101d\u0113jas pirms \u0161\u0137idruma, Type-C uzl\u0101de \u013cauj turpin\u0101t lieto\u0161anu.<\/p>\n<\/li>\n<li data-start=\"4313\" data-end=\"4542\">\n<p data-start=\"4316\" data-end=\"4542\"><strong data-start=\"4316\" data-end=\"4405\">Cik uzticams ir LED viedais ekr\u0101ns Bood Twins 46000 Puff augstas ietilp\u012bbas vape ier\u012bc\u0113?<\/strong><br data-start=\"4405\" data-end=\"4408\" \/>Ekr\u0101ns r\u0101da <strong data-start=\"4425\" data-end=\"4466\">p\u016b\u0161u skaits, akumulatora un \u0161\u0137idruma statusa r\u0101d\u012bjums<\/strong>, nodro\u0161inot skaidru, re\u0101llaika uzraudz\u012bbu, lai var\u0113tu pl\u0101not uzl\u0101di un nomai\u0146u.<\/p>\n<\/li>\n<li data-start=\"4544\" data-end=\"4787\">\n<p data-start=\"4547\" data-end=\"4787\"><strong data-start=\"4547\" data-end=\"4650\">Kura nikot\u012bna stipr\u012bba piem\u0113rota da\u017e\u0101diem lietot\u0101jiem Bood Twins 46000 Puff zema nikot\u012bna vienreizlietojamaj\u0101?<\/strong><br data-start=\"4650\" data-end=\"4653\" \/><strong data-start=\"4653\" data-end=\"4659\">0%<\/strong> der tikai gar\u0161as lieto\u0161anai, <strong data-start=\"4688\" data-end=\"4694\">2%<\/strong> atbilst viegl\u0101m l\u012bdz m\u0113ren\u0101m ikdienas lieto\u0161anas paradumiem, un <strong data-start=\"4736\" data-end=\"4742\">5%<\/strong> ir paredz\u0113ta lietot\u0101jiem, kuri v\u0113las sp\u0113c\u012bg\u0101ku apmierin\u0101jumu.<\/p>\n<\/li>\n<\/ol>\n<\/div>\n<\/div>\n<\/div>\n<\/div>\n<\/div>\n<\/div>\n<\/div>\n<\/div>\n<\/div>\n<\/div>\n<\/div>\n<\/div>\n<\/div>","protected":false},"excerpt":{"rendered":"<p data-start=\"1329\" data-end=\"1500\">Bood Twins 46000 P\u016b\u0161\u013ci dubultgar\u0161as vienreizlietojams vape ar 30ml iepriek\u0161pild\u012btu e-\u0161\u0137idrumu, dubultgar\u0161u p\u0101rsl\u0113g\u0161anu, viedu LED ekr\u0101nu un 650mAh Type-C uzl\u0101d\u0113jamu akumulatoru. L\u012bdz 46 000 p\u016b\u0161\u013ciem ar 0%, 2% vai 5% nikot\u012bnu ilgam, kontrol\u0113tam, gar\u0161as da\u017e\u0101d\u012bbai bag\u0101tam lieto\u0161anai. <strong data-start=\"1456\" data-end=\"1497\">vairumtirdzniec\u012bbas lielapjoma pas\u016bt\u012bjumiem par l\u0113t\u0101m cen\u0101m<\/strong>.<\/p>\n<p><strong>Pievienojiet Eimijas whatsapp, lai sa\u0146emtu pareizu atbildi un iztvaic\u0113t\u0101ja kuponu!<\/strong><\/p>\n<p><img fetchpriority=\"high\" decoding=\"async\" class=\"size-full wp-image-2932\" src=\"https:\/\/vapestornado.com\/wp-content\/uploads\/2024\/12\/Vape-Wholesale.jpg\" alt=\"Veipu Vairumtirdzniec\u012bba\" width=\"229\" height=\"300\" \/><\/p>\n<h3><a href=\"https:\/\/wa.me\/8617776015835\"><span style=\"color: #ff0000;\"><strong>WhatsApp: +86 17776015835<\/strong><\/span><\/a><\/h3>\n<p>&nbsp;<\/p>","protected":false},"featured_media":3307,"comment_status":"open","ping_status":"closed","template":"","meta":{"_acf_changed":false,"_uag_custom_page_level_css":"","_lmt_disableupdate":"no","_lmt_disable":"","_monsterinsights_skip_tracking":false,"_monsterinsights_sitenote_active":false,"_monsterinsights_sitenote_note":"","_monsterinsights_sitenote_category":0,"site-sidebar-layout":"default","site-content-layout":"","ast-site-content-layout":"default","site-content-style":"default","site-sidebar-style":"default","ast-global-header-display":"","ast-banner-title-visibility":"","ast-main-header-display":"","ast-hfb-above-header-display":"","ast-hfb-below-header-display":"","ast-hfb-mobile-header-display":"","site-post-title":"","ast-breadcrumbs-content":"","ast-featured-img":"","footer-sml-layout":"","ast-disable-related-posts":"","theme-transparent-header-meta":"default","adv-header-id-meta":"","stick-header-meta":"","header-above-stick-meta":"","header-main-stick-meta":"","header-below-stick-meta":"","astra-migrate-meta-layouts":"set","ast-page-background-enabled":"default","ast-page-background-meta":{"desktop":{"background-color":"","background-image":"","background-repeat":"repeat","background-position":"center center","background-size":"auto","background-attachment":"scroll","background-type":"","background-media":"","overlay-type":"","overlay-color":"","overlay-opacity":"","overlay-gradient":""},"tablet":{"background-color":"","background-image":"","background-repeat":"repeat","background-position":"center center","background-size":"auto","background-attachment":"scroll","background-type":"","background-media":"","overlay-type":"","overlay-color":"","overlay-opacity":"","overlay-gradient":""},"mobile":{"background-color":"","background-image":"","background-repeat":"repeat","background-position":"center center","background-size":"auto","background-attachment":"scroll","background-type":"","background-media":"","overlay-type":"","overlay-color":"","overlay-opacity":"","overlay-gradient":""}},"ast-content-background-meta":{"desktop":{"background-color":"var(--ast-global-color-5)","background-image":"","background-repeat":"repeat","background-position":"center center","background-size":"auto","background-attachment":"scroll","background-type":"","background-media":"","overlay-type":"","overlay-color":"","overlay-opacity":"","overlay-gradient":""},"tablet":{"background-color":"var(--ast-global-color-5)","background-image":"","background-repeat":"repeat","background-position":"center center","background-size":"auto","background-attachment":"scroll","background-type":"","background-media":"","overlay-type":"","overlay-color":"","overlay-opacity":"","overlay-gradient":""},"mobile":{"background-color":"var(--ast-global-color-5)","background-image":"","background-repeat":"repeat","background-position":"center center","background-size":"auto","background-attachment":"scroll","background-type":"","background-media":"","overlay-type":"","overlay-color":"","overlay-opacity":"","overlay-gradient":""}},"_joinchat":{"telephone":"+8617776015835"}},"product_brand":[],"product_cat":[140,230,193,149,158,144,146],"product_tag":[194,165,91,195,97,166,189,191,94],"class_list":{"0":"post-3338","1":"product","2":"type-product","3":"status-publish","4":"has-post-thumbnail","6":"product_cat-big-puffs-disposable-vapes","7":"product_cat-46000-puff","8":"product_cat-bood-disposable-vapes","9":"product_cat-buy-disposable-vapes-in-austria","10":"product_cat-buy-disposable-vapes-in-spain","11":"product_cat-low-nicotine-disposable-vapes","12":"product_cat-rechargeable-disposable-vapes","13":"product_tag-bood-twins-46000","14":"product_tag-cheap-vapes","15":"product_tag-double-flavour","16":"product_tag-dual-flavor-disposable-vape","17":"product_tag-hot-sale-disposable-vape","18":"product_tag-low-nicotine-vape","19":"product_tag-puff-50k","20":"product_tag-pulse-disposable-vape","21":"product_tag-rechargeable-disposable-vape","22":"desktop-align-left","23":"tablet-align-left","24":"mobile-align-left","26":"first","27":"instock","28":"sale","29":"shipping-taxable","30":"purchasable","31":"product-type-simple"},"acf":[],"uagb_featured_image_src":{"full":["https:\/\/vapestornado.com\/wp-content\/uploads\/2024\/12\/Bood-Twins-46000-Disposable-Vape-Wholesale.jpg",1126,1126,false],"thumbnail":["https:\/\/vapestornado.com\/wp-content\/uploads\/2024\/12\/Bood-Twins-46000-Disposable-Vape-Wholesale-150x150.jpg",150,150,true],"medium":["https:\/\/vapestornado.com\/wp-content\/uploads\/2024\/12\/Bood-Twins-46000-Disposable-Vape-Wholesale-300x300.jpg",300,300,true],"medium_large":["https:\/\/vapestornado.com\/wp-content\/uploads\/2024\/12\/Bood-Twins-46000-Disposable-Vape-Wholesale-768x768.jpg",768,768,true],"large":["https:\/\/vapestornado.com\/wp-content\/uploads\/2024\/12\/Bood-Twins-46000-Disposable-Vape-Wholesale-1024x1024.jpg",1024,1024,true],"1536x1536":["https:\/\/vapestornado.com\/wp-content\/uploads\/2024\/12\/Bood-Twins-46000-Disposable-Vape-Wholesale.jpg",1126,1126,false],"2048x2048":["https:\/\/vapestornado.com\/wp-content\/uploads\/2024\/12\/Bood-Twins-46000-Disposable-Vape-Wholesale.jpg",1126,1126,false],"trp-custom-language-flag":["https:\/\/vapestornado.com\/wp-content\/uploads\/2024\/12\/Bood-Twins-46000-Disposable-Vape-Wholesale.jpg",12,12,false],"woocommerce_thumbnail":["https:\/\/vapestornado.com\/wp-content\/uploads\/2024\/12\/Bood-Twins-46000-Disposable-Vape-Wholesale-300x300.jpg",300,300,true],"woocommerce_single":["https:\/\/vapestornado.com\/wp-content\/uploads\/2024\/12\/Bood-Twins-46000-Disposable-Vape-Wholesale-600x600.jpg",600,600,true],"woocommerce_gallery_thumbnail":["https:\/\/vapestornado.com\/wp-content\/uploads\/2024\/12\/Bood-Twins-46000-Disposable-Vape-Wholesale-100x100.jpg",100,100,true]},"uagb_author_info":{"display_name":"ESAMY","author_link":"https:\/\/vapestornado.com\/lv\/author\/"},"uagb_comment_info":0,"uagb_excerpt":"Bood Twins 46000 Puff double-flavour disposable vape with 30ml pre-filled e-liquid, dual-flavour switching, smart LED screen, and 650mAh Type-C rechargeable battery. Up to 46,000 puffs with 0%, 2%, or 5% nicotine for long, controlled, flavour-varied use. wholesale bulk orders at cheap prices. Add Amy's whatsapp get right reply and vape coupon! WhatsApp: +86 17776015835 &nbsp;","_links":{"self":[{"href":"https:\/\/vapestornado.com\/lv\/wp-json\/wp\/v2\/product\/3338","targetHints":{"allow":["GET"]}}],"collection":[{"href":"https:\/\/vapestornado.com\/lv\/wp-json\/wp\/v2\/product"}],"about":[{"href":"https:\/\/vapestornado.com\/lv\/wp-json\/wp\/v2\/types\/product"}],"replies":[{"embeddable":true,"href":"https:\/\/vapestornado.com\/lv\/wp-json\/wp\/v2\/comments?post=3338"}],"wp:featuredmedia":[{"embeddable":true,"href":"https:\/\/vapestornado.com\/lv\/wp-json\/wp\/v2\/media\/3307"}],"wp:attachment":[{"href":"https:\/\/vapestornado.com\/lv\/wp-json\/wp\/v2\/media?parent=3338"}],"wp:term":[{"taxonomy":"product_brand","embeddable":true,"href":"https:\/\/vapestornado.com\/lv\/wp-json\/wp\/v2\/product_brand?post=3338"},{"taxonomy":"product_cat","embeddable":true,"href":"https:\/\/vapestornado.com\/lv\/wp-json\/wp\/v2\/product_cat?post=3338"},{"taxonomy":"product_tag","embeddable":true,"href":"https:\/\/vapestornado.com\/lv\/wp-json\/wp\/v2\/product_tag?post=3338"}],"curies":[{"name":"wp","href":"https:\/\/api.w.org\/{rel}","templated":true}]}}