{"id":3320,"date":"2024-12-23T09:06:12","date_gmt":"2024-12-23T09:06:12","guid":{"rendered":"https:\/\/vapestornado.com\/?post_type=product&#038;p=3320"},"modified":"2025-08-23T12:20:34","modified_gmt":"2025-08-23T12:20:34","slug":"bang-box-35k-puffs-high-capacity-long-lasting-disposable-vape","status":"publish","type":"product","link":"https:\/\/vapestornado.com\/lv\/product\/bang-box-35k-puffs-high-capacity-long-lasting-disposable-vape\/","title":{"rendered":"Bang Box 35k Dvesmas Lielas Ietilp\u012bbas Ilgsto\u0161a Vienreizlietojama Tvaic\u0113t\u0101js"},"content":{"rendered":"<h1>Bang Box 35k Dvesmas Lielas Ietilp\u012bbas Ilgsto\u0161a Vienreizlietojama Tvaic\u0113t\u0101js<\/h1>\n<p>&nbsp;<\/p>\n<div role=\"article\" data-tabster=\"{&quot;groupper&quot;:{&quot;tabbability&quot;:2},&quot;focusable&quot;:{}}\" data-content=\"ai-message\" aria-labelledby=\"64JRvXrTnY7mRmPkEQLLT-author 64JRvXrTnY7mRmPkEQLLT-content\">\n<div id=\"64JRvXrTnY7mRmPkEQLLT-content\">\n<p>Bang Box 35k Puffs no jauna defin\u0113 \u0113rt\u012bbas un veiktsp\u0113ju vienreizlietojamo tvaic\u0113t\u0101ju pasaul\u0113. \u0160\u012b ier\u012bce, kas paredz\u0113ta lietot\u0101jiem, kuri mekl\u0113 ilgsto\u0161u jaudu un bag\u0101t\u012bgu gar\u0161u, nodro\u0161ina <strong>vair\u0101k nek\u0101 35 000 uzp\u016btienu<\/strong> no t\u0101s modern\u0101 apr\u012bkojuma. Ar <strong>23 ml iepriek\u0161 iepild\u012btu e-\u0161\u0137idruma kasetni<\/strong> un <strong>regul\u0113jamu gaisa pl\u016bsmu<\/strong>, ier\u012bce ir piem\u0113rota gan MTL, gan DTL tvaic\u0113\u0161anas stiliem, nodro\u0161inot piel\u0101gotu pieredzi katram lietot\u0101jam. T\u0101 <strong>dubult\u0101 sild\u012b\u0161anas stieples sieta kodols (0.8\u03a9)<\/strong> darbojas ar izejas diapazonu <strong>15W-25W<\/strong>, nodro\u0161inot konsekventu tvaiku ra\u017eo\u0161anu un vienm\u0113r\u012bgu gar\u0161u ar katru uzp\u016btienu. Darbojas ar <strong>112040-950mAh t\u012bra kobalta akumulatoru<\/strong> ar <strong>5A izl\u0101des \u0101trumu<\/strong>, tas nodro\u0161ina uzticamu, ilgsto\u0161u veiktsp\u0113ju. Iztur\u012bgais akumulators nodro\u0161ina ilg\u0101ku lieto\u0161anu un \u0101tru uzl\u0101di, izmantojot t\u0101 Type-C portu.<\/p>\n<p>Apvienojot progres\u012bvas funkcijas ar gludu dizainu, Bang Box 35000 uzp\u016btienu tvaic\u0113t\u0101ji ir lieliski piem\u0113roti lieto\u0161anai visu dienu, neatkar\u012bgi no t\u0101, vai atp\u016b\u0161aties m\u0101j\u0101s vai atrodaties ce\u013c\u0101. Kompakts, jaud\u012bgs un daudzpus\u012bgs, t\u0101 ir lab\u0101k\u0101 izv\u0113le tvaic\u0113\u0161anas entuziastiem.<\/p>\n<figure id=\"attachment_3482\" aria-describedby=\"caption-attachment-3482\" style=\"width: 742px\" class=\"wp-caption alignnone\"><img fetchpriority=\"high\" decoding=\"async\" class=\"wp-image-3482\" src=\"https:\/\/vapestornado.com\/wp-content\/uploads\/2024\/12\/Bang-Box-35000-puffs-Top-Sale-Vapes-1024x697.jpg\" alt=\"Bang Box 35000 uzp\u016btienu Vado\u0161ais Tvaic\u0113t\u0101js\" width=\"742\" height=\"505\" srcset=\"https:\/\/vapestornado.com\/wp-content\/uploads\/2024\/12\/Bang-Box-35000-puffs-Top-Sale-Vapes-1024x697.jpg 1024w, https:\/\/vapestornado.com\/wp-content\/uploads\/2024\/12\/Bang-Box-35000-puffs-Top-Sale-Vapes-300x204.jpg 300w, https:\/\/vapestornado.com\/wp-content\/uploads\/2024\/12\/Bang-Box-35000-puffs-Top-Sale-Vapes-768x523.jpg 768w, https:\/\/vapestornado.com\/wp-content\/uploads\/2024\/12\/Bang-Box-35000-puffs-Top-Sale-Vapes-600x408.jpg 600w, https:\/\/vapestornado.com\/wp-content\/uploads\/2024\/12\/Bang-Box-35000-puffs-Top-Sale-Vapes.jpg 1500w\" sizes=\"(max-width: 742px) 100vw, 742px\" \/><figcaption id=\"caption-attachment-3482\" class=\"wp-caption-text\">Bang Box 35000 uzp\u016btienu Vado\u0161ais Tvaic\u0113t\u0101js<\/figcaption><\/figure>\n<\/div>\n<\/div>\n<p><img decoding=\"async\" class=\"alignleft wp-image-2951 size-medium\" src=\"https:\/\/vapestornado.com\/wp-content\/uploads\/2024\/12\/Wholesale-Disposable-Vape-265x300.jpg\" alt=\"Vienreiz\u0113j\u0101s lieto\u0161anas Vape vairumtirdzniec\u012bba\" width=\"265\" height=\"300\" srcset=\"https:\/\/vapestornado.com\/wp-content\/uploads\/2024\/12\/Wholesale-Disposable-Vape-265x300.jpg 265w, https:\/\/vapestornado.com\/wp-content\/uploads\/2024\/12\/Wholesale-Disposable-Vape-768x871.jpg 768w, https:\/\/vapestornado.com\/wp-content\/uploads\/2024\/12\/Wholesale-Disposable-Vape-600x680.jpg 600w, https:\/\/vapestornado.com\/wp-content\/uploads\/2024\/12\/Wholesale-Disposable-Vape.jpg 823w\" sizes=\"(max-width: 265px) 100vw, 265px\" \/><\/p>\n<h6>L\u016bdzu, sazinieties ar Mandiju WhatsApp, lai sa\u0146emtu atlaides cenu<a href=\"https:\/\/wa.me\/8618077105796\" target=\"_blank\" rel=\"noopener\">+8618077105796<\/a><\/h6>\n<div class=\"flex max-w-full flex-col flex-grow\">\n<div class=\"min-h-8 text-message flex w-full flex-col items-end gap-2 whitespace-normal break-words text-start [.text-message+&amp;]:mt-5\" dir=\"auto\" data-message-author-role=\"assistant\" data-message-id=\"cdb991c0-f594-4bff-b2d5-fbbdd7ce9e54\" data-message-model-slug=\"gpt-4o-mini\">\n<div class=\"flex w-full flex-col gap-1 empty:hidden first:pt-[3px]\">\n<div class=\"markdown prose w-full break-words dark:prose-invert light\">\n<h2>bang vape 35k Puffs Specifik\u0101cijas<\/h2>\n<ul>\n<li><strong>D\u016bmu daudzums<\/strong>: 35,000+<\/li>\n<li><strong>E-\u0161\u0137idrums<\/strong>: 23 ml iepriek\u0161 iepild\u012bta kasetne<\/li>\n<li><strong>Nikot\u012bns<\/strong>: 0%, 2%, 3%, 5% opcijas<\/li>\n<li><strong>Akumulators<\/strong>: 950mAh, Type-C uzl\u0101d\u0113jams<\/li>\n<li><strong>Spoles<\/strong>: <strong>dubult\u0101 sild\u012b\u0161anas stieples sieta kodols (0.8\u03a9)<\/strong><\/li>\n<li><strong>Ekr\u0101ni<\/strong>: Divi ar sk\u0101rienvad\u012bbu<\/li>\n<li><strong>Re\u017e\u012bmi<\/strong>: 3 gaisa pl\u016bsmas re\u017e\u012bmi, 2 jaudas p\u0101rsl\u0113g\u0161anas re\u017e\u012bmi<\/li>\n<li><strong>Funkcijas<\/strong>: Regul\u0113jama gaisa pl\u016bsma, kompakts un lietot\u0101jam draudz\u012bgs<\/li>\n<\/ul>\n<\/div>\n<\/div>\n<\/div>\n<\/div>\n<div class=\"mb-2 flex gap-3 empty:hidden -ml-2\">\n<h2 class=\"items-center justify-start rounded-xl p-1 flex\"><\/h2>\n<\/div>\n<h2>Bang Box 35k Puffs Gar\u0161u saraksts ar lab\u0101kajiem lielas ietilp\u012bbas vienreizlietojamiem veipiem:<\/h2>\n<p>1.ZEME\u0145U KIVI<br \/>\n2.ZIL\u0100 AVE\u0145U LEDUS<br \/>\n3.ZEME\u0145U ARB\u016aZS<br \/>\n4.PASSIJAS AUG\u013bI<br \/>\n5. CITRONU KOLAS SODA<br \/>\n6. ARBUZU LEDUS<br \/>\n7. ARBUZU BUBULU GUMA<br \/>\n8. KIVI MARAKUJA GVAJVA<br \/>\n9. MELLE\u0145U LEDUS<br \/>\n10. ARBUZS \u0136IRSIS<br \/>\n11. RED BULL<br \/>\n12. M\u0112TRA GREIPFR\u016aTS<\/p>\n<div role=\"article\" data-tabster=\"{&quot;groupper&quot;:{&quot;tabbability&quot;:2},&quot;focusable&quot;:{}}\" data-content=\"ai-message\" aria-labelledby=\"dARUyEWDoEYhnSPXFwx5A-author dARUyEWDoEYhnSPXFwx5A-content\">\n<div id=\"dARUyEWDoEYhnSPXFwx5A-content\">\n<h3>K\u0101p\u0113c izv\u0113l\u0113ties Bang Box 35000 Puff veipu <a href=\"https:\/\/vapestornado.com\/lv\/store\/\">vapestornado.com<\/a>?<\/h3>\n<ul>\n<li><strong>Nep\u0101rsp\u0113jama ietilp\u012bba<\/strong>: Izbaudiet <strong>vair\u0101k nek\u0101 35 000 uzp\u016btienu<\/strong> ar d\u0101snu <strong>23ml e-\u0161\u0137idrumu<\/strong> un <strong>regul\u0113jamu gaisa pl\u016bsmu<\/strong> lai ieg\u016btu piel\u0101gotu veipo\u0161anas pieredzi.<\/li>\n<li><strong>Uzlabota tehnolo\u0123ija<\/strong>: Darbojas ar <strong>950mAh t\u012bra kobalta akumulators<\/strong> ar <strong>5A izl\u0101de<\/strong> un <strong>divk\u0101r\u0161s sieta kodols (0.8\u03a9)<\/strong> nodro\u0161inot <strong>15W-25W<\/strong> izejas jaudu.<\/li>\n<li><strong>Lietot\u0101jam draudz\u012bgs<\/strong>: Kompakts, elegants dizains ar Type-C \u0101tru uzl\u0101di maksim\u0101l\u0101m \u0113rt\u012bb\u0101m.<\/li>\n<li><strong>vapestornado.com Priek\u0161roc\u012bbas<\/strong>: Autentiski produkti, konkur\u0113tsp\u0113j\u012bgas cenas un \u0101tra pieg\u0101de vis\u0101 Eirop\u0101.<\/li>\n<\/ul>\n<\/div>\n<\/div>\n<h3>Bie\u017e\u0101k uzdotie jaut\u0101jumi par Bang Box ilgnotur\u012bgo tvaic\u0113t\u0101ju ar 35000 dvesm\u0101m<\/h3>\n<p><strong>J: Cik ilgi kalpo Bang Box 35 000 dvesmu tvaic\u0113t\u0101js?<\/strong><br \/>\nA: Tas nodro\u0161ina <strong>35 000 dvesmu<\/strong>\u00a0ar iztur\u012bgu <strong>950mAh t\u012bra kobalta akumulators<\/strong>, nodro\u0161inot ilgsto\u0161u lieto\u0161anu.<\/p>\n<p><strong>J: Vai gaisa pl\u016bsma ir regul\u0113jama?<\/strong><br \/>\nA: J\u0101, tam ir <strong>regul\u0113jamu gaisa pl\u016bsmu<\/strong>, piem\u0113rots gan MTL, gan DTL vap\u0113\u0161anas stiliem.<\/p>\n<p><strong>J: Ar ko vairumtirdzniec\u012bbas Bang Box 35k p\u016btienu vape ir unik\u0101ls?<\/strong><br \/>\nA: Tas ir apr\u012bkots ar <strong>dubultu sieta sild\u012b\u0161anas vadu (0.8\u03a9)<\/strong>, pied\u0101v\u0101 <strong>15W-25W jaudu<\/strong>, un apvieno elegantu dizainu ar inovat\u012bvu tehnolo\u0123iju, lai nodro\u0161in\u0101tu izcilu veiktsp\u0113ju.<\/p>\n<p><strong>J: Kur es varu ieg\u0101d\u0101ties uzl\u0101d\u0113jamo Bang Box 35000 p\u016btienu vape?<\/strong><br \/>\nA: Tas ir pieejams vietn\u0113 <strong>vapestornado.com<\/strong>, pied\u0101v\u0101jot autentiskus produktus, lieliskas cenas un \u0101tru Eiropas pieg\u0101di.<\/p>","protected":false},"excerpt":{"rendered":"<p>Bang Box 35000 Puffs pied\u0101v\u0101 lielu ietilp\u012bbu, ilgsto\u0161u tvaic\u0113\u0161anu ar 35 000 uzp\u016btieniem, augst\u0101k\u0101s kvalit\u0101tes gar\u0161\u0101m un gludu, p\u0101rn\u0113s\u0101jamu dizainu, lai nodro\u0161in\u0101tu izcilu tvaic\u0113\u0161anas pieredzi.<\/p>\n<figure id=\"attachment_2951\" aria-describedby=\"caption-attachment-2951\" style=\"width: 265px\" class=\"wp-caption alignnone\"><img decoding=\"async\" class=\"size-medium wp-image-2951\" src=\"https:\/\/vapestornado.com\/wp-content\/uploads\/2024\/12\/Wholesale-Disposable-Vape-265x300.jpg\" alt=\"Vienreiz\u0113j\u0101s lieto\u0161anas Vape vairumtirdzniec\u012bba\" width=\"265\" height=\"300\" srcset=\"https:\/\/vapestornado.com\/wp-content\/uploads\/2024\/12\/Wholesale-Disposable-Vape-265x300.jpg 265w, https:\/\/vapestornado.com\/wp-content\/uploads\/2024\/12\/Wholesale-Disposable-Vape-768x871.jpg 768w, https:\/\/vapestornado.com\/wp-content\/uploads\/2024\/12\/Wholesale-Disposable-Vape-600x680.jpg 600w, https:\/\/vapestornado.com\/wp-content\/uploads\/2024\/12\/Wholesale-Disposable-Vape.jpg 823w\" sizes=\"(max-width: 265px) 100vw, 265px\" \/><figcaption id=\"caption-attachment-2951\" class=\"wp-caption-text\">L\u016bdzu, sazinieties ar Mandiju WhatsApp, lai sa\u0146emtu atlaides cenu\u00a0 <a href=\"https:\/\/wa.me\/8618077105796\">+8618077105796<\/a><\/figcaption><\/figure>\n<p>&nbsp;<\/p>","protected":false},"featured_media":3480,"comment_status":"open","ping_status":"closed","template":"","meta":{"_acf_changed":false,"_uag_custom_page_level_css":"","_lmt_disableupdate":"no","_lmt_disable":"","_monsterinsights_skip_tracking":false,"_monsterinsights_sitenote_active":false,"_monsterinsights_sitenote_note":"","_monsterinsights_sitenote_category":0,"site-sidebar-layout":"default","site-content-layout":"","ast-site-content-layout":"default","site-content-style":"default","site-sidebar-style":"default","ast-global-header-display":"","ast-banner-title-visibility":"","ast-main-header-display":"","ast-hfb-above-header-display":"","ast-hfb-below-header-display":"","ast-hfb-mobile-header-display":"","site-post-title":"","ast-breadcrumbs-content":"","ast-featured-img":"","footer-sml-layout":"","ast-disable-related-posts":"","theme-transparent-header-meta":"default","adv-header-id-meta":"","stick-header-meta":"","header-above-stick-meta":"","header-main-stick-meta":"","header-below-stick-meta":"","astra-migrate-meta-layouts":"set","ast-page-background-enabled":"default","ast-page-background-meta":{"desktop":{"background-color":"","background-image":"","background-repeat":"repeat","background-position":"center center","background-size":"auto","background-attachment":"scroll","background-type":"","background-media":"","overlay-type":"","overlay-color":"","overlay-opacity":"","overlay-gradient":""},"tablet":{"background-color":"","background-image":"","background-repeat":"repeat","background-position":"center center","background-size":"auto","background-attachment":"scroll","background-type":"","background-media":"","overlay-type":"","overlay-color":"","overlay-opacity":"","overlay-gradient":""},"mobile":{"background-color":"","background-image":"","background-repeat":"repeat","background-position":"center center","background-size":"auto","background-attachment":"scroll","background-type":"","background-media":"","overlay-type":"","overlay-color":"","overlay-opacity":"","overlay-gradient":""}},"ast-content-background-meta":{"desktop":{"background-color":"var(--ast-global-color-5)","background-image":"","background-repeat":"repeat","background-position":"center center","background-size":"auto","background-attachment":"scroll","background-type":"","background-media":"","overlay-type":"","overlay-color":"","overlay-opacity":"","overlay-gradient":""},"tablet":{"background-color":"var(--ast-global-color-5)","background-image":"","background-repeat":"repeat","background-position":"center center","background-size":"auto","background-attachment":"scroll","background-type":"","background-media":"","overlay-type":"","overlay-color":"","overlay-opacity":"","overlay-gradient":""},"mobile":{"background-color":"var(--ast-global-color-5)","background-image":"","background-repeat":"repeat","background-position":"center center","background-size":"auto","background-attachment":"scroll","background-type":"","background-media":"","overlay-type":"","overlay-color":"","overlay-opacity":"","overlay-gradient":""}},"_joinchat":{"telephone":"+8618077105796"}},"product_brand":[],"product_cat":[175,64,150,158],"product_tag":[179,97],"class_list":{"0":"post-3320","1":"product","2":"type-product","3":"status-publish","4":"has-post-thumbnail","6":"product_cat-35000-puff","7":"product_cat-bangbox-vape","8":"product_cat-buy-disposable-vapes-in-belgium","9":"product_cat-buy-disposable-vapes-in-spain","10":"product_tag-bang-box-35000","11":"product_tag-hot-sale-disposable-vape","12":"desktop-align-left","13":"tablet-align-left","14":"mobile-align-left","16":"first","17":"instock","18":"sale","19":"shipping-taxable","20":"purchasable","21":"product-type-simple"},"acf":[],"uagb_featured_image_src":{"full":["https:\/\/vapestornado.com\/wp-content\/uploads\/2024\/12\/Bang-Box-35k-puff-disposable-Vape-good-price.jpg",800,800,false],"thumbnail":["https:\/\/vapestornado.com\/wp-content\/uploads\/2024\/12\/Bang-Box-35k-puff-disposable-Vape-good-price-150x150.jpg",150,150,true],"medium":["https:\/\/vapestornado.com\/wp-content\/uploads\/2024\/12\/Bang-Box-35k-puff-disposable-Vape-good-price-300x300.jpg",300,300,true],"medium_large":["https:\/\/vapestornado.com\/wp-content\/uploads\/2024\/12\/Bang-Box-35k-puff-disposable-Vape-good-price-768x768.jpg",768,768,true],"large":["https:\/\/vapestornado.com\/wp-content\/uploads\/2024\/12\/Bang-Box-35k-puff-disposable-Vape-good-price.jpg",800,800,false],"1536x1536":["https:\/\/vapestornado.com\/wp-content\/uploads\/2024\/12\/Bang-Box-35k-puff-disposable-Vape-good-price.jpg",800,800,false],"2048x2048":["https:\/\/vapestornado.com\/wp-content\/uploads\/2024\/12\/Bang-Box-35k-puff-disposable-Vape-good-price.jpg",800,800,false],"trp-custom-language-flag":["https:\/\/vapestornado.com\/wp-content\/uploads\/2024\/12\/Bang-Box-35k-puff-disposable-Vape-good-price.jpg",12,12,false],"woocommerce_thumbnail":["https:\/\/vapestornado.com\/wp-content\/uploads\/2024\/12\/Bang-Box-35k-puff-disposable-Vape-good-price-300x300.jpg",300,300,true],"woocommerce_single":["https:\/\/vapestornado.com\/wp-content\/uploads\/2024\/12\/Bang-Box-35k-puff-disposable-Vape-good-price-600x600.jpg",600,600,true],"woocommerce_gallery_thumbnail":["https:\/\/vapestornado.com\/wp-content\/uploads\/2024\/12\/Bang-Box-35k-puff-disposable-Vape-good-price-100x100.jpg",100,100,true]},"uagb_author_info":{"display_name":"ESMANDY","author_link":"https:\/\/vapestornado.com\/lv\/author\/"},"uagb_comment_info":0,"uagb_excerpt":"Bang Box 35000 Puffs offers high-capacity, long-lasting vaping with 35,000 puffs, premium flavors, and a sleek, portable design for an exceptional vaping experience. [caption id=\"attachment_2951\" align=\"alignnone\" width=\"265\"] Pls Contact Mandy's WhatsApp For Discount Price\u00a0 +8618077105796[\/caption] &nbsp;","_links":{"self":[{"href":"https:\/\/vapestornado.com\/lv\/wp-json\/wp\/v2\/product\/3320","targetHints":{"allow":["GET"]}}],"collection":[{"href":"https:\/\/vapestornado.com\/lv\/wp-json\/wp\/v2\/product"}],"about":[{"href":"https:\/\/vapestornado.com\/lv\/wp-json\/wp\/v2\/types\/product"}],"replies":[{"embeddable":true,"href":"https:\/\/vapestornado.com\/lv\/wp-json\/wp\/v2\/comments?post=3320"}],"wp:featuredmedia":[{"embeddable":true,"href":"https:\/\/vapestornado.com\/lv\/wp-json\/wp\/v2\/media\/3480"}],"wp:attachment":[{"href":"https:\/\/vapestornado.com\/lv\/wp-json\/wp\/v2\/media?parent=3320"}],"wp:term":[{"taxonomy":"product_brand","embeddable":true,"href":"https:\/\/vapestornado.com\/lv\/wp-json\/wp\/v2\/product_brand?post=3320"},{"taxonomy":"product_cat","embeddable":true,"href":"https:\/\/vapestornado.com\/lv\/wp-json\/wp\/v2\/product_cat?post=3320"},{"taxonomy":"product_tag","embeddable":true,"href":"https:\/\/vapestornado.com\/lv\/wp-json\/wp\/v2\/product_tag?post=3320"}],"curies":[{"name":"wp","href":"https:\/\/api.w.org\/{rel}","templated":true}]}}