{"id":3303,"date":"2024-12-20T09:07:38","date_gmt":"2024-12-20T09:07:38","guid":{"rendered":"https:\/\/vapestornado.com\/?post_type=product&#038;p=3303"},"modified":"2025-08-23T12:21:46","modified_gmt":"2025-08-23T12:21:46","slug":"bood-infinity-30000-30k-puff-low-nicotine-disposable-vape-cheap-price","status":"publish","type":"product","link":"https:\/\/vapestornado.com\/lv\/product\/bood-infinity-30000-30k-puff-low-nicotine-disposable-vape-cheap-price\/","title":{"rendered":"Bood Infinity 30000 30k zemu nikot\u012bna vienreiz\u0113j\u0101s lieto\u0161anas vape l\u0113ta cena"},"content":{"rendered":"<h1 class=\"product-title\">Bood Infinity 30000 30k zemu nikot\u012bna vienreiz\u0113j\u0101s lieto\u0161anas vape l\u0113ta cena<\/h1>\n<p>T\u0101 <strong data-start=\"288\" data-end=\"333\">Bood Infinity 30000 Uzp\u016b\u0161amie d\u016bmi Vienreiz\u0113j\u0101s lieto\u0161anas vape<\/strong> ir paredz\u0113ts veipot\u0101jiem, kuri pieprasa ilgsto\u0161u darb\u012bbu par konkur\u0113tsp\u0113j\u012bgu vairumtirdzniec\u012bbas cenu. Nodro\u0161ina l\u012bdz pat <strong data-start=\"444\" data-end=\"467\">30 000 vienm\u0113r\u012bgu uzp\u016btienu<\/strong>, tas apvieno \u0113rt\u012bbas ar modern\u0101m funkcij\u0101m, padarot to par izcilu kategorij\u0101 <strong data-start=\"557\" data-end=\"590\">vienreiz\u0113j\u0101s lieto\u0161anas e-cigaret\u0113m ar zemu nikot\u012bna saturu<\/strong>.<\/p>\n<p>Darbojas ar <strong data-start=\"614\" data-end=\"645\">650mAh uzl\u0101d\u0113jams akumulators<\/strong> ar <strong data-start=\"651\" data-end=\"675\">C tipa \u0101tr\u0101 uzl\u0101de<\/strong>, \u0161\u012b ier\u012bce nodro\u0161ina uzticam\u012bbu ilgsto\u0161\u0101m sesij\u0101m. The <strong data-start=\"736\" data-end=\"757\">LED viedais displejs<\/strong> nodro\u0161ina re\u0101llaika atjaunin\u0101jumus par uzp\u016btienu skaitu un akumulatora st\u0101vokli, savuk\u0101rt <strong data-start=\"829\" data-end=\"858\">regul\u0113jama gaisa pl\u016bsmas sist\u0113ma<\/strong> \u013cauj lietot\u0101jiem piel\u0101got savu vilkmi \u2014 neatkar\u012bgi no t\u0101, vai vi\u0146i dod priek\u0161roku cie\u0161am tr\u0101p\u012bjumam vai vienm\u0113r\u012bg\u0101kai ieelpai.<\/p>\n<p>Iepriek\u0161 piepild\u012bts ar augstas kvalit\u0101tes e-\u0161\u0137idrumu, Bood Infinity 30K pied\u0101v\u0101 abus <strong data-start=\"1029\" data-end=\"1064\">2% un 5% nikot\u012bna s\u0101ls opcijas<\/strong>, kas paredz\u0113tas gan ikdienas, gan pieredz\u0113ju\u0161iem veipot\u0101jiem. T\u0101 kompaktais, stil\u012bgais dizains padara to \u0113rtu ce\u013co\u0161anai, savuk\u0101rt lielapjoma iepakojums nodro\u0161ina lielisku v\u0113rt\u012bbu mazumtirgot\u0101jiem un izplat\u012bt\u0101jiem vis\u0101 Eirop\u0101.<\/p>\n<p>Ide\u0101li piem\u0113rots tiem, kas mekl\u0113 <strong data-start=\"1295\" data-end=\"1334\">l\u0113tus vienreiz\u0113j\u0101s lieto\u0161anas veipus vairumtirdzniec\u012bb\u0101<\/strong>, Bood Infinity 30K l\u012bdzsvaro cenu, veiktsp\u0113ju un gar\u0161as daudzveid\u012bbu, padarot to par oblig\u0101tu jebkuram veipu invent\u0101ram.<\/p>\n<p>&nbsp;<\/p>\n<p><strong>Pievienojiet Eimijas Whatsapp, lai sa\u0146emtu pareizo atbildi un vape kuponu!<\/strong><\/p>\n<p><img fetchpriority=\"high\" decoding=\"async\" class=\"size-full wp-image-2932\" src=\"https:\/\/vapestornado.com\/wp-content\/uploads\/2024\/12\/Vape-Wholesale.jpg\" alt=\"Veipu Vairumtirdzniec\u012bba\" width=\"229\" height=\"300\" \/><\/p>\n<h3><a href=\"https:\/\/wa.me\/8617776015835\" target=\"_blank\" rel=\"noopener\"><span style=\"color: #ff0000;\"><strong>WhatsApp: +86 17776015835<\/strong><\/span><\/a><\/h3>\n<p>&nbsp;<\/p>\n<p><span style=\"font-size: 1.5em; font-weight: bold;\">Bood Infinity 30000 galven\u0101s produkta \u012bpa\u0161\u012bbas\u00a0<\/span><\/p>\n<div role=\"article\" data-tabster=\"{&quot;groupper&quot;:{&quot;tabbability&quot;:2},&quot;focusable&quot;:{}}\" data-content=\"ai-message\" aria-labelledby=\"juhNTJ6o7Gk1cgwZMJgv2-author juhNTJ6o7Gk1cgwZMJgv2-content\">\n<div id=\"juhNTJ6o7Gk1cgwZMJgv2-content\">\n<div role=\"article\" data-tabster=\"{&quot;groupper&quot;:{&quot;tabbability&quot;:2},&quot;focusable&quot;:{}}\" data-content=\"ai-message\" aria-labelledby=\"x4EZuCZWrTbh3weWUt7CU-author x4EZuCZWrTbh3weWUt7CU-content\">\n<div id=\"x4EZuCZWrTbh3weWUt7CU-content\">\n<ol start=\"1\">\n<li><strong>30000 uzp\u016btienu, nebeidzama apmierin\u0101t\u012bba<\/strong><\/li>\n<li><strong>650mAh uzl\u0101d\u0113jams akumulators<\/strong><\/li>\n<li><strong>LED viedais ekr\u0101na displejs<\/strong><\/li>\n<li><strong>Regul\u0113jama gaisa pl\u016bsma piel\u0101gotai tvaic\u0113\u0161anai<\/strong><\/li>\n<li><strong>Augsta kvalit\u0101te par zem\u0101m vairumtirdzniec\u012bbas cen\u0101m<\/strong><\/li>\n<\/ol>\n<\/div>\n<\/div>\n<\/div>\n<\/div>\n<h2 class=\"product-title\"><strong>Popul\u0101ra gar\u0161a Bood Infinity 30k uzp\u016btieniem<\/strong><\/h2>\n<p>1 ZEME\u0145U ARBUZS<strong><span style=\"color: #ff0000;\">&gt;&gt;&gt;&gt;&gt; Karsts!<\/span><\/strong><br \/>\n2 PERSIMONU MANGO ANAN\u0100SS<br \/>\n3 SUL\u012aGS LEDUS<br \/>\n4 OGAS SPR\u0100DZIENS<br \/>\n5 ZEME\u0145U KIVI<br \/>\n6 HAVAIJI<br \/>\n8 MELLE\u0145U LIMON\u0100DE<br \/>\n9 MELNAIS LEDUS<br \/>\n10 TIF\u0100NIJA <strong><span style=\"color: #ff0000;\">&gt;&gt;&gt;&gt; Lab\u0101kais!<\/span><\/strong><\/p>\n<p>&nbsp;<\/p>\n<figure id=\"attachment_3290\" aria-describedby=\"caption-attachment-3290\" style=\"width: 300px\" class=\"wp-caption alignnone\"><img decoding=\"async\" class=\"size-medium wp-image-3290\" src=\"https:\/\/vapestornado.com\/wp-content\/uploads\/2024\/12\/Bood-Infinity-30000-Puff-Disposable-Vape-Wholesale-300x300.jpg\" alt=\"Bood Infinity 30000 uzp\u016btienu vienreiz\u0113j\u0101s lieto\u0161anas vape vairumtirdzniec\u012bba\" width=\"300\" height=\"300\" srcset=\"https:\/\/vapestornado.com\/wp-content\/uploads\/2024\/12\/Bood-Infinity-30000-Puff-Disposable-Vape-Wholesale-300x300.jpg 300w, https:\/\/vapestornado.com\/wp-content\/uploads\/2024\/12\/Bood-Infinity-30000-Puff-Disposable-Vape-Wholesale-150x150.jpg 150w, https:\/\/vapestornado.com\/wp-content\/uploads\/2024\/12\/Bood-Infinity-30000-Puff-Disposable-Vape-Wholesale-768x768.jpg 768w, https:\/\/vapestornado.com\/wp-content\/uploads\/2024\/12\/Bood-Infinity-30000-Puff-Disposable-Vape-Wholesale-600x600.jpg 600w, https:\/\/vapestornado.com\/wp-content\/uploads\/2024\/12\/Bood-Infinity-30000-Puff-Disposable-Vape-Wholesale-100x100.jpg 100w, https:\/\/vapestornado.com\/wp-content\/uploads\/2024\/12\/Bood-Infinity-30000-Puff-Disposable-Vape-Wholesale.jpg 800w\" sizes=\"(max-width: 300px) 100vw, 300px\" \/><figcaption id=\"caption-attachment-3290\" class=\"wp-caption-text\">Bood Infinity 30000 uzp\u016btienu vienreiz\u0113j\u0101s lieto\u0161anas vape vairumtirdzniec\u012bba<\/figcaption><\/figure>\n<h3>K\u0101p\u0113c izv\u0113l\u0113ties vapestornado Bood Infinity 30000 30k uzp\u016btienu vape vairumtirdzniec\u012bbai?<\/h3>\n<div class=\"flex-shrink-0 flex flex-col relative items-end\">\n<div class=\"pt-0\">\n<div class=\"gizmo-bot-avatar flex h-8 w-8 items-center justify-center overflow-hidden rounded-full\">\n<div class=\"relative p-1 rounded-sm flex items-center justify-center bg-token-main-surface-primary text-token-text-primary h-8 w-8\">\n<p>Laipni l\u016bdzam vapestornado, j\u016bsu uzticamaj\u0101 tie\u0161saistes vape veikal\u0101, kur\u0101 var ieg\u0101d\u0101ties augst\u0101k\u0101s kvalit\u0101tes vienreiz\u0113j\u0101s lieto\u0161anas vapes. Ar vair\u0101k nek\u0101 5 gadu pieredzi m\u0113s pied\u0101v\u0101jam popul\u0101rus vienreiz\u0113j\u0101s lieto\u0161anas vape z\u012bmolus, piem\u0113ram, Fumot RandM Vape, <a href=\"https:\/\/vapestornado.com\/lv\/product\/vapme-crystal-7000-puffs-rechargeable-disposable-vape-wholesale-cheap-price\/\">Vapme<\/a>, Bang Vape, Waspe Vape un WGA Vape, u.c.<\/p>\n<p>M\u016bsu kl\u0101st\u0101 ir iek\u013cauti karstie izp\u0101rdo\u0161anas veipi, piem\u0113ram, <a href=\"https:\/\/vapestornado.com\/lv\/product\/fumot-randm-tornado-15000-puffs-rechargeable-disposable-vape-wholesale\/\">RandM Tornado 15000<\/a>, un bag\u0101t\u012bgas gar\u0161as izv\u0113les, piem\u0113ram, <a href=\"https:\/\/vapestornado.com\/lv\/product\/vapsolo-dg-18000-puffs-smart-screen-wholesale-disposable-cheap-vapes\/\">\u00a0Vapsolo DG18000 Puffs<\/a> . Katrs produkts ir izv\u0113l\u0113ts, koncentr\u0113joties uz kvalit\u0101ti, v\u0113rt\u012bbu un daudzveid\u012bbu, nodro\u0161inot, ka j\u016bs atrad\u012bsiet perfektu atbilst\u012bbu sav\u0101m vajadz\u012bb\u0101m. Atkl\u0101jiet izcilu servisu un pla\u0161u popul\u0101r\u0101ko produktu kl\u0101stu par vairumtirdzniec\u012bbas cen\u0101m vietn\u0113 vapestornado.<\/p>\n<\/div>\n<h3><\/h3>\n<div class=\"relative p-1 rounded-sm flex items-center justify-center bg-token-main-surface-primary text-token-text-primary h-8 w-8\">\n<h3>BUJ par Bood Infinity 30k vienreiz\u0113j\u0101s lieto\u0161anas vape<\/h3>\n<\/div>\n<\/div>\n<\/div>\n<\/div>\n<div class=\"flex-shrink-0 flex flex-col relative items-end\">\n<div class=\"pt-0\">\n<div class=\"gizmo-bot-avatar flex h-8 w-8 items-center justify-center overflow-hidden rounded-full\">\n<div class=\"relative p-1 rounded-sm flex items-center justify-center bg-token-main-surface-primary text-token-text-primary h-8 w-8\">\n<div class=\"mb-2 flex gap-3 empty:hidden -ml-2\">\n<div role=\"article\" data-tabster=\"{&quot;groupper&quot;:{&quot;tabbability&quot;:2},&quot;focusable&quot;:{}}\" data-content=\"ai-message\" aria-labelledby=\"Vdt5ez4X7Tg813x6rFVha-author Vdt5ez4X7Tg813x6rFVha-content\">\n<div id=\"Vdt5ez4X7Tg813x6rFVha-content\">\n<div role=\"article\" data-tabster=\"{&quot;groupper&quot;:{&quot;tabbability&quot;:2},&quot;focusable&quot;:{}}\" data-content=\"ai-message\" aria-labelledby=\"o968oC7CEo2fGHsGdsRYC-author o968oC7CEo2fGHsGdsRYC-content\">\n<div id=\"o968oC7CEo2fGHsGdsRYC-content\">\n<div class=\"flex max-w-full flex-col flex-grow\">\n<div class=\"min-h-8 text-message flex w-full flex-col items-end gap-2 whitespace-normal break-words text-start [.text-message+&amp;]:mt-5\" dir=\"auto\" data-message-author-role=\"assistant\" data-message-id=\"b080906d-586a-45a5-bbed-ade28bd7e809\" data-message-model-slug=\"gpt-4o\">\n<div class=\"flex w-full flex-col gap-1 empty:hidden first:pt-[3px]\">\n<div class=\"markdown prose w-full break-words dark:prose-invert light\">\n<h3><\/h3>\n<div role=\"article\" data-tabster=\"{&quot;groupper&quot;:{&quot;tabbability&quot;:2},&quot;focusable&quot;:{}}\" data-content=\"ai-message\" aria-labelledby=\"56SXh4AMWhyZudHYw72d2-author} 56SXh4AMWhyZudHYw72d2-content-0\">\n<div id=\"56SXh4AMWhyZudHYw72d2-content-0\">\n<ol start=\"1\">\n<li><strong>Cik daudz uzp\u016btienu pied\u0101v\u0101 Bood Infinity 30k?<\/strong> Bood Infinity 30000 pied\u0101v\u0101 l\u012bdz pat 30000 uzp\u016btieniem ilgsto\u0161ai baud\u012b\u0161anai.<\/li>\n<li><strong>K\u0101das funkcijas nodro\u0161ina LED viedais ekr\u0101ns?<\/strong> LED viedais ekr\u0101ns par\u0101da akumulatora l\u012bmeni un uzp\u016btienu skaitu, vienm\u0113r inform\u0113jot j\u016bs.<\/li>\n<li><strong>Vai Bood Infinity 30k ir uzl\u0101d\u0113jams?<\/strong> J\u0101, tam ir 650 mAh uzl\u0101d\u0113jams akumulators nep\u0101rtrauktai lieto\u0161anai.<\/li>\n<li><strong>K\u0101 es varu regul\u0113t gaisa pl\u016bsmu Bood 30000?<\/strong> Bood Infinity 30000 ir regul\u0113jama gaisa pl\u016bsmas sist\u0113ma, kas \u013cauj piel\u0101got j\u016bsu veipo\u0161anas pieredzi.<\/li>\n<li><strong>Kur es varu ieg\u0101d\u0101ties Bood Infinity 30k par vairumtirdzniec\u012bbas cenu?<\/strong> J\u016bs varat ieg\u0101d\u0101ties Bood Infinity 30000 par vairumtirdzniec\u012bbas cen\u0101m no <strong>vapestornado tie\u0161saistes vape veikalu<\/strong>.<\/li>\n<\/ol>\n<\/div>\n<\/div>\n<\/div>\n<\/div>\n<\/div>\n<\/div>\n<div class=\"mb-2 flex gap-3 empty:hidden -ml-2\">\n<div class=\"items-center justify-start rounded-xl p-1 flex\"><\/div>\n<\/div>\n<\/div>\n<\/div>\n<\/div>\n<\/div>\n<\/div>\n<\/div>\n<\/div>\n<\/div>\n<\/div>","protected":false},"excerpt":{"rendered":"<p>Bood Infinity 30000 Uzp\u016b\u0161amie d\u016bmi 2% 5% Zema nikot\u012bna vienreiz\u0113j\u0101s lieto\u0161anas vape vairumtirdzniec\u012bbas cena<br \/>\nBood Infinity 30000 Uzp\u016b\u0161amie d\u016bmi Uzl\u0101d\u0113jams vienreiz\u0113j\u0101s lieto\u0161anas vape vairumtirdzniec\u012bba<br \/>\nL\u0113ta r\u016bpn\u012bcas Bood Infinity 30000 Uzp\u016b\u0161amie d\u016bmi 2% 5% Zema nikot\u012bna vienreiz\u0113j\u0101s lieto\u0161anas vape<\/p>\n<p><strong>Pievienojiet Eimijas whatsapp, lai sa\u0146emtu pareizu atbildi un iztvaic\u0113t\u0101ja kuponu!<\/strong><\/p>\n<p><img fetchpriority=\"high\" decoding=\"async\" class=\"size-full wp-image-2932\" src=\"https:\/\/vapestornado.com\/wp-content\/uploads\/2024\/12\/Vape-Wholesale.jpg\" alt=\"Veipu Vairumtirdzniec\u012bba\" width=\"229\" height=\"300\" \/><\/p>\n<h3><a href=\"https:\/\/wa.me\/8617776015835\"><span style=\"color: #ff0000;\"><strong>WhatsApp: +86 17776015835<\/strong><\/span><\/a><\/h3>\n<p>&nbsp;<\/p>","protected":false},"featured_media":3292,"comment_status":"open","ping_status":"closed","template":"","meta":{"_acf_changed":false,"_uag_custom_page_level_css":"","_lmt_disableupdate":"no","_lmt_disable":"","_monsterinsights_skip_tracking":false,"_monsterinsights_sitenote_active":false,"_monsterinsights_sitenote_note":"","_monsterinsights_sitenote_category":0,"site-sidebar-layout":"default","site-content-layout":"","ast-site-content-layout":"default","site-content-style":"default","site-sidebar-style":"default","ast-global-header-display":"","ast-banner-title-visibility":"","ast-main-header-display":"","ast-hfb-above-header-display":"","ast-hfb-below-header-display":"","ast-hfb-mobile-header-display":"","site-post-title":"","ast-breadcrumbs-content":"","ast-featured-img":"","footer-sml-layout":"","ast-disable-related-posts":"","theme-transparent-header-meta":"default","adv-header-id-meta":"","stick-header-meta":"","header-above-stick-meta":"","header-main-stick-meta":"","header-below-stick-meta":"","astra-migrate-meta-layouts":"set","ast-page-background-enabled":"default","ast-page-background-meta":{"desktop":{"background-color":"","background-image":"","background-repeat":"repeat","background-position":"center center","background-size":"auto","background-attachment":"scroll","background-type":"","background-media":"","overlay-type":"","overlay-color":"","overlay-opacity":"","overlay-gradient":""},"tablet":{"background-color":"","background-image":"","background-repeat":"repeat","background-position":"center center","background-size":"auto","background-attachment":"scroll","background-type":"","background-media":"","overlay-type":"","overlay-color":"","overlay-opacity":"","overlay-gradient":""},"mobile":{"background-color":"","background-image":"","background-repeat":"repeat","background-position":"center center","background-size":"auto","background-attachment":"scroll","background-type":"","background-media":"","overlay-type":"","overlay-color":"","overlay-opacity":"","overlay-gradient":""}},"ast-content-background-meta":{"desktop":{"background-color":"var(--ast-global-color-5)","background-image":"","background-repeat":"repeat","background-position":"center center","background-size":"auto","background-attachment":"scroll","background-type":"","background-media":"","overlay-type":"","overlay-color":"","overlay-opacity":"","overlay-gradient":""},"tablet":{"background-color":"var(--ast-global-color-5)","background-image":"","background-repeat":"repeat","background-position":"center center","background-size":"auto","background-attachment":"scroll","background-type":"","background-media":"","overlay-type":"","overlay-color":"","overlay-opacity":"","overlay-gradient":""},"mobile":{"background-color":"var(--ast-global-color-5)","background-image":"","background-repeat":"repeat","background-position":"center center","background-size":"auto","background-attachment":"scroll","background-type":"","background-media":"","overlay-type":"","overlay-color":"","overlay-opacity":"","overlay-gradient":""}},"_joinchat":{"telephone":"+8617776015835"}},"product_brand":[],"product_cat":[140,67,193,152,157,160,143,144],"product_tag":[187,165,97,166,184,94],"class_list":{"0":"post-3303","1":"product","2":"type-product","3":"status-publish","4":"has-post-thumbnail","6":"product_cat-big-puffs-disposable-vapes","7":"product_cat-30000-puff","8":"product_cat-bood-disposable-vapes","9":"product_cat-buy-disposable-vapes-in-cermany","10":"product_cat-buy-disposable-vapes-in-portugal","11":"product_cat-buy-disposable-vapes-in-switzerland","12":"product_cat-dual-mesh-disposable-vapes","13":"product_cat-low-nicotine-disposable-vapes","14":"product_tag-bood-infinity-30000","15":"product_tag-cheap-vapes","16":"product_tag-hot-sale-disposable-vape","17":"product_tag-low-nicotine-vape","18":"product_tag-puff-35k","19":"product_tag-rechargeable-disposable-vape","20":"desktop-align-left","21":"tablet-align-left","22":"mobile-align-left","24":"first","25":"instock","26":"sale","27":"shipping-taxable","28":"purchasable","29":"product-type-simple"},"acf":[],"uagb_featured_image_src":{"full":["https:\/\/vapestornado.com\/wp-content\/uploads\/2024\/12\/Bood-Infinity-30000-Puff-Vape.jpg",800,800,false],"thumbnail":["https:\/\/vapestornado.com\/wp-content\/uploads\/2024\/12\/Bood-Infinity-30000-Puff-Vape-150x150.jpg",150,150,true],"medium":["https:\/\/vapestornado.com\/wp-content\/uploads\/2024\/12\/Bood-Infinity-30000-Puff-Vape-300x300.jpg",300,300,true],"medium_large":["https:\/\/vapestornado.com\/wp-content\/uploads\/2024\/12\/Bood-Infinity-30000-Puff-Vape-768x768.jpg",768,768,true],"large":["https:\/\/vapestornado.com\/wp-content\/uploads\/2024\/12\/Bood-Infinity-30000-Puff-Vape.jpg",800,800,false],"1536x1536":["https:\/\/vapestornado.com\/wp-content\/uploads\/2024\/12\/Bood-Infinity-30000-Puff-Vape.jpg",800,800,false],"2048x2048":["https:\/\/vapestornado.com\/wp-content\/uploads\/2024\/12\/Bood-Infinity-30000-Puff-Vape.jpg",800,800,false],"trp-custom-language-flag":["https:\/\/vapestornado.com\/wp-content\/uploads\/2024\/12\/Bood-Infinity-30000-Puff-Vape.jpg",12,12,false],"woocommerce_thumbnail":["https:\/\/vapestornado.com\/wp-content\/uploads\/2024\/12\/Bood-Infinity-30000-Puff-Vape-300x300.jpg",300,300,true],"woocommerce_single":["https:\/\/vapestornado.com\/wp-content\/uploads\/2024\/12\/Bood-Infinity-30000-Puff-Vape-600x600.jpg",600,600,true],"woocommerce_gallery_thumbnail":["https:\/\/vapestornado.com\/wp-content\/uploads\/2024\/12\/Bood-Infinity-30000-Puff-Vape-100x100.jpg",100,100,true]},"uagb_author_info":{"display_name":"ESAMY","author_link":"https:\/\/vapestornado.com\/lv\/author\/"},"uagb_comment_info":1,"uagb_excerpt":"Bood Infinity 30000 Puffs 2% 5% Low Nicotine Disposable Vape Bulk Buy Price Bood Infinity 30000 Puffs Rechargeable Disposable Vape Wholesale Cheap Factory Bood Infinity 30000 Puffs 2% 5% Low Nicotine Disposable Vape Add Amy's whatsapp get right reply and vape vape coupon! WhatsApp: +86 17776015835 &nbsp;","_links":{"self":[{"href":"https:\/\/vapestornado.com\/lv\/wp-json\/wp\/v2\/product\/3303","targetHints":{"allow":["GET"]}}],"collection":[{"href":"https:\/\/vapestornado.com\/lv\/wp-json\/wp\/v2\/product"}],"about":[{"href":"https:\/\/vapestornado.com\/lv\/wp-json\/wp\/v2\/types\/product"}],"replies":[{"embeddable":true,"href":"https:\/\/vapestornado.com\/lv\/wp-json\/wp\/v2\/comments?post=3303"}],"wp:featuredmedia":[{"embeddable":true,"href":"https:\/\/vapestornado.com\/lv\/wp-json\/wp\/v2\/media\/3292"}],"wp:attachment":[{"href":"https:\/\/vapestornado.com\/lv\/wp-json\/wp\/v2\/media?parent=3303"}],"wp:term":[{"taxonomy":"product_brand","embeddable":true,"href":"https:\/\/vapestornado.com\/lv\/wp-json\/wp\/v2\/product_brand?post=3303"},{"taxonomy":"product_cat","embeddable":true,"href":"https:\/\/vapestornado.com\/lv\/wp-json\/wp\/v2\/product_cat?post=3303"},{"taxonomy":"product_tag","embeddable":true,"href":"https:\/\/vapestornado.com\/lv\/wp-json\/wp\/v2\/product_tag?post=3303"}],"curies":[{"name":"wp","href":"https:\/\/api.w.org\/{rel}","templated":true}]}}