{"id":3302,"date":"2024-12-20T09:00:58","date_gmt":"2024-12-20T09:00:58","guid":{"rendered":"https:\/\/vapestornado.com\/?post_type=product&#038;p=3302"},"modified":"2025-08-23T10:40:53","modified_gmt":"2025-08-23T10:40:53","slug":"fumot-digital-box-12000-puffs-disposable-vape","status":"publish","type":"product","link":"https:\/\/vapestornado.com\/lv\/product\/fumot-digital-box-12000-puffs-disposable-vape\/","title":{"rendered":"Fumot Digital Box 12000 uzp\u016btienu vienreiz\u0113j\u0101s lieto\u0161anas veips"},"content":{"rendered":"<h1>Fumot Digital Box 12000 uzp\u016btienu vienreiz\u0113j\u0101s lieto\u0161anas veips<\/h1>\n<p data-start=\"283\" data-end=\"581\">T\u0101 <strong data-start=\"287\" data-end=\"336\">Fumot Digital Box 12000 uzp\u016btienu vienreiz\u0113j\u0101s lieto\u0161anas veips<\/strong> ir paredz\u0113ts mazumtirgot\u0101jiem un izplat\u012bt\u0101jiem, kuri mekl\u0113 uzticamu, ar funkcij\u0101m bag\u0101tu ier\u012bci. Ar l\u012bdz pat <strong data-start=\"437\" data-end=\"453\">12 000 uzp\u016b\u0161u<\/strong> vien\u012bb\u0101 un <strong data-start=\"469\" data-end=\"502\">20 ml iepriek\u0161 uzpild\u012btu e-\u0161\u0137idruma tvertni<\/strong>, tas pied\u0101v\u0101 lielisku v\u0113rt\u012bbu un ilgsto\u0161u lieto\u0161anu klientiem vis\u0101 Eirop\u0101.<\/p>\n<p data-start=\"583\" data-end=\"889\">Darbojas ar <strong data-start=\"596\" data-end=\"627\">550 mAh uzl\u0101d\u0113jams akumulators<\/strong> ar <strong data-start=\"633\" data-end=\"652\">C tipa uzl\u0101de<\/strong>, Fumot 12K nodro\u0161ina nemain\u012bgu jaudu un minim\u0101lu d\u012bkst\u0101vi. T\u0101 <strong data-start=\"720\" data-end=\"744\">acu spoles tehnolo\u0123ija<\/strong> nodro\u0161ina vienm\u0113r\u012bgu tvaiku un pilnu gar\u0161u, savuk\u0101rt <strong data-start=\"794\" data-end=\"823\">digit\u0101l\u0101 ekr\u0101na indikatori<\/strong> skaidri par\u0101da e-\u0161\u0137idruma un akumulatora l\u012bmeni papildu \u0113rt\u012bbai.<\/p>\n<p data-start=\"891\" data-end=\"1195\">Kompakta un stil\u012bga, \u0161\u012b ier\u012bce ir paredz\u0113ta gan ies\u0101c\u0113jiem, gan pieredz\u0113ju\u0161iem tvaic\u0113t\u0101jiem, kuri v\u0113las uzticamu veiktsp\u0113ju p\u0101rn\u0113s\u0101jam\u0101 form\u0101. Vairumtirgot\u0101jiem <strong data-start=\"1049\" data-end=\"1074\">Fumot Digit\u0101l\u0101 kaste 12K<\/strong> apvieno ietilp\u012bbu, modernu dizainu un <strong data-start=\"1113\" data-end=\"1146\">konkur\u0113tsp\u0113j\u012bgas vairumtirdzniec\u012bbas cenas<\/strong>, padarot to par izdev\u012bgu iesp\u0113ju vairumtirdzniec\u012bbai.<\/p>\n<p><img fetchpriority=\"high\" decoding=\"async\" class=\"alignnone size-full wp-image-3415\" src=\"https:\/\/vapestornado.com\/wp-content\/uploads\/2024\/12\/RandM-Fumot-Vape-Distributor-Best-Price.jpg\" alt=\"RandM Fumot Veipu izplat\u012bt\u0101js lab\u0101k\u0101 cena\" width=\"1684\" height=\"1080\" srcset=\"https:\/\/vapestornado.com\/wp-content\/uploads\/2024\/12\/RandM-Fumot-Vape-Distributor-Best-Price.jpg 1684w, https:\/\/vapestornado.com\/wp-content\/uploads\/2024\/12\/RandM-Fumot-Vape-Distributor-Best-Price-300x192.jpg 300w, https:\/\/vapestornado.com\/wp-content\/uploads\/2024\/12\/RandM-Fumot-Vape-Distributor-Best-Price-1024x657.jpg 1024w, https:\/\/vapestornado.com\/wp-content\/uploads\/2024\/12\/RandM-Fumot-Vape-Distributor-Best-Price-768x493.jpg 768w, https:\/\/vapestornado.com\/wp-content\/uploads\/2024\/12\/RandM-Fumot-Vape-Distributor-Best-Price-1536x985.jpg 1536w, https:\/\/vapestornado.com\/wp-content\/uploads\/2024\/12\/RandM-Fumot-Vape-Distributor-Best-Price-600x385.jpg 600w\" sizes=\"(max-width: 1684px) 100vw, 1684px\" \/><\/p>\n<h3><strong>Produkta \u012bpa\u0161\u012bbas:<\/strong><\/h3>\n<ul>\n<li><strong>12000 dvesmu ietilp\u012bba<\/strong>: Ilgsto\u0161a veiktsp\u0113ja dien\u0101m tvaic\u0113\u0161anai bez uzpild\u012b\u0161anas.<\/li>\n<li><strong>20 ml e-\u0161\u0137idrums<\/strong>: Iepriek\u0161 iepild\u012bts j\u016bsu \u0113rt\u012bbai un ide\u0101lai gar\u0161ai.<\/li>\n<li><strong>Acs spoles tehnolo\u0123ija<\/strong>: Vienm\u0113r\u012bga tvaiku veido\u0161ana un intens\u012bva gar\u0161a.<\/li>\n<li><strong>550mAh Uzl\u0101d\u0113jams Akumulators<\/strong>: Atbalsta ilgsto\u0161u lieto\u0161anu ar uzticamu jaudu.<\/li>\n<li><strong>E-\u0161\u0137idrums<\/strong>: Esiet inform\u0113ts par sava tvaic\u0113t\u0101ja statusu bez piep\u016bles.<\/li>\n<\/ul>\n<p><img decoding=\"async\" class=\"alignnone size-full wp-image-3413\" src=\"https:\/\/vapestornado.com\/wp-content\/uploads\/2024\/12\/Mesh-Coil-12000-Puffs-Disposable-Vape.png\" alt=\"T\u012bkla spole 12000 d\u016bmu vienreizlietojamais veips\" width=\"1033\" height=\"592\" srcset=\"https:\/\/vapestornado.com\/wp-content\/uploads\/2024\/12\/Mesh-Coil-12000-Puffs-Disposable-Vape.png 1033w, https:\/\/vapestornado.com\/wp-content\/uploads\/2024\/12\/Mesh-Coil-12000-Puffs-Disposable-Vape-300x172.png 300w, https:\/\/vapestornado.com\/wp-content\/uploads\/2024\/12\/Mesh-Coil-12000-Puffs-Disposable-Vape-1024x587.png 1024w, https:\/\/vapestornado.com\/wp-content\/uploads\/2024\/12\/Mesh-Coil-12000-Puffs-Disposable-Vape-768x440.png 768w, https:\/\/vapestornado.com\/wp-content\/uploads\/2024\/12\/Mesh-Coil-12000-Puffs-Disposable-Vape-600x344.png 600w\" sizes=\"(max-width: 1033px) 100vw, 1033px\" \/> <img decoding=\"async\" class=\"alignnone size-full wp-image-3414\" src=\"https:\/\/vapestornado.com\/wp-content\/uploads\/2024\/12\/RandM-Fumot-12000-Puffs-Vape-Hot-Sale.png\" alt=\"RandM Fumot 12000 d\u016bmu Veips karstais pied\u0101v\u0101jums\" width=\"1067\" height=\"609\" srcset=\"https:\/\/vapestornado.com\/wp-content\/uploads\/2024\/12\/RandM-Fumot-12000-Puffs-Vape-Hot-Sale.png 1067w, https:\/\/vapestornado.com\/wp-content\/uploads\/2024\/12\/RandM-Fumot-12000-Puffs-Vape-Hot-Sale-300x171.png 300w, https:\/\/vapestornado.com\/wp-content\/uploads\/2024\/12\/RandM-Fumot-12000-Puffs-Vape-Hot-Sale-1024x584.png 1024w, https:\/\/vapestornado.com\/wp-content\/uploads\/2024\/12\/RandM-Fumot-12000-Puffs-Vape-Hot-Sale-768x438.png 768w, https:\/\/vapestornado.com\/wp-content\/uploads\/2024\/12\/RandM-Fumot-12000-Puffs-Vape-Hot-Sale-600x342.png 600w\" sizes=\"(max-width: 1067px) 100vw, 1067px\" \/> <img loading=\"lazy\" decoding=\"async\" class=\"alignnone size-full wp-image-3410\" src=\"https:\/\/vapestornado.com\/wp-content\/uploads\/2024\/12\/Fumot-Digital-box-12000-Puffs-Disposable-Vape-Wholesale.png\" alt=\"Fumot Digital box 12000 d\u016bmu vienreizlietojamo veipu vairumtirdzniec\u012bba\" width=\"1010\" height=\"659\" srcset=\"https:\/\/vapestornado.com\/wp-content\/uploads\/2024\/12\/Fumot-Digital-box-12000-Puffs-Disposable-Vape-Wholesale.png 1010w, https:\/\/vapestornado.com\/wp-content\/uploads\/2024\/12\/Fumot-Digital-box-12000-Puffs-Disposable-Vape-Wholesale-300x196.png 300w, https:\/\/vapestornado.com\/wp-content\/uploads\/2024\/12\/Fumot-Digital-box-12000-Puffs-Disposable-Vape-Wholesale-768x501.png 768w, https:\/\/vapestornado.com\/wp-content\/uploads\/2024\/12\/Fumot-Digital-box-12000-Puffs-Disposable-Vape-Wholesale-600x391.png 600w\" sizes=\"(max-width: 1010px) 100vw, 1010px\" \/> <img loading=\"lazy\" decoding=\"async\" class=\"alignnone size-full wp-image-3406\" src=\"https:\/\/vapestornado.com\/wp-content\/uploads\/2024\/12\/550mAh-Fumot-Digital-Box-Vape-Trader.png\" alt=\"550mAh Fumot Digital Box Veipu tirgot\u0101js\" width=\"1050\" height=\"659\" srcset=\"https:\/\/vapestornado.com\/wp-content\/uploads\/2024\/12\/550mAh-Fumot-Digital-Box-Vape-Trader.png 1050w, https:\/\/vapestornado.com\/wp-content\/uploads\/2024\/12\/550mAh-Fumot-Digital-Box-Vape-Trader-300x188.png 300w, https:\/\/vapestornado.com\/wp-content\/uploads\/2024\/12\/550mAh-Fumot-Digital-Box-Vape-Trader-1024x643.png 1024w, https:\/\/vapestornado.com\/wp-content\/uploads\/2024\/12\/550mAh-Fumot-Digital-Box-Vape-Trader-768x482.png 768w, https:\/\/vapestornado.com\/wp-content\/uploads\/2024\/12\/550mAh-Fumot-Digital-Box-Vape-Trader-600x377.png 600w\" sizes=\"(max-width: 1050px) 100vw, 1050px\" \/><\/p>\n<h2>RandM Digital Box 12k d\u016bmi<strong> Gar\u0161u saraksts:<\/strong><\/h2>\n<ul>\n<li>Ban\u0101nu ledus<\/li>\n<li>Melnais ledus<\/li>\n<li>Zils ave\u0146u ledus<\/li>\n<li>Melle\u0146u ledus<\/li>\n<li>Melle\u0146u ave\u0146u<\/li>\n<li>Melle\u0146u sk\u0101bo ave\u0146u<\/li>\n<li>\u0136ir\u0161u ledus<\/li>\n<li>\u0136ir\u0161u kola<\/li>\n<li>Kolas ledus<\/li>\n<li>V\u0113ss Piparm\u0113tra<\/li>\n<li>Dubult\u0101 \u0101bols<\/li>\n<li>Dr. Blue<\/li>\n<li>V\u012bnogu ledus<\/li>\n<li>Ledus pops<\/li>\n<li>Kivi pasifloras gvajava<\/li>\n<li>M\u012blest\u012bba 66<\/li>\n<li>Sul\u012bgs ledus<\/li>\n<li>Jauktas ogas<\/li>\n<li>Persiku ogas<\/li>\n<li>Persiku ledus<\/li>\n<li>Persiku mango anan\u0101ss<\/li>\n<li>Anan\u0101su ledus<\/li>\n<li>Roz\u0101 limon\u0101de<\/li>\n<li>Skittles<\/li>\n<li>Zeme\u0146u ban\u0101ns<\/li>\n<li>Zeme\u0146u v\u012bnoga<\/li>\n<li>Zeme\u0146u ledus<\/li>\n<li>Zeme\u0146u Arb\u016bzs<\/li>\n<li>Tr\u012bsk\u0101r\u0161s mango<\/li>\n<li>Vimto<\/li>\n<\/ul>\n<h3>RandM 12000 Popul\u0101r\u0101k\u0101s 5 gar\u0161as<\/h3>\n<ol>\n<li><strong>Ban\u0101nu ledus<\/strong>: Salds ban\u0101ns ar v\u0113su mentola nobeigumu.<\/li>\n<li><strong>Melle\u0146u sk\u0101bo ave\u0146u<\/strong>: Pikanta mellenes ar sk\u0101bu ave\u0146u gar\u0161u.<\/li>\n<li><strong>Kivi pasifloras gvajava<\/strong>: Tropu eksotisku aug\u013cu sajaukums.<\/li>\n<li><strong>Persiku mango anan\u0101ss<\/strong>: Sul\u012bgs persiku, mango un anan\u0101su sajaukums.<\/li>\n<li><strong>Kolas ledus<\/strong>: Klasiska kolas gar\u0161a ar atsvaidzino\u0161u ledainu piesk\u0101rienu.<\/li>\n<\/ol>\n<h2>K\u0101p\u0113c izv\u0113l\u0113ties Fumot digital box 12000 d\u016bmu Veipu?<\/h2>\n<p><strong>Fumot 12000 digital box veipi<\/strong> pied\u0101v\u0101 nep\u0101rsp\u0113jamu v\u0113rt\u012bbu ar savu milz\u012bgo ietilp\u012bbu, augstas kvalit\u0101tes materi\u0101liem un inovat\u012bv\u0101m funkcij\u0101m. Lieliski piem\u0113rots tiem, kas dod priek\u0161roku \u0113rt\u012bbai, jo tas ir iepriek\u0161 uzpild\u012bts, uzl\u0101d\u0113jams un nodro\u0161ina izcilu tvaic\u0113\u0161anas pieredzi. Pla\u0161ais gar\u0161u kl\u0101sts atbilst katrai gaumei, un stil\u012bgais dizains to at\u0161\u0137ir no konkurentiem.<\/p>\n<h4>Fumot Vape 7k vairumtirdzniec\u012bba Sazinieties un sa\u0146emiet atlaidi t\u016bl\u012bt!<\/h4>\n<figure id=\"attachment_2921\" aria-describedby=\"caption-attachment-2921\" style=\"width: 887px\" class=\"wp-caption alignnone\"><img loading=\"lazy\" decoding=\"async\" class=\"size-large wp-image-2921\" src=\"https:\/\/vapestornado.com\/wp-content\/uploads\/2024\/11\/20062b3a285f900e79520aad496b94d-887x1024.jpg\" alt=\"vapestornado Vicky\" width=\"887\" height=\"1024\" srcset=\"https:\/\/vapestornado.com\/wp-content\/uploads\/2024\/11\/20062b3a285f900e79520aad496b94d-887x1024.jpg 887w, https:\/\/vapestornado.com\/wp-content\/uploads\/2024\/11\/20062b3a285f900e79520aad496b94d-260x300.jpg 260w, https:\/\/vapestornado.com\/wp-content\/uploads\/2024\/11\/20062b3a285f900e79520aad496b94d-768x887.jpg 768w, https:\/\/vapestornado.com\/wp-content\/uploads\/2024\/11\/20062b3a285f900e79520aad496b94d-600x693.jpg 600w, https:\/\/vapestornado.com\/wp-content\/uploads\/2024\/11\/20062b3a285f900e79520aad496b94d.jpg 1080w\" sizes=\"(max-width: 887px) 100vw, 887px\" \/><figcaption id=\"caption-attachment-2921\" class=\"wp-caption-text\">vapestornado Vicky<\/figcaption><\/figure>","protected":false},"excerpt":{"rendered":"<p><strong><span style=\"color: #ff0000;\"><span style=\"color: #000000;\">Fumot Digital Box 12000 Puffs pied\u0101v\u0101 20 ml e-\u0161\u0137idruma, sieti\u0146a spir\u0101les gar\u0161u un digit\u0101lo ekr\u0101nu. Kompakts, uzl\u0101d\u0113jams tvaic\u0113t\u0101js, kas lieliski piem\u0113rots vairumtirdzniec\u012bbas pirc\u0113jiem Eirop\u0101.<\/span>(m\u016bsu vietnes cen\u0101 nav iek\u013cautas pieg\u0101des izmaksas, l\u016bdzu, sazinieties ar mani, lai sa\u0146emtu visu cenu un j\u016bsu atlaidi!)<\/span><\/strong><\/p>\n<p><img loading=\"lazy\" decoding=\"async\" class=\"size-medium wp-image-2921\" src=\"https:\/\/vapestornado.com\/wp-content\/uploads\/2024\/11\/20062b3a285f900e79520aad496b94d-260x300.jpg\" alt=\"vapestornado Vicky\" width=\"260\" height=\"300\" srcset=\"https:\/\/vapestornado.com\/wp-content\/uploads\/2024\/11\/20062b3a285f900e79520aad496b94d-260x300.jpg 260w, https:\/\/vapestornado.com\/wp-content\/uploads\/2024\/11\/20062b3a285f900e79520aad496b94d-887x1024.jpg 887w, https:\/\/vapestornado.com\/wp-content\/uploads\/2024\/11\/20062b3a285f900e79520aad496b94d-768x887.jpg 768w, https:\/\/vapestornado.com\/wp-content\/uploads\/2024\/11\/20062b3a285f900e79520aad496b94d-600x693.jpg 600w, https:\/\/vapestornado.com\/wp-content\/uploads\/2024\/11\/20062b3a285f900e79520aad496b94d.jpg 1080w\" sizes=\"(max-width: 260px) 100vw, 260px\" \/><\/p>","protected":false},"featured_media":3409,"comment_status":"open","ping_status":"closed","template":"","meta":{"_acf_changed":false,"_uag_custom_page_level_css":"","_lmt_disableupdate":"no","_lmt_disable":"","_monsterinsights_skip_tracking":false,"_monsterinsights_sitenote_active":false,"_monsterinsights_sitenote_note":"","_monsterinsights_sitenote_category":0,"site-sidebar-layout":"default","site-content-layout":"","ast-site-content-layout":"default","site-content-style":"default","site-sidebar-style":"default","ast-global-header-display":"","ast-banner-title-visibility":"","ast-main-header-display":"","ast-hfb-above-header-display":"","ast-hfb-below-header-display":"","ast-hfb-mobile-header-display":"","site-post-title":"","ast-breadcrumbs-content":"","ast-featured-img":"","footer-sml-layout":"","ast-disable-related-posts":"","theme-transparent-header-meta":"default","adv-header-id-meta":"","stick-header-meta":"","header-above-stick-meta":"","header-main-stick-meta":"","header-below-stick-meta":"","astra-migrate-meta-layouts":"set","ast-page-background-enabled":"default","ast-page-background-meta":{"desktop":{"background-color":"","background-image":"","background-repeat":"repeat","background-position":"center center","background-size":"auto","background-attachment":"scroll","background-type":"","background-media":"","overlay-type":"","overlay-color":"","overlay-opacity":"","overlay-gradient":""},"tablet":{"background-color":"","background-image":"","background-repeat":"repeat","background-position":"center center","background-size":"auto","background-attachment":"scroll","background-type":"","background-media":"","overlay-type":"","overlay-color":"","overlay-opacity":"","overlay-gradient":""},"mobile":{"background-color":"","background-image":"","background-repeat":"repeat","background-position":"center center","background-size":"auto","background-attachment":"scroll","background-type":"","background-media":"","overlay-type":"","overlay-color":"","overlay-opacity":"","overlay-gradient":""}},"ast-content-background-meta":{"desktop":{"background-color":"var(--ast-global-color-5)","background-image":"","background-repeat":"repeat","background-position":"center center","background-size":"auto","background-attachment":"scroll","background-type":"","background-media":"","overlay-type":"","overlay-color":"","overlay-opacity":"","overlay-gradient":""},"tablet":{"background-color":"var(--ast-global-color-5)","background-image":"","background-repeat":"repeat","background-position":"center center","background-size":"auto","background-attachment":"scroll","background-type":"","background-media":"","overlay-type":"","overlay-color":"","overlay-opacity":"","overlay-gradient":""},"mobile":{"background-color":"var(--ast-global-color-5)","background-image":"","background-repeat":"repeat","background-position":"center center","background-size":"auto","background-attachment":"scroll","background-type":"","background-media":"","overlay-type":"","overlay-color":"","overlay-opacity":"","overlay-gradient":""}},"_joinchat":{"telephone":"+8618077105750"}},"product_brand":[],"product_cat":[72,157,159,160,142,58,144,19],"product_tag":[],"class_list":{"0":"post-3302","1":"product","2":"type-product","3":"status-publish","4":"has-post-thumbnail","6":"product_cat-12000-puff","7":"product_cat-buy-disposable-vapes-in-portugal","8":"product_cat-buy-disposable-vapes-in-sweden","9":"product_cat-buy-disposable-vapes-in-switzerland","10":"product_cat-digital-box-disposable-vapes","11":"product_cat-fumot-vape","12":"product_cat-low-nicotine-disposable-vapes","13":"product_cat-vapes","14":"desktop-align-left","15":"tablet-align-left","16":"mobile-align-left","18":"first","19":"instock","20":"sale","21":"shipping-taxable","22":"purchasable","23":"product-type-simple"},"acf":[],"uagb_featured_image_src":{"full":["https:\/\/vapestornado.com\/wp-content\/uploads\/2024\/12\/Fumot-Digital-12000-Puffs-E-liquid-Indicator-Vape.png",900,900,false],"thumbnail":["https:\/\/vapestornado.com\/wp-content\/uploads\/2024\/12\/Fumot-Digital-12000-Puffs-E-liquid-Indicator-Vape-150x150.png",150,150,true],"medium":["https:\/\/vapestornado.com\/wp-content\/uploads\/2024\/12\/Fumot-Digital-12000-Puffs-E-liquid-Indicator-Vape-300x300.png",300,300,true],"medium_large":["https:\/\/vapestornado.com\/wp-content\/uploads\/2024\/12\/Fumot-Digital-12000-Puffs-E-liquid-Indicator-Vape-768x768.png",768,768,true],"large":["https:\/\/vapestornado.com\/wp-content\/uploads\/2024\/12\/Fumot-Digital-12000-Puffs-E-liquid-Indicator-Vape.png",900,900,false],"1536x1536":["https:\/\/vapestornado.com\/wp-content\/uploads\/2024\/12\/Fumot-Digital-12000-Puffs-E-liquid-Indicator-Vape.png",900,900,false],"2048x2048":["https:\/\/vapestornado.com\/wp-content\/uploads\/2024\/12\/Fumot-Digital-12000-Puffs-E-liquid-Indicator-Vape.png",900,900,false],"trp-custom-language-flag":["https:\/\/vapestornado.com\/wp-content\/uploads\/2024\/12\/Fumot-Digital-12000-Puffs-E-liquid-Indicator-Vape.png",12,12,false],"woocommerce_thumbnail":["https:\/\/vapestornado.com\/wp-content\/uploads\/2024\/12\/Fumot-Digital-12000-Puffs-E-liquid-Indicator-Vape-300x300.png",300,300,true],"woocommerce_single":["https:\/\/vapestornado.com\/wp-content\/uploads\/2024\/12\/Fumot-Digital-12000-Puffs-E-liquid-Indicator-Vape-600x600.png",600,600,true],"woocommerce_gallery_thumbnail":["https:\/\/vapestornado.com\/wp-content\/uploads\/2024\/12\/Fumot-Digital-12000-Puffs-E-liquid-Indicator-Vape-100x100.png",100,100,true]},"uagb_author_info":{"display_name":"ESvicky","author_link":"https:\/\/vapestornado.com\/lv\/author\/"},"uagb_comment_info":0,"uagb_excerpt":"The Fumot Digital Box 12000 Puffs offers 20ml e-liquid, mesh coil flavor, and a digital screen. A compact, rechargeable vape perfect for wholesale buyers in Europe.(our website price not include shipping cost, please contact me to get whole price and your disccount!)","_links":{"self":[{"href":"https:\/\/vapestornado.com\/lv\/wp-json\/wp\/v2\/product\/3302","targetHints":{"allow":["GET"]}}],"collection":[{"href":"https:\/\/vapestornado.com\/lv\/wp-json\/wp\/v2\/product"}],"about":[{"href":"https:\/\/vapestornado.com\/lv\/wp-json\/wp\/v2\/types\/product"}],"replies":[{"embeddable":true,"href":"https:\/\/vapestornado.com\/lv\/wp-json\/wp\/v2\/comments?post=3302"}],"wp:featuredmedia":[{"embeddable":true,"href":"https:\/\/vapestornado.com\/lv\/wp-json\/wp\/v2\/media\/3409"}],"wp:attachment":[{"href":"https:\/\/vapestornado.com\/lv\/wp-json\/wp\/v2\/media?parent=3302"}],"wp:term":[{"taxonomy":"product_brand","embeddable":true,"href":"https:\/\/vapestornado.com\/lv\/wp-json\/wp\/v2\/product_brand?post=3302"},{"taxonomy":"product_cat","embeddable":true,"href":"https:\/\/vapestornado.com\/lv\/wp-json\/wp\/v2\/product_cat?post=3302"},{"taxonomy":"product_tag","embeddable":true,"href":"https:\/\/vapestornado.com\/lv\/wp-json\/wp\/v2\/product_tag?post=3302"}],"curies":[{"name":"wp","href":"https:\/\/api.w.org\/{rel}","templated":true}]}}