{"id":3301,"date":"2024-12-20T08:43:41","date_gmt":"2024-12-20T08:43:41","guid":{"rendered":"https:\/\/vapestornado.com\/?post_type=product&#038;p=3301"},"modified":"2025-08-23T12:25:51","modified_gmt":"2025-08-23T12:25:51","slug":"vookbar-cyber-pro-30000-puffs-disposable-vape-5-wholesale-price","status":"publish","type":"product","link":"https:\/\/vapestornado.com\/lv\/product\/vookbar-cyber-pro-30000-puffs-disposable-vape-5-wholesale-price\/","title":{"rendered":"Vookbar Cyber PRO 30000 uzp\u016btienu vienreiz\u0113j\u0101s lieto\u0161anas vape 5% vairumtirdzniec\u012bbas cena"},"content":{"rendered":"<h1>Vookbar Cyber PRO 30000 uzp\u016btienu vienreiz\u0113j\u0101s lieto\u0161anas vape 5% vairumtirdzniec\u012bbas cena<\/h1>\n<p>&nbsp;<\/p>\n<div role=\"article\" data-tabster=\"{&quot;groupper&quot;:{&quot;tabbability&quot;:2},&quot;focusable&quot;:{}}\" data-content=\"ai-message\" aria-labelledby=\"64JRvXrTnY7mRmPkEQLLT-author 64JRvXrTnY7mRmPkEQLLT-content\">\n<div id=\"64JRvXrTnY7mRmPkEQLLT-content\">\n<p>T\u0101 <strong>Vookbar Cyber PRO 30000 Puffs vienreizlietojamais tvaic\u0113t\u0101js<\/strong> no jauna defin\u0113 m\u016bsdienu tvaic\u0113\u0161anas robe\u017eas, apvienojot progres\u012bvas tehnolo\u0123ijas ar izcilu veiktsp\u0113ju. Izstr\u0101d\u0101ts tvaic\u0113t\u0101jiem, kuri mekl\u0113 ko vair\u0101k nek\u0101 parastu ier\u012bci, Cyber PRO apvieno vied\u0101s funkcijas ar gludu dizainu, radot patiesi fut\u016bristisku tvaic\u0113\u0161anas pieredzi.<\/p>\n<p><strong>Nep\u0101rsp\u0113jama veiktsp\u0113ja<\/strong><\/p>\n<p>Ar iespaid\u012bgu <strong>30k uzp\u016btienu kalpo\u0161anas laiku<\/strong>, Vookbar Cyber PRO pied\u0101v\u0101 nep\u0101rsp\u0113jamu ilgm\u016b\u017e\u012bbu, padarot to par ide\u0101lu izv\u0113li ilgsto\u0161ai lieto\u0161anai. Ier\u012bce ir apr\u012bkota ar <strong>22 ml e-\u0161\u0137idruma ietilp\u012bbu<\/strong> un t\u0101s nikot\u012bna stiprums ir <strong>20 mg\/ml<\/strong>, nodro\u0161inot konsekventu, apmierino\u0161u tvaiku ar katru uzp\u016btienu. Darbojas ar jaud\u012bgu <strong>2850 mAh uzl\u0101d\u0113jamu akumulatoru<\/strong> un izmantojot <strong>Type-C uzl\u0101des ports<\/strong>, Cyber PRO nodro\u0161ina \u0101tru, uzticamu uzl\u0101di nep\u0101rtrauktai lieto\u0161anai.<\/p>\n<p><strong>Viedo tehnolo\u0123iju integr\u0101cija<\/strong><\/p>\n<p>Vookbar Cyber PRO p\u0101rsniedz tradicion\u0101lo tvaic\u0113\u0161anu, kalpojot k\u0101 daudzfunkcion\u0101la ier\u012bce, kas neman\u0101mi integr\u0113jas j\u016bsu digit\u0101laj\u0101 dz\u012bvesveid\u0101. Tas savienojas, izmantojot <strong>Bluetooth<\/strong> vai t\u0101 patent\u0113to lietotni, nodro\u0161inot vied\u0101s funkcijas, piem\u0113ram:<\/p>\n<ul>\n<li><strong>Piel\u0101gojami tvaic\u0113\u0161anas iestat\u012bjumi<\/strong> lai piel\u0101gotu j\u016bsu pieredzi j\u016bsu v\u0113lm\u0113m.<\/li>\n<li><strong>Kameras t\u0101lvad\u012bba<\/strong>, lieliski piem\u0113rota selfijiem un rado\u0161ai fotograf\u0113\u0161anai.<\/li>\n<li><strong>Soci\u0101lie pazi\u0146ojumi<\/strong> lai j\u016bs b\u016btu inform\u0113ts, atrodoties ce\u013c\u0101.<\/li>\n<li><strong>Piel\u0101gotas fona att\u0113lu opcijas<\/strong>, kas \u013cauj personaliz\u0113t ier\u012bces dinamisko displeju.<\/li>\n<li>Ieb\u016bv\u0113ti r\u012bki, piem\u0113ram, <strong>kalkulators<\/strong>, <strong>mini sp\u0113les<\/strong>un daudz kas cits papildu \u0113rt\u012bbai.<\/li>\n<\/ul>\n<figure id=\"attachment_3493\" aria-describedby=\"caption-attachment-3493\" style=\"width: 518px\" class=\"wp-caption alignnone\"><img fetchpriority=\"high\" decoding=\"async\" class=\"wp-image-3493\" src=\"https:\/\/vapestornado.com\/wp-content\/uploads\/2024\/12\/Vookbar-vape-30000-Puffs-Wholesale-Prcie-Disposable-Vapes.jpg\" alt=\"Vookbar vape 30000 P\u016bti\u0146i Vairumtirdzniec\u012bbas cena Vienreiz\u0113j\u0101s lieto\u0161anas vape\" width=\"518\" height=\"518\" srcset=\"https:\/\/vapestornado.com\/wp-content\/uploads\/2024\/12\/Vookbar-vape-30000-Puffs-Wholesale-Prcie-Disposable-Vapes.jpg 800w, https:\/\/vapestornado.com\/wp-content\/uploads\/2024\/12\/Vookbar-vape-30000-Puffs-Wholesale-Prcie-Disposable-Vapes-300x300.jpg 300w, https:\/\/vapestornado.com\/wp-content\/uploads\/2024\/12\/Vookbar-vape-30000-Puffs-Wholesale-Prcie-Disposable-Vapes-150x150.jpg 150w, https:\/\/vapestornado.com\/wp-content\/uploads\/2024\/12\/Vookbar-vape-30000-Puffs-Wholesale-Prcie-Disposable-Vapes-768x768.jpg 768w, https:\/\/vapestornado.com\/wp-content\/uploads\/2024\/12\/Vookbar-vape-30000-Puffs-Wholesale-Prcie-Disposable-Vapes-600x600.jpg 600w, https:\/\/vapestornado.com\/wp-content\/uploads\/2024\/12\/Vookbar-vape-30000-Puffs-Wholesale-Prcie-Disposable-Vapes-100x100.jpg 100w\" sizes=\"(max-width: 518px) 100vw, 518px\" \/><figcaption id=\"caption-attachment-3493\" class=\"wp-caption-text\">Vookbar vape 30000 P\u016bti\u0146i Vairumtirdzniec\u012bbas cena Vienreiz\u0113j\u0101s lieto\u0161anas vape<\/figcaption><\/figure>\n<h2><strong>K\u0101p\u0113c izv\u0113l\u0113ties Vookbar Cyber PRO 30000 P\u016bti\u0146i vape?<\/strong><\/h2>\n<ul>\n<li><strong>Inov\u0101cija<\/strong> Apvieno jaun\u0101k\u0101s tehnolo\u0123ijas ar elegantu dizainu.<\/li>\n<li><strong>Mas\u012bva ietilp\u012bba:<\/strong> Nodro\u0161ina vienm\u0113r\u012bgu, apmierino\u0161u tvaic\u0113\u0161anas pieredzi ar 30 000 p\u016bti\u0146u ietilp\u012bbu.<\/li>\n<li><strong>Piel\u0101gojamas funkcijas:<\/strong> Piel\u0101gojiet jaudu un est\u0113tiku, lai t\u0101 atbilstu j\u016bsu unik\u0101laj\u0101m v\u0113lm\u0113m.<\/li>\n<li><strong>Iztur\u012bga konstrukcija:<\/strong> Augstas kvalit\u0101tes materi\u0101li un uzticams akumulators nodro\u0161ina ilgtermi\u0146a veiktsp\u0113ju.<\/li>\n<\/ul>\n<p>Neatkar\u012bgi no t\u0101, vai esat tehnolo\u0123ij\u0101s zino\u0161s veipot\u0101js vai vienk\u0101r\u0161i mekl\u0113jat jaud\u012bgu un stil\u012bgu veipo\u0161anas ier\u012bci, <strong>Vookbar Cyber PRO 30000 Puffs vienreizlietojamais veips<\/strong> pied\u0101v\u0101 <strong>inov\u0101cijas<\/strong>, <strong>veiktsp\u0113ju<\/strong>, un <strong>personaliz\u0101ciju<\/strong>. Uzlabojiet savu veipo\u0161anas pieredzi jau \u0161odien!<\/p>\n<\/div>\n<\/div>\n<p><img decoding=\"async\" class=\"wp-image-2951\" src=\"https:\/\/vapestornado.com\/wp-content\/uploads\/2024\/12\/Wholesale-Disposable-Vape-265x300.jpg\" alt=\"Vienreiz\u0113j\u0101s lieto\u0161anas Vape vairumtirdzniec\u012bba\" width=\"295\" height=\"334\" srcset=\"https:\/\/vapestornado.com\/wp-content\/uploads\/2024\/12\/Wholesale-Disposable-Vape-265x300.jpg 265w, https:\/\/vapestornado.com\/wp-content\/uploads\/2024\/12\/Wholesale-Disposable-Vape-768x871.jpg 768w, https:\/\/vapestornado.com\/wp-content\/uploads\/2024\/12\/Wholesale-Disposable-Vape-600x680.jpg 600w, https:\/\/vapestornado.com\/wp-content\/uploads\/2024\/12\/Wholesale-Disposable-Vape.jpg 823w\" sizes=\"(max-width: 295px) 100vw, 295px\" \/><\/p>\n<h6>L\u016bdzu, sazinieties ar Mandiju WhatsApp, lai sa\u0146emtu atlaides cenu<a href=\"https:\/\/wa.me\/8618077105796\" target=\"_blank\" rel=\"noopener\">+8618077105796<\/a><\/h6>\n<p>&nbsp;<\/p>\n<div class=\"flex max-w-full flex-col flex-grow\">\n<div class=\"min-h-8 text-message flex w-full flex-col items-end gap-2 whitespace-normal break-words text-start [.text-message+&amp;]:mt-5\" dir=\"auto\" data-message-author-role=\"assistant\" data-message-id=\"cdb991c0-f594-4bff-b2d5-fbbdd7ce9e54\" data-message-model-slug=\"gpt-4o-mini\">\n<div class=\"flex w-full flex-col gap-1 empty:hidden first:pt-[3px]\">\n<div class=\"markdown prose w-full break-words dark:prose-invert light\">\n<h3>Vape vairumtirdzniec\u012bba Vookbar Cyber PRO 30,000 Puffs \u2013 Specifik\u0101cijas<\/h3>\n<ul>\n<li><strong>Izm\u0113rs:<\/strong> Kompakts un p\u0101rn\u0113s\u0101jams, <strong>49x24x93mm<\/strong>.<\/li>\n<li><strong>Ekr\u0101ns:<\/strong> <strong>2,01 collu HD displejs<\/strong>, lieliski piem\u0113rots iestat\u012bjumiem un pazi\u0146ojumiem.<\/li>\n<li><strong>Spoles tips:<\/strong> <strong>Divk\u0101r\u0161a sieta spole<\/strong> bag\u0101t\u012bgai gar\u0161ai un gludiem d\u016bmiem.<\/li>\n<li><strong>E-\u0161\u0137idruma ietilp\u012bba:<\/strong> Iepild\u012bts ar <strong>22 ml augst\u0101k\u0101s kvalit\u0101tes e-\u0161\u0137idrumu<\/strong>.<\/li>\n<li><strong>Nikot\u012bna stiprums:<\/strong> Nodro\u0161ina apmierino\u0161u <strong>5% nikot\u012bna<\/strong> devu.<\/li>\n<li><strong>Akumulators:<\/strong> Ilgsto\u0161s <strong>850mAh uzl\u0101d\u0113jams akumulators<\/strong> ar \u0101tru <strong>C tipa uzl\u0101de<\/strong>.<\/li>\n<li><strong>D\u016bmu re\u017e\u012bmi:<\/strong>\n<ul>\n<li><strong>Norm\u0101lais re\u017e\u012bms:<\/strong> L\u012bdz <strong>30 000 uzp\u016btienu<\/strong> ilgsto\u0161\u0101kai tvaic\u0113\u0161anai.<\/li>\n<li><strong>Jaudas re\u017e\u012bms:<\/strong> L\u012bdz <strong>15 000 izsm\u0113\u0137u<\/strong> sp\u0113c\u012bg\u0101kai veiktsp\u0113jai.<\/li>\n<\/ul>\n<\/li>\n<li><strong>Darb\u012bba:<\/strong> Vienk\u0101r\u0161a <strong>s\u0101nu pogu vad\u012bba<\/strong> iesl\u0113g\u0161anai\/izsl\u0113g\u0161anai un regul\u0113\u0161anai.<\/li>\n<li><strong>Funkcijas:<\/strong> Bluetooth savienojam\u012bba, videi draudz\u012bgi materi\u0101li un piel\u0101gojami tvaic\u0113\u0161anas re\u017e\u012bmi.<\/li>\n<\/ul>\n<\/div>\n<\/div>\n<\/div>\n<\/div>\n<div class=\"mb-2 flex gap-3 empty:hidden -ml-2\">\n<h3 class=\"items-center justify-start rounded-xl p-1 flex\"><\/h3>\n<\/div>\n<h3><strong>Vookbar Cyber PRO 30k Puffs Vape Pods Gar\u0161u saraksts:<\/strong><\/h3>\n<p>1.Zilo ave\u0146u ledus<br \/>\n2. Persiku ledus<br \/>\n3. V\u012bnogu ledus<br \/>\n4. Zeme\u0146u arb\u016bzs<br \/>\n5. Zeme\u0146u ban\u0101ns<br \/>\n6. \u0136ir\u0161u arb\u016bzs<br \/>\n7. Arb\u016bzu ledus<br \/>\n8. Persiku mango<br \/>\n9. Zeme\u0146u kivi<br \/>\n10. Balto zeme\u0146u ledus<br \/>\n11. Balto gumijl\u0101c\u012b\u0161u ledus<br \/>\n12. Sald\u0113ta pinakolada<br \/>\n13. Sasod\u012bti feins<br \/>\n14. Mohito jauktas ogas<\/p>\n<div role=\"article\" data-tabster=\"{&quot;groupper&quot;:{&quot;tabbability&quot;:2},&quot;focusable&quot;:{}}\" data-content=\"ai-message\" aria-labelledby=\"dARUyEWDoEYhnSPXFwx5A-author dARUyEWDoEYhnSPXFwx5A-content\">\n<div id=\"dARUyEWDoEYhnSPXFwx5A-content\">\n<h4>K\u0101p\u0113c izv\u0113l\u0113ties Vookbar Cyber PRO 30000 Puff vienreiz\u0113j\u0101s lieto\u0161anas tvaic\u0113t\u0101jus? <a href=\"https:\/\/vapestornado.com\/lv\/store\/\">vapestornado.com<\/a>?<\/h4>\n<p><strong>1. Milz\u012bga dvesmu jauda:<\/strong><br \/>\nParedz\u0113ts ilgsto\u0161ai baud\u012b\u0161anai, <strong>Vookbar Cyber PRO<\/strong> pied\u0101v\u0101 l\u012bdz pat <strong>30 000 uzp\u016btienu<\/strong> Norm\u0101l\u0101 re\u017e\u012bm\u0101 un <strong>15 000 izsm\u0113\u0137u<\/strong> Jaudas re\u017e\u012bm\u0101.<\/p>\n<p><strong>2. Modernas funkcijas:<\/strong><br \/>\nApr\u012bkots ar <strong>2,01 collu HD displejs<\/strong>, <strong>dubultu sieta spoles tehnolo\u0123iju<\/strong>, un <strong>piel\u0101gojami tvaic\u0113\u0161anas re\u017e\u012bmi<\/strong>, tas apvieno veiktsp\u0113ju ar stilu.<\/p>\n<p><strong>3. Premium e-\u0161\u0137idruma un nikot\u012bna iesp\u0113jas:<\/strong><br \/>\nAr <strong>22 ml iepriek\u0161 iepild\u012bta e-\u0161\u0137idruma<\/strong> un <strong>5% nikot\u012bna stiprumu<\/strong>, izbaudiet gludas, gar\u0161\u012bgas un apmierino\u0161as dvesmas katru reizi.<\/p>\n<p><strong>4. Novatorisks un lietot\u0101jam draudz\u012bgs dizains:<\/strong><br \/>\nFunkcijas, piem\u0113ram <strong>Bluetooth savienojums<\/strong>, <strong>s\u0101nu pogu vad\u012bba<\/strong>, un <strong>kust\u012bbas re\u017e\u012bms<\/strong> padara ier\u012bci viegli lietojamu un daudzfunkcion\u0101lu.<\/p>\n<p><strong>5. Ieg\u0101d\u0101jieties ar p\u0101rliec\u012bbu vietn\u0113 vapestornado.com:<\/strong><\/p>\n<ul>\n<li>Izbaudiet <strong>konkur\u0113tsp\u0113j\u012bgas cenas<\/strong> par jaun\u0101ko veipo\u0161anas tehnolo\u0123iju.<\/li>\n<li>G\u016bstiet labumu no <strong>\u0101tras, uzticamas pieg\u0101des<\/strong> vis\u0101 Eirop\u0101.<\/li>\n<li>Izv\u0113lieties no <strong>ekskluz\u012bvi vairumtirdzniec\u012bbas pied\u0101v\u0101jumi<\/strong> liela apjoma pirkumiem.<\/li>\n<li>Iep\u0113rcieties dro\u0161i, izmantojot uzticamas maks\u0101jumu metodes un izcilu klientu atbalstu.<\/li>\n<\/ul>\n<p>Uzlabojiet savu veipo\u0161anas pieredzi jau \u0161odien ar <strong>Vookbar Cyber PRO 30K p\u016btieni<\/strong> pieejams pie <strong>vapestornado.com<\/strong>!<\/p>\n<\/div>\n<\/div>\n<h4>Bie\u017e\u0101k uzdotie jaut\u0101jumi par Vookbar Cyber PRO 30000 Puffs ilgnotur\u012bgajiem vape.<\/h4>\n<p>&nbsp;<\/p>\n<h6><strong>1. Kas padara Vookbar Cyber PRO 30,000 Puffs Vape unik\u0101lu?<\/strong><\/h6>\n<ul>\n<li>Ier\u012bce apvieno <strong>uzlabotas veipo\u0161anas tehnolo\u0123ijas<\/strong> ar t\u0101d\u0101m funkcij\u0101m k\u0101 <strong>piel\u0101gojami tvaic\u0113\u0161anas re\u017e\u012bmi<\/strong>, a <strong>2,01 collu HD ekr\u0101ns<\/strong>, un <strong>divi p\u016b\u0161anas re\u017e\u012bmi<\/strong> pagarin\u0101tai vai jaud\u012bgai veiktsp\u0113jai.<\/li>\n<\/ul>\n<h6>2. <strong>Cik daudz p\u016b\u0161us es varu ieg\u016bt ar Vookbar Cyber PRO Vape Box?<\/strong><\/h6>\n<ul>\n<li>In <strong>Norm\u0101lais re\u017e\u012bms<\/strong>, j\u016bs varat baud\u012bt l\u012bdz pat <strong>30 000 uzp\u016btienu<\/strong>, kam\u0113r <strong>Jaudas re\u017e\u012bms<\/strong> pied\u0101v\u0101 <strong>15 000 izsm\u0113\u0137u<\/strong> intens\u012bv\u0101kai veipo\u0161anas pieredzei.<\/li>\n<\/ul>\n<h6>3. <strong>K\u0101du nikot\u012bna stiprumu pied\u0101v\u0101 Vookbar 30000 d\u016bmu?<\/strong><\/h6>\n<ul>\n<li>Vookbar Cyber PRO funkcijas <strong>5% nikot\u012bna stiprumu<\/strong>, nodro\u0161inot vienm\u0113r\u012bgu un apmierino\u0161u tvaiku.<\/li>\n<\/ul>\n<h6>4. <strong>Vai Vookbar Cyber PRO ir atk\u0101rtoti uzl\u0101d\u0113jams veips?<\/strong><\/h6>\n<ul>\n<li>J\u0101, tas ietver <strong>850mAh uzl\u0101d\u0113jams akumulators<\/strong> un atbalsta <strong>\u0101tra Type-C uzl\u0101de<\/strong>.<\/li>\n<\/ul>\n<h6>5. <strong>Vai 30k d\u016bmu veips Vookbar izmanto t\u012bkla spoles tehnolo\u0123iju?<\/strong><\/h6>\n<ul>\n<li>J\u0101, ier\u012bcei ir <strong>dubultu sieta spoles tehnolo\u0123iju<\/strong> vienm\u0113r\u012bgai gar\u0161ai un bl\u012bvai tvaiku ra\u017eo\u0161anai.<\/li>\n<\/ul>","protected":false},"excerpt":{"rendered":"<div class=\"flex-shrink-0 flex flex-col relative items-end\">\n<div>\n<div class=\"pt-0\">\n<div class=\"gizmo-bot-avatar flex h-8 w-8 items-center justify-center overflow-hidden rounded-full\">\n<div class=\"relative p-1 rounded-sm flex items-center justify-center bg-token-main-surface-primary text-token-text-primary h-8 w-8\"><\/div>\n<\/div>\n<\/div>\n<\/div>\n<\/div>\n<div class=\"group\/conversation-turn relative flex w-full min-w-0 flex-col agent-turn\">\n<div class=\"flex-col gap-1 md:gap-3\">\n<div class=\"flex max-w-full flex-col flex-grow\">\n<div class=\"min-h-8 text-message flex w-full flex-col items-end gap-2 whitespace-normal break-words text-start [.text-message+&amp;]:mt-5\" dir=\"auto\" data-message-author-role=\"assistant\" data-message-id=\"cffa29e8-f112-46da-81c0-9ed74f60547a\" data-message-model-slug=\"gpt-4o\">\n<div class=\"flex w-full flex-col gap-1 empty:hidden first:pt-[3px]\">\n<div class=\"markdown prose w-full break-words dark:prose-invert light\">\n<p>Vookbar Cyber PRO 30000 Puffs vienreizlietojamais tvaic\u0113t\u0101js, 5% nikot\u012bns, gluds dizains, liela ietilp\u012bba, ide\u0101li piem\u0113rots vairumtirdzniec\u012bbas un liela apjoma pas\u016bt\u012bjumiem.<\/p>\n<\/div>\n<\/div>\n<\/div>\n<\/div>\n<\/div>\n<\/div>\n<figure id=\"attachment_2951\" aria-describedby=\"caption-attachment-2951\" style=\"width: 265px\" class=\"wp-caption alignnone\"><img decoding=\"async\" class=\"size-medium wp-image-2951\" src=\"https:\/\/vapestornado.com\/wp-content\/uploads\/2024\/12\/Wholesale-Disposable-Vape-265x300.jpg\" alt=\"Vienreiz\u0113j\u0101s lieto\u0161anas Vape vairumtirdzniec\u012bba\" width=\"265\" height=\"300\" srcset=\"https:\/\/vapestornado.com\/wp-content\/uploads\/2024\/12\/Wholesale-Disposable-Vape-265x300.jpg 265w, https:\/\/vapestornado.com\/wp-content\/uploads\/2024\/12\/Wholesale-Disposable-Vape-768x871.jpg 768w, https:\/\/vapestornado.com\/wp-content\/uploads\/2024\/12\/Wholesale-Disposable-Vape-600x680.jpg 600w, https:\/\/vapestornado.com\/wp-content\/uploads\/2024\/12\/Wholesale-Disposable-Vape.jpg 823w\" sizes=\"(max-width: 265px) 100vw, 265px\" \/><figcaption id=\"caption-attachment-2951\" class=\"wp-caption-text\">L\u016bdzu, sazinieties ar Mandiju WhatsApp, lai sa\u0146emtu atlaides cenu\u00a0 <a href=\"https:\/\/wa.me\/8618077105796\">+8618077105796<\/a><\/figcaption><\/figure>\n<p>&nbsp;<\/p>","protected":false},"featured_media":3489,"comment_status":"open","ping_status":"closed","template":"","meta":{"_acf_changed":false,"_uag_custom_page_level_css":"","_lmt_disableupdate":"no","_lmt_disable":"","_monsterinsights_skip_tracking":false,"_monsterinsights_sitenote_active":false,"_monsterinsights_sitenote_note":"","_monsterinsights_sitenote_category":0,"site-sidebar-layout":"default","site-content-layout":"","ast-site-content-layout":"default","site-content-style":"default","site-sidebar-style":"default","ast-global-header-display":"","ast-banner-title-visibility":"","ast-main-header-display":"","ast-hfb-above-header-display":"","ast-hfb-below-header-display":"","ast-hfb-mobile-header-display":"","site-post-title":"","ast-breadcrumbs-content":"","ast-featured-img":"","footer-sml-layout":"","ast-disable-related-posts":"","theme-transparent-header-meta":"default","adv-header-id-meta":"","stick-header-meta":"","header-above-stick-meta":"","header-main-stick-meta":"","header-below-stick-meta":"","astra-migrate-meta-layouts":"set","ast-page-background-enabled":"default","ast-page-background-meta":{"desktop":{"background-color":"","background-image":"","background-repeat":"repeat","background-position":"center center","background-size":"auto","background-attachment":"scroll","background-type":"","background-media":"","overlay-type":"","overlay-color":"","overlay-opacity":"","overlay-gradient":""},"tablet":{"background-color":"","background-image":"","background-repeat":"repeat","background-position":"center center","background-size":"auto","background-attachment":"scroll","background-type":"","background-media":"","overlay-type":"","overlay-color":"","overlay-opacity":"","overlay-gradient":""},"mobile":{"background-color":"","background-image":"","background-repeat":"repeat","background-position":"center center","background-size":"auto","background-attachment":"scroll","background-type":"","background-media":"","overlay-type":"","overlay-color":"","overlay-opacity":"","overlay-gradient":""}},"ast-content-background-meta":{"desktop":{"background-color":"var(--ast-global-color-5)","background-image":"","background-repeat":"repeat","background-position":"center center","background-size":"auto","background-attachment":"scroll","background-type":"","background-media":"","overlay-type":"","overlay-color":"","overlay-opacity":"","overlay-gradient":""},"tablet":{"background-color":"var(--ast-global-color-5)","background-image":"","background-repeat":"repeat","background-position":"center center","background-size":"auto","background-attachment":"scroll","background-type":"","background-media":"","overlay-type":"","overlay-color":"","overlay-opacity":"","overlay-gradient":""},"mobile":{"background-color":"var(--ast-global-color-5)","background-image":"","background-repeat":"repeat","background-position":"center center","background-size":"auto","background-attachment":"scroll","background-type":"","background-media":"","overlay-type":"","overlay-color":"","overlay-opacity":"","overlay-gradient":""}},"_joinchat":{"telephone":"+8618077105796"}},"product_brand":[],"product_cat":[67,149,150,154,155],"product_tag":[97,188],"class_list":{"0":"post-3301","1":"product","2":"type-product","3":"status-publish","4":"has-post-thumbnail","6":"product_cat-30000-puff","7":"product_cat-buy-disposable-vapes-in-austria","8":"product_cat-buy-disposable-vapes-in-belgium","9":"product_cat-buy-disposable-vapes-in-netherlands","10":"product_cat-buy-disposable-vapes-in-norway","11":"product_tag-hot-sale-disposable-vape","12":"product_tag-vookbar-cyber-pro-30000-puffs","13":"desktop-align-left","14":"tablet-align-left","15":"mobile-align-left","17":"first","18":"instock","19":"sale","20":"shipping-taxable","21":"purchasable","22":"product-type-simple"},"acf":[],"uagb_featured_image_src":{"full":["https:\/\/vapestornado.com\/wp-content\/uploads\/2024\/12\/Best-Price-Vookbar-30000-Puff-Vapes.jpg",800,800,false],"thumbnail":["https:\/\/vapestornado.com\/wp-content\/uploads\/2024\/12\/Best-Price-Vookbar-30000-Puff-Vapes-150x150.jpg",150,150,true],"medium":["https:\/\/vapestornado.com\/wp-content\/uploads\/2024\/12\/Best-Price-Vookbar-30000-Puff-Vapes-300x300.jpg",300,300,true],"medium_large":["https:\/\/vapestornado.com\/wp-content\/uploads\/2024\/12\/Best-Price-Vookbar-30000-Puff-Vapes-768x768.jpg",768,768,true],"large":["https:\/\/vapestornado.com\/wp-content\/uploads\/2024\/12\/Best-Price-Vookbar-30000-Puff-Vapes.jpg",800,800,false],"1536x1536":["https:\/\/vapestornado.com\/wp-content\/uploads\/2024\/12\/Best-Price-Vookbar-30000-Puff-Vapes.jpg",800,800,false],"2048x2048":["https:\/\/vapestornado.com\/wp-content\/uploads\/2024\/12\/Best-Price-Vookbar-30000-Puff-Vapes.jpg",800,800,false],"trp-custom-language-flag":["https:\/\/vapestornado.com\/wp-content\/uploads\/2024\/12\/Best-Price-Vookbar-30000-Puff-Vapes.jpg",12,12,false],"woocommerce_thumbnail":["https:\/\/vapestornado.com\/wp-content\/uploads\/2024\/12\/Best-Price-Vookbar-30000-Puff-Vapes-300x300.jpg",300,300,true],"woocommerce_single":["https:\/\/vapestornado.com\/wp-content\/uploads\/2024\/12\/Best-Price-Vookbar-30000-Puff-Vapes-600x600.jpg",600,600,true],"woocommerce_gallery_thumbnail":["https:\/\/vapestornado.com\/wp-content\/uploads\/2024\/12\/Best-Price-Vookbar-30000-Puff-Vapes-100x100.jpg",100,100,true]},"uagb_author_info":{"display_name":"ESMANDY","author_link":"https:\/\/vapestornado.com\/lv\/author\/"},"uagb_comment_info":0,"uagb_excerpt":"Vookbar Cyber PRO 30000 Puffs Disposable Vape, 5% nicotine, sleek design, high capacity, ideal for wholesale and bulk orders. [caption id=\"attachment_2951\" align=\"alignnone\" width=\"265\"] Pls Contact Mandy's WhatsApp For Discount Price\u00a0 +8618077105796[\/caption] &nbsp;","_links":{"self":[{"href":"https:\/\/vapestornado.com\/lv\/wp-json\/wp\/v2\/product\/3301","targetHints":{"allow":["GET"]}}],"collection":[{"href":"https:\/\/vapestornado.com\/lv\/wp-json\/wp\/v2\/product"}],"about":[{"href":"https:\/\/vapestornado.com\/lv\/wp-json\/wp\/v2\/types\/product"}],"replies":[{"embeddable":true,"href":"https:\/\/vapestornado.com\/lv\/wp-json\/wp\/v2\/comments?post=3301"}],"wp:featuredmedia":[{"embeddable":true,"href":"https:\/\/vapestornado.com\/lv\/wp-json\/wp\/v2\/media\/3489"}],"wp:attachment":[{"href":"https:\/\/vapestornado.com\/lv\/wp-json\/wp\/v2\/media?parent=3301"}],"wp:term":[{"taxonomy":"product_brand","embeddable":true,"href":"https:\/\/vapestornado.com\/lv\/wp-json\/wp\/v2\/product_brand?post=3301"},{"taxonomy":"product_cat","embeddable":true,"href":"https:\/\/vapestornado.com\/lv\/wp-json\/wp\/v2\/product_cat?post=3301"},{"taxonomy":"product_tag","embeddable":true,"href":"https:\/\/vapestornado.com\/lv\/wp-json\/wp\/v2\/product_tag?post=3301"}],"curies":[{"name":"wp","href":"https:\/\/api.w.org\/{rel}","templated":true}]}}