{"id":3289,"date":"2024-12-20T06:26:27","date_gmt":"2024-12-20T06:26:27","guid":{"rendered":"https:\/\/vapestornado.com\/?post_type=product&#038;p=3289"},"modified":"2025-12-09T08:34:55","modified_gmt":"2025-12-09T08:34:55","slug":"aivono-flash-35000-puffs-rechargeable-disposable-vape-bulk-buy","status":"publish","type":"product","link":"https:\/\/vapestornado.com\/lv\/product\/aivono-flash-35000-puffs-rechargeable-disposable-vape-bulk-buy\/","title":{"rendered":"Aivono Flash 35000 uzp\u016btienu uzl\u0101d\u0113jams vienreiz\u0113j\u0101s lieto\u0161anas iztvaic\u0113t\u0101js vairum\u0101"},"content":{"rendered":"<h2 class=\"sr-only\">Aivono Flash 35000 Puffs Uzl\u0101d\u0113jams Vienreizlietojams Vape Regul\u0113jama D\u016bmo\u0161anas Re\u017e\u012bma un Dubult\u0101s T\u012bkl\u0161\u016bnu Spole<\/h2>\n<p><strong data-start=\"107\" data-end=\"135\">Aivono Flash 35000 Uzp\u016btienu<\/strong> ir augstas ietilp\u012bbas uzl\u0101d\u0113jams vienreizlietojams, kas paredz\u0113ts vaperiem, kuri v\u0113las ilgu darb\u012bbas laiku, skaidru kontroli un vilk\u0161anu, ko var piel\u0101got person\u012bgaj\u0101m v\u0113lm\u0113m. Ar <strong data-start=\"281\" data-end=\"303\">l\u012bdz 35 000 p\u016btieniem<\/strong> un <strong data-start=\"310\" data-end=\"334\">36ml iepriek\u0161 piepild\u012bts tvertne<\/strong>, tas ir izstr\u0101d\u0101ts, lai kalpotu ned\u0113\u013c\u0101m, nevis dien\u0101m. Tas <strong data-start=\"386\" data-end=\"404\">dubult\u0101 sieta spole<\/strong> nodro\u0161ina bl\u012bvu tvaiku un stabilu gar\u0161u, kam\u0113r <strong data-start=\"453\" data-end=\"487\">regul\u0113jama gaisa pl\u016bsma un jauda<\/strong> \u013cauj iestat\u012bt ier\u012bci t\u0101, k\u0101 v\u0113laties, nevis pie\u0146emt vienu un to pa\u0161u re\u017e\u012bmu. A <strong data-start=\"580\" data-end=\"603\">izliektais gudrais ekr\u0101ns<\/strong> sniedz inform\u0101ciju par akumulatora un \u0161\u0137idruma l\u012bmeni, un <strong data-start=\"652\" data-end=\"666\">b\u0113rnu aizsl\u0113gs<\/strong> pie\u0161\u0137ir papildu praktisku dro\u0161\u012bbas l\u012bmeni.<\/p>\n<h3 data-start=\"921\" data-end=\"996\">K\u0101p\u0113c Aivono Flash 35000 Puffs ir laba izv\u0113le Latvijas vaperiem?<\/h3>\n<ul data-start=\"998\" data-end=\"1872\">\n<li data-start=\"998\" data-end=\"1192\">\n<p data-start=\"1000\" data-end=\"1192\"><strong data-start=\"1000\" data-end=\"1037\">Ietilp\u012bba, ko atbalsta re\u0101las specifik\u0101cijas.<\/strong> 35K pras\u012bba ir balst\u012bta uz <strong data-start=\"1065\" data-end=\"1085\">36 ml e-\u0161\u0137idruma<\/strong> un uzl\u0101d\u0113jamu akumulatoru, t\u0101p\u0113c ier\u012bce re\u0101li var nodro\u0161in\u0101t ilgsto\u0161u lieto\u0161anu bez agr\u012bnas iz\u017e\u016b\u0161anas.<\/p>\n<\/li>\n<li data-start=\"1194\" data-end=\"1399\">\n<p data-start=\"1196\" data-end=\"1399\"><strong data-start=\"1196\" data-end=\"1237\">Piel\u0101gojumi, kas main\u0101s ikdienas lieto\u0161an\u0101.<\/strong> <strong data-start=\"1238\" data-end=\"1283\">Divu \u0101trumu gaisa pl\u016bsma un regul\u0113jama jauda<\/strong> \u013cauj noregul\u0113t vilk\u0161anas un tvaika l\u012bmeni \u2014 stingr\u0101ku un mier\u012bg\u0101ku dienas laik\u0101, atv\u0113rt\u0101ku un sp\u0113c\u012bg\u0101ku, kad to v\u0113laties.<\/p>\n<\/li>\n<li data-start=\"1401\" data-end=\"1580\">\n<p data-start=\"1403\" data-end=\"1580\"><strong data-start=\"1403\" data-end=\"1443\">Dubult\u0101s t\u012bkl\u0161\u016bnu spoles nodro\u0161ina stabilu gar\u0161u.<\/strong> T\u012bkl\u0161\u016bnu apkure izplat\u0101s vienm\u0113r\u012bgi. Ilgsto\u0161as lieto\u0161anas laik\u0101 tas noz\u012bm\u0113 <strong data-start=\"1504\" data-end=\"1546\">Maz\u0101k gar\u0161as zuduma un maz\u0101k asu sitienu<\/strong> sal\u012bdzin\u0101jum\u0101 ar standarta spir\u0101les uzst\u0101d\u012bjumiem.<\/p>\n<\/li>\n<li data-start=\"1582\" data-end=\"1757\">\n<p data-start=\"1584\" data-end=\"1757\"><strong data-start=\"1584\" data-end=\"1641\">Atk\u0101rtoti uzl\u0101d\u0113jama kobalta akumulators ir izstr\u0101d\u0101ts konsekventam darb\u012bbai.<\/strong> T\u0101 <strong data-start=\"1646\" data-end=\"1690\">850mAh akumulators ar Type-C \u0101tr\u0101s uzl\u0101des iesp\u0113ju<\/strong> saglab\u0101 maz\u0101ku d\u012bkst\u0101vi un stabilu jaudu l\u012bdz tvertnes iztuk\u0161o\u0161anai.<\/p>\n<\/li>\n<li data-start=\"1759\" data-end=\"1872\">\n<p data-start=\"1761\" data-end=\"1872\"><strong data-start=\"1761\" data-end=\"1787\">Vienk\u0101r\u0161a dro\u0161\u012bbas uzlabo\u0161ana.<\/strong> T\u0101 <strong data-start=\"1792\" data-end=\"1806\">b\u0113rnu aizsl\u0113gs<\/strong> ir re\u0101la priek\u0161roc\u012bba m\u0101jsaimniec\u012bb\u0101m un ce\u013cojumiem, nevis rekl\u0101mas triks.<\/p>\n<\/li>\n<\/ul>\n<p><strong>Pievienojiet Eimijas Whatsapp, lai sa\u0146emtu pareizo atbildi un vape kuponu!<\/strong><\/p>\n<p><img fetchpriority=\"high\" decoding=\"async\" class=\"size-full wp-image-2932\" src=\"https:\/\/vapestornado.com\/wp-content\/uploads\/2024\/12\/Vape-Wholesale.jpg\" alt=\"Veipu Vairumtirdzniec\u012bba\" width=\"229\" height=\"300\" \/><\/p>\n<h3><a href=\"https:\/\/wa.me\/8617776015835\" target=\"_blank\" rel=\"noopener\"><span style=\"color: #ff0000;\"><strong>WhatsApp: +86 17776015835<\/strong><\/span><\/a><\/h3>\n<p>&nbsp;<\/p>\n<p><span style=\"font-size: 1.5em; font-weight: bold;\">Aivono Flash 35000 Galven\u0101s produkta \u012bpa\u0161\u012bbas\u00a0<\/span><\/p>\n<div role=\"article\" data-tabster=\"{&quot;groupper&quot;:{&quot;tabbability&quot;:2},&quot;focusable&quot;:{}}\" data-content=\"ai-message\" aria-labelledby=\"juhNTJ6o7Gk1cgwZMJgv2-author juhNTJ6o7Gk1cgwZMJgv2-content\">\n<div id=\"juhNTJ6o7Gk1cgwZMJgv2-content\">\n<div role=\"article\" data-tabster=\"{&quot;groupper&quot;:{&quot;tabbability&quot;:2},&quot;focusable&quot;:{}}\" data-content=\"ai-message\" aria-labelledby=\"x4EZuCZWrTbh3weWUt7CU-author x4EZuCZWrTbh3weWUt7CU-content\">\n<div id=\"x4EZuCZWrTbh3weWUt7CU-content\">\n<table>\n<thead>\n<tr>\n<th>\u012apa\u0161\u012bba<\/th>\n<th>Spec<\/th>\n<th>Deta\u013cas<\/th>\n<\/tr>\n<\/thead>\n<tbody>\n<tr>\n<td>Pufiju ietilp\u012bba<\/td>\n<td>L\u012bdz 35 000 p\u016btienu<\/td>\n<td>Papla\u0161in\u0101ta kalpo\u0161anas laiks, kas paredz\u0113ts vair\u0101kas ned\u0113\u013cas ilgam lieto\u0161anai.<\/td>\n<\/tr>\n<tr>\n<td>E-\u0161\u0137idruma tilpums<\/td>\n<td>36 ml iepriek\u0161pild\u012bts<\/td>\n<td>Liels rezervu\u0101rs atbalsta garas sesijas un stabilu izpl\u016bdi.<\/td>\n<\/tr>\n<tr>\n<td>Spir\u0101les sist\u0113ma<\/td>\n<td>Divk\u0101r\u0161a sieta spole<\/td>\n<td>Vienm\u0113r\u012bga sild\u012b\u0161ana bl\u012bvas tvaika un ilgsto\u0161as gar\u0161as nodro\u0161in\u0101\u0161anai.<\/td>\n<\/tr>\n<tr>\n<td>Akumulators<\/td>\n<td>850 mAh uzl\u0101d\u0113jams kobalta akumulators<\/td>\n<td>Uzticama jaudas pieg\u0101de; uzl\u0101d\u0113jiet, lai izmantotu pilnu tvertni.<\/td>\n<\/tr>\n<tr>\n<td>Uzl\u0101de<\/td>\n<td>Type-C \u0101tr\u0101s uzl\u0101des<\/td>\n<td>\u0100tri papildin\u0101jumi ar moderniem ES standarta kabe\u013ciem.<\/td>\n<\/tr>\n<tr>\n<td>Gaisa pl\u016bsma<\/td>\n<td>Regul\u0113jams, divu \u0101trumu<\/td>\n<td>P\u0101rsl\u0113dziet starp cie\u0161\u0101ku MTL un gais\u012bg\u0101ku DTL stilu.<\/td>\n<\/tr>\n<tr>\n<td>Watt\u0101\u017ea<\/td>\n<td>Regul\u0113jams izvads<\/td>\n<td>Personaliz\u0113 tvaika stiprumu un siltumu.<\/td>\n<\/tr>\n<tr>\n<td>Displejs<\/td>\n<td>Gudrs izliekts ekr\u0101ns<\/td>\n<td>Tie\u0161raides akumulatora + e-\u0161\u0137idruma st\u0101voklis, viegli las\u0101ms.<\/td>\n<\/tr>\n<tr>\n<td>Dro\u0161\u012bba<\/td>\n<td>B\u0113rnu aizsl\u0113gums<\/td>\n<td>Samazina nejau\u0161u aktiviz\u0101ciju un nodro\u0161ina mieru sirdij.<\/td>\n<\/tr>\n<tr>\n<td>Nikot\u012bna stiprums<\/td>\n<td>0% \/ 2% \/ 5% s\u0101ls nikot\u012bns<\/td>\n<td>Nikot\u012bna nesaturo\u0161i, zemi un stipri varianti.<\/td>\n<\/tr>\n<tr>\n<td>Arom\u0101ti<\/td>\n<td>15 gar\u0161as<\/td>\n<td>Pla\u0161s kl\u0101sts, ieskaitot aug\u013cu un dzes\u0113jo\u0161as profils.<\/td>\n<\/tr>\n<\/tbody>\n<\/table>\n<figure id=\"attachment_3284\" aria-describedby=\"caption-attachment-3284\" style=\"width: 800px\" class=\"wp-caption alignnone\"><img decoding=\"async\" class=\"wp-image-3284 size-full\" src=\"https:\/\/vapestornado.com\/wp-content\/uploads\/2024\/12\/AIVONO-FLASH-35000-Disposable-Vape-Wholesale.jpg\" alt=\"AIVONO FLASH 35000 vienreiz\u0113j\u0101s lieto\u0161anas veipu vairumtirdzniec\u012bba\" width=\"800\" height=\"800\" srcset=\"https:\/\/vapestornado.com\/wp-content\/uploads\/2024\/12\/AIVONO-FLASH-35000-Disposable-Vape-Wholesale.jpg 800w, https:\/\/vapestornado.com\/wp-content\/uploads\/2024\/12\/AIVONO-FLASH-35000-Disposable-Vape-Wholesale-300x300.jpg 300w, https:\/\/vapestornado.com\/wp-content\/uploads\/2024\/12\/AIVONO-FLASH-35000-Disposable-Vape-Wholesale-150x150.jpg 150w, https:\/\/vapestornado.com\/wp-content\/uploads\/2024\/12\/AIVONO-FLASH-35000-Disposable-Vape-Wholesale-768x768.jpg 768w, https:\/\/vapestornado.com\/wp-content\/uploads\/2024\/12\/AIVONO-FLASH-35000-Disposable-Vape-Wholesale-600x600.jpg 600w, https:\/\/vapestornado.com\/wp-content\/uploads\/2024\/12\/AIVONO-FLASH-35000-Disposable-Vape-Wholesale-100x100.jpg 100w\" sizes=\"(max-width: 800px) 100vw, 800px\" \/><figcaption id=\"caption-attachment-3284\" class=\"wp-caption-text\">AIVONO FLASH 35000 vienreiz\u0113j\u0101s lieto\u0161anas veipu vairumtirdzniec\u012bba<\/figcaption><\/figure>\n<\/div>\n<\/div>\n<\/div>\n<\/div>\n<h2 class=\"product-title\"><strong>Popul\u0101rs arom\u0101ts priek\u0161 Aivono Flash 35000 Puffs<\/strong><\/h2>\n<h3><\/h3>\n<ol>\n<li>Zeme\u0146u ledus<\/li>\n<li>Zeme\u0146u Arb\u016bzs<strong> <span style=\"color: #ff0000;\">&gt;&gt;&gt;&gt;&gt; Karsts!<\/span><\/strong><\/li>\n<li>Ave\u0146u \u0136irsis<\/li>\n<li>Zil\u0101 Avene <strong><span style=\"color: #ff0000;\">&gt;&gt;&gt;&gt;&gt; Karsts!<\/span><\/strong><\/li>\n<li>Citronu piparm\u0113tra<\/li>\n<li>Persiku sula<\/li>\n<li>Melle\u0146u v\u012bnogas<\/li>\n<li>Arb\u016bzu ledus<\/li>\n<li>\u0100bolu oga<\/li>\n<li>Mango Anan\u0101su<\/li>\n<li>Zilais ran\u010do<\/li>\n<li>Zeme\u0146u sald\u0113jums<\/li>\n<li>V\u012bnogu ledus<\/li>\n<li>Ogu sajaukums <strong><span style=\"color: #ff0000;\">&gt;&gt;&gt;&gt;&gt; Lab\u0101kais !<\/span><\/strong><\/li>\n<li>Zeme\u0146u kivi<\/li>\n<\/ol>\n<h3>K\u0101p\u0113c izv\u0113l\u0113ties vapestornado priek\u0161 Aivono Flash 35000 Puffs Vape vairumtirdzniec\u012bba?<\/h3>\n<div class=\"flex-shrink-0 flex flex-col relative items-end\">\n<div class=\"pt-0\">\n<div class=\"gizmo-bot-avatar flex h-8 w-8 items-center justify-center overflow-hidden rounded-full\">\n<div class=\"relative p-1 rounded-sm flex items-center justify-center bg-token-main-surface-primary text-token-text-primary h-8 w-8\">\n<p>Laipni l\u016bdzam vapestornado, j\u016bsu uzticamaj\u0101 tie\u0161saistes vape veikal\u0101, kur\u0101 var ieg\u0101d\u0101ties augst\u0101k\u0101s kvalit\u0101tes vienreiz\u0113j\u0101s lieto\u0161anas vapes. Ar vair\u0101k nek\u0101 5 gadu pieredzi m\u0113s pied\u0101v\u0101jam popul\u0101rus vienreiz\u0113j\u0101s lieto\u0161anas vape z\u012bmolus, piem\u0113ram, Fumot RandM Vape, <a href=\"https:\/\/vapestornado.com\/lv\/product\/vapme-crystal-7000-puffs-rechargeable-disposable-vape-wholesale-cheap-price\/\">Vapme<\/a>, Bang Vape, Waspe Vape un WGA Vape, u.c.<\/p>\n<p>M\u016bsu kl\u0101st\u0101 ir iek\u013cauti karstie izp\u0101rdo\u0161anas veipi, piem\u0113ram, <a href=\"https:\/\/vapestornado.com\/lv\/product\/fumot-randm-tornado-15000-puffs-rechargeable-disposable-vape-wholesale\/\">RandM Tornado 15000<\/a>, un bag\u0101t\u012bgas gar\u0161as izv\u0113les, piem\u0113ram, <a href=\"https:\/\/vapestornado.com\/lv\/product\/vapsolo-dg-18000-puffs-smart-screen-wholesale-disposable-cheap-vapes\/\">\u00a0Vapsolo DG18000 Puffs<\/a> . Katrs produkts ir izv\u0113l\u0113ts, koncentr\u0113joties uz kvalit\u0101ti, v\u0113rt\u012bbu un daudzveid\u012bbu, nodro\u0161inot, ka j\u016bs atrad\u012bsiet perfektu atbilst\u012bbu sav\u0101m vajadz\u012bb\u0101m. Atkl\u0101jiet izcilu servisu un pla\u0161u popul\u0101r\u0101ko produktu kl\u0101stu par vairumtirdzniec\u012bbas cen\u0101m vietn\u0113 vapestornado.<\/p>\n<\/div>\n<h3><\/h3>\n<div class=\"relative p-1 rounded-sm flex items-center justify-center bg-token-main-surface-primary text-token-text-primary h-8 w-8\">\n<h3>Bie\u017ei uzdotie jaut\u0101jumi par Aivono Flash 35k vienreiz\u0113j\u0101s lieto\u0161anas vape<\/h3>\n<\/div>\n<\/div>\n<\/div>\n<\/div>\n<div class=\"flex-shrink-0 flex flex-col relative items-end\">\n<div class=\"pt-0\">\n<div class=\"gizmo-bot-avatar flex h-8 w-8 items-center justify-center overflow-hidden rounded-full\">\n<div class=\"relative p-1 rounded-sm flex items-center justify-center bg-token-main-surface-primary text-token-text-primary h-8 w-8\">\n<div class=\"mb-2 flex gap-3 empty:hidden -ml-2\">\n<div role=\"article\" data-tabster=\"{&quot;groupper&quot;:{&quot;tabbability&quot;:2},&quot;focusable&quot;:{}}\" data-content=\"ai-message\" aria-labelledby=\"Vdt5ez4X7Tg813x6rFVha-author Vdt5ez4X7Tg813x6rFVha-content\">\n<div id=\"Vdt5ez4X7Tg813x6rFVha-content\">\n<div role=\"article\" data-tabster=\"{&quot;groupper&quot;:{&quot;tabbability&quot;:2},&quot;focusable&quot;:{}}\" data-content=\"ai-message\" aria-labelledby=\"o968oC7CEo2fGHsGdsRYC-author o968oC7CEo2fGHsGdsRYC-content\">\n<div id=\"o968oC7CEo2fGHsGdsRYC-content\">\n<div class=\"flex max-w-full flex-col flex-grow\">\n<div class=\"min-h-8 text-message flex w-full flex-col items-end gap-2 whitespace-normal break-words text-start [.text-message+&amp;]:mt-5\" dir=\"auto\" data-message-author-role=\"assistant\" data-message-id=\"b080906d-586a-45a5-bbed-ade28bd7e809\" data-message-model-slug=\"gpt-4o\">\n<div class=\"flex w-full flex-col gap-1 empty:hidden first:pt-[3px]\">\n<div class=\"markdown prose w-full break-words dark:prose-invert light\">\n<ol data-start=\"3738\" data-end=\"4924\">\n<li data-start=\"3738\" data-end=\"3959\">\n<p data-start=\"3741\" data-end=\"3959\"><strong data-start=\"3741\" data-end=\"3827\">K\u0101 Aivono Flash 35000 Puffs dubult\u0101 re\u017e\u0123a spir\u0101les ietekm\u0113 gar\u0161u ilgsto\u0161as lieto\u0161anas laik\u0101?<\/strong><br data-start=\"3827\" data-end=\"3830\" \/>Dubult\u0101s re\u017e\u0123a spir\u0101les silda vienm\u0113r\u012bg\u0101k nek\u0101 vienk\u0101r\u0161\u0101s vadu spir\u0101les, pal\u012bdzot Flash 35K saglab\u0101t gar\u0161u dzi\u013c\u0101k 36 ml tvertn\u0113.<\/p>\n<\/li>\n<li data-start=\"3961\" data-end=\"4212\">\n<p data-start=\"3964\" data-end=\"4212\"><strong data-start=\"3964\" data-end=\"4065\">K\u0101da ir regul\u0113jama jaudas priek\u0161roc\u012bba uz Aivono Flash 35000 uzl\u0101d\u0113jam\u0101s vienreiz\u0113j\u0101s vape?<\/strong><br data-start=\"4065\" data-end=\"4068\" \/>Regul\u0113jama jauda \u013cauj kontrol\u0113t tvaika siltumu un intensit\u0101ti. Zem\u0101kas iestat\u012bjumi piem\u0113roti glud\u0101kai ikdienas ieelpo\u0161anai, augst\u0101kas \u2013 biez\u0101kiem m\u0101ko\u0146iem.<\/p>\n<\/li>\n<li data-start=\"4214\" data-end=\"4429\">\n<p data-start=\"4217\" data-end=\"4429\"><strong data-start=\"4217\" data-end=\"4297\">Vai Aivono Flash 35K divu \u0101trumu gaisa pl\u016bsmas re\u017e\u012bms darbojas gan MTL, gan DTL lietot\u0101jiem?<\/strong><br data-start=\"4297\" data-end=\"4300\" \/>J\u0101. Cie\u0161\u0101ka gaisa pl\u016bsmas iestat\u012bjums atbalsta MTL stila ieelpo\u0161anu, bet atv\u0113rt\u0101ks iestat\u012bjums dod DTL lietot\u0101jiem br\u012bv\u0101ku, augst\u0101ku tvaika ieelpo\u0161anu.<\/p>\n<\/li>\n<li data-start=\"4431\" data-end=\"4670\">\n<p data-start=\"4434\" data-end=\"4670\"><strong data-start=\"4434\" data-end=\"4533\">Vai Aivono Flash 35000 Type-C uzl\u0101d\u0113jam\u0101 vienreiz\u0113j\u0101 vape var piln\u012bb\u0101 izlietot visu 36 ml e-\u0161\u0137idruma tvertni?<\/strong><br data-start=\"4533\" data-end=\"4536\" \/>Tas ir t\u0101s uzl\u0101des dizaina m\u0113r\u0137is. Ja akumulators iztuk\u0161ojas pirms \u0161\u0137idruma izlieto\u0161anas, \u0101tra Type-C uzl\u0101de to turpina darboties.<\/p>\n<\/li>\n<li data-start=\"4672\" data-end=\"4924\">\n<p data-start=\"4675\" data-end=\"4924\"><strong data-start=\"4675\" data-end=\"4785\">Vai Aivono Flash 35000 Puffs augstas ietilp\u012bbas vape ir piem\u0113rots smagiem lietot\u0101jiem, kuri v\u0113las stabilu tvaika ra\u017eo\u0161anu?<\/strong><br data-start=\"4785\" data-end=\"4788\" \/>Tas ir paredz\u0113ts \u0161im re\u017e\u012bmam: liela \u0161\u0137idruma tilpums, dubult\u0101s re\u017e\u0123a spir\u0101les un regul\u0113jama jauda nodro\u0161ina tvaika bl\u012bvumu ilgsto\u0161\u0101s sesij\u0101s.<\/p>\n<\/li>\n<\/ol>\n<\/div>\n<\/div>\n<\/div>\n<\/div>\n<\/div>\n<\/div>\n<\/div>\n<\/div>\n<\/div>\n<\/div>\n<\/div>\n<\/div>\n<\/div>","protected":false},"excerpt":{"rendered":"<p>Aivono Aim Flash 35000 Dvesmas 21% 5% Zems nikot\u012bna vienreiz\u0113j\u0101s lieto\u0161anas tvaiku vairumtirdzniec\u012bbas cena<br \/>\nAivono Flash 35000 dvesmu atk\u0101rtoti uzl\u0101d\u0113jams vienreiz\u0113j\u0101s lieto\u0161anas tvaiks vairumtirdzniec\u012bb\u0101<br \/>\nL\u0113ti no r\u016bpn\u012bcas Aivono Aim Flash 35000 dvesmas 21% 5% zema nikot\u012bna vienreiz\u0113j\u0101s lieto\u0161anas tvaiks<\/p>\n<p><strong>Pievienojiet Eimijas whatsapp, lai sa\u0146emtu pareizu atbildi un iztvaic\u0113t\u0101ja kuponu!<\/strong><\/p>\n<p><img fetchpriority=\"high\" decoding=\"async\" class=\"size-full wp-image-2932\" src=\"https:\/\/vapestornado.com\/wp-content\/uploads\/2024\/12\/Vape-Wholesale.jpg\" alt=\"Veipu Vairumtirdzniec\u012bba\" width=\"229\" height=\"300\" \/><\/p>\n<h3><a href=\"https:\/\/wa.me\/8617776015835\"><span style=\"color: #ff0000;\"><strong>WhatsApp: +86 17776015835<\/strong><\/span><\/a><\/h3>\n<p>&nbsp;<\/p>","protected":false},"featured_media":3283,"comment_status":"open","ping_status":"closed","template":"","meta":{"_acf_changed":false,"_uag_custom_page_level_css":"","_lmt_disableupdate":"no","_lmt_disable":"","_monsterinsights_skip_tracking":false,"_monsterinsights_sitenote_active":false,"_monsterinsights_sitenote_note":"","_monsterinsights_sitenote_category":0,"site-sidebar-layout":"default","site-content-layout":"","ast-site-content-layout":"default","site-content-style":"default","site-sidebar-style":"default","ast-global-header-display":"","ast-banner-title-visibility":"","ast-main-header-display":"","ast-hfb-above-header-display":"","ast-hfb-below-header-display":"","ast-hfb-mobile-header-display":"","site-post-title":"","ast-breadcrumbs-content":"","ast-featured-img":"","footer-sml-layout":"","ast-disable-related-posts":"","theme-transparent-header-meta":"default","adv-header-id-meta":"","stick-header-meta":"","header-above-stick-meta":"","header-main-stick-meta":"","header-below-stick-meta":"","astra-migrate-meta-layouts":"set","ast-page-background-enabled":"default","ast-page-background-meta":{"desktop":{"background-color":"","background-image":"","background-repeat":"repeat","background-position":"center center","background-size":"auto","background-attachment":"scroll","background-type":"","background-media":"","overlay-type":"","overlay-color":"","overlay-opacity":"","overlay-gradient":""},"tablet":{"background-color":"","background-image":"","background-repeat":"repeat","background-position":"center center","background-size":"auto","background-attachment":"scroll","background-type":"","background-media":"","overlay-type":"","overlay-color":"","overlay-opacity":"","overlay-gradient":""},"mobile":{"background-color":"","background-image":"","background-repeat":"repeat","background-position":"center center","background-size":"auto","background-attachment":"scroll","background-type":"","background-media":"","overlay-type":"","overlay-color":"","overlay-opacity":"","overlay-gradient":""}},"ast-content-background-meta":{"desktop":{"background-color":"var(--ast-global-color-5)","background-image":"","background-repeat":"repeat","background-position":"center center","background-size":"auto","background-attachment":"scroll","background-type":"","background-media":"","overlay-type":"","overlay-color":"","overlay-opacity":"","overlay-gradient":""},"tablet":{"background-color":"var(--ast-global-color-5)","background-image":"","background-repeat":"repeat","background-position":"center center","background-size":"auto","background-attachment":"scroll","background-type":"","background-media":"","overlay-type":"","overlay-color":"","overlay-opacity":"","overlay-gradient":""},"mobile":{"background-color":"var(--ast-global-color-5)","background-image":"","background-repeat":"repeat","background-position":"center center","background-size":"auto","background-attachment":"scroll","background-type":"","background-media":"","overlay-type":"","overlay-color":"","overlay-opacity":"","overlay-gradient":""}},"_joinchat":{"telephone":"+8617776015835"}},"product_brand":[],"product_cat":[175,176,151,157,158,142,144],"product_tag":[185,165,97,166,184,94],"class_list":{"0":"post-3289","1":"product","2":"type-product","3":"status-publish","4":"has-post-thumbnail","6":"product_cat-35000-puff","7":"product_cat-aivono-vape","8":"product_cat-buy-disposable-vapes-in-france","9":"product_cat-buy-disposable-vapes-in-portugal","10":"product_cat-buy-disposable-vapes-in-spain","11":"product_cat-digital-box-disposable-vapes","12":"product_cat-low-nicotine-disposable-vapes","13":"product_tag-aivono-flash-35000-puffs","14":"product_tag-cheap-vapes","15":"product_tag-hot-sale-disposable-vape","16":"product_tag-low-nicotine-vape","17":"product_tag-puff-35k","18":"product_tag-rechargeable-disposable-vape","19":"desktop-align-left","20":"tablet-align-left","21":"mobile-align-left","23":"first","24":"instock","25":"sale","26":"shipping-taxable","27":"purchasable","28":"product-type-simple"},"acf":[],"uagb_featured_image_src":{"full":["https:\/\/vapestornado.com\/wp-content\/uploads\/2024\/12\/Aivono-35000-Puffs-Disposable-Vape-Wholesale.jpg",800,800,false],"thumbnail":["https:\/\/vapestornado.com\/wp-content\/uploads\/2024\/12\/Aivono-35000-Puffs-Disposable-Vape-Wholesale-150x150.jpg",150,150,true],"medium":["https:\/\/vapestornado.com\/wp-content\/uploads\/2024\/12\/Aivono-35000-Puffs-Disposable-Vape-Wholesale-300x300.jpg",300,300,true],"medium_large":["https:\/\/vapestornado.com\/wp-content\/uploads\/2024\/12\/Aivono-35000-Puffs-Disposable-Vape-Wholesale-768x768.jpg",768,768,true],"large":["https:\/\/vapestornado.com\/wp-content\/uploads\/2024\/12\/Aivono-35000-Puffs-Disposable-Vape-Wholesale.jpg",800,800,false],"1536x1536":["https:\/\/vapestornado.com\/wp-content\/uploads\/2024\/12\/Aivono-35000-Puffs-Disposable-Vape-Wholesale.jpg",800,800,false],"2048x2048":["https:\/\/vapestornado.com\/wp-content\/uploads\/2024\/12\/Aivono-35000-Puffs-Disposable-Vape-Wholesale.jpg",800,800,false],"trp-custom-language-flag":["https:\/\/vapestornado.com\/wp-content\/uploads\/2024\/12\/Aivono-35000-Puffs-Disposable-Vape-Wholesale.jpg",12,12,false],"woocommerce_thumbnail":["https:\/\/vapestornado.com\/wp-content\/uploads\/2024\/12\/Aivono-35000-Puffs-Disposable-Vape-Wholesale-300x300.jpg",300,300,true],"woocommerce_single":["https:\/\/vapestornado.com\/wp-content\/uploads\/2024\/12\/Aivono-35000-Puffs-Disposable-Vape-Wholesale-600x600.jpg",600,600,true],"woocommerce_gallery_thumbnail":["https:\/\/vapestornado.com\/wp-content\/uploads\/2024\/12\/Aivono-35000-Puffs-Disposable-Vape-Wholesale-100x100.jpg",100,100,true]},"uagb_author_info":{"display_name":"ESAMY","author_link":"https:\/\/vapestornado.com\/lv\/author\/"},"uagb_comment_info":0,"uagb_excerpt":"Aivono Aim Flash 35000 Puffs 2% 5% Low Nicotine Disposable Vape Bulk Buy Price Aivono Flash 35000 Puffs Rechargeable Disposable Vape Wholesale Cheap Factory\u00a0Aivono Aim Flash 35000 Puffs 2% 5% Low Nicotine Disposable Vape Add Amy's whatsapp get right reply and vape vape coupon! WhatsApp: +86 17776015835 &nbsp;","_links":{"self":[{"href":"https:\/\/vapestornado.com\/lv\/wp-json\/wp\/v2\/product\/3289","targetHints":{"allow":["GET"]}}],"collection":[{"href":"https:\/\/vapestornado.com\/lv\/wp-json\/wp\/v2\/product"}],"about":[{"href":"https:\/\/vapestornado.com\/lv\/wp-json\/wp\/v2\/types\/product"}],"replies":[{"embeddable":true,"href":"https:\/\/vapestornado.com\/lv\/wp-json\/wp\/v2\/comments?post=3289"}],"wp:featuredmedia":[{"embeddable":true,"href":"https:\/\/vapestornado.com\/lv\/wp-json\/wp\/v2\/media\/3283"}],"wp:attachment":[{"href":"https:\/\/vapestornado.com\/lv\/wp-json\/wp\/v2\/media?parent=3289"}],"wp:term":[{"taxonomy":"product_brand","embeddable":true,"href":"https:\/\/vapestornado.com\/lv\/wp-json\/wp\/v2\/product_brand?post=3289"},{"taxonomy":"product_cat","embeddable":true,"href":"https:\/\/vapestornado.com\/lv\/wp-json\/wp\/v2\/product_cat?post=3289"},{"taxonomy":"product_tag","embeddable":true,"href":"https:\/\/vapestornado.com\/lv\/wp-json\/wp\/v2\/product_tag?post=3289"}],"curies":[{"name":"wp","href":"https:\/\/api.w.org\/{rel}","templated":true}]}}