{"id":3246,"date":"2024-12-19T07:46:10","date_gmt":"2024-12-19T07:46:10","guid":{"rendered":"https:\/\/vapestornado.com\/?post_type=product&#038;p=3246"},"modified":"2025-08-23T12:26:13","modified_gmt":"2025-08-23T12:26:13","slug":"vapsolo-king-10000-puffs-2-5-low-nicotine-rechargeable-disposable-vapes-pen-wholesale-bulk-buy","status":"publish","type":"product","link":"https:\/\/vapestornado.com\/lv\/product\/vapsolo-king-10000-puffs-2-5-low-nicotine-rechargeable-disposable-vapes-pen-wholesale-bulk-buy\/","title":{"rendered":"Vapsolo King 10000 dvesmas 2% 5% zema nikot\u012bna atk\u0101rtoti uzl\u0101d\u0113jamas vienreiz\u0113j\u0101s lieto\u0161anas vape pildspalvas vairumtirdzniec\u012bba"},"content":{"rendered":"<h1 class=\"product-title\">Vapsolo King 10000 dvesmas 2% 5% zema nikot\u012bna atk\u0101rtoti uzl\u0101d\u0113jamas vienreiz\u0113j\u0101s lieto\u0161anas vape pildspalvas vairumtirdzniec\u012bba<\/h1>\n<p>T\u0101 <strong>Vapsolo King 10000 uzp\u016btienu zema nikot\u012bna uzl\u0101d\u0113jama vienreiz\u0113j\u0101s lieto\u0161anas iztvaic\u0113t\u0101ja pildspalva<\/strong> ir izcila izv\u0113le tvaic\u0113t\u0101jiem, kuri mekl\u0113 <strong>ilgsto\u0161u darb\u012bbu<\/strong>, <strong>piel\u0101gojamu gaisa pl\u016bsmu<\/strong>, un izcilu v\u0113rt\u012bbu. Ar iespaid\u012bgu <strong>10 000 uzp\u016btieniem<\/strong> vien\u0101 ier\u012bc\u0113 \u0161is iztvaic\u0113t\u0101js nodro\u0161ina ilgsto\u0161u apmierin\u0101jumu bez nepiecie\u0161am\u012bbas bie\u017ei nomain\u012bt.<\/p>\n<p>T\u0101 <strong>20 ml e-\u0161\u0137idruma ietilp\u012bba<\/strong> savienojum\u0101 ar <strong>acu spoles tehnolo\u0123ija<\/strong> nodro\u0161ina vienm\u0113r\u012bgu tvaika ra\u017eo\u0161anu un izcilu gar\u0161u katr\u0101 uzp\u016btien\u0101. The <strong>650mAh uzl\u0101d\u0113jams akumulators<\/strong> nodro\u0161ina nemain\u012bgu jaudu, un <strong>C tipa \u0101tr\u0101 uzl\u0101de<\/strong> \u013cauj jums b\u016bt gatavam tvaic\u0113\u0161anai ar minim\u0101lu d\u012bkst\u0101vi.<\/p>\n<p>Izstr\u0101d\u0101ts personaliz\u0101cijai, <strong>regul\u0113jamu gaisa pl\u016bsmu<\/strong> funkcija pied\u0101v\u0101 tr\u012bs iestat\u012bjumus, kas atbilst j\u016bsu v\u0113lamajam tvaic\u0113\u0161anas stilam \u2014 neatkar\u012bgi no t\u0101, vai jums pat\u012bk stingr\u0101ka vilkme vai atv\u0113rt\u0101ka gaisa pl\u016bsma. T\u0101 <strong>viegls un p\u0101rn\u0113s\u0101jams dizains<\/strong>, sver tikai 95g, padarot to perfektu tvaic\u0113t\u0101jiem, kas atrodas ce\u013c\u0101. Turkl\u0101t ar <strong>vairumtirdzniec\u012bbas cen\u0101m<\/strong>, Vapsolo King 10000 ir pieejams un uzticams risin\u0101jums gan priv\u0101tperson\u0101m, gan mazumtirgot\u0101jiem.<\/p>\n<p>&nbsp;<\/p>\n<p><strong>Pievienojiet Eimijas Whatsapp, lai sa\u0146emtu pareizo atbildi un vape kuponu!<\/strong><\/p>\n<p><img fetchpriority=\"high\" decoding=\"async\" class=\"size-full wp-image-2932\" src=\"https:\/\/vapestornado.com\/wp-content\/uploads\/2024\/12\/Vape-Wholesale.jpg\" alt=\"Veipu Vairumtirdzniec\u012bba\" width=\"229\" height=\"300\" \/><\/p>\n<h3><a href=\"https:\/\/wa.me\/8617776015835\" target=\"_blank\" rel=\"noopener\"><span style=\"color: #ff0000;\"><strong>WhatsApp: +86 17776015835<\/strong><\/span><\/a><\/h3>\n<p>&nbsp;<\/p>\n<h2><strong>Vapsolo King 10000 Puffs produkta \u012bpa\u0161\u012bbas<\/strong><\/h2>\n<div role=\"article\" data-tabster=\"{&quot;groupper&quot;:{&quot;tabbability&quot;:2},&quot;focusable&quot;:{}}\" data-content=\"ai-message\" aria-labelledby=\"juhNTJ6o7Gk1cgwZMJgv2-author juhNTJ6o7Gk1cgwZMJgv2-content\">\n<div id=\"juhNTJ6o7Gk1cgwZMJgv2-content\">\n<div role=\"article\" data-tabster=\"{&quot;groupper&quot;:{&quot;tabbability&quot;:2},&quot;focusable&quot;:{}}\" data-content=\"ai-message\" aria-labelledby=\"x4EZuCZWrTbh3weWUt7CU-author x4EZuCZWrTbh3weWUt7CU-content\">\n<div id=\"x4EZuCZWrTbh3weWUt7CU-content\">\n<h3><\/h3>\n<ol>\n<li style=\"list-style-type: none;\">\n<ol>\n<li><strong>10 000 uzp\u016btienu:<\/strong> Ilgsto\u0161a tvaic\u0113\u0161anas pieredze nep\u0101rtrauktai apmierin\u0101t\u012bbai.<\/li>\n<li><strong>Uzl\u0101d\u0113jams akumulators:<\/strong> <strong>650 mAh akumulators<\/strong> ar <strong>C tipa \u0101tr\u0101 uzl\u0101de<\/strong> \u0113rt\u012bbai.<\/li>\n<li><strong>Regul\u0113jama gaisa pl\u016bsma:<\/strong> Tr\u012bs piel\u0101gojami iestat\u012bjumi personaliz\u0113tai vilkmei.<\/li>\n<li><strong>Sieta spir\u0101les tehnolo\u0123ija:<\/strong> Nodro\u0161ina vienm\u0113r\u012bgu tvaika ra\u017eo\u0161anu un uzlabotu gar\u0161u.<\/li>\n<li><strong>20 ml E-\u0161\u0137idruma ietilp\u012bba:<\/strong> Maz\u0101k uzpildes, lai nodro\u0161in\u0101tu liel\u0101ku \u0113rt\u012bbu.<\/li>\n<li><strong>Piel\u0101gojami nikot\u012bna l\u012bme\u0146i:<\/strong> Pieejams <strong>2% un 5% zems nikot\u012bna saturs<\/strong> iesp\u0113jas.<\/li>\n<li><strong>Viegls dizains:<\/strong> Sver tikai <strong>95g<\/strong>, lieliski piem\u0113rots p\u0101rn\u0113s\u0101\u0161anai un ce\u013co\u0161anai.<\/li>\n<li><strong>Vairumtirdzniec\u012bbas pieejam\u012bba:<\/strong> Pieejamas vairumtirdzniec\u012bbas iesp\u0113jas, kas ir ide\u0101li piem\u0113rotas person\u012bgai un mazumtirdzniec\u012bbas lieto\u0161anai.<\/li>\n<\/ol>\n<\/li>\n<\/ol>\n<figure id=\"attachment_3241\" aria-describedby=\"caption-attachment-3241\" style=\"width: 600px\" class=\"wp-caption alignnone\"><img decoding=\"async\" class=\"wp-image-3241\" src=\"https:\/\/vapestornado.com\/wp-content\/uploads\/2024\/12\/Vapsolo-Disposable-Vape-Wholesale-300x300.jpg\" alt=\"Vienreiz\u0113j\u0101s lieto\u0161anas vape vairumtirdzniec\u012bba Vapsolo King 10000 dvesmas\" width=\"600\" height=\"600\" srcset=\"https:\/\/vapestornado.com\/wp-content\/uploads\/2024\/12\/Vapsolo-Disposable-Vape-Wholesale-300x300.jpg 300w, https:\/\/vapestornado.com\/wp-content\/uploads\/2024\/12\/Vapsolo-Disposable-Vape-Wholesale-150x150.jpg 150w, https:\/\/vapestornado.com\/wp-content\/uploads\/2024\/12\/Vapsolo-Disposable-Vape-Wholesale-768x768.jpg 768w, https:\/\/vapestornado.com\/wp-content\/uploads\/2024\/12\/Vapsolo-Disposable-Vape-Wholesale-600x600.jpg 600w, https:\/\/vapestornado.com\/wp-content\/uploads\/2024\/12\/Vapsolo-Disposable-Vape-Wholesale-100x100.jpg 100w, https:\/\/vapestornado.com\/wp-content\/uploads\/2024\/12\/Vapsolo-Disposable-Vape-Wholesale.jpg 1000w\" sizes=\"(max-width: 600px) 100vw, 600px\" \/><figcaption id=\"caption-attachment-3241\" class=\"wp-caption-text\">Vienreiz\u0113j\u0101s lieto\u0161anas vape vairumtirdzniec\u012bba Vapsolo King 10000 dvesmas<\/figcaption><\/figure>\n<\/div>\n<\/div>\n<\/div>\n<\/div>\n<h2 class=\"product-title\"><strong>Vapsolo King 10000 gar\u0161u saraksts<\/strong><\/h2>\n<p>1.Melle\u0146u ave\u0146u<br \/>\n2.Zilo ave\u0146u<br \/>\n3.Zeme\u0146u kivi<br \/>\n4.Persiku mango anan\u0101su<br \/>\n5. sarkan\u0101 bumba<br \/>\n6.Bananu ledus<br \/>\n7. sk\u0101bs anan\u0101su ledus<br \/>\n8. zeme\u0146u ave\u0146u \u0137ir\u0161u ledus<br \/>\n9. kivi marakujas gvajava<br \/>\n10. zeme\u0146u ban\u0101nu<br \/>\n11. dzirksto\u0161s \u0137irsis<br \/>\n12. melle\u0146u ledus<br \/>\n13. prime zeme\u0146u arb\u016bzs<br \/>\n14. purpura lietus<br \/>\n15. citronu laims<br \/>\n16. Mr blue<br \/>\n17. sarkanais \u0101bols<br \/>\n18 jaukti ogu<br \/>\n19. arb\u016bzu ledus<br \/>\n20. zeme\u0146u ledus<\/p>\n<h3>K\u0101p\u0113c izv\u0113l\u0113ties vapestornado Vapsolo King 10k Puffs Vape vairumtirdzniec\u012bbai?<\/h3>\n<div class=\"flex-shrink-0 flex flex-col relative items-end\">\n<div class=\"pt-0\">\n<div class=\"gizmo-bot-avatar flex h-8 w-8 items-center justify-center overflow-hidden rounded-full\">\n<div class=\"relative p-1 rounded-sm flex items-center justify-center bg-token-main-surface-primary text-token-text-primary h-8 w-8\">\n<p>Laipni l\u016bdzam vapestornado, j\u016bsu uzticamaj\u0101 tie\u0161saistes vape veikal\u0101, kur\u0101 var ieg\u0101d\u0101ties augst\u0101k\u0101s kvalit\u0101tes vienreiz\u0113j\u0101s lieto\u0161anas vapes. Ar vair\u0101k nek\u0101 5 gadu pieredzi m\u0113s pied\u0101v\u0101jam popul\u0101rus vienreiz\u0113j\u0101s lieto\u0161anas vape z\u012bmolus, piem\u0113ram, Fumot RandM Vape, <a href=\"https:\/\/vapestornado.com\/lv\/product\/vapme-crystal-7000-puffs-rechargeable-disposable-vape-wholesale-cheap-price\/\">Vapme<\/a>, Bang Vape, Waspe Vape un WGA Vape, u.c.<\/p>\n<p>M\u016bsu kl\u0101st\u0101 ir iek\u013cauti karstie izp\u0101rdo\u0161anas veipi, piem\u0113ram, <a href=\"https:\/\/vapestornado.com\/lv\/product\/fumot-randm-tornado-15000-puffs-rechargeable-disposable-vape-wholesale\/\">RandM Tornado 15000<\/a>, un bag\u0101t\u012bgas gar\u0161as izv\u0113les, piem\u0113ram, <a href=\"https:\/\/vapestornado.com\/lv\/product\/vapsolo-dg-18000-puffs-smart-screen-wholesale-disposable-cheap-vapes\/\">\u00a0Vapsolo DG18000 Puffs<\/a> . Katrs produkts ir izv\u0113l\u0113ts, koncentr\u0113joties uz kvalit\u0101ti, v\u0113rt\u012bbu un daudzveid\u012bbu, nodro\u0161inot, ka j\u016bs atrad\u012bsiet perfektu atbilst\u012bbu sav\u0101m vajadz\u012bb\u0101m. Atkl\u0101jiet izcilu servisu un pla\u0161u popul\u0101r\u0101ko produktu kl\u0101stu par vairumtirdzniec\u012bbas cen\u0101m vietn\u0113 vapestornado.<\/p>\n<\/div>\n<h3><\/h3>\n<div class=\"relative p-1 rounded-sm flex items-center justify-center bg-token-main-surface-primary text-token-text-primary h-8 w-8\">\n<h3>BUJ par Vapsolo King 10000 vienreiz\u0113j\u0101s lieto\u0161anas vape<\/h3>\n<\/div>\n<\/div>\n<\/div>\n<\/div>\n<div class=\"flex-shrink-0 flex flex-col relative items-end\">\n<div class=\"pt-0\">\n<div class=\"gizmo-bot-avatar flex h-8 w-8 items-center justify-center overflow-hidden rounded-full\">\n<div class=\"relative p-1 rounded-sm flex items-center justify-center bg-token-main-surface-primary text-token-text-primary h-8 w-8\">\n<div class=\"mb-2 flex gap-3 empty:hidden -ml-2\">\n<div role=\"article\" data-tabster=\"{&quot;groupper&quot;:{&quot;tabbability&quot;:2},&quot;focusable&quot;:{}}\" data-content=\"ai-message\" aria-labelledby=\"Vdt5ez4X7Tg813x6rFVha-author Vdt5ez4X7Tg813x6rFVha-content\">\n<div id=\"Vdt5ez4X7Tg813x6rFVha-content\">\n<div role=\"article\" data-tabster=\"{&quot;groupper&quot;:{&quot;tabbability&quot;:2},&quot;focusable&quot;:{}}\" data-content=\"ai-message\" aria-labelledby=\"o968oC7CEo2fGHsGdsRYC-author o968oC7CEo2fGHsGdsRYC-content\">\n<div id=\"o968oC7CEo2fGHsGdsRYC-content\">\n<h3><\/h3>\n<ol>\n<li><strong>Cik daudz uzp\u016btienu pied\u0101v\u0101 Vapsolo 10000?<\/strong><br \/>\nTas pied\u0101v\u0101 iespaid\u012bgu <strong>10 000 uzp\u016btieniem<\/strong>, padarot to par lab\u0101ko izv\u0113li ilgsto\u0161iem vienreiz\u0113j\u0101s lieto\u0161anas veipiem.<\/li>\n<li><strong>Vai es varu uzl\u0101d\u0113t Vapsolo King 10k?<\/strong><br \/>\nJ\u0101, tam ir <strong>650mAh uzl\u0101d\u0113jams akumulators<\/strong> ar <strong>Type-C uzl\u0101des ports<\/strong> \u0101trai un vienk\u0101r\u0161ai uzl\u0101dei.<\/li>\n<li><strong>K\u0101di nikot\u012bna stiprumi ir pieejami?<\/strong><br \/>\nIer\u012bce ir pieejama <strong>2% un 5% zems nikot\u012bna saturs<\/strong> opcij\u0101s, kas atbilst pla\u0161am v\u0113lmju kl\u0101stam.<\/li>\n<li><strong>K\u0101 darbojas regul\u0113jam\u0101 gaisa pl\u016bsma?<\/strong><br \/>\nVapsolo King 10000 ir <strong>tr\u012bs gaisa pl\u016bsmas iestat\u012bjumi<\/strong>, kas \u013cauj piel\u0101got j\u016bsu tvaic\u0113\u0161anas pieredzi stingr\u0101kam vai br\u012bv\u0101kam vilcienam.<\/li>\n<li><strong>Kur es varu ieg\u0101d\u0101ties Vapsolo King 10000 par vairumtirdzniec\u012bbas cen\u0101m?<\/strong><br \/>\nLai ieg\u016btu lab\u0101kos <strong>vienreiz\u0113j\u0101s lieto\u0161anas tvaiku vairumtirdzniec\u012bbas<\/strong> pied\u0101v\u0101jumus, apmekl\u0113jiet vapestornado<strong>\u00a0tie\u0161saistes tvaiku veikalu<\/strong>, kur j\u016bs atrad\u012bsiet <strong>l\u0113tus vienreiz\u0113j\u0101s lieto\u0161anas iztvaic\u0113t\u0101jus<\/strong> ar augstas kvalit\u0101tes veiktsp\u0113ju.<\/li>\n<\/ol>\n<\/div>\n<\/div>\n<\/div>\n<\/div>\n<\/div>\n<\/div>\n<\/div>\n<\/div>\n<\/div>","protected":false},"excerpt":{"rendered":"<p>Vapsolo King 10000 uzp\u016btienu 2% 5% zema nikot\u012bna vienreiz\u0113j\u0101s lieto\u0161anas iztvaic\u0113t\u0101ju vairumtirdzniec\u012bbas cena<br \/>\nVapsolo King 10000 uzp\u016btienu uzl\u0101d\u0113jams vienreiz\u0113j\u0101s lieto\u0161anas iztvaic\u0113t\u0101ju vairumtirdzniec\u012bba<br \/>\nL\u0113ta r\u016bpn\u012bcas Vapsolo King 10000 uzp\u016btienu 2% 5% zema nikot\u012bna vienreiz\u0113j\u0101s lieto\u0161anas iztvaic\u0113t\u0101js<\/p>\n<p><strong>Pievienojiet Eimijas whatsapp, lai sa\u0146emtu pareizu atbildi un iztvaic\u0113t\u0101ja kuponu!<\/strong><\/p>\n<p><img fetchpriority=\"high\" decoding=\"async\" class=\"size-full wp-image-2932\" src=\"https:\/\/vapestornado.com\/wp-content\/uploads\/2024\/12\/Vape-Wholesale.jpg\" alt=\"Veipu Vairumtirdzniec\u012bba\" width=\"229\" height=\"300\" \/><\/p>\n<h3><a href=\"https:\/\/wa.me\/8617776015835\"><span style=\"color: #ff0000;\"><strong>WhatsApp: +86 17776015835<\/strong><\/span><\/a><\/h3>\n<p>&nbsp;<\/p>","protected":false},"featured_media":3240,"comment_status":"open","ping_status":"closed","template":"","meta":{"_acf_changed":false,"_uag_custom_page_level_css":"","_lmt_disableupdate":"no","_lmt_disable":"","_monsterinsights_skip_tracking":false,"_monsterinsights_sitenote_active":false,"_monsterinsights_sitenote_note":"","_monsterinsights_sitenote_category":0,"site-sidebar-layout":"default","site-content-layout":"","ast-site-content-layout":"default","site-content-style":"default","site-sidebar-style":"default","ast-global-header-display":"","ast-banner-title-visibility":"","ast-main-header-display":"","ast-hfb-above-header-display":"","ast-hfb-below-header-display":"","ast-hfb-mobile-header-display":"","site-post-title":"","ast-breadcrumbs-content":"","ast-featured-img":"","footer-sml-layout":"","ast-disable-related-posts":"","theme-transparent-header-meta":"default","adv-header-id-meta":"","stick-header-meta":"","header-above-stick-meta":"","header-main-stick-meta":"","header-below-stick-meta":"","astra-migrate-meta-layouts":"set","ast-page-background-enabled":"default","ast-page-background-meta":{"desktop":{"background-color":"","background-image":"","background-repeat":"repeat","background-position":"center center","background-size":"auto","background-attachment":"scroll","background-type":"","background-media":"","overlay-type":"","overlay-color":"","overlay-opacity":"","overlay-gradient":""},"tablet":{"background-color":"","background-image":"","background-repeat":"repeat","background-position":"center center","background-size":"auto","background-attachment":"scroll","background-type":"","background-media":"","overlay-type":"","overlay-color":"","overlay-opacity":"","overlay-gradient":""},"mobile":{"background-color":"","background-image":"","background-repeat":"repeat","background-position":"center center","background-size":"auto","background-attachment":"scroll","background-type":"","background-media":"","overlay-type":"","overlay-color":"","overlay-opacity":"","overlay-gradient":""}},"ast-content-background-meta":{"desktop":{"background-color":"var(--ast-global-color-5)","background-image":"","background-repeat":"repeat","background-position":"center center","background-size":"auto","background-attachment":"scroll","background-type":"","background-media":"","overlay-type":"","overlay-color":"","overlay-opacity":"","overlay-gradient":""},"tablet":{"background-color":"var(--ast-global-color-5)","background-image":"","background-repeat":"repeat","background-position":"center center","background-size":"auto","background-attachment":"scroll","background-type":"","background-media":"","overlay-type":"","overlay-color":"","overlay-opacity":"","overlay-gradient":""},"mobile":{"background-color":"var(--ast-global-color-5)","background-image":"","background-repeat":"repeat","background-position":"center center","background-size":"auto","background-attachment":"scroll","background-type":"","background-media":"","overlay-type":"","overlay-color":"","overlay-opacity":"","overlay-gradient":""}},"_joinchat":{"telephone":"+8617776015835"}},"product_brand":[],"product_cat":[106,151,154,160,144,146,19,171],"product_tag":[165,97,166,94,139,180],"class_list":{"0":"post-3246","1":"product","2":"type-product","3":"status-publish","4":"has-post-thumbnail","6":"product_cat-10000-puff","7":"product_cat-buy-disposable-vapes-in-france","8":"product_cat-buy-disposable-vapes-in-netherlands","9":"product_cat-buy-disposable-vapes-in-switzerland","10":"product_cat-low-nicotine-disposable-vapes","11":"product_cat-rechargeable-disposable-vapes","12":"product_cat-vapes","13":"product_cat-vapsolo-disposable-vapes","14":"product_tag-cheap-vapes","15":"product_tag-hot-sale-disposable-vape","16":"product_tag-low-nicotine-vape","17":"product_tag-rechargeable-disposable-vape","18":"product_tag-vapsolo","19":"product_tag-vapsolo-king-10000","20":"desktop-align-left","21":"tablet-align-left","22":"mobile-align-left","24":"first","25":"instock","26":"sale","27":"shipping-taxable","28":"purchasable","29":"product-type-simple"},"acf":[],"uagb_featured_image_src":{"full":["https:\/\/vapestornado.com\/wp-content\/uploads\/2024\/12\/Disposable-Vape-Wholesale-Vapsolo-King-10000-Puffs.jpg",1000,1000,false],"thumbnail":["https:\/\/vapestornado.com\/wp-content\/uploads\/2024\/12\/Disposable-Vape-Wholesale-Vapsolo-King-10000-Puffs-150x150.jpg",150,150,true],"medium":["https:\/\/vapestornado.com\/wp-content\/uploads\/2024\/12\/Disposable-Vape-Wholesale-Vapsolo-King-10000-Puffs-300x300.jpg",300,300,true],"medium_large":["https:\/\/vapestornado.com\/wp-content\/uploads\/2024\/12\/Disposable-Vape-Wholesale-Vapsolo-King-10000-Puffs-768x768.jpg",768,768,true],"large":["https:\/\/vapestornado.com\/wp-content\/uploads\/2024\/12\/Disposable-Vape-Wholesale-Vapsolo-King-10000-Puffs.jpg",1000,1000,false],"1536x1536":["https:\/\/vapestornado.com\/wp-content\/uploads\/2024\/12\/Disposable-Vape-Wholesale-Vapsolo-King-10000-Puffs.jpg",1000,1000,false],"2048x2048":["https:\/\/vapestornado.com\/wp-content\/uploads\/2024\/12\/Disposable-Vape-Wholesale-Vapsolo-King-10000-Puffs.jpg",1000,1000,false],"trp-custom-language-flag":["https:\/\/vapestornado.com\/wp-content\/uploads\/2024\/12\/Disposable-Vape-Wholesale-Vapsolo-King-10000-Puffs.jpg",12,12,false],"woocommerce_thumbnail":["https:\/\/vapestornado.com\/wp-content\/uploads\/2024\/12\/Disposable-Vape-Wholesale-Vapsolo-King-10000-Puffs-300x300.jpg",300,300,true],"woocommerce_single":["https:\/\/vapestornado.com\/wp-content\/uploads\/2024\/12\/Disposable-Vape-Wholesale-Vapsolo-King-10000-Puffs-600x600.jpg",600,600,true],"woocommerce_gallery_thumbnail":["https:\/\/vapestornado.com\/wp-content\/uploads\/2024\/12\/Disposable-Vape-Wholesale-Vapsolo-King-10000-Puffs-100x100.jpg",100,100,true]},"uagb_author_info":{"display_name":"ESAMY","author_link":"https:\/\/vapestornado.com\/lv\/author\/"},"uagb_comment_info":1,"uagb_excerpt":"Vapsolo King 10000 Puffs 2% 5% Low Nicotine Disposable Vape Bulk Buy Price Vapsolo King 10000 Puffs Rechargeable Disposable Vape Wholesale Cheap Factory Vapsolo King 10000 Puffs 2% 5% Low Nicotine Disposable Vape Add Amy's whatsapp get right reply and vape vape coupon! WhatsApp: +86 17776015835 &nbsp;","_links":{"self":[{"href":"https:\/\/vapestornado.com\/lv\/wp-json\/wp\/v2\/product\/3246","targetHints":{"allow":["GET"]}}],"collection":[{"href":"https:\/\/vapestornado.com\/lv\/wp-json\/wp\/v2\/product"}],"about":[{"href":"https:\/\/vapestornado.com\/lv\/wp-json\/wp\/v2\/types\/product"}],"replies":[{"embeddable":true,"href":"https:\/\/vapestornado.com\/lv\/wp-json\/wp\/v2\/comments?post=3246"}],"wp:featuredmedia":[{"embeddable":true,"href":"https:\/\/vapestornado.com\/lv\/wp-json\/wp\/v2\/media\/3240"}],"wp:attachment":[{"href":"https:\/\/vapestornado.com\/lv\/wp-json\/wp\/v2\/media?parent=3246"}],"wp:term":[{"taxonomy":"product_brand","embeddable":true,"href":"https:\/\/vapestornado.com\/lv\/wp-json\/wp\/v2\/product_brand?post=3246"},{"taxonomy":"product_cat","embeddable":true,"href":"https:\/\/vapestornado.com\/lv\/wp-json\/wp\/v2\/product_cat?post=3246"},{"taxonomy":"product_tag","embeddable":true,"href":"https:\/\/vapestornado.com\/lv\/wp-json\/wp\/v2\/product_tag?post=3246"}],"curies":[{"name":"wp","href":"https:\/\/api.w.org\/{rel}","templated":true}]}}