{"id":3231,"date":"2024-12-18T09:42:32","date_gmt":"2024-12-18T09:42:32","guid":{"rendered":"https:\/\/vapestornado.com\/?post_type=product&#038;p=3231"},"modified":"2025-08-23T12:12:36","modified_gmt":"2025-08-23T12:12:36","slug":"wholesale-price-aivono-curved-smart-screen-35000-puffs-disposable-vape","status":"publish","type":"product","link":"https:\/\/vapestornado.com\/lv\/product\/wholesale-price-aivono-curved-smart-screen-35000-puffs-disposable-vape\/","title":{"rendered":"AIVONO izliekta vied\u0101 ekr\u0101na 35000 dvesienu vienreiz\u0113j\u0101s lieto\u0161anas vape vairumtirdzniec\u012bbas cena"},"content":{"rendered":"<h1>AIVONO izliekta vied\u0101 ekr\u0101na 35000 dvesienu vienreiz\u0113j\u0101s lieto\u0161anas vape vairumtirdzniec\u012bbas cena<\/h1>\n<p>T\u0101 <strong data-start=\"346\" data-end=\"404\">AIVONO izliektais viedais ekr\u0101ns 35000 uzp\u016btienu vienreiz\u0113j\u0101s lieto\u0161anas vape<\/strong> ir paredz\u0113ts veipot\u0101jiem, kuri nov\u0113rt\u0113 progres\u012bvas tehnolo\u0123ijas, augst\u0101k\u0101s kvalit\u0101tes dizainu un ilgsto\u0161u veiktsp\u0113ju. Nodro\u0161ina l\u012bdz pat <strong data-start=\"524\" data-end=\"540\">35 000 dvesieniem<\/strong>, \u0161o ier\u012bci darbina uzticams <strong data-start=\"579\" data-end=\"622\">850 mAh t\u012bra kobalta uzl\u0101d\u0113jams akumulators<\/strong> ar <strong data-start=\"628\" data-end=\"652\">C tipa \u0101tr\u0101 uzl\u0101de<\/strong>, nodro\u0161inot nep\u0101rtrauktu veipo\u0161anu. T\u0101 <strong data-start=\"689\" data-end=\"726\">28 ml iepriek\u0161 uzpild\u012bta e-\u0161\u0137idruma ietilp\u012bba<\/strong> un vair\u0101ki nikot\u012bna stiprumi (0%, 2%, 3%, 5%) padara to piem\u0113rotu pla\u0161ai auditorijai.<\/p>\n<p>A <strong data-start=\"825\" data-end=\"848\">1.0\u03a9 dubult\u0101 sieta spole<\/strong> nodro\u0161ina bag\u0101t\u012bgu gar\u0161u un vienm\u0113r\u012bgus m\u0101ko\u0146us, savuk\u0101rt <strong data-start=\"898\" data-end=\"927\">regul\u0113jamiem jaudas iestat\u012bjumiem<\/strong> \u013cauj lietot\u0101jiem piel\u0101got tvaika bl\u012bvumu un intensit\u0101ti. Izliektais dinamiskais <strong data-start=\"998\" data-end=\"1015\">viedo displeju<\/strong> re\u0101llaik\u0101 par\u0101da akumulatora darb\u012bbas laiku un e-\u0161\u0137idruma l\u012bmeni, ko papildina anim\u0113ti uzl\u0101des vizu\u0101lie att\u0113li un piel\u0101gojams izgaismots logotips.<\/p>\n<p>Ar savu <strong data-start=\"1166\" data-end=\"1190\">gluds, kompakts korpuss<\/strong> un OEM\/ODM opcijas, AIVONO izliektais viedais ekr\u0101ns 35K ir ide\u0101li piem\u0113rots gan individu\u0101liem lietot\u0101jiem, gan <strong data-start=\"1284\" data-end=\"1304\">vairumtirdzniec\u012bbas pirc\u0113jiem<\/strong> vis\u0101 Eirop\u0101. Apvienojot inov\u0101cijas, iztur\u012bbu un stilu, t\u0101 ir izcila izv\u0113le <strong data-start=\"1392\" data-end=\"1452\">mazumtirgot\u0101jiem un izplat\u012bt\u0101jiem, kuri mekl\u0113 vairum\u0101 vienreiz\u0113j\u0101s lieto\u0161anas veipus<\/strong> par konkur\u0113tsp\u0113j\u012bg\u0101m cen\u0101m.<\/p>\n<figure id=\"attachment_3474\" aria-describedby=\"caption-attachment-3474\" style=\"width: 800px\" class=\"wp-caption alignnone\"><img fetchpriority=\"high\" decoding=\"async\" class=\"wp-image-3474 size-full\" src=\"https:\/\/vapestornado.com\/wp-content\/uploads\/2024\/12\/AIVONO-35k-puff-vape-Box.jpg\" alt=\"AIVONO 35k p\u016btienu e-cigaretes kaste\" width=\"800\" height=\"800\" srcset=\"https:\/\/vapestornado.com\/wp-content\/uploads\/2024\/12\/AIVONO-35k-puff-vape-Box.jpg 800w, https:\/\/vapestornado.com\/wp-content\/uploads\/2024\/12\/AIVONO-35k-puff-vape-Box-300x300.jpg 300w, https:\/\/vapestornado.com\/wp-content\/uploads\/2024\/12\/AIVONO-35k-puff-vape-Box-150x150.jpg 150w, https:\/\/vapestornado.com\/wp-content\/uploads\/2024\/12\/AIVONO-35k-puff-vape-Box-768x768.jpg 768w, https:\/\/vapestornado.com\/wp-content\/uploads\/2024\/12\/AIVONO-35k-puff-vape-Box-600x600.jpg 600w, https:\/\/vapestornado.com\/wp-content\/uploads\/2024\/12\/AIVONO-35k-puff-vape-Box-100x100.jpg 100w\" sizes=\"(max-width: 800px) 100vw, 800px\" \/><figcaption id=\"caption-attachment-3474\" class=\"wp-caption-text\">AIVONO 35k p\u016btienu e-cigaretes kaste<\/figcaption><\/figure>\n<p><img decoding=\"async\" class=\"wp-image-2951\" src=\"https:\/\/vapestornado.com\/wp-content\/uploads\/2024\/12\/Wholesale-Disposable-Vape-265x300.jpg\" alt=\"Vienreiz\u0113j\u0101s lieto\u0161anas Vape vairumtirdzniec\u012bba\" width=\"295\" height=\"334\" srcset=\"https:\/\/vapestornado.com\/wp-content\/uploads\/2024\/12\/Wholesale-Disposable-Vape-265x300.jpg 265w, https:\/\/vapestornado.com\/wp-content\/uploads\/2024\/12\/Wholesale-Disposable-Vape-768x871.jpg 768w, https:\/\/vapestornado.com\/wp-content\/uploads\/2024\/12\/Wholesale-Disposable-Vape-600x680.jpg 600w, https:\/\/vapestornado.com\/wp-content\/uploads\/2024\/12\/Wholesale-Disposable-Vape.jpg 823w\" sizes=\"(max-width: 295px) 100vw, 295px\" \/><\/p>\n<h6>L\u016bdzu, sazinieties ar Mandiju WhatsApp, lai sa\u0146emtu atlaides cenu<a href=\"https:\/\/wa.me\/8618077105796\" target=\"_blank\" rel=\"noopener\">+8618077105796<\/a><\/h6>\n<h2><strong>AIVONO Vape Izliekts ekr\u0101ns 35000 P\u016btieni \u2013 Galven\u0101s specifik\u0101cijas<\/strong><\/h2>\n<div class=\"flex max-w-full flex-col flex-grow\">\n<div class=\"min-h-8 text-message flex w-full flex-col items-end gap-2 whitespace-normal break-words text-start [.text-message+&amp;]:mt-5\" dir=\"auto\" data-message-author-role=\"assistant\" data-message-id=\"cdb991c0-f594-4bff-b2d5-fbbdd7ce9e54\" data-message-model-slug=\"gpt-4o-mini\">\n<div class=\"flex w-full flex-col gap-1 empty:hidden first:pt-[3px]\">\n<div class=\"markdown prose w-full break-words dark:prose-invert light\">\n<ul>\n<li><strong>P\u016btes:<\/strong> L\u012bdz 35 000 p\u016btienu<\/li>\n<li><strong>E-\u0161\u0137idruma tilpums:<\/strong> 28ml<\/li>\n<li><strong>Akumulators:<\/strong> 17350 t\u012brs kobalts, 850mAh (uzl\u0101d\u0113jams, C tipa)<\/li>\n<li><strong>Spoles pretest\u012bba:<\/strong> 1.0\u03a9 dubult\u0101 sieta spole<\/li>\n<li><strong>Nikot\u012bna opcijas:<\/strong> 5%, 3%, 2%, 0%<\/li>\n<li><strong>Ekr\u0101na funkcijas:<\/strong> E-\u0161\u0137idruma un akumulatora indikatoru gaismas, piel\u0101gojams izgaismots logotips<\/li>\n<li><strong>Displejs:<\/strong> Izliekts dinamisks ekr\u0101ns ar uzl\u0101des un tvaiku anim\u0101cijas efektiem<\/li>\n<li><strong>Regul\u0113jama jauda:<\/strong> Atbalsta gar\u0161as un tvaiku kontroli<\/li>\n<li><strong>Dizains:<\/strong> Kompakts izm\u0113rs (55*95 mm), atbalsta OEM\/ODM piel\u0101go\u0161anu<\/li>\n<\/ul>\n<\/div>\n<\/div>\n<\/div>\n<\/div>\n<div class=\"mb-2 flex gap-3 empty:hidden -ml-2\">\n<div class=\"items-center justify-start rounded-xl p-1 flex\"><\/div>\n<\/div>\n<h2><strong>Vape vairumtirdzniec\u012bba AIVONO izliekts ekr\u0101ns 35k p\u016btienu gar\u0161u saraksts:<\/strong><\/h2>\n<p>1.AIM FLASH: Zeme\u0146u ledus<br \/>\n2.AIM FLASH: Zeme\u0146u arb\u016bzs<br \/>\n3.AIM FLASH: \u0136ir\u0161u ave\u0146u<br \/>\n4.AIM FLASH: Zils ave\u0146u ledus<br \/>\n5.AIM FLASH: Citronu<br \/>\n6.AIM FLASH: Persiku sula<br \/>\n7.AIM FLASH: Melle\u0146u v\u012bnogu<br \/>\n8.AIM FLASH: Arb\u016bzu ledus<br \/>\n9.AIM FLASH: \u0100bolu ogu<br \/>\n10.AIM FLASH:Mango un anan\u0101ss<br \/>\n11.AIM FLASH:Zil\u0101s ran\u010do<br \/>\n12.AIM FLASH:Zeme\u0146u ledus<br \/>\n13.AIM FLASH:V\u012bnoga<br \/>\n14.AIM FLASH:Jauktas ogas<br \/>\n15.AIM FLASH:Zeme\u0146u kivi ledus<\/p>\n<div role=\"article\" data-tabster=\"{&quot;groupper&quot;:{&quot;tabbability&quot;:2},&quot;focusable&quot;:{}}\" data-content=\"ai-message\" aria-labelledby=\"dARUyEWDoEYhnSPXFwx5A-author dARUyEWDoEYhnSPXFwx5A-content\">\n<div id=\"dARUyEWDoEYhnSPXFwx5A-content\">\n<h3>K\u0101p\u0113c izv\u0113l\u0113ties AIVONO Curved Smart Screen 35000 Puffs? <a href=\"https:\/\/vapestornado.com\/lv\/store\/\">vapestornado.com<\/a>?<\/h3>\n<ol>\n<li><strong>Izcila kvalit\u0101te un veiktsp\u0113ja<\/strong><br \/>\nAIVONO Curved Smart Screen 35000 Puffs vienreizlietojamais vape pied\u0101v\u0101 izcilu tvaic\u0113\u0161anas pieredzi ar l\u012bdz pat 35 000 uzp\u016btieniem. Darbin\u0101ms ar lielas ietilp\u012bbas 850 mAh uzl\u0101d\u0113jamu akumulatoru, tas nodro\u0161ina nemain\u012bgu veiktsp\u0113ju un izcilu iztur\u012bbu.<\/li>\n<li><strong>Uzlabotas funkcijas izcilai pieredzei<\/strong><br \/>\n\u0160\u012b ier\u012bce, kas apr\u012bkota ar 1,0\u03a9 dubulto sieta spoli, nodro\u0161ina vienm\u0113r\u012bgu tvaiku veido\u0161anos un bag\u0101t\u012bgu gar\u0161u ar katru dvesmu. Izliektais dinamiskais viedais ekr\u0101ns nodro\u0161ina re\u0101llaika atjaunin\u0101jumus par e-\u0161\u0137idruma un akumulatora l\u012bme\u0146iem, savuk\u0101rt piel\u0101gojamais izgaismotais logotips pie\u0161\u0137ir izsmalcin\u0101t\u012bbu.<\/li>\n<li><strong>Piel\u0101gots katram veiperam<\/strong><br \/>\nPied\u0101v\u0101jot vair\u0101kas nikot\u012bna opcijas (5%, 3%, 2%, 0%), AIVONO veips ir piem\u0113rots da\u017e\u0101d\u0101m v\u0113lm\u0113m, nodro\u0161inot ide\u0101lu izv\u0113li katram veiperam.<\/li>\n<li><strong>Gluds, kompakts dizains<\/strong><br \/>\nIzveidots, dom\u0101jot par \u0113rtumu, AIVONO Curved Smart Screen Vape ir kompakts, 55*95 mm formas, kas atvieglo p\u0101rn\u0113s\u0101\u0161anu, vienlaikus saglab\u0101jot stil\u012bgu un modernu izskatu.<\/li>\n<li><strong>Pieejams tikai vietn\u0113 vapestornado.com<\/strong><br \/>\nvapestornado.com pied\u0101v\u0101 ekskluz\u012bvu piek\u013cuvi AIVONO Curved Smart Screen 35000 Puffs, nodro\u0161inot konkur\u0113tsp\u0113j\u012bgas cenas, \u0101tru pieg\u0101di un izcilu klientu apkalpo\u0161anu Latvijas un citu valstu klientiem.<\/li>\n<li><strong>Ide\u0101li piem\u0113rots Latvijas veiperiem<\/strong><br \/>\nAr savu inovat\u012bvo dizainu un augst\u0101k\u0101s klases veiktsp\u0113ju, AIVONO Curved Smart Screen Vape ir lieliski piem\u0113rots izsmalcin\u0101t\u0101m Latvijas veiperu gaum\u0113m, apvienojot augst\u0101k\u0101s klases tehnolo\u0123iju un iztur\u012bbu vien\u0101 ier\u012bc\u0113.<\/li>\n<\/ol>\n<\/div>\n<\/div>\n<h3>Bie\u017e\u0101k uzdotie jaut\u0101jumi par AIVONO Curved Smart Screen 35000 Puffs<\/h3>\n<p><strong>J: Cik dvesmu varu sagaid\u012bt no AIVONO Curved Smart Screen 35000 Puffs?<\/strong><br \/>\n<strong>A:<\/strong> AIVONO Curved Smart Screen nodro\u0161ina l\u012bdz <strong>35 000 dvesieniem<\/strong>, nodro\u0161inot ilgsto\u0161u un apmierino\u0161u tvaic\u0113\u0161anas pieredzi.<\/p>\n<p><strong>J: K\u0101da ir 35k AIVONO Curved Screen Vape akumulatora ietilp\u012bba?<\/strong><br \/>\n<strong>A:<\/strong> Ier\u012bci darbina <strong>17350 t\u012bra kobalta uzl\u0101d\u0113jams akumulators<\/strong> ar ietilp\u012bbu <strong>850mAh<\/strong>, pied\u0101v\u0101jot uzticamu veiktsp\u0113ju un ilgu akumulatora darb\u012bbas laiku.<\/p>\n<p><strong>J: Vai AIVONO Screen vape 35k dvesmas atbalsta C tipa uzl\u0101di?<\/strong><br \/>\n<strong>A:<\/strong> J\u0101, ier\u012bcei ir <strong>Type-C uzl\u0101des ports<\/strong>, kas nodro\u0161ina \u0101tru un \u0113rtu uzl\u0101di.<\/p>\n<p><strong>J: K\u0101da veida spir\u0101li izmanto AIVONO Curved Screen 35k p\u016btieni?<\/strong><br \/>\n<strong>A:<\/strong> \u0160is vape izmanto <strong>1.0\u03a9 dubult\u0101 sieta spole<\/strong>, nodro\u0161inot vienm\u0113r\u012bgu un konsekventu tvaiku ra\u017eo\u0161anu, k\u0101 ar\u012b bag\u0101t\u012bgus un arom\u0101tiskus dvesienus.<\/p>\n<p><strong>J: K\u0101 es varu p\u0101rbaud\u012bt e-\u0161\u0137idruma un akumulatora l\u012bmeni AIVONO Curved Smart Screen 35000 vape?<\/strong><br \/>\n<strong>A:<\/strong> Ier\u012bcei ir <strong>izliekts dinamisks viedais ekr\u0101ns<\/strong> kas re\u0101llaik\u0101 par\u0101da e-\u0161\u0137idruma un akumulatora l\u012bme\u0146us, lai j\u016bs vienm\u0113r zin\u0101tu, kad ir j\u0101uzl\u0101d\u0113 vai j\u0101uzpilda.<\/p>\n<p><strong>J: K\u0101p\u0113c l\u0113tas cenas AIVONO Curved Smart Screen 35k Vapes ir ide\u0101li piem\u0113rotas Eiropas vaperiem?<\/strong><br \/>\n<strong>A:<\/strong> AIVONO Curved 35k p\u016btienu vape apvieno modern\u0101k\u0101s tehnolo\u0123ijas, gludu dizainu un vair\u0101kas nikot\u012bna iesp\u0113jas, padarot to par perfektu izv\u0113li pras\u012bgiem Eiropas vaperu v\u0113lm\u0113m.<\/p>","protected":false},"excerpt":{"rendered":"<p>AIVONO Izliekts Smart Screen 35000 P\u016btienu vape p\u0101kstis: Premium klases vienreiz\u0113j\u0101s lieto\u0161anas e-cigarete, 35 000 p\u016btienu, piel\u0101gojamas funkcijas, divk\u0101r\u0161a sieta spole, C tipa uzl\u0101de, ide\u0101li piem\u0113rota vaperiem Latvij\u0101.<\/p>\n<figure id=\"attachment_2951\" aria-describedby=\"caption-attachment-2951\" style=\"width: 265px\" class=\"wp-caption alignnone\"><img decoding=\"async\" class=\"size-medium wp-image-2951\" src=\"https:\/\/vapestornado.com\/wp-content\/uploads\/2024\/12\/Wholesale-Disposable-Vape-265x300.jpg\" alt=\"Vienreiz\u0113j\u0101s lieto\u0161anas Vape vairumtirdzniec\u012bba\" width=\"265\" height=\"300\" srcset=\"https:\/\/vapestornado.com\/wp-content\/uploads\/2024\/12\/Wholesale-Disposable-Vape-265x300.jpg 265w, https:\/\/vapestornado.com\/wp-content\/uploads\/2024\/12\/Wholesale-Disposable-Vape-768x871.jpg 768w, https:\/\/vapestornado.com\/wp-content\/uploads\/2024\/12\/Wholesale-Disposable-Vape-600x680.jpg 600w, https:\/\/vapestornado.com\/wp-content\/uploads\/2024\/12\/Wholesale-Disposable-Vape.jpg 823w\" sizes=\"(max-width: 265px) 100vw, 265px\" \/><figcaption id=\"caption-attachment-2951\" class=\"wp-caption-text\">L\u016bdzu, sazinieties ar Mandiju WhatsApp, lai sa\u0146emtu atlaides cenu\u00a0 <a href=\"https:\/\/wa.me\/8618077105796\">+8618077105796<\/a><\/figcaption><\/figure>\n<p>&nbsp;<\/p>","protected":false},"featured_media":3479,"comment_status":"open","ping_status":"closed","template":"","meta":{"_acf_changed":false,"_uag_custom_page_level_css":"","_lmt_disableupdate":"no","_lmt_disable":"","_monsterinsights_skip_tracking":false,"_monsterinsights_sitenote_active":false,"_monsterinsights_sitenote_note":"","_monsterinsights_sitenote_category":0,"site-sidebar-layout":"default","site-content-layout":"","ast-site-content-layout":"default","site-content-style":"default","site-sidebar-style":"default","ast-global-header-display":"","ast-banner-title-visibility":"","ast-main-header-display":"","ast-hfb-above-header-display":"","ast-hfb-below-header-display":"","ast-hfb-mobile-header-display":"","site-post-title":"","ast-breadcrumbs-content":"","ast-featured-img":"","footer-sml-layout":"","ast-disable-related-posts":"","theme-transparent-header-meta":"default","adv-header-id-meta":"","stick-header-meta":"","header-above-stick-meta":"","header-main-stick-meta":"","header-below-stick-meta":"","astra-migrate-meta-layouts":"set","ast-page-background-enabled":"default","ast-page-background-meta":{"desktop":{"background-color":"","background-image":"","background-repeat":"repeat","background-position":"center center","background-size":"auto","background-attachment":"scroll","background-type":"","background-media":"","overlay-type":"","overlay-color":"","overlay-opacity":"","overlay-gradient":""},"tablet":{"background-color":"","background-image":"","background-repeat":"repeat","background-position":"center center","background-size":"auto","background-attachment":"scroll","background-type":"","background-media":"","overlay-type":"","overlay-color":"","overlay-opacity":"","overlay-gradient":""},"mobile":{"background-color":"","background-image":"","background-repeat":"repeat","background-position":"center center","background-size":"auto","background-attachment":"scroll","background-type":"","background-media":"","overlay-type":"","overlay-color":"","overlay-opacity":"","overlay-gradient":""}},"ast-content-background-meta":{"desktop":{"background-color":"var(--ast-global-color-5)","background-image":"","background-repeat":"repeat","background-position":"center center","background-size":"auto","background-attachment":"scroll","background-type":"","background-media":"","overlay-type":"","overlay-color":"","overlay-opacity":"","overlay-gradient":""},"tablet":{"background-color":"var(--ast-global-color-5)","background-image":"","background-repeat":"repeat","background-position":"center center","background-size":"auto","background-attachment":"scroll","background-type":"","background-media":"","overlay-type":"","overlay-color":"","overlay-opacity":"","overlay-gradient":""},"mobile":{"background-color":"var(--ast-global-color-5)","background-image":"","background-repeat":"repeat","background-position":"center center","background-size":"auto","background-attachment":"scroll","background-type":"","background-media":"","overlay-type":"","overlay-color":"","overlay-opacity":"","overlay-gradient":""}},"_joinchat":{"telephone":"+8618077105796"}},"product_brand":[],"product_cat":[175,176,140,153,157],"product_tag":[177,97],"class_list":{"0":"post-3231","1":"product","2":"type-product","3":"status-publish","4":"has-post-thumbnail","6":"product_cat-35000-puff","7":"product_cat-aivono-vape","8":"product_cat-big-puffs-disposable-vapes","9":"product_cat-buy-disposable-vapes-in-italy","10":"product_cat-buy-disposable-vapes-in-portugal","11":"product_tag-aivono-35000-puffs","12":"product_tag-hot-sale-disposable-vape","13":"desktop-align-left","14":"tablet-align-left","15":"mobile-align-left","17":"first","18":"instock","19":"sale","20":"shipping-taxable","21":"purchasable","22":"product-type-simple"},"acf":[],"uagb_featured_image_src":{"full":["https:\/\/vapestornado.com\/wp-content\/uploads\/2024\/12\/AIVONO-35000-Puffs-Good-Sale-Vape.jpg",800,800,false],"thumbnail":["https:\/\/vapestornado.com\/wp-content\/uploads\/2024\/12\/AIVONO-35000-Puffs-Good-Sale-Vape-150x150.jpg",150,150,true],"medium":["https:\/\/vapestornado.com\/wp-content\/uploads\/2024\/12\/AIVONO-35000-Puffs-Good-Sale-Vape-300x300.jpg",300,300,true],"medium_large":["https:\/\/vapestornado.com\/wp-content\/uploads\/2024\/12\/AIVONO-35000-Puffs-Good-Sale-Vape-768x768.jpg",768,768,true],"large":["https:\/\/vapestornado.com\/wp-content\/uploads\/2024\/12\/AIVONO-35000-Puffs-Good-Sale-Vape.jpg",800,800,false],"1536x1536":["https:\/\/vapestornado.com\/wp-content\/uploads\/2024\/12\/AIVONO-35000-Puffs-Good-Sale-Vape.jpg",800,800,false],"2048x2048":["https:\/\/vapestornado.com\/wp-content\/uploads\/2024\/12\/AIVONO-35000-Puffs-Good-Sale-Vape.jpg",800,800,false],"trp-custom-language-flag":["https:\/\/vapestornado.com\/wp-content\/uploads\/2024\/12\/AIVONO-35000-Puffs-Good-Sale-Vape.jpg",12,12,false],"woocommerce_thumbnail":["https:\/\/vapestornado.com\/wp-content\/uploads\/2024\/12\/AIVONO-35000-Puffs-Good-Sale-Vape-300x300.jpg",300,300,true],"woocommerce_single":["https:\/\/vapestornado.com\/wp-content\/uploads\/2024\/12\/AIVONO-35000-Puffs-Good-Sale-Vape-600x600.jpg",600,600,true],"woocommerce_gallery_thumbnail":["https:\/\/vapestornado.com\/wp-content\/uploads\/2024\/12\/AIVONO-35000-Puffs-Good-Sale-Vape-100x100.jpg",100,100,true]},"uagb_author_info":{"display_name":"ESMANDY","author_link":"https:\/\/vapestornado.com\/lv\/author\/"},"uagb_comment_info":0,"uagb_excerpt":"AIVONO Curved Smart Screen 35000 Puff\u00a0 vape pods : Premium disposable vape, 35,000 puffs, customizable features, dual mesh coil, Type-C charging, ideal for European vapers. [caption id=\"attachment_2951\" align=\"alignnone\" width=\"265\"] Pls Contact Mandy's WhatsApp For Discount Price\u00a0 +8618077105796[\/caption] &nbsp;","_links":{"self":[{"href":"https:\/\/vapestornado.com\/lv\/wp-json\/wp\/v2\/product\/3231","targetHints":{"allow":["GET"]}}],"collection":[{"href":"https:\/\/vapestornado.com\/lv\/wp-json\/wp\/v2\/product"}],"about":[{"href":"https:\/\/vapestornado.com\/lv\/wp-json\/wp\/v2\/types\/product"}],"replies":[{"embeddable":true,"href":"https:\/\/vapestornado.com\/lv\/wp-json\/wp\/v2\/comments?post=3231"}],"wp:featuredmedia":[{"embeddable":true,"href":"https:\/\/vapestornado.com\/lv\/wp-json\/wp\/v2\/media\/3479"}],"wp:attachment":[{"href":"https:\/\/vapestornado.com\/lv\/wp-json\/wp\/v2\/media?parent=3231"}],"wp:term":[{"taxonomy":"product_brand","embeddable":true,"href":"https:\/\/vapestornado.com\/lv\/wp-json\/wp\/v2\/product_brand?post=3231"},{"taxonomy":"product_cat","embeddable":true,"href":"https:\/\/vapestornado.com\/lv\/wp-json\/wp\/v2\/product_cat?post=3231"},{"taxonomy":"product_tag","embeddable":true,"href":"https:\/\/vapestornado.com\/lv\/wp-json\/wp\/v2\/product_tag?post=3231"}],"curies":[{"name":"wp","href":"https:\/\/api.w.org\/{rel}","templated":true}]}}