{"id":3223,"date":"2024-12-18T08:28:53","date_gmt":"2024-12-18T08:28:53","guid":{"rendered":"https:\/\/vapestornado.com\/?post_type=product&#038;p=3223"},"modified":"2025-08-23T12:21:59","modified_gmt":"2025-08-23T12:21:59","slug":"vapsolo-triple-30000-puffs-3-flavors-in-1-rechargeable-disposable-vapes-pen-bulk-buy-wholesale","status":"publish","type":"product","link":"https:\/\/vapestornado.com\/lv\/product\/vapsolo-triple-30000-puffs-3-flavors-in-1-rechargeable-disposable-vapes-pen-bulk-buy-wholesale\/","title":{"rendered":"Vapsolo Triple 30000 dvesmas 3 gar\u0161as 1 atk\u0101rtoti uzl\u0101d\u0113jam\u0101s vienreiz\u0113j\u0101s lieto\u0161anas veipu pildspalvas lielapjoma pirkums vairumtirdzniec\u012bb\u0101"},"content":{"rendered":"<h1 class=\"product-title\">Vapsolo Triple 30000 dvesmas 3 gar\u0161as 1 atk\u0101rtoti uzl\u0101d\u0113jam\u0101s vienreiz\u0113j\u0101s lieto\u0161anas veipu pildspalvas lielapjoma pirkums vairumtirdzniec\u012bb\u0101<\/h1>\n<p>T\u0101 <strong>Vapsolo Triple 30000<\/strong> rada apv\u0113rsumu vapin\u0101\u0161anas pieredz\u0113 ar savu unik\u0101lo <strong>3 gar\u0161as 1 vienreiz\u0113j\u0101s lieto\u0161anas e-cigaret\u0113<\/strong> dizainu. Izbaudiet l\u012bdz pat <strong>30 000 uzp\u016btienu<\/strong> ar vienm\u0113r\u012bgu p\u0101rsl\u0113g\u0161anos starp trim at\u0161\u0137ir\u012bg\u0101m gar\u0161\u0101m, un tas viss ir vien\u0101 gl\u012bt\u0101, uzl\u0101d\u0113jam\u0101 ier\u012bc\u0113. Apr\u012bkota ar <strong>tr\u012bsk\u0101r\u0161\u0101m sieta spol\u0113m<\/strong> uzlabotai gar\u0161ai un tvaiku ra\u017eo\u0161anai, \u0161\u012b ier\u012bce nodro\u0161ina, ka katrs dvesms ir gluds un apmierino\u0161s.<\/p>\n<p>Ar <strong>45 ml e-\u0161\u0137idruma ietilp\u012bba<\/strong> (15 ml katrai gar\u0161ai), <strong>Vapsolo Triple 30000<\/strong> samazina nepiecie\u0161am\u012bbu p\u0113c uzpild\u012b\u0161anas, savuk\u0101rt <strong>650mAh uzl\u0101d\u0113jams akumulators<\/strong> ar <strong>C tipa \u0101tr\u0101 uzl\u0101de<\/strong> garant\u0113 konsekventu sniegumu. Ieb\u016bv\u0113tais <strong>LCD displejs<\/strong> inform\u0113 j\u016bs par e-\u0161\u0137idruma l\u012bmeni, akumulatora darb\u012bbas laiku un gar\u0161as iestat\u012bjumiem, lai nodro\u0161in\u0101tu maksim\u0101lu kontroli.<\/p>\n<p>Pieejams <strong>2% un 5% zema nikot\u012bna satura iesp\u0113jas<\/strong>, \u0161is <strong>lab\u0101kais vienreiz\u0113j\u0101s lieto\u0161anas tvaiks<\/strong> ir lieliski piem\u0113rota gan ikdieni\u0161\u0137iem, gan pieredz\u0113ju\u0161iem lietot\u0101jiem. T\u0101 <strong>vienreiz\u0113j\u0101s lieto\u0161anas tvaiku vairumtirdzniec\u012bbas<\/strong> cenu noteik\u0161ana padara to par rentablu iesp\u0113ju lielapjoma pirc\u0113jiem, nodro\u0161inot, ka j\u016bs ieg\u016bstat augstas kvalit\u0101tes funkcijas par <strong>l\u0113ts vapes<\/strong> cenu.<\/p>\n<p>&nbsp;<\/p>\n<p><strong>Pievienojiet Eimijas Whatsapp, lai sa\u0146emtu pareizo atbildi un vape kuponu!<\/strong><\/p>\n<p><img fetchpriority=\"high\" decoding=\"async\" class=\"size-full wp-image-2932\" src=\"https:\/\/vapestornado.com\/wp-content\/uploads\/2024\/12\/Vape-Wholesale.jpg\" alt=\"Veipu Vairumtirdzniec\u012bba\" width=\"229\" height=\"300\" \/><\/p>\n<h3><a href=\"https:\/\/wa.me\/8617776015835\" target=\"_blank\" rel=\"noopener\"><span style=\"color: #ff0000;\"><strong>WhatsApp: +86 17776015835<\/strong><\/span><\/a><\/h3>\n<p>&nbsp;<\/p>\n<h2><strong>Vapsolo Triple 30000 Puffs produkta funkcijas<\/strong><\/h2>\n<div role=\"article\" data-tabster=\"{&quot;groupper&quot;:{&quot;tabbability&quot;:2},&quot;focusable&quot;:{}}\" data-content=\"ai-message\" aria-labelledby=\"juhNTJ6o7Gk1cgwZMJgv2-author juhNTJ6o7Gk1cgwZMJgv2-content\">\n<div id=\"juhNTJ6o7Gk1cgwZMJgv2-content\">\n<div role=\"article\" data-tabster=\"{&quot;groupper&quot;:{&quot;tabbability&quot;:2},&quot;focusable&quot;:{}}\" data-content=\"ai-message\" aria-labelledby=\"x4EZuCZWrTbh3weWUt7CU-author x4EZuCZWrTbh3weWUt7CU-content\">\n<div id=\"x4EZuCZWrTbh3weWUt7CU-content\">\n<h3><\/h3>\n<ol>\n<li><strong>30 000 dvesmu:<\/strong> Milz\u012bgs dvesmu skaits ilgsto\u0161\u0101m vapin\u0101\u0161anas sesij\u0101m.<\/li>\n<li><strong>3 Gar\u0161as vien\u0101 dizain\u0101:<\/strong> Viegli p\u0101rsl\u0113dzieties starp trim gard\u0101m gar\u0161\u0101m.<\/li>\n<li><strong>Tr\u012bsk\u0101r\u0161\u0101s sieta spoles:<\/strong> Uzlabota gar\u0161a un tvaiku ra\u017eo\u0161ana.<\/li>\n<li><strong>Uzl\u0101d\u0113jams akumulators:<\/strong> 650mAh akumulators ar \u0101tru C tipa uzl\u0101di.<\/li>\n<li><strong>45ml E-\u0161\u0137idruma ietilp\u012bba:<\/strong> Pla\u0161s \u0161\u0137idruma tilpums ar 15ml katrai gar\u0161ai.<\/li>\n<li><strong>LCD displejs:<\/strong> Re\u0101llaika d\u016bmu, akumulatora un gar\u0161as iestat\u012bjumu uzraudz\u012bba.<\/li>\n<li><strong>Zemas nikot\u012bna iesp\u0113jas:<\/strong> Pieejams 2% un 5% piel\u0101gojamiem nikot\u012bna l\u012bme\u0146iem.<\/li>\n<li><strong>Iztur\u012bgs<\/strong> Viegls, kompakts dizains, lai tvaic\u0113tu, atrodoties ce\u013c\u0101.<\/li>\n<li><strong>Gatavs vairumtirdzniec\u012bbai:<\/strong> Pieejama vairumtirdzniec\u012bbas cena mazumtirgot\u0101jiem un t\u0101l\u0101kp\u0101rdev\u0113jiem.<\/li>\n<li><strong>10 Gar\u0161u kombin\u0101cijas:<\/strong> Pla\u0161s gar\u0161u kl\u0101sts katrai gaumei.<\/li>\n<\/ol>\n<figure id=\"attachment_3224\" aria-describedby=\"caption-attachment-3224\" style=\"width: 600px\" class=\"wp-caption alignnone\"><img decoding=\"async\" class=\"wp-image-3224\" src=\"https:\/\/vapestornado.com\/wp-content\/uploads\/2024\/12\/Vapsolo-Triple-30000-Puffs-3-Flavors-in-1-Disposable-Vape-300x300.jpg\" alt=\"Vapsolo Triple 30000 dvesmas 3 gar\u0161as vien\u0101 vienreiz\u0113j\u0101s lieto\u0161anas e-cigaret\u0113\" width=\"600\" height=\"600\" srcset=\"https:\/\/vapestornado.com\/wp-content\/uploads\/2024\/12\/Vapsolo-Triple-30000-Puffs-3-Flavors-in-1-Disposable-Vape-300x300.jpg 300w, https:\/\/vapestornado.com\/wp-content\/uploads\/2024\/12\/Vapsolo-Triple-30000-Puffs-3-Flavors-in-1-Disposable-Vape-1024x1024.jpg 1024w, https:\/\/vapestornado.com\/wp-content\/uploads\/2024\/12\/Vapsolo-Triple-30000-Puffs-3-Flavors-in-1-Disposable-Vape-150x150.jpg 150w, https:\/\/vapestornado.com\/wp-content\/uploads\/2024\/12\/Vapsolo-Triple-30000-Puffs-3-Flavors-in-1-Disposable-Vape-768x768.jpg 768w, https:\/\/vapestornado.com\/wp-content\/uploads\/2024\/12\/Vapsolo-Triple-30000-Puffs-3-Flavors-in-1-Disposable-Vape-600x600.jpg 600w, https:\/\/vapestornado.com\/wp-content\/uploads\/2024\/12\/Vapsolo-Triple-30000-Puffs-3-Flavors-in-1-Disposable-Vape-100x100.jpg 100w, https:\/\/vapestornado.com\/wp-content\/uploads\/2024\/12\/Vapsolo-Triple-30000-Puffs-3-Flavors-in-1-Disposable-Vape.jpg 1126w\" sizes=\"(max-width: 600px) 100vw, 600px\" \/><figcaption id=\"caption-attachment-3224\" class=\"wp-caption-text\">Vapsolo Triple 30000 dvesmas 3 gar\u0161as vien\u0101 vienreiz\u0113j\u0101s lieto\u0161anas e-cigaret\u0113<\/figcaption><\/figure>\n<\/div>\n<\/div>\n<\/div>\n<\/div>\n<h2 class=\"product-title\"><strong>Vapsolo Triple 30000 dvesmas gar\u0161u saraksts<\/strong><\/h2>\n<p>1. Arb\u016bzu ledus<br \/>\n2. Citronu laims<br \/>\n3. Zeme\u0146u ban\u0101ns<br \/>\n4.Zeme\u0146u kivi<br \/>\n5.Tropu aug\u013ci<br \/>\n6.Anan\u0101su kokosrieksts<br \/>\n7.Zeme\u0146u ave\u0146u<br \/>\n8.Ave\u0146u arb\u016bzs<br \/>\n9.Zeme\u0146u vani\u013cas kola<br \/>\n10.Arb\u016bzu ledus<\/p>\n<h3>K\u0101p\u0113c izv\u0113l\u0113ties Vapsolo 30000 Puffs Vairumtirdzniec\u012bba?<\/h3>\n<div class=\"flex-shrink-0 flex flex-col relative items-end\">\n<div class=\"pt-0\">\n<div class=\"gizmo-bot-avatar flex h-8 w-8 items-center justify-center overflow-hidden rounded-full\">\n<div class=\"relative p-1 rounded-sm flex items-center justify-center bg-token-main-surface-primary text-token-text-primary h-8 w-8\">\n<p>Laipni l\u016bdzam vapestornado, j\u016bsu uzticamaj\u0101 tie\u0161saistes vape veikal\u0101, kur\u0101 var ieg\u0101d\u0101ties augst\u0101k\u0101s kvalit\u0101tes vienreiz\u0113j\u0101s lieto\u0161anas vapes. Ar vair\u0101k nek\u0101 5 gadu pieredzi m\u0113s pied\u0101v\u0101jam popul\u0101rus vienreiz\u0113j\u0101s lieto\u0161anas vape z\u012bmolus, piem\u0113ram, Fumot RandM Vape, <a href=\"https:\/\/vapestornado.com\/lv\/product\/vapme-crystal-7000-puffs-rechargeable-disposable-vape-wholesale-cheap-price\/\">Vapme<\/a>, Bang Vape, Waspe Vape un WGA Vape, u.c.<\/p>\n<p>M\u016bsu kl\u0101st\u0101 ir iek\u013cauti karstie izp\u0101rdo\u0161anas veipi, piem\u0113ram, <a href=\"https:\/\/vapestornado.com\/lv\/product\/fumot-randm-tornado-15000-puffs-rechargeable-disposable-vape-wholesale\/\">RandM Tornado 15000<\/a>, un bag\u0101t\u012bgas gar\u0161as izv\u0113les, piem\u0113ram, <a href=\"https:\/\/vapestornado.com\/lv\/product\/vapsolo-dg-18000-puffs-smart-screen-wholesale-disposable-cheap-vapes\/\">\u00a0Vapsolo DG18000 Puffs<\/a> . Katrs produkts ir izv\u0113l\u0113ts, koncentr\u0113joties uz kvalit\u0101ti, v\u0113rt\u012bbu un daudzveid\u012bbu, nodro\u0161inot, ka j\u016bs atrad\u012bsiet perfektu atbilst\u012bbu sav\u0101m vajadz\u012bb\u0101m. Atkl\u0101jiet izcilu servisu un pla\u0161u popul\u0101r\u0101ko produktu kl\u0101stu par vairumtirdzniec\u012bbas cen\u0101m vietn\u0113 vapestornado.<\/p>\n<\/div>\n<h3><\/h3>\n<div class=\"relative p-1 rounded-sm flex items-center justify-center bg-token-main-surface-primary text-token-text-primary h-8 w-8\">\n<h3>Bie\u017e\u0101k uzdotie jaut\u0101jumi par Vapsolo Triple 30000 Puffs Vienreizlietojamo Vapi<\/h3>\n<\/div>\n<\/div>\n<\/div>\n<\/div>\n<div class=\"flex-shrink-0 flex flex-col relative items-end\">\n<div class=\"pt-0\">\n<div class=\"gizmo-bot-avatar flex h-8 w-8 items-center justify-center overflow-hidden rounded-full\">\n<div class=\"relative p-1 rounded-sm flex items-center justify-center bg-token-main-surface-primary text-token-text-primary h-8 w-8\">\n<div class=\"mb-2 flex gap-3 empty:hidden -ml-2\">\n<div role=\"article\" data-tabster=\"{&quot;groupper&quot;:{&quot;tabbability&quot;:2},&quot;focusable&quot;:{}}\" data-content=\"ai-message\" aria-labelledby=\"Vdt5ez4X7Tg813x6rFVha-author Vdt5ez4X7Tg813x6rFVha-content\">\n<div id=\"Vdt5ez4X7Tg813x6rFVha-content\">\n<div role=\"article\" data-tabster=\"{&quot;groupper&quot;:{&quot;tabbability&quot;:2},&quot;focusable&quot;:{}}\" data-content=\"ai-message\" aria-labelledby=\"o968oC7CEo2fGHsGdsRYC-author o968oC7CEo2fGHsGdsRYC-content\">\n<div id=\"o968oC7CEo2fGHsGdsRYC-content\">\n<h3><\/h3>\n<ol>\n<li><strong>Kas padara Vapsolo Triple 30000 unik\u0101lu?<\/strong><br \/>\nTas ir apr\u012bkots ar <strong>3 gar\u0161as vien\u0101 vienreiz\u0113j\u0101s lieto\u0161anas e-cigaret\u0113<\/strong>, kas \u013cauj lietot\u0101jiem bez piep\u016bles p\u0101rsl\u0113gties starp trim at\u0161\u0137ir\u012bg\u0101m gar\u0161\u0101m.<\/li>\n<li><strong>Cik ilgi ier\u012bce darbojas?<\/strong><br \/>\nAr <strong>30 000 dvesmu ietilp\u012bbu<\/strong> un <strong>650mAh uzl\u0101d\u0113jams akumulators<\/strong>, t\u0101 ir paredz\u0113ta ilgsto\u0161ai lieto\u0161anai.<\/li>\n<li><strong>Kur es varu ieg\u0101d\u0101ties \u0161o e-cigareti par vairumtirdzniec\u012bbas cen\u0101m?<\/strong><br \/>\nIeg\u0101d\u0101jieties <strong>Vapsolo Triple 30000<\/strong> vietn\u0113 vapestornado<strong>\u00a0tie\u0161saistes tvaiku veikalu<\/strong>, uzticam\u0101 avot\u0101 <strong>vienreiz\u0113j\u0101s lieto\u0161anas vape vairumtirdzniec\u012bbai<\/strong>.<\/li>\n<li><strong>Vai ier\u012bce atbalsta \u0101tru uzl\u0101di?<\/strong><br \/>\nJ\u0101, tas ir komplekt\u0101 ar <strong>Type-C uzl\u0101des ports<\/strong> \u0101trai un efekt\u012bvai uzl\u0101d\u0113\u0161anai.<\/li>\n<li><strong>K\u0101di nikot\u012bna l\u012bme\u0146i ir pieejami?<\/strong><br \/>\nIer\u012bce ir pieejama gan <strong>2% un 5% zems nikot\u012bna saturs<\/strong> opcij\u0101m, lai atbilstu da\u017e\u0101d\u0101m v\u0113lm\u0113m.<\/li>\n<\/ol>\n<\/div>\n<\/div>\n<\/div>\n<\/div>\n<\/div>\n<\/div>\n<\/div>\n<\/div>\n<\/div>","protected":false},"excerpt":{"rendered":"<p>Lab\u0101kais Vapsolo Triple 30000 Puffs 2% 5% zema nikot\u012bna vienreiz\u0113j\u0101s lieto\u0161anas e-cigarete, lielapjoma pirkuma cena<br \/>\nVapsolo Triple 30000 Puffs uzl\u0101d\u0113jama vienreiz\u0113j\u0101s lieto\u0161anas e-cigarete, vairumtirdzniec\u012bba<br \/>\nL\u0113ta r\u016bpn\u012bcas Vapsolo Triple 30000 Puffs 2% 5% zema nikot\u012bna vienreiz\u0113j\u0101s lieto\u0161anas e-cigarete<\/p>\n<p><strong>Pievienojiet Eimijas whatsapp, lai sa\u0146emtu pareizu atbildi un iztvaic\u0113t\u0101ja kuponu!<\/strong><\/p>\n<p><img fetchpriority=\"high\" decoding=\"async\" class=\"size-full wp-image-2932\" src=\"https:\/\/vapestornado.com\/wp-content\/uploads\/2024\/12\/Vape-Wholesale.jpg\" alt=\"Veipu Vairumtirdzniec\u012bba\" width=\"229\" height=\"300\" \/><\/p>\n<h3><a href=\"https:\/\/wa.me\/8617776015835\"><span style=\"color: #ff0000;\"><strong>WhatsApp: +86 17776015835<\/strong><\/span><\/a><\/h3>\n<p>&nbsp;<\/p>","protected":false},"featured_media":3230,"comment_status":"open","ping_status":"closed","template":"","meta":{"_acf_changed":false,"_uag_custom_page_level_css":"","_lmt_disableupdate":"no","_lmt_disable":"","_monsterinsights_skip_tracking":false,"_monsterinsights_sitenote_active":false,"_monsterinsights_sitenote_note":"","_monsterinsights_sitenote_category":0,"site-sidebar-layout":"default","site-content-layout":"","ast-site-content-layout":"default","site-content-style":"default","site-sidebar-style":"default","ast-global-header-display":"","ast-banner-title-visibility":"","ast-main-header-display":"","ast-hfb-above-header-display":"","ast-hfb-below-header-display":"","ast-hfb-mobile-header-display":"","site-post-title":"","ast-breadcrumbs-content":"","ast-featured-img":"","footer-sml-layout":"","ast-disable-related-posts":"","theme-transparent-header-meta":"default","adv-header-id-meta":"","stick-header-meta":"","header-above-stick-meta":"","header-main-stick-meta":"","header-below-stick-meta":"","astra-migrate-meta-layouts":"set","ast-page-background-enabled":"default","ast-page-background-meta":{"desktop":{"background-color":"","background-image":"","background-repeat":"repeat","background-position":"center center","background-size":"auto","background-attachment":"scroll","background-type":"","background-media":"","overlay-type":"","overlay-color":"","overlay-opacity":"","overlay-gradient":""},"tablet":{"background-color":"","background-image":"","background-repeat":"repeat","background-position":"center center","background-size":"auto","background-attachment":"scroll","background-type":"","background-media":"","overlay-type":"","overlay-color":"","overlay-opacity":"","overlay-gradient":""},"mobile":{"background-color":"","background-image":"","background-repeat":"repeat","background-position":"center center","background-size":"auto","background-attachment":"scroll","background-type":"","background-media":"","overlay-type":"","overlay-color":"","overlay-opacity":"","overlay-gradient":""}},"ast-content-background-meta":{"desktop":{"background-color":"var(--ast-global-color-5)","background-image":"","background-repeat":"repeat","background-position":"center center","background-size":"auto","background-attachment":"scroll","background-type":"","background-media":"","overlay-type":"","overlay-color":"","overlay-opacity":"","overlay-gradient":""},"tablet":{"background-color":"var(--ast-global-color-5)","background-image":"","background-repeat":"repeat","background-position":"center center","background-size":"auto","background-attachment":"scroll","background-type":"","background-media":"","overlay-type":"","overlay-color":"","overlay-opacity":"","overlay-gradient":""},"mobile":{"background-color":"var(--ast-global-color-5)","background-image":"","background-repeat":"repeat","background-position":"center center","background-size":"auto","background-attachment":"scroll","background-type":"","background-media":"","overlay-type":"","overlay-color":"","overlay-opacity":"","overlay-gradient":""}},"_joinchat":{"telephone":"+8617776015835"}},"product_brand":[],"product_cat":[67,149,151,143,144,277,146,171],"product_tag":[165,97,166,94,139,174,173],"class_list":{"0":"post-3223","1":"product","2":"type-product","3":"status-publish","4":"has-post-thumbnail","6":"product_cat-30000-puff","7":"product_cat-buy-disposable-vapes-in-austria","8":"product_cat-buy-disposable-vapes-in-france","9":"product_cat-dual-mesh-disposable-vapes","10":"product_cat-low-nicotine-disposable-vapes","11":"product_cat-mesii-vape","12":"product_cat-rechargeable-disposable-vapes","13":"product_cat-vapsolo-disposable-vapes","14":"product_tag-cheap-vapes","15":"product_tag-hot-sale-disposable-vape","16":"product_tag-low-nicotine-vape","17":"product_tag-rechargeable-disposable-vape","18":"product_tag-vapsolo","19":"product_tag-vapsolo-30000","20":"product_tag-vapsolo-triple-30000","21":"desktop-align-left","22":"tablet-align-left","23":"mobile-align-left","25":"first","26":"instock","27":"sale","28":"shipping-taxable","29":"purchasable","30":"product-type-simple"},"acf":[],"uagb_featured_image_src":{"full":["https:\/\/vapestornado.com\/wp-content\/uploads\/2024\/12\/Vapsolo-Triple-30000-Puffs-Rechargeable-Disposable-Vape.jpg",1126,1126,false],"thumbnail":["https:\/\/vapestornado.com\/wp-content\/uploads\/2024\/12\/Vapsolo-Triple-30000-Puffs-Rechargeable-Disposable-Vape-150x150.jpg",150,150,true],"medium":["https:\/\/vapestornado.com\/wp-content\/uploads\/2024\/12\/Vapsolo-Triple-30000-Puffs-Rechargeable-Disposable-Vape-300x300.jpg",300,300,true],"medium_large":["https:\/\/vapestornado.com\/wp-content\/uploads\/2024\/12\/Vapsolo-Triple-30000-Puffs-Rechargeable-Disposable-Vape-768x768.jpg",768,768,true],"large":["https:\/\/vapestornado.com\/wp-content\/uploads\/2024\/12\/Vapsolo-Triple-30000-Puffs-Rechargeable-Disposable-Vape-1024x1024.jpg",1024,1024,true],"1536x1536":["https:\/\/vapestornado.com\/wp-content\/uploads\/2024\/12\/Vapsolo-Triple-30000-Puffs-Rechargeable-Disposable-Vape.jpg",1126,1126,false],"2048x2048":["https:\/\/vapestornado.com\/wp-content\/uploads\/2024\/12\/Vapsolo-Triple-30000-Puffs-Rechargeable-Disposable-Vape.jpg",1126,1126,false],"trp-custom-language-flag":["https:\/\/vapestornado.com\/wp-content\/uploads\/2024\/12\/Vapsolo-Triple-30000-Puffs-Rechargeable-Disposable-Vape.jpg",12,12,false],"woocommerce_thumbnail":["https:\/\/vapestornado.com\/wp-content\/uploads\/2024\/12\/Vapsolo-Triple-30000-Puffs-Rechargeable-Disposable-Vape-300x300.jpg",300,300,true],"woocommerce_single":["https:\/\/vapestornado.com\/wp-content\/uploads\/2024\/12\/Vapsolo-Triple-30000-Puffs-Rechargeable-Disposable-Vape-600x600.jpg",600,600,true],"woocommerce_gallery_thumbnail":["https:\/\/vapestornado.com\/wp-content\/uploads\/2024\/12\/Vapsolo-Triple-30000-Puffs-Rechargeable-Disposable-Vape-100x100.jpg",100,100,true]},"uagb_author_info":{"display_name":"ESAMY","author_link":"https:\/\/vapestornado.com\/lv\/author\/"},"uagb_comment_info":0,"uagb_excerpt":"Best Vapsolo Triple 30000 Puffs 2% 5% Low Nicotine Disposable Vape Bulk Buy Price Vapsolo Triple 30000 Puffs Rechargeable Disposable Vape Wholesale Cheap Factory Vapsolo Triple 30000 Puffs 2% 5% Low Nicotine Disposable Vape Add Amy's whatsapp get right reply and vape vape coupon! WhatsApp: +86 17776015835 &nbsp;","_links":{"self":[{"href":"https:\/\/vapestornado.com\/lv\/wp-json\/wp\/v2\/product\/3223","targetHints":{"allow":["GET"]}}],"collection":[{"href":"https:\/\/vapestornado.com\/lv\/wp-json\/wp\/v2\/product"}],"about":[{"href":"https:\/\/vapestornado.com\/lv\/wp-json\/wp\/v2\/types\/product"}],"replies":[{"embeddable":true,"href":"https:\/\/vapestornado.com\/lv\/wp-json\/wp\/v2\/comments?post=3223"}],"wp:featuredmedia":[{"embeddable":true,"href":"https:\/\/vapestornado.com\/lv\/wp-json\/wp\/v2\/media\/3230"}],"wp:attachment":[{"href":"https:\/\/vapestornado.com\/lv\/wp-json\/wp\/v2\/media?parent=3223"}],"wp:term":[{"taxonomy":"product_brand","embeddable":true,"href":"https:\/\/vapestornado.com\/lv\/wp-json\/wp\/v2\/product_brand?post=3223"},{"taxonomy":"product_cat","embeddable":true,"href":"https:\/\/vapestornado.com\/lv\/wp-json\/wp\/v2\/product_cat?post=3223"},{"taxonomy":"product_tag","embeddable":true,"href":"https:\/\/vapestornado.com\/lv\/wp-json\/wp\/v2\/product_tag?post=3223"}],"curies":[{"name":"wp","href":"https:\/\/api.w.org\/{rel}","templated":true}]}}