{"id":3222,"date":"2024-12-18T08:11:42","date_gmt":"2024-12-18T08:11:42","guid":{"rendered":"https:\/\/vapestornado.com\/?post_type=product&#038;p=3222"},"modified":"2025-08-23T09:46:41","modified_gmt":"2025-08-23T09:46:41","slug":"vapsolo-tornado-pro-12000-puffs-2-5-low-nicotine-bulk-buy-rechargeable-disposable-vapes-pen-wholesale-price","status":"publish","type":"product","link":"https:\/\/vapestornado.com\/lv\/product\/vapsolo-tornado-pro-12000-puffs-2-5-low-nicotine-bulk-buy-rechargeable-disposable-vapes-pen-wholesale-price\/","title":{"rendered":"Vapsolo Tornado Pro 12000 uzp\u016btienu 2% 5% zema nikot\u012bna l\u012bme\u0146a vairumtirdzniec\u012bbas uzpild\u0101mas vienreiz\u0113j\u0101s lieto\u0161anas iztvaic\u0113t\u0101ju pildspalvas par vairumtirdzniec\u012bbas cenu"},"content":{"rendered":"<h1 class=\"product-title\">Vapsolo Tornado Pro 12000 uzp\u016btienu 2% 5% zema nikot\u012bna l\u012bme\u0146a vairumtirdzniec\u012bbas uzpild\u0101mas vienreiz\u0113j\u0101s lieto\u0161anas iztvaic\u0113t\u0101ju pildspalvas par vairumtirdzniec\u012bbas cenu<\/h1>\n<p>T\u0101 <strong>Vapsolo Tornado Pro 12000<\/strong> dvesmas ir galvenais <strong>uzl\u0101d\u0113jamais vienreiz\u0113j\u0101s lieto\u0161anas vape<\/strong> kas apvieno modern\u0101k\u0101s tehnolo\u0123ijas ar stilu. Pied\u0101v\u0101jot <strong>l\u012bdz 12 000 uzp\u016btieniem<\/strong>, \u0161\u012b ier\u012bce ir lieliski piem\u0113rota ilgsto\u0161\u0101m e-cigaretes lieto\u0161anas sesij\u0101m. T\u0101s <strong>20 ml e-\u0161\u0137idruma ietilp\u012bba<\/strong> samazina uzpildes, savuk\u0101rt <strong>650mAh uzl\u0101d\u0113jams akumulators<\/strong> nodro\u0161ina, ka vienm\u0113r esat gatavs lietot e-cigareti, pateicoties <strong>C tipa \u0101tr\u0101 uzl\u0101de<\/strong>.<\/p>\n<p>Kas at\u0161\u0137ir <strong>Vapsolo Tornado Pro 12000<\/strong> at\u0161\u0137ir iek\u013cau\u0161ana <strong>RGB apgaismojums<\/strong>, nodro\u0161inot dinamisku, kr\u0101sainu e-cigaretes lieto\u0161anas pieredzi, kas piesaista skatienu. The <strong>LCD displejs<\/strong> inform\u0113 j\u016bs par b\u016btisk\u0101m deta\u013c\u0101m, piem\u0113ram, dvesmu skaitu un akumulatora statusu, nodro\u0161inot bezr\u016bp\u012bgu lieto\u0161anu. Ar <strong>regul\u0113jamu gaisa pl\u016bsmu<\/strong> un <strong>acu spoles tehnolo\u0123ija<\/strong>, tas katru reizi nodro\u0161ina vienm\u0113r\u012bgu, arom\u0101tisku tvaiku.<\/p>\n<p>Pieejams <strong>vienreiz\u0113j\u0101s lieto\u0161anas tvaiku vairumtirdzniec\u012bbas<\/strong> cena, the <strong>Vapsolo Tornado Pro 12000<\/strong> ir lieliski piem\u0113rota mazumtirgot\u0101jiem un vairumtirgot\u0101jiem, kas mekl\u0113 augstas kvalit\u0101tes, ar funkcij\u0101m bag\u0101tu ier\u012bci. Neatkar\u012bgi no t\u0101, vai mekl\u0113jat <strong>nikot\u012bna tvaic\u0113t\u0101js ar zemu saturu<\/strong> vai stil\u012bgu <strong>l\u0113ta vienreiz\u0113j\u0101s lieto\u0161anas e-cigarete<\/strong>, \u0161is modelis nodro\u0161ina visas vajadz\u012bbas.<\/p>\n<p>&nbsp;<\/p>\n<p><strong>Pievienojiet Eimijas Whatsapp, lai sa\u0146emtu pareizo atbildi un vape kuponu!<\/strong><\/p>\n<p><img fetchpriority=\"high\" decoding=\"async\" class=\"size-full wp-image-2932\" src=\"https:\/\/vapestornado.com\/wp-content\/uploads\/2024\/12\/Vape-Wholesale.jpg\" alt=\"Veipu Vairumtirdzniec\u012bba\" width=\"229\" height=\"300\" \/><\/p>\n<h3><a href=\"https:\/\/wa.me\/8617776015835\" target=\"_blank\" rel=\"noopener\"><span style=\"color: #ff0000;\"><strong>WhatsApp: +86 17776015835<\/strong><\/span><\/a><\/h3>\n<p>&nbsp;<\/p>\n<h2><strong>Vapsolo Tornado Pro 12000 dvesmu produkta funkcijas<\/strong><\/h2>\n<div role=\"article\" data-tabster=\"{&quot;groupper&quot;:{&quot;tabbability&quot;:2},&quot;focusable&quot;:{}}\" data-content=\"ai-message\" aria-labelledby=\"juhNTJ6o7Gk1cgwZMJgv2-author juhNTJ6o7Gk1cgwZMJgv2-content\">\n<div id=\"juhNTJ6o7Gk1cgwZMJgv2-content\">\n<div role=\"article\" data-tabster=\"{&quot;groupper&quot;:{&quot;tabbability&quot;:2},&quot;focusable&quot;:{}}\" data-content=\"ai-message\" aria-labelledby=\"x4EZuCZWrTbh3weWUt7CU-author x4EZuCZWrTbh3weWUt7CU-content\">\n<div id=\"x4EZuCZWrTbh3weWUt7CU-content\">\n<h3><\/h3>\n<ol>\n<li><strong>12 000 dvesmas:<\/strong> Ilgsto\u0161a lieto\u0161ana bez bie\u017eas nomai\u0146as.<\/li>\n<li><strong>Uzl\u0101d\u0113jams akumulators:<\/strong> 650mAh ar C tipa \u0101tru uzl\u0101di.<\/li>\n<li><strong>20 ml E-\u0161\u0137idruma ietilp\u012bba:<\/strong> Ret\u0101ka uzpilde \u0113rt\u012bbai.<\/li>\n<li><strong>RGB apgaismojums:<\/strong> Stil\u012bgi, kr\u0101saini vizu\u0101lie efekti m\u016bsdien\u012bgam izskatam.<\/li>\n<li><strong>LCD displejs:<\/strong> Vienk\u0101r\u0161a dvesmu skaita un akumulatora l\u012bme\u0146a uzraudz\u012bba.<\/li>\n<li><strong>Regul\u0113jama gaisa pl\u016bsma:<\/strong> \u010cetri iestat\u012bjumi personaliz\u0113t\u0101m dvesm\u0101m.<\/li>\n<li><strong>Sieta spir\u0101les tehnolo\u0123ija:<\/strong> Konsekvents tvaiks ar uzlabotu gar\u0161u.<\/li>\n<li><strong>Zemas nikot\u012bna iesp\u0113jas:<\/strong> Izv\u0113lieties starp 2% un 5% nikot\u012bna l\u012bmeni.<\/li>\n<li><strong>P\u0101rn\u0113s\u0101jams dizains:<\/strong> Viegls, iztur\u012bgs un viegli p\u0101rn\u0113s\u0101jams.<\/li>\n<li><strong>Vairumtirdzniec\u012bbai draudz\u012bgs:<\/strong> Pieejama cena lielapjoma pirkumiem.<\/li>\n<\/ol>\n<p>&nbsp;<\/p>\n<\/div>\n<\/div>\n<\/div>\n<\/div>\n<h2 class=\"product-title\"><strong>Vapsolo Tornado 12000 dvesmu gar\u0161u saraksts<\/strong><\/h2>\n<p>1. arb\u016bzu ledus<br \/>\n2. zeme\u0146u kivi<br \/>\n3. zilo ave\u0146u<br \/>\n4. G\u0101z\u0113ts \u0137irsis<br \/>\n5. melle\u0146u ledus<br \/>\n6. Zeme\u0146u Ave\u0146u \u0136ir\u0161u Ledus<br \/>\n7.Persiku Mango Anan\u0101ss<br \/>\n8. V\u012bnogu Ledus<br \/>\n9. Ave\u0146u Arb\u016bzs<br \/>\n10.Zeme\u0146u Ban\u0101ns<\/p>\n<figure id=\"attachment_3211\" aria-describedby=\"caption-attachment-3211\" style=\"width: 600px\" class=\"wp-caption alignnone\"><img decoding=\"async\" class=\"wp-image-3211\" src=\"https:\/\/vapestornado.com\/wp-content\/uploads\/2024\/12\/Best-Vapsolo-Tornado-Pro-12000-Disposable-Vapes-Wholesale-300x300.jpg\" alt=\"Lab\u0101kais Vapsolo Tornado Pro 12000 vienreizlietojamo tvaiku vairumtirdzniec\u012bba\" width=\"600\" height=\"600\" srcset=\"https:\/\/vapestornado.com\/wp-content\/uploads\/2024\/12\/Best-Vapsolo-Tornado-Pro-12000-Disposable-Vapes-Wholesale-300x300.jpg 300w, https:\/\/vapestornado.com\/wp-content\/uploads\/2024\/12\/Best-Vapsolo-Tornado-Pro-12000-Disposable-Vapes-Wholesale-1024x1024.jpg 1024w, https:\/\/vapestornado.com\/wp-content\/uploads\/2024\/12\/Best-Vapsolo-Tornado-Pro-12000-Disposable-Vapes-Wholesale-150x150.jpg 150w, https:\/\/vapestornado.com\/wp-content\/uploads\/2024\/12\/Best-Vapsolo-Tornado-Pro-12000-Disposable-Vapes-Wholesale-768x768.jpg 768w, https:\/\/vapestornado.com\/wp-content\/uploads\/2024\/12\/Best-Vapsolo-Tornado-Pro-12000-Disposable-Vapes-Wholesale-600x600.jpg 600w, https:\/\/vapestornado.com\/wp-content\/uploads\/2024\/12\/Best-Vapsolo-Tornado-Pro-12000-Disposable-Vapes-Wholesale-100x100.jpg 100w, https:\/\/vapestornado.com\/wp-content\/uploads\/2024\/12\/Best-Vapsolo-Tornado-Pro-12000-Disposable-Vapes-Wholesale.jpg 1126w\" sizes=\"(max-width: 600px) 100vw, 600px\" \/><figcaption id=\"caption-attachment-3211\" class=\"wp-caption-text\">Lab\u0101kais Vapsolo Tornado Pro 12000 vienreizlietojamo tvaiku vairumtirdzniec\u012bba<\/figcaption><\/figure>\n<h3>K\u0101p\u0113c izv\u0113l\u0113ties vapestornado Vapsolo Tornado 12000 Puffs tvaiku vairumtirdzniec\u012bbai?<\/h3>\n<div class=\"flex-shrink-0 flex flex-col relative items-end\">\n<div class=\"pt-0\">\n<div class=\"gizmo-bot-avatar flex h-8 w-8 items-center justify-center overflow-hidden rounded-full\">\n<div class=\"relative p-1 rounded-sm flex items-center justify-center bg-token-main-surface-primary text-token-text-primary h-8 w-8\">\n<p>Laipni l\u016bdzam vapestornado, j\u016bsu uzticamaj\u0101 tie\u0161saistes vape veikal\u0101, kur\u0101 var ieg\u0101d\u0101ties augst\u0101k\u0101s kvalit\u0101tes vienreiz\u0113j\u0101s lieto\u0161anas vapes. Ar vair\u0101k nek\u0101 5 gadu pieredzi m\u0113s pied\u0101v\u0101jam popul\u0101rus vienreiz\u0113j\u0101s lieto\u0161anas vape z\u012bmolus, piem\u0113ram, Fumot RandM Vape, <a href=\"https:\/\/vapestornado.com\/lv\/product\/vapme-crystal-7000-puffs-rechargeable-disposable-vape-wholesale-cheap-price\/\">Vapme<\/a>, Bang Vape, Waspe Vape un WGA Vape, u.c.<\/p>\n<p>M\u016bsu kl\u0101st\u0101 ir iek\u013cauti karstie izp\u0101rdo\u0161anas veipi, piem\u0113ram, <a href=\"https:\/\/vapestornado.com\/lv\/product\/fumot-randm-tornado-15000-puffs-rechargeable-disposable-vape-wholesale\/\">RandM Tornado 15000<\/a>, un bag\u0101t\u012bgas gar\u0161as izv\u0113les, piem\u0113ram, <a href=\"https:\/\/vapestornado.com\/lv\/product\/vapsolo-dg-18000-puffs-smart-screen-wholesale-disposable-cheap-vapes\/\">\u00a0Vapsolo DG18000 Puffs<\/a> . Katrs produkts ir izv\u0113l\u0113ts, koncentr\u0113joties uz kvalit\u0101ti, v\u0113rt\u012bbu un daudzveid\u012bbu, nodro\u0161inot, ka j\u016bs atrad\u012bsiet perfektu atbilst\u012bbu sav\u0101m vajadz\u012bb\u0101m. Atkl\u0101jiet izcilu servisu un pla\u0161u popul\u0101r\u0101ko produktu kl\u0101stu par vairumtirdzniec\u012bbas cen\u0101m vietn\u0113 vapestornado.<\/p>\n<\/div>\n<h3><\/h3>\n<div class=\"relative p-1 rounded-sm flex items-center justify-center bg-token-main-surface-primary text-token-text-primary h-8 w-8\">\n<h3>Bie\u017ei uzdotie jaut\u0101jumi par Vapsolo Tornado Pro 12000 Puffs vienreizlietojamo tvaiku<\/h3>\n<\/div>\n<\/div>\n<\/div>\n<\/div>\n<div class=\"flex-shrink-0 flex flex-col relative items-end\">\n<div class=\"pt-0\">\n<div class=\"gizmo-bot-avatar flex h-8 w-8 items-center justify-center overflow-hidden rounded-full\">\n<div class=\"relative p-1 rounded-sm flex items-center justify-center bg-token-main-surface-primary text-token-text-primary h-8 w-8\">\n<div class=\"mb-2 flex gap-3 empty:hidden -ml-2\">\n<div role=\"article\" data-tabster=\"{&quot;groupper&quot;:{&quot;tabbability&quot;:2},&quot;focusable&quot;:{}}\" data-content=\"ai-message\" aria-labelledby=\"Vdt5ez4X7Tg813x6rFVha-author Vdt5ez4X7Tg813x6rFVha-content\">\n<div id=\"Vdt5ez4X7Tg813x6rFVha-content\">\n<div role=\"article\" data-tabster=\"{&quot;groupper&quot;:{&quot;tabbability&quot;:2},&quot;focusable&quot;:{}}\" data-content=\"ai-message\" aria-labelledby=\"o968oC7CEo2fGHsGdsRYC-author o968oC7CEo2fGHsGdsRYC-content\">\n<div id=\"o968oC7CEo2fGHsGdsRYC-content\">\n<h3><\/h3>\n<ol>\n<li><strong>Cik daudz dvesmu nodro\u0161ina Vapsolo Tornado Pro 12000?<\/strong><br \/>\n\u0160\u012b ier\u012bce nodro\u0161ina l\u012bdz pat <strong>12 000 uzp\u016b\u0161u<\/strong>, padarot to ide\u0101li piem\u0113rotu ilgsto\u0161ai lieto\u0161anai bez nomai\u0146as.<\/li>\n<li><strong>Vai Vapsolo 12000 ier\u012bcei ir uzl\u0101d\u0113\u0161anas iesp\u0113jas?<\/strong><br \/>\nJ\u0101, tam ir <strong>650mAh uzl\u0101d\u0113jams akumulators<\/strong> ar <strong>Type-C uzl\u0101des ports<\/strong> \u0101trai un efekt\u012bvai uzl\u0101dei.<\/li>\n<li><strong>Kas padara Vapsolo Tornado Pro 12000 RGB apgaismojumu unik\u0101lu?<\/strong><br \/>\nT\u0101 <strong>RGB apgaismojums<\/strong> uzlabo iztvaic\u0113\u0161anas pieredzi ar spilgtiem, kr\u0101sainiem efektiem, pie\u0161\u0137irot tai modernu un stil\u012bgu izskatu.<\/li>\n<li><strong>K\u0101 darbojas Vapsolo Tornado 12000 regul\u0113jam\u0101 gaisa pl\u016bsma?<\/strong><br \/>\nT\u0101 <strong>\u010detru l\u012bme\u0146u gaisa pl\u016bsmas sist\u0113ma<\/strong> \u013cauj piel\u0101got iztvaic\u0113\u0161anas pieredzi, s\u0101kot no cie\u0161iem dvesmiem l\u012bdz br\u012bviem uzp\u016btieniem.<\/li>\n<li><strong>K\u0101p\u0113c Vapsolo Tornado Pro 12000 ir ide\u0101li piem\u0113rots vairumtirdzniec\u012bbas pirc\u0113jiem?<\/strong><br \/>\nTas apvieno <strong>liela dvesmu ietilp\u012bba<\/strong>, <strong>premium funkcijas<\/strong>, un <strong>pieejamas lielapjoma cenas<\/strong>, padarot to perfektu mazumtirgot\u0101jiem un t\u0101l\u0101kp\u0101rdev\u0113jiem.<\/li>\n<\/ol>\n<\/div>\n<\/div>\n<\/div>\n<\/div>\n<\/div>\n<\/div>\n<\/div>\n<\/div>\n<\/div>","protected":false},"excerpt":{"rendered":"<p>VapSolo Tornado Pro 12000 dvesmas 21% 5% zema nikot\u012bna vienreiz\u0113j\u0101s lieto\u0161anas e-cigarete, p\u0113rkot vairum\u0101<br \/>\nVapSolo Tornado Pro 12000 dvesmas atk\u0101rtoti uzl\u0101d\u0113jama vienreizlietojama e-cigarete, vairumtirdzniec\u012bba<br \/>\nL\u0113ta r\u016bpn\u012bcas Tornado 12000 dvesmas 21% 5% zema nikot\u012bna vienreizlietojama e-cigarete<\/p>\n<p><strong>Pievienojiet Eimijas whatsapp, lai sa\u0146emtu pareizu atbildi un iztvaic\u0113t\u0101ja kuponu!<\/strong><\/p>\n<p><img fetchpriority=\"high\" decoding=\"async\" class=\"size-full wp-image-2932\" src=\"https:\/\/vapestornado.com\/wp-content\/uploads\/2024\/12\/Vape-Wholesale.jpg\" alt=\"Veipu Vairumtirdzniec\u012bba\" width=\"229\" height=\"300\" \/><\/p>\n<h3><a href=\"https:\/\/wa.me\/8617776015835\"><span style=\"color: #ff0000;\"><strong>WhatsApp: +86 17776015835<\/strong><\/span><\/a><\/h3>\n<p>&nbsp;<\/p>","protected":false},"featured_media":3215,"comment_status":"open","ping_status":"closed","template":"","meta":{"_acf_changed":false,"_uag_custom_page_level_css":"","_lmt_disableupdate":"no","_lmt_disable":"","_monsterinsights_skip_tracking":false,"_monsterinsights_sitenote_active":false,"_monsterinsights_sitenote_note":"","_monsterinsights_sitenote_category":0,"site-sidebar-layout":"default","site-content-layout":"","ast-site-content-layout":"default","site-content-style":"default","site-sidebar-style":"default","ast-global-header-display":"","ast-banner-title-visibility":"","ast-main-header-display":"","ast-hfb-above-header-display":"","ast-hfb-below-header-display":"","ast-hfb-mobile-header-display":"","site-post-title":"","ast-breadcrumbs-content":"","ast-featured-img":"","footer-sml-layout":"","ast-disable-related-posts":"","theme-transparent-header-meta":"default","adv-header-id-meta":"","stick-header-meta":"","header-above-stick-meta":"","header-main-stick-meta":"","header-below-stick-meta":"","astra-migrate-meta-layouts":"set","ast-page-background-enabled":"default","ast-page-background-meta":{"desktop":{"background-color":"","background-image":"","background-repeat":"repeat","background-position":"center center","background-size":"auto","background-attachment":"scroll","background-type":"","background-media":"","overlay-type":"","overlay-color":"","overlay-opacity":"","overlay-gradient":""},"tablet":{"background-color":"","background-image":"","background-repeat":"repeat","background-position":"center center","background-size":"auto","background-attachment":"scroll","background-type":"","background-media":"","overlay-type":"","overlay-color":"","overlay-opacity":"","overlay-gradient":""},"mobile":{"background-color":"","background-image":"","background-repeat":"repeat","background-position":"center center","background-size":"auto","background-attachment":"scroll","background-type":"","background-media":"","overlay-type":"","overlay-color":"","overlay-opacity":"","overlay-gradient":""}},"ast-content-background-meta":{"desktop":{"background-color":"var(--ast-global-color-5)","background-image":"","background-repeat":"repeat","background-position":"center center","background-size":"auto","background-attachment":"scroll","background-type":"","background-media":"","overlay-type":"","overlay-color":"","overlay-opacity":"","overlay-gradient":""},"tablet":{"background-color":"var(--ast-global-color-5)","background-image":"","background-repeat":"repeat","background-position":"center center","background-size":"auto","background-attachment":"scroll","background-type":"","background-media":"","overlay-type":"","overlay-color":"","overlay-opacity":"","overlay-gradient":""},"mobile":{"background-color":"var(--ast-global-color-5)","background-image":"","background-repeat":"repeat","background-position":"center center","background-size":"auto","background-attachment":"scroll","background-type":"","background-media":"","overlay-type":"","overlay-color":"","overlay-opacity":"","overlay-gradient":""}},"_joinchat":{"telephone":"+8617776015835"}},"product_brand":[],"product_cat":[72,153,154,159,142,143,171],"product_tag":[165,97,166,94,139,172,169],"class_list":{"0":"post-3222","1":"product","2":"type-product","3":"status-publish","4":"has-post-thumbnail","6":"product_cat-12000-puff","7":"product_cat-buy-disposable-vapes-in-italy","8":"product_cat-buy-disposable-vapes-in-netherlands","9":"product_cat-buy-disposable-vapes-in-sweden","10":"product_cat-digital-box-disposable-vapes","11":"product_cat-dual-mesh-disposable-vapes","12":"product_cat-vapsolo-disposable-vapes","13":"product_tag-cheap-vapes","14":"product_tag-hot-sale-disposable-vape","15":"product_tag-low-nicotine-vape","16":"product_tag-rechargeable-disposable-vape","17":"product_tag-vapsolo","18":"product_tag-vapsolo-tornado-pro-12000","19":"product_tag-vasolo-12000","20":"desktop-align-left","21":"tablet-align-left","22":"mobile-align-left","24":"first","25":"instock","26":"sale","27":"shipping-taxable","28":"purchasable","29":"product-type-simple"},"acf":[],"uagb_featured_image_src":{"full":["https:\/\/vapestornado.com\/wp-content\/uploads\/2024\/12\/Vapsolo-Tornado-Pro-12000-Rechargeable-Disposable-Vapes-Bulk-Buy-Wholesale.jpg",1126,1126,false],"thumbnail":["https:\/\/vapestornado.com\/wp-content\/uploads\/2024\/12\/Vapsolo-Tornado-Pro-12000-Rechargeable-Disposable-Vapes-Bulk-Buy-Wholesale-150x150.jpg",150,150,true],"medium":["https:\/\/vapestornado.com\/wp-content\/uploads\/2024\/12\/Vapsolo-Tornado-Pro-12000-Rechargeable-Disposable-Vapes-Bulk-Buy-Wholesale-300x300.jpg",300,300,true],"medium_large":["https:\/\/vapestornado.com\/wp-content\/uploads\/2024\/12\/Vapsolo-Tornado-Pro-12000-Rechargeable-Disposable-Vapes-Bulk-Buy-Wholesale-768x768.jpg",768,768,true],"large":["https:\/\/vapestornado.com\/wp-content\/uploads\/2024\/12\/Vapsolo-Tornado-Pro-12000-Rechargeable-Disposable-Vapes-Bulk-Buy-Wholesale-1024x1024.jpg",1024,1024,true],"1536x1536":["https:\/\/vapestornado.com\/wp-content\/uploads\/2024\/12\/Vapsolo-Tornado-Pro-12000-Rechargeable-Disposable-Vapes-Bulk-Buy-Wholesale.jpg",1126,1126,false],"2048x2048":["https:\/\/vapestornado.com\/wp-content\/uploads\/2024\/12\/Vapsolo-Tornado-Pro-12000-Rechargeable-Disposable-Vapes-Bulk-Buy-Wholesale.jpg",1126,1126,false],"trp-custom-language-flag":["https:\/\/vapestornado.com\/wp-content\/uploads\/2024\/12\/Vapsolo-Tornado-Pro-12000-Rechargeable-Disposable-Vapes-Bulk-Buy-Wholesale.jpg",12,12,false],"woocommerce_thumbnail":["https:\/\/vapestornado.com\/wp-content\/uploads\/2024\/12\/Vapsolo-Tornado-Pro-12000-Rechargeable-Disposable-Vapes-Bulk-Buy-Wholesale-300x300.jpg",300,300,true],"woocommerce_single":["https:\/\/vapestornado.com\/wp-content\/uploads\/2024\/12\/Vapsolo-Tornado-Pro-12000-Rechargeable-Disposable-Vapes-Bulk-Buy-Wholesale-600x600.jpg",600,600,true],"woocommerce_gallery_thumbnail":["https:\/\/vapestornado.com\/wp-content\/uploads\/2024\/12\/Vapsolo-Tornado-Pro-12000-Rechargeable-Disposable-Vapes-Bulk-Buy-Wholesale-100x100.jpg",100,100,true]},"uagb_author_info":{"display_name":"ESAMY","author_link":"https:\/\/vapestornado.com\/lv\/author\/"},"uagb_comment_info":0,"uagb_excerpt":"VapSolo Tornado Pro 12000 Puffs 2% 5% Low Nicotine Disposable Vape Bulk Buy Price VapSolo Tornado Pro 12000 Puffs Rechargeable Disposable Vape Wholesale Cheap Factory Tornado 12000 Puffs 2% 5% Low Nicotine Disposable Vape Add Amy's whatsapp get right reply and vape vape coupon! WhatsApp: +86 17776015835 &nbsp;","_links":{"self":[{"href":"https:\/\/vapestornado.com\/lv\/wp-json\/wp\/v2\/product\/3222","targetHints":{"allow":["GET"]}}],"collection":[{"href":"https:\/\/vapestornado.com\/lv\/wp-json\/wp\/v2\/product"}],"about":[{"href":"https:\/\/vapestornado.com\/lv\/wp-json\/wp\/v2\/types\/product"}],"replies":[{"embeddable":true,"href":"https:\/\/vapestornado.com\/lv\/wp-json\/wp\/v2\/comments?post=3222"}],"wp:featuredmedia":[{"embeddable":true,"href":"https:\/\/vapestornado.com\/lv\/wp-json\/wp\/v2\/media\/3215"}],"wp:attachment":[{"href":"https:\/\/vapestornado.com\/lv\/wp-json\/wp\/v2\/media?parent=3222"}],"wp:term":[{"taxonomy":"product_brand","embeddable":true,"href":"https:\/\/vapestornado.com\/lv\/wp-json\/wp\/v2\/product_brand?post=3222"},{"taxonomy":"product_cat","embeddable":true,"href":"https:\/\/vapestornado.com\/lv\/wp-json\/wp\/v2\/product_cat?post=3222"},{"taxonomy":"product_tag","embeddable":true,"href":"https:\/\/vapestornado.com\/lv\/wp-json\/wp\/v2\/product_tag?post=3222"}],"curies":[{"name":"wp","href":"https:\/\/api.w.org\/{rel}","templated":true}]}}