{"id":3201,"date":"2024-12-18T03:39:14","date_gmt":"2024-12-18T03:39:14","guid":{"rendered":"https:\/\/vapestornado.com\/?post_type=product&#038;p=3201"},"modified":"2025-08-23T09:47:27","modified_gmt":"2025-08-23T09:47:27","slug":"vapsolo-viking-12000-puffs-2-5-low-nicotine-bulk-buy-rechargeable-disposable-vapes-pen-wholesale-price","status":"publish","type":"product","link":"https:\/\/vapestornado.com\/lv\/product\/vapsolo-viking-12000-puffs-2-5-low-nicotine-bulk-buy-rechargeable-disposable-vapes-pen-wholesale-price\/","title":{"rendered":"VapSolo Viking 12000 Puffs 2% 5% Zems nikot\u012bna l\u012bmenis Lielapjoma pirkums Uzl\u0101d\u0113jamas vienreizlietojam\u0101s tvaiku pildspalvas Vairumtirdzniec\u012bbas cena"},"content":{"rendered":"<h1 class=\"product-title\">VapSolo Viking 12000 Puffs 2% 5% Zems nikot\u012bna l\u012bmenis Lielapjoma pirkums Uzl\u0101d\u0113jamas vienreizlietojam\u0101s tvaiku pildspalvas Vairumtirdzniec\u012bbas cena<\/h1>\n<p data-start=\"403\" data-end=\"652\">T\u0101 <strong data-start=\"407\" data-end=\"453\">VapSolo Viking 12000 Puffs vienreiz\u0113j\u0101s lieto\u0161anas vape<\/strong> nodro\u0161ina ilgsto\u0161u veiktsp\u0113ju un elast\u012bbu elegant\u0101, p\u0101rn\u0113s\u0101jam\u0101 dizain\u0101. Ar <strong data-start=\"536\" data-end=\"562\">22 ml e-\u0161\u0137idruma ietilp\u012bbu<\/strong> un l\u012bdz <strong data-start=\"573\" data-end=\"589\">12 000 uzp\u016b\u0161u<\/strong>, tas nodro\u0161ina ilgsto\u0161u lieto\u0161anu bez past\u0101v\u012bgas nomai\u0146as.<\/p>\n<p data-start=\"654\" data-end=\"909\">Darbojas ar <strong data-start=\"667\" data-end=\"698\">650mAh uzl\u0101d\u0113jams akumulators<\/strong> ar <strong data-start=\"704\" data-end=\"728\">C tipa \u0101tr\u0101 uzl\u0101de<\/strong>, Viking 12K nodro\u0161ina konsekventas sesijas un efekt\u012bvu uzl\u0101di. Tas ir pieejams <strong data-start=\"811\" data-end=\"843\">2% un 5% nikot\u012bna stiprumi<\/strong>, padarot to piem\u0113rotu gan m\u0113ren\u0101m, gan sp\u0113c\u012bg\u0101k\u0101m v\u0113lm\u0113m.<\/p>\n<p data-start=\"911\" data-end=\"1150\">Apr\u012bkots ar <strong data-start=\"925\" data-end=\"949\">acu spoles tehnolo\u0123ija<\/strong> un <strong data-start=\"954\" data-end=\"984\">4 l\u012bme\u0146u regul\u0113jama gaisa pl\u016bsma<\/strong>, \u0161\u012b ier\u012bce garant\u0113 vienm\u0113r\u012bgu tvaika ra\u017eo\u0161anu un piel\u0101gojamus vilkumus. The <strong data-start=\"1061\" data-end=\"1076\">LCD displejs<\/strong> pievieno \u0113rt\u012bbas, re\u0101llaik\u0101 par\u0101dot uzp\u016btienu skaitu un akumulatora statusu.<\/p>\n<p data-start=\"1152\" data-end=\"1410\">Viegls un viegli p\u0101rn\u0113s\u0101jams, <strong data-start=\"1187\" data-end=\"1211\">VapSolo Viking 12000<\/strong> ir ide\u0101li piem\u0113rots gan ikdienas lietot\u0101jiem, gan vairumtirgot\u0101jiem. T\u0101 ietilp\u012bbas, uzlaboto funkciju un konkur\u0113tsp\u0113j\u012bg\u0101 <strong data-start=\"1326\" data-end=\"1347\">vairumtirdzniec\u012bbas cen\u0101m<\/strong> kombin\u0101cija padara to par izdev\u012bgu iesp\u0113ju mazumtirgot\u0101jiem un izplat\u012bt\u0101jiem.<\/p>\n<p><strong>Pievienojiet Eimijas Whatsapp, lai sa\u0146emtu pareizo atbildi un vape kuponu!<\/strong><\/p>\n<p><img fetchpriority=\"high\" decoding=\"async\" class=\"size-full wp-image-2932\" src=\"https:\/\/vapestornado.com\/wp-content\/uploads\/2024\/12\/Vape-Wholesale.jpg\" alt=\"Veipu Vairumtirdzniec\u012bba\" width=\"229\" height=\"300\" \/><\/p>\n<h3><a href=\"https:\/\/wa.me\/8617776015835\" target=\"_blank\" rel=\"noopener\"><span style=\"color: #ff0000;\"><strong>WhatsApp: +86 17776015835<\/strong><\/span><\/a><\/h3>\n<p>&nbsp;<\/p>\n<h2><strong>VapSolo Viking 12000 produkta \u012bpa\u0161\u012bbas<\/strong><\/h2>\n<div role=\"article\" data-tabster=\"{&quot;groupper&quot;:{&quot;tabbability&quot;:2},&quot;focusable&quot;:{}}\" data-content=\"ai-message\" aria-labelledby=\"juhNTJ6o7Gk1cgwZMJgv2-author juhNTJ6o7Gk1cgwZMJgv2-content\">\n<div id=\"juhNTJ6o7Gk1cgwZMJgv2-content\">\n<div role=\"article\" data-tabster=\"{&quot;groupper&quot;:{&quot;tabbability&quot;:2},&quot;focusable&quot;:{}}\" data-content=\"ai-message\" aria-labelledby=\"x4EZuCZWrTbh3weWUt7CU-author x4EZuCZWrTbh3weWUt7CU-content\">\n<div id=\"x4EZuCZWrTbh3weWUt7CU-content\">\n<h3><\/h3>\n<ol>\n<li><strong>12 000 dvesmas uz ier\u012bci:<\/strong> Ilgsto\u0161a lieto\u0161ana netrauc\u0113tai tvaic\u0113\u0161anas pieredzei.<\/li>\n<li><strong>Zemas nikot\u012bna iesp\u0113jas:<\/strong> Pieejams ar 2% un 5% nikot\u012bna saturu, kas atbilst da\u017e\u0101d\u0101m v\u0113lm\u0113m.<\/li>\n<li><strong>Uzl\u0101d\u0113jams akumulators:<\/strong> 650 mAh ietilp\u012bba ar \u0113rtu C tipa \u0101tru uzl\u0101di.<\/li>\n<li><strong>4 l\u012bme\u0146u regul\u0113jama gaisa pl\u016bsma:<\/strong> Piel\u0101gojiet savu tvaic\u0113\u0161anas stilu ar precizit\u0101ti.<\/li>\n<li><strong>Sieta spir\u0101les tehnolo\u0123ija:<\/strong> Katru reizi nodro\u0161ina vienm\u0113r\u012bgu tvaiku un uzlabotu gar\u0161u.<\/li>\n<li><strong>22 ml e-\u0161\u0137idruma ietilp\u012bba:<\/strong> Nodro\u0161ina ilg\u0101kas tvaic\u0113\u0161anas sesijas bez bie\u017eas uzpild\u012b\u0161anas.<\/li>\n<li><strong>LCD displejs:<\/strong> Viegli p\u0101rraugiet dvesmu skaitu un akumulatora statusu re\u0101llaik\u0101.<\/li>\n<li><strong>Kompakts un viegls:<\/strong> P\u0101rn\u0113s\u0101jams dizains, kas sver tikai 95 g, lai to b\u016btu viegli lietot ce\u013c\u0101.<\/li>\n<li><strong>Pieejamas vairumtirdzniec\u012bbas cenas:<\/strong> Ide\u0101li piem\u0113rots lielapjoma pirkumiem un t\u0101l\u0101kp\u0101rdo\u0161anai.<\/li>\n<li><strong>Premium klases vienreiz\u0113j\u0101s lieto\u0161anas tvaic\u0113t\u0101ju z\u012bmols:<\/strong> Apvieno \u0113rt\u012bbas, veiktsp\u0113ju un stilu.<\/li>\n<\/ol>\n<\/div>\n<\/div>\n<\/div>\n<\/div>\n<h2 class=\"product-title\"><strong>VapSolo 12000 Puffs Gar\u0161u saraksts<\/strong><\/h2>\n<p>1.Melle\u0146u ave\u0146u<br \/>\n2.Melle\u0146u<br \/>\n3.G\u0101z\u0113ts \u0137ir\u0161u<br \/>\n4. arb\u016bzu ledus<br \/>\n5.Zeme\u0146u kivi<br \/>\n6.zeme\u0146u arb\u016bzs<br \/>\n7.vasaras sapnis<br \/>\n8.melle\u0146u \u0137ir\u0161u dz\u0113rve\u0146u<br \/>\n9.citrona laims<br \/>\n10.l\u0101c\u012btis<br \/>\n11. Zeme\u0146u ban\u0101ns<br \/>\n12.svaiga piparm\u0113tra<br \/>\n13.zeme\u0146u ave\u0146u ledus<br \/>\n14.citrona persiks<br \/>\n15.sarkano \u0101bolu ledus<\/p>\n<figure id=\"attachment_3194\" aria-describedby=\"caption-attachment-3194\" style=\"width: 600px\" class=\"wp-caption alignnone\"><img decoding=\"async\" class=\"wp-image-3194\" src=\"https:\/\/vapestornado.com\/wp-content\/uploads\/2024\/12\/VapSolo-12000-Puffs-Disposable-Vape-Wholesale-Cheap-Price-300x300.jpg\" alt=\"VapSolo 12000 Puffs vienreizlietojamais vape l\u0113ta vairumtirdzniec\u012bbas cena Latvij\u0101\" width=\"600\" height=\"600\" srcset=\"https:\/\/vapestornado.com\/wp-content\/uploads\/2024\/12\/VapSolo-12000-Puffs-Disposable-Vape-Wholesale-Cheap-Price-300x300.jpg 300w, https:\/\/vapestornado.com\/wp-content\/uploads\/2024\/12\/VapSolo-12000-Puffs-Disposable-Vape-Wholesale-Cheap-Price-1024x1024.jpg 1024w, https:\/\/vapestornado.com\/wp-content\/uploads\/2024\/12\/VapSolo-12000-Puffs-Disposable-Vape-Wholesale-Cheap-Price-150x150.jpg 150w, https:\/\/vapestornado.com\/wp-content\/uploads\/2024\/12\/VapSolo-12000-Puffs-Disposable-Vape-Wholesale-Cheap-Price-768x768.jpg 768w, https:\/\/vapestornado.com\/wp-content\/uploads\/2024\/12\/VapSolo-12000-Puffs-Disposable-Vape-Wholesale-Cheap-Price-600x600.jpg 600w, https:\/\/vapestornado.com\/wp-content\/uploads\/2024\/12\/VapSolo-12000-Puffs-Disposable-Vape-Wholesale-Cheap-Price-100x100.jpg 100w, https:\/\/vapestornado.com\/wp-content\/uploads\/2024\/12\/VapSolo-12000-Puffs-Disposable-Vape-Wholesale-Cheap-Price.jpg 1126w\" sizes=\"(max-width: 600px) 100vw, 600px\" \/><figcaption id=\"caption-attachment-3194\" class=\"wp-caption-text\">VapSolo 12000 Puffs vienreizlietojamais vape l\u0113ta vairumtirdzniec\u012bbas cena Latvij\u0101<\/figcaption><\/figure>\n<h3>K\u0101p\u0113c izv\u0113l\u0113ties vapestornado VapSolo Viking 12000 Puffs Vape vairumtirdzniec\u012bbai?<\/h3>\n<div class=\"flex-shrink-0 flex flex-col relative items-end\">\n<div class=\"pt-0\">\n<div class=\"gizmo-bot-avatar flex h-8 w-8 items-center justify-center overflow-hidden rounded-full\">\n<div class=\"relative p-1 rounded-sm flex items-center justify-center bg-token-main-surface-primary text-token-text-primary h-8 w-8\">\n<p>Laipni l\u016bdzam vapestornado, j\u016bsu uzticamaj\u0101 tie\u0161saistes vape veikal\u0101, kur\u0101 var ieg\u0101d\u0101ties augst\u0101k\u0101s kvalit\u0101tes vienreiz\u0113j\u0101s lieto\u0161anas vapes. Ar vair\u0101k nek\u0101 5 gadu pieredzi m\u0113s pied\u0101v\u0101jam popul\u0101rus vienreiz\u0113j\u0101s lieto\u0161anas vape z\u012bmolus, piem\u0113ram, Fumot RandM Vape, <a href=\"https:\/\/vapestornado.com\/lv\/product\/vapme-crystal-7000-puffs-rechargeable-disposable-vape-wholesale-cheap-price\/\">Vapme<\/a>, Bang Vape, Waspe Vape un WGA Vape, u.c.<\/p>\n<p>M\u016bsu kl\u0101st\u0101 ir iek\u013cauti karstie izp\u0101rdo\u0161anas veipi, piem\u0113ram, <a href=\"https:\/\/vapestornado.com\/lv\/product\/fumot-randm-tornado-15000-puffs-rechargeable-disposable-vape-wholesale\/\">RandM Tornado 15000<\/a>, un bag\u0101t\u012bgas gar\u0161as izv\u0113les, piem\u0113ram, <a href=\"https:\/\/vapestornado.com\/lv\/product\/waspe-40000-puffs-double-flavour-led-display-disposable-vape-wholesale\/\">WASPE dubult\u0101s gar\u0161as 40000 uzp\u016btienu<\/a> . Katrs produkts ir izv\u0113l\u0113ts, koncentr\u0113joties uz kvalit\u0101ti, v\u0113rt\u012bbu un daudzveid\u012bbu, nodro\u0161inot, ka j\u016bs atrad\u012bsiet perfektu atbilst\u012bbu sav\u0101m vajadz\u012bb\u0101m. Atkl\u0101jiet izcilu servisu un pla\u0161u popul\u0101r\u0101ko produktu kl\u0101stu par vairumtirdzniec\u012bbas cen\u0101m vietn\u0113 vapestornado.<\/p>\n<\/div>\n<h3><\/h3>\n<div class=\"relative p-1 rounded-sm flex items-center justify-center bg-token-main-surface-primary text-token-text-primary h-8 w-8\">\n<h3>Bie\u017e\u0101k uzdotie jaut\u0101jumi par VapSolo Viking 12k Puff vienreizlietojamo tvaiku<\/h3>\n<\/div>\n<\/div>\n<\/div>\n<\/div>\n<div class=\"flex-shrink-0 flex flex-col relative items-end\">\n<div class=\"pt-0\">\n<div class=\"gizmo-bot-avatar flex h-8 w-8 items-center justify-center overflow-hidden rounded-full\">\n<div class=\"relative p-1 rounded-sm flex items-center justify-center bg-token-main-surface-primary text-token-text-primary h-8 w-8\">\n<div class=\"mb-2 flex gap-3 empty:hidden -ml-2\">\n<div role=\"article\" data-tabster=\"{&quot;groupper&quot;:{&quot;tabbability&quot;:2},&quot;focusable&quot;:{}}\" data-content=\"ai-message\" aria-labelledby=\"Vdt5ez4X7Tg813x6rFVha-author Vdt5ez4X7Tg813x6rFVha-content\">\n<div id=\"Vdt5ez4X7Tg813x6rFVha-content\">\n<div role=\"article\" data-tabster=\"{&quot;groupper&quot;:{&quot;tabbability&quot;:2},&quot;focusable&quot;:{}}\" data-content=\"ai-message\" aria-labelledby=\"o968oC7CEo2fGHsGdsRYC-author o968oC7CEo2fGHsGdsRYC-content\">\n<div id=\"o968oC7CEo2fGHsGdsRYC-content\">\n<ol>\n<li><strong>K\u0101da ir VapSolo Viking 12000 dvesmu ietilp\u012bba?<\/strong><br \/>\nT\u0101 <strong>VapSolo Viking 12000<\/strong> pied\u0101v\u0101 l\u012bdz pat <strong>12 000 uzp\u016b\u0161u<\/strong>, nodro\u0161inot ilgsto\u0161u lieto\u0161anu ar minim\u0101lu apkopi.<\/li>\n<li><strong>Vai es varu uzl\u0101d\u0113t VapSolo Viking 12000?<\/strong><br \/>\nJ\u0101, ier\u012bce ir apr\u012bkota ar <strong>650mAh uzl\u0101d\u0113jams akumulators<\/strong> un <strong>Type-C uzl\u0101des ports<\/strong> \u0101tram un efekt\u012bvam uzl\u0101d\u0113\u0161anai.<\/li>\n<li><strong>K\u0101di nikot\u012bna l\u012bme\u0146i ir pieejami?<\/strong><br \/>\nIer\u012bce ir pieejama <strong>2% un 5% zema nikot\u012bna satura iesp\u0113jas<\/strong>, apmierinot da\u017e\u0101das lietot\u0101ju v\u0113lmes.<\/li>\n<li><strong>K\u0101 darbojas regul\u0113jam\u0101 gaisa pl\u016bsma?<\/strong><br \/>\nT\u0101 <strong>4 l\u012bme\u0146u regul\u0113jama gaisa pl\u016bsma<\/strong> \u013cauj p\u0101rsl\u0113gties starp stingr\u0101kiem un br\u012bv\u0101kiem vilcieniem, sniedzot jums piln\u012bgu kontroli p\u0101r savu tvaic\u0113\u0161anas stilu.<\/li>\n<li><strong>K\u0101p\u0113c VapSolo Viking 12000 ir ide\u0101li piem\u0113rots vairumtirdzniec\u012bbas pirc\u0113jiem?<\/strong><br \/>\nAr savu <strong>liels dvesmu skaits<\/strong>, <strong>LCD displejs<\/strong>, un <strong>pieejamas lielapjoma cenas<\/strong>, tas ir lieliski piem\u0113rots mazumtirgot\u0101jiem, kuri v\u0113las uzkr\u0101t augstas kvalit\u0101tes, ar funkcij\u0101m bag\u0101tus <strong>vienreizlietojams iztvaic\u0113t\u0101js<\/strong> produktus par konkur\u0113tsp\u0113j\u012bg\u0101m cen\u0101m.<\/li>\n<\/ol>\n<\/div>\n<\/div>\n<\/div>\n<\/div>\n<\/div>\n<\/div>\n<\/div>\n<\/div>\n<\/div>","protected":false},"excerpt":{"rendered":"<p>VapSolo Viking 12000 dvesmas 2% 5% mazs nikot\u012bna vienreiz\u0113jais vape L\u0113ta lielapjoma ieg\u0101des cena<br \/>\nVapSolo Viking 12000 dvesmas uzl\u0101d\u0113jams vienreiz\u0113jais vape vairumtirdzniec\u012bba<br \/>\nL\u0113ta r\u016bpn\u012bcas VapSolo 12000 dvesmas 2% 5% mazs nikot\u012bna vienreiz\u0113jais vape<\/p>\n<p><strong>Pievienojiet Eimijas whatsapp, lai sa\u0146emtu pareizu atbildi un iztvaic\u0113t\u0101ja kuponu!<\/strong><\/p>\n<p><img fetchpriority=\"high\" decoding=\"async\" class=\"size-full wp-image-2932\" src=\"https:\/\/vapestornado.com\/wp-content\/uploads\/2024\/12\/Vape-Wholesale.jpg\" alt=\"Veipu Vairumtirdzniec\u012bba\" width=\"229\" height=\"300\" \/><\/p>\n<h3><a href=\"https:\/\/wa.me\/8617776015835\"><span style=\"color: #ff0000;\"><strong>WhatsApp: +86 17776015835<\/strong><\/span><\/a><\/h3>\n<p>&nbsp;<\/p>","protected":false},"featured_media":3193,"comment_status":"open","ping_status":"closed","template":"","meta":{"_acf_changed":false,"_uag_custom_page_level_css":"","_lmt_disableupdate":"no","_lmt_disable":"","_monsterinsights_skip_tracking":false,"_monsterinsights_sitenote_active":false,"_monsterinsights_sitenote_note":"","_monsterinsights_sitenote_category":0,"site-sidebar-layout":"default","site-content-layout":"","ast-site-content-layout":"default","site-content-style":"default","site-sidebar-style":"default","ast-global-header-display":"","ast-banner-title-visibility":"","ast-main-header-display":"","ast-hfb-above-header-display":"","ast-hfb-below-header-display":"","ast-hfb-mobile-header-display":"","site-post-title":"","ast-breadcrumbs-content":"","ast-featured-img":"","footer-sml-layout":"","ast-disable-related-posts":"","theme-transparent-header-meta":"default","adv-header-id-meta":"","stick-header-meta":"","header-above-stick-meta":"","header-main-stick-meta":"","header-below-stick-meta":"","astra-migrate-meta-layouts":"set","ast-page-background-enabled":"default","ast-page-background-meta":{"desktop":{"background-color":"","background-image":"","background-repeat":"repeat","background-position":"center center","background-size":"auto","background-attachment":"scroll","background-type":"","background-media":"","overlay-type":"","overlay-color":"","overlay-opacity":"","overlay-gradient":""},"tablet":{"background-color":"","background-image":"","background-repeat":"repeat","background-position":"center center","background-size":"auto","background-attachment":"scroll","background-type":"","background-media":"","overlay-type":"","overlay-color":"","overlay-opacity":"","overlay-gradient":""},"mobile":{"background-color":"","background-image":"","background-repeat":"repeat","background-position":"center center","background-size":"auto","background-attachment":"scroll","background-type":"","background-media":"","overlay-type":"","overlay-color":"","overlay-opacity":"","overlay-gradient":""}},"ast-content-background-meta":{"desktop":{"background-color":"var(--ast-global-color-5)","background-image":"","background-repeat":"repeat","background-position":"center center","background-size":"auto","background-attachment":"scroll","background-type":"","background-media":"","overlay-type":"","overlay-color":"","overlay-opacity":"","overlay-gradient":""},"tablet":{"background-color":"var(--ast-global-color-5)","background-image":"","background-repeat":"repeat","background-position":"center center","background-size":"auto","background-attachment":"scroll","background-type":"","background-media":"","overlay-type":"","overlay-color":"","overlay-opacity":"","overlay-gradient":""},"mobile":{"background-color":"var(--ast-global-color-5)","background-image":"","background-repeat":"repeat","background-position":"center center","background-size":"auto","background-attachment":"scroll","background-type":"","background-media":"","overlay-type":"","overlay-color":"","overlay-opacity":"","overlay-gradient":""}},"_joinchat":{"telephone":"+8617776015835"}},"product_brand":[],"product_cat":[72,149,150,156,144,146,171],"product_tag":[165,97,166,94,139,170,169],"class_list":{"0":"post-3201","1":"product","2":"type-product","3":"status-publish","4":"has-post-thumbnail","6":"product_cat-12000-puff","7":"product_cat-buy-disposable-vapes-in-austria","8":"product_cat-buy-disposable-vapes-in-belgium","9":"product_cat-buy-disposable-vapes-in-poland","10":"product_cat-low-nicotine-disposable-vapes","11":"product_cat-rechargeable-disposable-vapes","12":"product_cat-vapsolo-disposable-vapes","13":"product_tag-cheap-vapes","14":"product_tag-hot-sale-disposable-vape","15":"product_tag-low-nicotine-vape","16":"product_tag-rechargeable-disposable-vape","17":"product_tag-vapsolo","18":"product_tag-vapsolo-viking-12000","19":"product_tag-vasolo-12000","20":"desktop-align-left","21":"tablet-align-left","22":"mobile-align-left","24":"first","25":"instock","26":"sale","27":"shipping-taxable","28":"purchasable","29":"product-type-simple"},"acf":[],"uagb_featured_image_src":{"full":["https:\/\/vapestornado.com\/wp-content\/uploads\/2024\/12\/VapSolo-12000-Puffs-Disposable-Vape-Bulk-Buy-Price.jpg",1126,1126,false],"thumbnail":["https:\/\/vapestornado.com\/wp-content\/uploads\/2024\/12\/VapSolo-12000-Puffs-Disposable-Vape-Bulk-Buy-Price-150x150.jpg",150,150,true],"medium":["https:\/\/vapestornado.com\/wp-content\/uploads\/2024\/12\/VapSolo-12000-Puffs-Disposable-Vape-Bulk-Buy-Price-300x300.jpg",300,300,true],"medium_large":["https:\/\/vapestornado.com\/wp-content\/uploads\/2024\/12\/VapSolo-12000-Puffs-Disposable-Vape-Bulk-Buy-Price-768x768.jpg",768,768,true],"large":["https:\/\/vapestornado.com\/wp-content\/uploads\/2024\/12\/VapSolo-12000-Puffs-Disposable-Vape-Bulk-Buy-Price-1024x1024.jpg",1024,1024,true],"1536x1536":["https:\/\/vapestornado.com\/wp-content\/uploads\/2024\/12\/VapSolo-12000-Puffs-Disposable-Vape-Bulk-Buy-Price.jpg",1126,1126,false],"2048x2048":["https:\/\/vapestornado.com\/wp-content\/uploads\/2024\/12\/VapSolo-12000-Puffs-Disposable-Vape-Bulk-Buy-Price.jpg",1126,1126,false],"trp-custom-language-flag":["https:\/\/vapestornado.com\/wp-content\/uploads\/2024\/12\/VapSolo-12000-Puffs-Disposable-Vape-Bulk-Buy-Price.jpg",12,12,false],"woocommerce_thumbnail":["https:\/\/vapestornado.com\/wp-content\/uploads\/2024\/12\/VapSolo-12000-Puffs-Disposable-Vape-Bulk-Buy-Price-300x300.jpg",300,300,true],"woocommerce_single":["https:\/\/vapestornado.com\/wp-content\/uploads\/2024\/12\/VapSolo-12000-Puffs-Disposable-Vape-Bulk-Buy-Price-600x600.jpg",600,600,true],"woocommerce_gallery_thumbnail":["https:\/\/vapestornado.com\/wp-content\/uploads\/2024\/12\/VapSolo-12000-Puffs-Disposable-Vape-Bulk-Buy-Price-100x100.jpg",100,100,true]},"uagb_author_info":{"display_name":"ESAMY","author_link":"https:\/\/vapestornado.com\/lv\/author\/"},"uagb_comment_info":0,"uagb_excerpt":"VapSolo Viking 12000 Puffs 2% 5% Low Nicotine Disposable VapeBulk Buy Price VapSolo Viking 12000 Puffs Rechargeable Disposable Vape Wholesale Cheap Factory VapSolo 12000 Puffs 2% 5% Low Nicotine Disposable Vape Add Amy's whatsapp get right reply and vape vape coupon! WhatsApp: +86 17776015835 &nbsp;","_links":{"self":[{"href":"https:\/\/vapestornado.com\/lv\/wp-json\/wp\/v2\/product\/3201","targetHints":{"allow":["GET"]}}],"collection":[{"href":"https:\/\/vapestornado.com\/lv\/wp-json\/wp\/v2\/product"}],"about":[{"href":"https:\/\/vapestornado.com\/lv\/wp-json\/wp\/v2\/types\/product"}],"replies":[{"embeddable":true,"href":"https:\/\/vapestornado.com\/lv\/wp-json\/wp\/v2\/comments?post=3201"}],"wp:featuredmedia":[{"embeddable":true,"href":"https:\/\/vapestornado.com\/lv\/wp-json\/wp\/v2\/media\/3193"}],"wp:attachment":[{"href":"https:\/\/vapestornado.com\/lv\/wp-json\/wp\/v2\/media?parent=3201"}],"wp:term":[{"taxonomy":"product_brand","embeddable":true,"href":"https:\/\/vapestornado.com\/lv\/wp-json\/wp\/v2\/product_brand?post=3201"},{"taxonomy":"product_cat","embeddable":true,"href":"https:\/\/vapestornado.com\/lv\/wp-json\/wp\/v2\/product_cat?post=3201"},{"taxonomy":"product_tag","embeddable":true,"href":"https:\/\/vapestornado.com\/lv\/wp-json\/wp\/v2\/product_tag?post=3201"}],"curies":[{"name":"wp","href":"https:\/\/api.w.org\/{rel}","templated":true}]}}