{"id":3179,"date":"2024-12-16T03:01:14","date_gmt":"2024-12-16T03:01:14","guid":{"rendered":"https:\/\/vapestornado.com\/?post_type=product&#038;p=3179"},"modified":"2025-08-23T09:54:56","modified_gmt":"2025-08-23T09:54:56","slug":"china-factory-vapsolo-super-15000-puffs-disposable-wholesale-price-disposable-vape-rechargeable-disposable-vapes-pen-bulk-buy-wholesale","status":"publish","type":"product","link":"https:\/\/vapestornado.com\/lv\/product\/china-factory-vapsolo-super-15000-puffs-disposable-wholesale-price-disposable-vape-rechargeable-disposable-vapes-pen-bulk-buy-wholesale\/","title":{"rendered":"\u0136\u012bnas r\u016bpn\u012bcas Vapsolo Super 15000 uzp\u016btienu vienreiz\u0113j\u0101s lieto\u0161anas vairumtirdzniec\u012bbas cena Vienreiz\u0113j\u0101s lieto\u0161anas iztvaic\u0113t\u0101ja uzpild\u0101mas vienreiz\u0113j\u0101s lieto\u0161anas iztvaic\u0113t\u0101ju pildspalvas Lielapjoma pirkums vairumtirdzniec\u012bb\u0101"},"content":{"rendered":"<h1 class=\"product-title\">\u0136\u012bnas r\u016bpn\u012bcas Vapsolo Super 15000 uzp\u016btienu vienreiz\u0113j\u0101s lieto\u0161anas vairumtirdzniec\u012bbas cena Vienreiz\u0113j\u0101s lieto\u0161anas iztvaic\u0113t\u0101ja uzpild\u0101mas vienreiz\u0113j\u0101s lieto\u0161anas iztvaic\u0113t\u0101ju pildspalvas Lielapjoma pirkums vairumtirdzniec\u012bb\u0101<\/h1>\n<p data-start=\"396\" data-end=\"669\">T\u0101 <strong data-start=\"400\" data-end=\"445\">Vapsolo Super 15000 Puffs vienreiz\u0113j\u0101s lieto\u0161anas vape<\/strong> apvieno ietilp\u012bbu, veiktsp\u0113ju un piel\u0101go\u0161anu kompakt\u0101 ier\u012bc\u0113. Ar l\u012bdz pat <strong data-start=\"528\" data-end=\"544\">15 000 izsm\u0113\u0137u<\/strong> un <strong data-start=\"551\" data-end=\"584\">25 ml iepriek\u0161 uzpild\u012btu e-\u0161\u0137idruma tvertni<\/strong>, tas nodro\u0161ina ilgsto\u0161u apmierin\u0101jumu gan person\u012bgai lieto\u0161anai, gan vairumtirgot\u0101jiem.<\/p>\n<p data-start=\"671\" data-end=\"981\">Darbojas ar <strong data-start=\"684\" data-end=\"715\">650mAh uzl\u0101d\u0113jams akumulators<\/strong> ar <strong data-start=\"721\" data-end=\"745\">C tipa \u0101tr\u0101 uzl\u0101de<\/strong>, Super 15K nodro\u0161ina vienm\u0113r\u012bgu jaudu un minim\u0101lu d\u012bkst\u0101vi. T\u0101 <strong data-start=\"813\" data-end=\"843\">4 l\u012bme\u0146u regul\u0113jama gaisa pl\u016bsma<\/strong> \u013cauj lietot\u0101jiem izv\u0113l\u0113ties starp cie\u0161\u0101kiem MTL vilkumiem vai vienm\u0113r\u012bg\u0101kiem, atv\u0113rtiem tr\u0101p\u012bjumiem, savuk\u0101rt <strong data-start=\"922\" data-end=\"935\">t\u012bkla spoli<\/strong> uzlabo gar\u0161as pieg\u0101di un tvaika bl\u012bvumu.<\/p>\n<p data-start=\"983\" data-end=\"1292\">Pieejams <strong data-start=\"996\" data-end=\"1020\">zemu nikot\u012bna l\u012bmeni<\/strong>, tad <strong data-start=\"1026\" data-end=\"1049\">Vapsolo Super 15000<\/strong> ir izstr\u0101d\u0101ts, lai apmierin\u0101tu da\u017e\u0101das v\u0113lmes. Apvienojot uzlabotas funkcijas, iztur\u012bgu konstrukcijas kvalit\u0101ti un konkur\u0113tsp\u0113j\u012bgu <strong data-start=\"1159\" data-end=\"1180\">vairumtirdzniec\u012bbas cen\u0101m<\/strong>, tas ir sp\u0113c\u012bgs risin\u0101jums mazumtirgot\u0101jiem, izplat\u012bt\u0101jiem un vairumtirgot\u0101jiem, kuri mekl\u0113 piepras\u012btus vienreiz\u0113j\u0101s lieto\u0161anas vapes.<\/p>\n<p><strong>Pievienojiet Eimijas Whatsapp, lai sa\u0146emtu pareizo atbildi un vape kuponu!<\/strong><\/p>\n<p><img fetchpriority=\"high\" decoding=\"async\" class=\"size-full wp-image-2932\" src=\"https:\/\/vapestornado.com\/wp-content\/uploads\/2024\/12\/Vape-Wholesale.jpg\" alt=\"Veipu Vairumtirdzniec\u012bba\" width=\"229\" height=\"300\" \/><\/p>\n<h3><a href=\"https:\/\/wa.me\/8617776015835\" target=\"_blank\" rel=\"noopener\"><span style=\"color: #ff0000;\"><strong>WhatsApp: +86 17776015835<\/strong><\/span><\/a><\/h3>\n<p>&nbsp;<\/p>\n<h2><strong>Vapsolo Super 15000 produkta funkcijas<\/strong><\/h2>\n<div role=\"article\" data-tabster=\"{&quot;groupper&quot;:{&quot;tabbability&quot;:2},&quot;focusable&quot;:{}}\" data-content=\"ai-message\" aria-labelledby=\"juhNTJ6o7Gk1cgwZMJgv2-author juhNTJ6o7Gk1cgwZMJgv2-content\">\n<div id=\"juhNTJ6o7Gk1cgwZMJgv2-content\">\n<div role=\"article\" data-tabster=\"{&quot;groupper&quot;:{&quot;tabbability&quot;:2},&quot;focusable&quot;:{}}\" data-content=\"ai-message\" aria-labelledby=\"x4EZuCZWrTbh3weWUt7CU-author x4EZuCZWrTbh3weWUt7CU-content\">\n<div id=\"x4EZuCZWrTbh3weWUt7CU-content\">\n<h3><\/h3>\n<ol>\n<li><strong>15 000 dvesmu ietilp\u012bba:<\/strong> Ilgsto\u0161a lieto\u0161ana nep\u0101rtrauktam gandar\u012bjumam.<\/li>\n<li><strong>25 ml e-\u0161\u0137idruma rezervu\u0101rs:<\/strong> Liela ietilp\u012bba ret\u0101kai uzpildei un maksim\u0101lam komfortam.<\/li>\n<li><strong>650mAh Uzl\u0101d\u0113jams akumulators:<\/strong> Uzticama veiktsp\u0113ja ar \u0101tru C tipa uzl\u0101di.<\/li>\n<li><strong>4 l\u012bme\u0146u regul\u0113jama gaisa pl\u016bsma:<\/strong> Piel\u0101gojama vilkme personaliz\u0113tai tvaic\u0113\u0161anas pieredzei.<\/li>\n<li><strong>Sieta spir\u0101les tehnolo\u0123ija:<\/strong> Uzlabo gar\u0161u un nodro\u0161ina vienm\u0113r\u012bgu, konsekventu tvaiku.<\/li>\n<li><strong>Kompakts un p\u0101rn\u0113s\u0101jams dizains:<\/strong> Viegli p\u0101rn\u0113s\u0101t un lietot jebkur\u0101 viet\u0101.<\/li>\n<li><strong>Zema nikot\u012bna satura vape opcijas:<\/strong> Ide\u0101li piem\u0113rots tiem, kas v\u0113las samazin\u0101t nikot\u012bna l\u012bmeni.<\/li>\n<li><strong>Pieejamas vairumtirdzniec\u012bbas cenas:<\/strong> Ide\u0101li piem\u0113rots lielapjoma pirkumiem un t\u0101l\u0101kp\u0101rdo\u0161anai.<\/li>\n<li><strong>Iztur\u012bga konstrukcija:<\/strong> Paredz\u0113ts ilgsto\u0161ai lieto\u0161anai, nezaud\u0113jot kvalit\u0101ti.<\/li>\n<li><strong>Popul\u0101r\u0101kais vienreiz\u0113j\u0101s lieto\u0161anas vape z\u012bmols:<\/strong> Uzticama izv\u0113le augstas kvalit\u0101tes vienreiz\u0113j\u0101s lieto\u0161anas veipiem.<\/li>\n<\/ol>\n<\/div>\n<\/div>\n<\/div>\n<\/div>\n<h2 class=\"product-title\"><strong>Vapsolo Super 15000 Puffs Gar\u0161u saraksts<\/strong><\/h2>\n<p>1.zil\u0101 razz<br \/>\n2.melle\u0146u ledus<br \/>\n3.dubultais \u0101bols<br \/>\n4. arb\u016bzu ledus<br \/>\n5.Zeme\u0146u kivi<br \/>\n6.ogu mais\u012bjums<br \/>\n7.sarkanais bullis<br \/>\n8.melle\u0146u \u0137ir\u0161u dz\u0113rve\u0146u<br \/>\n9.citrona laims<br \/>\n10.skittles<br \/>\n11.Vasaras sapnis<br \/>\n12.Zeme\u0146u ban\u0101ns<br \/>\n13.Ave\u0146u arb\u016bzs<br \/>\n14.Melle\u0146u \u0137ir\u0161u kola<br \/>\n15.Melno ledu p\u016b\u0137a aug\u013cu zeme\u0146u<\/p>\n<h3>K\u0101p\u0113c izv\u0113l\u0113ties vapestornado Vapsolo Super 15000 Puffs Vape vairumtirdzniec\u012bbai?<\/h3>\n<div class=\"flex-shrink-0 flex flex-col relative items-end\">\n<div class=\"pt-0\">\n<div class=\"gizmo-bot-avatar flex h-8 w-8 items-center justify-center overflow-hidden rounded-full\">\n<div class=\"relative p-1 rounded-sm flex items-center justify-center bg-token-main-surface-primary text-token-text-primary h-8 w-8\">\n<p>Laipni l\u016bdzam vapestornado, j\u016bsu uzticamaj\u0101 tie\u0161saistes vape veikal\u0101, kur\u0101 var ieg\u0101d\u0101ties augst\u0101k\u0101s kvalit\u0101tes vienreiz\u0113j\u0101s lieto\u0161anas vapes. Ar vair\u0101k nek\u0101 5 gadu pieredzi m\u0113s pied\u0101v\u0101jam popul\u0101rus vienreiz\u0113j\u0101s lieto\u0161anas vape z\u012bmolus, piem\u0113ram, Fumot RandM Vape, <a href=\"https:\/\/vapestornado.com\/lv\/product\/vapme-crystal-7000-puffs-rechargeable-disposable-vape-wholesale-cheap-price\/\">Vapme<\/a>, Bang Vape, Waspe Vape un WGA Vape, u.c.<\/p>\n<p>M\u016bsu kl\u0101st\u0101 ir iek\u013cauti karstie izp\u0101rdo\u0161anas veipi, piem\u0113ram, <a href=\"https:\/\/vapestornado.com\/lv\/product\/fumot-randm-tornado-15000-puffs-rechargeable-disposable-vape-wholesale\/\">RandM Tornado 15000<\/a>, un bag\u0101t\u012bgas gar\u0161as izv\u0113les, piem\u0113ram, <a href=\"https:\/\/vapestornado.com\/lv\/product\/waspe-40000-puffs-double-flavour-led-display-disposable-vape-wholesale\/\">WASPE dubult\u0101s gar\u0161as 40000 uzp\u016btienu<\/a> . Katrs produkts ir izv\u0113l\u0113ts, koncentr\u0113joties uz kvalit\u0101ti, v\u0113rt\u012bbu un daudzveid\u012bbu, nodro\u0161inot, ka j\u016bs atrad\u012bsiet perfektu atbilst\u012bbu sav\u0101m vajadz\u012bb\u0101m. Atkl\u0101jiet izcilu servisu un pla\u0161u popul\u0101r\u0101ko produktu kl\u0101stu par vairumtirdzniec\u012bbas cen\u0101m vietn\u0113 vapestornado.<\/p>\n<\/div>\n<h3><\/h3>\n<div class=\"relative p-1 rounded-sm flex items-center justify-center bg-token-main-surface-primary text-token-text-primary h-8 w-8\">\n<h3>Bie\u017e\u0101k uzdotie jaut\u0101jumi par Vapsolo Super 15000 Puff vienreiz\u0113j\u0101s lieto\u0161anas vape<\/h3>\n<\/div>\n<\/div>\n<\/div>\n<\/div>\n<div class=\"flex-shrink-0 flex flex-col relative items-end\">\n<div class=\"pt-0\">\n<div class=\"gizmo-bot-avatar flex h-8 w-8 items-center justify-center overflow-hidden rounded-full\">\n<div class=\"relative p-1 rounded-sm flex items-center justify-center bg-token-main-surface-primary text-token-text-primary h-8 w-8\">\n<div class=\"mb-2 flex gap-3 empty:hidden -ml-2\">\n<div role=\"article\" data-tabster=\"{&quot;groupper&quot;:{&quot;tabbability&quot;:2},&quot;focusable&quot;:{}}\" data-content=\"ai-message\" aria-labelledby=\"Vdt5ez4X7Tg813x6rFVha-author Vdt5ez4X7Tg813x6rFVha-content\">\n<div id=\"Vdt5ez4X7Tg813x6rFVha-content\">\n<div role=\"article\" data-tabster=\"{&quot;groupper&quot;:{&quot;tabbability&quot;:2},&quot;focusable&quot;:{}}\" data-content=\"ai-message\" aria-labelledby=\"o968oC7CEo2fGHsGdsRYC-author o968oC7CEo2fGHsGdsRYC-content\">\n<div id=\"o968oC7CEo2fGHsGdsRYC-content\">\n<h3><\/h3>\n<ol>\n<li><strong>Cik dvesmas nodro\u0161ina Vapsolo Super 15k?<\/strong><br \/>\nT\u0101 <strong>Vapsolo 15000<\/strong> nodro\u0161ina l\u012bdz pat <strong>15 000 izsm\u0113\u0137u<\/strong>, padarot to \u013coti iztur\u012bgu un ilgm\u016b\u017e\u012bgu.<\/li>\n<li><strong>Vai es varu piel\u0101got gaisa pl\u016bsmu?<\/strong><br \/>\nJ\u0101, tam ir <strong>4 l\u012bme\u0146u regul\u0113jama gaisa pl\u016bsma<\/strong>, kas \u013cauj piel\u0101got d\u016bmu pl\u016bsmu p\u0113c j\u016bsu v\u0113lm\u0113m.<\/li>\n<li><strong>Vai Vapsolo Super 15000 ir uzl\u0101d\u0113jams?<\/strong><br \/>\nProtams! Tas ir apr\u012bkots ar <strong>650mAh uzl\u0101d\u0113jams akumulators<\/strong> un <strong>Type-C uzl\u0101des ports<\/strong> lai \u0101tri uzl\u0101d\u0113tu.<\/li>\n<li><strong>K\u0101p\u0113c Vapsolo Super 15000 ir piem\u0113rots vairumtirdzniec\u012bbai?<\/strong><br \/>\nT\u0101 <strong>zem\u0101 cena<\/strong>, liels d\u016bmu daudzums un augst\u0101k\u0101s klases funkcijas padara to ide\u0101li piem\u0113rotu <strong>vienreiz\u0113j\u0101s lieto\u0161anas vape vairumtirdzniec\u012bbai<\/strong> un vairumtirgot\u0101jiem.<\/li>\n<li><strong>Vai Vapsolo Super 15000 ir labs risin\u0101jums zema nikot\u012bna satura lietot\u0101jiem?<\/strong><br \/>\nJ\u0101, \u0161is <strong>vienreiz\u0113j\u0101s lieto\u0161anas vape ar zemu nikot\u012bna saturu<\/strong> ir ide\u0101li piem\u0113rots lietot\u0101jiem, kuri mekl\u0113 samazin\u0101tu nikot\u012bna l\u012bmeni, vienlaikus baudot augst\u0101k\u0101s klases tvaic\u0113\u0161anas pieredzi.<\/li>\n<\/ol>\n<\/div>\n<\/div>\n<\/div>\n<\/div>\n<\/div>\n<\/div>\n<\/div>\n<\/div>\n<\/div>","protected":false},"excerpt":{"rendered":"<p>Vapsolo Super 15000 dvesmas 2% 5% Zem\u0101k\u0101 nikot\u012bna lielapjoma pirkuma cena<br \/>\nVapsolo Super 15000 dvesmas uzl\u0101d\u0113jams vienreizlietojams vape<br \/>\n\u0136\u012bnas r\u016bpn\u012bca Vapsolo 15000 dvesmas 2% 5% Zema nikot\u012bna vienreizlietojams vape<\/p>\n<p><strong>Pievienojiet Eimijas whatsapp, lai sa\u0146emtu pareizu atbildi un iztvaic\u0113t\u0101ja kuponu!<\/strong><\/p>\n<p><img fetchpriority=\"high\" decoding=\"async\" class=\"size-full wp-image-2932\" src=\"https:\/\/vapestornado.com\/wp-content\/uploads\/2024\/12\/Vape-Wholesale.jpg\" alt=\"Veipu Vairumtirdzniec\u012bba\" width=\"229\" height=\"300\" \/><\/p>\n<h3><a href=\"https:\/\/wa.me\/8617776015835\"><span style=\"color: #ff0000;\"><strong>WhatsApp: +86 17776015835<\/strong><\/span><\/a><\/h3>\n<p>&nbsp;<\/p>","protected":false},"featured_media":3189,"comment_status":"open","ping_status":"closed","template":"","meta":{"_acf_changed":false,"_uag_custom_page_level_css":"","_lmt_disableupdate":"no","_lmt_disable":"","_monsterinsights_skip_tracking":false,"_monsterinsights_sitenote_active":false,"_monsterinsights_sitenote_note":"","_monsterinsights_sitenote_category":0,"site-sidebar-layout":"default","site-content-layout":"","ast-site-content-layout":"default","site-content-style":"default","site-sidebar-style":"default","ast-global-header-display":"","ast-banner-title-visibility":"","ast-main-header-display":"","ast-hfb-above-header-display":"","ast-hfb-below-header-display":"","ast-hfb-mobile-header-display":"","site-post-title":"","ast-breadcrumbs-content":"","ast-featured-img":"","footer-sml-layout":"","ast-disable-related-posts":"","theme-transparent-header-meta":"default","adv-header-id-meta":"","stick-header-meta":"","header-above-stick-meta":"","header-main-stick-meta":"","header-below-stick-meta":"","astra-migrate-meta-layouts":"set","ast-page-background-enabled":"default","ast-page-background-meta":{"desktop":{"background-color":"","background-image":"","background-repeat":"repeat","background-position":"center center","background-size":"auto","background-attachment":"scroll","background-type":"","background-media":"","overlay-type":"","overlay-color":"","overlay-opacity":"","overlay-gradient":""},"tablet":{"background-color":"","background-image":"","background-repeat":"repeat","background-position":"center center","background-size":"auto","background-attachment":"scroll","background-type":"","background-media":"","overlay-type":"","overlay-color":"","overlay-opacity":"","overlay-gradient":""},"mobile":{"background-color":"","background-image":"","background-repeat":"repeat","background-position":"center center","background-size":"auto","background-attachment":"scroll","background-type":"","background-media":"","overlay-type":"","overlay-color":"","overlay-opacity":"","overlay-gradient":""}},"ast-content-background-meta":{"desktop":{"background-color":"var(--ast-global-color-5)","background-image":"","background-repeat":"repeat","background-position":"center center","background-size":"auto","background-attachment":"scroll","background-type":"","background-media":"","overlay-type":"","overlay-color":"","overlay-opacity":"","overlay-gradient":""},"tablet":{"background-color":"var(--ast-global-color-5)","background-image":"","background-repeat":"repeat","background-position":"center center","background-size":"auto","background-attachment":"scroll","background-type":"","background-media":"","overlay-type":"","overlay-color":"","overlay-opacity":"","overlay-gradient":""},"mobile":{"background-color":"var(--ast-global-color-5)","background-image":"","background-repeat":"repeat","background-position":"center center","background-size":"auto","background-attachment":"scroll","background-type":"","background-media":"","overlay-type":"","overlay-color":"","overlay-opacity":"","overlay-gradient":""}},"_joinchat":{"telephone":"+8617776015835"}},"product_brand":[],"product_cat":[71,140,157,159,143,146,171],"product_tag":[165,97,166,94,139,168,167],"class_list":{"0":"post-3179","1":"product","2":"type-product","3":"status-publish","4":"has-post-thumbnail","6":"product_cat-15000-puff","7":"product_cat-big-puffs-disposable-vapes","8":"product_cat-buy-disposable-vapes-in-portugal","9":"product_cat-buy-disposable-vapes-in-sweden","10":"product_cat-dual-mesh-disposable-vapes","11":"product_cat-rechargeable-disposable-vapes","12":"product_cat-vapsolo-disposable-vapes","13":"product_tag-cheap-vapes","14":"product_tag-hot-sale-disposable-vape","15":"product_tag-low-nicotine-vape","16":"product_tag-rechargeable-disposable-vape","17":"product_tag-vapsolo","18":"product_tag-vapsolo-15000","19":"product_tag-vapsolo-super-15000","20":"desktop-align-left","21":"tablet-align-left","22":"mobile-align-left","24":"first","25":"instock","26":"sale","27":"shipping-taxable","28":"purchasable","29":"product-type-simple"},"acf":[],"uagb_featured_image_src":{"full":["https:\/\/vapestornado.com\/wp-content\/uploads\/2024\/12\/Vapsolo-Super-15000-Puffs-Disposable-Vapes-Bulk-Buy.jpg",1713,1713,false],"thumbnail":["https:\/\/vapestornado.com\/wp-content\/uploads\/2024\/12\/Vapsolo-Super-15000-Puffs-Disposable-Vapes-Bulk-Buy-150x150.jpg",150,150,true],"medium":["https:\/\/vapestornado.com\/wp-content\/uploads\/2024\/12\/Vapsolo-Super-15000-Puffs-Disposable-Vapes-Bulk-Buy-300x300.jpg",300,300,true],"medium_large":["https:\/\/vapestornado.com\/wp-content\/uploads\/2024\/12\/Vapsolo-Super-15000-Puffs-Disposable-Vapes-Bulk-Buy-768x768.jpg",768,768,true],"large":["https:\/\/vapestornado.com\/wp-content\/uploads\/2024\/12\/Vapsolo-Super-15000-Puffs-Disposable-Vapes-Bulk-Buy-1024x1024.jpg",1024,1024,true],"1536x1536":["https:\/\/vapestornado.com\/wp-content\/uploads\/2024\/12\/Vapsolo-Super-15000-Puffs-Disposable-Vapes-Bulk-Buy-1536x1536.jpg",1536,1536,true],"2048x2048":["https:\/\/vapestornado.com\/wp-content\/uploads\/2024\/12\/Vapsolo-Super-15000-Puffs-Disposable-Vapes-Bulk-Buy.jpg",1713,1713,false],"trp-custom-language-flag":["https:\/\/vapestornado.com\/wp-content\/uploads\/2024\/12\/Vapsolo-Super-15000-Puffs-Disposable-Vapes-Bulk-Buy.jpg",12,12,false],"woocommerce_thumbnail":["https:\/\/vapestornado.com\/wp-content\/uploads\/2024\/12\/Vapsolo-Super-15000-Puffs-Disposable-Vapes-Bulk-Buy-300x300.jpg",300,300,true],"woocommerce_single":["https:\/\/vapestornado.com\/wp-content\/uploads\/2024\/12\/Vapsolo-Super-15000-Puffs-Disposable-Vapes-Bulk-Buy-600x600.jpg",600,600,true],"woocommerce_gallery_thumbnail":["https:\/\/vapestornado.com\/wp-content\/uploads\/2024\/12\/Vapsolo-Super-15000-Puffs-Disposable-Vapes-Bulk-Buy-100x100.jpg",100,100,true]},"uagb_author_info":{"display_name":"ESAMY","author_link":"https:\/\/vapestornado.com\/lv\/author\/"},"uagb_comment_info":0,"uagb_excerpt":"Vapsolo Super 15000 Puffs 2% 5% Low Nicotine Bulk Buy Price Vapsolo Super 15000 Puffs Rechargeable Disposable Vape China Factory Vapsolo 15000 Puffs 2% 5% Low Nicotine Disposable Vape Add Amy's whatsapp get right reply and vape vape coupon! WhatsApp: +86 17776015835 &nbsp;","_links":{"self":[{"href":"https:\/\/vapestornado.com\/lv\/wp-json\/wp\/v2\/product\/3179","targetHints":{"allow":["GET"]}}],"collection":[{"href":"https:\/\/vapestornado.com\/lv\/wp-json\/wp\/v2\/product"}],"about":[{"href":"https:\/\/vapestornado.com\/lv\/wp-json\/wp\/v2\/types\/product"}],"replies":[{"embeddable":true,"href":"https:\/\/vapestornado.com\/lv\/wp-json\/wp\/v2\/comments?post=3179"}],"wp:featuredmedia":[{"embeddable":true,"href":"https:\/\/vapestornado.com\/lv\/wp-json\/wp\/v2\/media\/3189"}],"wp:attachment":[{"href":"https:\/\/vapestornado.com\/lv\/wp-json\/wp\/v2\/media?parent=3179"}],"wp:term":[{"taxonomy":"product_brand","embeddable":true,"href":"https:\/\/vapestornado.com\/lv\/wp-json\/wp\/v2\/product_brand?post=3179"},{"taxonomy":"product_cat","embeddable":true,"href":"https:\/\/vapestornado.com\/lv\/wp-json\/wp\/v2\/product_cat?post=3179"},{"taxonomy":"product_tag","embeddable":true,"href":"https:\/\/vapestornado.com\/lv\/wp-json\/wp\/v2\/product_tag?post=3179"}],"curies":[{"name":"wp","href":"https:\/\/api.w.org\/{rel}","templated":true}]}}