{"id":3177,"date":"2024-12-16T02:49:21","date_gmt":"2024-12-16T02:49:21","guid":{"rendered":"https:\/\/vapestornado.com\/?post_type=product&#038;p=3177"},"modified":"2025-08-23T09:58:57","modified_gmt":"2025-08-23T09:58:57","slug":"vapsolo-dg-18000-puffs-smart-screen-wholesale-disposable-cheap-vapes","status":"publish","type":"product","link":"https:\/\/vapestornado.com\/lv\/product\/vapsolo-dg-18000-puffs-smart-screen-wholesale-disposable-cheap-vapes\/","title":{"rendered":"Vapsolo DG 18000 Puffs Smart Screen Vairumtirdzniec\u012bbas Vienreiz\u0113j\u0101s Lieto\u0161anas L\u0113tie Veipi"},"content":{"rendered":"<h1 class=\"product-title\">Vapsolo DG 18000 Puffs Smart Screen Vairumtirdzniec\u012bbas Vienreiz\u0113j\u0101s Lieto\u0161anas L\u0113tie Veipi<\/h1>\n<p>T\u0101 <strong>Vapsolo DG 18000 uzp\u016btienu vied\u0101 ekr\u0101na vienreiz\u0113j\u0101s lieto\u0161anas l\u0113tas vapes<\/strong>\u00a0no jauna defin\u0113 \u0113rt\u012bbas un veiktsp\u0113ju vaping\u0101. Ar milz\u012bgu <strong>18 000 uzp\u016btienu ietilp\u012bbu<\/strong>, \u0161is <strong>vienreizlietojams iztvaic\u0113t\u0101js<\/strong> pildspalva pied\u0101v\u0101 nep\u0101rsp\u0113jamu ilgm\u016b\u017e\u012bbu un kvalit\u0101ti, padarot to par <strong>karst\u0101s p\u0101rdo\u0161anas vape<\/strong> tirg\u016b. Izstr\u0101d\u0101ts ar <strong>viedo ekr\u0101nu<\/strong>, tas inform\u0113 j\u016bs par akumulatora darb\u012bbas laiku un lieto\u0161anas statistiku, savuk\u0101rt <strong>regul\u0113jamu gaisa pl\u016bsmu<\/strong> \u013cauj personaliz\u0113tu vaping. The <strong>Viedais re\u017e\u012bms<\/strong> autom\u0101tiski optimiz\u0113 iestat\u012bjumus bez piep\u016bles vapingam, savuk\u0101rt <strong>Boost re\u017e\u012bms<\/strong> nodro\u0161ina intens\u012bvu triecienu gar\u0161as entuziastiem. Darbojas ar <strong>650mAh uzl\u0101d\u0113jams akumulators<\/strong> ar C tipa \u0101tro uzl\u0101di, \u0161\u012b ier\u012bce ir lieliski piem\u0113rota lietot\u0101jiem, kuri mekl\u0113 efektivit\u0101ti un veiktsp\u0113ju. Lielapjoma pirc\u0113jiem ir izdev\u012bgas konkur\u0113tsp\u0113j\u012bgas <strong>vape vairumtirdzniec\u012bba<\/strong> cenas, padarot to par lielisku izv\u0113li <strong>Vapsolo vairumtirdzniec\u012bba<\/strong>.<\/p>\n<p><strong>Pievienojiet Eimijas Whatsapp, lai sa\u0146emtu pareizo atbildi un vape kuponu!<\/strong><\/p>\n<p><img fetchpriority=\"high\" decoding=\"async\" class=\"size-full wp-image-2932\" src=\"https:\/\/vapestornado.com\/wp-content\/uploads\/2024\/12\/Vape-Wholesale.jpg\" alt=\"Veipu Vairumtirdzniec\u012bba\" width=\"229\" height=\"300\" \/><\/p>\n<h3><a href=\"https:\/\/wa.me\/8617776015835\" target=\"_blank\" rel=\"noopener\"><span style=\"color: #ff0000;\"><strong>WhatsApp: +86 17776015835<\/strong><\/span><\/a><\/h3>\n<p>&nbsp;<\/p>\n<h2><strong>Vapsolo DG 18000 produkta \u012bpa\u0161\u012bbas<\/strong><\/h2>\n<div role=\"article\" data-tabster=\"{&quot;groupper&quot;:{&quot;tabbability&quot;:2},&quot;focusable&quot;:{}}\" data-content=\"ai-message\" aria-labelledby=\"juhNTJ6o7Gk1cgwZMJgv2-author juhNTJ6o7Gk1cgwZMJgv2-content\">\n<div id=\"juhNTJ6o7Gk1cgwZMJgv2-content\">\n<div role=\"article\" data-tabster=\"{&quot;groupper&quot;:{&quot;tabbability&quot;:2},&quot;focusable&quot;:{}}\" data-content=\"ai-message\" aria-labelledby=\"x4EZuCZWrTbh3weWUt7CU-author x4EZuCZWrTbh3weWUt7CU-content\">\n<div id=\"x4EZuCZWrTbh3weWUt7CU-content\">\n<h3><\/h3>\n<ol>\n<li><strong>18 000 uzp\u016b\u0161am\u0101s reizes:<\/strong> Ilgsto\u0161a darb\u012bba ilgsto\u0161ai baud\u012b\u0161anai.<\/li>\n<li><strong>Vied\u0101 ekr\u0101na displejs:<\/strong> \u0112rti p\u0101rraugiet akumulatora darb\u012bbas laiku un lietojumu.<\/li>\n<li><strong>Regul\u0113jama gaisa pl\u016bsma:<\/strong> Piel\u0101gojiet savu vilkmi ide\u0101lam tr\u0101p\u012bjumam.<\/li>\n<li><strong>Divi re\u017e\u012bmi:<\/strong> Izv\u0113lieties starp viedo re\u017e\u012bmu \u0113rtai lieto\u0161anai un Boost re\u017e\u012bmu intensit\u0101tei.<\/li>\n<li><strong>Uzl\u0101d\u0113jams akumulators:<\/strong> 650 mAh akumulators ar C tipa uzl\u0101di \u0101trai uzl\u0101dei.<\/li>\n<li><strong>Liela e-\u0161\u0137idruma ietilp\u012bba:<\/strong> Liela ietilp\u012bba ret\u0101kai uzpildei.<\/li>\n<li><strong>Kvalitat\u012bva konstrukcija:<\/strong> Iztur\u012bgs, necaurlaid\u012bgs dizains nodro\u0161ina bezr\u016bp\u012bgu pieredzi.<\/li>\n<li><strong>Nikot\u012bna opcijas:<\/strong> Pieejams <strong>vienreiz\u0113j\u0101s lieto\u0161anas vape ar zemu nikot\u012bna saturu<\/strong> stiprumi.<\/li>\n<li><strong>Stil\u012bgs dizains:<\/strong> Kompakts un ergonomisks p\u0101rn\u0113s\u0101\u0161anai.<\/li>\n<li><strong>Vairumtirdzniec\u012bbas cenas:<\/strong> Ide\u0101li piem\u0113rots vairumtirgot\u0101jiem ar rentabl\u0101m cen\u0101m.<\/li>\n<\/ol>\n<\/div>\n<\/div>\n<\/div>\n<\/div>\n<h2 class=\"product-title\"><strong>Vapsolo DG 18000 uzp\u016b\u0161amo rei\u017eu gar\u0161u saraksts<\/strong><\/h2>\n<p>1.Persiku mango ananass<br \/>\n2. marakujas kivi ledus<br \/>\n3. melle\u0146u \u0137ir\u0161u dz\u0113rve\u0146u<br \/>\n4. arb\u016bzu ledus<br \/>\n5. Zeme\u0146u kivi<br \/>\n6. Citronu laims<br \/>\n7. zeme\u0146u ban\u0101nu<br \/>\n8. Redbull<br \/>\n9. Jaukti ogu<br \/>\n10. prime zeme\u0146u arb\u016bzs<\/p>\n<h3>K\u0101p\u0113c izv\u0113l\u0113ties vapestornado Vapsolo DG 18000 Puffs Vape vairumtirdzniec\u012bbai?<\/h3>\n<div class=\"flex-shrink-0 flex flex-col relative items-end\">\n<div class=\"pt-0\">\n<div class=\"gizmo-bot-avatar flex h-8 w-8 items-center justify-center overflow-hidden rounded-full\">\n<div class=\"relative p-1 rounded-sm flex items-center justify-center bg-token-main-surface-primary text-token-text-primary h-8 w-8\">\n<p>Laipni l\u016bdzam vapestornado, j\u016bsu uzticamaj\u0101 tie\u0161saistes vape veikal\u0101, kur\u0101 var ieg\u0101d\u0101ties augst\u0101k\u0101s kvalit\u0101tes vienreiz\u0113j\u0101s lieto\u0161anas vapes. Ar vair\u0101k nek\u0101 5 gadu pieredzi m\u0113s pied\u0101v\u0101jam popul\u0101rus vienreiz\u0113j\u0101s lieto\u0161anas vape z\u012bmolus, piem\u0113ram, Fumot RandM Vape, <a href=\"https:\/\/vapestornado.com\/lv\/product\/vapme-crystal-7000-puffs-rechargeable-disposable-vape-wholesale-cheap-price\/\">Vapme<\/a>, Bang Vape, Waspe Vape un WGA Vape, u.c.<\/p>\n<p>M\u016bsu kl\u0101st\u0101 ir iek\u013cauti karstie izp\u0101rdo\u0161anas veipi, piem\u0113ram, <a href=\"https:\/\/vapestornado.com\/lv\/product\/fumot-randm-tornado-15000-puffs-rechargeable-disposable-vape-wholesale\/\">RandM Tornado 15000<\/a>, un bag\u0101t\u012bgas gar\u0161as izv\u0113les, piem\u0113ram, <a href=\"https:\/\/vapestornado.com\/lv\/product\/waspe-40000-puffs-double-flavour-led-display-disposable-vape-wholesale\/\">WASPE dubult\u0101s gar\u0161as 40000 uzp\u016btienu<\/a> . Katrs produkts ir izv\u0113l\u0113ts, koncentr\u0113joties uz kvalit\u0101ti, v\u0113rt\u012bbu un daudzveid\u012bbu, nodro\u0161inot, ka j\u016bs atrad\u012bsiet perfektu atbilst\u012bbu sav\u0101m vajadz\u012bb\u0101m. Atkl\u0101jiet izcilu servisu un pla\u0161u popul\u0101r\u0101ko produktu kl\u0101stu par vairumtirdzniec\u012bbas cen\u0101m vietn\u0113 vapestornado.<\/p>\n<\/div>\n<h3><\/h3>\n<div class=\"relative p-1 rounded-sm flex items-center justify-center bg-token-main-surface-primary text-token-text-primary h-8 w-8\">\n<h3>BUJ par Vapsolo DG 18k Puffs Puff vienreiz\u0113j\u0101s lieto\u0161anas vape<\/h3>\n<\/div>\n<\/div>\n<\/div>\n<\/div>\n<div class=\"flex-shrink-0 flex flex-col relative items-end\">\n<div class=\"pt-0\">\n<div class=\"gizmo-bot-avatar flex h-8 w-8 items-center justify-center overflow-hidden rounded-full\">\n<div class=\"relative p-1 rounded-sm flex items-center justify-center bg-token-main-surface-primary text-token-text-primary h-8 w-8\">\n<div class=\"mb-2 flex gap-3 empty:hidden -ml-2\">\n<div role=\"article\" data-tabster=\"{&quot;groupper&quot;:{&quot;tabbability&quot;:2},&quot;focusable&quot;:{}}\" data-content=\"ai-message\" aria-labelledby=\"Vdt5ez4X7Tg813x6rFVha-author Vdt5ez4X7Tg813x6rFVha-content\">\n<div id=\"Vdt5ez4X7Tg813x6rFVha-content\">\n<div role=\"article\" data-tabster=\"{&quot;groupper&quot;:{&quot;tabbability&quot;:2},&quot;focusable&quot;:{}}\" data-content=\"ai-message\" aria-labelledby=\"o968oC7CEo2fGHsGdsRYC-author o968oC7CEo2fGHsGdsRYC-content\">\n<div id=\"o968oC7CEo2fGHsGdsRYC-content\">\n<h3><\/h3>\n<ol>\n<li><strong>Kas ir VapSolo DG18000?<\/strong><br \/>\nT\u0101 <strong>VapSolo DG18000<\/strong> ir liela ietilp\u012bba <strong>vienreizlietojams iztvaic\u0113t\u0101js<\/strong> pied\u0101v\u0101jot <strong>18 000 uzp\u016btienu<\/strong>, viedais displejs un uzl\u0101d\u0113jama funkcionalit\u0101te.<\/li>\n<li><strong>K\u0101 darbojas viedais re\u017e\u012bms?<\/strong><br \/>\n<strong>Viedais re\u017e\u012bms<\/strong> autom\u0101tiski optimiz\u0113 iestat\u012bjumus vienm\u0113r\u012bgai un bez piep\u016bles veipo\u0161anas pieredzei, pamatojoties uz j\u016bsu lieto\u0161anas paradumiem.<\/li>\n<li><strong>Kas ir Boost re\u017e\u012bms?<\/strong><br \/>\n<strong>Boost re\u017e\u012bms<\/strong> nodro\u0161ina sp\u0113c\u012bg\u0101ku, intens\u012bv\u0101ku triecienu lietot\u0101jiem, kuri dod priek\u0161roku drosm\u012bg\u0101kai gar\u0161ai un tvaika ra\u017eo\u0161anai.<\/li>\n<li><strong>Vai VapSolo DG18000 ir uzl\u0101d\u0113jams?<\/strong><br \/>\nJ\u0101, tam ir <strong>650 mAh akumulators<\/strong> ko var \u0101tri uzl\u0101d\u0113t, izmantojot C tipa uzl\u0101des portu.<\/li>\n<li><strong>K\u0101p\u0113c izv\u0113l\u0113ties VapSolo DG18000 vairumtirdzniec\u012bbai?<\/strong><br \/>\nAr savu iztur\u012bbu, lielo uzp\u016btienu skaitu un konkur\u0113tsp\u0113j\u012bgu <strong>vape vairumtirdzniec\u012bba<\/strong> cenu, tas ir lieliska izv\u0113le mazumtirgot\u0101jiem un vairumtirgot\u0101jiem.<\/li>\n<\/ol>\n<\/div>\n<\/div>\n<\/div>\n<\/div>\n<p>&nbsp;<\/p>\n<\/div>\n<\/div>\n<\/div>\n<\/div>\n<\/div>\n<div class=\"group\/conversation-turn relative flex w-full min-w-0 flex-col agent-turn\">\n<div class=\"flex-col gap-1 md:gap-3\">\n<div class=\"flex max-w-full flex-col flex-grow\">\n<div class=\"min-h-8 text-message flex w-full flex-col items-end gap-2 whitespace-normal break-words [.text-message+&amp;]:mt-5\" dir=\"auto\" data-message-author-role=\"assistant\" data-message-id=\"db716a1c-9ed0-4b8d-b3b0-7bdb913c3d42\" data-message-model-slug=\"gpt-4o\">\n<div class=\"flex w-full flex-col gap-1 empty:hidden first:pt-[3px]\">\n<div class=\"markdown prose w-full break-words dark:prose-invert light\">\n<p>&nbsp;<\/p>\n<\/div>\n<\/div>\n<\/div>\n<\/div>\n<\/div>\n<\/div>","protected":false},"excerpt":{"rendered":"<p>Vapsolo DG 18000 vied\u0101 ekr\u0101na vairumtirdzniec\u012bbas vienreiz\u0113j\u0101s lieto\u0161anas vape<br \/>\nVapsolo DG 18000 uzp\u016btienu 2% 5% zema nikot\u012bna l\u012bme\u0146a beztaras vape<br \/>\nVapsolo DG18000 uzp\u016btienu 2% 5% zema nikot\u012bna l\u012bme\u0146a uzl\u0101d\u0113jama vienreiz\u0113j\u0101s lieto\u0161anas vape<\/p>\n<p><strong>Pievienojiet Eimijas whatsapp, lai sa\u0146emtu pareizu atbildi un iztvaic\u0113t\u0101ja kuponu!<\/strong><\/p>\n<p><img fetchpriority=\"high\" decoding=\"async\" class=\"size-full wp-image-2932\" src=\"https:\/\/vapestornado.com\/wp-content\/uploads\/2024\/12\/Vape-Wholesale.jpg\" alt=\"Veipu Vairumtirdzniec\u012bba\" width=\"229\" height=\"300\" \/><\/p>\n<h3><a href=\"https:\/\/wa.me\/8617776015835\"><span style=\"color: #ff0000;\"><strong>WhatsApp: +86 17776015835<\/strong><\/span><\/a><\/h3>\n<p>&nbsp;<\/p>","protected":false},"featured_media":3173,"comment_status":"open","ping_status":"closed","template":"","meta":{"_acf_changed":false,"_uag_custom_page_level_css":"","_lmt_disableupdate":"no","_lmt_disable":"","_monsterinsights_skip_tracking":false,"_monsterinsights_sitenote_active":false,"_monsterinsights_sitenote_note":"","_monsterinsights_sitenote_category":0,"site-sidebar-layout":"default","site-content-layout":"","ast-site-content-layout":"default","site-content-style":"default","site-sidebar-style":"default","ast-global-header-display":"","ast-banner-title-visibility":"","ast-main-header-display":"","ast-hfb-above-header-display":"","ast-hfb-below-header-display":"","ast-hfb-mobile-header-display":"","site-post-title":"","ast-breadcrumbs-content":"","ast-featured-img":"","footer-sml-layout":"","ast-disable-related-posts":"","theme-transparent-header-meta":"default","adv-header-id-meta":"","stick-header-meta":"","header-above-stick-meta":"","header-main-stick-meta":"","header-below-stick-meta":"","astra-migrate-meta-layouts":"set","ast-page-background-enabled":"default","ast-page-background-meta":{"desktop":{"background-color":"","background-image":"","background-repeat":"repeat","background-position":"center center","background-size":"auto","background-attachment":"scroll","background-type":"","background-media":"","overlay-type":"","overlay-color":"","overlay-opacity":"","overlay-gradient":""},"tablet":{"background-color":"","background-image":"","background-repeat":"repeat","background-position":"center center","background-size":"auto","background-attachment":"scroll","background-type":"","background-media":"","overlay-type":"","overlay-color":"","overlay-opacity":"","overlay-gradient":""},"mobile":{"background-color":"","background-image":"","background-repeat":"repeat","background-position":"center center","background-size":"auto","background-attachment":"scroll","background-type":"","background-media":"","overlay-type":"","overlay-color":"","overlay-opacity":"","overlay-gradient":""}},"ast-content-background-meta":{"desktop":{"background-color":"var(--ast-global-color-5)","background-image":"","background-repeat":"repeat","background-position":"center center","background-size":"auto","background-attachment":"scroll","background-type":"","background-media":"","overlay-type":"","overlay-color":"","overlay-opacity":"","overlay-gradient":""},"tablet":{"background-color":"var(--ast-global-color-5)","background-image":"","background-repeat":"repeat","background-position":"center center","background-size":"auto","background-attachment":"scroll","background-type":"","background-media":"","overlay-type":"","overlay-color":"","overlay-opacity":"","overlay-gradient":""},"mobile":{"background-color":"var(--ast-global-color-5)","background-image":"","background-repeat":"repeat","background-position":"center center","background-size":"auto","background-attachment":"scroll","background-type":"","background-media":"","overlay-type":"","overlay-color":"","overlay-opacity":"","overlay-gradient":""}},"_joinchat":{"telephone":"+8617776015835"}},"product_brand":[],"product_cat":[70,150,154,157,142,144,171],"product_tag":[97,94,139,162,161],"class_list":{"0":"post-3177","1":"product","2":"type-product","3":"status-publish","4":"has-post-thumbnail","6":"product_cat-18000-puff","7":"product_cat-buy-disposable-vapes-in-belgium","8":"product_cat-buy-disposable-vapes-in-netherlands","9":"product_cat-buy-disposable-vapes-in-portugal","10":"product_cat-digital-box-disposable-vapes","11":"product_cat-low-nicotine-disposable-vapes","12":"product_cat-vapsolo-disposable-vapes","13":"product_tag-hot-sale-disposable-vape","14":"product_tag-rechargeable-disposable-vape","15":"product_tag-vapsolo","16":"product_tag-vapsolo-18000","17":"product_tag-vapsolo-dg-18000-puffs","18":"desktop-align-left","19":"tablet-align-left","20":"mobile-align-left","22":"first","23":"instock","24":"sale","25":"shipping-taxable","26":"purchasable","27":"product-type-simple"},"acf":[],"uagb_featured_image_src":{"full":["https:\/\/vapestornado.com\/wp-content\/uploads\/2024\/12\/Vapsolo-DG-18000-Puffs-Smart-Screen-Wholesale-Disposable-Vape.jpg",1126,1126,false],"thumbnail":["https:\/\/vapestornado.com\/wp-content\/uploads\/2024\/12\/Vapsolo-DG-18000-Puffs-Smart-Screen-Wholesale-Disposable-Vape-150x150.jpg",150,150,true],"medium":["https:\/\/vapestornado.com\/wp-content\/uploads\/2024\/12\/Vapsolo-DG-18000-Puffs-Smart-Screen-Wholesale-Disposable-Vape-300x300.jpg",300,300,true],"medium_large":["https:\/\/vapestornado.com\/wp-content\/uploads\/2024\/12\/Vapsolo-DG-18000-Puffs-Smart-Screen-Wholesale-Disposable-Vape-768x768.jpg",768,768,true],"large":["https:\/\/vapestornado.com\/wp-content\/uploads\/2024\/12\/Vapsolo-DG-18000-Puffs-Smart-Screen-Wholesale-Disposable-Vape-1024x1024.jpg",1024,1024,true],"1536x1536":["https:\/\/vapestornado.com\/wp-content\/uploads\/2024\/12\/Vapsolo-DG-18000-Puffs-Smart-Screen-Wholesale-Disposable-Vape.jpg",1126,1126,false],"2048x2048":["https:\/\/vapestornado.com\/wp-content\/uploads\/2024\/12\/Vapsolo-DG-18000-Puffs-Smart-Screen-Wholesale-Disposable-Vape.jpg",1126,1126,false],"trp-custom-language-flag":["https:\/\/vapestornado.com\/wp-content\/uploads\/2024\/12\/Vapsolo-DG-18000-Puffs-Smart-Screen-Wholesale-Disposable-Vape.jpg",12,12,false],"woocommerce_thumbnail":["https:\/\/vapestornado.com\/wp-content\/uploads\/2024\/12\/Vapsolo-DG-18000-Puffs-Smart-Screen-Wholesale-Disposable-Vape-300x300.jpg",300,300,true],"woocommerce_single":["https:\/\/vapestornado.com\/wp-content\/uploads\/2024\/12\/Vapsolo-DG-18000-Puffs-Smart-Screen-Wholesale-Disposable-Vape-600x600.jpg",600,600,true],"woocommerce_gallery_thumbnail":["https:\/\/vapestornado.com\/wp-content\/uploads\/2024\/12\/Vapsolo-DG-18000-Puffs-Smart-Screen-Wholesale-Disposable-Vape-100x100.jpg",100,100,true]},"uagb_author_info":{"display_name":"ESAMY","author_link":"https:\/\/vapestornado.com\/lv\/author\/"},"uagb_comment_info":0,"uagb_excerpt":"Vapsolo DG 18000 Smart Screen Wholesale Disposable Vape Vapsolo DG 18000 Puffs 2% 5% Low Nicotine Bulk Buy Vapes Vapsolo DG18000 Puffs 2% 5% Low Nicotine Rechargeable Disposable Vape Add Amy's whatsapp get right reply and vape vape coupon! WhatsApp: +86 17776015835 &nbsp;","_links":{"self":[{"href":"https:\/\/vapestornado.com\/lv\/wp-json\/wp\/v2\/product\/3177","targetHints":{"allow":["GET"]}}],"collection":[{"href":"https:\/\/vapestornado.com\/lv\/wp-json\/wp\/v2\/product"}],"about":[{"href":"https:\/\/vapestornado.com\/lv\/wp-json\/wp\/v2\/types\/product"}],"replies":[{"embeddable":true,"href":"https:\/\/vapestornado.com\/lv\/wp-json\/wp\/v2\/comments?post=3177"}],"wp:featuredmedia":[{"embeddable":true,"href":"https:\/\/vapestornado.com\/lv\/wp-json\/wp\/v2\/media\/3173"}],"wp:attachment":[{"href":"https:\/\/vapestornado.com\/lv\/wp-json\/wp\/v2\/media?parent=3177"}],"wp:term":[{"taxonomy":"product_brand","embeddable":true,"href":"https:\/\/vapestornado.com\/lv\/wp-json\/wp\/v2\/product_brand?post=3177"},{"taxonomy":"product_cat","embeddable":true,"href":"https:\/\/vapestornado.com\/lv\/wp-json\/wp\/v2\/product_cat?post=3177"},{"taxonomy":"product_tag","embeddable":true,"href":"https:\/\/vapestornado.com\/lv\/wp-json\/wp\/v2\/product_tag?post=3177"}],"curies":[{"name":"wp","href":"https:\/\/api.w.org\/{rel}","templated":true}]}}