{"id":3171,"date":"2024-12-14T09:23:10","date_gmt":"2024-12-14T09:23:10","guid":{"rendered":"https:\/\/vapestornado.com\/?post_type=product&#038;p=3171"},"modified":"2025-08-23T10:02:23","modified_gmt":"2025-08-23T10:02:23","slug":"waspe-40000-puffs-double-flavor-rechargeable-vape-cheap-price","status":"publish","type":"product","link":"https:\/\/vapestornado.com\/lv\/product\/waspe-40000-puffs-double-flavor-rechargeable-vape-cheap-price\/","title":{"rendered":"WASPE 40000 uzp\u016btienu dubult\u0101s gar\u0161as uzl\u0101d\u0113jams iztvaic\u0113t\u0101js par zemu cenu"},"content":{"rendered":"<h1>WASPE 40000 uzp\u016btienu dubult\u0101s gar\u0161as uzl\u0101d\u0113jams iztvaic\u0113t\u0101js par zemu cenu<\/h1>\n<p>&nbsp;<\/p>\n<div role=\"article\" data-tabster=\"{&quot;groupper&quot;:{&quot;tabbability&quot;:2},&quot;focusable&quot;:{}}\" data-content=\"ai-message\" aria-labelledby=\"64JRvXrTnY7mRmPkEQLLT-author 64JRvXrTnY7mRmPkEQLLT-content\">\n<div id=\"64JRvXrTnY7mRmPkEQLLT-content\">\n<p>WASPE 40000 Pufiju dubult\u0101 arom\u0101ta atk\u0101rtoti uzl\u0101d\u0113jamais tvaic\u0113t\u0101js apvieno progres\u012bvas tehnolo\u0123ijas ar izcilu gar\u0161u. WASPE VAPES, kas ir paredz\u0113ts ilgsto\u0161ai lieto\u0161anai, nodro\u0161ina l\u012bdz pat 40 000 uzp\u016btienu, nodro\u0161inot ilgsto\u0161u apmierin\u0101t\u012bbu. Divas 0,9\u03a9 sieta spoles nodro\u0161ina vienm\u0113r\u012bgu, pies\u0101tin\u0101tu tvaiku ar uzlabotu gar\u0161as intensit\u0101ti un pat\u012bkamu saj\u016btu kakl\u0101. T\u0101 36 ml e-\u0161\u0137idruma ietilp\u012bba samazina nepiecie\u0161am\u012bbu p\u0113c bie\u017eas uzpild\u012b\u0161anas, savuk\u0101rt 850 mAh atk\u0101rtoti uzl\u0101d\u0113jam\u0101 baterija nodro\u0161ina uzticamu darb\u012bbu. C tipa \u0101tr\u0101s uzl\u0101des funkcija samazina d\u012bkst\u0101ves laiku. Viedais LED displejs pied\u0101v\u0101 re\u0101llaika atjaunin\u0101jumus par baterijas un e-\u0161\u0137idruma l\u012bmeni papildu \u0113rt\u012bbai. Izmantojot dubulto gar\u0161u sist\u0113mu, lietot\u0101ji var bez piep\u016bles p\u0101rsl\u0113gties starp div\u0101m at\u0161\u0137ir\u012bg\u0101m gar\u0161\u0101m, uzlabojot tvaic\u0113\u0161anas pieredzi. Tas ir pieejams ar 2% un 5% nikot\u012bna stiprumu un 16 unik\u0101l\u0101m gar\u0161\u0101m, un ir piem\u0113rots gan jauniem, gan pieredz\u0113ju\u0161iem tvaic\u0113t\u0101jiem. Izv\u0113lieties WASPE FIHP 40000 Pufiju tvaic\u0113t\u0101ju, lai ieg\u016btu visprogres\u012bv\u0101k\u0101s funkcijas, gludu dizainu un augst\u0101k\u0101s kvalit\u0101tes tvaic\u0113\u0161anas pieredzi, kas piel\u0101gota j\u016bsu v\u0113lm\u0113m.<\/p>\n<\/div>\n<\/div>\n<p><img fetchpriority=\"high\" decoding=\"async\" class=\"alignnone size-medium wp-image-4245\" src=\"https:\/\/vapestornado.com\/wp-content\/uploads\/2024\/12\/Waspe-DOUBLE-FLAVOUR-40k-Vape-Cheap-Price-300x300.jpg\" alt=\"\" width=\"300\" height=\"300\" srcset=\"https:\/\/vapestornado.com\/wp-content\/uploads\/2024\/12\/Waspe-DOUBLE-FLAVOUR-40k-Vape-Cheap-Price-300x300.jpg 300w, https:\/\/vapestornado.com\/wp-content\/uploads\/2024\/12\/Waspe-DOUBLE-FLAVOUR-40k-Vape-Cheap-Price-1024x1024.jpg 1024w, https:\/\/vapestornado.com\/wp-content\/uploads\/2024\/12\/Waspe-DOUBLE-FLAVOUR-40k-Vape-Cheap-Price-150x150.jpg 150w, https:\/\/vapestornado.com\/wp-content\/uploads\/2024\/12\/Waspe-DOUBLE-FLAVOUR-40k-Vape-Cheap-Price-768x768.jpg 768w, https:\/\/vapestornado.com\/wp-content\/uploads\/2024\/12\/Waspe-DOUBLE-FLAVOUR-40k-Vape-Cheap-Price-12x12.jpg 12w, https:\/\/vapestornado.com\/wp-content\/uploads\/2024\/12\/Waspe-DOUBLE-FLAVOUR-40k-Vape-Cheap-Price-600x600.jpg 600w, https:\/\/vapestornado.com\/wp-content\/uploads\/2024\/12\/Waspe-DOUBLE-FLAVOUR-40k-Vape-Cheap-Price-100x100.jpg 100w, https:\/\/vapestornado.com\/wp-content\/uploads\/2024\/12\/Waspe-DOUBLE-FLAVOUR-40k-Vape-Cheap-Price.jpg 1500w\" sizes=\"(max-width: 300px) 100vw, 300px\" \/><\/p>\n<p><img decoding=\"async\" class=\"wp-image-2951\" src=\"https:\/\/vapestornado.com\/wp-content\/uploads\/2024\/12\/Wholesale-Disposable-Vape-265x300.jpg\" alt=\"Vienreiz\u0113j\u0101s lieto\u0161anas Vape vairumtirdzniec\u012bba\" width=\"295\" height=\"334\" srcset=\"https:\/\/vapestornado.com\/wp-content\/uploads\/2024\/12\/Wholesale-Disposable-Vape-265x300.jpg 265w, https:\/\/vapestornado.com\/wp-content\/uploads\/2024\/12\/Wholesale-Disposable-Vape-768x871.jpg 768w, https:\/\/vapestornado.com\/wp-content\/uploads\/2024\/12\/Wholesale-Disposable-Vape-600x680.jpg 600w, https:\/\/vapestornado.com\/wp-content\/uploads\/2024\/12\/Wholesale-Disposable-Vape.jpg 823w\" sizes=\"(max-width: 295px) 100vw, 295px\" \/><\/p>\n<h6>L\u016bdzu, sazinieties ar Mandiju WhatsApp, lai sa\u0146emtu atlaides cenu<a href=\"https:\/\/wa.me\/8618077105796\" target=\"_blank\" rel=\"noopener\">+8618077105796<\/a><\/h6>\n<p>&nbsp;<\/p>\n<h2><strong>WASPE 40000 Pufiju Vienreizlietojamo Tvaic\u0113t\u0101ju Specifik\u0101cijas<\/strong><\/h2>\n<ul>\n<li><strong>Nikot\u012bna stiprums<\/strong>: Pieejams ar 2% un 5% opcij\u0101m, lai nodro\u0161in\u0101tu piel\u0101gotu tvaic\u0113\u0161anas pieredzi.<\/li>\n<li><strong>Pufiju ietilp\u012bba<\/strong>: L\u012bdz 40 000 pufiju, ide\u0101li piem\u0113rots ilgsto\u0161ai lieto\u0161anai ar minim\u0101lu nomai\u0146u.<\/li>\n<li><strong>E-\u0161\u0137idruma ietilp\u012bba<\/strong>: Iepriek\u0161 uzpild\u012bts ar 36 ml augst\u0101k\u0101s kvalit\u0101tes tvaic\u0113t\u0101ja \u0161\u0137idrumu ilgsto\u0161\u0101m lieto\u0161anas reiz\u0113m.<\/li>\n<li><strong>Uzlabotas sieta spoles<\/strong>: Divas 0,9\u03a9 sieta spoles nodro\u0161ina vienm\u0113r\u012bgu, bag\u0101t\u012bgu tvaiku un uzlabotu gar\u0161u.<\/li>\n<li><strong>C tipa atk\u0101rtota uzl\u0101de<\/strong>: \u0100tra un efekt\u012bva C tipa uzl\u0101de samazina d\u012bkst\u0101vi.<\/li>\n<li><strong>Baterijas ietilp\u012bba<\/strong>: Jaud\u012bga 850 mAh atk\u0101rtoti uzl\u0101d\u0113jama baterija nodro\u0161ina nemain\u012bgu veiktsp\u0113ju.<\/li>\n<li><strong>Viedais LED displejs<\/strong>: Re\u0101llaika baterijas un e-\u0161\u0137idruma l\u012bme\u0146a atjaunin\u0101jumi \u0113rtai lieto\u0161anai.<\/li>\n<li><strong>Divu gar\u0161u tehnolo\u0123ija<\/strong>: P\u0101rsl\u0113dzieties starp div\u0101m at\u0161\u0137ir\u012bg\u0101m gar\u0161\u0101m dinamiskai un personaliz\u0113tai tvaic\u0113\u0161anas pieredzei.<\/li>\n<\/ul>\n<h2><strong>WASPE Tornado Vape 40k dvesmu gar\u0161u saraksts:<\/strong><\/h2>\n<p class=\"selectable-text copyable-text x15bjb6t x1n2onr6\" dir=\"ltr\"><span class=\"selectable-text copyable-text false\">1.Arb\u016bzu ledus<\/span><\/p>\n<p class=\"selectable-text copyable-text x15bjb6t x1n2onr6\" dir=\"ltr\"><span class=\"selectable-text copyable-text false x1sdyfia xss6m8b\">2.<\/span><span class=\"selectable-text copyable-text false\"> G\u0101z\u0113ts \u0137ir\u0161u ledus<\/span><\/p>\n<p class=\"selectable-text copyable-text x15bjb6t x1n2onr6\" dir=\"ltr\"><span class=\"selectable-text copyable-text false x1sdyfia xss6m8b\">3.<\/span><span class=\"selectable-text copyable-text false\"> Zeme\u0146u arb\u016bzs<\/span><\/p>\n<p class=\"selectable-text copyable-text x15bjb6t x1n2onr6\" dir=\"ltr\"><span class=\"selectable-text copyable-text false x1sdyfia xss6m8b\">4.<\/span><span class=\"selectable-text copyable-text false\"> Red Bull ledus<\/span><\/p>\n<p class=\"selectable-text copyable-text x15bjb6t x1n2onr6\" dir=\"ltr\"><span class=\"selectable-text copyable-text false x1sdyfia xss6m8b\">5.<\/span><span class=\"selectable-text copyable-text false\"> Persiku ledus<\/span><\/p>\n<p class=\"selectable-text copyable-text x15bjb6t x1n2onr6\" dir=\"ltr\"><span class=\"selectable-text copyable-text false x1sdyfia xss6m8b\">6.<\/span><span class=\"selectable-text copyable-text false\"> V\u012bnogu ledus<\/span><\/p>\n<p class=\"selectable-text copyable-text x15bjb6t x1n2onr6\" dir=\"ltr\"><span class=\"selectable-text copyable-text false x1sdyfia xss6m8b\">7.<\/span><span class=\"selectable-text copyable-text false\"> Zil\u0101s avenes limon\u0101de<\/span><\/p>\n<p class=\"selectable-text copyable-text x15bjb6t x1n2onr6\" dir=\"ltr\"><span class=\"selectable-text copyable-text false x1sdyfia xss6m8b\">8.<\/span><span class=\"selectable-text copyable-text false\"> Jaukas ogas<\/span><\/p>\n<p class=\"selectable-text copyable-text x15bjb6t x1n2onr6\" dir=\"ltr\"><span class=\"selectable-text copyable-text false x1sdyfia xss6m8b\">9.<\/span><span class=\"selectable-text copyable-text false\"> Zeme\u0146u ave\u0146u \u0137irsis<\/span><\/p>\n<p class=\"selectable-text copyable-text x15bjb6t x1n2onr6\" dir=\"ltr\"><span class=\"selectable-text copyable-text false x1sdyfia xss6m8b\">10.<\/span><span class=\"selectable-text copyable-text false\"> Zeme\u0146u ban\u0101ns<\/span><\/p>\n<p class=\"selectable-text copyable-text x15bjb6t x1n2onr6\" dir=\"ltr\"><span class=\"selectable-text copyable-text false x1sdyfia xss6m8b\">11.<\/span><span class=\"selectable-text copyable-text false\"> Zeme\u0146u arb\u016bzu ko\u0161\u013c\u0101jam\u0101 gumija<\/span><\/p>\n<p class=\"selectable-text copyable-text x15bjb6t x1n2onr6\" dir=\"ltr\"><span class=\"selectable-text copyable-text false x1sdyfia xss6m8b\">12.<\/span><span class=\"selectable-text copyable-text false\"> \u0136ir\u0161u kolas ledus<\/span><\/p>\n<p class=\"selectable-text copyable-text x15bjb6t x1n2onr6\" dir=\"ltr\"><span class=\"selectable-text copyable-text false x1sdyfia xss6m8b\">13.<\/span><span class=\"selectable-text copyable-text false\"> Sk\u0101bo \u0101bolu ave\u0146u<\/span><\/p>\n<p class=\"selectable-text copyable-text x15bjb6t x1n2onr6\" dir=\"ltr\"><span class=\"selectable-text copyable-text false x1sdyfia xss6m8b\">14.<\/span><span class=\"selectable-text copyable-text false\"> Persiku ogas<\/span><\/p>\n<p class=\"selectable-text copyable-text x15bjb6t x1n2onr6\" dir=\"ltr\"><span class=\"selectable-text copyable-text false x1sdyfia xss6m8b\">15.<\/span><span class=\"selectable-text copyable-text false\"> Melle\u0146u Ledus<\/span><\/p>\n<p class=\"selectable-text copyable-text x15bjb6t x1n2onr6\" dir=\"ltr\"><span class=\"selectable-text copyable-text false x1sdyfia xss6m8b\">16.<\/span><span class=\"selectable-text copyable-text false\"> Zeme\u0146u \u0137irsis<\/span><\/p>\n<div role=\"article\" data-tabster=\"{&quot;groupper&quot;:{&quot;tabbability&quot;:2},&quot;focusable&quot;:{}}\" data-content=\"ai-message\" aria-labelledby=\"dARUyEWDoEYhnSPXFwx5A-author dARUyEWDoEYhnSPXFwx5A-content\">\n<div id=\"dARUyEWDoEYhnSPXFwx5A-content\">\n<h2><strong>K\u0101p\u0113c izv\u0113l\u0113ties WASPE 40k Puffs Vape Pods vietn\u0113 vapestornado.com?<\/strong><\/h2>\n<ul>\n<li><strong>Nep\u0101rsp\u0113jams ilgm\u016b\u017e\u012bba<\/strong>: Ar iespaid\u012bg\u0101m 40 000 dvesm\u0101m, WASPE 40K ir lieliski piem\u0113rots tvaic\u0113t\u0101jiem, kuri mekl\u0113 ilgsto\u0161u lieto\u0161anu bez bie\u017e\u0101m nomai\u0146\u0101m.<\/li>\n<li><strong>Uzlabota iztvaic\u0113\u0161anas tehnolo\u0123ija<\/strong>: Pateicoties dubultaj\u0101m 0.9\u03a9 sieta spol\u0113m, \u0161\u012b ier\u012bce nodro\u0161ina vienm\u0113r\u012bgu, gar\u0161\u012bgu tvaiku ar katru dvesmu, pied\u0101v\u0101jot augst\u0101k\u0101s klases iztvaic\u0113\u0161anas pieredzi.<\/li>\n<li><strong>Milz\u012bga e-\u0161\u0137idruma ietilp\u012bba<\/strong>: Iepriek\u0161 uzpild\u012bts ar 36 ml augstas kvalit\u0101tes vape sulas, tas ir paredz\u0113ts nep\u0101rtraukt\u0101m, ilgsto\u0161\u0101m lieto\u0161anas reiz\u0113m.<\/li>\n<li><strong>\u0112rta uzl\u0101d\u0113jam\u012bba<\/strong>: Apr\u012bkots ar 850 mAh C tipa uzl\u0101d\u0113jamu akumulatoru, WASPE 40000 dvesmu nodro\u0161ina uzticamu jaudu un \u0101tru uzl\u0101di, nodro\u0161inot, ka vienm\u0113r esat gatavs tvaic\u0113\u0161anai.<\/li>\n<li><strong>Inovat\u012bva dubult\u0101 gar\u0161as funkcija<\/strong>: Izbaudiet divas gar\u0161as vien\u0101 ier\u012bc\u0113, pied\u0101v\u0101jot piel\u0101gojamu un dinamisku iztvaic\u0113\u0161anas pieredzi, kas piel\u0101gota j\u016bsu v\u0113lm\u0113m.<\/li>\n<li><strong>Lietot\u0101jam draudz\u012bgs dizains<\/strong>: Viedais LED displejs inform\u0113 par akumulatora un e-\u0161\u0137idruma l\u012bmeni, pievienojot \u0113rt\u012bbas j\u016bsu iztvaic\u0113\u0161anas rut\u012bnai.<\/li>\n<li><strong>Elast\u012bgas nikot\u012bna iesp\u0113jas<\/strong>: Pieejams ar 2% un 5% nikot\u012bna stiprumu, piem\u0113rots gan viegliem, gan pieredz\u0113ju\u0161iem veipot\u0101jiem.<\/li>\n<li><strong>vapestornado Premium pakalpojums<\/strong>: Iepirk\u0161an\u0101s vietn\u0113 vapestornado.com nodro\u0161ina piek\u013cuvi autentiskiem produktiem, konkur\u0113tsp\u0113j\u012bg\u0101m cen\u0101m un izcilam klientu atbalstam.<\/li>\n<\/ul>\n<\/div>\n<\/div>\n<h2>Bie\u017e\u0101k uzdotie jaut\u0101jumi par <strong>WASPE 40K Puffs atk\u0101rtoti uzl\u0101d\u0113jamiem veipiem lielapjoma cen\u0101<\/strong><\/h2>\n<p><strong>J1: K\u0101 es varu izsekot savam WASPE VAPES 40k Puffs pas\u016bt\u012bjumam?<\/strong><br \/>\nA: Kad j\u016bsu pas\u016bt\u012bjums b\u016bs nos\u016bt\u012bts, pa e-pastu sa\u0146emsiet izseko\u0161anas numuru, lai sekotu l\u012bdzi pieg\u0101des gaitai.<\/p>\n<p><strong>J2: K\u0101ds ir aptuvenais WASPE 40000 PUFF pieg\u0101des laiks?<\/strong><br \/>\nA: Pas\u016bt\u012bjumi, kas tiek nos\u016bt\u012bti no \u0136\u012bnas, parasti tiek pieg\u0101d\u0101ti 7-14 darba dienu laik\u0101, savuk\u0101rt pas\u016bt\u012bjumi no Eiropas noliktav\u0101m pien\u0101k 3-6 darba dienu laik\u0101.<\/p>\n<p><strong>J3: Vai es varu sa\u0146emt \u0101tr\u0101ku pieg\u0101di?<\/strong><br \/>\nA: Lai nodro\u0161in\u0101tu \u0101tr\u0101ku pieg\u0101di, apsveriet iesp\u0113ju pas\u016bt\u012bt produktus, kas atrodas m\u016bsu Eiropas noliktav\u0101s.<\/p>\n<p><strong>J4: Vai es varu izv\u0113l\u0113ties konkr\u0113tas gar\u0161as WASPE FIHP VAPE 40000 PUFFS?<\/strong><br \/>\nA: Gar\u0161as parasti tiek sak\u0101rtotas nejau\u0161i, ta\u010du nor\u0113\u0137inoties j\u016bs varat atst\u0101t piez\u012bmi ar sav\u0101m v\u0113lm\u0113m, un m\u0113s dar\u012bsim visu iesp\u0113jamo, lai t\u0101s izpild\u012btu.<\/p>\n<p><strong>J5: Vai j\u016bs pieg\u0101d\u0101jat WASPE 40000 puffs starptautiski?<\/strong><br \/>\nA: J\u0101, m\u0113s veicam pieg\u0101di uz liel\u0101ko da\u013cu valstu vis\u0101 pasaul\u0113 un k\u0101rtojam muito\u0161anu.<\/p>\n<p><strong>J6: K\u0101 es varu sazin\u0101ties ar klientu apkalpo\u0161anas dienestu?<\/strong><br \/>\nA: Sazinieties ar mums pa e-pastu, WhatsApp vai tie\u0161raides t\u0113rz\u0113\u0161anu m\u016bsu vietn\u0113, lai sa\u0146emtu \u0101tru pal\u012bdz\u012bbu.<\/p>","protected":false},"excerpt":{"rendered":"<ul>\n<li><strong>Ieg\u0101d\u0101jieties WASPE FIHP 40000 Pufiju atk\u0101rtoti uzl\u0101d\u0113jamos tvaic\u0113t\u0101jus par nep\u0101rsp\u0113jam\u0101m cen\u0101m<\/strong><\/li>\n<li><strong>WASPE FIHP 40K Pufiju tvaic\u0113t\u0101ju vairumtirdzniec\u012bbas pied\u0101v\u0101jumi \u2013 ietaupiet, ieg\u0101d\u0101joties lielus pas\u016bt\u012bjumus<\/strong><\/li>\n<li><strong>Ieg\u0101d\u0101jieties WASPE 40000 Pufiju dubult\u0101 arom\u0101ta tvaic\u0113t\u0101ju \u2013 uzlabotas funkcijas, pieejamas cenas<\/strong><\/li>\n<\/ul>\n<figure id=\"attachment_2951\" aria-describedby=\"caption-attachment-2951\" style=\"width: 265px\" class=\"wp-caption alignnone\"><img decoding=\"async\" class=\"size-medium wp-image-2951\" src=\"https:\/\/vapestornado.com\/wp-content\/uploads\/2024\/12\/Wholesale-Disposable-Vape-265x300.jpg\" alt=\"Vienreiz\u0113j\u0101s lieto\u0161anas Vape vairumtirdzniec\u012bba\" width=\"265\" height=\"300\" srcset=\"https:\/\/vapestornado.com\/wp-content\/uploads\/2024\/12\/Wholesale-Disposable-Vape-265x300.jpg 265w, https:\/\/vapestornado.com\/wp-content\/uploads\/2024\/12\/Wholesale-Disposable-Vape-768x871.jpg 768w, https:\/\/vapestornado.com\/wp-content\/uploads\/2024\/12\/Wholesale-Disposable-Vape-600x680.jpg 600w, https:\/\/vapestornado.com\/wp-content\/uploads\/2024\/12\/Wholesale-Disposable-Vape.jpg 823w\" sizes=\"(max-width: 265px) 100vw, 265px\" \/><figcaption id=\"caption-attachment-2951\" class=\"wp-caption-text\">L\u016bdzu, sazinieties ar Mandiju WhatsApp, lai sa\u0146emtu atlaides cenu\u00a0 <a href=\"https:\/\/wa.me\/8618077105796\">+8618077105796<\/a><\/figcaption><\/figure>\n<p>&nbsp;<\/p>","protected":false},"featured_media":4245,"comment_status":"open","ping_status":"closed","template":"","meta":{"_acf_changed":false,"_uag_custom_page_level_css":"","_lmt_disableupdate":"no","_lmt_disable":"","_monsterinsights_skip_tracking":false,"_monsterinsights_sitenote_active":false,"_monsterinsights_sitenote_note":"","_monsterinsights_sitenote_category":0,"site-sidebar-layout":"default","site-content-layout":"","ast-site-content-layout":"default","site-content-style":"default","site-sidebar-style":"default","ast-global-header-display":"","ast-banner-title-visibility":"","ast-main-header-display":"","ast-hfb-above-header-display":"","ast-hfb-below-header-display":"","ast-hfb-mobile-header-display":"","site-post-title":"","ast-breadcrumbs-content":"","ast-featured-img":"","footer-sml-layout":"","ast-disable-related-posts":"","theme-transparent-header-meta":"default","adv-header-id-meta":"","stick-header-meta":"","header-above-stick-meta":"","header-main-stick-meta":"","header-below-stick-meta":"","astra-migrate-meta-layouts":"set","ast-page-background-enabled":"default","ast-page-background-meta":{"desktop":{"background-color":"","background-image":"","background-repeat":"repeat","background-position":"center center","background-size":"auto","background-attachment":"scroll","background-type":"","background-media":"","overlay-type":"","overlay-color":"","overlay-opacity":"","overlay-gradient":""},"tablet":{"background-color":"","background-image":"","background-repeat":"repeat","background-position":"center center","background-size":"auto","background-attachment":"scroll","background-type":"","background-media":"","overlay-type":"","overlay-color":"","overlay-opacity":"","overlay-gradient":""},"mobile":{"background-color":"","background-image":"","background-repeat":"repeat","background-position":"center center","background-size":"auto","background-attachment":"scroll","background-type":"","background-media":"","overlay-type":"","overlay-color":"","overlay-opacity":"","overlay-gradient":""}},"ast-content-background-meta":{"desktop":{"background-color":"var(--ast-global-color-5)","background-image":"","background-repeat":"repeat","background-position":"center center","background-size":"auto","background-attachment":"scroll","background-type":"","background-media":"","overlay-type":"","overlay-color":"","overlay-opacity":"","overlay-gradient":""},"tablet":{"background-color":"var(--ast-global-color-5)","background-image":"","background-repeat":"repeat","background-position":"center center","background-size":"auto","background-attachment":"scroll","background-type":"","background-media":"","overlay-type":"","overlay-color":"","overlay-opacity":"","overlay-gradient":""},"mobile":{"background-color":"var(--ast-global-color-5)","background-image":"","background-repeat":"repeat","background-position":"center center","background-size":"auto","background-attachment":"scroll","background-type":"","background-media":"","overlay-type":"","overlay-color":"","overlay-opacity":"","overlay-gradient":""}},"_joinchat":{"telephone":"+8618077105796"}},"product_brand":[],"product_cat":[65,149,153,156,157,158,60],"product_tag":[97,89],"class_list":{"0":"post-3171","1":"product","2":"type-product","3":"status-publish","4":"has-post-thumbnail","6":"product_cat-40000-puff","7":"product_cat-buy-disposable-vapes-in-austria","8":"product_cat-buy-disposable-vapes-in-italy","9":"product_cat-buy-disposable-vapes-in-poland","10":"product_cat-buy-disposable-vapes-in-portugal","11":"product_cat-buy-disposable-vapes-in-spain","12":"product_cat-waspe-fihp-vape","13":"product_tag-hot-sale-disposable-vape","14":"product_tag-waspe-40000-puffs","15":"desktop-align-left","16":"tablet-align-left","17":"mobile-align-left","19":"first","20":"instock","21":"sale","22":"shipping-taxable","23":"purchasable","24":"product-type-simple"},"acf":[],"uagb_featured_image_src":{"full":["https:\/\/vapestornado.com\/wp-content\/uploads\/2024\/12\/Waspe-DOUBLE-FLAVOUR-40k-Vape-Cheap-Price.jpg",1500,1500,false],"thumbnail":["https:\/\/vapestornado.com\/wp-content\/uploads\/2024\/12\/Waspe-DOUBLE-FLAVOUR-40k-Vape-Cheap-Price-150x150.jpg",150,150,true],"medium":["https:\/\/vapestornado.com\/wp-content\/uploads\/2024\/12\/Waspe-DOUBLE-FLAVOUR-40k-Vape-Cheap-Price-300x300.jpg",300,300,true],"medium_large":["https:\/\/vapestornado.com\/wp-content\/uploads\/2024\/12\/Waspe-DOUBLE-FLAVOUR-40k-Vape-Cheap-Price-768x768.jpg",768,768,true],"large":["https:\/\/vapestornado.com\/wp-content\/uploads\/2024\/12\/Waspe-DOUBLE-FLAVOUR-40k-Vape-Cheap-Price-1024x1024.jpg",1024,1024,true],"1536x1536":["https:\/\/vapestornado.com\/wp-content\/uploads\/2024\/12\/Waspe-DOUBLE-FLAVOUR-40k-Vape-Cheap-Price.jpg",1500,1500,false],"2048x2048":["https:\/\/vapestornado.com\/wp-content\/uploads\/2024\/12\/Waspe-DOUBLE-FLAVOUR-40k-Vape-Cheap-Price.jpg",1500,1500,false],"trp-custom-language-flag":["https:\/\/vapestornado.com\/wp-content\/uploads\/2024\/12\/Waspe-DOUBLE-FLAVOUR-40k-Vape-Cheap-Price-12x12.jpg",12,12,true],"woocommerce_thumbnail":["https:\/\/vapestornado.com\/wp-content\/uploads\/2024\/12\/Waspe-DOUBLE-FLAVOUR-40k-Vape-Cheap-Price-300x300.jpg",300,300,true],"woocommerce_single":["https:\/\/vapestornado.com\/wp-content\/uploads\/2024\/12\/Waspe-DOUBLE-FLAVOUR-40k-Vape-Cheap-Price-600x600.jpg",600,600,true],"woocommerce_gallery_thumbnail":["https:\/\/vapestornado.com\/wp-content\/uploads\/2024\/12\/Waspe-DOUBLE-FLAVOUR-40k-Vape-Cheap-Price-100x100.jpg",100,100,true]},"uagb_author_info":{"display_name":"ESMANDY","author_link":"https:\/\/vapestornado.com\/lv\/author\/"},"uagb_comment_info":0,"uagb_excerpt":"Get WASPE FIHP 40000 Puff Rechargeable Vape at Unbeatable Prices Wholesale Deals on WASPE FIHP 40K Puffs Vapes \u2013 Save Big on Bulk Orders Shop WASPE 40000 Puffs Dual Flavor Vape \u2013 Advanced Features, Affordable Prices [caption id=\"attachment_2951\" align=\"alignnone\" width=\"265\"] Pls Contact Mandy's WhatsApp For Discount Price\u00a0 +8618077105796[\/caption] &nbsp;","_links":{"self":[{"href":"https:\/\/vapestornado.com\/lv\/wp-json\/wp\/v2\/product\/3171","targetHints":{"allow":["GET"]}}],"collection":[{"href":"https:\/\/vapestornado.com\/lv\/wp-json\/wp\/v2\/product"}],"about":[{"href":"https:\/\/vapestornado.com\/lv\/wp-json\/wp\/v2\/types\/product"}],"replies":[{"embeddable":true,"href":"https:\/\/vapestornado.com\/lv\/wp-json\/wp\/v2\/comments?post=3171"}],"wp:featuredmedia":[{"embeddable":true,"href":"https:\/\/vapestornado.com\/lv\/wp-json\/wp\/v2\/media\/4245"}],"wp:attachment":[{"href":"https:\/\/vapestornado.com\/lv\/wp-json\/wp\/v2\/media?parent=3171"}],"wp:term":[{"taxonomy":"product_brand","embeddable":true,"href":"https:\/\/vapestornado.com\/lv\/wp-json\/wp\/v2\/product_brand?post=3171"},{"taxonomy":"product_cat","embeddable":true,"href":"https:\/\/vapestornado.com\/lv\/wp-json\/wp\/v2\/product_cat?post=3171"},{"taxonomy":"product_tag","embeddable":true,"href":"https:\/\/vapestornado.com\/lv\/wp-json\/wp\/v2\/product_tag?post=3171"}],"curies":[{"name":"wp","href":"https:\/\/api.w.org\/{rel}","templated":true}]}}