{"id":3142,"date":"2024-12-14T03:22:53","date_gmt":"2024-12-14T03:22:53","guid":{"rendered":"https:\/\/vapestornado.com\/?post_type=product&#038;p=3142"},"modified":"2025-08-22T11:01:51","modified_gmt":"2025-08-22T11:01:51","slug":"randm-tornado-15000-disposable-vape-wholesale-price","status":"publish","type":"product","link":"https:\/\/vapestornado.com\/lv\/product\/randm-tornado-15000-disposable-vape-wholesale-price\/","title":{"rendered":"Randm Tornado 15000 vienreiz\u0113j\u0101s lieto\u0161anas vape vairumtirdzniec\u012bbas cena"},"content":{"rendered":"<h1>Randm Tornado 15000 vienreiz\u0113j\u0101s lieto\u0161anas vape vairumtirdzniec\u012bbas cena<\/h1>\n<p data-start=\"297\" data-end=\"536\">T\u0101 <strong data-start=\"301\" data-end=\"340\">Randm Tornado 15000 Vienreizlietojama Vape<\/strong> ir izstr\u0101d\u0101ts ilgm\u016b\u017e\u012bbai, \u0113rt\u012bbai un sp\u0113c\u012bgai vairumtirdzniec\u012bbas v\u0113rt\u012bbai. Ar l\u012bdz <strong data-start=\"418\" data-end=\"434\">15 000 izsm\u0113\u0137u<\/strong> un liels <strong data-start=\"447\" data-end=\"474\">25ml e-\u0161\u0137idruma rezervu\u0101ru<\/strong>, tas nodro\u0161ina ilgsto\u0161u gar\u0161u un uzticamu apmierin\u0101t\u012bbu.<\/p>\n<p data-start=\"538\" data-end=\"810\">Darbojas ar <strong data-start=\"552\" data-end=\"583\">850mAh uzl\u0101d\u0113jams akumulators<\/strong>, Tornado 15K nodro\u0161ina konsekventu veiktsp\u0113ju ilgsto\u0161ai lieto\u0161anai. Nikot\u012bna stiprums <strong data-start=\"672\" data-end=\"685\">2% un 5%<\/strong> ir pieejams, apmierinot da\u017e\u0101das preferences, kam\u0113r <strong data-start=\"746\" data-end=\"773\">uzlabotais gaisa pl\u016bsmas sist\u0113ma<\/strong> nodro\u0161ina gludas, apmierino\u0161as ieelpas.<\/p>\n<p data-start=\"812\" data-end=\"980\">Kompakts un p\u0101rn\u0113s\u0101jams, Randm Tornado 15000 ir izstr\u0101d\u0101ts ikdienas lieto\u0161anai bez apkope, padarot to par gudru izv\u0113li vairumtirdzniec\u012bbas un vape veikaliem vis\u0101 Latvij\u0101.<\/p>\n<p><img fetchpriority=\"high\" decoding=\"async\" class=\"alignleft wp-image-3135\" src=\"https:\/\/vapestornado.com\/wp-content\/uploads\/2024\/12\/Randm-disposable-vape-puffs-15000.jpg\" alt=\"Randm vienreizlietojamais vape puffs 15000\" width=\"520\" height=\"520\" srcset=\"https:\/\/vapestornado.com\/wp-content\/uploads\/2024\/12\/Randm-disposable-vape-puffs-15000.jpg 800w, https:\/\/vapestornado.com\/wp-content\/uploads\/2024\/12\/Randm-disposable-vape-puffs-15000-300x300.jpg 300w, https:\/\/vapestornado.com\/wp-content\/uploads\/2024\/12\/Randm-disposable-vape-puffs-15000-150x150.jpg 150w, https:\/\/vapestornado.com\/wp-content\/uploads\/2024\/12\/Randm-disposable-vape-puffs-15000-768x768.jpg 768w, https:\/\/vapestornado.com\/wp-content\/uploads\/2024\/12\/Randm-disposable-vape-puffs-15000-600x600.jpg 600w, https:\/\/vapestornado.com\/wp-content\/uploads\/2024\/12\/Randm-disposable-vape-puffs-15000-100x100.jpg 100w\" sizes=\"(max-width: 520px) 100vw, 520px\" \/><\/p>\n<p style=\"padding-left: 40px;\">\u00a0<img decoding=\"async\" class=\"wp-image-3124 alignleft\" src=\"https:\/\/vapestornado.com\/wp-content\/uploads\/2024\/12\/LYN-whatsapp-846x1024.jpg\" alt=\"LYN WhatsApp\" width=\"290\" height=\"351\" srcset=\"https:\/\/vapestornado.com\/wp-content\/uploads\/2024\/12\/LYN-whatsapp-846x1024.jpg 846w, https:\/\/vapestornado.com\/wp-content\/uploads\/2024\/12\/LYN-whatsapp-248x300.jpg 248w, https:\/\/vapestornado.com\/wp-content\/uploads\/2024\/12\/LYN-whatsapp-768x930.jpg 768w, https:\/\/vapestornado.com\/wp-content\/uploads\/2024\/12\/LYN-whatsapp-600x726.jpg 600w, https:\/\/vapestornado.com\/wp-content\/uploads\/2024\/12\/LYN-whatsapp.jpg 1046w\" sizes=\"(max-width: 290px) 100vw, 290px\" \/><\/p>\n<p><em><strong><span style=\"color: #ff0000;\">Sazinieties ar mani, sken\u0113jot \u0161o kodu, lai uzzin\u0101tu vair\u0101k par pufu<\/span><\/strong><\/em><\/p>\n<p><em><strong>WhatsApp:<a href=\"https:\/\/wa.me\/8617840853976\" target=\"_blank\" rel=\"noopener\">+86178 4085 3976<\/a><\/strong><\/em><\/p>\n<h2><strong>Produkta galven\u0101s \u012bpa\u0161\u012bbas 15k tornado Fumot Vape.<br \/>\n<\/strong><\/h2>\n<p>(1) akumulators\uff1a<span style=\"color: #ff0000;\">850mAh<\/span> uzl\u0101d\u0113jams, lai nodro\u0161in\u0101tu ilgu darb\u012bbas laiku.<\/p>\n<p>(2) Nikot\u012bns\uff1asniedz <span style=\"color: #ff0000;\">2%\/5% nikot\u012bnu<\/span> lai izv\u0113l\u0113tos da\u017e\u0101diem lietot\u0101jiem.<\/p>\n<p>(3) Ie\u0161anas\uff1apied\u0101v\u0101<span style=\"color: #ff0000;\"> 15000 p\u016b\u0161\u013cu<\/span>,var lietot ilgu laiku un nav nepiecie\u0161ama bie\u017ea nomai\u0146a.<\/p>\n<p>(4) <span style=\"color: #ff0000;\">45 gar\u0161as<\/span>: Apmierinot da\u017e\u0101das gar\u0161as preferences. Turkl\u0101t pas\u016bt\u012bjumi ir elast\u012bgi, kad pas\u016btat 50 gab., vari izv\u0113l\u0113ties vismaz 5 gar\u0161as.<\/p>\n<p>(5) Uzl\u0101des ports\uff1a<span style=\"color: #ff0000;\">C tipa<\/span> \u0101tras uzl\u0101des interfeiss, atbalsta uzl\u0101des funkciju.<\/p>\n<h2><strong>K\u0101di 15k Fumot vienreizlietojam\u0101s vape arom\u0101ti ir pieejami?<br \/>\n<\/strong><\/h2>\n<p>1. <em><strong>Zil\u0101 Razz Lemon\u0101de:<\/strong> <\/em>Miks\u0113jums no mellen\u0113m un ave\u0146u ar limon\u0101des piesk\u0101rienu, ide\u0101li piem\u0113rots tiem, kas bauda daudzsl\u0101\u0146ainus, sk\u0101bi-saldus aug\u013cu arom\u0101tus.<br \/>\n2. <em><strong>Persiku ledus:<\/strong> <\/em>Svaiga persika ar dzes\u0113jo\u0161u efektu, m\u016b\u017e\u012bgs un atsvaidzino\u0161s izv\u0113le.<br \/>\n3. <em><strong>Sk\u0101b\u0101 \u0101bols:<\/strong><\/em> As\u0101 un sk\u0101b\u0101 za\u013c\u0101 \u0101bola gar\u0161a, ide\u0101li piem\u0113rota sk\u0101bo, uzmundrino\u0161o arom\u0101tu cien\u012bt\u0101jiem.<br \/>\n4. <em><strong>\u016adensmelones ledus:<\/strong><\/em> Salds \u016bdensmelone ar ledus beigu piesk\u0101rienu, vasaras favor\u012bts.<br \/>\n5. <strong><em>Mellenes ar ledu:<\/em><\/strong> Drosm\u012bga mellenes gar\u0161a ar v\u0113su mentola piesk\u0101rienu, bag\u0101ta un atsvaidzino\u0161a.<br \/>\n6. <strong><em>Mellenes un ave\u0146u:<\/em><\/strong> Sald\u0101s mellenes un sk\u0101b\u0101s ave\u0146u l\u012bdzsvars, pied\u0101v\u0101jot dzi\u013cumu un daudzveid\u012bbu.<br \/>\n7. <em><strong>Anan\u0101ss ledus:<\/strong> <\/em>Tropiskais anan\u0101sis ar sald\u0113jo\u0161u piesk\u0101rienu, lieliski piem\u0113rots eksotisko arom\u0101tu m\u012b\u013cot\u0101jiem.<br \/>\n8. <strong><em>\u0136irsis:<\/em> <\/strong>Skaidra, intens\u012bva \u0137ir\u0161u gar\u0161a, klasiska izv\u0113le aug\u013cu entuziastiem.<br \/>\n9. <em><strong>Zeme\u0146u ledus:<\/strong> <\/em>Sald\u0101s zemenes ar dzes\u0113jo\u0161u beigu, vienk\u0101r\u0161i, bet apmierino\u0161i.<br \/>\n10.<em><strong> Vimto:<\/strong> <\/em>Iedvesmots no klasisk\u0101 britu dz\u0113riena, mais\u012bjums no da\u017e\u0101d\u0101m og\u0101m, kas rada nostal\u0123isku, bet unik\u0101lu gar\u0161u.<br \/>\n11. <em><strong>V\u012bnogu ledus:<\/strong><\/em> Salds, sul\u012bgs v\u012bnogu ar mentola dzes\u0113jo\u0161u efektu, gan klasika, gan atsvaidzino\u0161i.<br \/>\n12. <strong><em>Cola Ice:<\/em> <\/strong>G\u0101z\u0113ta kola ar atsvaidzino\u0161u piesk\u0101rienu, ide\u0101li piem\u0113rota nostalgiskiem g\u0101z\u0113to dz\u0113rienu m\u012b\u013cot\u0101jiem.<br \/>\n13. <strong><em>Avenes Arb\u016bzs:<\/em><\/strong> Saska\u0146ots sald\u0101s avenes un sul\u012bg\u0101 arb\u016bza sajaukums, gluds un pat\u012bkams.<br \/>\n14. <strong><em>Roz\u0101 Limondr\u0113:<\/em><\/strong> Avenes vai ave\u0146u inf\u016bzija limon\u0101d\u0113 ar sk\u0101bu, zesty noti, ener\u0123iz\u0113jo\u0161a un svaiga.<br \/>\n15. <em><strong>Miks\u0113tas ogas:<\/strong><\/em> Ogu medley ar saldu un sk\u0101bu l\u012bdzsvaru, ide\u0101li piem\u0113rots tiem, kas mekl\u0113 da\u017e\u0101d\u012bbu.<br \/>\n16. <strong><em>Aprikoze Mango:<\/em><\/strong> Galven\u0101 tropu kombin\u0101cija, bag\u0101ta, sul\u012bga un salda.<br \/>\n17. <strong><em>P\u016b\u0137a aug\u013ci:<\/em><\/strong> P\u0101rdom\u0101ts un eksotisks tropu aug\u013cu arom\u0101ts, pievilc\u012bgs drosm\u012bg\u0101m gar\u0161as k\u0101rpi\u0146\u0101m.<br \/>\n18. <strong><em>Zemenes V\u012bnogas:<\/em><\/strong> Saldas zemenes apvienotas ar bag\u0101t\u012bg\u0101m v\u012bnog\u0101m, bag\u0101ta un daudzsl\u0101\u0146aina pieredze.<br \/>\n19. <em><strong>Mr Blue:<\/strong> <\/em>Apvienojums no drosm\u012bg\u0101m ogu gar\u0161\u0101m, dz\u012bv\u012bgas un baud\u0101mas.<br \/>\n20. <strong><em>Sul\u012bgs ledus:<\/em><\/strong> Klasiska arb\u016bza ar v\u0113su mentola fini\u0161u, ide\u0101ls karst\u0101m dien\u0101m.<br \/>\n21. <strong><em>Ledus sald\u0113jums:<\/em> <\/strong>Salds un auksts, atg\u0101dina b\u0113rn\u012bbas sald\u0113jumus, lieliski piem\u0113rots nostal\u0123ijai.<br \/>\n22. <em><strong>Zemenes Kivi:<\/strong><\/em> Saldas zemenes satiekas ar sk\u0101bo kivi, radot l\u012bdzsvarotu, atsvaidzino\u0161u profilu.<br \/>\n23. <strong><em>Kivi, Passijas aug\u013ci, Guava:<\/em> <\/strong>Tropu trio, kas sniedz saldu, sk\u0101bu un eksotisku gar\u0161as piedz\u012bvojumu.<br \/>\n24. <em><strong>Tr\u012bs ogas:<\/strong><\/em> Bag\u0101ta zeme\u0146u, melle\u0146u un ave\u0146u mais\u012bjums, augl\u012bgs un arom\u0101tisks.<br \/>\n25. <em><strong>Ban\u0101nu ledus:<\/strong> <\/em>Kr\u0113m\u012bga ban\u0101nu ar ledus piesk\u0101rienu, baud\u0101ma un atsvaidzino\u0161a.<br \/>\n26. <strong><em>\u0136ir\u0161u Persiku Zemenes konfekte:<\/em><\/strong> Sajaukums no sul\u012bga persika, zemen\u0113m un konfek\u0161u salduma, ide\u0101ls desertu m\u012b\u013cot\u0101jiem.<br \/>\n27. <em><strong>\u0100bols, Persiks, Bumbieris:<\/strong><\/em> Delik\u0101ts \u0101bolu, persiku un bumbieru mais\u012bjums, svaigs un dab\u012bgi salds.<br \/>\n28. <em><strong>Ogu Limon\u0101de:<\/strong><\/em> Sk\u0101bi ogas ar limon\u0101des dzirksti, gan saldas, gan ener\u0123iskas.<br \/>\n29. <em><strong>Zil\u0101 Razz \u010cerrija:<\/strong> <\/em>Saldas un sk\u0101bas ogas sajauktas ar sul\u012bgu \u010derri, drosm\u012bgas un bag\u0101tas.<br \/>\n30. <strong><em>Zil\u0101 Mellenes Bubli\u0146\u0161:<\/em><\/strong> Melle\u0146u un bubli\u0146a mais\u012bjums, nostal\u0123isks un jautrs jaun\u0101kiem auditorijas locek\u013ciem.<br \/>\n31. <strong><em>Zil\u0101 Melle\u0146u \u010cerrija \u0136irbju s\u0113ne:<\/em><\/strong> Tr\u012bsk\u0101r\u0161a ogu spr\u0101dziena sajaukums ar drosm\u012bg\u0101m, sk\u0101b\u0101m un sald\u0101m not\u012bm, ide\u0101li piem\u0113rots nobriedu\u0161\u0101m gaum\u0113m.<br \/>\n32. <strong><em>Zil\u0101 Melle\u0146u Gran\u0101t\u0101bols:<\/em><\/strong> Sul\u012bgas mellenes satiekas ar sk\u0101bo gran\u0101t\u0101bolu, krauk\u0161\u0137\u012bgs un atsvaidzino\u0161s.<br \/>\n33. <strong><em>Zil\u0101 Sarkan\u0101 \u0136ir\u0161u Rabarbers:<\/em><\/strong> Sk\u0101b-salds kombin\u0101cija ar zilaj\u0101m \u0137ir\u0161u og\u0101m, sk\u0101ba un drosm\u012bga.<br \/>\n34. <em><strong>\u0136ir\u0161u Kolas:<\/strong><\/em> Klasiska kola ar \u0137ir\u0161u akcentu, burbu\u013cojo\u0161a un nostal\u0123iska.<br \/>\n35. <strong><em>L\u0101c\u012b\u0161u konfekte:<\/em><\/strong> Salds konfek\u0161u arom\u0101ts, kas ir jautrs un izklaid\u0113jo\u0161s, ide\u0101ls cukurotu na\u0161\u0137u cien\u012bt\u0101jiem.<br \/>\n36. <strong><em>Citronu un Laima:<\/em> <\/strong>As\u0101, citrusaug\u013cu sajaukums, krauk\u0161\u0137\u012bgs un atsvaidzino\u0161s tiem, kas m\u012bl sk\u0101bas gar\u0161as.<br \/>\n37. <em><strong>Mango ar ledu:<\/strong><\/em> Sul\u012bgs tropu mango ar mentola dzes\u0113\u0161anu, l\u012bdzsvarots un uzmundrino\u0161s.<br \/>\n38. <em><strong>Sarkanais Ener\u0123ijas Ledus:<\/strong><\/em> Iedvesmots no ener\u0123ijas dz\u0113rieniem, ar aukstu fini\u0161u, ener\u0123iz\u0113jo\u0161s un drosm\u012bgs.<br \/>\n39. <em><strong>Zemenes Ban\u0101ns:<\/strong><\/em> Sald\u0101s zemenes apvienotas ar kr\u0113m\u012bgu ban\u0101nu, radot gludu, desertam l\u012bdz\u012bgu pieredzi.<br \/>\n40. <strong><em>Zemenes Red Bull:<\/em> <\/strong>Zeme\u0146u saldums apvienots ar ener\u0123ijas dz\u0113riena dzirksti, spilgti un uzmundrino\u0161i.<br \/>\n41. <strong><em>Zeme\u0146u Arb\u016bzs Limondr\u0101\u017ea:<\/em><\/strong> Atjaunojo\u0161a zeme\u0146u, arb\u016bza un limon\u0101des kombin\u0101cija, sare\u017e\u0123\u012bta, bet l\u012bdzsvarota.<br \/>\n42. <strong><em>Ledus T\u0113ja Citrona Ledus:<\/em><\/strong> Citrona ledus t\u0113jas gar\u0161a ar dzes\u0113jo\u0161\u0101m not\u012bm, ide\u0101li piem\u0113rota t\u0113jas entuziastiem.<br \/>\n43. <strong><em>Ledus T\u0113ja Persiku Ledus:<\/em> <\/strong>Salds persiku ledus t\u0113jas mais\u012bjums, maigs un atsvaidzino\u0161s.<br \/>\n44. <strong><em>Fizzy Cherry:<\/em><\/strong> \u0137ir\u0161u soda saj\u016btas ar burbu\u013cojo\u0161u, sk\u0101bu malu, drosm\u012bga un rota\u013c\u012bga.<br \/>\n45. <em><strong>Skittles:<\/strong> <\/em>Pild\u012bta ar aug\u013cu konfek\u0161u saldumu, varav\u012bksne ar gar\u0161\u0101m vien\u0101 p\u016bsl\u012b.<\/p>\n<div class=\"flex-shrink-0 flex flex-col relative items-end\">\n<div class=\"pt-0\">\n<div class=\"gizmo-bot-avatar flex h-8 w-8 items-center justify-center overflow-hidden rounded-full\">\n<div class=\"relative p-1 rounded-sm flex items-center justify-center bg-token-main-surface-primary text-token-text-primary h-8 w-8\">\n<h2><strong>BUJ:<\/strong><\/h2>\n<h4>J: K\u0101p\u0113c izv\u0113l\u0113ties Fumot RANDM Tornado 15000 puffs vienreizlietojamu vape?<\/h4>\n<p><span style=\"color: #000000;\"><b>A\uff1a<\/b><\/span>Izv\u0113lieties Fumot RANDM Tornado 30000 pufus ilgam, arom\u0101tiskam un bezr\u016bp\u012bgam vaping. Ide\u0101li lielapjoma pirkumiem.<\/p>\n<h4>J: K\u0101da ir Fumot vienreizlietojam\u0101 15k vape minim\u0101l\u0101 pas\u016bt\u012bjuma daudzuma norma?<\/h4>\n<p><span style=\"color: #000000;\"><b>A\uff1a<\/b><\/span>Fumot 15k Tornado vienreizlietojam\u0101 vape minim\u0101lais pas\u016bt\u012bjums ir 50 gabali, jo vair\u0101k pas\u016bt\u0101t, jo lab\u0101ku cenu sa\u0146emat.<\/p>\n<h4>J: Atlaides pieaugums ar pas\u016bt\u012bjumu skaitu?<\/h4>\n<p><span style=\"color: #000000;\"><b>A\uff1a<\/b>M\u0113s pied\u0101v\u0101jam atlaidi jau \u013coti zem\u0101 cen\u0101, un cena nemain\u012bsies ar pas\u016bt\u012bjuma apjoma palielin\u0101\u0161anos.\u00a0<\/span><\/p>\n<h4>J: Vai varat pats izsekot s\u016bt\u012bjumu?<\/h4>\n<p><strong><span style=\"color: #000000;\"><b>A\uff1a<\/b><\/span><\/strong><span style=\"color: #000000;\">J\u0101, kad s\u016bt\u012bjums ir nos\u016bt\u012bts, m\u0113s jums nos\u016bt\u012bsim izseko\u0161anas numuru <\/span><span style=\"color: #000000;\">lai j\u016bs var\u0113tu p\u0101rbaud\u012bt t\u0101s statusu.\u00a0<\/span><\/p>\n<\/div>\n<\/div>\n<\/div>\n<\/div>","protected":false},"excerpt":{"rendered":"<p><em><strong>Randm 15k vienreizlietojams tornado vape, kas pied\u0101v\u0101 15 000 ieelpas un 45 gar\u0161as izv\u0113lei. <\/strong><\/em><em><strong>Mums ir 2% vai 5% nikot\u012bna l\u012bmenis, ko var izv\u0113l\u0113ties Fumot 30k vape. Turkl\u0101t m\u0113s p\u0101rdodam lielapjoma cenu un sniedzam lab\u0101ko servisu.<\/strong><\/em><\/p>\n<figure id=\"attachment_3124\" aria-describedby=\"caption-attachment-3124\" style=\"width: 248px\" class=\"wp-caption alignleft\"><img decoding=\"async\" class=\"size-medium wp-image-3124\" src=\"https:\/\/vapestornado.com\/wp-content\/uploads\/2024\/12\/LYN-whatsapp-248x300.jpg\" alt=\"LYN WhatsApp\" width=\"248\" height=\"300\" srcset=\"https:\/\/vapestornado.com\/wp-content\/uploads\/2024\/12\/LYN-whatsapp-248x300.jpg 248w, https:\/\/vapestornado.com\/wp-content\/uploads\/2024\/12\/LYN-whatsapp-846x1024.jpg 846w, https:\/\/vapestornado.com\/wp-content\/uploads\/2024\/12\/LYN-whatsapp-768x930.jpg 768w, https:\/\/vapestornado.com\/wp-content\/uploads\/2024\/12\/LYN-whatsapp-600x726.jpg 600w, https:\/\/vapestornado.com\/wp-content\/uploads\/2024\/12\/LYN-whatsapp.jpg 1046w\" sizes=\"(max-width: 248px) 100vw, 248px\" \/><figcaption id=\"caption-attachment-3124\" class=\"wp-caption-text\"><a href=\"https:\/\/wa.me\/8617840853976\"><em><strong>Sazinieties ar Lyn, lai uzzin\u0101tu vair\u0101k par pufiem<\/strong><\/em><\/a><\/figcaption><\/figure>","protected":false},"featured_media":3140,"comment_status":"open","ping_status":"closed","template":"","meta":{"_acf_changed":false,"_uag_custom_page_level_css":"","_lmt_disableupdate":"no","_lmt_disable":"","_monsterinsights_skip_tracking":false,"_monsterinsights_sitenote_active":false,"_monsterinsights_sitenote_note":"","_monsterinsights_sitenote_category":0,"site-sidebar-layout":"default","site-content-layout":"","ast-site-content-layout":"default","site-content-style":"default","site-sidebar-style":"default","ast-global-header-display":"","ast-banner-title-visibility":"","ast-main-header-display":"","ast-hfb-above-header-display":"","ast-hfb-below-header-display":"","ast-hfb-mobile-header-display":"","site-post-title":"","ast-breadcrumbs-content":"","ast-featured-img":"","footer-sml-layout":"","ast-disable-related-posts":"","theme-transparent-header-meta":"default","adv-header-id-meta":"","stick-header-meta":"","header-above-stick-meta":"","header-main-stick-meta":"","header-below-stick-meta":"","astra-migrate-meta-layouts":"set","ast-page-background-enabled":"default","ast-page-background-meta":{"desktop":{"background-color":"","background-image":"","background-repeat":"repeat","background-position":"center center","background-size":"auto","background-attachment":"scroll","background-type":"","background-media":"","overlay-type":"","overlay-color":"","overlay-opacity":"","overlay-gradient":""},"tablet":{"background-color":"","background-image":"","background-repeat":"repeat","background-position":"center center","background-size":"auto","background-attachment":"scroll","background-type":"","background-media":"","overlay-type":"","overlay-color":"","overlay-opacity":"","overlay-gradient":""},"mobile":{"background-color":"","background-image":"","background-repeat":"repeat","background-position":"center center","background-size":"auto","background-attachment":"scroll","background-type":"","background-media":"","overlay-type":"","overlay-color":"","overlay-opacity":"","overlay-gradient":""}},"ast-content-background-meta":{"desktop":{"background-color":"var(--ast-global-color-5)","background-image":"","background-repeat":"repeat","background-position":"center center","background-size":"auto","background-attachment":"scroll","background-type":"","background-media":"","overlay-type":"","overlay-color":"","overlay-opacity":"","overlay-gradient":""},"tablet":{"background-color":"var(--ast-global-color-5)","background-image":"","background-repeat":"repeat","background-position":"center center","background-size":"auto","background-attachment":"scroll","background-type":"","background-media":"","overlay-type":"","overlay-color":"","overlay-opacity":"","overlay-gradient":""},"mobile":{"background-color":"var(--ast-global-color-5)","background-image":"","background-repeat":"repeat","background-position":"center center","background-size":"auto","background-attachment":"scroll","background-type":"","background-media":"","overlay-type":"","overlay-color":"","overlay-opacity":"","overlay-gradient":""}},"_joinchat":{"telephone":"17776015835"}},"product_brand":[],"product_cat":[19,71,58],"product_tag":[79,83,81,77,78,114],"class_list":{"0":"post-3142","1":"product","2":"type-product","3":"status-publish","4":"has-post-thumbnail","6":"product_cat-vapes","7":"product_cat-15000-puff","8":"product_cat-fumot-vape","9":"product_tag-fumot-15k","10":"product_tag-fumot-vape","11":"product_tag-randm-15000","12":"product_tag-randm-tornado-15000","13":"product_tag-randm-vape","14":"product_tag-tornado-vape","15":"desktop-align-left","16":"tablet-align-left","17":"mobile-align-left","19":"first","20":"instock","21":"sale","22":"shipping-taxable","23":"purchasable","24":"product-type-simple"},"acf":[],"uagb_featured_image_src":{"full":["https:\/\/vapestornado.com\/wp-content\/uploads\/2024\/12\/Randm-disposable-vape-15k-puffs.jpg",800,800,false],"thumbnail":["https:\/\/vapestornado.com\/wp-content\/uploads\/2024\/12\/Randm-disposable-vape-15k-puffs-150x150.jpg",150,150,true],"medium":["https:\/\/vapestornado.com\/wp-content\/uploads\/2024\/12\/Randm-disposable-vape-15k-puffs-300x300.jpg",300,300,true],"medium_large":["https:\/\/vapestornado.com\/wp-content\/uploads\/2024\/12\/Randm-disposable-vape-15k-puffs-768x768.jpg",768,768,true],"large":["https:\/\/vapestornado.com\/wp-content\/uploads\/2024\/12\/Randm-disposable-vape-15k-puffs.jpg",800,800,false],"1536x1536":["https:\/\/vapestornado.com\/wp-content\/uploads\/2024\/12\/Randm-disposable-vape-15k-puffs.jpg",800,800,false],"2048x2048":["https:\/\/vapestornado.com\/wp-content\/uploads\/2024\/12\/Randm-disposable-vape-15k-puffs.jpg",800,800,false],"trp-custom-language-flag":["https:\/\/vapestornado.com\/wp-content\/uploads\/2024\/12\/Randm-disposable-vape-15k-puffs.jpg",12,12,false],"woocommerce_thumbnail":["https:\/\/vapestornado.com\/wp-content\/uploads\/2024\/12\/Randm-disposable-vape-15k-puffs-300x300.jpg",300,300,true],"woocommerce_single":["https:\/\/vapestornado.com\/wp-content\/uploads\/2024\/12\/Randm-disposable-vape-15k-puffs-600x600.jpg",600,600,true],"woocommerce_gallery_thumbnail":["https:\/\/vapestornado.com\/wp-content\/uploads\/2024\/12\/Randm-disposable-vape-15k-puffs-100x100.jpg",100,100,true]},"uagb_author_info":{"display_name":"ESLYN","author_link":"https:\/\/vapestornado.com\/lv\/author\/"},"uagb_comment_info":0,"uagb_excerpt":"Randm 15k disaposable tornado vape that can offer 15,000 puffs and 45 flavors to choose. We have 2% or 5% Nicotine level can be choose in Fumot 15k vapes. Beside,we are sale Bulk price and have best service. [caption id=\"attachment_3124\" align=\"alignleft\" width=\"248\"] Contact Lyn to know more about puffs[\/caption]","_links":{"self":[{"href":"https:\/\/vapestornado.com\/lv\/wp-json\/wp\/v2\/product\/3142","targetHints":{"allow":["GET"]}}],"collection":[{"href":"https:\/\/vapestornado.com\/lv\/wp-json\/wp\/v2\/product"}],"about":[{"href":"https:\/\/vapestornado.com\/lv\/wp-json\/wp\/v2\/types\/product"}],"replies":[{"embeddable":true,"href":"https:\/\/vapestornado.com\/lv\/wp-json\/wp\/v2\/comments?post=3142"}],"wp:featuredmedia":[{"embeddable":true,"href":"https:\/\/vapestornado.com\/lv\/wp-json\/wp\/v2\/media\/3140"}],"wp:attachment":[{"href":"https:\/\/vapestornado.com\/lv\/wp-json\/wp\/v2\/media?parent=3142"}],"wp:term":[{"taxonomy":"product_brand","embeddable":true,"href":"https:\/\/vapestornado.com\/lv\/wp-json\/wp\/v2\/product_brand?post=3142"},{"taxonomy":"product_cat","embeddable":true,"href":"https:\/\/vapestornado.com\/lv\/wp-json\/wp\/v2\/product_cat?post=3142"},{"taxonomy":"product_tag","embeddable":true,"href":"https:\/\/vapestornado.com\/lv\/wp-json\/wp\/v2\/product_tag?post=3142"}],"curies":[{"name":"wp","href":"https:\/\/api.w.org\/{rel}","templated":true}]}}