{"id":3132,"date":"2024-12-13T09:10:35","date_gmt":"2024-12-13T09:10:35","guid":{"rendered":"https:\/\/vapestornado.com\/?post_type=product&#038;p=3132"},"modified":"2025-08-23T10:04:00","modified_gmt":"2025-08-23T10:04:00","slug":"vapsolo-twins-20000-double-flavour-rechargeable-disposable-vape-wholesale-price","status":"publish","type":"product","link":"https:\/\/vapestornado.com\/lv\/product\/vapsolo-twins-20000-double-flavour-rechargeable-disposable-vape-wholesale-price\/","title":{"rendered":"Vapsolo Twins 20000 Divk\u0101r\u0161a arom\u0101ta uzl\u0101d\u0113jama vienreiz\u0113j\u0101s lieto\u0161anas Vape Vairumtirdzniec\u012bbas cena"},"content":{"rendered":"<h1 class=\"product-title\">Vapsolo Twins 20000 Divk\u0101r\u0161a arom\u0101ta uzl\u0101d\u0113jama vienreiz\u0113j\u0101s lieto\u0161anas Vape Vairumtirdzniec\u012bbas cena<\/h1>\n<p data-start=\"319\" data-end=\"581\">T\u0101 <strong data-start=\"323\" data-end=\"377\">Vapsolo Twins 20000 Divu Gar\u0161u Vienreiz\u0113j\u0101s Lieto\u0161anas Vape<\/strong> ir paredz\u0113ts mazumtirgot\u0101jiem un vairumtirgot\u0101jiem, kuriem nepiecie\u0161ami uzticami, ilgsto\u0161i kr\u0101jumi. Ar l\u012bdz pat <strong data-start=\"470\" data-end=\"497\">20 000 uzp\u016btieniem vien\u0101 ier\u012bc\u0113<\/strong> un <strong data-start=\"504\" data-end=\"526\">25 ml e-\u0161\u0137idruma tvertne<\/strong>, tas pied\u0101v\u0101 ilgsto\u0161u lieto\u0161anu un sp\u0113c\u012bgu t\u0101l\u0101kp\u0101rdo\u0161anas potenci\u0101lu.<\/p>\n<p data-start=\"583\" data-end=\"946\">T\u0101 <strong data-start=\"587\" data-end=\"612\">divu gar\u0161u sist\u0113ma<\/strong> \u013cauj klientiem p\u0101rsl\u0113gties starp diviem mais\u012bjumiem vien\u0101 ier\u012bc\u0113, padarot to pievilc\u012bg\u0101ku pirc\u0113jiem, kuri v\u0113las da\u017e\u0101d\u012bbu, nen\u0113s\u0101jot vair\u0101kus veipus. The <strong data-start=\"759\" data-end=\"783\">acu spoles tehnolo\u0123ija<\/strong> nodro\u0161ina vienm\u0113r\u012bgu tvaiku un nemain\u012bgu gar\u0161u, savuk\u0101rt <strong data-start=\"837\" data-end=\"868\">650mAh uzl\u0101d\u0113jams akumulators<\/strong> ar <strong data-start=\"874\" data-end=\"898\">C tipa \u0101tr\u0101 uzl\u0101de<\/strong> nodro\u0161ina stabilu veiktsp\u0113ju l\u012bdz p\u0113d\u0113jam pilienam.<\/p>\n<p data-start=\"948\" data-end=\"1202\">Pieejams <strong data-start=\"961\" data-end=\"993\">2% un 5% nikot\u012bna stiprumi<\/strong>, tad <strong data-start=\"999\" data-end=\"1025\">Vapsolo Dv\u012b\u0146i 20K Vape<\/strong> apmierina da\u017e\u0101das klientu v\u0113lmes. Ar konkur\u0113tsp\u0113j\u012bgu <strong data-start=\"1085\" data-end=\"1106\">vairumtirdzniec\u012bbas cen\u0101m<\/strong> un sp\u0113c\u012bgu tirgus piepras\u012bjumu, t\u0101 ir gudra izv\u0113le maziem veikaliem un izplat\u012bt\u0101jiem vis\u0101 Eirop\u0101<\/p>\n<p><strong>Pievienojiet Eimijas Whatsapp, lai sa\u0146emtu pareizo atbildi un vape kuponu!<\/strong><\/p>\n<p><img fetchpriority=\"high\" decoding=\"async\" class=\"size-full wp-image-2932\" src=\"https:\/\/vapestornado.com\/wp-content\/uploads\/2024\/12\/Vape-Wholesale.jpg\" alt=\"Veipu Vairumtirdzniec\u012bba\" width=\"229\" height=\"300\" \/><\/p>\n<h3><a href=\"https:\/\/wa.me\/8617776015835\" target=\"_blank\" rel=\"noopener\"><span style=\"color: #ff0000;\"><strong>WhatsApp: +86 17776015835<\/strong><\/span><\/a><\/h3>\n<p>&nbsp;<\/p>\n<h2><strong>Vapsolo Twins 20000 produkta \u012bpa\u0161\u012bbas<\/strong><\/h2>\n<div role=\"article\" data-tabster=\"{&quot;groupper&quot;:{&quot;tabbability&quot;:2},&quot;focusable&quot;:{}}\" data-content=\"ai-message\" aria-labelledby=\"juhNTJ6o7Gk1cgwZMJgv2-author juhNTJ6o7Gk1cgwZMJgv2-content\">\n<div id=\"juhNTJ6o7Gk1cgwZMJgv2-content\">\n<div role=\"article\" data-tabster=\"{&quot;groupper&quot;:{&quot;tabbability&quot;:2},&quot;focusable&quot;:{}}\" data-content=\"ai-message\" aria-labelledby=\"x4EZuCZWrTbh3weWUt7CU-author x4EZuCZWrTbh3weWUt7CU-content\">\n<div id=\"x4EZuCZWrTbh3weWUt7CU-content\">\n<h3><\/h3>\n<ol>\n<li><strong>Dubult\u0101 gar\u0161as baud\u012bjums:<\/strong> Divu tvert\u0146u sist\u0113ma div\u0101m gar\u0161\u0101m vien\u0101 iztvaic\u0113t\u0101j\u0101.<\/li>\n<li><strong>Milz\u012bgs dvesienu skaits:<\/strong> Pied\u0101v\u0101 iespaid\u012bgu <strong>20 000 uzp\u016btieniem<\/strong>.<\/li>\n<li><strong>Uzl\u0101d\u0113jams akumulators:<\/strong> Ilgsto\u0161s 650 mAh akumulators ar Type-C uzl\u0101di.<\/li>\n<li><strong>D\u0101sna e-\u0161\u0137idruma ietilp\u012bba:<\/strong> <strong>25 ml iepriek\u0161 uzpild\u012btas tvertnes<\/strong> pagarin\u0101tai lieto\u0161anai.<\/li>\n<li><strong>Nikot\u012bna stipruma opcijas:<\/strong> Izv\u0113lieties starp <strong>2% vai 5%<\/strong> nikot\u012bna l\u012bme\u0146iem.<\/li>\n<li><strong>Sieta spir\u0101les tehnolo\u0123ija:<\/strong> Nodro\u0161ina vienm\u0113r\u012bgu un arom\u0101tisku tvaiku ra\u017eo\u0161anu.<\/li>\n<li><strong>Regul\u0113jama gaisa pl\u016bsma:<\/strong> Piel\u0101gojiet tvaiku intensit\u0101ti atbilsto\u0161i savam stilam.<\/li>\n<li><strong>Lietot\u0101jam draudz\u012bgs dizains:<\/strong> Iesl\u0113g\u0161anas sist\u0113ma ar ieelpu \u0113rtai un vienk\u0101r\u0161ai iztvaic\u0113\u0161anai.<\/li>\n<li><strong>Kompakts<\/strong> Stil\u012bgs dizains, kas lieliski piem\u0113rots lietot\u0101jiem, kuri ir ce\u013c\u0101.<\/li>\n<li><strong>Viedais displeja ekr\u0101ns:<\/strong> Re\u0101llaika atjaunin\u0101jumi par akumulatora darb\u012bbas laiku un uzp\u016btienu skaitu.<\/li>\n<\/ol>\n<\/div>\n<\/div>\n<\/div>\n<\/div>\n<h2 class=\"product-title\"><strong>Vapsolo Twins 20000 gar\u0161u saraksts<\/strong><\/h2>\n<p>1.Citronlaims<br \/>\n2.V\u012bnogu ledus<br \/>\n3.Anan\u0101su kokosrieksts<br \/>\n4.Apels\u012bnu mango arb\u016bzs<br \/>\n5.Melle\u0146u ledus<br \/>\n6.Arb\u016bzu ledus<br \/>\n7. Zeme\u0146u ban\u0101ns<br \/>\n8. Zeme\u0146u ave\u0146u \u0137ir\u0161u ledus<br \/>\n9. Zilo ave\u0146u limon\u0101de<br \/>\n10. Arb\u016bzu ledus<br \/>\n11. Tr\u012bsk\u0101r\u0161s melone<br \/>\n12. Melnais ledus p\u016b\u0137a aug\u013cu zeme\u0146u<br \/>\n13. Anan\u0101su kokosrieksts<br \/>\n14. Zeme\u0146u ledus<br \/>\n15. Zeme\u0146u kivi<br \/>\n16. Tr\u012bsk\u0101r\u0161s melone<\/p>\n<h3>K\u0101p\u0113c izv\u0113l\u0113ties vapestornado Vapsolo Twins 20k Puff Vape vairumtirdzniec\u012bbai?<\/h3>\n<div class=\"flex-shrink-0 flex flex-col relative items-end\">\n<div class=\"pt-0\">\n<div class=\"gizmo-bot-avatar flex h-8 w-8 items-center justify-center overflow-hidden rounded-full\">\n<div class=\"relative p-1 rounded-sm flex items-center justify-center bg-token-main-surface-primary text-token-text-primary h-8 w-8\">\n<p>Laipni l\u016bdzam vapestornado, j\u016bsu uzticamaj\u0101 tie\u0161saistes vape veikal\u0101, kur\u0101 var ieg\u0101d\u0101ties augst\u0101k\u0101s kvalit\u0101tes vienreiz\u0113j\u0101s lieto\u0161anas vapes. Ar vair\u0101k nek\u0101 5 gadu pieredzi m\u0113s pied\u0101v\u0101jam popul\u0101rus vienreiz\u0113j\u0101s lieto\u0161anas vape z\u012bmolus, piem\u0113ram, Fumot RandM Vape, <a href=\"https:\/\/vapestornado.com\/lv\/product\/vapme-crystal-7000-puffs-rechargeable-disposable-vape-wholesale-cheap-price\/\">Vapme<\/a>, Bang Vape, Waspe Vape un WGA Vape, u.c.<\/p>\n<p>M\u016bsu kl\u0101st\u0101 ir iek\u013cauti karstie izp\u0101rdo\u0161anas veipi, piem\u0113ram, <a href=\"https:\/\/vapestornado.com\/lv\/product\/fumot-randm-tornado-15000-puffs-rechargeable-disposable-vape-wholesale\/\">RandM Tornado 15000<\/a>, un bag\u0101t\u012bgas gar\u0161as izv\u0113les, piem\u0113ram, <a href=\"https:\/\/vapestornado.com\/lv\/product\/waspe-40000-puffs-double-flavour-led-display-disposable-vape-wholesale\/\">WASPE dubult\u0101s gar\u0161as 40000 uzp\u016btienu<\/a> . Katrs produkts ir izv\u0113l\u0113ts, koncentr\u0113joties uz kvalit\u0101ti, v\u0113rt\u012bbu un daudzveid\u012bbu, nodro\u0161inot, ka j\u016bs atrad\u012bsiet perfektu atbilst\u012bbu sav\u0101m vajadz\u012bb\u0101m. Atkl\u0101jiet izcilu servisu un pla\u0161u popul\u0101r\u0101ko produktu kl\u0101stu par vairumtirdzniec\u012bbas cen\u0101m vietn\u0113 vapestornado.<\/p>\n<\/div>\n<h3><\/h3>\n<div class=\"relative p-1 rounded-sm flex items-center justify-center bg-token-main-surface-primary text-token-text-primary h-8 w-8\">\n<h3>BUJ par Vapsolo 20k Puff vienreiz\u0113j\u0101s lieto\u0161anas vape<\/h3>\n<\/div>\n<\/div>\n<\/div>\n<\/div>\n<div class=\"flex-shrink-0 flex flex-col relative items-end\">\n<div class=\"pt-0\">\n<div class=\"gizmo-bot-avatar flex h-8 w-8 items-center justify-center overflow-hidden rounded-full\">\n<div class=\"relative p-1 rounded-sm flex items-center justify-center bg-token-main-surface-primary text-token-text-primary h-8 w-8\">\n<div class=\"mb-2 flex gap-3 empty:hidden -ml-2\">\n<div role=\"article\" data-tabster=\"{&quot;groupper&quot;:{&quot;tabbability&quot;:2},&quot;focusable&quot;:{}}\" data-content=\"ai-message\" aria-labelledby=\"Vdt5ez4X7Tg813x6rFVha-author Vdt5ez4X7Tg813x6rFVha-content\">\n<div id=\"Vdt5ez4X7Tg813x6rFVha-content\">\n<div role=\"article\" data-tabster=\"{&quot;groupper&quot;:{&quot;tabbability&quot;:2},&quot;focusable&quot;:{}}\" data-content=\"ai-message\" aria-labelledby=\"o968oC7CEo2fGHsGdsRYC-author o968oC7CEo2fGHsGdsRYC-content\">\n<div id=\"o968oC7CEo2fGHsGdsRYC-content\">\n<ol>\n<li><strong>Kas padara Vapsolo Twins 20000 unik\u0101lu?<\/strong><br \/>\nT\u0101 <strong>dubult\u0101s gar\u0161as tvertnes sist\u0113ma<\/strong> \u013cauj baud\u012bt divas at\u0161\u0137ir\u012bgas gar\u0161as vien\u0101 ier\u012bc\u0113, padarot to \u013coti daudzpus\u012bgu.<\/li>\n<li><strong>Cik daudz uzp\u016btienu nodro\u0161ina Vapsolo Twins 20000?<\/strong><br \/>\nTas pied\u0101v\u0101 iespaid\u012bgu <strong>20 000 uzp\u016btieniem<\/strong>, padarot to ide\u0101li piem\u0113rotu ilgsto\u0161ai lieto\u0161anai.<\/li>\n<li><strong>Vai Vapsolo Twins var uzl\u0101d\u0113t?<\/strong><br \/>\nJ\u0101, tam ir <strong>650mAh uzl\u0101d\u0113jams akumulators<\/strong> ar \u0101tru C tipa uzl\u0101di \u0113rtai lieto\u0161anai.<\/li>\n<li><strong>K\u0101das ir pieejam\u0101s nikot\u012bna stipruma opcijas?<\/strong><br \/>\nIer\u012bce ir pieejama <strong>2% un 5% nikot\u012bna l\u012bme\u0146os<\/strong>, kas piem\u0113rots lietot\u0101jiem ar zemu un augstu nikot\u012bna pat\u0113ri\u0146u.<\/li>\n<li><strong>Vai Vapsolo Twins ir piem\u0113rots ies\u0101c\u0113jiem?<\/strong><br \/>\nNoteikti! T\u0101 <strong>vilk\u0161anas aktiviz\u0101cijas sist\u0113ma<\/strong> un vienk\u0101r\u0161\u0101s vad\u012bbas ier\u012bces padara to viegli lietojamu ies\u0101c\u0113jiem, vienlaikus pied\u0101v\u0101jot uzlabotas funkcijas pieredz\u0113ju\u0161iem tvaic\u0113t\u0101jiem.<\/li>\n<\/ol>\n<\/div>\n<\/div>\n<\/div>\n<\/div>\n<p>&nbsp;<\/p>\n<\/div>\n<\/div>\n<\/div>\n<\/div>\n<\/div>\n<div class=\"group\/conversation-turn relative flex w-full min-w-0 flex-col agent-turn\">\n<div class=\"flex-col gap-1 md:gap-3\">\n<div class=\"flex max-w-full flex-col flex-grow\">\n<div class=\"min-h-8 text-message flex w-full flex-col items-end gap-2 whitespace-normal break-words [.text-message+&amp;]:mt-5\" dir=\"auto\" data-message-author-role=\"assistant\" data-message-id=\"db716a1c-9ed0-4b8d-b3b0-7bdb913c3d42\" data-message-model-slug=\"gpt-4o\">\n<div class=\"flex w-full flex-col gap-1 empty:hidden first:pt-[3px]\">\n<div class=\"markdown prose w-full break-words dark:prose-invert light\">\n<p>&nbsp;<\/p>\n<\/div>\n<\/div>\n<\/div>\n<\/div>\n<\/div>\n<\/div>","protected":false},"excerpt":{"rendered":"<p>Vapsolo Twins 20000 Uzp\u016b\u0161\u0146u 2 vien\u0101 Vienreiz\u0113j\u0101s lieto\u0161anas vape vairumtirdzniec\u012bbas cena<br \/>\nVapsolo 20000 Dubult\u0101s gar\u0161as uzl\u0101d\u0113jams vienreiz\u0113j\u0101s lieto\u0161anas vape karst\u0101 izp\u0101rdo\u0161ana<br \/>\nVapsolo Twins 20k 2 Gar\u0161as 1 vienreiz\u0113j\u0101s lieto\u0161anas vape vairumtirdzniec\u012bbas cena<\/p>\n<p><strong>Pievienojiet Eimijas whatsapp, lai sa\u0146emtu pareizu atbildi un iztvaic\u0113t\u0101ja kuponu!<\/strong><\/p>\n<p><img fetchpriority=\"high\" decoding=\"async\" class=\"size-full wp-image-2932\" src=\"https:\/\/vapestornado.com\/wp-content\/uploads\/2024\/12\/Vape-Wholesale.jpg\" alt=\"Veipu Vairumtirdzniec\u012bba\" width=\"229\" height=\"300\" \/><\/p>\n<h3><a href=\"https:\/\/wa.me\/8617776015835\"><span style=\"color: #ff0000;\"><strong>WhatsApp: +86 17776015835<\/strong><\/span><\/a><\/h3>\n<p>&nbsp;<\/p>","protected":false},"featured_media":3129,"comment_status":"open","ping_status":"closed","template":"","meta":{"_acf_changed":false,"_uag_custom_page_level_css":"","_lmt_disableupdate":"no","_lmt_disable":"","_monsterinsights_skip_tracking":false,"_monsterinsights_sitenote_active":false,"_monsterinsights_sitenote_note":"","_monsterinsights_sitenote_category":0,"site-sidebar-layout":"default","site-content-layout":"","ast-site-content-layout":"default","site-content-style":"default","site-sidebar-style":"default","ast-global-header-display":"","ast-banner-title-visibility":"","ast-main-header-display":"","ast-hfb-above-header-display":"","ast-hfb-below-header-display":"","ast-hfb-mobile-header-display":"","site-post-title":"","ast-breadcrumbs-content":"","ast-featured-img":"","footer-sml-layout":"","ast-disable-related-posts":"","theme-transparent-header-meta":"default","adv-header-id-meta":"","stick-header-meta":"","header-above-stick-meta":"","header-main-stick-meta":"","header-below-stick-meta":"","astra-migrate-meta-layouts":"set","ast-page-background-enabled":"default","ast-page-background-meta":{"desktop":{"background-color":"","background-image":"","background-repeat":"repeat","background-position":"center center","background-size":"auto","background-attachment":"scroll","background-type":"","background-media":"","overlay-type":"","overlay-color":"","overlay-opacity":"","overlay-gradient":""},"tablet":{"background-color":"","background-image":"","background-repeat":"repeat","background-position":"center center","background-size":"auto","background-attachment":"scroll","background-type":"","background-media":"","overlay-type":"","overlay-color":"","overlay-opacity":"","overlay-gradient":""},"mobile":{"background-color":"","background-image":"","background-repeat":"repeat","background-position":"center center","background-size":"auto","background-attachment":"scroll","background-type":"","background-media":"","overlay-type":"","overlay-color":"","overlay-opacity":"","overlay-gradient":""}},"ast-content-background-meta":{"desktop":{"background-color":"var(--ast-global-color-5)","background-image":"","background-repeat":"repeat","background-position":"center center","background-size":"auto","background-attachment":"scroll","background-type":"","background-media":"","overlay-type":"","overlay-color":"","overlay-opacity":"","overlay-gradient":""},"tablet":{"background-color":"var(--ast-global-color-5)","background-image":"","background-repeat":"repeat","background-position":"center center","background-size":"auto","background-attachment":"scroll","background-type":"","background-media":"","overlay-type":"","overlay-color":"","overlay-opacity":"","overlay-gradient":""},"mobile":{"background-color":"var(--ast-global-color-5)","background-image":"","background-repeat":"repeat","background-position":"center center","background-size":"auto","background-attachment":"scroll","background-type":"","background-media":"","overlay-type":"","overlay-color":"","overlay-opacity":"","overlay-gradient":""}},"_joinchat":{"telephone":"+8617776015835"}},"product_brand":[],"product_cat":[69,171],"product_tag":[97,94,139,137,138],"class_list":{"0":"post-3132","1":"product","2":"type-product","3":"status-publish","4":"has-post-thumbnail","6":"product_cat-20000-puff","7":"product_cat-vapsolo-disposable-vapes","8":"product_tag-hot-sale-disposable-vape","9":"product_tag-rechargeable-disposable-vape","10":"product_tag-vapsolo","11":"product_tag-vapsolo-twins-20000","12":"product_tag-vapsolo-twins-20k","13":"desktop-align-left","14":"tablet-align-left","15":"mobile-align-left","17":"first","18":"instock","19":"sale","20":"shipping-taxable","21":"purchasable","22":"product-type-simple"},"acf":[],"uagb_featured_image_src":{"full":["https:\/\/vapestornado.com\/wp-content\/uploads\/2024\/12\/Vapsolo-Twins-EU-Electronic-Cigarette-Wholesale.jpg",1126,1126,false],"thumbnail":["https:\/\/vapestornado.com\/wp-content\/uploads\/2024\/12\/Vapsolo-Twins-EU-Electronic-Cigarette-Wholesale-150x150.jpg",150,150,true],"medium":["https:\/\/vapestornado.com\/wp-content\/uploads\/2024\/12\/Vapsolo-Twins-EU-Electronic-Cigarette-Wholesale-300x300.jpg",300,300,true],"medium_large":["https:\/\/vapestornado.com\/wp-content\/uploads\/2024\/12\/Vapsolo-Twins-EU-Electronic-Cigarette-Wholesale-768x768.jpg",768,768,true],"large":["https:\/\/vapestornado.com\/wp-content\/uploads\/2024\/12\/Vapsolo-Twins-EU-Electronic-Cigarette-Wholesale-1024x1024.jpg",1024,1024,true],"1536x1536":["https:\/\/vapestornado.com\/wp-content\/uploads\/2024\/12\/Vapsolo-Twins-EU-Electronic-Cigarette-Wholesale.jpg",1126,1126,false],"2048x2048":["https:\/\/vapestornado.com\/wp-content\/uploads\/2024\/12\/Vapsolo-Twins-EU-Electronic-Cigarette-Wholesale.jpg",1126,1126,false],"trp-custom-language-flag":["https:\/\/vapestornado.com\/wp-content\/uploads\/2024\/12\/Vapsolo-Twins-EU-Electronic-Cigarette-Wholesale.jpg",12,12,false],"woocommerce_thumbnail":["https:\/\/vapestornado.com\/wp-content\/uploads\/2024\/12\/Vapsolo-Twins-EU-Electronic-Cigarette-Wholesale-300x300.jpg",300,300,true],"woocommerce_single":["https:\/\/vapestornado.com\/wp-content\/uploads\/2024\/12\/Vapsolo-Twins-EU-Electronic-Cigarette-Wholesale-600x600.jpg",600,600,true],"woocommerce_gallery_thumbnail":["https:\/\/vapestornado.com\/wp-content\/uploads\/2024\/12\/Vapsolo-Twins-EU-Electronic-Cigarette-Wholesale-100x100.jpg",100,100,true]},"uagb_author_info":{"display_name":"ESAMY","author_link":"https:\/\/vapestornado.com\/lv\/author\/"},"uagb_comment_info":0,"uagb_excerpt":"Vapsolo Twins 20000 Puffs 2 in 1 Disposable Vape Wholesale Price Vapsolo 20000 Double Flavour Rechargeable Disposable Vape Hot Sale Vapsolo Twins 20k 2 Flavour in 1 Disposable Vape Bulk Buy Price Add Amy's whatsapp get right reply and vape vape coupon! WhatsApp: +86 17776015835 &nbsp;","_links":{"self":[{"href":"https:\/\/vapestornado.com\/lv\/wp-json\/wp\/v2\/product\/3132","targetHints":{"allow":["GET"]}}],"collection":[{"href":"https:\/\/vapestornado.com\/lv\/wp-json\/wp\/v2\/product"}],"about":[{"href":"https:\/\/vapestornado.com\/lv\/wp-json\/wp\/v2\/types\/product"}],"replies":[{"embeddable":true,"href":"https:\/\/vapestornado.com\/lv\/wp-json\/wp\/v2\/comments?post=3132"}],"wp:featuredmedia":[{"embeddable":true,"href":"https:\/\/vapestornado.com\/lv\/wp-json\/wp\/v2\/media\/3129"}],"wp:attachment":[{"href":"https:\/\/vapestornado.com\/lv\/wp-json\/wp\/v2\/media?parent=3132"}],"wp:term":[{"taxonomy":"product_brand","embeddable":true,"href":"https:\/\/vapestornado.com\/lv\/wp-json\/wp\/v2\/product_brand?post=3132"},{"taxonomy":"product_cat","embeddable":true,"href":"https:\/\/vapestornado.com\/lv\/wp-json\/wp\/v2\/product_cat?post=3132"},{"taxonomy":"product_tag","embeddable":true,"href":"https:\/\/vapestornado.com\/lv\/wp-json\/wp\/v2\/product_tag?post=3132"}],"curies":[{"name":"wp","href":"https:\/\/api.w.org\/{rel}","templated":true}]}}