{"id":3107,"date":"2024-12-13T02:59:26","date_gmt":"2024-12-13T02:59:26","guid":{"rendered":"https:\/\/vapestornado.com\/?post_type=product&#038;p=3107"},"modified":"2025-08-22T10:31:24","modified_gmt":"2025-08-22T10:31:24","slug":"randm-tornado-music-30000-puffs-fumot-bulk-sale-disposable","status":"publish","type":"product","link":"https:\/\/vapestornado.com\/lv\/product\/randm-tornado-music-30000-puffs-fumot-bulk-sale-disposable\/","title":{"rendered":"Randm Tornado Music 30000 Fumot vairumtirdzniec\u012bbas vienreiz\u0113j\u0101s lieto\u0161anas tvaic\u0113t\u0101js"},"content":{"rendered":"<h1>Randm Tornado Music 30000 Puffs Fumot Lielapjoma P\u0101rdo\u0161ana Vienreiz\u0113j\u0101s Lieto\u0161anas Vape<\/h1>\n<p data-start=\"293\" data-end=\"626\">T\u0101 <strong data-start=\"297\" data-end=\"364\">Randm Tornado Music 30000 Puffs Fumot Lielapjoma P\u0101rdo\u0161ana Vienreiz\u0113j\u0101s Lieto\u0161anas Vape<\/strong> ir paredz\u0113ts tvaic\u0113t\u0101jiem, kuri v\u0113las ilgsto\u0161u veiktsp\u0113ju un \u0113rt\u012bbas. Ar iespaid\u012bgu <strong data-start=\"458\" data-end=\"482\">30 000 dvesmu ietilp\u012bbu<\/strong>, a <strong data-start=\"486\" data-end=\"517\">600 mAh uzl\u0101d\u0113jams akumulators<\/strong>un uzlabotu <strong data-start=\"532\" data-end=\"569\">1.0\u03a9 sieta spir\u0101les gaisa pl\u016bsmas tehnolo\u0123iju<\/strong>, tas nodro\u0161ina vienm\u0113r\u012bgu, konsekventu tvaiku ar katru vilkmi.<\/p>\n<p data-start=\"628\" data-end=\"848\">Kompakts un stil\u012bgs, Tornado Music 30K ir viegli p\u0101rn\u0113s\u0101jams un ide\u0101li piem\u0113rots tvaic\u0113\u0161anai visas dienas garum\u0101. Iepriek\u0161 piepild\u012bts ar pla\u0161u <strong data-start=\"750\" data-end=\"771\">30 unik\u0101lu gar\u0161u<\/strong>, tas pied\u0101v\u0101 kaut ko katrai gaumei \u2014 no aug\u013cu l\u012bdz ledainiem mais\u012bjumiem.<\/p>\n<p data-start=\"850\" data-end=\"1048\">Vairumtirgot\u0101jiem un mazumtirgot\u0101jiem <strong data-start=\"885\" data-end=\"920\">Fumot Randm 30k vienreiz\u0113j\u0101s lieto\u0161anas vape<\/strong> apvieno lielu ietilp\u012bbu, sp\u0113c\u012bgu z\u012bmola atpaz\u012bstam\u012bbu un lielapjoma p\u0101rdo\u0161anas v\u0113rt\u012bbu, padarot to par izdev\u012bgu izv\u0113li Latvijas tirgum.<\/p>\n<p><img fetchpriority=\"high\" decoding=\"async\" class=\"wp-image-3114 alignleft\" src=\"https:\/\/vapestornado.com\/wp-content\/uploads\/2024\/12\/Randm-tornado-vape-30000-puffs.jpg\" alt=\"Randm tornado vape 30000 dvesieni vairumtirdzniec\u012bbas cena\" width=\"559\" height=\"559\" srcset=\"https:\/\/vapestornado.com\/wp-content\/uploads\/2024\/12\/Randm-tornado-vape-30000-puffs.jpg 800w, https:\/\/vapestornado.com\/wp-content\/uploads\/2024\/12\/Randm-tornado-vape-30000-puffs-300x300.jpg 300w, https:\/\/vapestornado.com\/wp-content\/uploads\/2024\/12\/Randm-tornado-vape-30000-puffs-150x150.jpg 150w, https:\/\/vapestornado.com\/wp-content\/uploads\/2024\/12\/Randm-tornado-vape-30000-puffs-768x768.jpg 768w, https:\/\/vapestornado.com\/wp-content\/uploads\/2024\/12\/Randm-tornado-vape-30000-puffs-600x600.jpg 600w, https:\/\/vapestornado.com\/wp-content\/uploads\/2024\/12\/Randm-tornado-vape-30000-puffs-100x100.jpg 100w\" sizes=\"(max-width: 559px) 100vw, 559px\" \/><\/p>\n<p style=\"padding-left: 40px;\">\u00a0<img decoding=\"async\" class=\"wp-image-3124 alignleft\" src=\"https:\/\/vapestornado.com\/wp-content\/uploads\/2024\/12\/LYN-whatsapp-846x1024.jpg\" alt=\"LYN WhatsApp\" width=\"290\" height=\"351\" srcset=\"https:\/\/vapestornado.com\/wp-content\/uploads\/2024\/12\/LYN-whatsapp-846x1024.jpg 846w, https:\/\/vapestornado.com\/wp-content\/uploads\/2024\/12\/LYN-whatsapp-248x300.jpg 248w, https:\/\/vapestornado.com\/wp-content\/uploads\/2024\/12\/LYN-whatsapp-768x930.jpg 768w, https:\/\/vapestornado.com\/wp-content\/uploads\/2024\/12\/LYN-whatsapp-600x726.jpg 600w, https:\/\/vapestornado.com\/wp-content\/uploads\/2024\/12\/LYN-whatsapp.jpg 1046w\" sizes=\"(max-width: 290px) 100vw, 290px\" \/><\/p>\n<p><em><strong><span style=\"color: #ff0000;\">Sazinieties ar mani, sken\u0113jot \u0161o kodu, lai uzzin\u0101tu vair\u0101k par pufu<\/span><\/strong><\/em><\/p>\n<p><em><strong>WhatsApp:<a href=\"https:\/\/wa.me\/8617840853976\" target=\"_blank\" rel=\"noopener\">+86178 4085 3976<\/a><\/strong><\/em><\/p>\n<p>&nbsp;<\/p>\n<h2><\/h2>\n<h2><strong>Produkta svar\u012bg\u0101kie punkti 30k Music Fumot Vape.<br \/>\n<\/strong><\/h2>\n<p>(1) akumulators\uff1a<span style=\"color: #ff0000;\">600mAh<\/span> uzl\u0101d\u0113jams, lai nodro\u0161in\u0101tu ilgu darb\u012bbas laiku.<\/p>\n<p>(2) Nikot\u012bns\uff1asniedz <span style=\"color: #ff0000;\">2%\/5% nikot\u012bnu<\/span> lai izv\u0113l\u0113tos da\u017e\u0101diem lietot\u0101jiem.<\/p>\n<p>(3) Uzp\u016btieni: pied\u0101v\u0101<span style=\"color: #ff0000;\">r 30000 uzp\u016btienu<\/span>,var lietot ilgu laiku un nav nepiecie\u0161ama bie\u017ea nomai\u0146a.<\/p>\n<p>(4) <span style=\"color: #ff0000;\">30 gar\u0161as<\/span>: var izv\u0113l\u0113ties vair\u0101k gar\u0161u, un 50 gab. var izv\u0113l\u0113ties vismaz 5 gar\u0161as.<\/p>\n<p>(5) Uzl\u0101des ports\uff1a<span style=\"color: #ff0000;\">C tipa<\/span> \u0101tras uzl\u0101des interfeiss, atbalsta uzl\u0101des funkciju.<\/p>\n<p>(6) <span style=\"color: #ff0000;\">M\u016bzikas gaisma<\/span>: Randm 30k gaisma main\u012bsies sinhroni ar m\u016bziku lieto\u0161anas laik\u0101, radot uzlabotu tvaic\u0113\u0161anas pieredzi.<\/p>\n<h2><strong>K\u0101das gar\u0161as ir pieejamas 30k Fumot vienreiz\u0113j\u0101s lieto\u0161anas vape?<br \/>\n<\/strong><\/h2>\n<p><em><span style=\"color: #000000;\"><strong>1. Ban\u0101nu ledus: <\/strong><\/span><\/em>Maigs gatavu ban\u0101nu mais\u012bjums ar atsvaidzino\u0161u ledainu nobeigumu.<br \/>\n<span style=\"color: #000000;\"><strong><em>2. Melna ledus:<\/em> <\/strong><\/span>Izteikta meln\u0101 j\u0101\u0146oga ar v\u0113su mentola piesk\u0101rienu.<br \/>\n<em><strong><span style=\"color: #000000;\">3. Zilais Razz Ledus:<\/span> <\/strong><\/em>Salda un asa zil\u0101 avene ar ledainu akcentu.<br \/>\n<em><strong><span style=\"color: #000000;\">4. Mellenes ar ledus:<\/span><\/strong> <\/em>Sul\u012bgas mellenes apvienojum\u0101 ar atv\u0113sino\u0161u mentola v\u0113smu.<br \/>\n<em><strong><span style=\"color: #000000;\">5. Mellenes Rieksts:<\/span><\/strong><\/em> Br\u012bni\u0161\u0137\u012bgs saldu melle\u0146u un sk\u0101bu ave\u0146u mais\u012bjums.<br \/>\n<em><strong><span style=\"color: #000000;\">6. Mellenes sk\u0101bais Rieksts:<\/span> <\/strong><\/em>Mellenes un avenes ar sk\u0101bu noti.<br \/>\n<em><strong><span style=\"color: #000000;\">7. \u010cerri ledus:<\/span> <\/strong><\/em>Saldie \u0137ir\u0161i ar atsvaidzino\u0161u ledainu piesk\u0101rienu.<br \/>\n<em><strong><span style=\"color: #000000;\">8. \u010cerri kola:<\/span> <\/strong><\/em>Klasiska kolas gar\u0161a ar \u0137ir\u0161u noti.<br \/>\n<em><strong><span style=\"color: #000000;\">9. Kola ledus:<\/span> <\/strong><\/em>G\u0101z\u0113ta kola ar v\u0113su mentola nobeigumu.<br \/>\n<em><strong><span style=\"color: #000000;\">10. Atsvaidzino\u0161s piparm\u0113tru:<\/span><\/strong> <\/em>Krauk\u0161\u0137\u012bga un atsvaidzino\u0161a piparm\u0113tru gar\u0161a.<br \/>\n<em><strong><span style=\"color: #000000;\">11. Dubult\u0101 \u0101bols:<\/span><\/strong> <\/em>Saldsk\u0101bu \u0101bolu mais\u012bjums.<br \/>\n<em><strong><span style=\"color: #000000;\">12. Dr Zilais:<\/span><\/strong> <\/em>Nosl\u0113pumains ogu mais\u012bjums ar v\u0113su noska\u0146u.<br \/>\n<em><strong><span style=\"color: #000000;\">13. V\u012bnogu ledus:<\/span> <\/strong><\/em>Sald\u0101s v\u012bnogas ar salnu mentola piesk\u0101rienu.<br \/>\n<em><strong><span style=\"color: #000000;\">14. Ledus sald\u0113jums:<\/span> <\/strong><\/em>Nostalgisks aug\u013cu sald\u0113juma gar\u0161u mais\u012bjums.<br \/>\n<em><strong><span style=\"color: #000000;\">15. Kivi, Passijas aug\u013ci, Guava:<\/span><\/strong> <\/em>Eksotisku kivi, pasifloras aug\u013cu un guavas mais\u012bjums.<br \/>\n<em><strong><span style=\"color: #000000;\">16. M\u012blest\u012bba 66:<\/span> <\/strong><\/em>Unik\u0101ls tropisko aug\u013cu mais\u012bjums ar mentola piesk\u0101rienu.<br \/>\n<em><strong><span style=\"color: #000000;\">17. Sul\u012bgs ledus:<\/span><\/strong> <\/em>Arb\u016bzs ar atsvaidzino\u0161u ledainu nobeigumu.<br \/>\n<em><strong><span style=\"color: #000000;\">18. Jauktas ogas:<\/span><\/strong><\/em> Da\u017e\u0101du ogu mais\u012bjums.<br \/>\n<em><strong><span style=\"color: #000000;\">19. Persiku oga:<\/span> <\/strong><\/em>Sul\u012bgi persiki ar ogu akcentu.<br \/>\n<em><strong><span style=\"color: #000000;\">20. Persiku ledus:<\/span> <\/strong><\/em>Saldie persiki ar v\u0113su mentola nobeigumu.<br \/>\n<em><strong><span style=\"color: #000000;\">21. Persiku Mango Anan\u0101ss:<\/span><\/strong> <\/em>Tropisks persiku, mango un anan\u0101su sajaukums.<br \/>\n<em><strong><span style=\"color: #000000;\">22. Anan\u0101su ledus:<\/span> <\/strong><\/em>Salds un pikants anan\u0101ss ar salnu piesk\u0101rienu.<br \/>\n<em><strong><span style=\"color: #000000;\">23. Roz\u0101 limon\u0101de:<\/span> <\/strong><\/em>Pikanta limon\u0101de ar ogu piesk\u0101rienu.<br \/>\n<em><strong><span style=\"color: #000000;\">24. Skittles:<\/span> <\/strong><\/em>Varav\u012bksne ar aug\u013cu gar\u0161\u0101m.<br \/>\n<em><strong><span style=\"color: #000000;\">25. Zeme\u0146u ban\u0101ns:<\/span> <\/strong><\/em>Klasisks saldo zeme\u0146u un kr\u0113m\u012bgu ban\u0101nu sajaukums.<br \/>\n<em><strong><span style=\"color: #000000;\">26. Zeme\u0146u v\u012bnoga:<\/span><\/strong> <\/em>Sald\u0101s zemenes apvienojum\u0101 ar sul\u012bg\u0101m v\u012bnog\u0101m.<br \/>\n<em><strong><span style=\"color: #000000;\">27. Zeme\u0146u ledus:<\/span><\/strong> <\/em>Svaigas zemenes ar v\u0113su mentola nobeigumu.<br \/>\n<em><strong><span style=\"color: #000000;\">28. Zeme\u0146u arb\u016bzs:<\/span> <\/strong><\/em>Atsvaidzino\u0161s zeme\u0146u un arb\u016bzu mais\u012bjums.<br \/>\n<em><strong><span style=\"color: #000000;\">29. Tr\u012bsk\u0101r\u0161s mango:<\/span> <\/strong><\/em>Intens\u012bva mango gar\u0161a ar tr\u012bsk\u0101r\u0161u sp\u0113ku.<br \/>\n<em><strong><span style=\"color: #000000;\">30. Vimto:<\/span> <\/strong><\/em>Unik\u0101ls jauktu aug\u013cu mais\u012bjums, ko iedvesmojis klasiskais dz\u0113riens.<\/p>\n<div class=\"flex-shrink-0 flex flex-col relative items-end\">\n<div class=\"pt-0\">\n<div class=\"gizmo-bot-avatar flex h-8 w-8 items-center justify-center overflow-hidden rounded-full\">\n<div class=\"relative p-1 rounded-sm flex items-center justify-center bg-token-main-surface-primary text-token-text-primary h-8 w-8\">\n<h2><strong>BUJ:<\/strong><\/h2>\n<h4>J\uff1aK\u0101p\u0113c izv\u0113l\u0113ties Fumot RANDM Tornado 30000 uzp\u016btienu vienreiz\u0113j\u0101s lieto\u0161anas vape?<\/h4>\n<p><span style=\"color: #000000;\"><b>A\uff1a<\/b><\/span>Izv\u0113lieties Fumot RANDM Tornado 30000 pufus ilgam, arom\u0101tiskam un bezr\u016bp\u012bgam vaping. Ide\u0101li lielapjoma pirkumiem.<\/p>\n<h4>J\uff1aK\u0101ds ir Fumot vienreiz\u0113j\u0101s lieto\u0161anas 30k vape minim\u0101lais vairumtirdzniec\u012bbas pas\u016bt\u012bjums?<\/h4>\n<p><span style=\"color: #000000;\"><b>A\uff1a<\/b><\/span>Fumot 30k Tornado Music vienreiz\u0113j\u0101s lieto\u0161anas vape minim\u0101lais pas\u016bt\u012bjums ir 50 gab., jo liel\u0101ks pas\u016bt\u012bjuma daudzums, jo lab\u0101ka cena.<\/p>\n<h4>J: Atlaides pieaugums ar pas\u016bt\u012bjumu skaitu?<\/h4>\n<p><span style=\"color: #000000;\"><b>A\uff1a<\/b>M\u0113s jau pied\u0101v\u0101jam atlaidi par \u013coti zemu cenu, bet cena nemazin\u0101sies l\u012bdz ar pas\u016bt\u012bjuma daudzuma palielin\u0101\u0161anos, bet m\u0113s cent\u012bsimies visu iesp\u0113jamo, lai pieteiktos paraugam, visbeidzot, m\u0113s ceram, ka tas sniegs jums labu pieredzi.<\/span><\/p>\n<h4>J: Vai varat pats izsekot s\u016bt\u012bjumu?<\/h4>\n<p><strong><span style=\"color: #000000;\"><b>A\uff1a<\/b><\/span><\/strong><span style=\"color: #000000;\">J\u0101, kad s\u016bt\u012bjums ir nos\u016bt\u012bts, m\u0113s jums nos\u016bt\u012bsim izseko\u0161anas numuru <\/span><span style=\"color: #000000;\">lai j\u016bs var\u0113tu p\u0101rbaud\u012bt t\u0101 statusu. Turkl\u0101t m\u0113s sekosim l\u012bdzi s\u016bt\u012bjumam, l\u012bdz j\u016bs to sa\u0146emsiet, garant\u0113jot, ka j\u016bs visu laiku b\u016bsiet inform\u0113ts par procesu.<\/span><\/p>\n<p>citi vape, kas jums var\u0113tu patikt<br \/>\n<a href=\"https:\/\/vapestornado.com\/lv\/product-category\/30000-puff\/\">30000 uzp\u016btienu vape<\/a><\/p>\n<\/div>\n<\/div>\n<\/div>\n<\/div>","protected":false},"excerpt":{"rendered":"<p><em><strong>Randm 30k vienreiz\u0113j\u0101s lieto\u0161anas m\u016bzikas vape, kas var pied\u0101v\u0101t 30 000 uzp\u016btienu un 30 gar\u0161as, no kur\u0101m izv\u0113l\u0113ties.\u00a0 <\/strong><\/em><\/p>\n<p><em><strong>Mums ir 2% vai 5% nikot\u012bna l\u012bmenis, ko var izv\u0113l\u0113ties Fumot 30k vape. Turkl\u0101t m\u0113s p\u0101rdodam lielapjoma cenu un sniedzam lab\u0101ko servisu.<\/strong><\/em><\/p>\n<figure id=\"attachment_3124\" aria-describedby=\"caption-attachment-3124\" style=\"width: 248px\" class=\"wp-caption alignleft\"><img decoding=\"async\" class=\"size-medium wp-image-3124\" src=\"https:\/\/vapestornado.com\/wp-content\/uploads\/2024\/12\/LYN-whatsapp-248x300.jpg\" alt=\"LYN WhatsApp\" width=\"248\" height=\"300\" srcset=\"https:\/\/vapestornado.com\/wp-content\/uploads\/2024\/12\/LYN-whatsapp-248x300.jpg 248w, https:\/\/vapestornado.com\/wp-content\/uploads\/2024\/12\/LYN-whatsapp-846x1024.jpg 846w, https:\/\/vapestornado.com\/wp-content\/uploads\/2024\/12\/LYN-whatsapp-768x930.jpg 768w, https:\/\/vapestornado.com\/wp-content\/uploads\/2024\/12\/LYN-whatsapp-600x726.jpg 600w, https:\/\/vapestornado.com\/wp-content\/uploads\/2024\/12\/LYN-whatsapp.jpg 1046w\" sizes=\"(max-width: 248px) 100vw, 248px\" \/><figcaption id=\"caption-attachment-3124\" class=\"wp-caption-text\"><a href=\"https:\/\/wa.me\/8617840853976\"><em><strong>Sazinieties ar Lyn, lai uzzin\u0101tu vair\u0101k par pufiem<\/strong><\/em><\/a><\/figcaption><\/figure>","protected":false},"featured_media":3109,"comment_status":"open","ping_status":"closed","template":"","meta":{"_acf_changed":false,"_uag_custom_page_level_css":"","_lmt_disableupdate":"no","_lmt_disable":"","_monsterinsights_skip_tracking":false,"_monsterinsights_sitenote_active":false,"_monsterinsights_sitenote_note":"","_monsterinsights_sitenote_category":0,"site-sidebar-layout":"default","site-content-layout":"","ast-site-content-layout":"default","site-content-style":"default","site-sidebar-style":"default","ast-global-header-display":"","ast-banner-title-visibility":"","ast-main-header-display":"","ast-hfb-above-header-display":"","ast-hfb-below-header-display":"","ast-hfb-mobile-header-display":"","site-post-title":"","ast-breadcrumbs-content":"","ast-featured-img":"","footer-sml-layout":"","ast-disable-related-posts":"","theme-transparent-header-meta":"default","adv-header-id-meta":"","stick-header-meta":"","header-above-stick-meta":"","header-main-stick-meta":"","header-below-stick-meta":"","astra-migrate-meta-layouts":"set","ast-page-background-enabled":"default","ast-page-background-meta":{"desktop":{"background-color":"","background-image":"","background-repeat":"repeat","background-position":"center center","background-size":"auto","background-attachment":"scroll","background-type":"","background-media":"","overlay-type":"","overlay-color":"","overlay-opacity":"","overlay-gradient":""},"tablet":{"background-color":"","background-image":"","background-repeat":"repeat","background-position":"center center","background-size":"auto","background-attachment":"scroll","background-type":"","background-media":"","overlay-type":"","overlay-color":"","overlay-opacity":"","overlay-gradient":""},"mobile":{"background-color":"","background-image":"","background-repeat":"repeat","background-position":"center center","background-size":"auto","background-attachment":"scroll","background-type":"","background-media":"","overlay-type":"","overlay-color":"","overlay-opacity":"","overlay-gradient":""}},"ast-content-background-meta":{"desktop":{"background-color":"var(--ast-global-color-5)","background-image":"","background-repeat":"repeat","background-position":"center center","background-size":"auto","background-attachment":"scroll","background-type":"","background-media":"","overlay-type":"","overlay-color":"","overlay-opacity":"","overlay-gradient":""},"tablet":{"background-color":"var(--ast-global-color-5)","background-image":"","background-repeat":"repeat","background-position":"center center","background-size":"auto","background-attachment":"scroll","background-type":"","background-media":"","overlay-type":"","overlay-color":"","overlay-opacity":"","overlay-gradient":""},"mobile":{"background-color":"var(--ast-global-color-5)","background-image":"","background-repeat":"repeat","background-position":"center center","background-size":"auto","background-attachment":"scroll","background-type":"","background-media":"","overlay-type":"","overlay-color":"","overlay-opacity":"","overlay-gradient":""}},"_joinchat":{"telephone":"17776015835"}},"product_brand":[],"product_cat":[19,67,58],"product_tag":[83,125,124,126,78,114],"class_list":{"0":"post-3107","1":"product","2":"type-product","3":"status-publish","4":"has-post-thumbnail","6":"product_cat-vapes","7":"product_cat-30000-puff","8":"product_cat-fumot-vape","9":"product_tag-fumot-vape","10":"product_tag-randm-30000","11":"product_tag-randm-tornado-30000","12":"product_tag-randm-tornado-30k","13":"product_tag-randm-vape","14":"product_tag-tornado-vape","15":"desktop-align-left","16":"tablet-align-left","17":"mobile-align-left","19":"first","20":"instock","21":"sale","22":"shipping-taxable","23":"purchasable","24":"product-type-simple"},"acf":[],"uagb_featured_image_src":{"full":["https:\/\/vapestornado.com\/wp-content\/uploads\/2024\/12\/Randm-disposable-vape-30k-puffs.jpg",800,800,false],"thumbnail":["https:\/\/vapestornado.com\/wp-content\/uploads\/2024\/12\/Randm-disposable-vape-30k-puffs-150x150.jpg",150,150,true],"medium":["https:\/\/vapestornado.com\/wp-content\/uploads\/2024\/12\/Randm-disposable-vape-30k-puffs-300x300.jpg",300,300,true],"medium_large":["https:\/\/vapestornado.com\/wp-content\/uploads\/2024\/12\/Randm-disposable-vape-30k-puffs-768x768.jpg",768,768,true],"large":["https:\/\/vapestornado.com\/wp-content\/uploads\/2024\/12\/Randm-disposable-vape-30k-puffs.jpg",800,800,false],"1536x1536":["https:\/\/vapestornado.com\/wp-content\/uploads\/2024\/12\/Randm-disposable-vape-30k-puffs.jpg",800,800,false],"2048x2048":["https:\/\/vapestornado.com\/wp-content\/uploads\/2024\/12\/Randm-disposable-vape-30k-puffs.jpg",800,800,false],"trp-custom-language-flag":["https:\/\/vapestornado.com\/wp-content\/uploads\/2024\/12\/Randm-disposable-vape-30k-puffs.jpg",12,12,false],"woocommerce_thumbnail":["https:\/\/vapestornado.com\/wp-content\/uploads\/2024\/12\/Randm-disposable-vape-30k-puffs-300x300.jpg",300,300,true],"woocommerce_single":["https:\/\/vapestornado.com\/wp-content\/uploads\/2024\/12\/Randm-disposable-vape-30k-puffs-600x600.jpg",600,600,true],"woocommerce_gallery_thumbnail":["https:\/\/vapestornado.com\/wp-content\/uploads\/2024\/12\/Randm-disposable-vape-30k-puffs-100x100.jpg",100,100,true]},"uagb_author_info":{"display_name":"ESLYN","author_link":"https:\/\/vapestornado.com\/lv\/author\/"},"uagb_comment_info":0,"uagb_excerpt":"Randm 30k disaposable music vape that can offer 30,000 puffs and 30 flavors to choose.\u00a0 We have 2% or 5% Nicotine level can be choose in Fumot 30k vapes. Beside,we are sale Bulk price and have best service. [caption id=\"attachment_3124\" align=\"alignleft\" width=\"248\"] Contact Lyn to know more about puffs[\/caption]","_links":{"self":[{"href":"https:\/\/vapestornado.com\/lv\/wp-json\/wp\/v2\/product\/3107","targetHints":{"allow":["GET"]}}],"collection":[{"href":"https:\/\/vapestornado.com\/lv\/wp-json\/wp\/v2\/product"}],"about":[{"href":"https:\/\/vapestornado.com\/lv\/wp-json\/wp\/v2\/types\/product"}],"replies":[{"embeddable":true,"href":"https:\/\/vapestornado.com\/lv\/wp-json\/wp\/v2\/comments?post=3107"}],"wp:featuredmedia":[{"embeddable":true,"href":"https:\/\/vapestornado.com\/lv\/wp-json\/wp\/v2\/media\/3109"}],"wp:attachment":[{"href":"https:\/\/vapestornado.com\/lv\/wp-json\/wp\/v2\/media?parent=3107"}],"wp:term":[{"taxonomy":"product_brand","embeddable":true,"href":"https:\/\/vapestornado.com\/lv\/wp-json\/wp\/v2\/product_brand?post=3107"},{"taxonomy":"product_cat","embeddable":true,"href":"https:\/\/vapestornado.com\/lv\/wp-json\/wp\/v2\/product_cat?post=3107"},{"taxonomy":"product_tag","embeddable":true,"href":"https:\/\/vapestornado.com\/lv\/wp-json\/wp\/v2\/product_tag?post=3107"}],"curies":[{"name":"wp","href":"https:\/\/api.w.org\/{rel}","templated":true}]}}