{"id":3103,"date":"2024-12-12T09:36:42","date_gmt":"2024-12-12T09:36:42","guid":{"rendered":"https:\/\/vapestornado.com\/?post_type=product&#038;p=3103"},"modified":"2025-08-23T11:16:54","modified_gmt":"2025-08-23T11:16:54","slug":"randm-tornado-7k-puffs-hot-sale-rechargeable-vape","status":"publish","type":"product","link":"https:\/\/vapestornado.com\/lv\/product\/randm-tornado-7k-puffs-hot-sale-rechargeable-vape\/","title":{"rendered":"Randm Tornado 7k Uzp\u016b\u0161an\u0101s Karst\u0101 P\u0101rdo\u0161ana Uzl\u0101d\u0113jams Vape"},"content":{"rendered":"<h1>Randm Tornado 7k Uzp\u016b\u0161an\u0101s Karst\u0101 P\u0101rdo\u0161ana Uzl\u0101d\u0113jams Vape<\/h1>\n<p>&nbsp;<\/p>\n<div role=\"article\" data-tabster=\"{&quot;groupper&quot;:{&quot;tabbability&quot;:2},&quot;focusable&quot;:{}}\" data-content=\"ai-message\" aria-labelledby=\"64JRvXrTnY7mRmPkEQLLT-author 64JRvXrTnY7mRmPkEQLLT-content\">\n<div id=\"64JRvXrTnY7mRmPkEQLLT-content\">\n<p>Uzlabojiet savu veipo\u0161anas pieredzi ar Randm Tornado 7000 dvesienu iepriek\u0161 uzpild\u012btu uzl\u0101d\u0113jamu veipu, kas ir grezn\u012bbas un veiktsp\u0113jas virsotne. \u0160\u012b augst\u0101k\u0101s klases ier\u012bce lepojas ar iev\u0113rojamu 15 ml tvertnes ietilp\u012bbu, nodro\u0161inot ilgsto\u0161u veipo\u0161anas prieku bez past\u0101v\u012bgas nepiecie\u0161am\u012bbas uzpild\u012bt. Sp\u0113c\u012bgais 850 mAh akumulators nodro\u0161ina vienm\u0113r\u012bgu, nep\u0101rtrauktu lieto\u0161anu, padarot to par uzticamu pavadoni gan m\u0101j\u0101s, gan ce\u013c\u0101.<\/p>\n<p>Viena no RandM Vape Tornado 7000 izcilaj\u0101m iez\u012bm\u0113m ir t\u0101 daudzpus\u012bba ar e-\u0161\u0137idrumiem. Tas \u013cauj jums izp\u0113t\u012bt daudzveid\u012bgu gar\u0161u kl\u0101stu, s\u0101kot no uzmundrino\u0161iem aug\u013cu mais\u012bjumiem l\u012bdz bag\u0101t\u012bgai, gandar\u012bjo\u0161ai tabakai. Piel\u0101gojiet savu veipo\u0161anas ce\u013cojumu atbilsto\u0161i savai izsmalcin\u0101tajai gaumei, nodro\u0161inot, ka katra dvesma ir unik\u0101la pieredze.<\/p>\n<p>RandM Tornado 7k dvesienos ieb\u016bv\u0113t\u0101 modern\u0101 t\u012bkla spoles tehnolo\u0123ija maksim\u0101li palielina gar\u0161as un tvaiku ra\u017eo\u0161anu, p\u0101rv\u0113r\u0161ot katru ieelpu par izsmalcin\u0101tu gar\u0161as saj\u016btu. T\u0101 lietot\u0101jam draudz\u012bgais dizains, apvienojum\u0101 ar \u0113rto USB-C uzl\u0101des sist\u0113mu, padara \u0161o ier\u012bci tikpat praktisku, cik jaud\u012bgu.<\/p>\n<p>Tiem, kas pieprasa vislab\u0101ko kvalit\u0101ti un veiktsp\u0113ju, RandM Tornado 7000 vienreiz\u0113j\u0101s lieto\u0161anas veips ir lab\u0101k\u0101 izv\u0113le. T\u0101 izcil\u0101s uzb\u016bves, inovat\u012bvo funkciju un gar\u0161as daudzpus\u012bbas apvienojums nosaka jaunu standartu luksusa veipo\u0161an\u0101. Izbaudiet at\u0161\u0137ir\u012bbu ar ier\u012bci, kas paredz\u0113ta cien\u012bt\u0101jiem, kuri nov\u0113rt\u0113 smalk\u0101kas lietas dz\u012bv\u0113.<\/p>\n<\/div>\n<\/div>\n<p>&nbsp;<\/p>\n<p><img fetchpriority=\"high\" decoding=\"async\" class=\"wp-image-2951\" src=\"https:\/\/vapestornado.com\/wp-content\/uploads\/2024\/12\/Wholesale-Disposable-Vape-265x300.jpg\" alt=\"Vienreiz\u0113j\u0101s lieto\u0161anas Vape vairumtirdzniec\u012bba\" width=\"295\" height=\"334\" srcset=\"https:\/\/vapestornado.com\/wp-content\/uploads\/2024\/12\/Wholesale-Disposable-Vape-265x300.jpg 265w, https:\/\/vapestornado.com\/wp-content\/uploads\/2024\/12\/Wholesale-Disposable-Vape-768x871.jpg 768w, https:\/\/vapestornado.com\/wp-content\/uploads\/2024\/12\/Wholesale-Disposable-Vape-600x680.jpg 600w, https:\/\/vapestornado.com\/wp-content\/uploads\/2024\/12\/Wholesale-Disposable-Vape.jpg 823w\" sizes=\"(max-width: 295px) 100vw, 295px\" \/><\/p>\n<h6>L\u016bdzu, sazinieties ar Mandiju WhatsApp, lai sa\u0146emtu atlaides cenu<a href=\"https:\/\/wa.me\/8618077105796\" target=\"_blank\" rel=\"noopener\">+8618077105796<\/a><\/h6>\n<h2><strong>Randm Vape 7000 dvesieni - galven\u0101s specifik\u0101cijas<\/strong><\/h2>\n<ul>\n<li><strong>Baterijas ietilp\u012bba<\/strong>: 850 mAh pagarin\u0101t\u0101m veipo\u0161anas sesij\u0101m.<\/li>\n<li><strong>E-\u0161\u0137idruma tilpums<\/strong>: 15 ml tvertne nodro\u0161ina notur\u012bgu gar\u0161u un gandar\u012bjumu.<\/li>\n<li><strong>Dvesienu skaits<\/strong>: L\u012bdz 7000 dvesienu ilgsto\u0161ai lieto\u0161anai.<\/li>\n<li><strong>Uzl\u0101de<\/strong>: Apr\u012bkots ar USB-C piesl\u0113gvietu \u0101trai un \u0113rtai uzl\u0101dei.<\/li>\n<li><strong>Spoles veids<\/strong>: Uzlabota t\u012bkla spole vienm\u0113r\u012bg\u0101kam un arom\u0101tisk\u0101kam tvaikam.<\/li>\n<li><strong>Apgaismojuma funkcija<\/strong>: RGB tvertnes apgaismojums pie\u0161\u0137ir stil\u012bgu un dinamisku vizu\u0101lo elementu.<\/li>\n<\/ul>\n<h2><strong>Tornado Vape Randm 7k dvesienu gar\u0161u saraksts:<\/strong><\/h2>\n<p>1 V\u0113ss piparm\u0113tra<br \/>\n2 Sul\u012bgs ledus<br \/>\n3 Mandar\u012bnu ledus<br \/>\n4 Zeme\u0146u donuts<br \/>\n5 L\u0101c\u012btis<br \/>\n6 Mellenes uz ledus<br \/>\n7 Mango uz ledus<br \/>\n8 Persiku ledus<br \/>\n9 Ban\u0101nu ledus<br \/>\n10 V\u012bnogu ledus<br \/>\n11 Roz\u0101 limon\u0101de<br \/>\n12 Pina Colada rums<br \/>\n13 Jauktas ogas<br \/>\n14 Ban\u0101nu kokteilis<br \/>\n15 Zeme\u0146u arb\u016bzs<br \/>\n16 Sarkano \u0101bolu citrons<br \/>\n17 Anan\u0101su ledus<br \/>\n18 Cukura vate<br \/>\n19 Zeme\u0146u ban\u0101ns<br \/>\n20 Zeme\u0146u ledus<br \/>\n21 Zeme\u0146u kivi<br \/>\n22.Sarkano ener\u0123ijas ledus<br \/>\n23.Zilo ave\u0146u limon\u0101de<br \/>\n24.Sarkano \u0101bolu ledus<br \/>\n25.Ogu limon\u0101de<br \/>\n26.Melle\u0146u ko\u0161\u013c\u0101jam\u0101 gumija<br \/>\n27.Zilo sk\u0101bo ave\u0146u<br \/>\n28.Dr. Blue<br \/>\n29.\u0100bolu persiku bumbieris<br \/>\n30.Melle\u0146u gran\u0101t\u0101bols<br \/>\n31. Vimto<br \/>\n32.Kivi pasifloru gvajava<br \/>\n33. Kolaice<br \/>\n34. Sk\u0101bais \u0101bols<br \/>\n35. Upe\u0146u mentols<br \/>\n36. T\u012b\u0123era asinis<br \/>\n37. Persiku melle\u0146u konfekte<br \/>\n38. Persiku mango<br \/>\n39. Zeme\u0146u Red Bull<br \/>\n40. Upe\u0146u ledus<br \/>\n41. Zeme\u0146u arb\u016bzu limon\u0101de<br \/>\n42. \u0136irsis<br \/>\n43. Zilo ave\u0146u \u0137irsis<br \/>\n44. Skittles<br \/>\n45. Melle\u0146u ave\u0146u<br \/>\n46. Zeme\u0146u v\u012bnogas<br \/>\n47. Melle\u0146u \u0137ir\u0161u dz\u0113rve\u0146u<br \/>\n48. \u0100bolu ogu spr\u0101dziens<br \/>\n49. \u0136ir\u0161u kola<br \/>\n50. Citrons<br \/>\n51. Roz\u0101 spr\u0101dziens<br \/>\n52. Klus\u0101 oke\u0101na dzes\u0113t\u0101js<br \/>\n53. Ledus pop<br \/>\n54. Bingo simp\u0101tija<br \/>\n55. Vimto Crush<br \/>\n56.Tabaka<\/p>\n<div role=\"article\" data-tabster=\"{&quot;groupper&quot;:{&quot;tabbability&quot;:2},&quot;focusable&quot;:{}}\" data-content=\"ai-message\" aria-labelledby=\"dARUyEWDoEYhnSPXFwx5A-author dARUyEWDoEYhnSPXFwx5A-content\">\n<div id=\"dARUyEWDoEYhnSPXFwx5A-content\">\n<h2>K\u0101p\u0113c izv\u0113l\u0113ties RandM Tornado 7000 Puffs Vapes <a href=\"https:\/\/vapestornado.com\/lv\/store\/\">vapestornado.com<\/a>?<\/h2>\n<p><strong>1. Izcila tvertnes ietilp\u012bba<\/strong>: RandM Tornado 7000 Puffs Vape ir ar izcilu 15 ml tvertnes ietilp\u012bbu, kas nodro\u0161ina ilgsto\u0161as iztvaiko\u0161anas sesijas bez nepiecie\u0161am\u012bbas past\u0101v\u012bgi uzpild\u012bt. Lieliski piem\u0113rots gar\u0101m dien\u0101m un nep\u0101rtrauktai baud\u012b\u0161anai.<\/p>\n<p><strong>2. Iztur\u012bga akumulatora veiktsp\u0113ja<\/strong>: Ar 850 mAh uzl\u0101d\u0113jamu akumulatoru \u0161\u012b ier\u012bce garant\u0113 nep\u0101rtrauktu un uzticamu darb\u012bbu, nodro\u0161inot, ka j\u016bs nekad nepalaid\u012bsiet gar\u0101m nevienu mirkli, neatkar\u012bgi no t\u0101, vai atrodaties m\u0101j\u0101s vai ce\u013c\u0101.<\/p>\n<p><strong>3. Gar\u0161u daudzveid\u012bba<\/strong>: Sader\u012bgs ar da\u017e\u0101diem e-\u0161\u0137idrumiem, RandM Tornado 7000 \u013cauj jums piel\u0101got savu iztvaic\u0113\u0161anas pieredzi. No svaigu aug\u013cu mais\u012bjumiem l\u012bdz bag\u0101t\u012bg\u0101m tabakas gar\u0161\u0101m, j\u016bsu iesp\u0113jas ir bezgal\u012bgas.<\/p>\n<p><strong>4. Uzlabota t\u012bkla spoles tehnolo\u0123ija<\/strong>: Novatorisk\u0101 t\u012bkla spoles tehnolo\u0123ija nodro\u0161ina optim\u0101lu gar\u0161as att\u012bst\u012bbu un tvaiku ra\u017eo\u0161anu, p\u0101rv\u0113r\u0161ot katru dvesmu par izcilu gar\u0161as saj\u016btu. Izbaudiet gar\u0161as intensit\u0101tes maksimumu ar katru ieelpu.<\/p>\n<p><strong>5. Lietot\u0101jam draudz\u012bgs dizains<\/strong>: Ar vieglu uzpild\u012b\u0161anu un praktisku USB-C uzl\u0101des sist\u0113mu, RandM Tornado 7000 ir paredz\u0113ts \u0113rt\u012bbai un efektivit\u0101tei. Tas ir ne tikai jaud\u012bgs, bet ar\u012b neticami viegli lietojams.<\/p>\n<p>Izv\u0113lieties RandM Tornado 7000 Puffs Vape Pod no <a href=\"https:\/\/vapestornado.com\/lv\/store\/\">vapestornado.com<\/a> pieredzei, kas apvieno grezn\u012bbu, veiktsp\u0113ju un daudzpus\u012bbu.<\/p>\n<\/div>\n<\/div>\n<h2>Bie\u017ei uzdotie jaut\u0101jumi par RandM Tornado 7000 Puffs atk\u0101rtoti uzl\u0101d\u0113jamo vape<\/h2>\n<p><strong>J: Cik dvesmu es varu sagaid\u012bt no RandM Tornado 7000?<\/strong><\/p>\n<p><strong>A:<\/strong> RandM Tornado 7000 pied\u0101v\u0101 aptuveni 7000 dvesmu uz ier\u012bci, nodro\u0161inot ilgsto\u0161u iztvaic\u0113\u0161anas pieredzi.<\/p>\n<p><strong>J: K\u0101da ir RandM Tornado 7000 akumulatora ietilp\u012bba?<\/strong><\/p>\n<p><strong>A:<\/strong> RandM Tornado 7000 ir apr\u012bkots ar 850 mAh uzl\u0101d\u0113jamu akumulatoru, kas nodro\u0161ina konsekventu veiktsp\u0113ju un uzticam\u012bbu.<\/p>\n<p><strong>J: K\u0101 es varu uzl\u0101d\u0113t RandM Tornado 7000 dvesmu vape pildspalvu?<\/strong><\/p>\n<p><strong>A:<\/strong> Ier\u012bcei ir USB-C uzl\u0101des ports, kas padara uzl\u0101di vieglu. Vienk\u0101r\u0161i pievienojiet ier\u012bci sader\u012bgam l\u0101d\u0113t\u0101jam un uzl\u0101d\u0113jiet p\u0113c vajadz\u012bbas.<\/p>\n<p><strong>J: K\u0101da e-\u0161\u0137idruma ietilp\u012bba ir RandM Tornado 7000 dvesm\u0101m?<\/strong><\/p>\n<p><strong>A:<\/strong> RandM Tornado 7k dvesmu tvertnes ietilp\u012bba ir 15 ml, nodro\u0161inot ilgsto\u0161u lieto\u0161anu bez bie\u017eas uzpildes.<\/p>\n<p>&nbsp;<\/p>","protected":false},"excerpt":{"rendered":"<p><strong>Ieg\u0101d\u0101jieties Randm Tornado 7000 dvesienus par pazemin\u0101tu cenu jau \u0161odien<\/strong><\/p>\n<p><strong>Pieejama vairumtirdzniec\u012bbas cena Randm Tornado 7000 dvesienu veipiem<\/strong><\/p>\n<p><strong>Ieg\u0101d\u0101jieties vairum\u0101 Randm Tornado 7000 dvesienu veipu, lai g\u016btu maksim\u0101lus ietaup\u012bjumus<\/strong><\/p>\n<figure id=\"attachment_2951\" aria-describedby=\"caption-attachment-2951\" style=\"width: 265px\" class=\"wp-caption alignnone\"><img decoding=\"async\" class=\"size-medium wp-image-2951\" src=\"https:\/\/vapestornado.com\/wp-content\/uploads\/2024\/12\/Wholesale-Disposable-Vape-265x300.jpg\" alt=\"Vienreiz\u0113j\u0101s lieto\u0161anas Vape vairumtirdzniec\u012bba\" width=\"265\" height=\"300\" srcset=\"https:\/\/vapestornado.com\/wp-content\/uploads\/2024\/12\/Wholesale-Disposable-Vape-265x300.jpg 265w, https:\/\/vapestornado.com\/wp-content\/uploads\/2024\/12\/Wholesale-Disposable-Vape-768x871.jpg 768w, https:\/\/vapestornado.com\/wp-content\/uploads\/2024\/12\/Wholesale-Disposable-Vape-600x680.jpg 600w, https:\/\/vapestornado.com\/wp-content\/uploads\/2024\/12\/Wholesale-Disposable-Vape.jpg 823w\" sizes=\"(max-width: 265px) 100vw, 265px\" \/><figcaption id=\"caption-attachment-2951\" class=\"wp-caption-text\">L\u016bdzu, sazinieties ar Mandiju WhatsApp, lai sa\u0146emtu atlaides cenu\u00a0 <a href=\"https:\/\/wa.me\/8618077105796\">+8618077105796<\/a><\/figcaption><\/figure>\n<p>&nbsp;<\/p>","protected":false},"featured_media":3117,"comment_status":"open","ping_status":"closed","template":"","meta":{"_acf_changed":false,"_uag_custom_page_level_css":"","_lmt_disableupdate":"no","_lmt_disable":"","_monsterinsights_skip_tracking":false,"_monsterinsights_sitenote_active":false,"_monsterinsights_sitenote_note":"","_monsterinsights_sitenote_category":0,"site-sidebar-layout":"default","site-content-layout":"","ast-site-content-layout":"default","site-content-style":"default","site-sidebar-style":"default","ast-global-header-display":"","ast-banner-title-visibility":"","ast-main-header-display":"","ast-hfb-above-header-display":"","ast-hfb-below-header-display":"","ast-hfb-mobile-header-display":"","site-post-title":"","ast-breadcrumbs-content":"","ast-featured-img":"","footer-sml-layout":"","ast-disable-related-posts":"","theme-transparent-header-meta":"default","adv-header-id-meta":"","stick-header-meta":"","header-above-stick-meta":"","header-main-stick-meta":"","header-below-stick-meta":"","astra-migrate-meta-layouts":"set","ast-page-background-enabled":"default","ast-page-background-meta":{"desktop":{"background-color":"","background-image":"","background-repeat":"repeat","background-position":"center center","background-size":"auto","background-attachment":"scroll","background-type":"","background-media":"","overlay-type":"","overlay-color":"","overlay-opacity":"","overlay-gradient":""},"tablet":{"background-color":"","background-image":"","background-repeat":"repeat","background-position":"center center","background-size":"auto","background-attachment":"scroll","background-type":"","background-media":"","overlay-type":"","overlay-color":"","overlay-opacity":"","overlay-gradient":""},"mobile":{"background-color":"","background-image":"","background-repeat":"repeat","background-position":"center center","background-size":"auto","background-attachment":"scroll","background-type":"","background-media":"","overlay-type":"","overlay-color":"","overlay-opacity":"","overlay-gradient":""}},"ast-content-background-meta":{"desktop":{"background-color":"var(--ast-global-color-5)","background-image":"","background-repeat":"repeat","background-position":"center center","background-size":"auto","background-attachment":"scroll","background-type":"","background-media":"","overlay-type":"","overlay-color":"","overlay-opacity":"","overlay-gradient":""},"tablet":{"background-color":"var(--ast-global-color-5)","background-image":"","background-repeat":"repeat","background-position":"center center","background-size":"auto","background-attachment":"scroll","background-type":"","background-media":"","overlay-type":"","overlay-color":"","overlay-opacity":"","overlay-gradient":""},"mobile":{"background-color":"var(--ast-global-color-5)","background-image":"","background-repeat":"repeat","background-position":"center center","background-size":"auto","background-attachment":"scroll","background-type":"","background-media":"","overlay-type":"","overlay-color":"","overlay-opacity":"","overlay-gradient":""}},"_joinchat":{"telephone":"+8618077105796"}},"product_brand":[],"product_cat":[58,74,153,154,148],"product_tag":[97,127],"class_list":{"0":"post-3103","1":"product","2":"type-product","3":"status-publish","4":"has-post-thumbnail","6":"product_cat-fumot-vape","7":"product_cat-7000-puff","8":"product_cat-buy-disposable-vapes-in-italy","9":"product_cat-buy-disposable-vapes-in-netherlands","10":"product_cat-tornado-disposable-vapes","11":"product_tag-hot-sale-disposable-vape","12":"product_tag-randm-tornado-7000","13":"desktop-align-left","14":"tablet-align-left","15":"mobile-align-left","17":"first","18":"instock","19":"sale","20":"shipping-taxable","21":"purchasable","22":"product-type-simple"},"acf":[],"uagb_featured_image_src":{"full":["https:\/\/vapestornado.com\/wp-content\/uploads\/2024\/12\/Randm-7000-Puff-Strawberry-Watermelon-Lemonade.jpg",800,800,false],"thumbnail":["https:\/\/vapestornado.com\/wp-content\/uploads\/2024\/12\/Randm-7000-Puff-Strawberry-Watermelon-Lemonade-150x150.jpg",150,150,true],"medium":["https:\/\/vapestornado.com\/wp-content\/uploads\/2024\/12\/Randm-7000-Puff-Strawberry-Watermelon-Lemonade-300x300.jpg",300,300,true],"medium_large":["https:\/\/vapestornado.com\/wp-content\/uploads\/2024\/12\/Randm-7000-Puff-Strawberry-Watermelon-Lemonade-768x768.jpg",768,768,true],"large":["https:\/\/vapestornado.com\/wp-content\/uploads\/2024\/12\/Randm-7000-Puff-Strawberry-Watermelon-Lemonade.jpg",800,800,false],"1536x1536":["https:\/\/vapestornado.com\/wp-content\/uploads\/2024\/12\/Randm-7000-Puff-Strawberry-Watermelon-Lemonade.jpg",800,800,false],"2048x2048":["https:\/\/vapestornado.com\/wp-content\/uploads\/2024\/12\/Randm-7000-Puff-Strawberry-Watermelon-Lemonade.jpg",800,800,false],"trp-custom-language-flag":["https:\/\/vapestornado.com\/wp-content\/uploads\/2024\/12\/Randm-7000-Puff-Strawberry-Watermelon-Lemonade.jpg",12,12,false],"woocommerce_thumbnail":["https:\/\/vapestornado.com\/wp-content\/uploads\/2024\/12\/Randm-7000-Puff-Strawberry-Watermelon-Lemonade-300x300.jpg",300,300,true],"woocommerce_single":["https:\/\/vapestornado.com\/wp-content\/uploads\/2024\/12\/Randm-7000-Puff-Strawberry-Watermelon-Lemonade-600x600.jpg",600,600,true],"woocommerce_gallery_thumbnail":["https:\/\/vapestornado.com\/wp-content\/uploads\/2024\/12\/Randm-7000-Puff-Strawberry-Watermelon-Lemonade-100x100.jpg",100,100,true]},"uagb_author_info":{"display_name":"ESMANDY","author_link":"https:\/\/vapestornado.com\/lv\/author\/"},"uagb_comment_info":0,"uagb_excerpt":"Grab Randm Tornado 7000 Puffs at a Discount Price Today Affordable Wholesale Price for Randm Tornado 7000 Puffs Vapes Bulk Buy Randm Tornado 7000 Puff Vape for Maximum Savings [caption id=\"attachment_2951\" align=\"alignnone\" width=\"265\"] Pls Contact Mandy's WhatsApp For Discount Price\u00a0 +8618077105796[\/caption] &nbsp;","_links":{"self":[{"href":"https:\/\/vapestornado.com\/lv\/wp-json\/wp\/v2\/product\/3103","targetHints":{"allow":["GET"]}}],"collection":[{"href":"https:\/\/vapestornado.com\/lv\/wp-json\/wp\/v2\/product"}],"about":[{"href":"https:\/\/vapestornado.com\/lv\/wp-json\/wp\/v2\/types\/product"}],"replies":[{"embeddable":true,"href":"https:\/\/vapestornado.com\/lv\/wp-json\/wp\/v2\/comments?post=3103"}],"wp:featuredmedia":[{"embeddable":true,"href":"https:\/\/vapestornado.com\/lv\/wp-json\/wp\/v2\/media\/3117"}],"wp:attachment":[{"href":"https:\/\/vapestornado.com\/lv\/wp-json\/wp\/v2\/media?parent=3103"}],"wp:term":[{"taxonomy":"product_brand","embeddable":true,"href":"https:\/\/vapestornado.com\/lv\/wp-json\/wp\/v2\/product_brand?post=3103"},{"taxonomy":"product_cat","embeddable":true,"href":"https:\/\/vapestornado.com\/lv\/wp-json\/wp\/v2\/product_cat?post=3103"},{"taxonomy":"product_tag","embeddable":true,"href":"https:\/\/vapestornado.com\/lv\/wp-json\/wp\/v2\/product_tag?post=3103"}],"curies":[{"name":"wp","href":"https:\/\/api.w.org\/{rel}","templated":true}]}}