{"id":3099,"date":"2024-12-12T08:20:28","date_gmt":"2024-12-12T08:20:28","guid":{"rendered":"https:\/\/vapestornado.com\/?post_type=product&#038;p=3099"},"modified":"2025-12-05T09:13:20","modified_gmt":"2025-12-05T09:13:20","slug":"vapme-shisha-hookah-15000-puff-rechargeable-disposable-vape-wholesale-poland","status":"publish","type":"product","link":"https:\/\/vapestornado.com\/lv\/product\/vapme-shisha-hookah-15000-puff-rechargeable-disposable-vape-wholesale-poland\/","title":{"rendered":"Vapme Shisha \u016bdensp\u012bpe 15000 dvesmas atk\u0101rtoti uzl\u0101d\u0113jams vienreiz\u0113j\u0101s lieto\u0161anas veips vairumtirdzniec\u012bb\u0101 Latvija"},"content":{"rendered":"<h1 class=\"product-title\">Vapme Shisha \u016bdensp\u012bpe 15000 dvesmas atk\u0101rtoti uzl\u0101d\u0113jams vienreiz\u0113j\u0101s lieto\u0161anas veips vairumtirdzniec\u012bb\u0101 Latvija<\/h1>\n<p data-start=\"87\" data-end=\"383\">T\u0101 <strong data-start=\"91\" data-end=\"136\">Vapme Shisha Hookah 15000 vienreiz\u0113j\u0101s lieto\u0161anas vape<\/strong> nodro\u0161ina shisha stil\u0101 sesiju kompakt\u0101, viegli p\u0101rn\u0113s\u0101jam\u0101 korpus\u0101. Izstr\u0101d\u0101ts ilgam ikdienas lieto\u0161anai, tas sniedz darba laiku, ko cilv\u0113ki sagaida no <strong data-start=\"274\" data-end=\"307\">Vapme Shisha Hookah 15K p\u016b\u0161iem<\/strong> ier\u012bce, ko atbalsta 25ml iepriek\u0161pild\u012bts tvertne un uzl\u0101d\u0113jama jaudas sist\u0113ma.<\/p>\n<p data-start=\"385\" data-end=\"653\">\u0160is ir patiesi <strong data-start=\"400\" data-end=\"426\">15000 p\u016b\u0161u shisha vape<\/strong> izstr\u0101d\u0101ts ap atv\u0113rtu, gludu ieelpu. \u0160is <strong data-start=\"469\" data-end=\"506\">0.6\u03a9 shisha stila vienreiz\u0113j\u0101s lieto\u0161anas vape<\/strong> spole uzst\u0101d\u012bjums rada biez\u0101ku tvaiku un pla\u0161\u0101ku ieelpu nek\u0101 cie\u0161i MTL vienreiz\u0113j\u0101s lieto\u0161anas, dodot tuv\u0101ku hookah saj\u016btu bez jebk\u0101das uzst\u0101d\u012b\u0161anas, ogles vai net\u012brumiem.<\/p>\n<p data-start=\"655\" data-end=\"1025\">Tilpums ir balst\u012bts uz re\u0101lu \u0161\u0137idruma daudzumu. K\u0101 <strong data-start=\"702\" data-end=\"728\">Vapme Hookah vape 25ml<\/strong> modelis, tas nes pietiekami daudz e-\u0161\u0137idruma, lai atbilstu t\u0101 augstajam p\u016b\u0161u skaitam, t\u0101d\u0113j\u0101di lietot\u0101ji neizt\u0113r\u0113 ier\u012bci da\u017e\u0101s dien\u0101s. Kad akumulators ir iztuk\u0161ots, <strong data-start=\"876\" data-end=\"922\">Type-C uzl\u0101d\u0113jama shisha vienreiz\u0113j\u0101s lieto\u0161anas vape<\/strong> sist\u0113ma padara papildin\u0101\u0161anu \u0101tru un vienk\u0101r\u0161u, \u013caujot lietot\u0101jiem pabeigt pilnu tvertni, nevis to izmetot agr\u0101k.<\/p>\n<p data-start=\"1027\" data-end=\"1209\">Nikot\u012bns ir pieejams div\u0101s sapr\u0101t\u012bg\u0101s opcij\u0101s\u20140% arom\u0101ta sesij\u0101m un 2% vieglai ikdienas devai\u2014turkl\u0101t pla\u0161s arom\u0101tu kl\u0101sts, lai lietot\u0101ji var\u0113tu palikt pie t\u0101, kas vi\u0146iem pat\u012bk ilgtermi\u0146\u0101.<\/p>\n<p><strong style=\"font-size: 16px;\">Sazinieties ar Amy, lai sa\u0146emtu pareizo atbildi un vape kuponu!<\/strong><\/p>\n<p><img fetchpriority=\"high\" decoding=\"async\" class=\"size-full wp-image-2932\" src=\"https:\/\/vapestornado.com\/wp-content\/uploads\/2024\/12\/Vape-Wholesale.jpg\" alt=\"Veipu Vairumtirdzniec\u012bba\" width=\"229\" height=\"300\" \/><\/p>\n<h3><a href=\"https:\/\/wa.me\/8617776015835\" target=\"_blank\" rel=\"noopener\"><span style=\"color: #ff0000;\"><strong>WhatsApp: +86 17776015835<\/strong><\/span><\/a><\/h3>\n<p>&nbsp;<\/p>\n<h2><strong>Vapme Shisha Hookah 15000 produkta \u012bpa\u0161\u012bbas<\/strong><\/h2>\n<table>\n<thead>\n<tr>\n<th>\u012apa\u0161\u012bba<\/th>\n<th align=\"right\">Spec<\/th>\n<th>Skaidrojums<\/th>\n<\/tr>\n<\/thead>\n<tbody>\n<tr>\n<td>Produkts Nosaukums<\/td>\n<td align=\"right\">Vapme Shisha Hookah 15000<\/td>\n<td>Skaidrs nosaukums atk\u0101rtot\u0101m pas\u016bt\u012bjumiem un mekl\u0113\u0161anai.<\/td>\n<\/tr>\n<tr>\n<td>Pufiju ietilp\u012bba<\/td>\n<td align=\"right\">L\u012bdz 15 000 pufiem<\/td>\n<td>Ilg\u0101ks lieto\u0161anas laiks nek\u0101 standarta vienreizlietojamiem izstr\u0101d\u0101jumiem; ret\u0101ka nomai\u0146a.<\/td>\n<\/tr>\n<tr>\n<td>E-\u0161\u0137idruma tilpums<\/td>\n<td align=\"right\">25ml iepriek\u0161pild\u012bts<\/td>\n<td>Liels tanka atbalsta 15K v\u0113rt\u0113jumu.<\/td>\n<\/tr>\n<tr>\n<td>Spole \/ Pretest\u012bba<\/td>\n<td align=\"right\">0.6\u03a9<\/td>\n<td>Vair\u0101k atv\u0113rta ieelpa un biez\u0101ks tvaiks, tuv\u0101k \u0161\u012b\u0161as stilam.<\/td>\n<\/tr>\n<tr>\n<td>Akumulators<\/td>\n<td align=\"right\">650mAh uzl\u0101d\u0113jams<\/td>\n<td>Uzl\u0101d\u0113jiet, lai izmantotu pilnu tvertni.<\/td>\n<\/tr>\n<tr>\n<td>Uzl\u0101de<\/td>\n<td align=\"right\">USB Type-C<\/td>\n<td>Parasts kabe\u013ca standarts; \u0101tra uzl\u0101de.<\/td>\n<\/tr>\n<tr>\n<td>Nikot\u012bna opcijas<\/td>\n<td align=\"right\">0% \/ 2%<\/td>\n<td>Izv\u0113lieties tikai arom\u0101tu vai vieglu nikot\u012bna devu.<\/td>\n<\/tr>\n<tr>\n<td>Gar\u0161u opcijas<\/td>\n<td align=\"right\">24 gar\u0161as<\/td>\n<td>Pla\u0161s diapazons da\u017e\u0101d\u0101m v\u0113lm\u0113m un atk\u0101rtotai p\u0101rdo\u0161anai.<\/td>\n<\/tr>\n<tr>\n<td>Aktiviz\u0101cija<\/td>\n<td align=\"right\">Aktiviz\u0113jas ievelkot<\/td>\n<td>Nav pogu; ieelpojiet, lai uzpild\u012btu.<\/td>\n<\/tr>\n<\/tbody>\n<\/table>\n<h2 class=\"product-title\"><strong>Vapme 15000 E \u0160\u012b\u0161as arom\u0101tu saraksts<\/strong><\/h2>\n<ol start=\"1\">\n<li>Melle\u0146u ledus<\/li>\n<li>Kivi pasifloras gvajava<\/li>\n<li>Melle\u0146u ave\u0146u limon\u0101de<\/li>\n<li>Zeme\u0146u kivi<\/li>\n<li>Jauktas ogas<\/li>\n<li>Zeme\u0146u Arb\u016bzs<\/li>\n<li>V\u012bnogu ledus<\/li>\n<li>Arb\u016bzu ledus<\/li>\n<li>Persiku mango ananass<\/li>\n<li>Zeme\u0146u ledus<\/li>\n<li>Persiku ledus<\/li>\n<li>Mango ban\u0101ns<\/li>\n<li>\u0136ir\u0161u ogu<\/li>\n<li>Melle\u0146u ave\u0146u<\/li>\n<li>M\u012blest\u012bba 66<\/li>\n<li>Arb\u016bzu v\u0113rsis<\/li>\n<li>Zeme\u0146u v\u012bnoga<\/li>\n<li>Zeme\u0146u ave\u0146u konfektes<\/li>\n<li>Mamba<\/li>\n<li>Arb\u016bzu \u0137irsis<\/li>\n<li>Sald\u0113ts \u0101bols<\/li>\n<li>Citronu piparm\u0113tra<\/li>\n<li>Upe\u0146u ledus<\/li>\n<li>Anan\u0101su kokteilis<\/li>\n<\/ol>\n<h3>K\u0101p\u0113c izv\u0113l\u0113ties vapestornado Vapme 15000 dvesienu vape vairumtirdzniec\u012bbai?<\/h3>\n<div class=\"flex-shrink-0 flex flex-col relative items-end\">\n<div class=\"pt-0\">\n<div class=\"gizmo-bot-avatar flex h-8 w-8 items-center justify-center overflow-hidden rounded-full\">\n<div class=\"relative p-1 rounded-sm flex items-center justify-center bg-token-main-surface-primary text-token-text-primary h-8 w-8\">\n<p>Laipni l\u016bdzam vapestornado, j\u016bsu uzticamaj\u0101 tie\u0161saistes vape veikal\u0101, kur\u0101 var ieg\u0101d\u0101ties augst\u0101k\u0101s kvalit\u0101tes vienreiz\u0113j\u0101s lieto\u0161anas vapes. Ar vair\u0101k nek\u0101 5 gadu pieredzi m\u0113s pied\u0101v\u0101jam popul\u0101rus vienreiz\u0113j\u0101s lieto\u0161anas vape z\u012bmolus, piem\u0113ram, Fumot RandM Vape, <a href=\"https:\/\/vapestornado.com\/lv\/product\/vapme-crystal-7000-puffs-rechargeable-disposable-vape-wholesale-cheap-price\/\">Vapme<\/a>, Bang Vape, Waspe Vape un WGA Vape, u.c.<\/p>\n<p>M\u016bsu kl\u0101st\u0101 ir iek\u013cauti karstie izp\u0101rdo\u0161anas veipi, piem\u0113ram, <a href=\"https:\/\/vapestornado.com\/lv\/product\/fumot-randm-tornado-15000-puffs-rechargeable-disposable-vape-wholesale\/\">RandM Tornado 15000<\/a>, un bag\u0101t\u012bgas gar\u0161as izv\u0113les, piem\u0113ram, <a href=\"https:\/\/vapestornado.com\/lv\/product\/waspe-40000-puffs-double-flavour-led-display-disposable-vape-wholesale\/\">WASPE dubult\u0101s gar\u0161as 40000 uzp\u016btienu<\/a> . Katrs produkts ir izv\u0113l\u0113ts, koncentr\u0113joties uz kvalit\u0101ti, v\u0113rt\u012bbu un daudzveid\u012bbu, nodro\u0161inot, ka j\u016bs atrad\u012bsiet perfektu atbilst\u012bbu sav\u0101m vajadz\u012bb\u0101m. Atkl\u0101jiet izcilu servisu un pla\u0161u popul\u0101r\u0101ko produktu kl\u0101stu par vairumtirdzniec\u012bbas cen\u0101m vietn\u0113 vapestornado.<\/p>\n<\/div>\n<h3><\/h3>\n<div class=\"relative p-1 rounded-sm flex items-center justify-center bg-token-main-surface-primary text-token-text-primary h-8 w-8\">\n<h3>BUJ par Vapme Shisha 15000 dvesienu vienreiz\u0113j\u0101s lieto\u0161anas vape<\/h3>\n<p data-start=\"2743\" data-end=\"2944\"><strong data-start=\"2743\" data-end=\"2812\">1. Vai man nepiecie\u0161ams \u012bpa\u0161s l\u0101d\u0113t\u0101js Vapme \u0160\u012b\u0161a 15K?<\/strong><br data-start=\"2812\" data-end=\"2815\" \/>N\u0113. The <strong data-start=\"2823\" data-end=\"2861\">Vapme \u0160\u012b\u0161a 15K vienreizlietojama<\/strong> uzl\u0101d\u0113jas caur <strong data-start=\"2874\" data-end=\"2888\">USB Type-C<\/strong>, t\u0101p\u0113c der jebkur\u0161 standarta Type-C kabelis un dro\u0161s adapters.<\/p>\n<p data-start=\"2946\" data-end=\"3170\"><strong data-start=\"2946\" data-end=\"3021\">2. Vai Vapme \u0160\u012b\u0161a 15000 ir tuv\u0101k \u0161\u012b\u0161as vai cigaretes ieelpai?<\/strong><br data-start=\"3021\" data-end=\"3024\" \/>T\u0101 ir tuv\u0101k \u0161\u012b\u0161ai. The <strong data-start=\"3045\" data-end=\"3058\">0.6\u03a9 spole<\/strong> uz <strong data-start=\"3066\" data-end=\"3100\">Vapme \u0160\u012b\u0161a 15000 vape<\/strong> sniedz pla\u0161\u0101ku ieelpu un bl\u012bv\u0101ku tvaiku nek\u0101 cie\u0161i MTL vienreizlietojamie.<\/p>\n<p data-start=\"3172\" data-end=\"3428\"><strong data-start=\"3172\" data-end=\"3247\">3. K\u0101ds nikot\u012bna l\u012bmenis ir pieejams no Vapme 15k \u0161\u012b\u0161as kl\u0101sta?<\/strong><br data-start=\"3247\" data-end=\"3250\" \/>Ir divas iesp\u0113jas: <strong data-start=\"3273\" data-end=\"3279\">0%<\/strong> bez nikot\u012bna un <strong data-start=\"3300\" data-end=\"3306\">2%<\/strong> uz vieglu, stabilu sitienu. The <strong data-start=\"3336\" data-end=\"3377\">Vapme 150000 \u0160i\u0161a 2% nikot\u012bns<\/strong> versija ir piem\u0113rota sm\u0113\u0137\u0113t\u0101jiem, kuri v\u0113las kaut ko m\u0113renu.<\/p>\n<p data-start=\"3430\" data-end=\"3683\"><strong data-start=\"3430\" data-end=\"3510\">4. Cik ilgi vienreiz\u0113j\u0101 Vapme \u0160i\u0161a 15000 ilgst ikdienas lieto\u0161an\u0101?<\/strong><br data-start=\"3510\" data-end=\"3513\" \/>Lieto\u0161anas ilgums ir at\u0161\u0137ir\u012bgs, bet <strong data-start=\"3535\" data-end=\"3557\">15 000 pufa nov\u0113rt\u0113jums<\/strong> plus <strong data-start=\"3563\" data-end=\"3578\">25 ml \u0161\u0137idruma<\/strong> parasti ilg\u0101k nek\u0101 mazi vienreiz\u0113jie, \u012bpa\u0161i, ja nepiecie\u0161ams, uzl\u0101d\u0113jat akumulatoru.<\/p>\n<p data-start=\"3685\" data-end=\"3961\"><strong data-start=\"3685\" data-end=\"3758\">5. K\u0101das gar\u0161as ir pieejamas Vapme \u0160i\u0161a 15k puffs?<\/strong><br data-start=\"3758\" data-end=\"3761\" \/>\u0160is <strong data-start=\"3765\" data-end=\"3801\">Vapme <\/strong>\u00a0vape l\u012bnija pied\u0101v\u0101 <strong data-start=\"3814\" data-end=\"3828\">24 gar\u0161as<\/strong>, aptverot aug\u013cu, ledus un sald\u0101kas mais\u012bjumus. Veikali var uzglab\u0101t sortimentu, balstoties uz viet\u0113jo piepras\u012bjumu, un lietot\u0101ji var palikt pie paz\u012bstama profila.<\/p>\n<\/div>\n<\/div>\n<\/div>\n<\/div>","protected":false},"excerpt":{"rendered":"<p>Vapme Shisha Hookah 15000 Vienreiz\u0113j\u0101s lieto\u0161anas Vape Lielapjoma Pirkums L\u0113ta Cena<br \/>\nVapme 15K P\u016b\u0161u Vienreiz\u0113j\u0101s lieto\u0161anas Shisha Hookah Vairumtirdzniec\u012bbas Cena<br \/>\nVapme Shisha 15k Uzl\u0101d\u0113jams Vape ar Pilniem Arom\u0101tiem Noliktav\u0101<\/p>\n<p><strong>Pievienojiet Eimijas whatsapp, lai sa\u0146emtu pareizu atbildi un iztvaic\u0113t\u0101ja kuponu!<\/strong><\/p>\n<p><img fetchpriority=\"high\" decoding=\"async\" class=\"size-full wp-image-2932\" src=\"https:\/\/vapestornado.com\/wp-content\/uploads\/2024\/12\/Vape-Wholesale.jpg\" alt=\"Veipu Vairumtirdzniec\u012bba\" width=\"229\" height=\"300\" \/><\/p>\n<h3><a href=\"https:\/\/wa.me\/8617776015835\"><span style=\"color: #ff0000;\"><strong>WhatsApp: +86 17776015835<\/strong><\/span><\/a><\/h3>\n<p>&nbsp;<\/p>","protected":false},"featured_media":3094,"comment_status":"open","ping_status":"closed","template":"","meta":{"_acf_changed":false,"_uag_custom_page_level_css":"","_lmt_disableupdate":"no","_lmt_disable":"","_monsterinsights_skip_tracking":false,"_monsterinsights_sitenote_active":false,"_monsterinsights_sitenote_note":"","_monsterinsights_sitenote_category":0,"site-sidebar-layout":"default","site-content-layout":"","ast-site-content-layout":"default","site-content-style":"default","site-sidebar-style":"default","ast-global-header-display":"","ast-banner-title-visibility":"","ast-main-header-display":"","ast-hfb-above-header-display":"","ast-hfb-below-header-display":"","ast-hfb-mobile-header-display":"","site-post-title":"","ast-breadcrumbs-content":"","ast-featured-img":"","footer-sml-layout":"","ast-disable-related-posts":"","theme-transparent-header-meta":"default","adv-header-id-meta":"","stick-header-meta":"","header-above-stick-meta":"","header-main-stick-meta":"","header-below-stick-meta":"","astra-migrate-meta-layouts":"set","ast-page-background-enabled":"default","ast-page-background-meta":{"desktop":{"background-color":"","background-image":"","background-repeat":"repeat","background-position":"center center","background-size":"auto","background-attachment":"scroll","background-type":"","background-media":"","overlay-type":"","overlay-color":"","overlay-opacity":"","overlay-gradient":""},"tablet":{"background-color":"","background-image":"","background-repeat":"repeat","background-position":"center center","background-size":"auto","background-attachment":"scroll","background-type":"","background-media":"","overlay-type":"","overlay-color":"","overlay-opacity":"","overlay-gradient":""},"mobile":{"background-color":"","background-image":"","background-repeat":"repeat","background-position":"center center","background-size":"auto","background-attachment":"scroll","background-type":"","background-media":"","overlay-type":"","overlay-color":"","overlay-opacity":"","overlay-gradient":""}},"ast-content-background-meta":{"desktop":{"background-color":"var(--ast-global-color-5)","background-image":"","background-repeat":"repeat","background-position":"center center","background-size":"auto","background-attachment":"scroll","background-type":"","background-media":"","overlay-type":"","overlay-color":"","overlay-opacity":"","overlay-gradient":""},"tablet":{"background-color":"var(--ast-global-color-5)","background-image":"","background-repeat":"repeat","background-position":"center center","background-size":"auto","background-attachment":"scroll","background-type":"","background-media":"","overlay-type":"","overlay-color":"","overlay-opacity":"","overlay-gradient":""},"mobile":{"background-color":"var(--ast-global-color-5)","background-image":"","background-repeat":"repeat","background-position":"center center","background-size":"auto","background-attachment":"scroll","background-type":"","background-media":"","overlay-type":"","overlay-color":"","overlay-opacity":"","overlay-gradient":""}},"_joinchat":{"telephone":"+8617776015835"}},"product_brand":[],"product_cat":[71,150,154,156,144,146,147,61],"product_tag":[131,93,132,130],"class_list":{"0":"post-3099","1":"product","2":"type-product","3":"status-publish","4":"has-post-thumbnail","6":"product_cat-15000-puff","7":"product_cat-buy-disposable-vapes-in-belgium","8":"product_cat-buy-disposable-vapes-in-netherlands","9":"product_cat-buy-disposable-vapes-in-poland","10":"product_cat-low-nicotine-disposable-vapes","11":"product_cat-rechargeable-disposable-vapes","12":"product_cat-shisha-hookah-disposable-vapes","13":"product_cat-vapme-shisha","14":"product_tag-shisha-hookah","15":"product_tag-vape-wholesale","16":"product_tag-vapme-shisha-15000","17":"product_tag-vapme-shisha-hookah-15000","18":"desktop-align-left","19":"tablet-align-left","20":"mobile-align-left","22":"first","23":"instock","24":"sale","25":"shipping-taxable","26":"purchasable","27":"product-type-simple"},"acf":[],"uagb_featured_image_src":{"full":["https:\/\/vapestornado.com\/wp-content\/uploads\/2024\/12\/JNR-Vapme-Shisha-Hookah-15000-Wholesale.jpg",1126,1126,false],"thumbnail":["https:\/\/vapestornado.com\/wp-content\/uploads\/2024\/12\/JNR-Vapme-Shisha-Hookah-15000-Wholesale-150x150.jpg",150,150,true],"medium":["https:\/\/vapestornado.com\/wp-content\/uploads\/2024\/12\/JNR-Vapme-Shisha-Hookah-15000-Wholesale-300x300.jpg",300,300,true],"medium_large":["https:\/\/vapestornado.com\/wp-content\/uploads\/2024\/12\/JNR-Vapme-Shisha-Hookah-15000-Wholesale-768x768.jpg",768,768,true],"large":["https:\/\/vapestornado.com\/wp-content\/uploads\/2024\/12\/JNR-Vapme-Shisha-Hookah-15000-Wholesale-1024x1024.jpg",1024,1024,true],"1536x1536":["https:\/\/vapestornado.com\/wp-content\/uploads\/2024\/12\/JNR-Vapme-Shisha-Hookah-15000-Wholesale.jpg",1126,1126,false],"2048x2048":["https:\/\/vapestornado.com\/wp-content\/uploads\/2024\/12\/JNR-Vapme-Shisha-Hookah-15000-Wholesale.jpg",1126,1126,false],"trp-custom-language-flag":["https:\/\/vapestornado.com\/wp-content\/uploads\/2024\/12\/JNR-Vapme-Shisha-Hookah-15000-Wholesale.jpg",12,12,false],"woocommerce_thumbnail":["https:\/\/vapestornado.com\/wp-content\/uploads\/2024\/12\/JNR-Vapme-Shisha-Hookah-15000-Wholesale-300x300.jpg",300,300,true],"woocommerce_single":["https:\/\/vapestornado.com\/wp-content\/uploads\/2024\/12\/JNR-Vapme-Shisha-Hookah-15000-Wholesale-600x600.jpg",600,600,true],"woocommerce_gallery_thumbnail":["https:\/\/vapestornado.com\/wp-content\/uploads\/2024\/12\/JNR-Vapme-Shisha-Hookah-15000-Wholesale-100x100.jpg",100,100,true]},"uagb_author_info":{"display_name":"ESAMY","author_link":"https:\/\/vapestornado.com\/lv\/author\/"},"uagb_comment_info":0,"uagb_excerpt":"Vapme Shisha Hookah 15000 Disposable Vape Bulk Buy Cheap Price Vapme 15K Puff Disposable Shisha Hookah Wholesale Price Vapme Shisha 15k Rechargeable Vape with Full Flavors in Stock Add Amy's whatsapp get right reply and vape vape coupon! WhatsApp: +86 17776015835 &nbsp;","_links":{"self":[{"href":"https:\/\/vapestornado.com\/lv\/wp-json\/wp\/v2\/product\/3099","targetHints":{"allow":["GET"]}}],"collection":[{"href":"https:\/\/vapestornado.com\/lv\/wp-json\/wp\/v2\/product"}],"about":[{"href":"https:\/\/vapestornado.com\/lv\/wp-json\/wp\/v2\/types\/product"}],"replies":[{"embeddable":true,"href":"https:\/\/vapestornado.com\/lv\/wp-json\/wp\/v2\/comments?post=3099"}],"wp:featuredmedia":[{"embeddable":true,"href":"https:\/\/vapestornado.com\/lv\/wp-json\/wp\/v2\/media\/3094"}],"wp:attachment":[{"href":"https:\/\/vapestornado.com\/lv\/wp-json\/wp\/v2\/media?parent=3099"}],"wp:term":[{"taxonomy":"product_brand","embeddable":true,"href":"https:\/\/vapestornado.com\/lv\/wp-json\/wp\/v2\/product_brand?post=3099"},{"taxonomy":"product_cat","embeddable":true,"href":"https:\/\/vapestornado.com\/lv\/wp-json\/wp\/v2\/product_cat?post=3099"},{"taxonomy":"product_tag","embeddable":true,"href":"https:\/\/vapestornado.com\/lv\/wp-json\/wp\/v2\/product_tag?post=3099"}],"curies":[{"name":"wp","href":"https:\/\/api.w.org\/{rel}","templated":true}]}}