{"id":3083,"date":"2024-12-11T09:26:24","date_gmt":"2024-12-11T09:26:24","guid":{"rendered":"https:\/\/vapestornado.com\/?post_type=product&#038;p=3083"},"modified":"2025-08-23T11:13:51","modified_gmt":"2025-08-23T11:13:51","slug":"randm-vape-tornado-7000-puffs-disposable-vape-bulk-buy-price-germany","status":"publish","type":"product","link":"https:\/\/vapestornado.com\/lv\/product\/randm-vape-tornado-7000-puffs-disposable-vape-bulk-buy-price-germany\/","title":{"rendered":"RandM Vape Tornado 7000 Uzp\u016b\u0161an\u0101s Vienreiz\u0113j\u0101s Lieto\u0161anas Vape Lielapjoma Pirkuma Cena V\u0101cija"},"content":{"rendered":"<h1 class=\"product-title\">RandM Vape Tornado 7000 Uzp\u016b\u0161an\u0101s Vienreiz\u0113j\u0101s Lieto\u0161anas Vape Lielapjoma Pirkuma Cena V\u0101cija<\/h1>\n<p data-start=\"178\" data-end=\"507\">T\u0101 <strong data-start=\"182\" data-end=\"220\">RandM Tornado 7000 vienreiz\u0113j\u0101s lieto\u0161anas vape<\/strong> ir sp\u0113c\u012bgs p\u0101rdev\u0113js V\u0101cijas tirg\u016b, apvienojot uzticamu veiktsp\u0113ju ar pla\u0161u gar\u0161as pievilc\u012bbu par konkur\u0113tsp\u0113j\u012bgu <strong data-start=\"336\" data-end=\"354\">lielo pas\u016bt\u012bjumu cenu<\/strong>. Ar l\u012bdz pat <strong data-start=\"367\" data-end=\"391\">7000 uzp\u016btieniem vien\u0101 vien\u012bb\u0101<\/strong>, \u0161is modelis pied\u0101v\u0101 mazumtirgot\u0101jiem pieejamu, bet iztur\u012bgu iesp\u0113ju klientiem, kuri mekl\u0113 gan gar\u0161u, gan \u0113rt\u012bbas.<span id=\"1\" class=\"notranslate immersive-translate-target-wrapper\" lang=\"zh-CN\" translate=\"no\" data-immersive-translate-loading-id=\"\">\u00a0 <\/span><\/p>\n<p data-start=\"509\" data-end=\"785\">Apr\u012bkots ar <strong data-start=\"525\" data-end=\"557\">1000mAh uzl\u0101d\u0113jams akumulators<\/strong> un <strong data-start=\"562\" data-end=\"586\">C tipa \u0101tr\u0101 uzl\u0101de<\/strong>, RandM 7K nodro\u0161ina nep\u0101rtrauktu lieto\u0161anu bez iz\u0161\u0137\u0113rd\u0113tas e-\u0161\u0137idruma. An <strong data-start=\"654\" data-end=\"683\">regul\u0113jama gaisa pl\u016bsmas sist\u0113ma<\/strong> \u013cauj lietot\u0101jiem p\u0101rsl\u0113gties starp stingr\u0101kiem vai atv\u0113rt\u0101kiem vilkumiem, padarot to piem\u0113rotu da\u017e\u0101d\u0101m v\u0113lm\u0113m.<\/p>\n<p data-start=\"787\" data-end=\"1022\">Ar <strong data-start=\"792\" data-end=\"816\">56 gar\u0161u vari\u0101cijas<\/strong> s\u0101kot no aug\u013cu l\u012bdz desertu profiliem, \u0161\u012b ier\u012bce apmierina da\u017e\u0101das V\u0101cijas klientu b\u0101zes. The <strong data-start=\"915\" data-end=\"938\">zema nikot\u012bna form\u0101ts<\/strong> (2% vai zem\u0101k) padara to par pievilc\u012bgu iesp\u0113ju veipot\u0101jiem, kuri mekl\u0113 vienm\u0113r\u012bg\u0101kas sesijas.<\/p>\n<p data-start=\"1024\" data-end=\"1096\">Izplat\u012bt\u0101jiem un veikalu \u012bpa\u0161niekiem <strong data-start=\"1062\" data-end=\"1084\">RandM Tornado 7000<\/strong> nodro\u0161ina:<\/p>\n<ul data-start=\"1097\" data-end=\"1349\">\n<li data-start=\"1097\" data-end=\"1151\">\n<p data-start=\"1099\" data-end=\"1151\">Vid\u0113ja diapazona uzp\u016btienu ietilp\u012bba, kas ir ide\u0101li piem\u0113rota ikdienas p\u0101rdo\u0161anai<\/p>\n<\/li>\n<li data-start=\"1152\" data-end=\"1200\">\n<p data-start=\"1154\" data-end=\"1200\">Pla\u0161s gar\u0161u katalogs atk\u0101rtotiem pirkumiem<\/p>\n<\/li>\n<li data-start=\"1201\" data-end=\"1257\">\n<p data-start=\"1203\" data-end=\"1257\">Uzl\u0101d\u0113jams dizains, samazinot atgrie\u0161anu un s\u016bdz\u012bbas<\/p>\n<\/li>\n<li data-start=\"1258\" data-end=\"1349\">\n<p data-start=\"1260\" data-end=\"1349\"><strong data-start=\"1260\" data-end=\"1312\">Vairumtirdzniec\u012bbas iepakojums un konkur\u0113tsp\u0113j\u012bgas vairumtirdzniec\u012bbas cenas<\/strong> piel\u0101gots ES un V\u0101cijas tirgiem<\/p>\n<\/li>\n<\/ul>\n<p><strong>Pievienojiet Eimijas Whatsapp, lai sa\u0146emtu pareizo atbildi un vape kuponu!<\/strong><\/p>\n<p><img fetchpriority=\"high\" decoding=\"async\" class=\"size-full wp-image-2932\" src=\"https:\/\/vapestornado.com\/wp-content\/uploads\/2024\/12\/Vape-Wholesale.jpg\" alt=\"Veipu Vairumtirdzniec\u012bba\" width=\"229\" height=\"300\" \/><\/p>\n<h3><a href=\"https:\/\/wa.me\/8617776015835\" target=\"_blank\" rel=\"noopener\"><span style=\"color: #ff0000;\"><strong>WhatsApp: +86 17776015835<\/strong><\/span><\/a><\/h3>\n<p>&nbsp;<\/p>\n<h2><strong>RandM Tornado 7000 produkta \u012bpa\u0161\u012bbas<\/strong><\/h2>\n<p>Integr\u0113ts 1000 mAh akumulators<br \/>\nUzl\u0101d\u0113jams akumulators<br \/>\n7000 uzp\u016btienu vien\u0101 ier\u012bc\u0113<br \/>\nGaisa pl\u016bsmas kontrole<br \/>\nPieejamas 56 gar\u0161as<br \/>\nC tipa uzl\u0101de<\/p>\n<h2 class=\"product-title\"><strong>RandM Tornado 7000 gar\u0161u saraksts<\/strong><\/h2>\n<p>1 V\u0113ss piparm\u0113tra<br \/>\n2 Sul\u012bgs ledus<br \/>\n3 Mandar\u012bnu ledus<br \/>\n4 Zeme\u0146u donuts<br \/>\n5 L\u0101c\u012btis<br \/>\n6 Mellenes uz ledus<br \/>\n7 Mango uz ledus<br \/>\n8 Persiku ledus<br \/>\n9 Ban\u0101nu ledus<br \/>\n10 V\u012bnogu ledus<br \/>\n11 Roz\u0101 limon\u0101de<br \/>\n12 Pina Colada rums<br \/>\n13 Jauktas ogas<br \/>\n14 Ban\u0101nu kokteilis<br \/>\n15 Zeme\u0146u arb\u016bzs<br \/>\n16 Sarkano \u0101bolu citrons<br \/>\n17 Anan\u0101su ledus<br \/>\n18 Cukura vate<br \/>\n19 Zeme\u0146u ban\u0101ns<br \/>\n20 Zeme\u0146u ledus<br \/>\n21 Zeme\u0146u kivi<br \/>\n22.Sarkano ener\u0123ijas ledus<br \/>\n23.Zilo ave\u0146u limon\u0101de<br \/>\n24.Sarkano \u0101bolu ledus<br \/>\n25.Ogu limon\u0101de<br \/>\n26.Melle\u0146u ko\u0161\u013c\u0101jam\u0101 gumija<br \/>\n27.Zilo sk\u0101bo ave\u0146u<br \/>\n28.Dr. Blue<br \/>\n29.\u0100bolu persiku bumbieris<br \/>\n30.Melle\u0146u gran\u0101t\u0101bols<br \/>\n31. Vimto<br \/>\n32.Kivi pasifloru gvajava<br \/>\n33. Kolaice<br \/>\n34. Sk\u0101bais \u0101bols<br \/>\n35. Upe\u0146u mentols<br \/>\n36. T\u012b\u0123era asinis<br \/>\n37. Persiku melle\u0146u konfekte<br \/>\n38. Persiku mango<br \/>\n39. Zeme\u0146u Red Bull<br \/>\n40. Upe\u0146u ledus<br \/>\n41. Zeme\u0146u arb\u016bzu limon\u0101de<br \/>\n42. \u0136irsis<br \/>\n43. Zilo ave\u0146u \u0137irsis<br \/>\n44. Skittles<br \/>\n45. Melle\u0146u ave\u0146u<br \/>\n46. Zeme\u0146u v\u012bnogas<br \/>\n47. Melle\u0146u \u0137ir\u0161u dz\u0113rve\u0146u<br \/>\n48. \u0100bolu ogu spr\u0101dziens<br \/>\n49. \u0136ir\u0161u kola<br \/>\n50. Citrons<br \/>\n51. Roz\u0101 spr\u0101dziens<br \/>\n52. Klus\u0101 oke\u0101na dzes\u0113t\u0101js<br \/>\n53. Ledus pop<br \/>\n54. Bingo simp\u0101tija<\/p>\n<h2>K\u0101p\u0113c izv\u0113l\u0113ties vapestornado Fumot RandM 7k Vape vairumtirdzniec\u012bbai?<\/h2>\n<div class=\"flex-shrink-0 flex flex-col relative items-end\">\n<div class=\"pt-0\">\n<div class=\"gizmo-bot-avatar flex h-8 w-8 items-center justify-center overflow-hidden rounded-full\">\n<div class=\"relative p-1 rounded-sm flex items-center justify-center bg-token-main-surface-primary text-token-text-primary h-8 w-8\">\n<p>Laipni l\u016bdzam vapestornado, j\u016bsu uzticamaj\u0101 tie\u0161saistes vape veikal\u0101, kur\u0101 var ieg\u0101d\u0101ties augst\u0101k\u0101s kvalit\u0101tes vienreiz\u0113j\u0101s lieto\u0161anas vapes. Ar vair\u0101k nek\u0101 5 gadu pieredzi m\u0113s pied\u0101v\u0101jam popul\u0101rus vienreiz\u0113j\u0101s lieto\u0161anas vape z\u012bmolus, piem\u0113ram, Fumot RandM Vape, <a href=\"https:\/\/vapestornado.com\/lv\/product\/vapme-crystal-7000-puffs-rechargeable-disposable-vape-wholesale-cheap-price\/\">Vapme<\/a>, Bang Vape, Waspe Vape un WGA Vape, u.c.<\/p>\n<p>M\u016bsu kl\u0101st\u0101 ir iek\u013cauti karstie izp\u0101rdo\u0161anas veipi, piem\u0113ram, <a href=\"https:\/\/vapestornado.com\/lv\/product\/fumot-randm-tornado-15000-puffs-rechargeable-disposable-vape-wholesale\/\">RandM Tornado 15000<\/a>, un bag\u0101t\u012bgas gar\u0161as izv\u0113les, piem\u0113ram, <a href=\"https:\/\/vapestornado.com\/lv\/product\/waspe-40000-puffs-double-flavour-led-display-disposable-vape-wholesale\/\">WASPE dubult\u0101s gar\u0161as 40000 uzp\u016btienu<\/a> . Katrs produkts ir izv\u0113l\u0113ts, koncentr\u0113joties uz kvalit\u0101ti, v\u0113rt\u012bbu un daudzveid\u012bbu, nodro\u0161inot, ka j\u016bs atrad\u012bsiet perfektu atbilst\u012bbu sav\u0101m vajadz\u012bb\u0101m. Atkl\u0101jiet izcilu servisu un pla\u0161u popul\u0101r\u0101ko produktu kl\u0101stu par vairumtirdzniec\u012bbas cen\u0101m vietn\u0113 vapestornado.<\/p>\n<\/div>\n<h3><\/h3>\n<div class=\"relative p-1 rounded-sm flex items-center justify-center bg-token-main-surface-primary text-token-text-primary h-8 w-8\">\n<h2>BUJ par RandM 7000 Music vienreiz\u0113j\u0101s lieto\u0161anas vape<\/h2>\n<\/div>\n<\/div>\n<\/div>\n<\/div>\n<div class=\"flex-shrink-0 flex flex-col relative items-end\">\n<div class=\"pt-0\">\n<div class=\"gizmo-bot-avatar flex h-8 w-8 items-center justify-center overflow-hidden rounded-full\">\n<div class=\"relative p-1 rounded-sm flex items-center justify-center bg-token-main-surface-primary text-token-text-primary h-8 w-8\">\n<div class=\"mb-2 flex gap-3 empty:hidden -ml-2\">\n<h3><\/h3>\n<ol>\n<li><strong>Cik uzp\u016b\u0161u nodro\u0161ina RandM 7000?<\/strong><br \/>\nRandM 7000 pied\u0101v\u0101 iespaid\u012bgus 7000 uzp\u016b\u0161u vien\u0101 ier\u012bc\u0113, nodro\u0161inot ilgsto\u0161u lieto\u0161anu katrai vape sesijai.<\/li>\n<li><strong>Vai RandM 7000 var uzl\u0101d\u0113t?<\/strong><br \/>\nJ\u0101, ier\u012bce ir apr\u012bkota ar uzl\u0101d\u0113jamu 1000 mAh akumulatoru un atbalsta \u0101tru C tipa uzl\u0101di \u0113rtai lieto\u0161anai.<\/li>\n<li><strong>Cik daudz gar\u0161u ir pieejamas Fumot Tornado 7000?<\/strong><br \/>\nFumot Tornado 7000 ir pieejamas 56 da\u017e\u0101das gar\u0161as, pied\u0101v\u0101jot pla\u0161u izv\u0113li, lai apmierin\u0101tu da\u017e\u0101das v\u0113lmes.<\/li>\n<li><strong>Vai RandM Tornado 7k ir piem\u0113rots lietot\u0101jiem, kuri lieto zemu nikot\u012bna l\u012bmeni?<\/strong><br \/>\nJ\u0101, RandM Tornado 7k ir <strong>vienreiz\u0113j\u0101s lieto\u0161anas vape ar zemu nikot\u012bna saturu<\/strong>, padarot to par lielisku izv\u0113li tiem, kas dod priek\u0161roku vienm\u0113r\u012bg\u0101kai un maig\u0101kai tvaic\u0113\u0161anas pieredzei.<\/li>\n<li><strong>Vai es varu ieg\u0101d\u0101ties RandM Tornado 7000 vairum\u0101 par vairumtirdzniec\u012bbas cen\u0101m?<\/strong><br \/>\nNoteikti! RandM Tornado 7000 ir pieejams <strong>vape vairumtirdzniec\u012bba<\/strong>, pied\u0101v\u0101jot konkur\u0113tsp\u0113j\u012bgas vairumtirdzniec\u012bbas cenas mazumtirgot\u0101jiem Latvij\u0101 un \u0101rpus t\u0101s.<\/li>\n<\/ol>\n<p>&nbsp;<\/p>\n<\/div>\n<\/div>\n<\/div>\n<\/div>\n<\/div>\n<div class=\"group\/conversation-turn relative flex w-full min-w-0 flex-col agent-turn\">\n<div class=\"flex-col gap-1 md:gap-3\">\n<div class=\"flex max-w-full flex-col flex-grow\">\n<div class=\"min-h-8 text-message flex w-full flex-col items-end gap-2 whitespace-normal break-words [.text-message+&amp;]:mt-5\" dir=\"auto\" data-message-author-role=\"assistant\" data-message-id=\"db716a1c-9ed0-4b8d-b3b0-7bdb913c3d42\" data-message-model-slug=\"gpt-4o\">\n<div class=\"flex w-full flex-col gap-1 empty:hidden first:pt-[3px]\">\n<div class=\"markdown prose w-full break-words dark:prose-invert light\">\n<p>&nbsp;<\/p>\n<\/div>\n<\/div>\n<\/div>\n<\/div>\n<\/div>\n<\/div>","protected":false},"excerpt":{"rendered":"<p>T\u0101 <strong data-start=\"1398\" data-end=\"1426\">RandM Tornado 7000 uzp\u016btienu<\/strong> pied\u0101v\u0101 56 gar\u0161as, 1000mAh uzl\u0101d\u0113jamu akumulatoru un regul\u0113jamu gaisa pl\u016bsmu. Vid\u0113jas ietilp\u012bbas vienreiz\u0113j\u0101s lieto\u0161anas vape, kas paredz\u0113ts <strong data-start=\"1545\" data-end=\"1578\">V\u0101cijas vairumtirgot\u0101jiem lielos daudzumos<\/strong> par konkur\u0113tsp\u0113j\u012bg\u0101m cen\u0101m.<\/p>\n<p><strong>Pievienojiet Eimijas whatsapp, lai sa\u0146emtu pareizu atbildi un iztvaic\u0113t\u0101ja kuponu!<\/strong><\/p>\n<p><img fetchpriority=\"high\" decoding=\"async\" class=\"size-full wp-image-2932\" src=\"https:\/\/vapestornado.com\/wp-content\/uploads\/2024\/12\/Vape-Wholesale.jpg\" alt=\"Veipu Vairumtirdzniec\u012bba\" width=\"229\" height=\"300\" \/><\/p>\n<h3><a href=\"https:\/\/wa.me\/8617776015835\"><span style=\"color: #ff0000;\"><strong>WhatsApp: +86 17776015835<\/strong><\/span><\/a><\/h3>\n<p>&nbsp;<\/p>","protected":false},"featured_media":3080,"comment_status":"open","ping_status":"closed","template":"","meta":{"_acf_changed":false,"_uag_custom_page_level_css":"","_lmt_disableupdate":"no","_lmt_disable":"","_monsterinsights_skip_tracking":false,"_monsterinsights_sitenote_active":false,"_monsterinsights_sitenote_note":"","_monsterinsights_sitenote_category":0,"site-sidebar-layout":"default","site-content-layout":"","ast-site-content-layout":"default","site-content-style":"default","site-sidebar-style":"default","ast-global-header-display":"","ast-banner-title-visibility":"","ast-main-header-display":"","ast-hfb-above-header-display":"","ast-hfb-below-header-display":"","ast-hfb-mobile-header-display":"","site-post-title":"","ast-breadcrumbs-content":"","ast-featured-img":"","footer-sml-layout":"","ast-disable-related-posts":"","theme-transparent-header-meta":"default","adv-header-id-meta":"","stick-header-meta":"","header-above-stick-meta":"","header-main-stick-meta":"","header-below-stick-meta":"","astra-migrate-meta-layouts":"set","ast-page-background-enabled":"default","ast-page-background-meta":{"desktop":{"background-color":"","background-image":"","background-repeat":"repeat","background-position":"center center","background-size":"auto","background-attachment":"scroll","background-type":"","background-media":"","overlay-type":"","overlay-color":"","overlay-opacity":"","overlay-gradient":""},"tablet":{"background-color":"","background-image":"","background-repeat":"repeat","background-position":"center center","background-size":"auto","background-attachment":"scroll","background-type":"","background-media":"","overlay-type":"","overlay-color":"","overlay-opacity":"","overlay-gradient":""},"mobile":{"background-color":"","background-image":"","background-repeat":"repeat","background-position":"center center","background-size":"auto","background-attachment":"scroll","background-type":"","background-media":"","overlay-type":"","overlay-color":"","overlay-opacity":"","overlay-gradient":""}},"ast-content-background-meta":{"desktop":{"background-color":"var(--ast-global-color-5)","background-image":"","background-repeat":"repeat","background-position":"center center","background-size":"auto","background-attachment":"scroll","background-type":"","background-media":"","overlay-type":"","overlay-color":"","overlay-opacity":"","overlay-gradient":""},"tablet":{"background-color":"var(--ast-global-color-5)","background-image":"","background-repeat":"repeat","background-position":"center center","background-size":"auto","background-attachment":"scroll","background-type":"","background-media":"","overlay-type":"","overlay-color":"","overlay-opacity":"","overlay-gradient":""},"mobile":{"background-color":"var(--ast-global-color-5)","background-image":"","background-repeat":"repeat","background-position":"center center","background-size":"auto","background-attachment":"scroll","background-type":"","background-media":"","overlay-type":"","overlay-color":"","overlay-opacity":"","overlay-gradient":""}},"_joinchat":{"telephone":"+8617776015835"}},"product_brand":[],"product_cat":[74,151,152,143,58,144,148],"product_tag":[83,128,127,129,78,114,93],"class_list":{"0":"post-3083","1":"product","2":"type-product","3":"status-publish","4":"has-post-thumbnail","6":"product_cat-7000-puff","7":"product_cat-buy-disposable-vapes-in-france","8":"product_cat-buy-disposable-vapes-in-cermany","9":"product_cat-dual-mesh-disposable-vapes","10":"product_cat-fumot-vape","11":"product_cat-low-nicotine-disposable-vapes","12":"product_cat-tornado-disposable-vapes","13":"product_tag-fumot-vape","14":"product_tag-randm-7000","15":"product_tag-randm-tornado-7000","16":"product_tag-randm-tornado-7000-germany","17":"product_tag-randm-vape","18":"product_tag-tornado-vape","19":"product_tag-vape-wholesale","20":"desktop-align-left","21":"tablet-align-left","22":"mobile-align-left","24":"first","25":"instock","26":"sale","27":"shipping-taxable","28":"purchasable","29":"product-type-simple"},"acf":[],"uagb_featured_image_src":{"full":["https:\/\/vapestornado.com\/wp-content\/uploads\/2024\/12\/RandM-Tornado-7000-Puffs-Disposable-Vape.jpg",1126,1126,false],"thumbnail":["https:\/\/vapestornado.com\/wp-content\/uploads\/2024\/12\/RandM-Tornado-7000-Puffs-Disposable-Vape-150x150.jpg",150,150,true],"medium":["https:\/\/vapestornado.com\/wp-content\/uploads\/2024\/12\/RandM-Tornado-7000-Puffs-Disposable-Vape-300x300.jpg",300,300,true],"medium_large":["https:\/\/vapestornado.com\/wp-content\/uploads\/2024\/12\/RandM-Tornado-7000-Puffs-Disposable-Vape-768x768.jpg",768,768,true],"large":["https:\/\/vapestornado.com\/wp-content\/uploads\/2024\/12\/RandM-Tornado-7000-Puffs-Disposable-Vape-1024x1024.jpg",1024,1024,true],"1536x1536":["https:\/\/vapestornado.com\/wp-content\/uploads\/2024\/12\/RandM-Tornado-7000-Puffs-Disposable-Vape.jpg",1126,1126,false],"2048x2048":["https:\/\/vapestornado.com\/wp-content\/uploads\/2024\/12\/RandM-Tornado-7000-Puffs-Disposable-Vape.jpg",1126,1126,false],"trp-custom-language-flag":["https:\/\/vapestornado.com\/wp-content\/uploads\/2024\/12\/RandM-Tornado-7000-Puffs-Disposable-Vape.jpg",12,12,false],"woocommerce_thumbnail":["https:\/\/vapestornado.com\/wp-content\/uploads\/2024\/12\/RandM-Tornado-7000-Puffs-Disposable-Vape-300x300.jpg",300,300,true],"woocommerce_single":["https:\/\/vapestornado.com\/wp-content\/uploads\/2024\/12\/RandM-Tornado-7000-Puffs-Disposable-Vape-600x600.jpg",600,600,true],"woocommerce_gallery_thumbnail":["https:\/\/vapestornado.com\/wp-content\/uploads\/2024\/12\/RandM-Tornado-7000-Puffs-Disposable-Vape-100x100.jpg",100,100,true]},"uagb_author_info":{"display_name":"ESAMY","author_link":"https:\/\/vapestornado.com\/lv\/author\/"},"uagb_comment_info":0,"uagb_excerpt":"The RandM Tornado 7000 Puffs offers 56 flavours, 1000mAh rechargeable battery, and adjustable airflow. A mid-capacity disposable vape designed for Germany wholesale bulk buyers at competitive prices. Add Amy's whatsapp get right reply and vape vape coupon! WhatsApp: +86 17776015835 &nbsp;","_links":{"self":[{"href":"https:\/\/vapestornado.com\/lv\/wp-json\/wp\/v2\/product\/3083","targetHints":{"allow":["GET"]}}],"collection":[{"href":"https:\/\/vapestornado.com\/lv\/wp-json\/wp\/v2\/product"}],"about":[{"href":"https:\/\/vapestornado.com\/lv\/wp-json\/wp\/v2\/types\/product"}],"replies":[{"embeddable":true,"href":"https:\/\/vapestornado.com\/lv\/wp-json\/wp\/v2\/comments?post=3083"}],"wp:featuredmedia":[{"embeddable":true,"href":"https:\/\/vapestornado.com\/lv\/wp-json\/wp\/v2\/media\/3080"}],"wp:attachment":[{"href":"https:\/\/vapestornado.com\/lv\/wp-json\/wp\/v2\/media?parent=3083"}],"wp:term":[{"taxonomy":"product_brand","embeddable":true,"href":"https:\/\/vapestornado.com\/lv\/wp-json\/wp\/v2\/product_brand?post=3083"},{"taxonomy":"product_cat","embeddable":true,"href":"https:\/\/vapestornado.com\/lv\/wp-json\/wp\/v2\/product_cat?post=3083"},{"taxonomy":"product_tag","embeddable":true,"href":"https:\/\/vapestornado.com\/lv\/wp-json\/wp\/v2\/product_tag?post=3083"}],"curies":[{"name":"wp","href":"https:\/\/api.w.org\/{rel}","templated":true}]}}