{"id":3076,"date":"2024-12-11T08:15:21","date_gmt":"2024-12-11T08:15:21","guid":{"rendered":"https:\/\/vapestornado.com\/?post_type=product&#038;p=3076"},"modified":"2025-12-09T09:39:23","modified_gmt":"2025-12-09T09:39:23","slug":"randm-tornado-30000-puffs-music-rechargeable-disposable-vape-pen-wholesale","status":"publish","type":"product","link":"https:\/\/vapestornado.com\/lv\/product\/randm-tornado-30000-puffs-music-rechargeable-disposable-vape-pen-wholesale\/","title":{"rendered":"RandM Tornado 30000 Puffs m\u016bzikas uzl\u0101d\u0113jama vienreiz\u0113j\u0101s lieto\u0161anas tvaika pildspalva vairumtirdzniec\u012bba"},"content":{"rendered":"<h1 class=\"product-title\">RandM Tornado 30000 Puffs m\u016bzikas uzl\u0101d\u0113jama vienreiz\u0113j\u0101s lieto\u0161anas tvaika pildspalva vairumtirdzniec\u012bba<\/h1>\n<p data-start=\"1141\" data-end=\"1425\">Fumot RandM Tornado 30000 Puffs ir uzl\u0101d\u0113jams vienreizlietojams ar 30 000 pufiem, 1.0\u03a9 t\u012bkla sild\u012bt\u0101ju un m\u016bzikas sinhroniz\u0113tu LED apgaismojumu, izstr\u0101d\u0101ts ilg\u0101m sesij\u0101m, stabilam gar\u0161ai un izce\u013co\u0161ai stil\u0101.<\/p>\n<p data-start=\"915\" data-end=\"1120\"><strong data-start=\"915\" data-end=\"946\">Ilgsto\u0161a kalpo\u0161ana bez lielas apjoma.<\/strong> T\u0101 <strong data-start=\"951\" data-end=\"1000\">RandM Tornado 30000 Puffs vienreizlietojams vape pildspalva<\/strong> ir paredz\u0113ts regul\u0101riem lietot\u0101jiem, kuri v\u0113las ier\u012bci, kas kalpos ned\u0113\u013c\u0101m, nevis dien\u0101m, vienlaikus b\u016bdama viegli p\u0101rn\u0113s\u0101jama ikdienas rut\u012bnai.<\/p>\n<p data-start=\"1124\" data-end=\"1346\"><strong data-start=\"1124\" data-end=\"1172\">T\u012bkla sild\u012bt\u0101ja stabilit\u0101te augsta pufa skaita gad\u012bjum\u0101.<\/strong> \u0160is FUMOT<strong data-start=\"1177\" data-end=\"1232\">\u00a030K t\u012bkla sild\u012bt\u0101ja uzl\u0101d\u0113jams vienreizlietojams<\/strong> izmanto <strong data-start=\"1240\" data-end=\"1258\">1,0 \u03a9 sieta spole<\/strong> lai nodro\u0161in\u0101tu gludus ieelpojumus, bl\u012bvu tvaiku un l\u0113n\u0101ku gar\u0161as zudumu dzi\u013ci 30K diapazon\u0101.<\/p>\n<p data-start=\"1350\" data-end=\"1534\"><strong data-start=\"1350\" data-end=\"1397\">Type-C jauda, kas nov\u0113r\u0161 e-\u0161\u0137idruma iz\u0161\u0137\u0113rd\u0113\u0161anu.<\/strong> Ar <strong data-start=\"1405\" data-end=\"1455\">650mAh Type-C uzl\u0101d\u0113jams Tornado Vape 30k<\/strong>, j\u016bs papildin\u0101t p\u0113c vajadz\u012bbas un turpin\u0101t vaping l\u012bdz ier\u012bce patie\u0161\u0101m ir beigusies.<\/p>\n<p data-start=\"1538\" data-end=\"1781\"><strong data-start=\"1538\" data-end=\"1577\">M\u016bzikas sinhroniz\u0113ts LED apgaismojums soci\u0101l\u0101m situ\u0101cij\u0101m.<\/strong> Fumot <strong data-start=\"1582\" data-end=\"1616\">Tornado Vape<\/strong> puls\u0113jo\u0161i gaismas saska\u0146\u0101 ar j\u016bsu atska\u0146ot\u0101ju, funkcija, kas \u013coti popul\u0101ra <strong data-start=\"1682\" data-end=\"1736\">Latvij\u0101, Polij\u0101, Sp\u0101nij\u0101, It\u0101lij\u0101 un N\u012bderland\u0113<\/strong>, \u012bpa\u0161i naktsdz\u012bves un br\u012bvdienu scen\u0101rijos.<\/p>\n<p data-start=\"1785\" data-end=\"1987\"><strong data-start=\"1785\" data-end=\"1820\">Ieb\u016bv\u0113ta pla\u0161a gar\u0161as da\u017e\u0101d\u012bba.<\/strong> Divdesmit gar\u0161as aptver aug\u013cus, ledus un klasiskus profilus, t\u0101p\u0113c <strong data-start=\"1884\" data-end=\"1922\">RandM 30K vienreizlietojamais<\/strong> paliek interesants ilgsto\u0161as lieto\u0161anas laik\u0101, neprasot otru ier\u012bci.<\/p>\n<p><strong>Pievienojiet Eimijas Whatsapp, lai sa\u0146emtu pareizo atbildi un vape kuponu!<\/strong><\/p>\n<p><img fetchpriority=\"high\" decoding=\"async\" class=\"size-full wp-image-2932\" src=\"https:\/\/vapestornado.com\/wp-content\/uploads\/2024\/12\/Vape-Wholesale.jpg\" alt=\"Veipu Vairumtirdzniec\u012bba\" width=\"229\" height=\"300\" \/><\/p>\n<h3><a href=\"https:\/\/wa.me\/8617776015835\" target=\"_blank\" rel=\"noopener\"><span style=\"color: #ff0000;\"><strong>WhatsApp: +86 17776015835<\/strong><\/span><\/a><\/h3>\n<p>&nbsp;<\/p>\n<h2><strong>RandM Tornado 30000 produkta \u012bpa\u0161\u012bbas<\/strong><\/h2>\n<table>\n<thead>\n<tr>\n<th>\u012apa\u0161\u012bba<\/th>\n<th>Spec<\/th>\n<th>Deta\u013cas<\/th>\n<\/tr>\n<\/thead>\n<tbody>\n<tr>\n<td>Produkts Nosaukums<\/td>\n<td>RandM Tornado 30000 pufa m\u016bzikas vape<\/td>\n<td>Augstas ietilp\u012bbas uzl\u0101d\u0113jams vienreizlietojams ar gaismas funkcij\u0101m.<\/td>\n<\/tr>\n<tr>\n<td>Pufiju ietilp\u012bba<\/td>\n<td>L\u012bdz 30 000 p\u016b\u0161\u013ciem<\/td>\n<td>Izstr\u0101d\u0101ts ilgsto\u0161ai ikdienas lieto\u0161anai ar maz\u0101k\u0101m nomai\u0146\u0101m.<\/td>\n<\/tr>\n<tr>\n<td>Spoles veids<\/td>\n<td>1,0 \u03a9 sieta spole<\/td>\n<td>Vienm\u0113r\u012bga siltuma sadale, nodro\u0161inot gludu tvaiku un konsekventu gar\u0161u.<\/td>\n<\/tr>\n<tr>\n<td>Akumulators<\/td>\n<td>650mAh uzl\u0101d\u0113jams<\/td>\n<td>Uzticama jauda; uzl\u0101d\u0113jiet, lai izmantotu pilnu ier\u012bces kalpo\u0161anas laiku.<\/td>\n<\/tr>\n<tr>\n<td>Uzl\u0101de<\/td>\n<td>Type-C \u0101tr\u0101s uzl\u0101des<\/td>\n<td>\u0100tri papildin\u0101jumi ar moderniem ES standarta kabe\u013ciem.<\/td>\n<\/tr>\n<tr>\n<td>Apgaismojuma funkcija<\/td>\n<td>M\u016bzikas sinhroniz\u0113ta LED sist\u0113ma<\/td>\n<td>LED gaismas puls\u0113 ar m\u016bziku, radot vizu\u0101lu, interakt\u012bvu efektu.<\/td>\n<\/tr>\n<tr>\n<td>Gar\u0161u kl\u0101sts<\/td>\n<td>30 gar\u0161as<\/td>\n<td>Pla\u0161s izv\u0113le ilgtermi\u0146a rot\u0101cijai.<\/td>\n<\/tr>\n<tr>\n<td>Nikot\u012bna stils<\/td>\n<td>Atbalsta zema nikot\u012bna opciju<\/td>\n<td>Piem\u0113rots lietot\u0101jiem, kuri dod priek\u0161roku maig\u0101kam efektam.<\/td>\n<\/tr>\n<tr>\n<td>Pozicion\u0113\u0161ana<\/td>\n<td>Mazumtirdzniec\u012bbas un vairumtirdzniec\u012bbas modelis ar augstu apgroz\u012bjumu<\/td>\n<td>Plaukstas efekta dizains plus ilgs darb\u012bbas laiks.<\/td>\n<\/tr>\n<\/tbody>\n<\/table>\n<h2 class=\"product-title\"><strong>RandM Tornado 30000 gar\u0161u saraksts<\/strong><\/h2>\n<p>1. Ban\u0101nu ledus<br \/>\n2. Melna ledus<br \/>\n3. Zilais Razz Ledus<br \/>\n4. Mellenes uz ledus<br \/>\n5. Mellenes Raspberijs<br \/>\n6. Sk\u0101b\u0113tas mellenes ar raspberiju<br \/>\n7. \u010cerri ledus<br \/>\n8. \u010cerri kola<br \/>\n9. Kola ar ledu<br \/>\n10. V\u0113s\u0101 piparm\u0113tra<br \/>\n11. Dubultais \u0101bols<br \/>\n12. Dr. Zils<br \/>\n13. V\u012bnogu ledus<br \/>\n14. Ledus konfekte<br \/>\n15. Kivi marakujas gvajava<br \/>\n16. M\u012blest\u012bba 66<br \/>\n17. Sul\u012bgs ledus<br \/>\n18. Jauktas ogas<br \/>\n19. Persiku Ogas<br \/>\n20. Persiku Ledus<br \/>\n21. Persiku Mango Ananass<br \/>\n22. Ananasu Ledus<br \/>\n23. Roz\u0101 Limon\u0101de<br \/>\n24. Skittles<br \/>\n25. Zeme\u0146u Ban\u0101ns<br \/>\n26. Zeme\u0146u V\u012bnogas<br \/>\n27. Zeme\u0146u Ledus<br \/>\n28. Zeme\u0146u Arb\u016bzs<br \/>\n29. Tr\u012bsk\u0101r\u0161ais Mango<br \/>\n30. Vimto<\/p>\n<h2>K\u0101p\u0113c izv\u0113l\u0113ties vapestornado Fumot 30k vairumtirdzniec\u012bbai?<\/h2>\n<div class=\"flex-shrink-0 flex flex-col relative items-end\">\n<div class=\"pt-0\">\n<div class=\"gizmo-bot-avatar flex h-8 w-8 items-center justify-center overflow-hidden rounded-full\">\n<div class=\"relative p-1 rounded-sm flex items-center justify-center bg-token-main-surface-primary text-token-text-primary h-8 w-8\">\n<p>Laipni l\u016bdzam vapestornado, j\u016bsu uzticamaj\u0101 tie\u0161saistes vape veikal\u0101, kur\u0101 var ieg\u0101d\u0101ties augst\u0101k\u0101s kvalit\u0101tes vienreiz\u0113j\u0101s lieto\u0161anas vapes. Ar vair\u0101k nek\u0101 5 gadu pieredzi m\u0113s pied\u0101v\u0101jam popul\u0101rus vienreiz\u0113j\u0101s lieto\u0161anas vape z\u012bmolus, piem\u0113ram, Fumot RandM Vape, <a href=\"https:\/\/vapestornado.com\/lv\/product\/vapme-crystal-7000-puffs-rechargeable-disposable-vape-wholesale-cheap-price\/\">Vapme<\/a>, Bang Vape, Waspe Vape un WGA Vape, u.c.<\/p>\n<p>M\u016bsu kl\u0101st\u0101 ir iek\u013cauti karstie izp\u0101rdo\u0161anas veipi, piem\u0113ram, <a href=\"https:\/\/vapestornado.com\/lv\/product\/fumot-randm-tornado-15000-puffs-rechargeable-disposable-vape-wholesale\/\">RandM Tornado 15000<\/a>, un bag\u0101t\u012bgas gar\u0161as izv\u0113les, piem\u0113ram, <a href=\"https:\/\/vapestornado.com\/lv\/product\/waspe-40000-puffs-double-flavour-led-display-disposable-vape-wholesale\/\">WASPE dubult\u0101s gar\u0161as 40000 uzp\u016btienu<\/a> . Katrs produkts ir izv\u0113l\u0113ts, koncentr\u0113joties uz kvalit\u0101ti, v\u0113rt\u012bbu un daudzveid\u012bbu, nodro\u0161inot, ka j\u016bs atrad\u012bsiet perfektu atbilst\u012bbu sav\u0101m vajadz\u012bb\u0101m. Atkl\u0101jiet izcilu servisu un pla\u0161u popul\u0101r\u0101ko produktu kl\u0101stu par vairumtirdzniec\u012bbas cen\u0101m vietn\u0113 vapestornado.<\/p>\n<\/div>\n<h3><\/h3>\n<div class=\"relative p-1 rounded-sm flex items-center justify-center bg-token-main-surface-primary text-token-text-primary h-8 w-8\">\n<h2>Bie\u017e\u0101k uzdotie jaut\u0101jumi par RandM 30k Music vienreiz\u0113j\u0101s lieto\u0161anas veipu<\/h2>\n<\/div>\n<\/div>\n<\/div>\n<\/div>\n<div class=\"flex-shrink-0 flex flex-col relative items-end\">\n<div class=\"pt-0\">\n<div class=\"gizmo-bot-avatar flex h-8 w-8 items-center justify-center overflow-hidden rounded-full\">\n<div class=\"relative p-1 rounded-sm flex items-center justify-center bg-token-main-surface-primary text-token-text-primary h-8 w-8\">\n<div class=\"mb-2 flex gap-3 empty:hidden -ml-2\">\n<h2 data-start=\"2910\" data-end=\"2929\"><\/h2>\n<ol data-start=\"2931\" data-end=\"4128\">\n<li data-start=\"2931\" data-end=\"3167\">\n<p data-start=\"2934\" data-end=\"3167\"><strong data-start=\"2934\" data-end=\"3034\">K\u0101 RandM Tornado 30000 pufa mesh vads vienreizlietojamais nodro\u0161ina gar\u0161u stabilit\u0101ti ilgsto\u0161as lieto\u0161anas laik\u0101?<\/strong><br data-start=\"3034\" data-end=\"3037\" \/>T\u0101 <strong data-start=\"3041\" data-end=\"3059\">1,0 \u03a9 sieta spole<\/strong> vienm\u0113r\u012bgi izplata siltumu, pal\u012bdzot tvaikam b\u016bt gludam un gar\u0161ai saglab\u0101ties dzi\u013c\u0101k ier\u012bces kalpo\u0161anas laik\u0101.<\/p>\n<\/li>\n<li data-start=\"3169\" data-end=\"3415\">\n<p data-start=\"3172\" data-end=\"3415\"><strong data-start=\"3172\" data-end=\"3281\">Kas at\u0161\u0137ir RandM Tornado 30K Music uzl\u0101d\u0113jamo vienreiz\u0113jo vape no standarta 30K ier\u012bces?<\/strong><br data-start=\"3281\" data-end=\"3284\" \/>T\u0101 <strong data-start=\"3288\" data-end=\"3315\">m\u016bzikas sinhroniz\u0113ta LED apgaismojums<\/strong> rea\u0123\u0113 uz j\u016bsu atska\u0146o\u0161anas sarakstu, radot vizu\u0101lu ritma efektu, kas piem\u0113rots soci\u0101l\u0101m un naktsdz\u012bves vid\u0113m.<\/p>\n<\/li>\n<li data-start=\"3417\" data-end=\"3661\">\n<p data-start=\"3420\" data-end=\"3661\"><strong data-start=\"3420\" data-end=\"3533\">Vai Fumot Tornado 30000 Type-C uzl\u0101d\u0113jamais vape iztuk\u0161o pilnu p\u016btienu kapacit\u0101ti bez akumulatora jaudas samazin\u0101\u0161an\u0101s?<\/strong><br data-start=\"3533\" data-end=\"3536\" \/>Uzl\u0101d\u0113jam\u012bba atrisina agr\u012bnas akumulatora probl\u0113mas. Kad ener\u0123ija samazin\u0101s, Type-C uzl\u0101de \u013cauj turpin\u0101t lieto\u0161anu l\u012bdz p\u016btienu beig\u0101m.<\/p>\n<\/li>\n<li data-start=\"3663\" data-end=\"3885\">\n<p data-start=\"3666\" data-end=\"3885\"><strong data-start=\"3666\" data-end=\"3768\">Vai Fumot 30K LED vienreiz\u0113jais vape ir piem\u0113rots ikdienas n\u0113s\u0101\u0161anai, k\u0101 ar\u012b izklaides vakariem?<\/strong><br data-start=\"3768\" data-end=\"3771\" \/>J\u0101. Tas ir p\u0101rn\u0113s\u0101jams ikdienas lieto\u0161anai, kam\u0113r LED funkcija pie\u0161\u0137ir pievilc\u012bbu b\u0101ros, klubos un ned\u0113\u013cas nogales pas\u0101kumos.<\/p>\n<\/li>\n<li data-start=\"3887\" data-end=\"4128\">\n<p data-start=\"3890\" data-end=\"4128\"><strong data-start=\"3890\" data-end=\"3982\">K\u0101 30 gar\u0161as RandM Tornado 30000 Puffs Music Vape pal\u012bdz ilgtermi\u0146a lietot\u0101jiem?<\/strong><br data-start=\"3982\" data-end=\"3985\" \/>Pla\u0161s gar\u0161u kl\u0101sts padara ilgsto\u0161as lieto\u0161anas ier\u012bces pat\u012bkam\u0101kas, \u013caujot lietot\u0101jiem main\u012bt profilus, nevis ilgsto\u0161i lietot vienu gar\u0161u.<\/p>\n<\/li>\n<\/ol>\n<\/div>\n<\/div>\n<\/div>\n<\/div>\n<\/div>\n<div class=\"group\/conversation-turn relative flex w-full min-w-0 flex-col agent-turn\">\n<div class=\"flex-col gap-1 md:gap-3\">\n<div class=\"flex max-w-full flex-col flex-grow\">\n<div class=\"min-h-8 text-message flex w-full flex-col items-end gap-2 whitespace-normal break-words [.text-message+&amp;]:mt-5\" dir=\"auto\" data-message-author-role=\"assistant\" data-message-id=\"db716a1c-9ed0-4b8d-b3b0-7bdb913c3d42\" data-message-model-slug=\"gpt-4o\">\n<div class=\"flex w-full flex-col gap-1 empty:hidden first:pt-[3px]\">\n<div class=\"markdown prose w-full break-words dark:prose-invert light\">\n<p>&nbsp;<\/p>\n<\/div>\n<\/div>\n<\/div>\n<\/div>\n<\/div>\n<\/div>","protected":false},"excerpt":{"rendered":"<p data-start=\"1465\" data-end=\"1662\">Fumot RandM Tornado 30000 Puffs Music rechargeable disposable vape with 1.0\u03a9 mesh coil, 650mAh Type-C fast charging, music-sync LED lighting, and 20 flavours. Built for long, smooth sessions and strong EU retail demand.\u00a0A standout disposable designed for <strong data-start=\"1624\" data-end=\"1659\">vairumtirdzniec\u012bbas pirc\u0113jiem Eirop\u0101<\/strong>.<\/p>\n<p><strong>Pievienojiet Eimijas whatsapp, lai sa\u0146emtu pareizu atbildi un iztvaic\u0113t\u0101ja kuponu!<\/strong><\/p>\n<p><img fetchpriority=\"high\" decoding=\"async\" class=\"size-full wp-image-2932\" src=\"https:\/\/vapestornado.com\/wp-content\/uploads\/2024\/12\/Vape-Wholesale.jpg\" alt=\"Veipu Vairumtirdzniec\u012bba\" width=\"229\" height=\"300\" \/><\/p>\n<h3><a href=\"https:\/\/wa.me\/8617776015835\"><span style=\"color: #ff0000;\"><strong>WhatsApp: +86 17776015835<\/strong><\/span><\/a><\/h3>\n<p>&nbsp;<\/p>","protected":false},"featured_media":3025,"comment_status":"open","ping_status":"closed","template":"","meta":{"_acf_changed":false,"_uag_custom_page_level_css":"","_lmt_disableupdate":"no","_lmt_disable":"","_monsterinsights_skip_tracking":false,"_monsterinsights_sitenote_active":false,"_monsterinsights_sitenote_note":"","_monsterinsights_sitenote_category":0,"site-sidebar-layout":"default","site-content-layout":"","ast-site-content-layout":"default","site-content-style":"default","site-sidebar-style":"default","ast-global-header-display":"","ast-banner-title-visibility":"","ast-main-header-display":"","ast-hfb-above-header-display":"","ast-hfb-below-header-display":"","ast-hfb-mobile-header-display":"","site-post-title":"","ast-breadcrumbs-content":"","ast-featured-img":"","footer-sml-layout":"","ast-disable-related-posts":"","theme-transparent-header-meta":"default","adv-header-id-meta":"","stick-header-meta":"","header-above-stick-meta":"","header-main-stick-meta":"","header-below-stick-meta":"","astra-migrate-meta-layouts":"set","ast-page-background-enabled":"default","ast-page-background-meta":{"desktop":{"background-color":"","background-image":"","background-repeat":"repeat","background-position":"center center","background-size":"auto","background-attachment":"scroll","background-type":"","background-media":"","overlay-type":"","overlay-color":"","overlay-opacity":"","overlay-gradient":""},"tablet":{"background-color":"","background-image":"","background-repeat":"repeat","background-position":"center center","background-size":"auto","background-attachment":"scroll","background-type":"","background-media":"","overlay-type":"","overlay-color":"","overlay-opacity":"","overlay-gradient":""},"mobile":{"background-color":"","background-image":"","background-repeat":"repeat","background-position":"center center","background-size":"auto","background-attachment":"scroll","background-type":"","background-media":"","overlay-type":"","overlay-color":"","overlay-opacity":"","overlay-gradient":""}},"ast-content-background-meta":{"desktop":{"background-color":"var(--ast-global-color-5)","background-image":"","background-repeat":"repeat","background-position":"center center","background-size":"auto","background-attachment":"scroll","background-type":"","background-media":"","overlay-type":"","overlay-color":"","overlay-opacity":"","overlay-gradient":""},"tablet":{"background-color":"var(--ast-global-color-5)","background-image":"","background-repeat":"repeat","background-position":"center center","background-size":"auto","background-attachment":"scroll","background-type":"","background-media":"","overlay-type":"","overlay-color":"","overlay-opacity":"","overlay-gradient":""},"mobile":{"background-color":"var(--ast-global-color-5)","background-image":"","background-repeat":"repeat","background-position":"center center","background-size":"auto","background-attachment":"scroll","background-type":"","background-media":"","overlay-type":"","overlay-color":"","overlay-opacity":"","overlay-gradient":""}},"_joinchat":{"telephone":"+8617776015835"}},"product_brand":[],"product_cat":[67,153,154,160,142,58,148],"product_tag":[83,125,124,126,78,114],"class_list":{"0":"post-3076","1":"product","2":"type-product","3":"status-publish","4":"has-post-thumbnail","6":"product_cat-30000-puff","7":"product_cat-buy-disposable-vapes-in-italy","8":"product_cat-buy-disposable-vapes-in-netherlands","9":"product_cat-buy-disposable-vapes-in-switzerland","10":"product_cat-digital-box-disposable-vapes","11":"product_cat-fumot-vape","12":"product_cat-tornado-disposable-vapes","13":"product_tag-fumot-vape","14":"product_tag-randm-30000","15":"product_tag-randm-tornado-30000","16":"product_tag-randm-tornado-30k","17":"product_tag-randm-vape","18":"product_tag-tornado-vape","19":"desktop-align-left","20":"tablet-align-left","21":"mobile-align-left","23":"first","24":"instock","25":"sale","26":"shipping-taxable","27":"purchasable","28":"product-type-simple"},"acf":[],"uagb_featured_image_src":{"full":["https:\/\/vapestornado.com\/wp-content\/uploads\/2024\/12\/Randm-Tornado-30K-Puffs-Rechargeable-Disposable-Vapes.jpg",1126,1126,false],"thumbnail":["https:\/\/vapestornado.com\/wp-content\/uploads\/2024\/12\/Randm-Tornado-30K-Puffs-Rechargeable-Disposable-Vapes-150x150.jpg",150,150,true],"medium":["https:\/\/vapestornado.com\/wp-content\/uploads\/2024\/12\/Randm-Tornado-30K-Puffs-Rechargeable-Disposable-Vapes-300x300.jpg",300,300,true],"medium_large":["https:\/\/vapestornado.com\/wp-content\/uploads\/2024\/12\/Randm-Tornado-30K-Puffs-Rechargeable-Disposable-Vapes-768x768.jpg",768,768,true],"large":["https:\/\/vapestornado.com\/wp-content\/uploads\/2024\/12\/Randm-Tornado-30K-Puffs-Rechargeable-Disposable-Vapes-1024x1024.jpg",1024,1024,true],"1536x1536":["https:\/\/vapestornado.com\/wp-content\/uploads\/2024\/12\/Randm-Tornado-30K-Puffs-Rechargeable-Disposable-Vapes.jpg",1126,1126,false],"2048x2048":["https:\/\/vapestornado.com\/wp-content\/uploads\/2024\/12\/Randm-Tornado-30K-Puffs-Rechargeable-Disposable-Vapes.jpg",1126,1126,false],"trp-custom-language-flag":["https:\/\/vapestornado.com\/wp-content\/uploads\/2024\/12\/Randm-Tornado-30K-Puffs-Rechargeable-Disposable-Vapes.jpg",12,12,false],"woocommerce_thumbnail":["https:\/\/vapestornado.com\/wp-content\/uploads\/2024\/12\/Randm-Tornado-30K-Puffs-Rechargeable-Disposable-Vapes-300x300.jpg",300,300,true],"woocommerce_single":["https:\/\/vapestornado.com\/wp-content\/uploads\/2024\/12\/Randm-Tornado-30K-Puffs-Rechargeable-Disposable-Vapes-600x600.jpg",600,600,true],"woocommerce_gallery_thumbnail":["https:\/\/vapestornado.com\/wp-content\/uploads\/2024\/12\/Randm-Tornado-30K-Puffs-Rechargeable-Disposable-Vapes-100x100.jpg",100,100,true]},"uagb_author_info":{"display_name":"ESAMY","author_link":"https:\/\/vapestornado.com\/lv\/author\/"},"uagb_comment_info":0,"uagb_excerpt":"Fumot RandM Tornado 30000 Puffs Music rechargeable disposable vape with 1.0\u03a9 mesh coil, 650mAh Type-C fast charging, music-sync LED lighting, and 20 flavours. Built for long, smooth sessions and strong EU retail demand.\u00a0A standout disposable designed for wholesale bulk buyers in Europe. Add Amy's whatsapp get right reply and vape vape coupon! WhatsApp: +86 17776015835&hellip;","_links":{"self":[{"href":"https:\/\/vapestornado.com\/lv\/wp-json\/wp\/v2\/product\/3076","targetHints":{"allow":["GET"]}}],"collection":[{"href":"https:\/\/vapestornado.com\/lv\/wp-json\/wp\/v2\/product"}],"about":[{"href":"https:\/\/vapestornado.com\/lv\/wp-json\/wp\/v2\/types\/product"}],"replies":[{"embeddable":true,"href":"https:\/\/vapestornado.com\/lv\/wp-json\/wp\/v2\/comments?post=3076"}],"wp:featuredmedia":[{"embeddable":true,"href":"https:\/\/vapestornado.com\/lv\/wp-json\/wp\/v2\/media\/3025"}],"wp:attachment":[{"href":"https:\/\/vapestornado.com\/lv\/wp-json\/wp\/v2\/media?parent=3076"}],"wp:term":[{"taxonomy":"product_brand","embeddable":true,"href":"https:\/\/vapestornado.com\/lv\/wp-json\/wp\/v2\/product_brand?post=3076"},{"taxonomy":"product_cat","embeddable":true,"href":"https:\/\/vapestornado.com\/lv\/wp-json\/wp\/v2\/product_cat?post=3076"},{"taxonomy":"product_tag","embeddable":true,"href":"https:\/\/vapestornado.com\/lv\/wp-json\/wp\/v2\/product_tag?post=3076"}],"curies":[{"name":"wp","href":"https:\/\/api.w.org\/{rel}","templated":true}]}}