{"id":3064,"date":"2024-12-10T08:39:40","date_gmt":"2024-12-10T08:39:40","guid":{"rendered":"https:\/\/vapestornado.com\/?post_type=product&#038;p=3064"},"modified":"2025-12-04T07:06:41","modified_gmt":"2025-12-04T07:06:41","slug":"fumot-randm-tornado-25000-puffs-touch-disposable-vape-wholesale-online","status":"publish","type":"product","link":"https:\/\/vapestornado.com\/lv\/product\/fumot-randm-tornado-25000-puffs-touch-disposable-vape-wholesale-online\/","title":{"rendered":"Fumot RandM Tornado 25000 Uzp\u016b\u0161u sk\u0101rienj\u016bt\u012bga vienreiz\u0113j\u0101s lieto\u0161anas vape vairumtirdzniec\u012bba tie\u0161saist\u0113"},"content":{"rendered":"<h2 class=\"product-title\">Fumot RandM Tornado 25000 P\u016b\u0161\u013co\u0161anas vienreizlietojams vape \u2014 Gudra jauda, Ilgs darb\u012bbas laiks, Premium gar\u0161a<\/h2>\n<p data-start=\"285\" data-end=\"669\">Ja mekl\u0113jat <strong data-start=\"309\" data-end=\"337\">25k p\u016b\u0161\u013cu vienreizlietojamu vape<\/strong> kas patie\u0161\u0101m ilgi kalpo un joproj\u0101m ir moderns lieto\u0161an\u0101, <strong data-start=\"390\" data-end=\"430\">Fumot RandM Tornado 25000 P\u016b\u0161\u013co\u0161anas vienreizlietojams vape<\/strong> ir izstr\u0101d\u0101ts, lai p\u0101rsp\u0113tu tipisk\u0101s augstas ietilp\u012bbas iesp\u0113jas. Ar <strong data-start=\"491\" data-end=\"508\">25 000+ p\u016b\u0161\u013ciem<\/strong>, gludu dubult\u0161\u0113jas siltuma elementu sist\u0113mu un atsauc\u012bgu Gudru sk\u0101rienekr\u0101nu tas nodro\u0161ina ilgsto\u0161as sesijas, konsekventu gar\u0161u un vieglu kontroli vien\u0101 kabat\u0101 \u0113rti lietojam\u0101 ier\u012bc\u0113.<\/p>\n<h3 data-start=\"671\" data-end=\"723\">K\u0101p\u0113c \u0161is ir lab\u0101kais 25K p\u016b\u0161\u013cu vape ikdienas lietot\u0101jiem<\/h3>\n<p data-start=\"724\" data-end=\"1134\">Vairums ilgsto\u0161o vienreizlieto\u0161o ier\u012b\u010du upur\u0113 gar\u0161u vai izbeidzas pirms satura iztuk\u0161o\u0161anas. \u0160is <strong data-start=\"809\" data-end=\"854\">Fumot RandM Tornado 25000 P\u016b\u0161\u013co\u0161anas vienreizlietojams vape<\/strong> risina \u0161o l\u012bdzsvaru ar <strong data-start=\"882\" data-end=\"920\">dubult\u0161\u0113jas siltuma elementa vienreizlietojamu vape 25k<\/strong> izstr\u0101di, kas vienm\u0113r\u012bgi uzsilda un saglab\u0101 gar\u0161u t\u012bru no pirm\u0101 l\u012bdz p\u0113d\u0113jam ieelpojumam. Neatkar\u012bgi no t\u0101, vai dodaties uz aug\u013cu mais\u012bjumiem, atsvaidzino\u0161iem ledus profiliem vai desertu stila saldumiem, gar\u0161a paliek stabila, nevis izz\u016bd ier\u012bces vid\u016b.<\/p>\n<p data-start=\"1136\" data-end=\"1312\">T\u0101 k\u0101 t\u0101 ir izstr\u0101d\u0101ta ilgsto\u0161ai lieto\u0161anai, daudzi klienti to v\u0113rt\u0113 k\u0101 <strong data-start=\"1206\" data-end=\"1228\">lab\u0101ko 25k p\u016b\u0161\u013cu vape<\/strong> smagai ikdienas vapinga lieto\u0161anai, kam\u0113r nejau\u0161ie lietot\u0101ji m\u012bl, cik reti tas j\u0101maina.<\/p>\n<h3 data-start=\"1314\" data-end=\"1383\">Gudra sk\u0101rienekr\u0101na + Regul\u0113jams jaudas l\u012bmenis (Vienk\u0101r\u0161i, Nav Sare\u017e\u0123\u012bti)<\/h3>\n<p data-start=\"1384\" data-end=\"1533\">Tas ir vair\u0101k nek\u0101 standarta vienreizlietojams. Tas ir <strong data-start=\"1432\" data-end=\"1476\">sk\u0101rienekr\u0101na vienreizlietojams vape 25000 puffs<\/strong> ar Gudra sk\u0101rienekr\u0101na saskarni, kas izstr\u0101d\u0101ta patiesai \u0113rt\u012bbai:<\/p>\n<ul data-start=\"1535\" data-end=\"1669\">\n<li data-start=\"1535\" data-end=\"1598\">\n<p data-start=\"1537\" data-end=\"1598\"><strong data-start=\"1537\" data-end=\"1551\">Divreiz pieskarieties<\/strong> lai nekav\u0113joties p\u0101rbaud\u012btu akumulatora darb\u012bbas laiku un jaudu.<\/p>\n<\/li>\n<li data-start=\"1599\" data-end=\"1669\">\n<p data-start=\"1601\" data-end=\"1669\"><strong data-start=\"1601\" data-end=\"1615\">Tr\u012bsreiz pieskarieties<\/strong> lai piel\u0101gotu izvadi, lai ieg\u016btu glud\u0101kas ieelpas vai drosm\u012bg\u0101kas m\u0101ko\u0146us.<\/p>\n<\/li>\n<\/ul>\n<p data-start=\"1671\" data-end=\"1969\">Tas padara to par patiesu <strong data-start=\"1692\" data-end=\"1742\">gudru sk\u0101rienekr\u0101na vienreizlietojamu vape ar regul\u0113jamu jaudu<\/strong> izv\u0113li \u2014 ide\u0101li piem\u0113rots lietot\u0101jiem, kuri v\u0113las kontroli bez izv\u0113ln\u0113m vai lietotn\u0113m. Ja jums pat\u012bk skaidri redz\u0113t ier\u012bces statusu, j\u016bs nov\u0113rt\u0113siet <strong data-start=\"1877\" data-end=\"1912\">vienreizlietojamo vape ar TFT ekr\u0101nu<\/strong> stila displeju, kas visu redzamu padara vien\u0101 acu uzmetien\u0101.<\/p>\n<h3 data-start=\"1971\" data-end=\"2012\">Type-C uzl\u0101d\u0113jams, lai izmantotu katru puffs<\/h3>\n<p data-start=\"2013\" data-end=\"2239\">T\u0101 <strong data-start=\"2017\" data-end=\"2067\">RandM 25K Type-C uzl\u0101d\u0113jama vienreizlietojama<\/strong> str\u0101d\u0101 ar iztur\u012bgu <strong data-start=\"2086\" data-end=\"2104\">700mAh akumulatoru<\/strong> ar \u0101tru Type-C uzl\u0101di. Tas noz\u012bm\u0113, ka j\u016bs varat uzl\u0101d\u0113t p\u0113c vajadz\u012bbas un pabeigt visu tvertni \u2014 bez iz\u0161\u0137\u0113rd\u0113tiem puffs, bez agr\u012bnas akumulatora izs\u012bk\u0161anas.<\/p>\n<h3 data-start=\"2241\" data-end=\"2269\">Lieliska papildus funkcija: Sp\u0113\u013cu re\u017e\u012bms<\/h3>\n<p data-start=\"2270\" data-end=\"2523\">Lai lietot\u0101ji, kuri v\u0113las kaut ko at\u0161\u0137ir\u012bgu, var\u0113tu izmantot opciju <strong data-start=\"2323\" data-end=\"2363\">RandM Tornado 25000 sp\u0113\u013cu re\u017e\u012bma vape<\/strong> funkcija pievieno interakt\u012bvu elementu. Tas nav nepiecie\u0161ams vape \u2014 tas ir tikai unik\u0101ls papildin\u0101jums, kas padara ier\u012bci izsmalcin\u0101t\u0101ku un pal\u012bdz tai izcelties plauktos.<\/p>\n<p>&nbsp;<\/p>\n<p><strong>Pievienojiet Eimijas Whatsapp, lai sa\u0146emtu pareizo atbildi un vape kuponu!<\/strong><\/p>\n<p><img fetchpriority=\"high\" decoding=\"async\" class=\"size-full wp-image-2932\" src=\"https:\/\/vapestornado.com\/wp-content\/uploads\/2024\/12\/Vape-Wholesale.jpg\" alt=\"Veipu Vairumtirdzniec\u012bba\" width=\"229\" height=\"300\" \/><\/p>\n<h3><a href=\"https:\/\/wa.me\/8617776015835\" target=\"_blank\" rel=\"noopener\"><span style=\"color: #ff0000;\"><strong>WhatsApp: +86 17776015835<\/strong><\/span><\/a><\/h3>\n<p>&nbsp;<\/p>\n<h2><strong>RandM Tornado 25000 produkta \u012bpa\u0161\u012bbas<\/strong><\/h2>\n<table>\n<thead>\n<tr>\n<th>Parametrs<\/th>\n<th align=\"right\">Spec<\/th>\n<th>Cilv\u0113ka paskaidrojums<\/th>\n<\/tr>\n<\/thead>\n<tbody>\n<tr>\n<td>Pufiju ietilp\u012bba<\/td>\n<td align=\"right\">25 000+ p\u016b\u0161\u013ciem<\/td>\n<td>P\u0113d\u0113j\u0101s ned\u0113\u013cas liel\u0101kajai da\u013cai lietot\u0101ju; maz\u0101k nomai\u0146u.<\/td>\n<\/tr>\n<tr>\n<td>Akumulators<\/td>\n<td align=\"right\">700mAh uzl\u0101d\u0113jams akumulators<\/td>\n<td>Liel\u0101ka akumulatora jauda atbalsta pilnu p\u016b\u0161anas skaitu; uzl\u0101d\u0113jiet, lai pabeigtu visu sulu.<\/td>\n<\/tr>\n<tr>\n<td>Uzl\u0101de<\/td>\n<td align=\"right\">USB Type-C<\/td>\n<td>M\u016bsdien\u012bgs \u0101trl\u0101d\u0113\u0161anas standarts; viegli atrast kabelus.<\/td>\n<\/tr>\n<tr>\n<td>Spoles veids<\/td>\n<td align=\"right\">Dubultas sieta spoles<\/td>\n<td>Vienm\u0113r\u012bga uzkar\u0161ana = stipr\u0101ka gar\u0161as konsekvence un gluda tvaika veido\u0161ana.<\/td>\n<\/tr>\n<tr>\n<td>Displejs \/ Kontrole<\/td>\n<td align=\"right\">Gudrs piesk\u0101riens + Digit\u0101lais ekr\u0101ns<\/td>\n<td>Pieskarieties, lai p\u0101rbaud\u012btu akumulatora \/ jaudas l\u012bmeni; regul\u0113jiet jaudu bez izv\u0113ln\u0113m.<\/td>\n<\/tr>\n<tr>\n<td>Jaudas regul\u0113\u0161ana<\/td>\n<td align=\"right\">Tr\u012bsk\u0101r\u0161s piesk\u0101riens, lai main\u012btu izvadi<\/td>\n<td>\u013bauj izv\u0113l\u0113ties glud\u0101kus ieelpojumus vai drosm\u012bg\u0101kas m\u0101ko\u0146us.<\/td>\n<\/tr>\n<tr>\n<td>Sp\u0113\u013cu re\u017e\u012bms<\/td>\n<td align=\"right\">Interakt\u012bvs izv\u0113les re\u017e\u012bms<\/td>\n<td>Pievieno jaunin\u0101jumu un pievilc\u012bbu plaukt\u0101 jaun\u0101kiem \/ tehnolo\u0123iju lietot\u0101jiem.<\/td>\n<\/tr>\n<tr>\n<td>Aktiviz\u0101cija<\/td>\n<td align=\"right\">Aktiviz\u0113jas ievelkot<\/td>\n<td>Nav nepiecie\u0161ami pogas, lai vape; ieelpojiet, lai izmantotu.<\/td>\n<\/tr>\n<tr>\n<td>M\u0113r\u0137a lietot\u0101ji<\/td>\n<td align=\"right\">Neform\u0101li l\u012bdz intens\u012bvi vapers<\/td>\n<td>Der gan visu dienu lietot\u0101jiem, gan gad\u012bjuma vapers.<\/td>\n<\/tr>\n<tr>\n<td>Tirgus piem\u0113rot\u012bba<\/td>\n<td align=\"right\">ES mazumtirdzniec\u012bba un vairumtirdzniec\u012bba<\/td>\n<td>Augstas jaudas + premium funkcijas veicina atk\u0101rtotas p\u0101rdo\u0161anas.<\/td>\n<\/tr>\n<\/tbody>\n<\/table>\n<h2 class=\"product-title\"><strong>RandM 25000 gar\u0161u saraksts<\/strong><\/h2>\n<p>1. Ban\u0101nu ledus<br \/>\n2. Zeme\u0146u arb\u016bzs<br \/>\n3. Maiami piparm\u0113tra<br \/>\n4. Melle\u0146u ave\u0146u<br \/>\n5. Melnais ledus<br \/>\n6. Balt\u0101 l\u0101\u010da konfek\u0161u ledus<br \/>\n7. Arb\u016bzu ledus<br \/>\n8. Sul\u012bgs persiku ledus<br \/>\n9. Roz\u0101 limon\u0101de<br \/>\n10. Zeme\u0146u mango<br \/>\n11. Persiku mango arb\u016bzs<br \/>\n12. V\u012bnogu citrons<br \/>\n13. Tropu varav\u012bksnes spr\u0101dziens<br \/>\n14. \u0136ir\u0161u bumba<br \/>\n15. Zeme\u0146u piparm\u0113tru konfekte<br \/>\n16. Dubultais \u0101bols<br \/>\n17. Melle\u0146u ledus<br \/>\n18. Zeme\u0146u ledus<br \/>\n19. Sul\u012bgs ledus<br \/>\n20. Anan\u0101su ledus<br \/>\n21. V\u012bnogu ledus<br \/>\n22. Dr. Blue<br \/>\n23. Kivi Pasifloras Guava<br \/>\n24. \u0136ir\u0161u kola<\/p>\n<figure id=\"attachment_3266\" aria-describedby=\"caption-attachment-3266\" style=\"width: 300px\" class=\"wp-caption alignnone\"><img decoding=\"async\" class=\"size-medium wp-image-3266\" src=\"https:\/\/vapestornado.com\/wp-content\/uploads\/2024\/12\/Buy-RandM-Tornado-25K-Vape-300x201.png\" alt=\"Pirkt Fumot RandM Tornado 250000 Vape\" width=\"300\" height=\"201\" srcset=\"https:\/\/vapestornado.com\/wp-content\/uploads\/2024\/12\/Buy-RandM-Tornado-25K-Vape-300x201.png 300w, https:\/\/vapestornado.com\/wp-content\/uploads\/2024\/12\/Buy-RandM-Tornado-25K-Vape-768x515.png 768w, https:\/\/vapestornado.com\/wp-content\/uploads\/2024\/12\/Buy-RandM-Tornado-25K-Vape-600x403.png 600w, https:\/\/vapestornado.com\/wp-content\/uploads\/2024\/12\/Buy-RandM-Tornado-25K-Vape.png 900w\" sizes=\"(max-width: 300px) 100vw, 300px\" \/><figcaption id=\"caption-attachment-3266\" class=\"wp-caption-text\">Pirkt Fumot RandM Tornado 250000 Vape<\/figcaption><\/figure>\n<figure id=\"attachment_3266\" aria-describedby=\"caption-attachment-3266\" style=\"width: 300px\" class=\"wp-caption alignnone\"><img decoding=\"async\" class=\"size-medium wp-image-3266\" src=\"https:\/\/vapestornado.com\/wp-content\/uploads\/2024\/12\/Buy-RandM-Tornado-25K-Vape-300x201.png\" alt=\"Pirkt Fumot RandM Tornado 250000 Vape\" width=\"300\" height=\"201\" srcset=\"https:\/\/vapestornado.com\/wp-content\/uploads\/2024\/12\/Buy-RandM-Tornado-25K-Vape-300x201.png 300w, https:\/\/vapestornado.com\/wp-content\/uploads\/2024\/12\/Buy-RandM-Tornado-25K-Vape-768x515.png 768w, https:\/\/vapestornado.com\/wp-content\/uploads\/2024\/12\/Buy-RandM-Tornado-25K-Vape-600x403.png 600w, https:\/\/vapestornado.com\/wp-content\/uploads\/2024\/12\/Buy-RandM-Tornado-25K-Vape.png 900w\" sizes=\"(max-width: 300px) 100vw, 300px\" \/><figcaption id=\"caption-attachment-3266\" class=\"wp-caption-text\">Pirkt Fumot RandM Tornado 250000 Vape<\/figcaption><\/figure>\n<h3>K\u0101p\u0113c izv\u0113l\u0113ties vapestornado Fumot 25k Vape vairumtirdzniec\u012bbai?<\/h3>\n<div class=\"flex-shrink-0 flex flex-col relative items-end\">\n<div class=\"pt-0\">\n<div class=\"gizmo-bot-avatar flex h-8 w-8 items-center justify-center overflow-hidden rounded-full\">\n<div class=\"relative p-1 rounded-sm flex items-center justify-center bg-token-main-surface-primary text-token-text-primary h-8 w-8\">\n<p>Laipni l\u016bdzam vapestornado, j\u016bsu uzticamaj\u0101 tie\u0161saistes vape veikal\u0101, kur\u0101 var ieg\u0101d\u0101ties augst\u0101k\u0101s kvalit\u0101tes vienreiz\u0113j\u0101s lieto\u0161anas vape. Ar vair\u0101k nek\u0101 5 gadu pieredzi m\u0113s pied\u0101v\u0101jam jums popul\u0101rus vienreiz\u0113j\u0101s lieto\u0161anas vape z\u012bmolus, piem\u0113ram, Fumot RandM Vape, Vapme, Bang Vape, Waspe Vape un WGA Vape utt.<\/p>\n<p>M\u016bsu kl\u0101st\u0101 ir iek\u013cauti karstie izp\u0101rdo\u0161anas veipi, piem\u0113ram, <a href=\"https:\/\/vapestornado.com\/lv\/product\/fumot-randm-tornado-15000-puffs-rechargeable-disposable-vape-wholesale\/\">RandM Tornado 15000<\/a>, un bag\u0101t\u012bgas gar\u0161as izv\u0113les, piem\u0113ram, <a href=\"https:\/\/vapestornado.com\/lv\/product\/waspe-40000-puffs-double-flavour-led-display-disposable-vape-wholesale\/\">WASPE dubult\u0101s gar\u0161as 40000 uzp\u016btienu<\/a> . Katrs produkts ir izv\u0113l\u0113ts, koncentr\u0113joties uz kvalit\u0101ti, v\u0113rt\u012bbu un daudzveid\u012bbu, nodro\u0161inot, ka j\u016bs atrad\u012bsiet perfektu atbilst\u012bbu sav\u0101m vajadz\u012bb\u0101m. Atkl\u0101jiet izcilu servisu un pla\u0161u popul\u0101r\u0101ko produktu kl\u0101stu par vairumtirdzniec\u012bbas cen\u0101m vietn\u0113 vapestornado.<\/p>\n<\/div>\n<h3><\/h3>\n<div class=\"relative p-1 rounded-sm flex items-center justify-center bg-token-main-surface-primary text-token-text-primary h-8 w-8\">\n<h3>BUJ par RandM 25k vienreiz\u0113j\u0101s lieto\u0161anas vape<\/h3>\n<p data-start=\"4913\" data-end=\"5124\"><strong data-start=\"4913\" data-end=\"4989\">1. Vai vienreizlietojamiem ir nepiecie\u0161ama \u012bpa\u0161a l\u0101d\u0113t\u0101js Fumot RandM 25K Puff?<\/strong><br data-start=\"4989\" data-end=\"4992\" \/>N\u0113. The <strong data-start=\"5000\" data-end=\"5046\">Fumot RandM 25K Puff Touch Vienreiz\u0113j\u0101 Vape<\/strong> izmanto standarta <strong data-start=\"5061\" data-end=\"5075\">USB Type-C<\/strong>, t\u0101p\u0113c jebkura Type-C kabelis un dro\u0161a USB adapteris darbojas.<\/p>\n<p data-start=\"5126\" data-end=\"5380\"><strong data-start=\"5126\" data-end=\"5212\">2. Vai vienreizlietojamie produkti padara j\u016bs atkar\u012bg\u0101ku \u0101tr\u0101k \u2014 ieskaitot Fumot RandM 25K Puff?<\/strong><br data-start=\"5212\" data-end=\"5215\" \/>Atkar\u012bbas risks ir atkar\u012bgs no <strong data-start=\"5241\" data-end=\"5287\">nikot\u012bna stipruma un t\u0101 lieto\u0161anas bie\u017euma<\/strong>, ne tikai p\u016b\u0161u skaits. Ja jums ir ba\u017eas, izv\u0113lieties zem\u0101ka nikot\u012bna variantu un m\u0113renu lieto\u0161anu.<\/p>\n<p data-start=\"5382\" data-end=\"5657\"><strong data-start=\"5382\" data-end=\"5462\">3. Kur\u0161 vienreiz\u0113jais ilg\u0101k kalpo: Fumot RandM 25K Puff vai 10k\/20k ier\u012bces?<\/strong><br data-start=\"5462\" data-end=\"5465\" \/>Re\u0101laj\u0101 lieto\u0161an\u0101, <strong data-start=\"5482\" data-end=\"5506\">Fumot RandM 25K Puff<\/strong> parasti kalpo ilg\u0101k, jo tas apvieno <strong data-start=\"5550\" data-end=\"5612\">25 000+ p\u016b\u0161u, dubult\u0101s re\u017e\u0123a spir\u0101les un uzl\u0101d\u0113jama akumulators<\/strong>, kam\u0113r zem\u0101kas p\u016b\u0161u skaita vienreiz\u0113jie beidzas \u0101tr\u0101k.<\/p>\n<p data-start=\"5659\" data-end=\"5949\"><strong data-start=\"5659\" data-end=\"5743\">4. K\u0101das ir lab\u0101k\u0101s gar\u0161as Fumot 25K Puff Touch l\u012bnij\u0101 \u0161obr\u012bd?<\/strong><br data-start=\"5743\" data-end=\"5746\" \/>Popul\u0101r\u0101kie p\u0101rdo\u0161anas l\u012bnijas parasti ir <strong data-start=\"5776\" data-end=\"5814\">aug\u013cu-ledus un jauktu aug\u013cu profili<\/strong>, jo tie saglab\u0101 atsvaidzino\u0161u gar\u0161u ilg\u0101k\u0101s sesij\u0101s. Pieejam\u012bba at\u0161\u0137iras p\u0113c re\u0123iona, t\u0101p\u0113c p\u0101rbaudiet pa\u0161reiz\u0113jo gar\u0161u sarakstu produkta lap\u0101.<\/p>\n<p data-start=\"5951\" data-end=\"6200\"><strong data-start=\"5951\" data-end=\"6022\">5. Vai es varu \u0146emt l\u012bdzi RandM 25000 Puff vienreiz\u0113jo vape lidma\u0161\u012bn\u0101?<\/strong><br data-start=\"6022\" data-end=\"6025\" \/>Liel\u0101k\u0101 da\u013ca aviokomp\u0101niju at\u013cauj vienreizlietojam\u0101s ier\u012bces <strong data-start=\"6057\" data-end=\"6085\">tikai rokas bag\u0101\u017e\u0101<\/strong>, ne p\u0101rbaud\u0101maj\u0101 bag\u0101\u017e\u0101, sakar\u0101 ar akumulatora noteikumiem. Saglab\u0101jiet to nosl\u0113gtu un pirms ce\u013cojuma p\u0101rbaudiet aviokomp\u0101nijas jaun\u0101ko politiku.<\/p>\n<\/div>\n<\/div>\n<\/div>\n<\/div>","protected":false},"excerpt":{"rendered":"<p>Fumot RandM Tornado 25000 uzp\u016b\u0161u vienreiz\u0113j\u0101s lieto\u0161anas vape<br \/>\nPUFF 25000 RandM Vape Tornado vairumtirdzniec\u012bbas cena<br \/>\nRandM Vape Tornado 25000 digit\u0101l\u0101 displeja vienreiz\u0113j\u0101s lieto\u0161anas vape<\/p>\n<p><strong>Pievienojiet Eimijas whatsapp, lai sa\u0146emtu pareizu atbildi un iztvaic\u0113t\u0101ja kuponu!<\/strong><\/p>\n<p><img fetchpriority=\"high\" decoding=\"async\" class=\"size-full wp-image-2932\" src=\"https:\/\/vapestornado.com\/wp-content\/uploads\/2024\/12\/Vape-Wholesale.jpg\" alt=\"Veipu Vairumtirdzniec\u012bba\" width=\"229\" height=\"300\" \/><\/p>\n<h3><a href=\"https:\/\/wa.me\/8617776015835\"><span style=\"color: #ff0000;\"><strong>WhatsApp: +86 17776015835<\/strong><\/span><\/a><\/h3>\n<p>&nbsp;<\/p>","protected":false},"featured_media":3038,"comment_status":"open","ping_status":"closed","template":"","meta":{"_acf_changed":false,"_uag_custom_page_level_css":"","_lmt_disableupdate":"no","_lmt_disable":"","_monsterinsights_skip_tracking":false,"_monsterinsights_sitenote_active":false,"_monsterinsights_sitenote_note":"","_monsterinsights_sitenote_category":0,"site-sidebar-layout":"default","site-content-layout":"","ast-site-content-layout":"default","site-content-style":"default","site-sidebar-style":"default","ast-global-header-display":"","ast-banner-title-visibility":"","ast-main-header-display":"","ast-hfb-above-header-display":"","ast-hfb-below-header-display":"","ast-hfb-mobile-header-display":"","site-post-title":"","ast-breadcrumbs-content":"","ast-featured-img":"","footer-sml-layout":"","ast-disable-related-posts":"","theme-transparent-header-meta":"default","adv-header-id-meta":"","stick-header-meta":"","header-above-stick-meta":"","header-main-stick-meta":"","header-below-stick-meta":"","astra-migrate-meta-layouts":"set","ast-page-background-enabled":"default","ast-page-background-meta":{"desktop":{"background-color":"","background-image":"","background-repeat":"repeat","background-position":"center center","background-size":"auto","background-attachment":"scroll","background-type":"","background-media":"","overlay-type":"","overlay-color":"","overlay-opacity":"","overlay-gradient":""},"tablet":{"background-color":"","background-image":"","background-repeat":"repeat","background-position":"center center","background-size":"auto","background-attachment":"scroll","background-type":"","background-media":"","overlay-type":"","overlay-color":"","overlay-opacity":"","overlay-gradient":""},"mobile":{"background-color":"","background-image":"","background-repeat":"repeat","background-position":"center center","background-size":"auto","background-attachment":"scroll","background-type":"","background-media":"","overlay-type":"","overlay-color":"","overlay-opacity":"","overlay-gradient":""}},"ast-content-background-meta":{"desktop":{"background-color":"var(--ast-global-color-5)","background-image":"","background-repeat":"repeat","background-position":"center center","background-size":"auto","background-attachment":"scroll","background-type":"","background-media":"","overlay-type":"","overlay-color":"","overlay-opacity":"","overlay-gradient":""},"tablet":{"background-color":"var(--ast-global-color-5)","background-image":"","background-repeat":"repeat","background-position":"center center","background-size":"auto","background-attachment":"scroll","background-type":"","background-media":"","overlay-type":"","overlay-color":"","overlay-opacity":"","overlay-gradient":""},"mobile":{"background-color":"var(--ast-global-color-5)","background-image":"","background-repeat":"repeat","background-position":"center center","background-size":"auto","background-attachment":"scroll","background-type":"","background-media":"","overlay-type":"","overlay-color":"","overlay-opacity":"","overlay-gradient":""}},"_joinchat":{"telephone":"+8617776015835"}},"product_brand":[],"product_cat":[68,58,19],"product_tag":[83,115,117,116,78,114],"class_list":{"0":"post-3064","1":"product","2":"type-product","3":"status-publish","4":"has-post-thumbnail","6":"product_cat-25000-puff","7":"product_cat-fumot-vape","8":"product_cat-vapes","9":"product_tag-fumot-vape","10":"product_tag-randm-25000","11":"product_tag-randm-25k","12":"product_tag-randm-tornado-25000","13":"product_tag-randm-vape","14":"product_tag-tornado-vape","15":"desktop-align-left","16":"tablet-align-left","17":"mobile-align-left","19":"first","20":"instock","21":"sale","22":"shipping-taxable","23":"purchasable","24":"product-type-simple"},"acf":[],"uagb_featured_image_src":{"full":["https:\/\/vapestornado.com\/wp-content\/uploads\/2024\/12\/PUFF-25000-Tornado-RandM-Vape.jpg",1182,1182,false],"thumbnail":["https:\/\/vapestornado.com\/wp-content\/uploads\/2024\/12\/PUFF-25000-Tornado-RandM-Vape-150x150.jpg",150,150,true],"medium":["https:\/\/vapestornado.com\/wp-content\/uploads\/2024\/12\/PUFF-25000-Tornado-RandM-Vape-300x300.jpg",300,300,true],"medium_large":["https:\/\/vapestornado.com\/wp-content\/uploads\/2024\/12\/PUFF-25000-Tornado-RandM-Vape-768x768.jpg",768,768,true],"large":["https:\/\/vapestornado.com\/wp-content\/uploads\/2024\/12\/PUFF-25000-Tornado-RandM-Vape-1024x1024.jpg",1024,1024,true],"1536x1536":["https:\/\/vapestornado.com\/wp-content\/uploads\/2024\/12\/PUFF-25000-Tornado-RandM-Vape.jpg",1182,1182,false],"2048x2048":["https:\/\/vapestornado.com\/wp-content\/uploads\/2024\/12\/PUFF-25000-Tornado-RandM-Vape.jpg",1182,1182,false],"trp-custom-language-flag":["https:\/\/vapestornado.com\/wp-content\/uploads\/2024\/12\/PUFF-25000-Tornado-RandM-Vape.jpg",12,12,false],"woocommerce_thumbnail":["https:\/\/vapestornado.com\/wp-content\/uploads\/2024\/12\/PUFF-25000-Tornado-RandM-Vape-300x300.jpg",300,300,true],"woocommerce_single":["https:\/\/vapestornado.com\/wp-content\/uploads\/2024\/12\/PUFF-25000-Tornado-RandM-Vape-600x600.jpg",600,600,true],"woocommerce_gallery_thumbnail":["https:\/\/vapestornado.com\/wp-content\/uploads\/2024\/12\/PUFF-25000-Tornado-RandM-Vape-100x100.jpg",100,100,true]},"uagb_author_info":{"display_name":"ESAMY","author_link":"https:\/\/vapestornado.com\/lv\/author\/"},"uagb_comment_info":0,"uagb_excerpt":"Fumot RandM Tornado 25000 Puffs Touch Disposable Vape PUFF 25000 RandM Vape Tornado Wholesale Price RandM Vape Tornado 25000 Digital Display Disposable Vape Add Amy's whatsapp get right reply and vape vape coupon! WhatsApp: +86 17776015835 &nbsp;","_links":{"self":[{"href":"https:\/\/vapestornado.com\/lv\/wp-json\/wp\/v2\/product\/3064","targetHints":{"allow":["GET"]}}],"collection":[{"href":"https:\/\/vapestornado.com\/lv\/wp-json\/wp\/v2\/product"}],"about":[{"href":"https:\/\/vapestornado.com\/lv\/wp-json\/wp\/v2\/types\/product"}],"replies":[{"embeddable":true,"href":"https:\/\/vapestornado.com\/lv\/wp-json\/wp\/v2\/comments?post=3064"}],"wp:featuredmedia":[{"embeddable":true,"href":"https:\/\/vapestornado.com\/lv\/wp-json\/wp\/v2\/media\/3038"}],"wp:attachment":[{"href":"https:\/\/vapestornado.com\/lv\/wp-json\/wp\/v2\/media?parent=3064"}],"wp:term":[{"taxonomy":"product_brand","embeddable":true,"href":"https:\/\/vapestornado.com\/lv\/wp-json\/wp\/v2\/product_brand?post=3064"},{"taxonomy":"product_cat","embeddable":true,"href":"https:\/\/vapestornado.com\/lv\/wp-json\/wp\/v2\/product_cat?post=3064"},{"taxonomy":"product_tag","embeddable":true,"href":"https:\/\/vapestornado.com\/lv\/wp-json\/wp\/v2\/product_tag?post=3064"}],"curies":[{"name":"wp","href":"https:\/\/api.w.org\/{rel}","templated":true}]}}