{"id":3033,"date":"2024-12-10T06:54:50","date_gmt":"2024-12-10T06:54:50","guid":{"rendered":"https:\/\/vapestornado.com\/?post_type=product&#038;p=3033"},"modified":"2025-08-23T10:12:12","modified_gmt":"2025-08-23T10:12:12","slug":"wga-crystal-pro-max-15k-puffs-wholesale-price-vape-pods","status":"publish","type":"product","link":"https:\/\/vapestornado.com\/lv\/product\/wga-crystal-pro-max-15k-puffs-wholesale-price-vape-pods\/","title":{"rendered":"WGA Crystal Pro Max 15k dvesmu vairumtirdzniec\u012bbas cena tvaiku p\u0101kstis"},"content":{"rendered":"<h1>WGA Crystal Pro Max 15k dvesmu vairumtirdzniec\u012bbas cena tvaiku p\u0101kstis<\/h1>\n<p data-start=\"286\" data-end=\"581\">T\u0101 <strong data-start=\"290\" data-end=\"339\">WGA Crystal Pro Max 15K Puffs vienreiz\u0113j\u0101s lieto\u0161anas vape<\/strong> ir paredz\u0113ts vairumtirgot\u0101jiem un mazumtirgot\u0101jiem, kuri mekl\u0113 uzticamus, piepras\u012btus produktus Eiropas tirgum. Ar l\u012bdz pat <strong data-start=\"457\" data-end=\"484\">15 000 dvesmu uz ier\u012bci<\/strong> un <strong data-start=\"491\" data-end=\"524\">25 ml iepriek\u0161 uzpild\u012btu e-\u0161\u0137idruma tvertni<\/strong>, tas nodro\u0161ina ilgsto\u0161u lieto\u0161anu un sp\u0113c\u012bgu t\u0101l\u0101kp\u0101rdo\u0161anas potenci\u0101lu.<\/p>\n<p data-start=\"583\" data-end=\"874\">Darbojas ar <strong data-start=\"596\" data-end=\"627\">650mAh uzl\u0101d\u0113jams akumulators<\/strong> ar <strong data-start=\"633\" data-end=\"657\">C tipa \u0101tr\u0101 uzl\u0101de<\/strong>, Crystal Pro Max nodro\u0161ina konsekventas sesijas bez p\u0101rtraukumiem. A <strong data-start=\"732\" data-end=\"759\">re\u0101llaika LED indikators<\/strong> inform\u0113 lietot\u0101jus par akumulatora st\u0101vokli, savuk\u0101rt <strong data-start=\"810\" data-end=\"828\">0,8\u03a9 t\u012bkla spole<\/strong> uzlabo tvaika bl\u012bvumu un gar\u0161as pieg\u0101di.<\/p>\n<p data-start=\"876\" data-end=\"1231\">Kompakts un p\u0101rn\u0113s\u0101jams pie <strong data-start=\"900\" data-end=\"923\">43 mm \u00d7 23 mm \u00d7 105 mm<\/strong>, tad <strong data-start=\"929\" data-end=\"961\">WGA Krist\u0101la Pro Max 15K Vape<\/strong> ir viegli p\u0101rn\u0113s\u0101jams, stil\u012bgs izskats un pieejams pla\u0161\u0101 gar\u0161u profilu kl\u0101st\u0101, lai apmierin\u0101tu da\u017e\u0101das v\u0113lmes. T\u0101 ietilp\u012bbas, dizaina un konkur\u0113tsp\u0113j\u012bgas <strong data-start=\"1133\" data-end=\"1154\">vairumtirdzniec\u012bbas cen\u0101m<\/strong> kombin\u0101cija padara to par lielisku izv\u0113li mazumtirgot\u0101jiem un izplat\u012bt\u0101jiem vis\u0101 Eirop\u0101.<\/p>\n<p>&nbsp;<\/p>\n<p><img fetchpriority=\"high\" decoding=\"async\" class=\"size-medium wp-image-2951\" src=\"https:\/\/vapestornado.com\/wp-content\/uploads\/2024\/12\/Wholesale-Disposable-Vape-265x300.jpg\" alt=\"Vienreiz\u0113j\u0101s lieto\u0161anas Vape vairumtirdzniec\u012bba\" width=\"265\" height=\"300\" srcset=\"https:\/\/vapestornado.com\/wp-content\/uploads\/2024\/12\/Wholesale-Disposable-Vape-265x300.jpg 265w, https:\/\/vapestornado.com\/wp-content\/uploads\/2024\/12\/Wholesale-Disposable-Vape-768x871.jpg 768w, https:\/\/vapestornado.com\/wp-content\/uploads\/2024\/12\/Wholesale-Disposable-Vape-600x680.jpg 600w, https:\/\/vapestornado.com\/wp-content\/uploads\/2024\/12\/Wholesale-Disposable-Vape.jpg 823w\" sizes=\"(max-width: 265px) 100vw, 265px\" \/><\/p>\n<h6><span style=\"font-size: 1.1em; font-weight: bold;\">L\u016bdzu, sazinieties ar Mandiju WhatsApp, lai sa\u0146emtu atlaides cenu<\/span><a style=\"font-size: 1.1em; font-weight: bold; background-color: #ffffff;\" href=\"https:\/\/wa.me\/8618077105796\" target=\"_blank\" rel=\"noopener\">+8618077105796<\/a><\/h6>\n<p>&nbsp;<\/p>\n<h2><strong>WGA The Crystal Pro Max Extra 15 000 Puffs Vape \u2014 galven\u0101s specifik\u0101cijas<\/strong><\/h2>\n<ul>\n<li><strong>Pla\u0161s dvesienu apjoms<\/strong>: Nodro\u0161ina l\u012bdz pat 15 000 dvesienu vien\u0101 ier\u012bc\u0113, pied\u0101v\u0101jot ilgsto\u0161u lieto\u0161anu un samazin\u0101tu nepiecie\u0161am\u012bbu p\u0113c nomai\u0146as.<\/li>\n<li><strong>650mAh uzl\u0101d\u0113jams akumulators<\/strong>: Ir iztur\u012bgs 650 mAh akumulators stabilai jaudas padevei katras sesijas laik\u0101.<\/li>\n<li><strong>Efekt\u012bva C tipa uzl\u0101de<\/strong>: Ietver modernu C tipa portu \u0101trai un \u0113rtai uzl\u0101dei, lai j\u016bsu ier\u012bce b\u016btu gatava.<\/li>\n<li><strong>Liela e-\u0161\u0137idruma ietilp\u012bba<\/strong>: Apr\u012bkots ar 25 ml e-\u0161\u0137idruma rezervu\u0101ru, kas atbalsta garas veipo\u0161anas sesijas bez past\u0101v\u012bgas uzpildes.<\/li>\n<li><strong>LED akumulatora statusa displejs<\/strong>: Ietver re\u0101llaika LED indikatoru, lai uzraudz\u012btu akumulatora l\u012bmeni un izvair\u012btos no neparedz\u0113tiem p\u0101rtraukumiem.<\/li>\n<li><strong>P\u0101rn\u0113s\u0101jams un stil\u012bgs dizains<\/strong>: Kompaktie izm\u0113ri 43 mm x 23 mm x 105 mm nodro\u0161ina \u0113rtu lieto\u0161anu un p\u0101rn\u0113s\u0101jam\u012bbu, kas ir ide\u0101li piem\u0113rots lieto\u0161anai ce\u013c\u0101.<\/li>\n<\/ul>\n<h2><strong>WGA Crystal Pro Max 15k Puffs gar\u0161u saraksts:<\/strong><\/h2>\n<p>1. ARB\u016aZU LEDUS<br \/>\n2. MELLE\u0145U AVE\u0145U<br \/>\n3.FIZZY \u0136IR\u0160U<br \/>\n4.GUMMY L\u0100CIS<br \/>\n5.CITRONA LAIMS<br \/>\n6.ZEME\u0145U LEDUS<br \/>\n7.MELLE\u0145U SK\u0100BA AVE\u0145U<br \/>\n8.ZILO AVE\u0145U LEDUS<br \/>\n9.MR ZILS<br \/>\n10.SKITTLES<br \/>\n11.MELLE\u0145U \u0136IR\u0160U DZ\u0112RVE\u0145U<br \/>\n12. sul\u012bgs PERSISKS<br \/>\n13.Zeme\u0146u ave\u0146u \u0137ir\u0161u ledus<br \/>\n14.HUBBA BUBBA<br \/>\n15.Kazenes mellenes avenes<br \/>\n16.Zeme\u0146u ledus pops<br \/>\n17.Melle\u0146u ledus pops<br \/>\n18.Prime zeme\u0146u arb\u016bzs<br \/>\n19.Zeme\u0146u \u0137ir\u0161u ko\u0161\u013c\u0101jam\u0101 gumija<br \/>\n20.Ave\u0146u \u0137ir\u0161u ledus<br \/>\n21.ANAN\u0100SU LEDUS<br \/>\n22.VASARAS SAPNIS<br \/>\n23.WGA ROZ\u0100<br \/>\n24.SVAIGA M\u0112TRA<br \/>\n25.DIVK\u0100R\u0160S \u0100BOLS<br \/>\n26.TR\u012aSK\u0100R\u0160S MANGO<br \/>\n27.MELNAIS P\u016a\u0136IS AR LEDU<br \/>\n28.KOLAS LEDUS<br \/>\n29.ANAN\u0100SU CITRONS<br \/>\n30.MR MELNS<br \/>\n31.KIVI MARAKUJAS GUAVA<\/p>\n<h3><strong>K\u0101p\u0113c izv\u0113l\u0113ties WGA The Crystal Pro Max 15 000 dvesienu veipus?<\/strong><\/h3>\n<ul>\n<li><strong>Izcili gar\u0161as profili<\/strong>: Iegremd\u0113jieties atlas\u012bt\u0101 spilgtu un atsvaidzino\u0161u aug\u013cu gar\u0161u izv\u0113l\u0113, kas katra ir izstr\u0101d\u0101ta, lai nodro\u0161in\u0101tu konsekventi pat\u012bkamu tvaic\u0113\u0161anas pieredzi.<\/li>\n<li><strong>Vienk\u0101r\u0161a \u0113rt\u012bba<\/strong>: Izstr\u0101d\u0101ts, paturot pr\u0101t\u0101 vienk\u0101r\u0161\u012bbu, \u0161is vienreiz\u0113j\u0101s lieto\u0161anas tvaic\u0113t\u0101js pied\u0101v\u0101 vienm\u0113r\u012bgu un bez stresa veidu, k\u0101 baud\u012bt augst\u0101k\u0101s kvalit\u0101tes tvaic\u0113\u0161anu jebkur\u0101 laik\u0101 un viet\u0101.<\/li>\n<li><strong>Iztur\u012bba un veiktsp\u0113ja<\/strong>: Ar l\u012bdz pat 15 000 uzp\u016btieniem, jaud\u012bgu 650 mAh uzl\u0101d\u0113jamu akumulatoru un 25 ml e-\u0161\u0137idruma ietilp\u012bbu, \u0161is tvaic\u0113t\u0101js ir izstr\u0101d\u0101ts, lai nodro\u0161in\u0101tu uzticamu veiktsp\u0113ju ilg\u0101k\u0101 laika period\u0101.<\/li>\n<li><strong>Moderns un kompakts dizains<\/strong>: T\u0101 gludie izm\u0113ri un elegant\u0101 konstrukcija nodro\u0161ina p\u0101rn\u0113s\u0101jam\u012bbu, nezaud\u0113jot stilu vai funkcionalit\u0101ti.<\/li>\n<\/ul>\n<p>T\u0101 <strong>WGA Krist\u0101la Pro Max Papildu 15000 Pufa Vape Pods\u00a0<\/strong> ir lab\u0101k\u0101 izv\u0113le tvaic\u0113t\u0101jiem, kuri mekl\u0113 \u0113rt\u012bbas, veiktsp\u0113ju un izcilu ma\u0146u pieredzi. J\u016bs gaida perfekta modern\u0101ko tehnolo\u0123iju un izcilas gar\u0161as kombin\u0101cija.<\/p>\n<p>&nbsp;<\/p>\n<h3><strong>Bie\u017e\u0101k uzdotie jaut\u0101jumi par WGA The Crystal Pro Max 15 000 Puffs uzl\u0101d\u0113jamu tvaic\u0113t\u0101ju<\/strong><\/h3>\n<ol>\n<li><strong>Cik daudz uzp\u016btienu pied\u0101v\u0101 WGA Crystal Pro Max puff 15k?<\/strong><br \/>\nIer\u012bce nodro\u0161ina l\u012bdz pat 15 000 uzp\u016btienu, padarot to ide\u0101li piem\u0113rotu ilgsto\u0161ai lieto\u0161anai bez bie\u017eas nomai\u0146as.<\/li>\n<li><strong>K\u0101da veida akumulatoru tas izmanto?<\/strong><br \/>\nTam ir 650 mAh uzl\u0101d\u0113jams akumulators ar C tipa uzl\u0101des portu, kas nodro\u0161ina \u0101tru un efekt\u012bvu uzl\u0101di.<\/li>\n<li><strong>K\u0101da ir Vape 15000 Puffs e-\u0161\u0137idruma ietilp\u012bba? <a href=\"https:\/\/vapestornado.com\/lv\/product\/wga-crystal-pro-max-15k-puffs-wholesale-price-vape-pods\/\">WGA Vape<\/a>?<\/strong><br \/>\nCrystal Pro Max ir apr\u012bkots ar d\u0101snu 25 ml e-\u0161\u0137idruma ietilp\u012bbu, kas pied\u0101v\u0101 ilgsto\u0161as tvaic\u0113\u0161anas sesijas.<\/li>\n<li><strong>Vai WGA Crystal Vape 15000 Puffs ir akumulatora indikators?<\/strong><br \/>\nJ\u0101, tas ietver re\u0101llaika LED akumulatora indikatoru, lai j\u016bs var\u0113tu uzraudz\u012bt akumulatora l\u012bmeni un uzl\u0101d\u0113t p\u0113c vajadz\u012bbas.<\/li>\n<li><strong>Vai WGA 15000 Puffs e-\u0161\u0137idrumu var uzpild\u012bt?<\/strong><br \/>\nN\u0113, WGA Crystal Pro Max 15000 Puffs ir iepriek\u0161 uzpild\u012bta vienreiz\u0113j\u0101s lieto\u0161anas ier\u012bce, un to nevar atk\u0101rtoti uzpild\u012bt.<\/li>\n<\/ol>","protected":false},"excerpt":{"rendered":"<p>WGA Crystal Pro Max 15k Puffs vape podi par vairumtirdzniec\u012bbas cen\u0101m. Izbaudiet ilgsto\u0161us dvesienus, izcilas gar\u0161as un vairumtirdzniec\u012bbas iesp\u0113jas j\u016bsu biznesam.<\/p>\n<figure id=\"attachment_2951\" aria-describedby=\"caption-attachment-2951\" style=\"width: 265px\" class=\"wp-caption alignnone\"><img fetchpriority=\"high\" decoding=\"async\" class=\"size-medium wp-image-2951\" src=\"https:\/\/vapestornado.com\/wp-content\/uploads\/2024\/12\/Wholesale-Disposable-Vape-265x300.jpg\" alt=\"Vienreiz\u0113j\u0101s lieto\u0161anas Vape vairumtirdzniec\u012bba\" width=\"265\" height=\"300\" srcset=\"https:\/\/vapestornado.com\/wp-content\/uploads\/2024\/12\/Wholesale-Disposable-Vape-265x300.jpg 265w, https:\/\/vapestornado.com\/wp-content\/uploads\/2024\/12\/Wholesale-Disposable-Vape-768x871.jpg 768w, https:\/\/vapestornado.com\/wp-content\/uploads\/2024\/12\/Wholesale-Disposable-Vape-600x680.jpg 600w, https:\/\/vapestornado.com\/wp-content\/uploads\/2024\/12\/Wholesale-Disposable-Vape.jpg 823w\" sizes=\"(max-width: 265px) 100vw, 265px\" \/><figcaption id=\"caption-attachment-2951\" class=\"wp-caption-text\">L\u016bdzu, sazinieties ar Mandiju WhatsApp, lai sa\u0146emtu atlaides cenu<a href=\"https:\/\/wa.me\/8618077105796\">+8618077105796<\/a><\/figcaption><\/figure>\n<p>&nbsp;<\/p>","protected":false},"featured_media":3052,"comment_status":"open","ping_status":"closed","template":"","meta":{"_acf_changed":false,"_uag_custom_page_level_css":"","_lmt_disableupdate":"no","_lmt_disable":"","_monsterinsights_skip_tracking":false,"_monsterinsights_sitenote_active":false,"_monsterinsights_sitenote_note":"","_monsterinsights_sitenote_category":0,"site-sidebar-layout":"default","site-content-layout":"","ast-site-content-layout":"default","site-content-style":"default","site-sidebar-style":"default","ast-global-header-display":"","ast-banner-title-visibility":"","ast-main-header-display":"","ast-hfb-above-header-display":"","ast-hfb-below-header-display":"","ast-hfb-mobile-header-display":"","site-post-title":"","ast-breadcrumbs-content":"","ast-featured-img":"","footer-sml-layout":"","ast-disable-related-posts":"","theme-transparent-header-meta":"default","adv-header-id-meta":"","stick-header-meta":"","header-above-stick-meta":"","header-main-stick-meta":"","header-below-stick-meta":"","astra-migrate-meta-layouts":"set","ast-page-background-enabled":"default","ast-page-background-meta":{"desktop":{"background-color":"","background-image":"","background-repeat":"repeat","background-position":"center center","background-size":"auto","background-attachment":"scroll","background-type":"","background-media":"","overlay-type":"","overlay-color":"","overlay-opacity":"","overlay-gradient":""},"tablet":{"background-color":"","background-image":"","background-repeat":"repeat","background-position":"center center","background-size":"auto","background-attachment":"scroll","background-type":"","background-media":"","overlay-type":"","overlay-color":"","overlay-opacity":"","overlay-gradient":""},"mobile":{"background-color":"","background-image":"","background-repeat":"repeat","background-position":"center center","background-size":"auto","background-attachment":"scroll","background-type":"","background-media":"","overlay-type":"","overlay-color":"","overlay-opacity":"","overlay-gradient":""}},"ast-content-background-meta":{"desktop":{"background-color":"var(--ast-global-color-5)","background-image":"","background-repeat":"repeat","background-position":"center center","background-size":"auto","background-attachment":"scroll","background-type":"","background-media":"","overlay-type":"","overlay-color":"","overlay-opacity":"","overlay-gradient":""},"tablet":{"background-color":"var(--ast-global-color-5)","background-image":"","background-repeat":"repeat","background-position":"center center","background-size":"auto","background-attachment":"scroll","background-type":"","background-media":"","overlay-type":"","overlay-color":"","overlay-opacity":"","overlay-gradient":""},"mobile":{"background-color":"var(--ast-global-color-5)","background-image":"","background-repeat":"repeat","background-position":"center center","background-size":"auto","background-attachment":"scroll","background-type":"","background-media":"","overlay-type":"","overlay-color":"","overlay-opacity":"","overlay-gradient":""}},"_joinchat":{"telephone":"+8618077105796"}},"product_brand":[],"product_cat":[71,140,153,158,159,160,141,59],"product_tag":[97,111],"class_list":{"0":"post-3033","1":"product","2":"type-product","3":"status-publish","4":"has-post-thumbnail","6":"product_cat-15000-puff","7":"product_cat-big-puffs-disposable-vapes","8":"product_cat-buy-disposable-vapes-in-italy","9":"product_cat-buy-disposable-vapes-in-spain","10":"product_cat-buy-disposable-vapes-in-sweden","11":"product_cat-buy-disposable-vapes-in-switzerland","12":"product_cat-crystal-disposable-vapes","13":"product_cat-wga-crystal-vape","14":"product_tag-hot-sale-disposable-vape","15":"product_tag-wga-15k-puffs","16":"desktop-align-left","17":"tablet-align-left","18":"mobile-align-left","20":"first","21":"instock","22":"sale","23":"shipping-taxable","24":"purchasable","25":"product-type-simple"},"acf":[],"uagb_featured_image_src":{"full":["https:\/\/vapestornado.com\/wp-content\/uploads\/2024\/12\/WGA-15000-PUFFS-JUICY-PEACH-Disposable-Vape.jpg",800,800,false],"thumbnail":["https:\/\/vapestornado.com\/wp-content\/uploads\/2024\/12\/WGA-15000-PUFFS-JUICY-PEACH-Disposable-Vape-150x150.jpg",150,150,true],"medium":["https:\/\/vapestornado.com\/wp-content\/uploads\/2024\/12\/WGA-15000-PUFFS-JUICY-PEACH-Disposable-Vape-300x300.jpg",300,300,true],"medium_large":["https:\/\/vapestornado.com\/wp-content\/uploads\/2024\/12\/WGA-15000-PUFFS-JUICY-PEACH-Disposable-Vape-768x768.jpg",768,768,true],"large":["https:\/\/vapestornado.com\/wp-content\/uploads\/2024\/12\/WGA-15000-PUFFS-JUICY-PEACH-Disposable-Vape.jpg",800,800,false],"1536x1536":["https:\/\/vapestornado.com\/wp-content\/uploads\/2024\/12\/WGA-15000-PUFFS-JUICY-PEACH-Disposable-Vape.jpg",800,800,false],"2048x2048":["https:\/\/vapestornado.com\/wp-content\/uploads\/2024\/12\/WGA-15000-PUFFS-JUICY-PEACH-Disposable-Vape.jpg",800,800,false],"trp-custom-language-flag":["https:\/\/vapestornado.com\/wp-content\/uploads\/2024\/12\/WGA-15000-PUFFS-JUICY-PEACH-Disposable-Vape.jpg",12,12,false],"woocommerce_thumbnail":["https:\/\/vapestornado.com\/wp-content\/uploads\/2024\/12\/WGA-15000-PUFFS-JUICY-PEACH-Disposable-Vape-300x300.jpg",300,300,true],"woocommerce_single":["https:\/\/vapestornado.com\/wp-content\/uploads\/2024\/12\/WGA-15000-PUFFS-JUICY-PEACH-Disposable-Vape-600x600.jpg",600,600,true],"woocommerce_gallery_thumbnail":["https:\/\/vapestornado.com\/wp-content\/uploads\/2024\/12\/WGA-15000-PUFFS-JUICY-PEACH-Disposable-Vape-100x100.jpg",100,100,true]},"uagb_author_info":{"display_name":"ESMANDY","author_link":"https:\/\/vapestornado.com\/lv\/author\/"},"uagb_comment_info":0,"uagb_excerpt":"WGA Crystal Pro Max 15k Puffs vape pods at wholesale prices. Enjoy long-lasting puffs, premium flavors, and bulk purchase options for your business. [caption id=\"attachment_2951\" align=\"alignnone\" width=\"265\"] Pls Contact Mandy's WhatsApp For Discount Price+8618077105796[\/caption] &nbsp;","_links":{"self":[{"href":"https:\/\/vapestornado.com\/lv\/wp-json\/wp\/v2\/product\/3033","targetHints":{"allow":["GET"]}}],"collection":[{"href":"https:\/\/vapestornado.com\/lv\/wp-json\/wp\/v2\/product"}],"about":[{"href":"https:\/\/vapestornado.com\/lv\/wp-json\/wp\/v2\/types\/product"}],"replies":[{"embeddable":true,"href":"https:\/\/vapestornado.com\/lv\/wp-json\/wp\/v2\/comments?post=3033"}],"wp:featuredmedia":[{"embeddable":true,"href":"https:\/\/vapestornado.com\/lv\/wp-json\/wp\/v2\/media\/3052"}],"wp:attachment":[{"href":"https:\/\/vapestornado.com\/lv\/wp-json\/wp\/v2\/media?parent=3033"}],"wp:term":[{"taxonomy":"product_brand","embeddable":true,"href":"https:\/\/vapestornado.com\/lv\/wp-json\/wp\/v2\/product_brand?post=3033"},{"taxonomy":"product_cat","embeddable":true,"href":"https:\/\/vapestornado.com\/lv\/wp-json\/wp\/v2\/product_cat?post=3033"},{"taxonomy":"product_tag","embeddable":true,"href":"https:\/\/vapestornado.com\/lv\/wp-json\/wp\/v2\/product_tag?post=3033"}],"curies":[{"name":"wp","href":"https:\/\/api.w.org\/{rel}","templated":true}]}}