{"id":3021,"date":"2024-12-09T09:52:59","date_gmt":"2024-12-09T09:52:59","guid":{"rendered":"https:\/\/vapestornado.com\/?post_type=product&#038;p=3021"},"modified":"2025-12-05T09:42:57","modified_gmt":"2025-12-05T09:42:57","slug":"bang-36000-smart-disposable-vape-wholesale-shop-online","status":"publish","type":"product","link":"https:\/\/vapestornado.com\/lv\/product\/bang-36000-smart-disposable-vape-wholesale-shop-online\/","title":{"rendered":"Bang 36000 Smart Vienreiz\u0113j\u0101s Lieto\u0161anas Vape Vairumtirdzniec\u012bbas Veikals Tie\u0161saist\u0113"},"content":{"rendered":"<div class=\"flex-shrink-0 flex flex-col relative items-end\">\n<div>\n<div class=\"pt-0\">\n<div class=\"gizmo-bot-avatar flex h-8 w-8 items-center justify-center overflow-hidden rounded-full\">\n<div class=\"relative p-1 rounded-sm flex items-center justify-center bg-token-main-surface-primary text-token-text-primary h-8 w-8\"><\/div>\n<\/div>\n<\/div>\n<\/div>\n<\/div>\n<div class=\"group\/conversation-turn relative flex w-full min-w-0 flex-col agent-turn\">\n<div class=\"flex-col gap-1 md:gap-3\">\n<div class=\"flex max-w-full flex-col flex-grow\">\n<div class=\"min-h-8 text-message flex w-full flex-col items-end gap-2 whitespace-normal break-words text-start [.text-message+&amp;]:mt-5\" dir=\"auto\" data-message-author-role=\"assistant\" data-message-id=\"24923bbb-bc24-49c4-aeeb-a72cf182457d\" data-message-model-slug=\"gpt-4o\">\n<div class=\"flex w-full flex-col gap-1 empty:hidden first:pt-[3px]\">\n<div class=\"markdown prose w-full break-words dark:prose-invert light\">\n<h3><strong>Bang 36000 Smart Vienreiz\u0113j\u0101s Lieto\u0161anas Vape Vairumtirdzniec\u012bbas Veikals Tie\u0161saist\u0113<\/strong><\/h3>\n<\/div>\n<\/div>\n<\/div>\n<\/div>\n<\/div>\n<\/div>\n<p data-start=\"289\" data-end=\"603\">Bang 36000 Gudrs Vienreizlietojams Vape nodro\u0161ina ilgu 36 000 p\u016b\u0161ienu m\u016b\u017eu ar 30ml tvertni, 0.6\u03a9 t\u012bkla spoli, regul\u0113jamu gaisa pl\u016bsmu, dz\u012bvu LED statusa ekr\u0101nu un 650mAh Type-C uzl\u0101d\u0113jamu akumulatoru vien\u0101 kompakt\u0101 ier\u012bc\u0113.<\/p>\n<p data-start=\"571\" data-end=\"921\"><strong data-start=\"571\" data-end=\"615\">36 000 p\u016b\u0161ieni ar pilnu 30ml tvertni.<\/strong><br data-start=\"615\" data-end=\"618\" \/>T\u0101 <strong data-start=\"622\" data-end=\"658\">Bang 36000 Smart vienreizlietojam\u0101 elektronisk\u0101 cigarete<\/strong> atrodas augstas jaudas l\u012bmen\u012b cilv\u0113kiem, kuri ikdien\u0101 vaper\u0113 un nev\u0113las past\u0101v\u012bgi nomain\u012bt maz\u0101s vien\u012bbas. A <strong data-start=\"768\" data-end=\"797\">30ml iepriek\u0161 piepild\u012bta rezervu\u0101rs<\/strong> atbalsta p\u016b\u0161ienu skaitu norm\u0101l\u0101 lieto\u0161an\u0101, t\u0101p\u0113c ier\u012bce kalpo ilg\u0101k nek\u0101 standarta vienreiz\u0113j\u0101s lieto\u0161anas ier\u012bces un uztur j\u016bsu rut\u012bnu stabilu.<\/p>\n<p data-start=\"923\" data-end=\"1193\"><strong data-start=\"923\" data-end=\"971\">Gudrs LED ekr\u0101ns, kas r\u0101da, kas ir atliku\u0161s.<\/strong><br data-start=\"971\" data-end=\"974\" \/>Ieb\u016bv\u0113ts <strong data-start=\"985\" data-end=\"1010\">LED indikatoru displejs<\/strong> par\u0101da <strong data-start=\"1017\" data-end=\"1067\">akumulatora l\u012bmenis un e-\u0161\u0137idruma st\u0101voklis re\u0101llaik\u0101<\/strong>. Tas ir vienk\u0101r\u0161s funkcija, bet noder\u012bga: j\u016bs zin\u0101t, kad j\u0101uzl\u0101d\u0113 un kad tvertne ir gandr\u012bz iztuk\u0161ota, bez dom\u0101\u0161anas vidus sesijas laik\u0101.<\/p>\n<p data-start=\"1195\" data-end=\"1456\"><strong data-start=\"1195\" data-end=\"1238\">0.6\u03a9 t\u012bkla spole bl\u012bva, gluda tvaika ra\u017eo\u0161anai.<\/strong><br data-start=\"1238\" data-end=\"1241\" \/>T\u0101 <strong data-start=\"1245\" data-end=\"1265\">0.6ohm t\u012bkla spole<\/strong> ir piel\u0101gota atv\u0113rtai ieelpo\u0161anai un biez\u0101kam tvaikam. T\u012bkla sild\u012b\u0161ana vienm\u0113r\u012bgi izplat\u0101s temperat\u016bru, pal\u012bdzot saglab\u0101t gar\u0161u skaidru un samazinot to sausu, sadedzin\u0101tu malu, ko daudzas augsta p\u016b\u0161ienu vienreiz\u0113j\u0101s lieto\u0161anas ier\u012bces ieg\u016bst net\u0101lu no beig\u0101m.<\/p>\n<p data-start=\"1458\" data-end=\"1688\"><strong data-start=\"1458\" data-end=\"1496\">Gaisa pl\u016bsmas regul\u0113\u0161ana j\u016bsu stilam.<\/strong><br data-start=\"1496\" data-end=\"1499\" \/>Gaisa pl\u016bsmas kontrole \u013cauj izv\u0113l\u0113ties stingr\u0101ku ieelpu vai pla\u0161\u0101ku ieelpu. Sm\u0113\u0137\u0113t\u0101ji, kas v\u0113las pretest\u012bbu l\u012bdz\u012bgu cigaret\u0113m, to var samazin\u0101t; lietot\u0101ji, kas dod priek\u0161roku br\u012bv\u0101kai ieelpo\u0161anai, var to atv\u0113rt.<\/p>\n<p data-start=\"1690\" data-end=\"1987\"><strong data-start=\"1690\" data-end=\"1740\">Uzl\u0101d\u0113jams Type-C jaudas avots un nikot\u012bna diapazons.<\/strong><br data-start=\"1740\" data-end=\"1743\" \/>Bang 36k Gudrs Vienreizlietojams Vape n\u0101k ar <strong data-start=\"1745\" data-end=\"1776\">650mAh uzl\u0101d\u0113jams akumulators<\/strong> ar <strong data-start=\"1782\" data-end=\"1810\">USB Type-C \u0101tro uzl\u0101di<\/strong> uztur laiku starp uzl\u0101des reiz\u0113m \u012bsu un \u013cauj pabeigt tvertni, neizmetot vape agr\u0101k. Nikot\u012bna opcijas aptver <strong data-start=\"1919\" data-end=\"1941\">0%, 2%, 3% un 5%<\/strong>, lai lietot\u0101ji var\u0113tu sal\u012bdzin\u0101t sp\u0113ku ar ikdienas ieradumiem.<\/p>\n<p>&nbsp;<\/p>\n<p><strong>Pievienojiet Eimijas Whatsapp, lai sa\u0146emtu pareizo atbildi un vape kuponu!<\/strong><\/p>\n<p><img fetchpriority=\"high\" decoding=\"async\" class=\"size-full wp-image-2932\" src=\"https:\/\/vapestornado.com\/wp-content\/uploads\/2024\/12\/Vape-Wholesale.jpg\" alt=\"Veipu Vairumtirdzniec\u012bba\" width=\"229\" height=\"300\" \/><\/p>\n<h3><a href=\"https:\/\/wa.me\/8617776015835\" target=\"_blank\" rel=\"noopener\"><span style=\"color: #ff0000;\"><strong>WhatsApp: +86 17776015835<\/strong><\/span><\/a><\/h3>\n<p>&nbsp;<\/p>\n<h4><strong style=\"font-size: 1.7em;\">\u00a0Bang 36000 Produkta \u012bpa\u0161\u012bbas<\/strong><\/h4>\n<table>\n<thead>\n<tr>\n<th>Funkcija \/ Parametrs<\/th>\n<th align=\"right\">Spec<\/th>\n<th>Skaidrojums<\/th>\n<\/tr>\n<\/thead>\n<tbody>\n<tr>\n<td>Produkts Nosaukums<\/td>\n<td align=\"right\">Bang 36000 Smart vienreizlietojam\u0101 elektronisk\u0101 cigarete<\/td>\n<td>Skaidrs mode\u013ca nosaukums atk\u0101rtot\u0101m pas\u016bt\u012bjumiem un mekl\u0113\u0161anai.<\/td>\n<\/tr>\n<tr>\n<td>Pufiju ietilp\u012bba<\/td>\n<td align=\"right\">L\u012bdz 36 000 ieelp\u0101m<\/td>\n<td>Augstas darb\u012bbas vienreizlietojams; maz\u0101k nomai\u0146u.<\/td>\n<\/tr>\n<tr>\n<td>E-\u0161\u0137idruma tilpums<\/td>\n<td align=\"right\">30ml iepriek\u0161pild\u012bts<\/td>\n<td>Liels tvertne atbalsta 36K nov\u0113rt\u0113jumu.<\/td>\n<\/tr>\n<tr>\n<td>Spole \/ Pretest\u012bba<\/td>\n<td align=\"right\">0,6 \u03a9 acs spole<\/td>\n<td>Atv\u0113rta ieelpa, bl\u012bva tvaika pl\u016bsma, stabil\u0101ks arom\u0101ts.<\/td>\n<\/tr>\n<tr>\n<td>Gaisa pl\u016bsma<\/td>\n<td align=\"right\">Regul\u0113jams<\/td>\n<td>Cieta vilk\u0161ana vai atv\u0113rta ieelpa, lietot\u0101js izv\u0113las.<\/td>\n<\/tr>\n<tr>\n<td>Akumulators<\/td>\n<td align=\"right\">650mAh uzl\u0101d\u0113jams<\/td>\n<td>Uzl\u0101d\u0113jiet, lai izmantotu pilnu tvertni.<\/td>\n<\/tr>\n<tr>\n<td>Uzl\u0101de<\/td>\n<td align=\"right\">USB Type-C \u0101tra uzl\u0101de<\/td>\n<td>Standarta kabelis un \u0101tri papildin\u0101jumi.<\/td>\n<\/tr>\n<tr>\n<td>Nikot\u012bna opcijas<\/td>\n<td align=\"right\">0% \/ 2% \/ 3% \/ 5%<\/td>\n<td>Izv\u0113lies nulle-nikot\u012bnu vai stipr\u0101ku efektu.<\/td>\n<\/tr>\n<tr>\n<td>Gar\u0161as<\/td>\n<td align=\"right\">12 opcijas<\/td>\n<td>Atsedz galven\u0101s Eiropas gar\u0161as tendences.<\/td>\n<\/tr>\n<tr>\n<td>Displejs<\/td>\n<td align=\"right\">Gudrs LED akumulatora + e-\u0161\u0137idruma ekr\u0101ns<\/td>\n<td>Re\u0101llaika statusa uzskaite, lietojot e-cigareti.<\/td>\n<\/tr>\n<tr>\n<td>Form\u0101ta veids<\/td>\n<td align=\"right\">Kompakta, kabat\u0101 \u0113rta korpusa<\/td>\n<td>Praktiski ikdienas n\u0113s\u0101\u0161anai un ce\u013cojumiem.<\/td>\n<\/tr>\n<\/tbody>\n<\/table>\n<p>&nbsp;<\/p>\n<h2 class=\"product-title\"><strong>\u00a0Bang 36000 Gar\u0161u saraksts<\/strong><\/h2>\n<p>1.Zeme\u0146u Kivi<br \/>\n2. Jaukti ogu<br \/>\n3.Melle\u0146u uz Ledus<br \/>\n4.V\u012bnogu Ledus<br \/>\n5.\u0136ir\u0161u Ledus<br \/>\n6. Melle\u0146u Ave\u0146u Limon\u0101de<br \/>\n7. Persiku ledus<br \/>\n8. Zeme\u0146u arb\u016bzs<br \/>\n9.Persiku Mango Arb\u016bzs<br \/>\n10.Arb\u016bza ledus<\/p>\n<h3>K\u0101p\u0113c izv\u0113l\u0113ties vapestornado Bang 36k vape vairumtirdzniec\u012bbai?<\/h3>\n<div class=\"flex-shrink-0 flex flex-col relative items-end\">\n<div class=\"pt-0\">\n<div class=\"gizmo-bot-avatar flex h-8 w-8 items-center justify-center overflow-hidden rounded-full\">\n<div class=\"relative p-1 rounded-sm flex items-center justify-center bg-token-main-surface-primary text-token-text-primary h-8 w-8\">\n<p>Laipni l\u016bdzam vapestornado, j\u016bsu uzticamaj\u0101 tie\u0161saistes vape veikal\u0101, kur\u0101 var ieg\u0101d\u0101ties augst\u0101k\u0101s kvalit\u0101tes vienreiz\u0113j\u0101s lieto\u0161anas vape. Ar vair\u0101k nek\u0101 5 gadu pieredzi m\u0113s pied\u0101v\u0101jam jums popul\u0101rus vienreiz\u0113j\u0101s lieto\u0161anas vape z\u012bmolus, piem\u0113ram, Fumot RandM Vape, Vapme, Bang Vape, Waspe Vape un WGA Vape utt.<\/p>\n<p>M\u016bsu kl\u0101st\u0101 ir iek\u013cauti karstie izp\u0101rdo\u0161anas veipi, piem\u0113ram, <a href=\"https:\/\/vapestornado.com\/lv\/product\/fumot-randm-tornado-15000-puffs-rechargeable-disposable-vape-wholesale\/\">RandM Tornado 15000<\/a>, un bag\u0101t\u012bgas gar\u0161as izv\u0113les, piem\u0113ram, <a href=\"https:\/\/vapestornado.com\/lv\/product\/waspe-40000-puffs-double-flavour-led-display-disposable-vape-wholesale\/\">WASPE dubult\u0101s gar\u0161as 40000 uzp\u016btienu<\/a> Katrs produkts tiek izv\u0113l\u0113ts, koncentr\u0113joties uz kvalit\u0101ti, v\u0113rt\u012bbu un da\u017e\u0101d\u012bbu, nodro\u0161inot, ka atrodat sav\u0101m vajadz\u012bb\u0101m ide\u0101li piem\u0113rotu. Atkl\u0101jiet izcilu servisu un pla\u0161u augst\u0101k\u0101s kvalit\u0101tes produktu kl\u0101stu vietn\u0113 vapestornado.<\/p>\n<\/div>\n<h3><\/h3>\n<div class=\"relative p-1 rounded-sm flex items-center justify-center bg-token-main-surface-primary text-token-text-primary h-8 w-8\">\n<h3>Bie\u017e\u0101k uzdotie jaut\u0101jumi par Bang 36000 atk\u0101rtoti uzl\u0101d\u0113jamo vienreizlietojamo vape<\/h3>\n<\/div>\n<\/div>\n<\/div>\n<\/div>\n<div class=\"group\/conversation-turn relative flex w-full min-w-0 flex-col agent-turn\">\n<div class=\"flex-col gap-1 md:gap-3\">\n<div class=\"flex max-w-full flex-col flex-grow\">\n<div class=\"min-h-8 text-message flex w-full flex-col items-end gap-2 whitespace-normal break-words [.text-message+&amp;]:mt-5\" dir=\"auto\" data-message-author-role=\"assistant\" data-message-id=\"db716a1c-9ed0-4b8d-b3b0-7bdb913c3d42\" data-message-model-slug=\"gpt-4o\">\n<div class=\"flex w-full flex-col gap-1 empty:hidden first:pt-[3px]\">\n<div class=\"markdown prose w-full break-words dark:prose-invert light\">\n<div class=\"flex max-w-full flex-col flex-grow\">\n<div class=\"min-h-8 text-message flex w-full flex-col items-end gap-2 whitespace-normal break-words text-start [.text-message+&amp;]:mt-5\" dir=\"auto\" data-message-author-role=\"assistant\" data-message-id=\"2dbf2369-71ab-44c2-8168-31d5a517a1e4\" data-message-model-slug=\"gpt-4o-mini\">\n<div class=\"flex w-full flex-col gap-1 empty:hidden first:pt-[3px]\">\n<div class=\"markdown prose w-full break-words dark:prose-invert light\">\n<article class=\"text-token-text-primary w-full focus:outline-none [--shadow-height:45px] has-data-writing-block:pointer-events-none has-data-writing-block:-mt-(--shadow-height) has-data-writing-block:pt-(--shadow-height) [&amp;:has([data-writing-block])&gt;*]:pointer-events-auto scroll-mt-[calc(var(--header-height)+min(200px,max(70px,20svh)))]\" dir=\"auto\" tabindex=\"-1\" data-turn-id=\"ee759558-2db1-4861-8932-66c87485c242\" data-testid=\"conversation-turn-82\" data-scroll-anchor=\"true\" data-turn=\"assistant\">\n<div class=\"text-base my-auto mx-auto pb-10 [--thread-content-margin:--spacing(4)] @w-sm\/main:[--thread-content-margin:--spacing(6)] @w-lg\/main:[--thread-content-margin:--spacing(16)] px-(--thread-content-margin)\">\n<div class=\"[--thread-content-max-width:40rem] @w-lg\/main:[--thread-content-max-width:48rem] mx-auto max-w-(--thread-content-max-width) flex-1 group\/turn-messages focus-visible:outline-hidden relative flex w-full min-w-0 flex-col agent-turn\" tabindex=\"-1\">\n<div class=\"flex max-w-full flex-col grow\">\n<div class=\"min-h-8 text-message relative flex w-full flex-col items-end gap-2 text-start break-words whitespace-normal [.text-message+&amp;]:mt-1\" dir=\"auto\" data-message-author-role=\"assistant\" data-message-id=\"370325a1-2e03-4ed2-9b16-18960ddf0293\" data-message-model-slug=\"gpt-5-1\">\n<div class=\"flex w-full flex-col gap-1 empty:hidden first:pt-[1px]\">\n<div class=\"markdown prose dark:prose-invert w-full break-words light markdown-new-styling\">\n<p data-start=\"0\" data-end=\"139\">\n<ol data-start=\"141\" data-end=\"1633\">\n<li data-start=\"141\" data-end=\"427\">\n<p data-start=\"144\" data-end=\"427\"><strong data-start=\"144\" data-end=\"221\">Vai Bang 36000 Smart Vienreiz\u0113j\u0101 Vape ir piem\u0113rots MTL vai va\u013c\u012bg\u0101kai ieelpo\u0161anai<\/strong><br data-start=\"221\" data-end=\"224\" \/>J\u0101. The <strong data-start=\"233\" data-end=\"269\" data-is-only-node=\"\">Bang 36000 Smart vienreizlietojam\u0101 elektronisk\u0101 cigarete<\/strong> tam ir regul\u0113jama gaisa pl\u016bsma, t\u0101p\u0113c to var iestat\u012bt stingr\u0101kai MTL stila ieelpo\u0161anai vai atv\u0113rtu va\u013c\u012bg\u0101kai ieelpo\u0161anai. Tas pal\u012bdz biju\u0161ajiem sm\u0113\u0137\u0113t\u0101jiem piel\u0101got ieelpo\u0161anas veidu, pie kura vi\u0146i ir pieradu\u0161i.<\/p>\n<\/li>\n<li data-start=\"429\" data-end=\"754\">\n<p data-start=\"432\" data-end=\"754\"><strong data-start=\"432\" data-end=\"517\">Vai Bang King 36K var izmantot l\u012bdz p\u0113d\u0113jai pilienam, nezaud\u0113jot veiktsp\u0113ju<\/strong><br data-start=\"517\" data-end=\"520\" \/>T\u0101 <strong data-start=\"524\" data-end=\"552\" data-is-only-node=\"\">Bang King 36K vienreiz\u0113j\u0101<\/strong> izmanto 0.6\u03a9 t\u012bkla spir\u0101li un uzl\u0101d\u0113jamu akumulatoru. T\u012bkla sild\u012b\u0161ana nodro\u0161ina stabil\u0101ku jaudas l\u012bniju liel\u0101 tvertn\u0113, un uzl\u0101de nov\u0113r\u0161 akumulatora agr\u012bnu izs\u012bk\u0161anu, padarot veiktsp\u0113ju stabil\u0101ku ilg\u0101k\u0101 lieto\u0161anas laik\u0101.<\/p>\n<\/li>\n<li data-start=\"756\" data-end=\"1035\">\n<p data-start=\"759\" data-end=\"1035\"><strong data-start=\"759\" data-end=\"839\">K\u0101p\u0113c mans Bang 36 000 p\u016b\u0161u vienreiz\u0113jais da\u017ereiz \u0161\u0137iet v\u0101j\u0101ks p\u0113c uzl\u0101des<\/strong><br data-start=\"839\" data-end=\"842\" \/>P\u0113c uzl\u0101des gaisa pl\u016bsmas kondens\u0101cija var nedaudz m\u012bkstin\u0101t pirm\u0101s da\u017eas ieelpas. Veiciet p\u0101ris \u012bsas ieelpas, un tas parasti izz\u016bd. Ja tas paliek v\u0101j\u0161, p\u0101rbaudiet, vai gaisa pl\u016bsma nav p\u0101r\u0101k stingri iestat\u012bta.<\/p>\n<\/li>\n<li data-start=\"1037\" data-end=\"1313\">\n<p data-start=\"1040\" data-end=\"1313\"><strong data-start=\"1040\" data-end=\"1120\">Vai Bang 36000 Smart Vienreiz\u0113jais ir pieejams ar da\u017e\u0101d\u0101m gar\u0161\u0101m lielapjoma pas\u016bt\u012bjumiem<\/strong><br data-start=\"1120\" data-end=\"1123\" \/>Vairums vairumtirdzniec\u012bbas partneru \u013cauj apvienot da\u017e\u0101du gar\u0161u iepakojumus <strong data-start=\"1175\" data-end=\"1206\" data-is-only-node=\"\">Bang 36000 Smart Vienreiz\u0113jais<\/strong> l\u012bnija. Ar 12 pieejam\u0101m gar\u0161\u0101m veikali bie\u017ei kombin\u0113 popul\u0101r\u0101k\u0101s ar da\u017e\u0101m re\u0123ion\u0101l\u0101m iecien\u012bt\u0101kaj\u0101m, lai p\u0101rbaud\u012btu piepras\u012bjumu.<\/p>\n<\/li>\n<li data-start=\"1315\" data-end=\"1633\">\n<p data-start=\"1318\" data-end=\"1633\"><strong data-start=\"1318\" data-end=\"1399\">K\u0101 pareizi uzglab\u0101t Bang 36K Smart Vienreiz\u0113jo, lai izvair\u012btos no nopl\u016bd\u0113m vai saus\u0101m ieelp\u0113m<\/strong><br data-start=\"1399\" data-end=\"1402\" \/>Uzglab\u0101jiet <strong data-start=\"1412\" data-end=\"1446\" data-is-only-node=\"\">Bang 36K Smart Vienreiz\u0113jo Vape<\/strong> st\u0101vot vertik\u0101li, ja iesp\u0113jams, un turiet to prom no karstiem auto vai sald\u0113\u0161anas apst\u0101k\u013ciem. Ekstrem\u0101las temperat\u016bras sv\u0101rst\u012bbas var izrais\u012bt kondens\u0101ciju vai e-liquida sa\u0161\u0137idrin\u0101\u0161anos, kas ir bie\u017e\u0101kais nelielu nopl\u016b\u017eu iemesls.<\/p>\n<\/li>\n<\/ol>\n<\/div>\n<\/div>\n<\/div>\n<\/div>\n<\/div>\n<\/div>\n<\/article>\n<\/div>\n<\/div>\n<\/div>\n<\/div>\n<\/div>\n<\/div>\n<\/div>\n<\/div>\n<\/div>\n<\/div>","protected":false},"excerpt":{"rendered":"<p>Bang 36000 Gudrs Vienreizlietojams Vape \u2014 36K P\u016b\u0161ieni Paredz\u0113ts Ilgsto\u0161ai Ikdienas Lieto\u0161anai<br \/>\nBang 36K T\u012bkla Spole un Regul\u0113jama Gaisa Pl\u016bsma, lai nodro\u0161in\u0101tu gludu, bl\u012bvu tvaiku<br \/>\nBang 36000 Gudrs Vienreizlietojams ar LED Ekr\u0101nu un Type-C Uzl\u0101d\u0113jamu Jaudu<\/p>\n<p><strong>Pievienojiet Eimijas whatsapp, lai sa\u0146emtu pareizu atbildi un iztvaic\u0113t\u0101ja kuponu!<\/strong><\/p>\n<p><img fetchpriority=\"high\" decoding=\"async\" class=\"size-full wp-image-2932\" src=\"https:\/\/vapestornado.com\/wp-content\/uploads\/2024\/12\/Vape-Wholesale.jpg\" alt=\"Veipu Vairumtirdzniec\u012bba\" width=\"229\" height=\"300\" \/><\/p>\n<h3><a href=\"https:\/\/wa.me\/8617776015835\"><span style=\"color: #ff0000;\"><strong>WhatsApp: +86 17776015835<\/strong><\/span><\/a><\/h3>\n<p>&nbsp;<\/p>","protected":false},"featured_media":3006,"comment_status":"open","ping_status":"closed","template":"","meta":{"_acf_changed":false,"_uag_custom_page_level_css":"","_lmt_disableupdate":"no","_lmt_disable":"","_monsterinsights_skip_tracking":false,"_monsterinsights_sitenote_active":false,"_monsterinsights_sitenote_note":"","_monsterinsights_sitenote_category":0,"site-sidebar-layout":"default","site-content-layout":"","ast-site-content-layout":"default","site-content-style":"default","site-sidebar-style":"default","ast-global-header-display":"","ast-banner-title-visibility":"","ast-main-header-display":"","ast-hfb-above-header-display":"","ast-hfb-below-header-display":"","ast-hfb-mobile-header-display":"","site-post-title":"","ast-breadcrumbs-content":"","ast-featured-img":"","footer-sml-layout":"","ast-disable-related-posts":"","theme-transparent-header-meta":"default","adv-header-id-meta":"","stick-header-meta":"","header-above-stick-meta":"","header-main-stick-meta":"","header-below-stick-meta":"","astra-migrate-meta-layouts":"set","ast-page-background-enabled":"default","ast-page-background-meta":{"desktop":{"background-color":"","background-image":"","background-repeat":"repeat","background-position":"center center","background-size":"auto","background-attachment":"scroll","background-type":"","background-media":"","overlay-type":"","overlay-color":"","overlay-opacity":"","overlay-gradient":""},"tablet":{"background-color":"","background-image":"","background-repeat":"repeat","background-position":"center center","background-size":"auto","background-attachment":"scroll","background-type":"","background-media":"","overlay-type":"","overlay-color":"","overlay-opacity":"","overlay-gradient":""},"mobile":{"background-color":"","background-image":"","background-repeat":"repeat","background-position":"center center","background-size":"auto","background-attachment":"scroll","background-type":"","background-media":"","overlay-type":"","overlay-color":"","overlay-opacity":"","overlay-gradient":""}},"ast-content-background-meta":{"desktop":{"background-color":"var(--ast-global-color-5)","background-image":"","background-repeat":"repeat","background-position":"center center","background-size":"auto","background-attachment":"scroll","background-type":"","background-media":"","overlay-type":"","overlay-color":"","overlay-opacity":"","overlay-gradient":""},"tablet":{"background-color":"var(--ast-global-color-5)","background-image":"","background-repeat":"repeat","background-position":"center center","background-size":"auto","background-attachment":"scroll","background-type":"","background-media":"","overlay-type":"","overlay-color":"","overlay-opacity":"","overlay-gradient":""},"mobile":{"background-color":"var(--ast-global-color-5)","background-image":"","background-repeat":"repeat","background-position":"center center","background-size":"auto","background-attachment":"scroll","background-type":"","background-media":"","overlay-type":"","overlay-color":"","overlay-opacity":"","overlay-gradient":""}},"_joinchat":{"telephone":"+8617776015835"}},"product_brand":[],"product_cat":[66,62,149,154,160,146],"product_tag":[109,108,110,105,93],"class_list":{"0":"post-3021","1":"product","2":"type-product","3":"status-publish","4":"has-post-thumbnail","6":"product_cat-36000-puff","7":"product_cat-bang-vape","8":"product_cat-buy-disposable-vapes-in-austria","9":"product_cat-buy-disposable-vapes-in-netherlands","10":"product_cat-buy-disposable-vapes-in-switzerland","11":"product_cat-rechargeable-disposable-vapes","12":"product_tag-bang-36000","13":"product_tag-bang-vape-36000","14":"product_tag-bang-vape-36k","15":"product_tag-digital-disposable-vape","16":"product_tag-vape-wholesale","17":"desktop-align-left","18":"tablet-align-left","19":"mobile-align-left","21":"first","22":"instock","23":"sale","24":"shipping-taxable","25":"purchasable","26":"product-type-simple"},"acf":[],"uagb_featured_image_src":{"full":["https:\/\/vapestornado.com\/wp-content\/uploads\/2024\/12\/Bang-36000-Puffs-Disposable-Vape-Wholesale-Price.jpg",1126,1126,false],"thumbnail":["https:\/\/vapestornado.com\/wp-content\/uploads\/2024\/12\/Bang-36000-Puffs-Disposable-Vape-Wholesale-Price-150x150.jpg",150,150,true],"medium":["https:\/\/vapestornado.com\/wp-content\/uploads\/2024\/12\/Bang-36000-Puffs-Disposable-Vape-Wholesale-Price-300x300.jpg",300,300,true],"medium_large":["https:\/\/vapestornado.com\/wp-content\/uploads\/2024\/12\/Bang-36000-Puffs-Disposable-Vape-Wholesale-Price-768x768.jpg",768,768,true],"large":["https:\/\/vapestornado.com\/wp-content\/uploads\/2024\/12\/Bang-36000-Puffs-Disposable-Vape-Wholesale-Price-1024x1024.jpg",1024,1024,true],"1536x1536":["https:\/\/vapestornado.com\/wp-content\/uploads\/2024\/12\/Bang-36000-Puffs-Disposable-Vape-Wholesale-Price.jpg",1126,1126,false],"2048x2048":["https:\/\/vapestornado.com\/wp-content\/uploads\/2024\/12\/Bang-36000-Puffs-Disposable-Vape-Wholesale-Price.jpg",1126,1126,false],"trp-custom-language-flag":["https:\/\/vapestornado.com\/wp-content\/uploads\/2024\/12\/Bang-36000-Puffs-Disposable-Vape-Wholesale-Price.jpg",12,12,false],"woocommerce_thumbnail":["https:\/\/vapestornado.com\/wp-content\/uploads\/2024\/12\/Bang-36000-Puffs-Disposable-Vape-Wholesale-Price-300x300.jpg",300,300,true],"woocommerce_single":["https:\/\/vapestornado.com\/wp-content\/uploads\/2024\/12\/Bang-36000-Puffs-Disposable-Vape-Wholesale-Price-600x600.jpg",600,600,true],"woocommerce_gallery_thumbnail":["https:\/\/vapestornado.com\/wp-content\/uploads\/2024\/12\/Bang-36000-Puffs-Disposable-Vape-Wholesale-Price-100x100.jpg",100,100,true]},"uagb_author_info":{"display_name":"ESAMY","author_link":"https:\/\/vapestornado.com\/lv\/author\/"},"uagb_comment_info":0,"uagb_excerpt":"Bang 36000 Smart Disposable Vape \u2014 36K Puffs Built for Long Daily Use Bang 36K Mesh Coil and Adjustable Airflow for Smooth, Dense Vapor Bang 36000 Smart Disposable with LED Screen and Type-C Rechargeable Power Add Amy's whatsapp to get right reply and vape vape coupon! WhatsApp: +86 17776015835 &nbsp;","_links":{"self":[{"href":"https:\/\/vapestornado.com\/lv\/wp-json\/wp\/v2\/product\/3021","targetHints":{"allow":["GET"]}}],"collection":[{"href":"https:\/\/vapestornado.com\/lv\/wp-json\/wp\/v2\/product"}],"about":[{"href":"https:\/\/vapestornado.com\/lv\/wp-json\/wp\/v2\/types\/product"}],"replies":[{"embeddable":true,"href":"https:\/\/vapestornado.com\/lv\/wp-json\/wp\/v2\/comments?post=3021"}],"wp:featuredmedia":[{"embeddable":true,"href":"https:\/\/vapestornado.com\/lv\/wp-json\/wp\/v2\/media\/3006"}],"wp:attachment":[{"href":"https:\/\/vapestornado.com\/lv\/wp-json\/wp\/v2\/media?parent=3021"}],"wp:term":[{"taxonomy":"product_brand","embeddable":true,"href":"https:\/\/vapestornado.com\/lv\/wp-json\/wp\/v2\/product_brand?post=3021"},{"taxonomy":"product_cat","embeddable":true,"href":"https:\/\/vapestornado.com\/lv\/wp-json\/wp\/v2\/product_cat?post=3021"},{"taxonomy":"product_tag","embeddable":true,"href":"https:\/\/vapestornado.com\/lv\/wp-json\/wp\/v2\/product_tag?post=3021"}],"curies":[{"name":"wp","href":"https:\/\/api.w.org\/{rel}","templated":true}]}}