{"id":3020,"date":"2024-12-09T09:13:52","date_gmt":"2024-12-09T09:13:52","guid":{"rendered":"https:\/\/vapestornado.com\/?post_type=product&#038;p=3020"},"modified":"2025-08-23T10:17:17","modified_gmt":"2025-08-23T10:17:17","slug":"vapme-uwin-crystal-10000-puff-vape-pen-cheap-price-2-5-nicotine","status":"publish","type":"product","link":"https:\/\/vapestornado.com\/lv\/product\/vapme-uwin-crystal-10000-puff-vape-pen-cheap-price-2-5-nicotine\/","title":{"rendered":"Vapme UWIN Crystal 10000 PUFF iztvaic\u0113t\u0101ja pildspalva L\u0113ta cena 2% 5% Nikot\u012bns"},"content":{"rendered":"<h1>Vapme UWIN Crystal 10000 PUFF iztvaic\u0113t\u0101ja pildspalva L\u0113ta cena 2% 5% Nikot\u012bns<\/h1>\n<p data-start=\"391\" data-end=\"692\">T\u0101 <strong data-start=\"395\" data-end=\"439\">UWIN Crystal 10000 Puffs vienreiz\u0113j\u0101s lieto\u0161anas vape<\/strong> apvieno ietilp\u012bbu, dizainu un uzticamu veiktsp\u0113ju, padarot to par sp\u0113c\u012bgu izv\u0113li <strong data-start=\"523\" data-end=\"562\">vairumtirgot\u0101jiem un mazumtirgot\u0101jiem Eirop\u0101<\/strong>. Ar l\u012bdz pat <strong data-start=\"575\" data-end=\"591\">10 000 uzp\u016btieniem<\/strong> un <strong data-start=\"599\" data-end=\"632\">18ml iepriek\u0161pild\u0101ms e-\u0161\u0137idruma tvertne<\/strong>, tas pied\u0101v\u0101 ilg\u0101ku lieto\u0161anu sal\u012bdzin\u0101jum\u0101 ar standarta vienreiz\u0113j\u0101s lieto\u0161anas ier\u012bc\u0113m.<\/p>\n<p data-start=\"694\" data-end=\"952\">Darbojas ar <strong data-start=\"707\" data-end=\"738\">650mAh uzl\u0101d\u0113jams akumulators<\/strong> ar <strong data-start=\"744\" data-end=\"768\">C tipa \u0101tr\u0101 uzl\u0101de<\/strong>, UWIN 10K nodro\u0161ina vienm\u0113r\u012bgu jaudu un samazin\u0101tu d\u012bkst\u0101vi. T\u0101 <strong data-start=\"831\" data-end=\"849\">0,8\u03a9 t\u012bkla spole<\/strong> nodro\u0161ina vienm\u0113r\u012bgu tvaika ra\u017eo\u0161anu un konsekventu gar\u0161as pieg\u0101di, kas pat\u012bk pla\u0161am lietot\u0101ju lokam.<\/p>\n<p data-start=\"954\" data-end=\"1246\">Pied\u0101v\u0101jot <strong data-start=\"966\" data-end=\"994\">caursp\u012bd\u012bgs krist\u0101la korpuss<\/strong> ar <strong data-start=\"1000\" data-end=\"1016\">RGB apgaismojums<\/strong>, \u0161is vape izce\u013cas veikalu plauktos, vienlaikus saglab\u0101jot kompaktumu un vieglu p\u0101rn\u0113s\u0101\u0161anu. Pieejams <strong data-start=\"1112\" data-end=\"1144\">2% un 5% nikot\u012bna stiprumi<\/strong>, tad <strong data-start=\"1150\" data-end=\"1177\">UWIN Krist\u0101ls 10000 Vape<\/strong> apmierina da\u017e\u0101das klientu vajadz\u012bbas, s\u0101kot no ikdienas l\u012bdz regul\u0101riem veipot\u0101jiem.<\/p>\n<p data-start=\"1248\" data-end=\"1373\">Vairumtirgot\u0101jiem t\u0101 <strong data-start=\"1269\" data-end=\"1297\">konkur\u0113tsp\u0113j\u012bgas vairumtirdzniec\u012bbas cenas<\/strong> un sp\u0113c\u012bg\u0101 pat\u0113r\u0113t\u0101ju pievilc\u012bba padara to par rentablu produktu, ko iek\u013caut kr\u0101jumos 2025. gad\u0101.<\/p>\n<p><img fetchpriority=\"high\" decoding=\"async\" class=\"size-medium wp-image-2951\" src=\"https:\/\/vapestornado.com\/wp-content\/uploads\/2024\/12\/Wholesale-Disposable-Vape-265x300.jpg\" alt=\"Vienreiz\u0113j\u0101s lieto\u0161anas Vape vairumtirdzniec\u012bba\" width=\"265\" height=\"300\" srcset=\"https:\/\/vapestornado.com\/wp-content\/uploads\/2024\/12\/Wholesale-Disposable-Vape-265x300.jpg 265w, https:\/\/vapestornado.com\/wp-content\/uploads\/2024\/12\/Wholesale-Disposable-Vape-768x871.jpg 768w, https:\/\/vapestornado.com\/wp-content\/uploads\/2024\/12\/Wholesale-Disposable-Vape-600x680.jpg 600w, https:\/\/vapestornado.com\/wp-content\/uploads\/2024\/12\/Wholesale-Disposable-Vape.jpg 823w\" sizes=\"(max-width: 265px) 100vw, 265px\" \/><\/p>\n<h6>L\u016bdzu, sazinieties ar Mandiju WhatsApp, lai sa\u0146emtu atlaides cenu<a href=\"https:\/\/wa.me\/8618077105796\" target=\"_blank\" rel=\"noopener\">+8618077105796<\/a><\/h6>\n<p>&nbsp;<\/p>\n<h2><strong>Uwin Crystal 10000 Puffs vape podi Galven\u0101s iez\u012bmes<\/strong><\/h2>\n<ul>\n<li><strong>L\u012bdz pat 10000 Puffs<\/strong>: Ilgsto\u0161a veiktsp\u0113ja ilgsto\u0161ai lieto\u0161anai.<\/li>\n<li><strong>Vair\u0101kas nikot\u012bna stipruma opcijas<\/strong>: Pieejamas 0%, 2%, 3% un 5% nikot\u012bna opcij\u0101s.<\/li>\n<li><strong>18 ml e-\u0161\u0137idruma ietilp\u012bba<\/strong>: Liels rezervu\u0101rs ret\u0101kai uzpild\u012b\u0161anai.<\/li>\n<li><strong>650mAh uzl\u0101d\u0113jams akumulators<\/strong>: \u0100tra C tipa uzl\u0101de \u0101trai jaudas atjauno\u0161anai.<\/li>\n<li><strong>0.8\u03a9 sieta spole<\/strong>: Uzlabota gar\u0161a un tvaika ra\u017eo\u0161ana.<\/li>\n<li><strong>RGB Gaismas<\/strong>: Dinamisks apgaismojums m\u016bsdien\u012bgam izskatam.<\/li>\n<li><strong>Vairumtirdzniec\u012bbas pirkums<\/strong>: Vairumtirdzniec\u012bbas iesp\u0113jas ar 200 vien\u012bb\u0101m kartona kast\u0113.<\/li>\n<li><strong>P\u0101rn\u0113s\u0101jams un viegls<\/strong>: Viegli p\u0101rn\u0113s\u0101jams un ide\u0101li piem\u0113rots gan ies\u0101c\u0113jiem, gan pieredz\u0113ju\u0161iem veipot\u0101jiem.<\/li>\n<\/ul>\n<h2><strong>Da\u017e\u0101da gar\u0161u izv\u0113le<\/strong><\/h2>\n<p>Uwin Crystal 10000 Puffs pied\u0101v\u0101 r\u016bp\u012bgi atlas\u012btas 15 at\u0161\u0137ir\u012bgas gar\u0161as, kas rad\u012btas, lai apmierin\u0101tu ikvienu. Neatkar\u012bgi no t\u0101, vai dodat priek\u0161roku saldiem, aug\u013cu mais\u012bjumiem vai atv\u0113sino\u0161\u0101m mentola gar\u0161\u0101m, ir piem\u0113rota gar\u0161a ikvienai gaumei. L\u016bk, tuv\u0101ks ieskats pieejamaj\u0101s opcij\u0101s:<\/p>\n<p>1.Melle\u0146u ave\u0146u<br \/>\n2.V\u012bnogu ledus<br \/>\n3. Zeme\u0146u arb\u016bzs<br \/>\n4.Melle\u0146u ledus<br \/>\n5.Arb\u016bzu ledus<br \/>\n6.\u0136ir\u0161u ledus<br \/>\n7.Zeme\u0146u ave\u0146u \u0137ir\u0161u<br \/>\n8.Kivi pasifloras aug\u013cu gvajavas<br \/>\n9.Zeme\u0146u ledus<br \/>\n10.Persiku ledus<br \/>\n11.Zeme\u0146u kivi<br \/>\n12.Persiku ogu<br \/>\n13.\u0136ir\u0161u kola<br \/>\n14.Jaukto ogu<br \/>\n15.Mr zils<\/p>\n<h3><strong>K\u0101p\u0113c izv\u0113l\u0113ties <a href=\"https:\/\/vapestornado.com\/lv\/product\/vapme-uwin-crystal-10000-puff-vape-pen-cheap-price-2-5-nicotine\/\">Uwin Crystal 10000 dvesmas<\/a> no <a href=\"https:\/\/vapestornado.com\/lv\/store\/\">vapestornado.com<\/a>?<\/strong><\/h3>\n<ul>\n<li><strong>Augst\u0101k\u0101 kvalit\u0101te<\/strong>: Uwin Crystal 10000 Puffs pied\u0101v\u0101 izcilu veiktsp\u0113ju ar modernu sieta spir\u0101les tehnolo\u0123iju, nodro\u0161inot maigu gar\u0161u un bl\u012bvu tvaiku ar katru dvesmu.<\/li>\n<li><strong>Ilgsto\u0161s<\/strong>: Ar l\u012bdz pat 10 000 dvesm\u0101m un lielu 18 ml e-\u0161\u0137idruma ietilp\u012bbu, \u0161\u012b ier\u012bce nodro\u0161ina ilg\u0101ku lieto\u0161anu, padarot to par rentablu izv\u0113li gan ikdienas, gan regul\u0101riem lietot\u0101jiem.<\/li>\n<li><strong>Piel\u0101gojami nikot\u012bna l\u012bme\u0146i<\/strong>: Pieejams 0%, 2%, 3% un 5% nikot\u012bna stiprum\u0101, kas atbilst pla\u0161am v\u0113lmju lokam.<\/li>\n<li><strong>\u0100tra uzl\u0101de<\/strong>: 650 mAh uzl\u0101d\u0113jam\u0101 baterija ar C tipa uzl\u0101di nodro\u0161ina \u0101tru un uzticamu jaudu, \u013caujot iztvaikot ilg\u0101k.<\/li>\n<li><strong>Gluds un stil\u012bgs<\/strong>: Caursp\u012bd\u012bgais dizains ar spilgt\u0101m RGB gaism\u0101m ne tikai uzlabo est\u0113tiku, bet ar\u012b padara to par izcilu aksesu\u0101ru.<\/li>\n<li><strong>\u0112rt\u012bbas<\/strong>: Viegli p\u0101rn\u0113s\u0101jams un gatavs lieto\u0161anai, ide\u0101li piem\u0113rots iztvaiko\u0161anai ce\u013c\u0101.<\/li>\n<li><strong>Konkur\u0113tsp\u0113j\u012bgas cenas<\/strong>: vapestornado pied\u0101v\u0101 Uwin Crystal 10000 Puffs par nep\u0101rsp\u0113jamu cenu, ar lielapjoma pirk\u0161anas iesp\u0113j\u0101m vairumtirgot\u0101jiem.<\/li>\n<li><strong>Uzticams serviss<\/strong>: Izbaudiet \u0101tru pieg\u0101di, izcilu klientu atbalstu un bezr\u016bp\u012bgu iepirk\u0161an\u0101s pieredzi vietn\u0113 vapestornado.com.<\/li>\n<\/ul>\n<p>&nbsp;<\/p>\n<h3><strong>Lielapjoma pirk\u0161anas priek\u0161roc\u012bbas no vapestornado.com<\/strong><\/h3>\n<ul>\n<li><strong>Izmaksu ietaup\u012bjums<\/strong>: P\u0113rkot vairum\u0101, tiek samazin\u0101tas izmaksas par vien\u012bbu, t\u0101d\u0113j\u0101di palielinot j\u016bsu kop\u0113jo rentabilit\u0101ti.<\/li>\n<li><strong>Past\u0101v\u012bga pieejam\u012bba<\/strong>: Uzturiet uzticamu kr\u0101jumu, lai bez p\u0101rtraukumiem apmierin\u0101tu klientu piepras\u012bjumu, kas ir ide\u0101li piem\u0113rots biznesa pl\u016bsmas uztur\u0113\u0161anai.<\/li>\n<li><strong>Elast\u012bgi pas\u016bt\u012bjumi<\/strong>: Piel\u0101gojiet savu lielo pirkumu ar da\u017e\u0101d\u0101m gar\u0161\u0101m un nikot\u012bna stiprumiem, lai apmierin\u0101tu savu klientu loku.<\/li>\n<li><strong>Ekskluz\u012bvas vairumtirdzniec\u012bbas atlaides<\/strong>: Izbaudiet \u012bpa\u0161as cenas lielapjoma pas\u016bt\u012bjumiem, nodro\u0161inot vislab\u0101ko v\u0113rt\u012bbu par augst\u0101k\u0101s kvalit\u0101tes produktiem.<\/li>\n<\/ul>\n<div class=\"flex-shrink-0 flex flex-col relative items-end\">\n<div>\n<div class=\"pt-0\">\n<div class=\"gizmo-bot-avatar flex h-8 w-8 items-center justify-center overflow-hidden rounded-full\">\n<div class=\"relative p-1 rounded-sm flex items-center justify-center bg-token-main-surface-primary text-token-text-primary h-8 w-8\"><\/div>\n<\/div>\n<\/div>\n<\/div>\n<\/div>\n<div class=\"group\/conversation-turn relative flex w-full min-w-0 flex-col agent-turn\">\n<div class=\"flex-col gap-1 md:gap-3\">\n<div class=\"flex max-w-full flex-col flex-grow\">\n<div class=\"min-h-8 text-message flex w-full flex-col items-end gap-2 whitespace-normal break-words text-start [.text-message+&amp;]:mt-5\" dir=\"auto\" data-message-author-role=\"assistant\" data-message-id=\"782e374d-2cea-4922-b41d-46c77a1b831e\" data-message-model-slug=\"gpt-4o\">\n<div class=\"flex w-full flex-col gap-1 empty:hidden first:pt-[3px]\">\n<div class=\"markdown prose w-full break-words dark:prose-invert light\">\n<h3><strong>Bie\u017ei uzdotie jaut\u0101jumi par Uwin Crystal 10000 Puffs atk\u0101rtoti uzpild\u0101mo tvaiku<\/strong><\/h3>\n<\/div>\n<\/div>\n<\/div>\n<\/div>\n<\/div>\n<\/div>\n<div class=\"flex max-w-full flex-col flex-grow\">\n<div class=\"min-h-8 text-message flex w-full flex-col items-end gap-2 whitespace-normal break-words text-start [.text-message+&amp;]:mt-5\" dir=\"auto\" data-message-author-role=\"assistant\" data-message-id=\"782e374d-2cea-4922-b41d-46c77a1b831e\" data-message-model-slug=\"gpt-4o\">\n<div class=\"flex w-full flex-col gap-1 empty:hidden first:pt-[3px]\">\n<div class=\"markdown prose w-full break-words dark:prose-invert light\">\n<ol>\n<li><strong>Cik ilgi darbojas Uwin Crystal Vape 10000 Puffs?<\/strong><br \/>\nAr l\u012bdz pat 10 000 uzp\u016btieniem, \u0161\u012b ier\u012bce ir paredz\u0113ta, lai darbotos vair\u0101kas dienas vai pat ned\u0113\u013cas, atkar\u012bb\u0101 no lieto\u0161anas paradumiem.<\/li>\n<li><strong>Vai Uwin Crystal 10k Puffs ir atk\u0101rtoti uzl\u0101d\u0113jams?<\/strong><br \/>\nJ\u0101, tam ir 650 mAh atk\u0101rtoti uzl\u0101d\u0113jama baterija ar Type-C uzl\u0101di \u0101trai un efekt\u012bvai uzl\u0101dei.<\/li>\n<li><strong>K\u0101di nikot\u012bna stiprumi ir pieejami Uwin Crystal 10000 Puffs?<\/strong><br \/>\n\u0160\u012b ier\u012bce ir pieejama 0%, 2%, 3% un 5% nikot\u012bna l\u012bme\u0146os, pied\u0101v\u0101jot iesp\u0113jas, kas atbilst da\u017e\u0101d\u0101m v\u0113lm\u0113m.<\/li>\n<li><strong>Kas padara Uwin Crystal 10000 Puff unik\u0101lu?<\/strong><br \/>\nUwin Crystal izce\u013cas ar savu 18 ml e-\u0161\u0137idruma ietilp\u012bbu, uzlaboto 0,8 \u03a9 t\u012bkla spoli uzlabotai gar\u0161ai, gludu, krist\u0101ldzidru dizainu un dinamisku RGB apgaismojumu.<\/li>\n<li><strong>Vai es varu ieg\u0101d\u0101ties Uwin Crystal 10000 Puffs vairum\u0101?<\/strong><br \/>\nJ\u0101, vapestornado pied\u0101v\u0101 vairumtirdzniec\u012bbas iesp\u0113jas ar 200 vien\u012bb\u0101m kartona kast\u0113, kas ir ide\u0101li piem\u0113rotas mazumtirgot\u0101jiem vai uz\u0146\u0113mumiem.<\/li>\n<li><strong>Vai Uwin Crystal 10000 Puffs vienreizlietojamais tvaiks ir piem\u0113rots ies\u0101c\u0113jiem?<\/strong><br \/>\nProtams! T\u0101 lietot\u0101jam draudz\u012bgais, uz vilk\u0161anu balst\u012btais dizains padara to perfektu gan jauniem, gan pieredz\u0113ju\u0161iem tvaic\u0113t\u0101jiem.<\/li>\n<\/ol>\n<\/div>\n<\/div>\n<\/div>\n<\/div>\n<div class=\"mb-2 flex gap-3 empty:hidden -ml-2\">\n<div class=\"items-center justify-start rounded-xl p-1 flex\"><\/div>\n<\/div>","protected":false},"excerpt":{"rendered":"<p>UWIN Crystal 10000 Puffs uzl\u0101d\u0113jamais veips pied\u0101v\u0101 ilgsto\u0161u sniegumu, dinamisku dizainu un augst\u0101k\u0101s kvalit\u0101tes gar\u0161u ar modernu veipo\u0161anas tehnolo\u0123iju.<\/p>\n<figure id=\"attachment_2951\" aria-describedby=\"caption-attachment-2951\" style=\"width: 265px\" class=\"wp-caption alignnone\"><img fetchpriority=\"high\" decoding=\"async\" class=\"size-medium wp-image-2951\" src=\"https:\/\/vapestornado.com\/wp-content\/uploads\/2024\/12\/Wholesale-Disposable-Vape-265x300.jpg\" alt=\"Vienreiz\u0113j\u0101s lieto\u0161anas Vape vairumtirdzniec\u012bba\" width=\"265\" height=\"300\" srcset=\"https:\/\/vapestornado.com\/wp-content\/uploads\/2024\/12\/Wholesale-Disposable-Vape-265x300.jpg 265w, https:\/\/vapestornado.com\/wp-content\/uploads\/2024\/12\/Wholesale-Disposable-Vape-768x871.jpg 768w, https:\/\/vapestornado.com\/wp-content\/uploads\/2024\/12\/Wholesale-Disposable-Vape-600x680.jpg 600w, https:\/\/vapestornado.com\/wp-content\/uploads\/2024\/12\/Wholesale-Disposable-Vape.jpg 823w\" sizes=\"(max-width: 265px) 100vw, 265px\" \/><figcaption id=\"caption-attachment-2951\" class=\"wp-caption-text\">Sazinieties ar Mendiju, lai uzzin\u0101tu par atlaidi<a href=\"https:\/\/wa.me\/8618077105796\">+86 18077105796<\/a><\/figcaption><\/figure>\n<p>&nbsp;<\/p>","protected":false},"featured_media":3009,"comment_status":"open","ping_status":"closed","template":"","meta":{"_acf_changed":false,"_uag_custom_page_level_css":"","_lmt_disableupdate":"no","_lmt_disable":"","_monsterinsights_skip_tracking":false,"_monsterinsights_sitenote_active":false,"_monsterinsights_sitenote_note":"","_monsterinsights_sitenote_category":0,"site-sidebar-layout":"default","site-content-layout":"","ast-site-content-layout":"default","site-content-style":"default","site-sidebar-style":"default","ast-global-header-display":"","ast-banner-title-visibility":"","ast-main-header-display":"","ast-hfb-above-header-display":"","ast-hfb-below-header-display":"","ast-hfb-mobile-header-display":"","site-post-title":"","ast-breadcrumbs-content":"","ast-featured-img":"","footer-sml-layout":"","ast-disable-related-posts":"","theme-transparent-header-meta":"default","adv-header-id-meta":"","stick-header-meta":"","header-above-stick-meta":"","header-main-stick-meta":"","header-below-stick-meta":"","astra-migrate-meta-layouts":"set","ast-page-background-enabled":"default","ast-page-background-meta":{"desktop":{"background-color":"","background-image":"","background-repeat":"repeat","background-position":"center center","background-size":"auto","background-attachment":"scroll","background-type":"","background-media":"","overlay-type":"","overlay-color":"","overlay-opacity":"","overlay-gradient":""},"tablet":{"background-color":"","background-image":"","background-repeat":"repeat","background-position":"center center","background-size":"auto","background-attachment":"scroll","background-type":"","background-media":"","overlay-type":"","overlay-color":"","overlay-opacity":"","overlay-gradient":""},"mobile":{"background-color":"","background-image":"","background-repeat":"repeat","background-position":"center center","background-size":"auto","background-attachment":"scroll","background-type":"","background-media":"","overlay-type":"","overlay-color":"","overlay-opacity":"","overlay-gradient":""}},"ast-content-background-meta":{"desktop":{"background-color":"var(--ast-global-color-5)","background-image":"","background-repeat":"repeat","background-position":"center center","background-size":"auto","background-attachment":"scroll","background-type":"","background-media":"","overlay-type":"","overlay-color":"","overlay-opacity":"","overlay-gradient":""},"tablet":{"background-color":"var(--ast-global-color-5)","background-image":"","background-repeat":"repeat","background-position":"center center","background-size":"auto","background-attachment":"scroll","background-type":"","background-media":"","overlay-type":"","overlay-color":"","overlay-opacity":"","overlay-gradient":""},"mobile":{"background-color":"var(--ast-global-color-5)","background-image":"","background-repeat":"repeat","background-position":"center center","background-size":"auto","background-attachment":"scroll","background-type":"","background-media":"","overlay-type":"","overlay-color":"","overlay-opacity":"","overlay-gradient":""}},"_joinchat":{"telephone":"+8618077105796"}},"product_brand":[],"product_cat":[106,140,149,150,153,155,158,141,233],"product_tag":[97,107],"class_list":{"0":"post-3020","1":"product","2":"type-product","3":"status-publish","4":"has-post-thumbnail","6":"product_cat-10000-puff","7":"product_cat-big-puffs-disposable-vapes","8":"product_cat-buy-disposable-vapes-in-austria","9":"product_cat-buy-disposable-vapes-in-belgium","10":"product_cat-buy-disposable-vapes-in-italy","11":"product_cat-buy-disposable-vapes-in-norway","12":"product_cat-buy-disposable-vapes-in-spain","13":"product_cat-crystal-disposable-vapes","14":"product_cat-uwin-vape","15":"product_tag-hot-sale-disposable-vape","16":"product_tag-uwin-crystal-10000-puffs","17":"desktop-align-left","18":"tablet-align-left","19":"mobile-align-left","21":"first","22":"instock","23":"sale","24":"shipping-taxable","25":"purchasable","26":"product-type-simple"},"acf":[],"uagb_featured_image_src":{"full":["https:\/\/vapestornado.com\/wp-content\/uploads\/2024\/12\/UWIN-Crystal-10000-Puffs-Vape-Pen-cherry-cola.jpg",800,800,false],"thumbnail":["https:\/\/vapestornado.com\/wp-content\/uploads\/2024\/12\/UWIN-Crystal-10000-Puffs-Vape-Pen-cherry-cola-150x150.jpg",150,150,true],"medium":["https:\/\/vapestornado.com\/wp-content\/uploads\/2024\/12\/UWIN-Crystal-10000-Puffs-Vape-Pen-cherry-cola-300x300.jpg",300,300,true],"medium_large":["https:\/\/vapestornado.com\/wp-content\/uploads\/2024\/12\/UWIN-Crystal-10000-Puffs-Vape-Pen-cherry-cola-768x768.jpg",768,768,true],"large":["https:\/\/vapestornado.com\/wp-content\/uploads\/2024\/12\/UWIN-Crystal-10000-Puffs-Vape-Pen-cherry-cola.jpg",800,800,false],"1536x1536":["https:\/\/vapestornado.com\/wp-content\/uploads\/2024\/12\/UWIN-Crystal-10000-Puffs-Vape-Pen-cherry-cola.jpg",800,800,false],"2048x2048":["https:\/\/vapestornado.com\/wp-content\/uploads\/2024\/12\/UWIN-Crystal-10000-Puffs-Vape-Pen-cherry-cola.jpg",800,800,false],"trp-custom-language-flag":["https:\/\/vapestornado.com\/wp-content\/uploads\/2024\/12\/UWIN-Crystal-10000-Puffs-Vape-Pen-cherry-cola.jpg",12,12,false],"woocommerce_thumbnail":["https:\/\/vapestornado.com\/wp-content\/uploads\/2024\/12\/UWIN-Crystal-10000-Puffs-Vape-Pen-cherry-cola-300x300.jpg",300,300,true],"woocommerce_single":["https:\/\/vapestornado.com\/wp-content\/uploads\/2024\/12\/UWIN-Crystal-10000-Puffs-Vape-Pen-cherry-cola-600x600.jpg",600,600,true],"woocommerce_gallery_thumbnail":["https:\/\/vapestornado.com\/wp-content\/uploads\/2024\/12\/UWIN-Crystal-10000-Puffs-Vape-Pen-cherry-cola-100x100.jpg",100,100,true]},"uagb_author_info":{"display_name":"ESMANDY","author_link":"https:\/\/vapestornado.com\/lv\/author\/"},"uagb_comment_info":0,"uagb_excerpt":"UWIN Crystal 10000 Puffs Rechargeable vape offers long-lasting performance, vibrant design, and premium flavor with advanced vaping technology. [caption id=\"attachment_2951\" align=\"alignnone\" width=\"265\"] Contact Mandy For Discount Price+86 18077105796[\/caption] &nbsp;","_links":{"self":[{"href":"https:\/\/vapestornado.com\/lv\/wp-json\/wp\/v2\/product\/3020","targetHints":{"allow":["GET"]}}],"collection":[{"href":"https:\/\/vapestornado.com\/lv\/wp-json\/wp\/v2\/product"}],"about":[{"href":"https:\/\/vapestornado.com\/lv\/wp-json\/wp\/v2\/types\/product"}],"replies":[{"embeddable":true,"href":"https:\/\/vapestornado.com\/lv\/wp-json\/wp\/v2\/comments?post=3020"}],"wp:featuredmedia":[{"embeddable":true,"href":"https:\/\/vapestornado.com\/lv\/wp-json\/wp\/v2\/media\/3009"}],"wp:attachment":[{"href":"https:\/\/vapestornado.com\/lv\/wp-json\/wp\/v2\/media?parent=3020"}],"wp:term":[{"taxonomy":"product_brand","embeddable":true,"href":"https:\/\/vapestornado.com\/lv\/wp-json\/wp\/v2\/product_brand?post=3020"},{"taxonomy":"product_cat","embeddable":true,"href":"https:\/\/vapestornado.com\/lv\/wp-json\/wp\/v2\/product_cat?post=3020"},{"taxonomy":"product_tag","embeddable":true,"href":"https:\/\/vapestornado.com\/lv\/wp-json\/wp\/v2\/product_tag?post=3020"}],"curies":[{"name":"wp","href":"https:\/\/api.w.org\/{rel}","templated":true}]}}