{"id":3000,"date":"2024-12-09T07:00:42","date_gmt":"2024-12-09T07:00:42","guid":{"rendered":"https:\/\/vapestornado.com\/?post_type=product&#038;p=3000"},"modified":"2025-08-23T10:18:27","modified_gmt":"2025-08-23T10:18:27","slug":"waspe-25000-puffs-digital-disposable-vape-wholesale-price-in-poland","status":"publish","type":"product","link":"https:\/\/vapestornado.com\/lv\/product\/waspe-25000-puffs-digital-disposable-vape-wholesale-price-in-poland\/","title":{"rendered":"Waspe 25000 Uzp\u016b\u0161u digit\u0101l\u0101s vienreiz\u0113j\u0101s lieto\u0161anas vape vairumtirdzniec\u012bbas cena Polij\u0101"},"content":{"rendered":"<h1 class=\"product-title\">Waspe 25000 Uzp\u016b\u0161u digit\u0101l\u0101s vienreiz\u0113j\u0101s lieto\u0161anas vape vairumtirdzniec\u012bbas cena Polij\u0101<\/h1>\n<p data-start=\"525\" data-end=\"808\">T\u0101 <strong data-start=\"529\" data-end=\"574\">Waspe 25000 d\u016bmu digit\u0101lo vienreiz\u0113j\u0101s lieto\u0161anas vape<\/strong> ir praktiska izv\u0113le vairumtirgot\u0101jiem un mazumtirgot\u0101jiem Polij\u0101, kuri mekl\u0113 ilgsto\u0161u, funkcij\u0101m bag\u0101tu preci. Ar l\u012bdz pat <strong data-start=\"690\" data-end=\"715\">25 000 dvesieniem vien\u0101 vien\u012bb\u0101<\/strong> un <strong data-start=\"722\" data-end=\"744\">divu gar\u0161u sist\u0113ma<\/strong>, tas nodro\u0161ina klientiem ilgsto\u0161u lieto\u0161anu un liel\u0101ku daudzveid\u012bbu.<\/p>\n<p data-start=\"810\" data-end=\"1090\">Apr\u012bkots ar <strong data-start=\"826\" data-end=\"848\">digit\u0101lais LED ekr\u0101ns<\/strong>, Waspe 25K re\u0101llaik\u0101 inform\u0113 lietot\u0101jus par akumulatora darb\u012bbas laiku un dvesienu skaitu. T\u0101 <strong data-start=\"937\" data-end=\"960\">uzl\u0101d\u0113jams dizains<\/strong> ar <strong data-start=\"966\" data-end=\"990\">C tipa \u0101tr\u0101 uzl\u0101de<\/strong> nodro\u0161ina nemain\u012bgu veiktsp\u0113ju un samazina atkritumu daudzumu, padarot to gan rentablu, gan videi draudz\u012bgu.<\/p>\n<p data-start=\"1092\" data-end=\"1373\">Pieejams vair\u0101kos <strong data-start=\"1114\" data-end=\"1133\">nikot\u012bna l\u012bme\u0146i<\/strong> un <strong data-start=\"1138\" data-end=\"1161\">gar\u0161u kombin\u0101cijas<\/strong>, tad <strong data-start=\"1167\" data-end=\"1185\">Waspe 25K Vape<\/strong> uzrun\u0101 pla\u0161u pat\u0113r\u0113t\u0101ju loku, s\u0101kot no ies\u0101c\u0113jiem l\u012bdz pieredz\u0113ju\u0161iem veipot\u0101jiem. Kompakts un p\u0101rn\u0113s\u0101jams, tas ir piem\u0113rots ikdienas lieto\u0161anai, vienlaikus nodro\u0161inot nemain\u012bgu gar\u0161u, pateicoties progres\u012bvai spoles tehnolo\u0123ijai.<\/p>\n<p data-start=\"1375\" data-end=\"1604\">Izplat\u012bt\u0101jiem un veikalu \u012bpa\u0161niekiem Polij\u0101 <strong data-start=\"1423\" data-end=\"1449\">Waspe 25000 Dvesienu Vape<\/strong> apvieno lielu dvesienu ietilp\u012bbu, novatoriskas funkcijas un <strong data-start=\"1504\" data-end=\"1537\">konkur\u0113tsp\u0113j\u012bgas vairumtirdzniec\u012bbas cenas<\/strong>, padarot to par izdev\u012bgu papildin\u0101jumu vienreiz\u0113j\u0101s lieto\u0161anas vape kr\u0101jumiem.<\/p>\n<p>&nbsp;<\/p>\n<p><strong>Pievienojiet Eimijas Whatsapp, lai sa\u0146emtu pareizo atbildi un vape kuponu!<\/strong><\/p>\n<p><img fetchpriority=\"high\" decoding=\"async\" class=\"size-full wp-image-2932\" src=\"https:\/\/vapestornado.com\/wp-content\/uploads\/2024\/12\/Vape-Wholesale.jpg\" alt=\"Veipu Vairumtirdzniec\u012bba\" width=\"229\" height=\"300\" \/><\/p>\n<h3><a href=\"https:\/\/wa.me\/8617776015835\" target=\"_blank\" rel=\"noopener\"><span style=\"color: #ff0000;\"><strong>WhatsApp: +86 17776015835<\/strong><\/span><\/a><\/h3>\n<p>&nbsp;<\/p>\n<h4><strong style=\"font-size: 1.7em;\">Waspe Vape 25000 produkta funkcijas<\/strong><\/h4>\n<ul>\n<li><strong>25 000 d\u016bmu t\u012bra gandar\u012bjuma<\/strong>: Izbaudiet ilg\u0101kas vap\u0113\u0161anas sesijas ar l\u012bdz pat <strong>25 000 uzp\u016btieniem<\/strong>, padarot <strong>WASPE 25000 d\u016bmus<\/strong> ide\u0101la izv\u0113le gan viegliem, gan smagiem lietot\u0101jiem.<\/li>\n<li><strong>Vair\u0101kas nikot\u012bna stipruma opcijas<\/strong>: Izv\u0113lieties no <strong>0%, 2%, vai 5% nikot\u012bna<\/strong>, pied\u0101v\u0101jot personaliz\u0113tu pieredzi lietot\u0101jiem, kuri mekl\u0113 <strong>vienreiz\u0113j\u0101s lieto\u0161anas vape ar zemu nikot\u012bna saturu<\/strong> vai sp\u0113c\u012bg\u0101ku triecienu.<\/li>\n<li><strong>25ml E-\u0161\u0137idruma ietilp\u012bba<\/strong>: Iepriek\u0161 uzpild\u012bts ar d\u0101snu <strong>25 ml e-\u0161\u0137idruma<\/strong>, nodro\u0161inot maz\u0101k p\u0101rtraukumu un ilg\u0101ku baud\u012bjumu.<\/li>\n<li><strong>Uzlabotas divas t\u012bkla spir\u0101les<\/strong>: Integr\u0113t\u0101s divas t\u012bkla spir\u0101les garant\u0113 vienm\u0113r\u012bgu tvaika ra\u017eo\u0161anu, konsekventu gar\u0161as pieg\u0101di un augst\u0101k\u0101s kvalit\u0101tes pieredzi katr\u0101 dvesien\u0101.<\/li>\n<li><strong>Digit\u0101lais LED ekr\u0101ns<\/strong>: <strong>LED displeja vienreiz\u0113j\u0101s lieto\u0161anas veips<\/strong> ir apr\u012bkots ar viedu LCD ekr\u0101nu, kas \u013cauj viegli uzraudz\u012bt <strong>akumulatora darb\u012bbas laiku un dvesmu skaitu<\/strong> bez piep\u016bles.<\/li>\n<li><strong>Uzl\u0101d\u0113jams un iztur\u012bgs<\/strong>: Darbojas ar <strong>650 mAh akumulators<\/strong> un to atbalsta <strong>C tipa \u0101tr\u0101 uzl\u0101de<\/strong>, \u0161is <strong>uzl\u0101d\u0113jamais tvaic\u0113t\u0101js<\/strong> notur j\u016bs darb\u0101 ilgsto\u0161ai lieto\u0161anai bez ilgas d\u012bkst\u0101ves.<\/li>\n<li><strong>Kompakts dizains lielapjoma pirkumiem<\/strong>: Viegls un viegli p\u0101rn\u0113s\u0101jams, Waspe 25k ir lieliski piem\u0113rots lielapjoma pirkumiem, padarot to ide\u0101lu izplat\u012bt\u0101jiem, kuri mekl\u0113 uzticamu produktu <strong>vape vairumtirdzniec\u012bba<\/strong>.<\/li>\n<\/ul>\n<p>&nbsp;<\/p>\n<h2 class=\"product-title\"><strong>WASPE 25000 Gar\u0161u saraksts<\/strong><\/h2>\n<p>1.Zeme\u0146u Kivi<br \/>\n2. Jaukti ogu<br \/>\n3.Melle\u0146u uz Ledus<br \/>\n4.V\u012bnogu Ledus<br \/>\n5.\u0136ir\u0161u Ledus<br \/>\n6. Melle\u0146u Ave\u0146u Limon\u0101de<br \/>\n7. Persiku ledus<br \/>\n8. Zeme\u0146u arb\u016bzs<br \/>\n9.Persiku Mango Arb\u016bzs<br \/>\n10.Arb\u016bza ledus<\/p>\n<h3>K\u0101p\u0113c izv\u0113l\u0113ties vapestornado WASPE 25k vienreiz\u0113j\u0101s lieto\u0161anas vape vairumtirdzniec\u012bbai?<\/h3>\n<div class=\"flex-shrink-0 flex flex-col relative items-end\">\n<div class=\"pt-0\">\n<div class=\"gizmo-bot-avatar flex h-8 w-8 items-center justify-center overflow-hidden rounded-full\">\n<div class=\"relative p-1 rounded-sm flex items-center justify-center bg-token-main-surface-primary text-token-text-primary h-8 w-8\">\n<p>Laipni l\u016bdzam vapestornado, j\u016bsu uzticamaj\u0101 tie\u0161saistes vape veikal\u0101, kur\u0101 var ieg\u0101d\u0101ties augst\u0101k\u0101s kvalit\u0101tes vienreiz\u0113j\u0101s lieto\u0161anas vape. Ar vair\u0101k nek\u0101 5 gadu pieredzi m\u0113s pied\u0101v\u0101jam jums popul\u0101rus vienreiz\u0113j\u0101s lieto\u0161anas vape z\u012bmolus, piem\u0113ram, Fumot RandM Vape, Vapme, Bang Vape, Waspe Vape un WGA Vape utt.<\/p>\n<p>M\u016bsu kl\u0101st\u0101 ir iek\u013cauti karstie izp\u0101rdo\u0161anas veipi, piem\u0113ram, <a href=\"https:\/\/vapestornado.com\/lv\/product\/fumot-randm-tornado-15000-puffs-rechargeable-disposable-vape-wholesale\/\">RandM Tornado 15000<\/a>, un bag\u0101t\u012bgas gar\u0161as izv\u0113les, piem\u0113ram, <a href=\"https:\/\/vapestornado.com\/lv\/product\/waspe-40000-puffs-double-flavour-led-display-disposable-vape-wholesale\/\">WASPE dubult\u0101s gar\u0161as 40000 uzp\u016btienu<\/a> Katrs produkts tiek izv\u0113l\u0113ts, koncentr\u0113joties uz kvalit\u0101ti, v\u0113rt\u012bbu un da\u017e\u0101d\u012bbu, nodro\u0161inot, ka atrodat sav\u0101m vajadz\u012bb\u0101m ide\u0101li piem\u0113rotu. Atkl\u0101jiet izcilu servisu un pla\u0161u augst\u0101k\u0101s kvalit\u0101tes produktu kl\u0101stu vietn\u0113 vapestornado.<\/p>\n<\/div>\n<h3><\/h3>\n<div class=\"relative p-1 rounded-sm flex items-center justify-center bg-token-main-surface-primary text-token-text-primary h-8 w-8\">\n<h3>Bie\u017e\u0101k uzdotie jaut\u0101jumi par WASPE 25k uzl\u0101d\u0113jamo vienreiz\u0113j\u0101s lieto\u0161anas vape<\/h3>\n<\/div>\n<\/div>\n<\/div>\n<\/div>\n<div class=\"group\/conversation-turn relative flex w-full min-w-0 flex-col agent-turn\">\n<div class=\"flex-col gap-1 md:gap-3\">\n<div class=\"flex max-w-full flex-col flex-grow\">\n<div class=\"min-h-8 text-message flex w-full flex-col items-end gap-2 whitespace-normal break-words [.text-message+&amp;]:mt-5\" dir=\"auto\" data-message-author-role=\"assistant\" data-message-id=\"db716a1c-9ed0-4b8d-b3b0-7bdb913c3d42\" data-message-model-slug=\"gpt-4o\">\n<div class=\"flex w-full flex-col gap-1 empty:hidden first:pt-[3px]\">\n<div class=\"markdown prose w-full break-words dark:prose-invert light\">\n<h3><\/h3>\n<ol>\n<li><strong>Kur es varu ieg\u0101d\u0101ties Waspe 25000 Puffs Digital vienreiz\u0113j\u0101s lieto\u0161anas vape par vairumtirdzniec\u012bbas cenu Latvij\u0101?<\/strong><br \/>\nJ\u016bs varat ieg\u0101d\u0101ties Waspe 25000 Puffs Digital vienreiz\u0113j\u0101s lieto\u0161anas vape par konkur\u0113tsp\u0113j\u012bg\u0101m vairumtirdzniec\u012bbas cen\u0101m no uzticamiem izplat\u012bt\u0101jiem, kas specializ\u0113jas <strong>vape vairumtirdzniec\u012bba<\/strong> Latvij\u0101.<\/li>\n<li><strong>Cik dvesmu nodro\u0161ina Waspe 25000 Puffs Digital vienreiz\u0113j\u0101s lieto\u0161anas vape?<\/strong><br \/>\nWaspe 25k nodro\u0161ina iespaid\u012bgu <strong>25 000 uzp\u016btieniem<\/strong>, nodro\u0161inot ilgsto\u0161u lieto\u0161anu un izcilu cenas un v\u0113rt\u012bbas attiec\u012bbu.<\/li>\n<li><strong>Ar ko Waspe 25000 Puffs vape ir unik\u0101ls sal\u012bdzin\u0101jum\u0101 ar citiem vienreiz\u0113j\u0101s lieto\u0161anas vape?<\/strong><br \/>\nWaspe 25k izce\u013cas ar savu <strong>LED digit\u0101lais ekr\u0101ns<\/strong> dvesmu skaita un akumulatora darb\u012bbas laika uzraudz\u012bbai, <strong>divas gar\u0161as<\/strong> iesp\u0113jas un <strong>uzl\u0101d\u0113jams dizains<\/strong> ko darbina \u0101tr\u0101s uzl\u0101des <strong>Type-C piesl\u0113gvieta<\/strong>.<\/li>\n<li><strong>K\u0101di nikot\u012bna l\u012bme\u0146i ir pieejami Waspe 25000 Puffs vienreizlietojamam tvaic\u0113t\u0101jam?<\/strong><br \/>\nWaspe 25k pied\u0101v\u0101 tr\u012bs nikot\u012bna stipruma iesp\u0113jas: <strong>0%, 2% un 5%<\/strong>, kas piem\u0113rots lietot\u0101jiem, kuri dod priek\u0161roku <strong>vienreiz\u0113j\u0101s lieto\u0161anas vape ar zemu nikot\u012bna saturu<\/strong> vai sp\u0113c\u012bg\u0101kiem dvesin\u0101jumiem.<\/li>\n<li><strong>K\u0101 Waspe 25k nodro\u0161ina izcilu tvaic\u0113\u0161anas pieredzi?<\/strong><br \/>\nApr\u012bkots ar <strong>dubultas sieta spoles<\/strong> uzlabotai tvaika ra\u017eo\u0161anai, liela <strong>25 ml e-\u0161\u0137idruma ietilp\u012bba<\/strong>un piel\u0101gojama gaisa pl\u016bsma, Waspe 25k nodro\u0161ina konsekventus, arom\u0101tiskus dvesin\u0101jumus izcilai tvaic\u0113\u0161anas pieredzei.<\/li>\n<\/ol>\n<\/div>\n<\/div>\n<\/div>\n<\/div>\n<\/div>\n<\/div>","protected":false},"excerpt":{"rendered":"<p>T\u0101 <strong data-start=\"290\" data-end=\"327\">Waspe 25000 Dvesienu Vienreiz\u0113j\u0101s Lieto\u0161anas Vape<\/strong> pied\u0101v\u0101 du\u0101las gar\u0161as, LED displeju un l\u012bdz pat 25 t\u016bksto\u0161iem dvesienu. Lieliski piem\u0113rots <strong data-start=\"395\" data-end=\"425\">vairumtirgot\u0101jiem Polij\u0101<\/strong>, apvienojot ietilp\u012bbu, gar\u0161u daudzveid\u012bbu un konkur\u0113tsp\u0113j\u012bgas vairumtirdzniec\u012bbas cenas.<\/p>\n<p><strong>Pievienojiet Eimijas whatsapp, lai sa\u0146emtu pareizu atbildi un iztvaic\u0113t\u0101ja kuponu!<\/strong><\/p>\n<p><img fetchpriority=\"high\" decoding=\"async\" class=\"size-full wp-image-2932\" src=\"https:\/\/vapestornado.com\/wp-content\/uploads\/2024\/12\/Vape-Wholesale.jpg\" alt=\"Veipu Vairumtirdzniec\u012bba\" width=\"229\" height=\"300\" \/><\/p>\n<h3><a href=\"https:\/\/wa.me\/8617776015835\"><span style=\"color: #ff0000;\"><strong>WhatsApp: +86 17776015835<\/strong><\/span><\/a><\/h3>\n<p>&nbsp;<\/p>","protected":false},"featured_media":2995,"comment_status":"open","ping_status":"closed","template":"","meta":{"_acf_changed":false,"_uag_custom_page_level_css":"","_lmt_disableupdate":"no","_lmt_disable":"","_monsterinsights_skip_tracking":false,"_monsterinsights_sitenote_active":false,"_monsterinsights_sitenote_note":"","_monsterinsights_sitenote_category":0,"site-sidebar-layout":"default","site-content-layout":"","ast-site-content-layout":"default","site-content-style":"default","site-sidebar-style":"default","ast-global-header-display":"","ast-banner-title-visibility":"","ast-main-header-display":"","ast-hfb-above-header-display":"","ast-hfb-below-header-display":"","ast-hfb-mobile-header-display":"","site-post-title":"","ast-breadcrumbs-content":"","ast-featured-img":"","footer-sml-layout":"","ast-disable-related-posts":"","theme-transparent-header-meta":"default","adv-header-id-meta":"","stick-header-meta":"","header-above-stick-meta":"","header-main-stick-meta":"","header-below-stick-meta":"","astra-migrate-meta-layouts":"set","ast-page-background-enabled":"default","ast-page-background-meta":{"desktop":{"background-color":"","background-image":"","background-repeat":"repeat","background-position":"center center","background-size":"auto","background-attachment":"scroll","background-type":"","background-media":"","overlay-type":"","overlay-color":"","overlay-opacity":"","overlay-gradient":""},"tablet":{"background-color":"","background-image":"","background-repeat":"repeat","background-position":"center center","background-size":"auto","background-attachment":"scroll","background-type":"","background-media":"","overlay-type":"","overlay-color":"","overlay-opacity":"","overlay-gradient":""},"mobile":{"background-color":"","background-image":"","background-repeat":"repeat","background-position":"center center","background-size":"auto","background-attachment":"scroll","background-type":"","background-media":"","overlay-type":"","overlay-color":"","overlay-opacity":"","overlay-gradient":""}},"ast-content-background-meta":{"desktop":{"background-color":"var(--ast-global-color-5)","background-image":"","background-repeat":"repeat","background-position":"center center","background-size":"auto","background-attachment":"scroll","background-type":"","background-media":"","overlay-type":"","overlay-color":"","overlay-opacity":"","overlay-gradient":""},"tablet":{"background-color":"var(--ast-global-color-5)","background-image":"","background-repeat":"repeat","background-position":"center center","background-size":"auto","background-attachment":"scroll","background-type":"","background-media":"","overlay-type":"","overlay-color":"","overlay-opacity":"","overlay-gradient":""},"mobile":{"background-color":"var(--ast-global-color-5)","background-image":"","background-repeat":"repeat","background-position":"center center","background-size":"auto","background-attachment":"scroll","background-type":"","background-media":"","overlay-type":"","overlay-color":"","overlay-opacity":"","overlay-gradient":""}},"_joinchat":{"telephone":"+8617776015835"}},"product_brand":[],"product_cat":[68,151,158,159,144,60],"product_tag":[105,100,103,104],"class_list":{"0":"post-3000","1":"product","2":"type-product","3":"status-publish","4":"has-post-thumbnail","6":"product_cat-25000-puff","7":"product_cat-buy-disposable-vapes-in-france","8":"product_cat-buy-disposable-vapes-in-spain","9":"product_cat-buy-disposable-vapes-in-sweden","10":"product_cat-low-nicotine-disposable-vapes","11":"product_cat-waspe-fihp-vape","12":"product_tag-digital-disposable-vape","13":"product_tag-wasoe-vape","14":"product_tag-waspe-25000","15":"product_tag-waspe-25k","16":"desktop-align-left","17":"tablet-align-left","18":"mobile-align-left","20":"first","21":"instock","22":"sale","23":"shipping-taxable","24":"purchasable","25":"product-type-simple"},"acf":[],"uagb_featured_image_src":{"full":["https:\/\/vapestornado.com\/wp-content\/uploads\/2024\/12\/WASPE-25000-Puffs-Disposable-Vape-Wholesale-Price.jpg",1126,1137,false],"thumbnail":["https:\/\/vapestornado.com\/wp-content\/uploads\/2024\/12\/WASPE-25000-Puffs-Disposable-Vape-Wholesale-Price-150x150.jpg",150,150,true],"medium":["https:\/\/vapestornado.com\/wp-content\/uploads\/2024\/12\/WASPE-25000-Puffs-Disposable-Vape-Wholesale-Price-297x300.jpg",297,300,true],"medium_large":["https:\/\/vapestornado.com\/wp-content\/uploads\/2024\/12\/WASPE-25000-Puffs-Disposable-Vape-Wholesale-Price-768x776.jpg",768,776,true],"large":["https:\/\/vapestornado.com\/wp-content\/uploads\/2024\/12\/WASPE-25000-Puffs-Disposable-Vape-Wholesale-Price-1014x1024.jpg",1014,1024,true],"1536x1536":["https:\/\/vapestornado.com\/wp-content\/uploads\/2024\/12\/WASPE-25000-Puffs-Disposable-Vape-Wholesale-Price.jpg",1126,1137,false],"2048x2048":["https:\/\/vapestornado.com\/wp-content\/uploads\/2024\/12\/WASPE-25000-Puffs-Disposable-Vape-Wholesale-Price.jpg",1126,1137,false],"trp-custom-language-flag":["https:\/\/vapestornado.com\/wp-content\/uploads\/2024\/12\/WASPE-25000-Puffs-Disposable-Vape-Wholesale-Price.jpg",12,12,false],"woocommerce_thumbnail":["https:\/\/vapestornado.com\/wp-content\/uploads\/2024\/12\/WASPE-25000-Puffs-Disposable-Vape-Wholesale-Price-300x300.jpg",300,300,true],"woocommerce_single":["https:\/\/vapestornado.com\/wp-content\/uploads\/2024\/12\/WASPE-25000-Puffs-Disposable-Vape-Wholesale-Price-600x606.jpg",600,606,true],"woocommerce_gallery_thumbnail":["https:\/\/vapestornado.com\/wp-content\/uploads\/2024\/12\/WASPE-25000-Puffs-Disposable-Vape-Wholesale-Price-100x100.jpg",100,100,true]},"uagb_author_info":{"display_name":"ESAMY","author_link":"https:\/\/vapestornado.com\/lv\/author\/"},"uagb_comment_info":0,"uagb_excerpt":"The Waspe 25000 Puffs Disposable Vape offers dual flavors, LED display, and up to 25K puffs. Perfect for wholesale buyers in Poland, combining capacity, flavor variety, and competitive bulk pricing. Add Amy's whatsapp to get right reply and vape vape coupon! WhatsApp: +86 17776015835 &nbsp;","_links":{"self":[{"href":"https:\/\/vapestornado.com\/lv\/wp-json\/wp\/v2\/product\/3000","targetHints":{"allow":["GET"]}}],"collection":[{"href":"https:\/\/vapestornado.com\/lv\/wp-json\/wp\/v2\/product"}],"about":[{"href":"https:\/\/vapestornado.com\/lv\/wp-json\/wp\/v2\/types\/product"}],"replies":[{"embeddable":true,"href":"https:\/\/vapestornado.com\/lv\/wp-json\/wp\/v2\/comments?post=3000"}],"wp:featuredmedia":[{"embeddable":true,"href":"https:\/\/vapestornado.com\/lv\/wp-json\/wp\/v2\/media\/2995"}],"wp:attachment":[{"href":"https:\/\/vapestornado.com\/lv\/wp-json\/wp\/v2\/media?parent=3000"}],"wp:term":[{"taxonomy":"product_brand","embeddable":true,"href":"https:\/\/vapestornado.com\/lv\/wp-json\/wp\/v2\/product_brand?post=3000"},{"taxonomy":"product_cat","embeddable":true,"href":"https:\/\/vapestornado.com\/lv\/wp-json\/wp\/v2\/product_cat?post=3000"},{"taxonomy":"product_tag","embeddable":true,"href":"https:\/\/vapestornado.com\/lv\/wp-json\/wp\/v2\/product_tag?post=3000"}],"curies":[{"name":"wp","href":"https:\/\/api.w.org\/{rel}","templated":true}]}}