{"id":2993,"date":"2024-12-06T08:51:10","date_gmt":"2024-12-06T08:51:10","guid":{"rendered":"https:\/\/vapestornado.com\/?post_type=product&#038;p=2993"},"modified":"2025-08-23T10:20:29","modified_gmt":"2025-08-23T10:20:29","slug":"randm-tornado-25000-puffs-2-nicotine-bulk-buy-vape-pods","status":"publish","type":"product","link":"https:\/\/vapestornado.com\/lv\/product\/randm-tornado-25000-puffs-2-nicotine-bulk-buy-vape-pods\/","title":{"rendered":"Randm Tornado 25000 Dvesmas 2% Nikot\u012bns Lielapjoma Vairumtirdzniec\u012bba Tvaic\u0113t\u0101ju P\u0101kstis"},"content":{"rendered":"<h1>Randm Tornado 25000 Puffs 2% Nikot\u012bna Vairumtirdzniec\u012bbas Tvaic\u0113\u0161anas p\u0101kstis<\/h1>\n<p>&nbsp;<\/p>\n<p data-start=\"281\" data-end=\"553\">T\u0101 <strong data-start=\"285\" data-end=\"323\">Randm Tornado 25000 Dvesienu Vape Pod<\/strong> ir paredz\u0113ts vairumtirgot\u0101jiem un veikalu \u012bpa\u0161niekiem, kuri mekl\u0113 lielas ietilp\u012bbas, ar funkcij\u0101m bag\u0101tu vienreiz\u0113j\u0101s lieto\u0161anas vape. Ar l\u012bdz pat <strong data-start=\"436\" data-end=\"463\">25 000 dvesieniem vien\u0101 ier\u012bc\u0113<\/strong> un <strong data-start=\"470\" data-end=\"492\">20 ml e-\u0161\u0137idruma tvertne<\/strong>, tas nodro\u0161ina ilgsto\u0161u lieto\u0161anu un sp\u0113c\u012bgu t\u0101l\u0101kp\u0101rdo\u0161anas potenci\u0101lu.<\/p>\n<p data-start=\"555\" data-end=\"811\">Apr\u012bkots ar <strong data-start=\"571\" data-end=\"602\">700mAh uzl\u0101d\u0113jams akumulators<\/strong> un <strong data-start=\"607\" data-end=\"631\">C tipa \u0101tr\u0101 uzl\u0101de<\/strong>, Randm 25K samazina d\u012bkst\u0101vi. T\u0101 <strong data-start=\"671\" data-end=\"698\">sk\u0101riensl\u0113d\u017ea tehnolo\u0123ija<\/strong> un <strong data-start=\"703\" data-end=\"720\">jautrs sp\u0113les re\u017e\u012bms<\/strong> pievieno interaktivit\u0101ti, padarot to popul\u0101ru jaun\u0101ko Eiropas pat\u0113r\u0113t\u0101ju vid\u016b. Funkcijas ietver:<\/p>\n<ul data-start=\"812\" data-end=\"925\">\n<li data-start=\"812\" data-end=\"849\">\n<p data-start=\"814\" data-end=\"849\"><strong data-start=\"814\" data-end=\"828\">Divreiz pieskarieties<\/strong> lai aktiviz\u0113tu ekr\u0101nu<\/p>\n<\/li>\n<li data-start=\"850\" data-end=\"886\">\n<p data-start=\"852\" data-end=\"886\"><strong data-start=\"852\" data-end=\"866\">Tr\u012bsreiz pieskarieties<\/strong> lai piel\u0101gotu jaudu<\/p>\n<\/li>\n<li data-start=\"887\" data-end=\"925\">\n<p data-start=\"889\" data-end=\"925\"><strong data-start=\"889\" data-end=\"901\">\u010cetrreiz pieskarieties<\/strong> lai aktiviz\u0113tu sp\u0113les re\u017e\u012bmu<\/p>\n<\/li>\n<\/ul>\n<p data-start=\"927\" data-end=\"1181\">Pieejams <strong data-start=\"940\" data-end=\"979\">0%, 2%, 3% un 5% nikot\u012bna opcijas<\/strong>, tad <strong data-start=\"985\" data-end=\"1006\">Randm Tornado 25K<\/strong> ir piem\u0113rots gan viegliem, gan smagiem lietot\u0101jiem. Kompakts, stil\u012bgs un p\u0101rn\u0113s\u0101jams, tas apvieno veiktsp\u0113ju ar \u0113rt\u012bb\u0101m, padarot to par sp\u0113c\u012bgu p\u0101rdev\u0113ju Latvijas vairumtirdzniec\u012bbas vape tirg\u016b.<\/p>\n<p><img fetchpriority=\"high\" decoding=\"async\" class=\"size-medium wp-image-2951\" src=\"https:\/\/vapestornado.com\/wp-content\/uploads\/2024\/12\/Wholesale-Disposable-Vape-265x300.jpg\" alt=\"Vienreiz\u0113j\u0101s lieto\u0161anas Vape vairumtirdzniec\u012bba\" width=\"265\" height=\"300\" srcset=\"https:\/\/vapestornado.com\/wp-content\/uploads\/2024\/12\/Wholesale-Disposable-Vape-265x300.jpg 265w, https:\/\/vapestornado.com\/wp-content\/uploads\/2024\/12\/Wholesale-Disposable-Vape-768x871.jpg 768w, https:\/\/vapestornado.com\/wp-content\/uploads\/2024\/12\/Wholesale-Disposable-Vape-600x680.jpg 600w, https:\/\/vapestornado.com\/wp-content\/uploads\/2024\/12\/Wholesale-Disposable-Vape.jpg 823w\" sizes=\"(max-width: 265px) 100vw, 265px\" \/><\/p>\n<h6>L\u016bdzu, sazinieties ar Mandiju WhatsApp, lai sa\u0146emtu atlaides cenu<a href=\"https:\/\/wa.me\/8618077105796\" target=\"_blank\" rel=\"noopener\">+8618077105796<\/a><\/h6>\n<p>&nbsp;<\/p>\n<h2><strong>Fumot Tornado Vape 25000 dvesmu galven\u0101s iez\u012bmes<\/strong><\/h2>\n<ul>\n<li><strong>Dvesmu skaits:<\/strong> 25 000 dvesmas<\/li>\n<li><strong>Akumulators:<\/strong> 700mAh, uzl\u0101d\u0113jams<\/li>\n<li><strong>E-\u0161\u0137idruma tilpums:<\/strong> 20ml<\/li>\n<li><strong>Nikot\u012bna l\u012bmenis:<\/strong> 0%, 2%, 3%, 5%<\/li>\n<li><strong>Uzl\u0101de:<\/strong> C tipa \u0101tr\u0101 uzl\u0101de<\/li>\n<li><strong>Sp\u0113les re\u017e\u012bms:<\/strong> Interakt\u012bva jautra sp\u0113les funkcija<\/li>\n<li><strong>Sk\u0101riensl\u0113d\u017ea funkcijas:<\/strong>\n<ul>\n<li>Divreiz pieskarties: Ekr\u0101na pamodin\u0101\u0161ana<\/li>\n<li>Tr\u012bsreiz pieskarties: Regul\u0113t jaudu<\/li>\n<li>\u010cetras reizes pieskarties: Ieiet sp\u0113les re\u017e\u012bm\u0101; noklik\u0161\u0137iniet vienu reizi, lai sp\u0113l\u0113tu<\/li>\n<\/ul>\n<\/li>\n<li><strong>Dizains:<\/strong> P\u0101rn\u0113s\u0101jams un lietot\u0101jam draudz\u012bgs vape pod<\/li>\n<\/ul>\n<h2><strong>RandM Tornado 25k Puff vienreiz\u0113j\u0101s lieto\u0161anas vape gar\u0161u saraksts:<\/strong><\/h2>\n<p>1. Ban\u0101nu ledus<br \/>\n2. Zeme\u0146u arb\u016bzs<br \/>\n3. Maiami piparm\u0113tra<br \/>\n4. Melle\u0146u ave\u0146u<br \/>\n5. Melnais ledus<br \/>\n6. Balt\u0101 l\u0101\u010da konfek\u0161u ledus<br \/>\n7. Arb\u016bzu ledus<br \/>\n8. Sul\u012bgs persiku ledus<br \/>\n9. Roz\u0101 limon\u0101de<br \/>\n10. Zeme\u0146u mango<br \/>\n11. Persiku mango arb\u016bzs<br \/>\n12. V\u012bnogu citrons<br \/>\n13. Tropu varav\u012bksnes spr\u0101dziens<br \/>\n14. \u0136ir\u0161u bumba<br \/>\n15. Zeme\u0146u piparm\u0113tru konfekte<br \/>\n16. Dubultais \u0101bols<br \/>\n17. Melle\u0146u ledus<br \/>\n18. Zeme\u0146u ledus<br \/>\n19. Sul\u012bgs ledus<br \/>\n20. Anan\u0101su ledus<br \/>\n21. V\u012bnogu ledus<br \/>\n22. Dr. Blue<br \/>\n23. Kivi Pasifloras Guava<br \/>\n24. \u0136ir\u0161u kola<\/p>\n<h3>K\u0101p\u0113c izv\u0113l\u0113ties RandM Tornado 25000 Puff no <a href=\"https:\/\/vapestornado.com\/lv\/\">vapestornado<\/a>?<\/h3>\n<p><strong>1. Ieguvumi, iep\u0113rkoties vietn\u0113 vapestornado<\/strong><\/p>\n<ul>\n<li><strong>Pla\u0161a izv\u0113le<\/strong>: vapestornado pied\u0101v\u0101 pla\u0161u augstas kvalit\u0101tes vape z\u012bmolu un mode\u013cu kl\u0101stu, apmierinot visas klientu vajadz\u012bbas vienuviet.<\/li>\n<li><strong>Izcils serviss<\/strong>: Izbaudiet \u0101tru pieg\u0101di un uzticamu p\u0113cp\u0101rdo\u0161anas atbalstu, lai iepirk\u0161an\u0101s pieredze b\u016btu bezr\u016bp\u012bga.<\/li>\n<li><strong>Caursp\u012bd\u012bga cenu noteik\u0161ana<\/strong>: Katram produktam ir nor\u0101d\u012bta skaidra un detaliz\u0113ta cena \u2014 nav sl\u0113ptu izmaksu.<\/li>\n<li><strong>\u012apa\u0161ie pied\u0101v\u0101jumi<\/strong>: Regul\u0101ras atlaides un akcijas ar ekskluz\u012bviem pied\u0101v\u0101jumiem dal\u012bbniekiem.<\/li>\n<li><strong>Lietot\u0101jam draudz\u012bga platforma<\/strong>: Viegli p\u0101rskat\u0101ma vietne, kas atbalsta vair\u0101kas valodas un maks\u0101jumu metodes, tostarp kred\u012btkartes un PayPal.<\/li>\n<\/ul>\n<p><strong>2. RandM Tornado 25k Puffs galven\u0101s iez\u012bmes<\/strong><\/p>\n<ul>\n<li><strong>Ilgsto\u0161a lieto\u0161ana<\/strong>: Paredz\u0113ts 25 000 uzp\u016btieniem, nodro\u0161inot iztur\u012bbu un ilgsto\u0161u lieto\u0161anu bie\u017eiem veipot\u0101jiem.<\/li>\n<li><strong>Jaud\u012bgs akumulators<\/strong>: Apr\u012bkots ar 700mAh uzl\u0101d\u0113jamu akumulatoru un C tipa \u0101tro uzl\u0101di videi draudz\u012bg\u0101m \u0113rt\u012bb\u0101m.<\/li>\n<li><strong>Bag\u0101t\u012bgas gar\u0161as opcijas<\/strong>: Pied\u0101v\u0101 l\u012bdz pat 30 gar\u0161\u0101m, tostarp aug\u013cu, mentola un dz\u0113rienu iedvesmotus profilus, lai apmierin\u0101tu da\u017e\u0101das gaumes.<\/li>\n<li><strong>Stil\u012bgs dizains<\/strong>: Ietver LED gaismas modernam un pievilc\u012bgam izskatam.<\/li>\n<li><strong>Viegla lieto\u0161ana<\/strong>: Gatavs lieto\u0161anai uzreiz no iepakojuma, bez nepiecie\u0161am\u012bbas p\u0113c iestat\u012b\u0161anas, lieliski piem\u0113rots gan ies\u0101c\u0113jiem, gan pieredz\u0113ju\u0161iem lietot\u0101jiem.<\/li>\n<\/ul>\n<p><strong>3. vapestornado \u012bpa\u0161\u0101 cena<\/strong><\/p>\n<ul>\n<li><strong>Pieejama cena<\/strong>: RandM Tornado 25000 Puffs ir pieejams par vapestornado akcijas cenu, ietaupot X%, sal\u012bdzinot ar tirgus cen\u0101m.<\/li>\n<li><strong>Lielapjoma atlaides<\/strong>: Papildu ietaup\u012bjumi vairumtirdzniec\u012bbas pirkumiem, ide\u0101li piem\u0113roti izplat\u012bt\u0101jiem un lielapjoma pirc\u0113jiem.<\/li>\n<li><strong>Ierobe\u017eota laika pied\u0101v\u0101jumi<\/strong>: P\u0101rbaudiet m\u0101jaslapu, lai uzzin\u0101tu par ekskluz\u012bviem atlai\u017eu kuponiem RandM produktiem.<\/li>\n<\/ul>\n<p>Ieg\u0101d\u0101jieties tagad vapestornado, lai izbaud\u012btu nep\u0101rsp\u0113jamus pied\u0101v\u0101jumus un izcilu veipo\u0161anas pieredzi ar RandM Tornado 25000 Puffs!<\/p>\n<h3><\/h3>\n<h3>Bie\u017e\u0101k uzdotie jaut\u0101jumi par Randm Vape 25000 Puffs atk\u0101rtoti uzl\u0101d\u0113jamo veipu:<\/h3>\n<ul>\n<li><strong>Cik ilgi kalpo RandM Tornado 25000 Puffs?<\/strong><br \/>\nRandM Tornado 25000 Puffs nodro\u0161ina ilgsto\u0161u tvaic\u0113\u0161anas pieredzi, sniedzot l\u012bdz pat 25 000 uzp\u016btieniem, padarot to perfektu ilgsto\u0161ai lieto\u0161anai bez bie\u017eas nomai\u0146as.<\/li>\n<li><strong>K\u0101 aktiviz\u0113t RandM Tornado 25000 Puffs?<\/strong><br \/>\nRandM Tornado 25000 Puffs ir gatavs lieto\u0161anai uzreiz p\u0113c iz\u0146em\u0161anas no iepakojuma. Vienk\u0101r\u0161i ieelpojiet caur iemuti, lai aktiviz\u0113tu ier\u012bci \u2013 nav nepiecie\u0161amas pogas vai sare\u017e\u0123\u012bta uzst\u0101d\u012b\u0161ana.<\/li>\n<li><strong>Vai RandM Tornado 25000 Puffs ir uzl\u0101d\u0113jams?<\/strong><br \/>\nJ\u0101, RandM Tornado 25000 Puffs ir apr\u012bkots ar uzl\u0101d\u0113jamu 700 mAh akumulatoru, nodro\u0161inot nemain\u012bgu veiktsp\u0113ju ar \u0101tru C tipa uzl\u0101di.<\/li>\n<li><strong>K\u0101 es varu zin\u0101t, kad manam RandM Tornado 25000 Puffs tvaic\u0113\u0161anas \u0161\u0137idrums vai akumulators ir gandr\u012bz tuk\u0161s?<\/strong><br \/>\nKad tvaiku ra\u017eo\u0161ana samazin\u0101s vai gar\u0161a k\u013c\u016bst maz\u0101k intens\u012bva, tas liecina, ka akumulators vai tvaic\u0113\u0161anas \u0161\u0137idrums tuvojas izs\u012bkumam. Uzl\u0101d\u0113jiet akumulatoru vai nomainiet ier\u012bci, kad tvaic\u0113\u0161anas \u0161\u0137idrums ir beidzies.<\/li>\n<\/ul>","protected":false},"excerpt":{"rendered":"<p data-start=\"1221\" data-end=\"1388\">T\u0101 <strong data-start=\"1225\" data-end=\"1263\">Randm Tornado 25000 Dvesienu Vape Pod<\/strong> pied\u0101v\u0101 du\u0101las nikot\u012bna iesp\u0113jas, viedas sk\u0101rienjut\u012bgas vad\u012bbas un 25K dvesienus. Uzticama izv\u0113le <strong data-start=\"1353\" data-end=\"1385\">vairumtirdzniec\u012bbas pirkumiem Eirop\u0101<\/strong>.<\/p>\n<figure id=\"attachment_2951\" aria-describedby=\"caption-attachment-2951\" style=\"width: 265px\" class=\"wp-caption alignnone\"><img fetchpriority=\"high\" decoding=\"async\" class=\"size-medium wp-image-2951\" src=\"https:\/\/vapestornado.com\/wp-content\/uploads\/2024\/12\/Wholesale-Disposable-Vape-265x300.jpg\" alt=\"Vienreiz\u0113j\u0101s lieto\u0161anas Vape vairumtirdzniec\u012bba\" width=\"265\" height=\"300\" srcset=\"https:\/\/vapestornado.com\/wp-content\/uploads\/2024\/12\/Wholesale-Disposable-Vape-265x300.jpg 265w, https:\/\/vapestornado.com\/wp-content\/uploads\/2024\/12\/Wholesale-Disposable-Vape-768x871.jpg 768w, https:\/\/vapestornado.com\/wp-content\/uploads\/2024\/12\/Wholesale-Disposable-Vape-600x680.jpg 600w, https:\/\/vapestornado.com\/wp-content\/uploads\/2024\/12\/Wholesale-Disposable-Vape.jpg 823w\" sizes=\"(max-width: 265px) 100vw, 265px\" \/><figcaption id=\"caption-attachment-2951\" class=\"wp-caption-text\">L\u016bdzu, sazinieties ar Mandiju WhatsApp, lai sa\u0146emtu atlaides cenu<a href=\"https:\/\/wa.me\/8618077105796\">+8618077105796<\/a><\/figcaption><\/figure>\n<p>&nbsp;<\/p>","protected":false},"featured_media":2987,"comment_status":"open","ping_status":"closed","template":"","meta":{"_acf_changed":false,"_uag_custom_page_level_css":"","_lmt_disableupdate":"no","_lmt_disable":"","_monsterinsights_skip_tracking":false,"_monsterinsights_sitenote_active":false,"_monsterinsights_sitenote_note":"","_monsterinsights_sitenote_category":0,"site-sidebar-layout":"default","site-content-layout":"","ast-site-content-layout":"default","site-content-style":"default","site-sidebar-style":"default","ast-global-header-display":"","ast-banner-title-visibility":"","ast-main-header-display":"","ast-hfb-above-header-display":"","ast-hfb-below-header-display":"","ast-hfb-mobile-header-display":"","site-post-title":"","ast-breadcrumbs-content":"","ast-featured-img":"","footer-sml-layout":"","ast-disable-related-posts":"","theme-transparent-header-meta":"default","adv-header-id-meta":"","stick-header-meta":"","header-above-stick-meta":"","header-main-stick-meta":"","header-below-stick-meta":"","astra-migrate-meta-layouts":"set","ast-page-background-enabled":"default","ast-page-background-meta":{"desktop":{"background-color":"","background-image":"","background-repeat":"repeat","background-position":"center center","background-size":"auto","background-attachment":"scroll","background-type":"","background-media":"","overlay-type":"","overlay-color":"","overlay-opacity":"","overlay-gradient":""},"tablet":{"background-color":"","background-image":"","background-repeat":"repeat","background-position":"center center","background-size":"auto","background-attachment":"scroll","background-type":"","background-media":"","overlay-type":"","overlay-color":"","overlay-opacity":"","overlay-gradient":""},"mobile":{"background-color":"","background-image":"","background-repeat":"repeat","background-position":"center center","background-size":"auto","background-attachment":"scroll","background-type":"","background-media":"","overlay-type":"","overlay-color":"","overlay-opacity":"","overlay-gradient":""}},"ast-content-background-meta":{"desktop":{"background-color":"var(--ast-global-color-5)","background-image":"","background-repeat":"repeat","background-position":"center center","background-size":"auto","background-attachment":"scroll","background-type":"","background-media":"","overlay-type":"","overlay-color":"","overlay-opacity":"","overlay-gradient":""},"tablet":{"background-color":"var(--ast-global-color-5)","background-image":"","background-repeat":"repeat","background-position":"center center","background-size":"auto","background-attachment":"scroll","background-type":"","background-media":"","overlay-type":"","overlay-color":"","overlay-opacity":"","overlay-gradient":""},"mobile":{"background-color":"var(--ast-global-color-5)","background-image":"","background-repeat":"repeat","background-position":"center center","background-size":"auto","background-attachment":"scroll","background-type":"","background-media":"","overlay-type":"","overlay-color":"","overlay-opacity":"","overlay-gradient":""}},"_joinchat":{"telephone":"+8618077105796"}},"product_brand":[],"product_cat":[68,153,156,58,148],"product_tag":[97,102],"class_list":{"0":"post-2993","1":"product","2":"type-product","3":"status-publish","4":"has-post-thumbnail","6":"product_cat-25000-puff","7":"product_cat-buy-disposable-vapes-in-italy","8":"product_cat-buy-disposable-vapes-in-poland","9":"product_cat-fumot-vape","10":"product_cat-tornado-disposable-vapes","11":"product_tag-hot-sale-disposable-vape","12":"product_tag-randm-tornado-25k","13":"desktop-align-left","14":"tablet-align-left","15":"mobile-align-left","17":"first","18":"instock","19":"sale","20":"shipping-taxable","21":"purchasable","22":"product-type-simple"},"acf":[],"uagb_featured_image_src":{"full":["https:\/\/vapestornado.com\/wp-content\/uploads\/2024\/12\/RandM-Fumot-25000-Dr-Blue-Disposable-Vape.jpg",800,800,false],"thumbnail":["https:\/\/vapestornado.com\/wp-content\/uploads\/2024\/12\/RandM-Fumot-25000-Dr-Blue-Disposable-Vape-150x150.jpg",150,150,true],"medium":["https:\/\/vapestornado.com\/wp-content\/uploads\/2024\/12\/RandM-Fumot-25000-Dr-Blue-Disposable-Vape-300x300.jpg",300,300,true],"medium_large":["https:\/\/vapestornado.com\/wp-content\/uploads\/2024\/12\/RandM-Fumot-25000-Dr-Blue-Disposable-Vape-768x768.jpg",768,768,true],"large":["https:\/\/vapestornado.com\/wp-content\/uploads\/2024\/12\/RandM-Fumot-25000-Dr-Blue-Disposable-Vape.jpg",800,800,false],"1536x1536":["https:\/\/vapestornado.com\/wp-content\/uploads\/2024\/12\/RandM-Fumot-25000-Dr-Blue-Disposable-Vape.jpg",800,800,false],"2048x2048":["https:\/\/vapestornado.com\/wp-content\/uploads\/2024\/12\/RandM-Fumot-25000-Dr-Blue-Disposable-Vape.jpg",800,800,false],"trp-custom-language-flag":["https:\/\/vapestornado.com\/wp-content\/uploads\/2024\/12\/RandM-Fumot-25000-Dr-Blue-Disposable-Vape.jpg",12,12,false],"woocommerce_thumbnail":["https:\/\/vapestornado.com\/wp-content\/uploads\/2024\/12\/RandM-Fumot-25000-Dr-Blue-Disposable-Vape-300x300.jpg",300,300,true],"woocommerce_single":["https:\/\/vapestornado.com\/wp-content\/uploads\/2024\/12\/RandM-Fumot-25000-Dr-Blue-Disposable-Vape-600x600.jpg",600,600,true],"woocommerce_gallery_thumbnail":["https:\/\/vapestornado.com\/wp-content\/uploads\/2024\/12\/RandM-Fumot-25000-Dr-Blue-Disposable-Vape-100x100.jpg",100,100,true]},"uagb_author_info":{"display_name":"ESMANDY","author_link":"https:\/\/vapestornado.com\/lv\/author\/"},"uagb_comment_info":0,"uagb_excerpt":"The Randm Tornado 25000 Puffs Vape Pod offers dual nicotine options, smart touch controls, and 25K puffs. A reliable choice for wholesale bulk buy in Europe. [caption id=\"attachment_2951\" align=\"alignnone\" width=\"265\"] Pls Contact Mandy's WhatsApp For Discount Price+8618077105796[\/caption] &nbsp;","_links":{"self":[{"href":"https:\/\/vapestornado.com\/lv\/wp-json\/wp\/v2\/product\/2993","targetHints":{"allow":["GET"]}}],"collection":[{"href":"https:\/\/vapestornado.com\/lv\/wp-json\/wp\/v2\/product"}],"about":[{"href":"https:\/\/vapestornado.com\/lv\/wp-json\/wp\/v2\/types\/product"}],"replies":[{"embeddable":true,"href":"https:\/\/vapestornado.com\/lv\/wp-json\/wp\/v2\/comments?post=2993"}],"wp:featuredmedia":[{"embeddable":true,"href":"https:\/\/vapestornado.com\/lv\/wp-json\/wp\/v2\/media\/2987"}],"wp:attachment":[{"href":"https:\/\/vapestornado.com\/lv\/wp-json\/wp\/v2\/media?parent=2993"}],"wp:term":[{"taxonomy":"product_brand","embeddable":true,"href":"https:\/\/vapestornado.com\/lv\/wp-json\/wp\/v2\/product_brand?post=2993"},{"taxonomy":"product_cat","embeddable":true,"href":"https:\/\/vapestornado.com\/lv\/wp-json\/wp\/v2\/product_cat?post=2993"},{"taxonomy":"product_tag","embeddable":true,"href":"https:\/\/vapestornado.com\/lv\/wp-json\/wp\/v2\/product_tag?post=2993"}],"curies":[{"name":"wp","href":"https:\/\/api.w.org\/{rel}","templated":true}]}}