{"id":2980,"date":"2024-12-06T06:49:43","date_gmt":"2024-12-06T06:49:43","guid":{"rendered":"https:\/\/vapestornado.com\/?post_type=product&#038;p=2980"},"modified":"2025-08-23T12:26:33","modified_gmt":"2025-08-23T12:26:33","slug":"waspe-vape-30000-fihp-30k-puffs-disposable-vape-wholesale-price-in-germany","status":"publish","type":"product","link":"https:\/\/vapestornado.com\/lv\/product\/waspe-vape-30000-fihp-30k-puffs-disposable-vape-wholesale-price-in-germany\/","title":{"rendered":"Waspe Vape 30000 FIHP 30K dvesmas vienreizlietojamais Vape Vairumtirdzniec\u012bbas cena Latvij\u0101"},"content":{"rendered":"<h1 class=\"product-title\">Waspe Vape 30000 FIHP 30K dvesmas vienreizlietojamais Vape Vairumtirdzniec\u012bbas cena Latvij\u0101<\/h1>\n<p>Mekl\u0113jat augst\u0101k\u0101s klases iztvaiko\u0161anas risin\u0101jumu, kas apvieno augstu veiktsp\u0113ju ar izciliem gar\u0161u pied\u0101v\u0101jumiem? The <strong>Waspe Vape FIHP 30000 Puf\u0161u vienreiz\u0113j\u0101s lieto\u0161anas vape<\/strong> ir \u0161eit, lai uzlabotu j\u016bsu iztvaiko\u0161anas pieredzi. Ar <strong>dubultiem re\u017e\u012bmiem<\/strong>, regul\u0113jamiem nikot\u012bna l\u012bme\u0146iem un gludu LED displeju, \u0161\u012b ier\u012bce ir lieliski piem\u0113rota tiem, kas mekl\u0113 kvalit\u0101ti un piel\u0101go\u0161anu par konkur\u0113tsp\u0113j\u012bgu vairumtirdzniec\u012bbas cenu Latvij\u0101.<\/p>\n<p>Neatkar\u012bgi no t\u0101, vai esat mazumtirgot\u0101js, kas mekl\u0113 <strong>vape vairumtirdzniec\u012bbas pied\u0101v\u0101jumus Latvij\u0101<\/strong> vai indiv\u012bds, kas mekl\u0113 augstas veiktsp\u0113jas, <strong>vienreiz\u0113j\u0101s lieto\u0161anas vape ar zemu nikot\u012bna saturu<\/strong>Waspe 30K pied\u0101v\u0101 nep\u0101rsp\u0113jamu v\u0113rt\u012bbu. T\u0101 <strong>uzl\u0101d\u0113jamais tvaic\u0113t\u0101js<\/strong> dizains un inovat\u012bv\u0101s funkcijas padara to par izcilu tirg\u016b.<\/p>\n<p>Waspe FIHP ir pieejams da\u017e\u0101d\u0101s <strong>dubulto gar\u0161u kombin\u0101cij\u0101s<\/strong>, nodro\u0161inot bag\u0101t\u012bgas un apmierino\u0161as gar\u0161as, kas piem\u0113rotas katrai gaumei.<\/p>\n<p>Izmantojiet <strong>Waspe Vape 30000 FIHP 30K dvesmas vienreizlietojamais Vape Vairumtirdzniec\u012bbas cena Latvij\u0101<\/strong> un pied\u0101v\u0101jiet \u0161o modern\u0101ko produktu saviem klientiem jau \u0161odien!<\/p>\n<p>&nbsp;<\/p>\n<p><strong>Pievienojiet Eimijas Whatsapp, lai sa\u0146emtu pareizo atbildi un vape kuponu!<\/strong><\/p>\n<p><img fetchpriority=\"high\" decoding=\"async\" class=\"size-full wp-image-2932\" src=\"https:\/\/vapestornado.com\/wp-content\/uploads\/2024\/12\/Vape-Wholesale.jpg\" alt=\"Veipu Vairumtirdzniec\u012bba\" width=\"229\" height=\"300\" \/><\/p>\n<h3><a href=\"https:\/\/wa.me\/8617776015835\" target=\"_blank\" rel=\"noopener\"><span style=\"color: #ff0000;\"><strong>WhatsApp: +86 17776015835<\/strong><\/span><\/a><\/h3>\n<p>&nbsp;<\/p>\n<h4><strong style=\"font-size: 1.7em;\">Waspe Vape 30000 Produkta \u012bpa\u0161\u012bbas<\/strong><\/h4>\n<h4><\/h4>\n<ul>\n<li><strong>30000 Puf\u0161u ar dubultiem re\u017e\u012bmiem<\/strong>:<br \/>\nIzbaudiet l\u012bdz pat <strong>30 000 uzp\u016btienu<\/strong> parast\u0101 re\u017e\u012bm\u0101 ilgsto\u0161\u0101m lieto\u0161anas reiz\u0113m vai p\u0101rsl\u0113dzieties uz <strong>impulsa re\u017e\u012bmu<\/strong> intens\u012bv\u0101kai pieredzei, nodro\u0161inot 15 000 dvesienu. Lieliski piem\u0113rots lietot\u0101jiem, kuri nov\u0113rt\u0113 elast\u012bgumu.<\/li>\n<li><strong>Vair\u0101kas nikot\u012bna opcijas<\/strong>:<br \/>\nPiel\u0101gojiet savu tvaic\u0113\u0161anas pieredzi ar <strong>0%, 2% vai 5% nikot\u012bna l\u012bme\u0146i<\/strong>, kas piem\u0113rots gan zema nikot\u012bna satura cien\u012bt\u0101jiem, gan tiem, kas dod priek\u0161roku sp\u0113c\u012bg\u0101kam dvesienam.<\/li>\n<li><strong>28 ml e-\u0161\u0137idruma ietilp\u012bba<\/strong>:<br \/>\n\u0160\u012b ier\u012bce satur iev\u0113rojamus <strong>28 ml e-\u0161\u0137idruma<\/strong>, samazinot nepiecie\u0161am\u012bbu p\u0113c bie\u017eas uzpildes un nodro\u0161inot ilgsto\u0161u lieto\u0161anu.<\/li>\n<li><strong>Dubult\u0101s t\u012bkla spoles tehnolo\u0123ija<\/strong>:<br \/>\nApr\u012bkots ar modernu <strong>1 omu + 1 omu dubult\u0101s sieta spoles<\/strong>, Waspe 30K nodro\u0161ina glud\u0101ku tvaiku un nemain\u012bgi bag\u0101t\u012bgu gar\u0161u.<\/li>\n<li><strong>Uzl\u0101d\u0113jams un efekt\u012bvs<\/strong>:<br \/>\nAr <strong>850mAh uzl\u0101d\u0113jams akumulators<\/strong> ar <strong>C tipa \u0101tr\u0101 uzl\u0101de<\/strong>, \u0161is tvaic\u0113t\u0101js nodro\u0161ina, ka j\u016bs visu dienu esat uzl\u0101d\u0113ts ar minim\u0101lu d\u012bkst\u0101vi.<\/li>\n<li><strong>LED displejs \u0113rtai uzraudz\u012bbai<\/strong>:<br \/>\nIeb\u016bv\u0113tais <strong>LED ekr\u0101ns<\/strong> par\u0101da re\u0101llaika dvesienu skaitu un akumulatora darb\u012bbas laiku, sniedzot jums piln\u012bgu kontroli p\u0101r tvaic\u0113\u0161anas sesij\u0101m.<\/li>\n<li><strong>Regul\u0113jama gaisa pl\u016bsma piel\u0101go\u0161anai<\/strong>:<br \/>\nAr <strong>regul\u0113jama gaisa pl\u016bsmas sist\u0113ma<\/strong>, j\u016bs varat main\u012bt dvesiena intensit\u0101ti, lai ieg\u016btu piel\u0101gotu tvaic\u0113\u0161anas pieredzi.<\/li>\n<\/ul>\n<h2 class=\"product-title\"><strong>WASPE 30000 gar\u0161u saraksts<\/strong><\/h2>\n<p>1.Zeme\u0146u mango<br \/>\n2. Jaukt\u0101s ogas<br \/>\n3.Arb\u016bzu ledus<br \/>\n4. Zeme\u0146u arb\u016bzs<br \/>\n5.Zeme\u0146u Red Bull<br \/>\n6.Kivi, pasifloru aug\u013cu un gvajaves<br \/>\n7. V\u012bnogu ledus<br \/>\n8.Dubults \u0101bolu ledus<br \/>\n9.Melle\u0146u ave\u0146u<br \/>\n10.Arb\u016bzu un mango ledus<br \/>\n11. Melle\u0146u ledus<br \/>\n12. Persiku ogu<br \/>\n13.Zeme\u0146u un kivi<br \/>\n14.\u0136ir\u0161u ledus<br \/>\n15.Zeme\u0146u un \u0137ir\u0161u superpl\u012bsums<br \/>\n16.Arb\u016bzu ko\u0161\u013c\u0101jam\u0101 gumija<\/p>\n<h3>K\u0101p\u0113c izv\u0113l\u0113ties vapestornado WASPE 30k vape vairumtirdzniec\u012bbai?<\/h3>\n<div class=\"flex-shrink-0 flex flex-col relative items-end\">\n<div class=\"pt-0\">\n<div class=\"gizmo-bot-avatar flex h-8 w-8 items-center justify-center overflow-hidden rounded-full\">\n<div class=\"relative p-1 rounded-sm flex items-center justify-center bg-token-main-surface-primary text-token-text-primary h-8 w-8\">\n<p>Laipni l\u016bdzam vapestornado, j\u016bsu uzticamaj\u0101 tie\u0161saistes vape veikal\u0101, kur\u0101 var ieg\u0101d\u0101ties augst\u0101k\u0101s kvalit\u0101tes vienreiz\u0113j\u0101s lieto\u0161anas vape. Ar vair\u0101k nek\u0101 5 gadu pieredzi m\u0113s pied\u0101v\u0101jam jums popul\u0101rus vienreiz\u0113j\u0101s lieto\u0161anas vape z\u012bmolus, piem\u0113ram, Fumot RandM Vape, Vapme, Bang Vape, Waspe Vape un WGA Vape utt.<\/p>\n<p>M\u016bsu kl\u0101st\u0101 ir iek\u013cauti karstie izp\u0101rdo\u0161anas veipi, piem\u0113ram, <a href=\"https:\/\/vapestornado.com\/lv\/product\/fumot-randm-tornado-15000-puffs-rechargeable-disposable-vape-wholesale\/\">RandM Tornado 15000<\/a>, un bag\u0101t\u012bgas gar\u0161as izv\u0113les, piem\u0113ram, <a href=\"https:\/\/vapestornado.com\/lv\/product\/waspe-40000-puffs-double-flavour-led-display-disposable-vape-wholesale\/\">WASPE dubult\u0101s gar\u0161as 40000 uzp\u016btienu<\/a> Katrs produkts tiek izv\u0113l\u0113ts, koncentr\u0113joties uz kvalit\u0101ti, v\u0113rt\u012bbu un da\u017e\u0101d\u012bbu, nodro\u0161inot, ka atrodat sav\u0101m vajadz\u012bb\u0101m ide\u0101li piem\u0113rotu. Atkl\u0101jiet izcilu servisu un pla\u0161u augst\u0101k\u0101s kvalit\u0101tes produktu kl\u0101stu vietn\u0113 vapestornado.<\/p>\n<\/div>\n<h3><\/h3>\n<div class=\"relative p-1 rounded-sm flex items-center justify-center bg-token-main-surface-primary text-token-text-primary h-8 w-8\">\n<h3>Bie\u017e\u0101k uzdotie jaut\u0101jumi par WASPE 40k atk\u0101rtoti uzl\u0101d\u0113jamo vienreizlietojamo vape<\/h3>\n<\/div>\n<\/div>\n<\/div>\n<\/div>\n<div class=\"group\/conversation-turn relative flex w-full min-w-0 flex-col agent-turn\">\n<div class=\"flex-col gap-1 md:gap-3\">\n<div class=\"flex max-w-full flex-col flex-grow\">\n<div class=\"min-h-8 text-message flex w-full flex-col items-end gap-2 whitespace-normal break-words [.text-message+&amp;]:mt-5\" dir=\"auto\" data-message-author-role=\"assistant\" data-message-id=\"db716a1c-9ed0-4b8d-b3b0-7bdb913c3d42\" data-message-model-slug=\"gpt-4o\">\n<div class=\"flex w-full flex-col gap-1 empty:hidden first:pt-[3px]\">\n<div class=\"markdown prose w-full break-words dark:prose-invert light\">\n<ul>\n<li><strong>Kur ieg\u0101d\u0101ties WASPE FIHP 30000 Puffs vienreizlietojamo vape par vairumtirdzniec\u012bbas cenu Latvij\u0101?<\/strong><br \/>\nWASPE FIHP 30000 Puffs vienreizlietojamo vape par vairumtirdzniec\u012bbas cen\u0101m var ieg\u0101d\u0101ties Latvij\u0101 pie uzticamiem <strong>vape vairumtirdzniec\u012bbas pieg\u0101d\u0101t\u0101jiem<\/strong> vai tie\u0161saistes vairumtirdzniec\u012bbas platform\u0101s, piem\u0113ram, vapestornado, kas specializ\u0113jas veipo\u0161anas produktos.<\/li>\n<li><strong>Cik dvesmas nodro\u0161ina WASPE FIHP 30k Puffs?<\/strong><br \/>\nWASPE FIHP 30K pied\u0101v\u0101 <strong>30 000 uzp\u016btienu<\/strong> parastaj\u0101 re\u017e\u012bm\u0101, vai <strong>15 000 izsm\u0113\u0137u<\/strong> impulsa re\u017e\u012bm\u0101 intens\u012bv\u0101kai veipo\u0161anas pieredzei.<\/li>\n<li><strong>Cik ilgi kalpo popul\u0101rais WASPE vape 30000 dvesmu Ultra vienreizlietojamais vape box?<\/strong><br \/>\nIer\u012bces ilgm\u016b\u017e\u012bba ir atkar\u012bga no lieto\u0161anas bie\u017euma. M\u0113reniem lietot\u0101jiem <strong>30 000 uzp\u016btienu<\/strong> var kalpot vair\u0101kas ned\u0113\u013cas, padarot to par ide\u0101lu izv\u0113li ilgsto\u0161ai lieto\u0161anai.<\/li>\n<li><strong>K\u0101das ir popul\u0101r\u0101k\u0101s gar\u0161as WASPE 30000 digit\u0101lajam vape box?<\/strong><br \/>\nWASPE 30000 digit\u0101lajam vape box piem\u012bt <strong>dubult\u0101s gar\u0161as pieredze<\/strong>, pied\u0101v\u0101jot daudzveid\u012bgas un apmierino\u0161as kombin\u0101cijas. Popul\u0101ras izv\u0113les at\u0161\u0137iras, bet bie\u017ei ietver aug\u013cu, piparm\u0113tru un desertu iedvesmotus mais\u012bjumus, lai atbilstu da\u017e\u0101d\u0101m v\u0113lm\u0113m.<\/li>\n<li><strong>Cik ilgs laiks nepiecie\u0161ams, lai uzl\u0101d\u0113tu WASPE FIHP 30k vienreizlietojamos vapes?<\/strong><br \/>\nT\u0101 <strong>850mAh uzl\u0101d\u0113jams akumulators<\/strong> \u0101tri uzl\u0101d\u0113jas caur <strong>Type-C uzl\u0101des ports<\/strong>, parasti tas aiz\u0146em apm\u0113ram <strong>1 l\u012bdz 1,5 stund\u0101m<\/strong> lai piln\u012bb\u0101 uzl\u0101d\u0113tu.<\/li>\n<li><strong>Cik nikot\u012bna ir WASPE 30000 Digital screen box vienreiz\u0113j\u0101s lieto\u0161anas veipos?<\/strong><br \/>\nWASPE 30000 pied\u0101v\u0101 <strong>nikot\u012bna opcijas 0%, 2% vai 5%<\/strong>, \u013caujot lietot\u0101jiem izv\u0113l\u0113ties nikot\u012bna stiprumu, kas vislab\u0101k atbilst vi\u0146u v\u0113lm\u0113m.<\/li>\n<\/ul>\n<\/div>\n<\/div>\n<\/div>\n<\/div>\n<\/div>\n<\/div>","protected":false},"excerpt":{"rendered":"<p>WASPE FIHP 30000 Puf\u0161u LED displeja vienreiz\u0113j\u0101s lieto\u0161anas vape<br \/>\nWaspe 30000 Puf\u0161u FIHP Vape elektrisk\u0101 cigarete 30k<br \/>\nWASPE Vape 30000 Puf\u0161u Dual Mesh 0% 2% 5% Nikot\u012bns<\/p>\n<p><strong>Pievienojiet Eimijas whatsapp, lai sa\u0146emtu pareizu atbildi un iztvaic\u0113t\u0101ja kuponu!<\/strong><\/p>\n<p><img fetchpriority=\"high\" decoding=\"async\" class=\"size-full wp-image-2932\" src=\"https:\/\/vapestornado.com\/wp-content\/uploads\/2024\/12\/Vape-Wholesale.jpg\" alt=\"Veipu Vairumtirdzniec\u012bba\" width=\"229\" height=\"300\" \/><\/p>\n<h3><a href=\"https:\/\/wa.me\/8617776015835\"><span style=\"color: #ff0000;\"><strong>WhatsApp: +86 17776015835<\/strong><\/span><\/a><\/h3>\n<p>&nbsp;<\/p>","protected":false},"featured_media":2977,"comment_status":"open","ping_status":"closed","template":"","meta":{"_acf_changed":false,"_uag_custom_page_level_css":"","_lmt_disableupdate":"no","_lmt_disable":"","_monsterinsights_skip_tracking":false,"_monsterinsights_sitenote_active":false,"_monsterinsights_sitenote_note":"","_monsterinsights_sitenote_category":0,"site-sidebar-layout":"default","site-content-layout":"","ast-site-content-layout":"default","site-content-style":"default","site-sidebar-style":"default","ast-global-header-display":"","ast-banner-title-visibility":"","ast-main-header-display":"","ast-hfb-above-header-display":"","ast-hfb-below-header-display":"","ast-hfb-mobile-header-display":"","site-post-title":"","ast-breadcrumbs-content":"","ast-featured-img":"","footer-sml-layout":"","ast-disable-related-posts":"","theme-transparent-header-meta":"default","adv-header-id-meta":"","stick-header-meta":"","header-above-stick-meta":"","header-main-stick-meta":"","header-below-stick-meta":"","astra-migrate-meta-layouts":"set","ast-page-background-enabled":"default","ast-page-background-meta":{"desktop":{"background-color":"","background-image":"","background-repeat":"repeat","background-position":"center center","background-size":"auto","background-attachment":"scroll","background-type":"","background-media":"","overlay-type":"","overlay-color":"","overlay-opacity":"","overlay-gradient":""},"tablet":{"background-color":"","background-image":"","background-repeat":"repeat","background-position":"center center","background-size":"auto","background-attachment":"scroll","background-type":"","background-media":"","overlay-type":"","overlay-color":"","overlay-opacity":"","overlay-gradient":""},"mobile":{"background-color":"","background-image":"","background-repeat":"repeat","background-position":"center center","background-size":"auto","background-attachment":"scroll","background-type":"","background-media":"","overlay-type":"","overlay-color":"","overlay-opacity":"","overlay-gradient":""}},"ast-content-background-meta":{"desktop":{"background-color":"var(--ast-global-color-5)","background-image":"","background-repeat":"repeat","background-position":"center center","background-size":"auto","background-attachment":"scroll","background-type":"","background-media":"","overlay-type":"","overlay-color":"","overlay-opacity":"","overlay-gradient":""},"tablet":{"background-color":"var(--ast-global-color-5)","background-image":"","background-repeat":"repeat","background-position":"center center","background-size":"auto","background-attachment":"scroll","background-type":"","background-media":"","overlay-type":"","overlay-color":"","overlay-opacity":"","overlay-gradient":""},"mobile":{"background-color":"var(--ast-global-color-5)","background-image":"","background-repeat":"repeat","background-position":"center center","background-size":"auto","background-attachment":"scroll","background-type":"","background-media":"","overlay-type":"","overlay-color":"","overlay-opacity":"","overlay-gradient":""}},"_joinchat":{"telephone":"+8617776015835"}},"product_brand":[],"product_cat":[67,152,157,158,142,146,60],"product_tag":[100,99,101],"class_list":{"0":"post-2980","1":"product","2":"type-product","3":"status-publish","4":"has-post-thumbnail","6":"product_cat-30000-puff","7":"product_cat-buy-disposable-vapes-in-cermany","8":"product_cat-buy-disposable-vapes-in-portugal","9":"product_cat-buy-disposable-vapes-in-spain","10":"product_cat-digital-box-disposable-vapes","11":"product_cat-rechargeable-disposable-vapes","12":"product_cat-waspe-fihp-vape","13":"product_tag-wasoe-vape","14":"product_tag-waspe-30000-puffs","15":"product_tag-waspe-30k","16":"desktop-align-left","17":"tablet-align-left","18":"mobile-align-left","20":"first","21":"instock","22":"sale","23":"shipping-taxable","24":"purchasable","25":"product-type-simple"},"acf":[],"uagb_featured_image_src":{"full":["https:\/\/vapestornado.com\/wp-content\/uploads\/2024\/12\/Waspe-FIHP-30000-30K-Puffs-Disposable-Vape.jpg",800,800,false],"thumbnail":["https:\/\/vapestornado.com\/wp-content\/uploads\/2024\/12\/Waspe-FIHP-30000-30K-Puffs-Disposable-Vape-150x150.jpg",150,150,true],"medium":["https:\/\/vapestornado.com\/wp-content\/uploads\/2024\/12\/Waspe-FIHP-30000-30K-Puffs-Disposable-Vape-300x300.jpg",300,300,true],"medium_large":["https:\/\/vapestornado.com\/wp-content\/uploads\/2024\/12\/Waspe-FIHP-30000-30K-Puffs-Disposable-Vape-768x768.jpg",768,768,true],"large":["https:\/\/vapestornado.com\/wp-content\/uploads\/2024\/12\/Waspe-FIHP-30000-30K-Puffs-Disposable-Vape.jpg",800,800,false],"1536x1536":["https:\/\/vapestornado.com\/wp-content\/uploads\/2024\/12\/Waspe-FIHP-30000-30K-Puffs-Disposable-Vape.jpg",800,800,false],"2048x2048":["https:\/\/vapestornado.com\/wp-content\/uploads\/2024\/12\/Waspe-FIHP-30000-30K-Puffs-Disposable-Vape.jpg",800,800,false],"trp-custom-language-flag":["https:\/\/vapestornado.com\/wp-content\/uploads\/2024\/12\/Waspe-FIHP-30000-30K-Puffs-Disposable-Vape.jpg",12,12,false],"woocommerce_thumbnail":["https:\/\/vapestornado.com\/wp-content\/uploads\/2024\/12\/Waspe-FIHP-30000-30K-Puffs-Disposable-Vape-300x300.jpg",300,300,true],"woocommerce_single":["https:\/\/vapestornado.com\/wp-content\/uploads\/2024\/12\/Waspe-FIHP-30000-30K-Puffs-Disposable-Vape-600x600.jpg",600,600,true],"woocommerce_gallery_thumbnail":["https:\/\/vapestornado.com\/wp-content\/uploads\/2024\/12\/Waspe-FIHP-30000-30K-Puffs-Disposable-Vape-100x100.jpg",100,100,true]},"uagb_author_info":{"display_name":"ESAMY","author_link":"https:\/\/vapestornado.com\/lv\/author\/"},"uagb_comment_info":0,"uagb_excerpt":"WASPE FIHP 30000 Puffs LED Display Disposable Vape Waspe 30000 Puffs FIHP Vape Electric Cigarette 30k WASPE Vape 30000 Puffs Dual Mesh 0% 2% 5% Nicotine Add Amy's whatsapp to get right reply and vape vape coupon! WhatsApp: +86 17776015835 &nbsp;","_links":{"self":[{"href":"https:\/\/vapestornado.com\/lv\/wp-json\/wp\/v2\/product\/2980","targetHints":{"allow":["GET"]}}],"collection":[{"href":"https:\/\/vapestornado.com\/lv\/wp-json\/wp\/v2\/product"}],"about":[{"href":"https:\/\/vapestornado.com\/lv\/wp-json\/wp\/v2\/types\/product"}],"replies":[{"embeddable":true,"href":"https:\/\/vapestornado.com\/lv\/wp-json\/wp\/v2\/comments?post=2980"}],"wp:featuredmedia":[{"embeddable":true,"href":"https:\/\/vapestornado.com\/lv\/wp-json\/wp\/v2\/media\/2977"}],"wp:attachment":[{"href":"https:\/\/vapestornado.com\/lv\/wp-json\/wp\/v2\/media?parent=2980"}],"wp:term":[{"taxonomy":"product_brand","embeddable":true,"href":"https:\/\/vapestornado.com\/lv\/wp-json\/wp\/v2\/product_brand?post=2980"},{"taxonomy":"product_cat","embeddable":true,"href":"https:\/\/vapestornado.com\/lv\/wp-json\/wp\/v2\/product_cat?post=2980"},{"taxonomy":"product_tag","embeddable":true,"href":"https:\/\/vapestornado.com\/lv\/wp-json\/wp\/v2\/product_tag?post=2980"}],"curies":[{"name":"wp","href":"https:\/\/api.w.org\/{rel}","templated":true}]}}