{"id":2974,"date":"2024-12-05T03:54:55","date_gmt":"2024-12-05T03:54:55","guid":{"rendered":"https:\/\/vapestornado.com\/?post_type=product&#038;p=2974"},"modified":"2025-08-23T11:41:10","modified_gmt":"2025-08-23T11:41:10","slug":"vopk-ultra-40000-puffs-2-in-1-digital-screen-rechargeable-disposable-vape","status":"publish","type":"product","link":"https:\/\/vapestornado.com\/lv\/product\/vopk-ultra-40000-puffs-2-in-1-digital-screen-rechargeable-disposable-vape\/","title":{"rendered":"VOPK ULTRA 40000 Puffs 2 vien\u0101 Digit\u0101l\u0101 ekr\u0101na uzl\u0101d\u0113jams vienreiz\u0113j\u0101s lieto\u0161anas veips"},"content":{"rendered":"<h1 class=\"product-title\">VOPK ULTRA 40000 Puffs 2 vien\u0101 Digit\u0101l\u0101 ekr\u0101na uzl\u0101d\u0113jams vienreiz\u0113j\u0101s lieto\u0161anas veips<\/h1>\n<p>Izbaudi n\u0101kamo e-cigare\u0161u lieto\u0161anas l\u012bmeni ar <strong>VOPK ULTRA 40000<\/strong>, vismodern\u0101ko ier\u012bci <strong>uzl\u0101d\u0113jamais vienreiz\u0113j\u0101s lieto\u0161anas vape<\/strong> kas izstr\u0101d\u0101ta, lai nodro\u0161in\u0101tu nep\u0101rsp\u0113jamas \u0113rt\u012bbas, gar\u0161u un veiktsp\u0113ju. Ar \u0101rk\u0101rt\u0113jo <strong>40000 uzp\u016btieniem<\/strong> un <strong>2 vien\u0101 dubult\u0101s gar\u0161as<\/strong> sist\u0113mu \u0161\u012b ier\u012bce \u013cauj lietot\u0101jiem neman\u0101mi p\u0101rsl\u0113gties starp div\u0101m at\u0161\u0137ir\u012bg\u0101m gar\u0161\u0101m, no jauna defin\u0113jot gar\u0161u daudzveid\u012bbas koncepciju.<\/p>\n<p>Komplekt\u0101 ar mas\u012bvu <strong>36 ml e-\u0161\u0137idruma ietilp\u012bbu<\/strong> un pieejama <strong>2% vai 5% nikot\u012bna stiprum\u0101<\/strong>, tad <strong>VOPK 40K<\/strong> nodro\u0161ina, ka katra dvesma ir maiga, apmierino\u0161a un piel\u0101gota j\u016bsu v\u0113lm\u0113m. Novatoriskais <strong>LED displejs<\/strong> pace\u013c \u0113rt\u012bbas n\u0101kamaj\u0101 l\u012bmen\u012b, nodro\u0161inot re\u0101llaika inform\u0101ciju par akumulatora darb\u012bbas laiku un atliku\u0161o e-\u0161\u0137idruma l\u012bmeni, lai j\u016bs var\u0113tu lietot e-cigareti bez raiz\u0113m.<\/p>\n<p>T\u0101 <strong>C tipa atk\u0101rtoti uzl\u0101d\u0113jams akumulators<\/strong> nodro\u0161ina \u0101tru un uzticamu uzl\u0101di, savuk\u0101rt t\u0101 kompaktais un p\u0101rn\u0113s\u0101jamais dizains padara <strong>VOPK ULTRA 40000<\/strong> to perfektu e-cigaretes lieto\u0161anai ce\u013c\u0101. Izv\u0113lies no 10 vilino\u0161\u0101m gar\u0161\u0101m, lai izbaud\u012btu patiesi piel\u0101gojamu pieredzi, vienlaikus baudot priek\u0161roc\u012bbas <strong>vienreiz\u0113j\u0101s lieto\u0161anas vape ar zemu nikot\u012bna saturu<\/strong>.<\/p>\n<p>Neatkar\u012bgi no t\u0101, vai esat mazumtirgot\u0101js vai mekl\u0113jat lielapjoma pirkumus, <strong>VOPK ULTRA 40000<\/strong> izce\u013cas <strong>vape vairumtirdzniec\u012bba<\/strong> tirg\u016b k\u0101 ide\u0101la iztur\u012bbas, inov\u0101cijas un pieejam\u012bbas kombin\u0101cija. Uzlabojiet savu tvaic\u0113\u0161anas pieredzi ar ier\u012bci, kas paredz\u0113ta ilgsto\u0161ai lieto\u0161anai un divk\u0101r\u0161ai gar\u0161ai, vienlaikus inform\u0113jot j\u016bs ar savu viedo <strong>digit\u0101lais ekr\u0101ns<\/strong>.<\/p>\n<p>P\u0101rejiet uz <strong>VOPK ULTRA 40000 dvesmas<\/strong> un izbaudiet lab\u0101ko no m\u016bsdienu tvaic\u0113\u0161anas ar stilu un \u0113rt\u012bb\u0101m!<\/p>\n<p>&nbsp;<\/p>\n<p><strong>Pievienojiet Eimijas Whatsapp, lai sa\u0146emtu pareizo atbildi un vape kuponu!<\/strong><\/p>\n<p><img fetchpriority=\"high\" decoding=\"async\" class=\"size-full wp-image-2932\" src=\"https:\/\/vapestornado.com\/wp-content\/uploads\/2024\/12\/Vape-Wholesale.jpg\" alt=\"Veipu Vairumtirdzniec\u012bba\" width=\"229\" height=\"300\" \/><\/p>\n<h3><a href=\"https:\/\/wa.me\/8617776015835\" target=\"_blank\" rel=\"noopener\"><span style=\"color: #ff0000;\"><strong>WhatsApp: +86 17776015835<\/strong><\/span><\/a><\/h3>\n<p>&nbsp;<\/p>\n<h2><strong>VOPK ULTRA 40000 dvesmas produkta funkcijas<\/strong><\/h2>\n<p>D\u016bmi: 40000 d\u016bmi<br \/>\nE-\u0161\u0137idruma ietilp\u012bba: 36 ml<br \/>\nNikot\u012bns: 2%\/5%<br \/>\nC tipa uzl\u0101de \u0101trai uzl\u0101dei<br \/>\nViedais LED displejs par\u0101da akumulatora darb\u012bbas laiku un e-\u0161\u0137idruma l\u012bmeni<br \/>\nDivu gar\u0161u pieredze<br \/>\n10 gar\u0161as, no kur\u0101m izv\u0113l\u0113ties<\/p>\n<h2 class=\"product-title\"><strong>VOPK ULTRA 40000 gar\u0161u saraksts<\/strong><\/h2>\n<p>1.Zeme\u0146u arb\u016bzs\/Kivi pasifloras aug\u013cu gvajava<br \/>\n2.Melle\u0146u avenes\/Persiku mango arb\u016bzs<br \/>\n3.Zil\u0101 Razz l\u0101\u010du l\u0101cis\/Zeme\u0146u kivi<br \/>\n4.Zil\u0101 Razz \u0137irsis\/Zeme\u0146u avenes<br \/>\n5.G\u0101z\u0113ts citrons<br \/>\n6.Arb\u016bza ledus\/Zil\u0101 Razz ledus<br \/>\n7.Zil\u0101 Razz anan\u0101ss\/Tr\u012bsk\u0101r\u0161s mango<br \/>\n8.V\u012bnogu ogu spr\u0101dziens\/Bumbieru \u0101bolu avenes<br \/>\n9.Zeme\u0146u dz\u0113rve\u0146u \u0137ir\u0161u\/anan\u0101su pasifloras laima<br \/>\n10.Melle\u0146u zeme\u0146u mentola\/melle\u0146u ave\u0146u mentola<\/p>\n<p>&nbsp;<\/p>\n<h2>K\u0101p\u0113c izv\u0113l\u0113ties vapestornado VOPK 40k vape vairumtirdzniec\u012bbai?<\/h2>\n<div class=\"flex-shrink-0 flex flex-col relative items-end\">\n<div class=\"pt-0\">\n<div class=\"gizmo-bot-avatar flex h-8 w-8 items-center justify-center overflow-hidden rounded-full\">\n<div class=\"relative p-1 rounded-sm flex items-center justify-center bg-token-main-surface-primary text-token-text-primary h-8 w-8\">\n<p>Laipni l\u016bdzam vapestornado, j\u016bsu uzticamaj\u0101 tie\u0161saistes vape veikal\u0101, kur\u0101 var ieg\u0101d\u0101ties augst\u0101k\u0101s kvalit\u0101tes vienreiz\u0113j\u0101s lieto\u0161anas vape. Ar vair\u0101k nek\u0101 5 gadu pieredzi m\u0113s pied\u0101v\u0101jam jums popul\u0101rus vienreiz\u0113j\u0101s lieto\u0161anas vape z\u012bmolus, piem\u0113ram, Fumot RandM Vape, Vapme, Bang Vape, Waspe Vape un WGA Vape utt.<\/p>\n<p>M\u016bsu kl\u0101st\u0101 ir iek\u013cauti karstie izp\u0101rdo\u0161anas veipi, piem\u0113ram, <a href=\"https:\/\/vapestornado.com\/lv\/product\/fumot-randm-tornado-15000-puffs-rechargeable-disposable-vape-wholesale\/\">RandM Tornado 15000<\/a>, un bag\u0101t\u012bgas gar\u0161as izv\u0113les, piem\u0113ram, <a href=\"https:\/\/vapestornado.com\/lv\/product\/waspe-40000-puffs-double-flavour-led-display-disposable-vape-wholesale\/\">WASPE dubult\u0101s gar\u0161as 40000 uzp\u016btienu<\/a> Katrs produkts tiek izv\u0113l\u0113ts, koncentr\u0113joties uz kvalit\u0101ti, v\u0113rt\u012bbu un da\u017e\u0101d\u012bbu, nodro\u0161inot, ka atrodat sav\u0101m vajadz\u012bb\u0101m ide\u0101li piem\u0113rotu. Atkl\u0101jiet izcilu servisu un pla\u0161u augst\u0101k\u0101s kvalit\u0101tes produktu kl\u0101stu vietn\u0113 vapestornado.<\/p>\n<\/div>\n<h3><\/h3>\n<div class=\"relative p-1 rounded-sm flex items-center justify-center bg-token-main-surface-primary text-token-text-primary h-8 w-8\">\n<h2>Bie\u017e\u0101k uzdotie jaut\u0101jumi par VOPK 40k atk\u0101rtoti uzl\u0101d\u0113jamo vienreiz\u0113j\u0101s lieto\u0161anas vape<\/h2>\n<\/div>\n<\/div>\n<\/div>\n<\/div>\n<div class=\"group\/conversation-turn relative flex w-full min-w-0 flex-col agent-turn\">\n<div class=\"flex-col gap-1 md:gap-3\">\n<div class=\"flex max-w-full flex-col flex-grow\">\n<div class=\"min-h-8 text-message flex w-full flex-col items-end gap-2 whitespace-normal break-words [.text-message+&amp;]:mt-5\" dir=\"auto\" data-message-author-role=\"assistant\" data-message-id=\"db716a1c-9ed0-4b8d-b3b0-7bdb913c3d42\" data-message-model-slug=\"gpt-4o\">\n<div class=\"flex w-full flex-col gap-1 empty:hidden first:pt-[3px]\">\n<div class=\"markdown prose w-full break-words dark:prose-invert light\">\n<p>&nbsp;<\/p>\n<p><strong>1. Kur ieg\u0101d\u0101ties VOPK 40000 Puffs vienreiz\u0113j\u0101s lieto\u0161anas vape par vairumtirdzniec\u012bbas cenu Latvij\u0101<\/strong><br \/>\nJ\u016bs varat ieg\u0101d\u0101ties <strong>VOPK 40000 Puffs vienreiz\u0113j\u0101s lieto\u0161anas vape<\/strong> par vairumtirdzniec\u012bbas cen\u0101m tie\u0161saistes <strong>vape vairumtirdzniec\u012bba<\/strong> platform\u0101s, kas paredz\u0113tas Latvijai.<\/p>\n<p><strong>2. Cik uzp\u016btienus nodro\u0161ina VOPK Ultra 40k Puffs?<\/strong><br \/>\nT\u0101 <strong>VOPK Ultra 40k Puffs vienreizlietojams vape<\/strong> nodro\u0161ina l\u012bdz pat <strong>40 000 uzp\u016btienu<\/strong>, padarot to par vienu no ilgm\u016b\u017e\u012bg\u0101kaj\u0101m ier\u012bc\u0113m tirg\u016b.<\/p>\n<p><strong>3. Cik ilgi darbojas popul\u0101rais VOPK 40000 dvesmu Ultra vienreizlietojams vape kaste?<\/strong><br \/>\nDarb\u012bbas ilgums <strong>VOPK Ultra 40000<\/strong> ir atkar\u012bgs no lieto\u0161anas paradumiem, bet ar savu lielo <strong>36 ml e-\u0161\u0137idruma ietilp\u012bbu<\/strong> un uzl\u0101d\u0113jamo akumulatoru, tas ir paredz\u0113ts darboties iev\u0113rojami ilg\u0101k nek\u0101 vairums vienreizlietojamo vape.<\/p>\n<p><strong>4. K\u0101das ir popul\u0101r\u0101k\u0101s gar\u0161as VOPK 40000 Puffs digit\u0101lajai kastei?<\/strong><br \/>\nT\u0101 <strong>VOPK 40k Puffs<\/strong> pied\u0101v\u0101 10 aizraujo\u0161as gar\u0161as, ar t\u0101s <strong>dubulta gar\u0161a<\/strong> sist\u0113mu, kas \u013cauj lietot\u0101jiem baud\u012bt divas gar\u0161as vien\u0101 ier\u012bc\u0113. Popul\u0101r\u0101k\u0101s gar\u0161as at\u0161\u0137iras atkar\u012bb\u0101 no v\u0113lm\u0113m, bet \u012bpa\u0161i iecien\u012btas ir aug\u013cu un mentola kombin\u0101cijas.<\/p>\n<p><strong>5. Cik ilgs laiks nepiecie\u0161ams, lai uzl\u0101d\u0113tu VOPK 40k Puffs Spaceman vienreizlietojamo vapi?<\/strong><br \/>\nT\u0101 <strong>VOPK Ultra 40k Puffs<\/strong> izmanto <strong>C tipa atk\u0101rtoti uzl\u0101d\u0113jams akumulators<\/strong>, kuras piln\u012bga uzl\u0101de parasti aiz\u0146em apm\u0113ram <strong>1-2 stundas<\/strong> , atkar\u012bb\u0101 no baro\u0161anas avota.<\/p>\n<p><strong>6. Cik daudz nikot\u012bna ir VOPK 40k Digital screen box vienreizlietojamajos vape?<\/strong><br \/>\nT\u0101 <strong>VOPK Ultra 40000<\/strong> ir pieejams <strong>2% (20mg)<\/strong> or <strong>5% (50mg)<\/strong> nikot\u012bna stiprums, kas atbilst da\u017e\u0101d\u0101m nikot\u012bna v\u0113lm\u0113m.<\/p>\n<\/div>\n<\/div>\n<\/div>\n<\/div>\n<\/div>\n<\/div>","protected":false},"excerpt":{"rendered":"<p>VOPK 40000 dvesmas 2 vien\u0101 vienreiz\u0113j\u0101s lieto\u0161anas e-cigarete, dubulta gar\u0161a 40K vairumtirdzniec\u012bba<br \/>\nVOPK dubult\u0101 gar\u0161a 40000 dvesmas atk\u0101rtoti uzl\u0101d\u0113jama vienreiz\u0113j\u0101s lieto\u0161anas e-cigarete<br \/>\nVOPK 40000 dvesmas, dubult\u0101 gar\u0161a ar LED displeju<\/p>\n<p><strong>Pievienojiet Eimijas whatsapp, lai sa\u0146emtu pareizu atbildi un iztvaic\u0113t\u0101ja kuponu!<\/strong><\/p>\n<p><img fetchpriority=\"high\" decoding=\"async\" class=\"size-full wp-image-2932\" src=\"https:\/\/vapestornado.com\/wp-content\/uploads\/2024\/12\/Vape-Wholesale.jpg\" alt=\"Veipu Vairumtirdzniec\u012bba\" width=\"229\" height=\"300\" \/><\/p>","protected":false},"featured_media":2973,"comment_status":"open","ping_status":"closed","template":"","meta":{"_acf_changed":false,"_uag_custom_page_level_css":"","_lmt_disableupdate":"no","_lmt_disable":"","_monsterinsights_skip_tracking":false,"_monsterinsights_sitenote_active":false,"_monsterinsights_sitenote_note":"","_monsterinsights_sitenote_category":0,"site-sidebar-layout":"default","site-content-layout":"","ast-site-content-layout":"default","site-content-style":"default","site-sidebar-style":"default","ast-global-header-display":"","ast-banner-title-visibility":"","ast-main-header-display":"","ast-hfb-above-header-display":"","ast-hfb-below-header-display":"","ast-hfb-mobile-header-display":"","site-post-title":"","ast-breadcrumbs-content":"","ast-featured-img":"","footer-sml-layout":"","ast-disable-related-posts":"","theme-transparent-header-meta":"default","adv-header-id-meta":"","stick-header-meta":"","header-above-stick-meta":"","header-main-stick-meta":"","header-below-stick-meta":"","astra-migrate-meta-layouts":"set","ast-page-background-enabled":"default","ast-page-background-meta":{"desktop":{"background-color":"","background-image":"","background-repeat":"repeat","background-position":"center center","background-size":"auto","background-attachment":"scroll","background-type":"","background-media":"","overlay-type":"","overlay-color":"","overlay-opacity":"","overlay-gradient":""},"tablet":{"background-color":"","background-image":"","background-repeat":"repeat","background-position":"center center","background-size":"auto","background-attachment":"scroll","background-type":"","background-media":"","overlay-type":"","overlay-color":"","overlay-opacity":"","overlay-gradient":""},"mobile":{"background-color":"","background-image":"","background-repeat":"repeat","background-position":"center center","background-size":"auto","background-attachment":"scroll","background-type":"","background-media":"","overlay-type":"","overlay-color":"","overlay-opacity":"","overlay-gradient":""}},"ast-content-background-meta":{"desktop":{"background-color":"var(--ast-global-color-5)","background-image":"","background-repeat":"repeat","background-position":"center center","background-size":"auto","background-attachment":"scroll","background-type":"","background-media":"","overlay-type":"","overlay-color":"","overlay-opacity":"","overlay-gradient":""},"tablet":{"background-color":"var(--ast-global-color-5)","background-image":"","background-repeat":"repeat","background-position":"center center","background-size":"auto","background-attachment":"scroll","background-type":"","background-media":"","overlay-type":"","overlay-color":"","overlay-opacity":"","overlay-gradient":""},"mobile":{"background-color":"var(--ast-global-color-5)","background-image":"","background-repeat":"repeat","background-position":"center center","background-size":"auto","background-attachment":"scroll","background-type":"","background-media":"","overlay-type":"","overlay-color":"","overlay-opacity":"","overlay-gradient":""}},"_joinchat":{"telephone":"+8617776015835"}},"product_brand":[],"product_cat":[65,140,153,157,158,142,144,290],"product_tag":[94,95,93,96,92],"class_list":{"0":"post-2974","1":"product","2":"type-product","3":"status-publish","4":"has-post-thumbnail","6":"product_cat-40000-puff","7":"product_cat-big-puffs-disposable-vapes","8":"product_cat-buy-disposable-vapes-in-italy","9":"product_cat-buy-disposable-vapes-in-portugal","10":"product_cat-buy-disposable-vapes-in-spain","11":"product_cat-digital-box-disposable-vapes","12":"product_cat-low-nicotine-disposable-vapes","13":"product_cat-vopk-vape","14":"product_tag-rechargeable-disposable-vape","15":"product_tag-spaceman-disposable-vape","16":"product_tag-vape-wholesale","17":"product_tag-vopk-40000","18":"product_tag-vopk-vape","19":"desktop-align-left","20":"tablet-align-left","21":"mobile-align-left","23":"first","24":"instock","25":"sale","26":"shipping-taxable","27":"purchasable","28":"product-type-simple"},"acf":[],"uagb_featured_image_src":{"full":["https:\/\/vapestornado.com\/wp-content\/uploads\/2024\/12\/VOPK-ULTRA-40000-Disposable-Vape.jpg",1126,1126,false],"thumbnail":["https:\/\/vapestornado.com\/wp-content\/uploads\/2024\/12\/VOPK-ULTRA-40000-Disposable-Vape-150x150.jpg",150,150,true],"medium":["https:\/\/vapestornado.com\/wp-content\/uploads\/2024\/12\/VOPK-ULTRA-40000-Disposable-Vape-300x300.jpg",300,300,true],"medium_large":["https:\/\/vapestornado.com\/wp-content\/uploads\/2024\/12\/VOPK-ULTRA-40000-Disposable-Vape-768x768.jpg",768,768,true],"large":["https:\/\/vapestornado.com\/wp-content\/uploads\/2024\/12\/VOPK-ULTRA-40000-Disposable-Vape-1024x1024.jpg",1024,1024,true],"1536x1536":["https:\/\/vapestornado.com\/wp-content\/uploads\/2024\/12\/VOPK-ULTRA-40000-Disposable-Vape.jpg",1126,1126,false],"2048x2048":["https:\/\/vapestornado.com\/wp-content\/uploads\/2024\/12\/VOPK-ULTRA-40000-Disposable-Vape.jpg",1126,1126,false],"trp-custom-language-flag":["https:\/\/vapestornado.com\/wp-content\/uploads\/2024\/12\/VOPK-ULTRA-40000-Disposable-Vape.jpg",12,12,false],"woocommerce_thumbnail":["https:\/\/vapestornado.com\/wp-content\/uploads\/2024\/12\/VOPK-ULTRA-40000-Disposable-Vape-300x300.jpg",300,300,true],"woocommerce_single":["https:\/\/vapestornado.com\/wp-content\/uploads\/2024\/12\/VOPK-ULTRA-40000-Disposable-Vape-600x600.jpg",600,600,true],"woocommerce_gallery_thumbnail":["https:\/\/vapestornado.com\/wp-content\/uploads\/2024\/12\/VOPK-ULTRA-40000-Disposable-Vape-100x100.jpg",100,100,true]},"uagb_author_info":{"display_name":"ESAMY","author_link":"https:\/\/vapestornado.com\/lv\/author\/"},"uagb_comment_info":0,"uagb_excerpt":"VOPK 40000 Puffs 2 in 1 Disposable Vape Dual Taste 40K Wholesale VOPK Double Flavor 40000 Puffs Rechargeable Disposable Vape VOPK 40000 Puffs Double Flavor with LED Display Add Amy's whatsapp to get right reply and vape vape coupon!","_links":{"self":[{"href":"https:\/\/vapestornado.com\/lv\/wp-json\/wp\/v2\/product\/2974","targetHints":{"allow":["GET"]}}],"collection":[{"href":"https:\/\/vapestornado.com\/lv\/wp-json\/wp\/v2\/product"}],"about":[{"href":"https:\/\/vapestornado.com\/lv\/wp-json\/wp\/v2\/types\/product"}],"replies":[{"embeddable":true,"href":"https:\/\/vapestornado.com\/lv\/wp-json\/wp\/v2\/comments?post=2974"}],"wp:featuredmedia":[{"embeddable":true,"href":"https:\/\/vapestornado.com\/lv\/wp-json\/wp\/v2\/media\/2973"}],"wp:attachment":[{"href":"https:\/\/vapestornado.com\/lv\/wp-json\/wp\/v2\/media?parent=2974"}],"wp:term":[{"taxonomy":"product_brand","embeddable":true,"href":"https:\/\/vapestornado.com\/lv\/wp-json\/wp\/v2\/product_brand?post=2974"},{"taxonomy":"product_cat","embeddable":true,"href":"https:\/\/vapestornado.com\/lv\/wp-json\/wp\/v2\/product_cat?post=2974"},{"taxonomy":"product_tag","embeddable":true,"href":"https:\/\/vapestornado.com\/lv\/wp-json\/wp\/v2\/product_tag?post=2974"}],"curies":[{"name":"wp","href":"https:\/\/api.w.org\/{rel}","templated":true}]}}