{"id":2968,"date":"2024-12-04T04:02:23","date_gmt":"2024-12-04T04:02:23","guid":{"rendered":"https:\/\/vapestornado.com\/?post_type=product&#038;p=2968"},"modified":"2025-12-08T04:02:53","modified_gmt":"2025-12-08T04:02:53","slug":"waspe-40000-puffs-double-flavour-led-display-disposable-vape-wholesale","status":"publish","type":"product","link":"https:\/\/vapestornado.com\/lv\/product\/waspe-40000-puffs-double-flavour-led-display-disposable-vape-wholesale\/","title":{"rendered":"WASPE 40000 Dvesmas Dubult\u0101 Gar\u0161a LED Ekr\u0101ns Vienreiz\u0113j\u0101s Lieto\u0161anas Vape Vairumtirdzniec\u012bba"},"content":{"rendered":"<h1 class=\"product-title\">WASPE 40000 P\u016b\u0161\u013cu Divk\u0101r\u0161\u0101 Gar\u0161a Vienreiz\u0113j\u0101 Vape \u2014 Dubult\u0101s Gar\u0161as Sl\u0113dzis un Gudrs LED Kontrols<\/h1>\n<p data-start=\"1070\" data-end=\"1397\">T\u0101 <strong data-start=\"108\" data-end=\"154\">WASPE 40000 P\u016b\u0161\u013cu Divk\u0101r\u0161\u0101 Gar\u0161a Vienreiz\u0113j\u0101 Vape<\/strong> ir izstr\u0101d\u0101ts cilv\u0113kiem, kuri v\u0113las ilgi lietojamu vienreiz\u0113ju ier\u012bci, nezaud\u0113jot izv\u0113li vai kontroli. J\u016bs sa\u0146emat <strong data-start=\"254\" data-end=\"276\">l\u012bdz 40 000 p\u016b\u013cu<\/strong>, a <strong data-start=\"280\" data-end=\"303\">divu gar\u0161u sist\u0113ma<\/strong> j\u016bs varat p\u0101rsl\u0113gties uz vietas, un <strong data-start=\"337\" data-end=\"357\">viedais LED ekr\u0101ns<\/strong> kas prec\u012bzi nor\u0101da, kur atrodas j\u016bsu akumulators un e-\u0161\u0137idrums. \u012asum\u0101: maz\u0101k nomai\u0146u, vair\u0101k da\u017e\u0101d\u012bbas un ier\u012bce, kas uzvedas paredzami ikdienas lieto\u0161an\u0101.<\/p>\n<h3 data-start=\"755\" data-end=\"807\">K\u0101p\u0113c jums var uztic\u0113ties WASPE 40000 p\u016b\u0161\u013cu vape \u2014 un k\u0101p\u0113c tas ir v\u0113rts ieg\u0101d\u0101ties<\/h3>\n<ul data-start=\"809\" data-end=\"1956\">\n<li data-start=\"809\" data-end=\"1099\">\n<p data-start=\"811\" data-end=\"1099\"><strong data-start=\"811\" data-end=\"874\">Tas ir izstr\u0101d\u0101ts re\u0101lai lieto\u0161anai, ne tikai lielam p\u016b\u0161u skaitam.<\/strong> 36 ml iepriek\u0161pild\u012bts tanka un dubult\u0101s 0,9\u03a9 re\u017e\u0123a spir\u0101les ir izstr\u0101d\u0101tas, lai saglab\u0101tu gar\u0161u un tvaiku konsekventu ilgsto\u0161\u0101s sesij\u0101s. Tas ir galvenais at\u0161\u0137ir\u012bbas punkts starp lielu vienreiz\u0113jo, kas <em data-start=\"1054\" data-end=\"1061\">ilgst<\/em> un vienu, kas vienk\u0101r\u0161i <em data-start=\"1082\" data-end=\"1090\">apgalvo<\/em> ilgs.<\/p>\n<\/li>\n<li data-start=\"1101\" data-end=\"1356\">\n<p data-start=\"1103\" data-end=\"1356\"><strong data-start=\"1103\" data-end=\"1163\">Divu gar\u0161u p\u0101rsl\u0113g\u0161ana padara to praktisku, nevis izdom\u0101tu.<\/strong> T\u0101 viet\u0101, lai pirktu divas ier\u012bces vai apniktu vid\u016b, j\u016bs varat p\u0101rsl\u0113gties starp div\u0101m gar\u0161\u0101m vien\u0101 vien\u012bb\u0101. Daudziem lietot\u0101jiem tas ir funkcija, kas padara vape ne tik \u201cvienveid\u012bgu\u201d p\u0113c ned\u0113\u013cas.<\/p>\n<\/li>\n<li data-start=\"1358\" data-end=\"1596\">\n<p data-start=\"1360\" data-end=\"1596\"><strong data-start=\"1360\" data-end=\"1436\">Uztverama akumulatora uzl\u0101de nov\u0113r\u0161 galveno tr\u016bkumu augsta p\u016b\u0161u skaita vienreiz\u0113j\u0101m ier\u012bc\u0113m.<\/strong> Ar <strong data-start=\"1445\" data-end=\"1476\">850mAh uzl\u0101d\u0113jams akumulators<\/strong> un <strong data-start=\"1481\" data-end=\"1505\">C tipa \u0101tr\u0101 uzl\u0101de<\/strong>, j\u016bs neb\u016bsiet iestr\u0113dzis ar paliku\u0161o \u0161\u0137idrumu, bet bez jaudas. Tas ir svar\u012bgi, ja regul\u0101ri vape.<\/p>\n<\/li>\n<li data-start=\"1598\" data-end=\"1800\">\n<p data-start=\"1600\" data-end=\"1800\"><strong data-start=\"1600\" data-end=\"1638\">LED displejs pievieno caursp\u012bd\u012bgumu.<\/strong> Jums nav j\u0101min, cik daudz akumulatora vai \u0161\u0137idruma palicis. J\u016bs zin\u0101siet, kad j\u0101papildina vai kad tuvojaties beig\u0101m \u2014 noder\u012bgi ikdienas p\u0101rvieto\u0161an\u0101s, vakara izklaides un ce\u013cojumu laik\u0101.<\/p>\n<\/li>\n<li data-start=\"1802\" data-end=\"1956\">\n<p data-start=\"1804\" data-end=\"1956\"><strong data-start=\"1804\" data-end=\"1850\">Nikot\u012bna stiprumi aptver da\u017e\u0101das ieradumu l\u012bnijas.<\/strong> 2% un 5% s\u0101ls nikot\u012bna opcijas padara to piem\u0113rotu, vai v\u0113laties viegl\u0101ku ikdienas vape vai stipr\u0101ku efektu.<\/p>\n<\/li>\n<\/ul>\n<p>&nbsp;<\/p>\n<p><strong>Pievienojiet Eimijas Whatsapp, lai sa\u0146emtu pareizo atbildi un vape kuponu!<\/strong><\/p>\n<p><img fetchpriority=\"high\" decoding=\"async\" class=\"size-full wp-image-2932\" src=\"https:\/\/vapestornado.com\/wp-content\/uploads\/2024\/12\/Vape-Wholesale.jpg\" alt=\"Veipu Vairumtirdzniec\u012bba\" width=\"229\" height=\"300\" \/><\/p>\n<h3><a href=\"https:\/\/wa.me\/8617776015835\" target=\"_blank\" rel=\"noopener\"><span style=\"color: #ff0000;\"><strong>WhatsApp: +86 17776015835<\/strong><\/span><\/a><\/h3>\n<p>&nbsp;<\/p>\n<h2><strong>WASPE 40000 dvesienu produkta \u012bpa\u0161\u012bbas<\/strong><\/h2>\n<table>\n<thead>\n<tr>\n<th>Spec<\/th>\n<th>Deta\u013cas<\/th>\n<th><\/th>\n<\/tr>\n<\/thead>\n<tbody>\n<tr>\n<td>P\u016b\u0161\u013ca jauda<\/td>\n<td>L\u012bdz 40 000 p\u012bp\u0113m<\/td>\n<td>Izstr\u0101d\u0101ts ilgtermi\u0146a lieto\u0161anai; maz\u0101k nomai\u0146u un lab\u0101ka izmaksu efektivit\u0101te par p\u016b\u0161anu.<\/td>\n<\/tr>\n<tr>\n<td>E-\u0161\u0137idruma tilpums<\/td>\n<td>36 ml iepriek\u0161pild\u012bts<\/td>\n<td>Liels tvertne atbalsta ilg\u0101kas sesijas un pal\u0113nina gar\u0161as zudumu.<\/td>\n<\/tr>\n<tr>\n<td>Akumulators<\/td>\n<td>850mAh uzl\u0101d\u0113jams<\/td>\n<td>Pietiekama jauda augstiem p\u016b\u0161anas skait\u013ciem; uzl\u0101d\u0113jiet viet\u0101, nevis izmetiet agr\u0101k.<\/td>\n<\/tr>\n<tr>\n<td>Uzl\u0101de<\/td>\n<td>C tipa \u0101tr\u0101 uzl\u0101de<\/td>\n<td>\u0100tra, pla\u0161i sader\u012bga uzl\u0101de vis\u0101 Latvij\u0101.<\/td>\n<\/tr>\n<tr>\n<td>Spole sist\u0113ma<\/td>\n<td>Dubultas 0.9\u03a9 t\u012bkli spoles<\/td>\n<td>Vair\u0101k vienm\u0113r\u012bga sild\u012b\u0161ana, bag\u0101t\u012bg\u0101ka gar\u0161a, glud\u0101ka r\u012bkles saj\u016bta, konsekvents tvaiks.<\/td>\n<\/tr>\n<tr>\n<td>Nikot\u012bna stiprums<\/td>\n<td>2% \/ 5% s\u0101ls nikot\u012bns<\/td>\n<td>\u013bauj piel\u0101got intensit\u0101ti j\u016bsu ieradumiem.<\/td>\n<\/tr>\n<tr>\n<td>Displejs<\/td>\n<td>Gudrs LED ekr\u0101ns (baterija + e-\u0161\u0137idrums)<\/td>\n<td>Re\u0101llaika uzskaite, lai nekad neb\u016btu j\u0101min.<\/td>\n<\/tr>\n<tr>\n<td>Gar\u0161as sist\u0113ma<\/td>\n<td>Dubult\u0101s gar\u0161as sl\u0113dzis<\/td>\n<td>Divas gar\u0161as vien\u0101 ier\u012bc\u0113; mainiet jebkur\u0101 laik\u0101.<\/td>\n<\/tr>\n<tr>\n<td>Gar\u0161as opcijas<\/td>\n<td>16 gar\u0161u izv\u0113les<\/td>\n<td>Pla\u0161s kl\u0101sts da\u017e\u0101d\u0101m gaum\u0113m un atk\u0101rtotai pirk\u0161anai.<\/td>\n<\/tr>\n<\/tbody>\n<\/table>\n<h2 class=\"product-title\"><strong>WASPE 40000 Puffs Gar\u0161u saraksts<\/strong><\/h2>\n<p>1 arb\u016bzu ledus \/ citronu laims<br \/>\n2 g\u0101z\u0113tu \u0137ir\u0161u ledus \/ melle\u0146u cukurvate<br \/>\n3 zeme\u0146u arb\u016bzs \/ melle\u0146u ave\u0146u<br \/>\n4 sarkan\u0101 bu\u013c\u013ca ledus \/ zeme\u0146u mango<br \/>\n5 persiku ledus \/ anan\u0101su mango persiks<br \/>\n6 v\u012bnogu ledus \/ zeme\u0146u kivi<br \/>\n7 jauktas ogas \/ dubultais \u0101bolu ledus<br \/>\n8 zil\u0101 ave\u0146u limon\u0101de \/ arb\u016bzu ko\u0161\u013c\u0101jam\u0101 gumija<br \/>\n9 zeme\u0146u ave\u0146u \u0137ir\u0161u \/ love 666<br \/>\n10 zeme\u0146u ban\u0101nu \/ anan\u0101su kokosriekstu ledus<br \/>\n11 zeme\u0146u arb\u016bzu ko\u0161\u013c\u0101jam\u0101 gumija \/ jauktu aug\u013cu<br \/>\n12 \u0137ir\u0161u kolas ledus \/ zeme\u0146u ave\u0146u konfektes<br \/>\n13 sk\u0101bo \u0101bolu ave\u0146u \/ zeme\u0146u big bang<br \/>\n14 persiku ogu \/ arb\u016bzu mango persiku<br \/>\n15 melle\u0146u ledus \/ meln\u0101 p\u016b\u0137a ledus<br \/>\n16 zeme\u0146u \u0137ir\u0161u \/ kivi pasifloras aug\u013cu gvajavas<\/p>\n<figure id=\"attachment_4660\" aria-describedby=\"caption-attachment-4660\" style=\"width: 225px\" class=\"wp-caption alignnone\"><img decoding=\"async\" class=\"size-medium wp-image-4660\" src=\"https:\/\/vapestornado.com\/wp-content\/uploads\/2025\/12\/WASPE-40k-Disposable-Vape-1-225x300.jpg\" alt=\"WASPE 40k Puff Vienreizlietojam\u0101 Vape\" width=\"225\" height=\"300\" srcset=\"https:\/\/vapestornado.com\/wp-content\/uploads\/2025\/12\/WASPE-40k-Disposable-Vape-1-225x300.jpg 225w, https:\/\/vapestornado.com\/wp-content\/uploads\/2025\/12\/WASPE-40k-Disposable-Vape-1-768x1024.jpg 768w, https:\/\/vapestornado.com\/wp-content\/uploads\/2025\/12\/WASPE-40k-Disposable-Vape-1-1152x1536.jpg 1152w, https:\/\/vapestornado.com\/wp-content\/uploads\/2025\/12\/WASPE-40k-Disposable-Vape-1-9x12.jpg 9w, https:\/\/vapestornado.com\/wp-content\/uploads\/2025\/12\/WASPE-40k-Disposable-Vape-1-600x800.jpg 600w, https:\/\/vapestornado.com\/wp-content\/uploads\/2025\/12\/WASPE-40k-Disposable-Vape-1.jpg 1280w\" sizes=\"(max-width: 225px) 100vw, 225px\" \/><figcaption id=\"caption-attachment-4660\" class=\"wp-caption-text\">WASPE 40k Puff Vienreizlietojam\u0101 Vape<\/figcaption><\/figure>\n<figure id=\"attachment_4661\" aria-describedby=\"caption-attachment-4661\" style=\"width: 300px\" class=\"wp-caption alignnone\"><img decoding=\"async\" class=\"size-medium wp-image-4661\" src=\"https:\/\/vapestornado.com\/wp-content\/uploads\/2025\/12\/WASPE-40000-Wholesale-300x300.jpg\" alt=\"WASPE 40000 Puffs Vairumtirdzniec\u012bbas Vape Latvij\u0101\" width=\"300\" height=\"300\" srcset=\"https:\/\/vapestornado.com\/wp-content\/uploads\/2025\/12\/WASPE-40000-Wholesale-300x300.jpg 300w, https:\/\/vapestornado.com\/wp-content\/uploads\/2025\/12\/WASPE-40000-Wholesale-1024x1024.jpg 1024w, https:\/\/vapestornado.com\/wp-content\/uploads\/2025\/12\/WASPE-40000-Wholesale-150x150.jpg 150w, https:\/\/vapestornado.com\/wp-content\/uploads\/2025\/12\/WASPE-40000-Wholesale-768x768.jpg 768w, https:\/\/vapestornado.com\/wp-content\/uploads\/2025\/12\/WASPE-40000-Wholesale-1536x1536.jpg 1536w, https:\/\/vapestornado.com\/wp-content\/uploads\/2025\/12\/WASPE-40000-Wholesale-2048x2048.jpg 2048w, https:\/\/vapestornado.com\/wp-content\/uploads\/2025\/12\/WASPE-40000-Wholesale-12x12.jpg 12w, https:\/\/vapestornado.com\/wp-content\/uploads\/2025\/12\/WASPE-40000-Wholesale-600x600.jpg 600w, https:\/\/vapestornado.com\/wp-content\/uploads\/2025\/12\/WASPE-40000-Wholesale-100x100.jpg 100w\" sizes=\"(max-width: 300px) 100vw, 300px\" \/><figcaption id=\"caption-attachment-4661\" class=\"wp-caption-text\">WASPE 40000 Puffs Vairumtirdzniec\u012bbas Vape Latvij\u0101<\/figcaption><\/figure>\n<h2>K\u0101p\u0113c izv\u0113l\u0113ties vapestornado priek\u0161 WASPE 40000 Puffs Vape Vairumtirdzniec\u012bbas?<\/h2>\n<div class=\"flex-shrink-0 flex flex-col relative items-end\">\n<div class=\"pt-0\">\n<div class=\"gizmo-bot-avatar flex h-8 w-8 items-center justify-center overflow-hidden rounded-full\">\n<div class=\"relative p-1 rounded-sm flex items-center justify-center bg-token-main-surface-primary text-token-text-primary h-8 w-8\">\n<p>Laipni l\u016bdzam vapestornado, j\u016bsu uzticamaj\u0101 tie\u0161saistes vape veikal\u0101, kur\u0101 var ieg\u0101d\u0101ties augst\u0101k\u0101s kvalit\u0101tes vienreiz\u0113j\u0101s lieto\u0161anas vape. Ar vair\u0101k nek\u0101 5 gadu pieredzi m\u0113s pied\u0101v\u0101jam jums popul\u0101rus vienreiz\u0113j\u0101s lieto\u0161anas vape z\u012bmolus, piem\u0113ram, Fumot RandM Vape, Vapme, Bang Vape, Waspe Vape un WGA Vape utt.<\/p>\n<p>M\u016bsu kl\u0101st\u0101 ir iek\u013cauti karstie izp\u0101rdo\u0161anas veipi, piem\u0113ram, <a href=\"https:\/\/vapestornado.com\/lv\/product\/fumot-randm-tornado-15000-puffs-rechargeable-disposable-vape-wholesale\/\">RandM Tornado 15000<\/a>, un gar\u0161as bag\u0101t\u012bg\u0101m izv\u0113l\u0113m, piem\u0113ram, WASPE Double Flavor 40000 Puffs. Katrs produkts ir izv\u0113l\u0113ts, koncentr\u0113joties uz kvalit\u0101ti, v\u0113rt\u012bbu un daudzveid\u012bbu, nodro\u0161inot, ka j\u016bs atrad\u012bsiet sav\u0101m vajadz\u012bb\u0101m ide\u0101li piem\u0113rotu. Atkl\u0101jiet izcilu servisu un pla\u0161u popul\u0101r\u0101ko produktu kl\u0101stu vapestornado.<\/p>\n<\/div>\n<h3><\/h3>\n<div class=\"relative p-1 rounded-sm flex items-center justify-center bg-token-main-surface-primary text-token-text-primary h-8 w-8\">\n<h2>Bie\u017e\u0101k uzdotie jaut\u0101jumi par WASPE 40k atk\u0101rtoti uzl\u0101d\u0113jamo vienreizlietojamo vape<\/h2>\n<\/div>\n<\/div>\n<\/div>\n<\/div>\n<div class=\"group\/conversation-turn relative flex w-full min-w-0 flex-col agent-turn\">\n<div class=\"flex-col gap-1 md:gap-3\">\n<div class=\"flex max-w-full flex-col flex-grow\">\n<div class=\"min-h-8 text-message flex w-full flex-col items-end gap-2 whitespace-normal break-words [.text-message+&amp;]:mt-5\" dir=\"auto\" data-message-author-role=\"assistant\" data-message-id=\"db716a1c-9ed0-4b8d-b3b0-7bdb913c3d42\" data-message-model-slug=\"gpt-4o\">\n<div class=\"flex w-full flex-col gap-1 empty:hidden first:pt-[3px]\">\n<div class=\"markdown prose w-full break-words dark:prose-invert light\">\n<ol data-start=\"4048\" data-end=\"5439\">\n<li data-start=\"4048\" data-end=\"4347\">\n<p data-start=\"4051\" data-end=\"4347\"><strong data-start=\"4051\" data-end=\"4153\">K\u0101 WASPE 40000 Dubultgar\u0161u Vienreizlietojam\u0101 Vape uztur gar\u0161u konsekventu vair\u0101k nek\u0101 40 000 p\u012bp\u0113s?<\/strong><br data-start=\"4153\" data-end=\"4156\" \/>T\u0101 izmanto <strong data-start=\"4164\" data-end=\"4188\">dubult\u0101s 0,9 \u03a9 sieta spoles<\/strong> kas vienm\u0113r\u012bgi izplat\u012bja siltumu caur \u0161\u0137idrumu. Tas samazina karst\u0101s vietas un pal\u012bdz izvair\u012bties no \u201cpl\u0101n\u0101s vai sadedzin\u0101t\u0101s\u201d gar\u0161as, ko daudzas augstas ietilp\u012bbas vienreizlietojam\u0101s ier\u012bces ieg\u016bst v\u0113l\u0101k.<\/p>\n<\/li>\n<li data-start=\"4349\" data-end=\"4610\">\n<p data-start=\"4352\" data-end=\"4610\"><strong data-start=\"4352\" data-end=\"4430\">Vai WASPE 40K dubultgar\u0161u p\u0101rsl\u0113g\u0161anas sist\u0113ma ir patie\u0161\u0101m noder\u012bga ikdien\u0101?<\/strong><br data-start=\"4430\" data-end=\"4433\" \/>J\u0101. Sp\u0113ja p\u0101rsl\u0113gt gar\u0161as vien\u0101 ier\u012bc\u0113 noz\u012bm\u0113, ka j\u016bs varat <strong data-start=\"4500\" data-end=\"4561\">main\u012bt gar\u0161u p\u0113c v\u0113l\u0113\u0161an\u0101s, nep\u0101rvad\u0101jot otru vape<\/strong>, kas saglab\u0101 pieredzi svaigu ilg\u0101k\u0101 laik\u0101.<\/p>\n<\/li>\n<li data-start=\"4612\" data-end=\"4889\">\n<p data-start=\"4615\" data-end=\"4889\"><strong data-start=\"4615\" data-end=\"4701\">Ar 850mAh akumulatoru, vai WASPE 40000 vape iztur\u0113s visu 36ml tvertni?<\/strong><br data-start=\"4701\" data-end=\"4704\" \/>T\u0101p\u0113c tas ir uzl\u0101d\u0113jams. Ja j\u016bs intens\u012bvi p\u012bp\u0113jat, jums var b\u016bt nepiecie\u0161ams uzl\u0101d\u0113t pirms \u0161\u0137idrums beidzas \u2014 <strong data-start=\"4812\" data-end=\"4848\">Type-C uzl\u0101de padara to \u0101tru<\/strong>, t\u0101p\u0113c j\u016bs joproj\u0101m varat izmantot pilnu jaudu.<\/p>\n<\/li>\n<li data-start=\"4891\" data-end=\"5143\">\n<p data-start=\"4894\" data-end=\"5143\"><strong data-start=\"4894\" data-end=\"5002\">Ko r\u0101da LED ekr\u0101ns uz WASPE 40000 Dubultgar\u0161u Vienreizlietojam\u0101s Vape, un k\u0101p\u0113c tas ir svar\u012bgi?<\/strong><br data-start=\"5002\" data-end=\"5005\" \/>Tas r\u0101da <strong data-start=\"5014\" data-end=\"5063\">akumulatora l\u012bmeni un e-\u0161\u0137idruma l\u012bmeni re\u0101llaik\u0101<\/strong>, t\u0101d\u0113\u013c j\u016bs varat pl\u0101not uzl\u0101di vai nomai\u0146u, nevis nok\u013c\u016bt situ\u0101cij\u0101, kad tas notiek vidus dien\u0101.<\/p>\n<\/li>\n<li data-start=\"5145\" data-end=\"5439\">\n<p data-start=\"5148\" data-end=\"5439\"><strong data-start=\"5148\" data-end=\"5245\">Vai WASPE 40000 high-puff vienreiz\u0113j\u0101 vape ir piem\u0113rota smagiem lietot\u0101jiem, kuri v\u0113las stipru tvaiku?<\/strong><br data-start=\"5245\" data-end=\"5248\" \/>Absol\u016bti. Spolei uzst\u0101d\u012bjums un zema pretest\u012bba atbalsta <strong data-start=\"5302\" data-end=\"5341\">bl\u012bvu tvaiku un stingru r\u012bkles sitienu<\/strong>, \u012bpa\u0161i ar 5% opciju. Smagi lietot\u0101ji ir tie, kuri visvair\u0101k g\u016bst labumu no ilgas kalpo\u0161anas laika.<\/p>\n<\/li>\n<\/ol>\n<\/div>\n<\/div>\n<\/div>\n<\/div>\n<\/div>\n<\/div>","protected":false},"excerpt":{"rendered":"<p data-start=\"1437\" data-end=\"1596\"><strong data-start=\"1441\" data-end=\"1476\">WASPE 40000 Dubult\u0101 Gar\u0161a Vape,<\/strong> augstas ietilp\u012bbas 36ml, divu gar\u0161u vienreizlietojams ar uzl\u0101d\u0113jamu Type-C jaudu un dubultu re\u017e\u0123a spir\u0101\u013cu, nodro\u0161ina l\u012bdz 40 000 gludus, pilnv\u0113rt\u012bgus d\u016bmus ar skaidru akumulatora \/ \u0161\u0137idruma uzraudz\u012bbu. Ilgsto\u0161a izv\u0113le <strong data-start=\"1558\" data-end=\"1593\">vairumtirdzniec\u012bbas vape pirc\u0113jiem Eirop\u0101<\/strong>.<\/p>\n<p><strong>Pievienojiet Eimijas whatsapp, lai sa\u0146emtu pareizu atbildi un iztvaic\u0113t\u0101ja kuponu!<\/strong><\/p>\n<p><img fetchpriority=\"high\" decoding=\"async\" class=\"size-full wp-image-2932\" src=\"https:\/\/vapestornado.com\/wp-content\/uploads\/2024\/12\/Vape-Wholesale.jpg\" alt=\"Veipu Vairumtirdzniec\u012bba\" width=\"229\" height=\"300\" \/><\/p>\n<h3><a href=\"https:\/\/wa.me\/8617776015835\"><span style=\"color: #ff0000;\"><strong>WhatsApp: +86 17776015835<\/strong><\/span><\/a><\/h3>\n<p>&nbsp;<\/p>","protected":false},"featured_media":2961,"comment_status":"open","ping_status":"closed","template":"","meta":{"_acf_changed":false,"_uag_custom_page_level_css":"","_lmt_disableupdate":"no","_lmt_disable":"","_monsterinsights_skip_tracking":false,"_monsterinsights_sitenote_active":false,"_monsterinsights_sitenote_note":"","_monsterinsights_sitenote_category":0,"site-sidebar-layout":"default","site-content-layout":"","ast-site-content-layout":"default","site-content-style":"default","site-sidebar-style":"default","ast-global-header-display":"","ast-banner-title-visibility":"","ast-main-header-display":"","ast-hfb-above-header-display":"","ast-hfb-below-header-display":"","ast-hfb-mobile-header-display":"","site-post-title":"","ast-breadcrumbs-content":"","ast-featured-img":"","footer-sml-layout":"","ast-disable-related-posts":"","theme-transparent-header-meta":"default","adv-header-id-meta":"","stick-header-meta":"","header-above-stick-meta":"","header-main-stick-meta":"","header-below-stick-meta":"","astra-migrate-meta-layouts":"set","ast-page-background-enabled":"default","ast-page-background-meta":{"desktop":{"background-color":"","background-image":"","background-repeat":"repeat","background-position":"center center","background-size":"auto","background-attachment":"scroll","background-type":"","background-media":"","overlay-type":"","overlay-color":"","overlay-opacity":"","overlay-gradient":""},"tablet":{"background-color":"","background-image":"","background-repeat":"repeat","background-position":"center center","background-size":"auto","background-attachment":"scroll","background-type":"","background-media":"","overlay-type":"","overlay-color":"","overlay-opacity":"","overlay-gradient":""},"mobile":{"background-color":"","background-image":"","background-repeat":"repeat","background-position":"center center","background-size":"auto","background-attachment":"scroll","background-type":"","background-media":"","overlay-type":"","overlay-color":"","overlay-opacity":"","overlay-gradient":""}},"ast-content-background-meta":{"desktop":{"background-color":"var(--ast-global-color-5)","background-image":"","background-repeat":"repeat","background-position":"center center","background-size":"auto","background-attachment":"scroll","background-type":"","background-media":"","overlay-type":"","overlay-color":"","overlay-opacity":"","overlay-gradient":""},"tablet":{"background-color":"var(--ast-global-color-5)","background-image":"","background-repeat":"repeat","background-position":"center center","background-size":"auto","background-attachment":"scroll","background-type":"","background-media":"","overlay-type":"","overlay-color":"","overlay-opacity":"","overlay-gradient":""},"mobile":{"background-color":"var(--ast-global-color-5)","background-image":"","background-repeat":"repeat","background-position":"center center","background-size":"auto","background-attachment":"scroll","background-type":"","background-media":"","overlay-type":"","overlay-color":"","overlay-opacity":"","overlay-gradient":""}},"_joinchat":{"telephone":"+8617776015835"}},"product_brand":[],"product_cat":[65,149,150,157,146,60],"product_tag":[91,89,90],"class_list":{"0":"post-2968","1":"product","2":"type-product","3":"status-publish","4":"has-post-thumbnail","6":"product_cat-40000-puff","7":"product_cat-buy-disposable-vapes-in-austria","8":"product_cat-buy-disposable-vapes-in-belgium","9":"product_cat-buy-disposable-vapes-in-portugal","10":"product_cat-rechargeable-disposable-vapes","11":"product_cat-waspe-fihp-vape","12":"product_tag-double-flavour","13":"product_tag-waspe-40000-puffs","14":"product_tag-waspe-40k","15":"desktop-align-left","16":"tablet-align-left","17":"mobile-align-left","19":"first","20":"instock","21":"sale","22":"shipping-taxable","23":"purchasable","24":"product-type-simple"},"acf":[],"uagb_featured_image_src":{"full":["https:\/\/vapestornado.com\/wp-content\/uploads\/2024\/12\/WASPE-40k-Puffs-Disposalbe-Vape-Bulk-Buy-Price.jpg",800,800,false],"thumbnail":["https:\/\/vapestornado.com\/wp-content\/uploads\/2024\/12\/WASPE-40k-Puffs-Disposalbe-Vape-Bulk-Buy-Price-150x150.jpg",150,150,true],"medium":["https:\/\/vapestornado.com\/wp-content\/uploads\/2024\/12\/WASPE-40k-Puffs-Disposalbe-Vape-Bulk-Buy-Price-300x300.jpg",300,300,true],"medium_large":["https:\/\/vapestornado.com\/wp-content\/uploads\/2024\/12\/WASPE-40k-Puffs-Disposalbe-Vape-Bulk-Buy-Price-768x768.jpg",768,768,true],"large":["https:\/\/vapestornado.com\/wp-content\/uploads\/2024\/12\/WASPE-40k-Puffs-Disposalbe-Vape-Bulk-Buy-Price.jpg",800,800,false],"1536x1536":["https:\/\/vapestornado.com\/wp-content\/uploads\/2024\/12\/WASPE-40k-Puffs-Disposalbe-Vape-Bulk-Buy-Price.jpg",800,800,false],"2048x2048":["https:\/\/vapestornado.com\/wp-content\/uploads\/2024\/12\/WASPE-40k-Puffs-Disposalbe-Vape-Bulk-Buy-Price.jpg",800,800,false],"trp-custom-language-flag":["https:\/\/vapestornado.com\/wp-content\/uploads\/2024\/12\/WASPE-40k-Puffs-Disposalbe-Vape-Bulk-Buy-Price.jpg",12,12,false],"woocommerce_thumbnail":["https:\/\/vapestornado.com\/wp-content\/uploads\/2024\/12\/WASPE-40k-Puffs-Disposalbe-Vape-Bulk-Buy-Price-300x300.jpg",300,300,true],"woocommerce_single":["https:\/\/vapestornado.com\/wp-content\/uploads\/2024\/12\/WASPE-40k-Puffs-Disposalbe-Vape-Bulk-Buy-Price-600x600.jpg",600,600,true],"woocommerce_gallery_thumbnail":["https:\/\/vapestornado.com\/wp-content\/uploads\/2024\/12\/WASPE-40k-Puffs-Disposalbe-Vape-Bulk-Buy-Price-100x100.jpg",100,100,true]},"uagb_author_info":{"display_name":"ESAMY","author_link":"https:\/\/vapestornado.com\/lv\/author\/"},"uagb_comment_info":0,"uagb_excerpt":"WASPE 40000 Double Flavour Vape, a high-capacity 36ml, dual-flavour disposable with rechargeable Type-C power and dual mesh coils, delivering up to 40,000 smooth, full-taste puffs with clear battery\/liquid tracking. A long-lasting option for wholesale vape buyers in Europe. Add Amy's whatsapp to get right reply and vape vape coupon! WhatsApp: +86 17776015835 &nbsp;","_links":{"self":[{"href":"https:\/\/vapestornado.com\/lv\/wp-json\/wp\/v2\/product\/2968","targetHints":{"allow":["GET"]}}],"collection":[{"href":"https:\/\/vapestornado.com\/lv\/wp-json\/wp\/v2\/product"}],"about":[{"href":"https:\/\/vapestornado.com\/lv\/wp-json\/wp\/v2\/types\/product"}],"replies":[{"embeddable":true,"href":"https:\/\/vapestornado.com\/lv\/wp-json\/wp\/v2\/comments?post=2968"}],"wp:featuredmedia":[{"embeddable":true,"href":"https:\/\/vapestornado.com\/lv\/wp-json\/wp\/v2\/media\/2961"}],"wp:attachment":[{"href":"https:\/\/vapestornado.com\/lv\/wp-json\/wp\/v2\/media?parent=2968"}],"wp:term":[{"taxonomy":"product_brand","embeddable":true,"href":"https:\/\/vapestornado.com\/lv\/wp-json\/wp\/v2\/product_brand?post=2968"},{"taxonomy":"product_cat","embeddable":true,"href":"https:\/\/vapestornado.com\/lv\/wp-json\/wp\/v2\/product_cat?post=2968"},{"taxonomy":"product_tag","embeddable":true,"href":"https:\/\/vapestornado.com\/lv\/wp-json\/wp\/v2\/product_tag?post=2968"}],"curies":[{"name":"wp","href":"https:\/\/api.w.org\/{rel}","templated":true}]}}