{"id":2958,"date":"2024-12-05T08:16:37","date_gmt":"2024-12-05T08:16:37","guid":{"rendered":"https:\/\/vapestornado.com\/?post_type=product&#038;p=2958"},"modified":"2025-08-23T10:27:04","modified_gmt":"2025-08-23T10:27:04","slug":"randm-vape-tornado-15k-puffs-disposable-vapes-wholesale-price-2-5-nicotine","status":"publish","type":"product","link":"https:\/\/vapestornado.com\/lv\/product\/randm-vape-tornado-15k-puffs-disposable-vapes-wholesale-price-2-5-nicotine\/","title":{"rendered":"Randm Vape Tornado 15k UZPU\u0160U Vienreiz\u0113j\u0101s lieto\u0161anas iztvaic\u0113t\u0101ji Vairumtirdzniec\u012bbas cena 2% 5% Nikot\u012bns"},"content":{"rendered":"<h1>Randm Vape Tornado 15k Puffs vienreiz\u0113j\u0101s lieto\u0161anas tvaiku vairumtirdzniec\u012bbas cena 2% 5% Nikot\u012bns<\/h1>\n<p>&nbsp;<\/p>\n<p data-start=\"206\" data-end=\"513\">T\u0101 <strong data-start=\"210\" data-end=\"247\">RandM Tornado 15K vienreiz\u0113j\u0101s lieto\u0161anas vape<\/strong> ir izstr\u0101d\u0101ts, lai nodro\u0161in\u0101tu mazumtirgot\u0101jiem un izplat\u012bt\u0101jiem uzticamu liela apjoma variantu vi\u0146u plauktiem. Katra vien\u012bba ir iepriek\u0161 piepild\u012bta ar <strong data-start=\"383\" data-end=\"403\">25 ml e-\u0161\u0137idruma<\/strong> un to darbina <strong data-start=\"425\" data-end=\"456\">850mAh uzl\u0101d\u0113jams akumulators<\/strong>, pied\u0101v\u0101jot l\u012bdz <strong data-start=\"473\" data-end=\"489\">15 000 izsm\u0113\u0137u<\/strong> bez p\u0101rtraukumiem.<\/p>\n<p data-start=\"515\" data-end=\"845\">Izstr\u0101d\u0101ts ar <strong data-start=\"533\" data-end=\"553\">re\u017e\u0123a spir\u0101les sist\u0113mu<\/strong>, ier\u012bce nodro\u0161ina stabilu tvaika ra\u017eo\u0161anu un pilnv\u0113rt\u012bgu gar\u0161u. Lietot\u0101ji var viegli uzraudz\u012bt veiktsp\u0113ju, izmantojot <strong data-start=\"672\" data-end=\"691\">dubultus indikatorus<\/strong> gan akumulatora, gan \u0161\u0137idruma l\u012bmenim. T\u0101 <strong data-start=\"732\" data-end=\"767\">vilk\u0161anas aktiviz\u0113\u0161anas meh\u0101nisms<\/strong> nodro\u0161ina vienk\u0101r\u0161u lieto\u0161anu bez pog\u0101m, padarot to piem\u0113rotu ikdienas klientiem.<\/p>\n<p data-start=\"847\" data-end=\"1119\">T\u0101 <strong data-start=\"851\" data-end=\"875\">C tipa \u0101tr\u0101 uzl\u0101de<\/strong> ports samazina d\u012bkst\u0101vi starp sesij\u0101m, un vieglais <strong data-start=\"936\" data-end=\"950\">103 g r\u0101mis<\/strong> atvieglo n\u0113s\u0101\u0161anu ce\u013c\u0101. Ar <strong data-start=\"990\" data-end=\"1022\">2% un 5% nikot\u012bna stiprumi<\/strong>, tad <strong data-start=\"1028\" data-end=\"1041\">RandM 15K<\/strong> piem\u0113rots gan viegl\u0101kiem lietot\u0101jiem, gan tiem, kas dod priek\u0161roku sp\u0113c\u012bg\u0101kam r\u012bkles sitienam.<\/p>\n<p data-start=\"1121\" data-end=\"1311\">Izstr\u0101d\u0101ts, \u0146emot v\u0113r\u0101 vairumtirdzniec\u012bbu, <strong data-start=\"1158\" data-end=\"1193\">RandM Tornado 15 000 uzp\u016btienu Vape<\/strong> l\u012bdzsvaro jaudu, lietojam\u012bbu un konkur\u0113tsp\u0113j\u012bgu vairumtirdzniec\u012bbas cenu, padarot to par gudru papildin\u0101jumu Eiropas iztvaic\u0113t\u0101ju kr\u0101jumiem.<\/p>\n<p><img fetchpriority=\"high\" decoding=\"async\" class=\"size-medium wp-image-2951\" src=\"https:\/\/vapestornado.com\/wp-content\/uploads\/2024\/12\/Wholesale-Disposable-Vape-265x300.jpg\" alt=\"Vienreiz\u0113j\u0101s lieto\u0161anas Vape vairumtirdzniec\u012bba\" width=\"265\" height=\"300\" srcset=\"https:\/\/vapestornado.com\/wp-content\/uploads\/2024\/12\/Wholesale-Disposable-Vape-265x300.jpg 265w, https:\/\/vapestornado.com\/wp-content\/uploads\/2024\/12\/Wholesale-Disposable-Vape-768x871.jpg 768w, https:\/\/vapestornado.com\/wp-content\/uploads\/2024\/12\/Wholesale-Disposable-Vape-600x680.jpg 600w, https:\/\/vapestornado.com\/wp-content\/uploads\/2024\/12\/Wholesale-Disposable-Vape.jpg 823w\" sizes=\"(max-width: 265px) 100vw, 265px\" \/><\/p>\n<h6>L\u016bdzu, sazinieties ar Mandiju WhatsApp, lai sa\u0146emtu atlaides cenu<a href=\"https:\/\/wa.me\/8618077105796\" target=\"_blank\" rel=\"noopener\">+8618077105796<\/a><\/h6>\n<p>&nbsp;<\/p>\n<h2><strong>RandM Tornado Vape 15000 Puffs \u2013 Produkta izc\u0113lumi<\/strong><\/h2>\n<ul>\n<li><strong>Ilgsto\u0161a lieto\u0161ana<\/strong>: Nodro\u0161ina iespaid\u012bgus 15 000 dvesmu, nodro\u0161inot ilgsto\u0161u veiktsp\u0113ju bie\u017eiem lietot\u0101jiem.<\/li>\n<li><strong>Viedie indikatori<\/strong>: Apr\u012bkots ar akumulatora un e-\u0161\u0137idruma l\u012bme\u0146a indikatoriem, nodro\u0161inot re\u0101llaika atjaunin\u0101jumus, lai izvair\u012btos no negaid\u012btiem p\u0101rtraukumiem.<\/li>\n<li><strong>Viegla darb\u012bba<\/strong>: Aktiviz\u0113jas ar vienk\u0101r\u0161u ieelpu, nov\u0113r\u0161ot nepiecie\u0161am\u012bbu p\u0113c pog\u0101m un pied\u0101v\u0101jot bezr\u016bp\u012bgu tvaic\u0113\u0161anas pieredzi.<\/li>\n<li><strong>\u0112rta uzl\u0101de<\/strong>: Darbojas ar 850 mAh atk\u0101rtoti uzl\u0101d\u0113jamu akumulatoru ar C tipa uzl\u0101des portu \u0101trai un efekt\u012bvai uzl\u0101dei.<\/li>\n<li><strong>Izcila spir\u0101les sist\u0113ma<\/strong>: Ietver modernu t\u012bkla spir\u0101les tehnolo\u0123iju konsekvent\u0101m, bag\u0101t\u012bg\u0101m gar\u0161\u0101m un bieziem tvaiku m\u0101ko\u0146iem.<\/li>\n<li><strong>Gatavs vairumtirdzniec\u012bbai<\/strong>: Vairum\u0101 draudz\u012bgs iepakojums ar 200 vien\u012bb\u0101m kast\u0113 ir piem\u0113rots vairumtirgot\u0101jiem un mazumtirdzniec\u012bbas izplat\u012bt\u0101jiem.<\/li>\n<li><strong>P\u0101rn\u0113s\u0101jams dizains<\/strong>: Sverot tikai 103 g, \u0161is vieglais dizains ir ide\u0101ls dz\u012bvesveidam ce\u013c\u0101.<\/li>\n<\/ul>\n<p>&nbsp;<\/p>\n<h2><strong>RandM Tornado 15000 Puff detaliz\u0113ti gar\u0161u apraksti<\/strong><\/h2>\n<p>1. Melle\u0146u ave\u0146u limon\u0101de<br \/>\n2. Persiku ledus<br \/>\n3. Sk\u0101bais \u0101bols<br \/>\n4. Arb\u016bzu ledus<br \/>\n5. Mellenes uz ledus<br \/>\n6. Melle\u0146u avenes<br \/>\n7.Anan\u0101su ledus<br \/>\n8.\u0136irsis<br \/>\n9. Zeme\u0146u ledus<br \/>\n10.Vimto<br \/>\n11.V\u012bnogu ledus<br \/>\n12.Kol\u0101 ledus<br \/>\n13. Zeme\u0146u arb\u016bzs<br \/>\n14.Roz\u0101 limon\u0101de<br \/>\n15.Jaukti ogu<br \/>\n16.Persiku mango<br \/>\n17.P\u016b\u0137a aug\u013ci<br \/>\n18.Zeme\u0146u v\u012bnogas<br \/>\n19. Mr. Blue<br \/>\n20. Sul\u012bgs ledus<br \/>\n21. Ledus pops<br \/>\n22. Zeme\u0146u kivi<br \/>\n23. Kivi pasifloras gvajava<br \/>\n24. Tr\u012bsk\u0101r\u0161as ogas<br \/>\n25. Ban\u0101nu ledus<br \/>\n26. Persiku melle\u0146u konfektes<br \/>\n27. \u0100bolu persiku bumbieris<br \/>\n28. Ogu limon\u0101de<br \/>\n29. Zilo ave\u0146u \u0137irsis<br \/>\n30. Melle\u0146u ko\u0161\u013c\u0101jam\u0101 gumija<br \/>\n31. Melle\u0146u \u0137ir\u0161u dz\u0113rvenes<br \/>\n32. Melle\u0146u gran\u0101t\u0101bols<br \/>\n33. Zilo ave\u0146u sk\u0101benes<br \/>\n34. \u0136ir\u0161u kola<br \/>\n35. L\u0101c\u012btis<br \/>\n36. Citrons<br \/>\n37. Mango uz ledus<br \/>\n38. Sarkanais ener\u0123ijas ledus<br \/>\n39. Zeme\u0146u ban\u0101ns<br \/>\n40. Zeme\u0146u Red Bull<br \/>\n41. Zeme\u0146u arb\u016bzu limon\u0101de<br \/>\n42. Ledus t\u0113jas citronu ledus<br \/>\n43. Ledus t\u0113jas persiku ledus<br \/>\n44. G\u0101z\u0113ts \u0137irsis<br \/>\n45. Skittles<\/p>\n<h3><strong>K\u0101p\u0113c izv\u0113l\u0113ties RandM Tornado 15000 dvesienu?<\/strong><\/h3>\n<ul>\n<li><strong>Nep\u0101rsp\u0113jams ilgm\u016b\u017e\u012bba<\/strong><br \/>\nIzbaudiet l\u012bdz pat 15 000 dvesienu vien\u0101 ier\u012bc\u0113, nodro\u0161inot ilgsto\u0161u lieto\u0161anu bez bie\u017eas nomai\u0146as \u2014 t\u0101 ir lieliska izv\u0113le past\u0101v\u012bgiem veipot\u0101jiem.<\/li>\n<li><strong>Uzlabota tehnolo\u0123ija<\/strong><br \/>\nIzmantojot sieta spoles tehnolo\u0123iju, RandM Tornado nodro\u0161ina izcilu gar\u0161u un bl\u012bvus tvaiku m\u0101ko\u0146us, uzlabojot j\u016bsu veipo\u0161anas pieredzi.<\/li>\n<li><strong>\u0112rt\u012bbas no jauna defin\u0113tas<\/strong><br \/>\nPateicoties autom\u0101tiskajai aktiviz\u0113\u0161anas sist\u0113mai, veipo\u0161ana ir tikpat vienk\u0101r\u0161a k\u0101 ieelpo\u0161ana \u2014 nav pogu, nav probl\u0113mu, tikai viegla baud\u012b\u0161ana.<\/li>\n<li><strong>Uzl\u0101d\u0113jams akumulators<\/strong><br \/>\n850 mAh uzl\u0101d\u0113jamais akumulators, kas savienots ar C tipa uzl\u0101des portu, nodro\u0161ina \u0101tru uzl\u0101di, t\u0101d\u0113j\u0101di j\u016bs vienm\u0113r esat gatavs veipot.<\/li>\n<li><strong>Re\u0101llaika uzraudz\u012bba<\/strong><br \/>\nApr\u012bkots ar akumulatora un e-\u0161\u0137idruma indikatoriem, j\u016bs varat sekot l\u012bdzi ier\u012bces statusam, t\u0101d\u0113j\u0101di izvairoties no negaid\u012btiem p\u0101rtraukumiem.<\/li>\n<\/ul>\n<h3><strong>RandM Tornado 15000 dvesienu ieg\u0101de vairum\u0101<\/strong><\/h3>\n<p><strong>Pieejama izcil\u012bba<\/strong><br \/>\nRandM Tornado 15000 dvesienu ieg\u0101de vairum\u0101 ir rentabls veids, k\u0101 baud\u012bt augst\u0101k\u0101s kvalit\u0101tes veipo\u0161anu par zem\u0101ku vien\u012bbas cenu. \u0160is variants ir ide\u0101li piem\u0113rots mazumtirgot\u0101jiem un individu\u0101liem pirc\u0113jiem, kuri mekl\u0113 maksim\u0101lu v\u0113rt\u012bbu, nezaud\u0113jot kvalit\u0101ti.<\/p>\n<p><strong>Past\u0101v\u012bga pieejam\u012bba<\/strong><br \/>\nAr lielapjoma pirkumiem j\u016bs nekad nepaliksit bez savas iecien\u012bt\u0101k\u0101s vienreiz\u0113j\u0101s lieto\u0161anas e-cigaretes. Neatkar\u012bgi no t\u0101, vai esat mazumtirgot\u0101js vai kaisl\u012bgs veipot\u0101js, past\u0101v\u012bgs \u0161o ilgm\u016b\u017e\u012bgo ier\u012b\u010du pied\u0101v\u0101jums garant\u0113 nep\u0101rtrauktu gandar\u012bjumu.<\/p>\n<p><strong>Lieliski piem\u0113rots uz\u0146\u0113mumiem<\/strong><br \/>\nMazumtirgot\u0101ji un veikalu \u012bpa\u0161nieki var g\u016bt lielu labumu, pied\u0101v\u0101jot RandM Tornado 15000. T\u0101 reput\u0101cija, kas saist\u012bta ar augstu veiktsp\u0113ju, uzl\u0101d\u0113jamu funkcionalit\u0101ti un iespaid\u012bgu dvesienu skaitu, padara to par visvair\u0101k p\u0101rdoto produktu, kas piesaista pla\u0161u klientu loku.<\/p>\n<p><strong>Piel\u0101gojama gar\u0161u izv\u0113le<\/strong><br \/>\nAr pla\u0161u gar\u0161u kl\u0101stu, s\u0101kot no sald\u0101m un aug\u013cu l\u012bdz klasisk\u0101m un mentola gar\u0161\u0101m, lielapjoma pas\u016bt\u012bjumus var piel\u0101got, lai iek\u013cautu da\u017e\u0101das opcijas, kas atbilst da\u017e\u0101d\u0101m v\u0113lm\u0113m. \u0160\u012b elast\u012bba nodro\u0161ina, ka katrs klients atrad\u012bs savu ide\u0101lo veipo\u0161anas pieredzi.<\/p>\n<h3><\/h3>\n<h3><strong>K\u0101p\u0113c izv\u0113l\u0113ties vairumtirdzniec\u012bbas pirkumus vapestornado Randm Vape 15k dvesienu?<\/strong><\/h3>\n<ul>\n<li><strong>Vairumtirdzniec\u012bbas priek\u0161roc\u012bbas<\/strong>: Lieli pas\u016bt\u012bjumi tiek pieg\u0101d\u0101ti ar atlaid\u0113m, padarot to par gudru izv\u0113li uz\u0146\u0113mumiem.<\/li>\n<li><strong>Videi draudz\u012bgs dizains<\/strong>: Uzl\u0101d\u0113jama tehnolo\u0123ija samazina atkritumu daudzumu, sal\u012bdzinot ar vienreiz lietojam\u0101m ier\u012bc\u0113m.<\/li>\n<li><strong>Uzlabotas pe\u013c\u0146as normas<\/strong>: Mazumtirgot\u0101ji var g\u016bt labumu no \u0161\u012b piepras\u012bt\u0101 produkta popularit\u0101tes.<\/li>\n<\/ul>\n<h3><strong>Atkl\u0101jiet RandM Vape pasauli<\/strong><\/h3>\n<p>Ienirstiet pla\u0161\u0101 aizraujo\u0161u gar\u0161u izv\u0113l\u0113, piem\u0113ram, <strong>Melle\u0146u Ledus<\/strong>, <strong>Mango Persiks<\/strong>, <strong>V\u0113ss Piparm\u0113tra<\/strong>, un daudz\u0101s cit\u0101s. Katra gar\u0161a ir rad\u012bta, lai sniegtu unik\u0101lu un nemain\u012bgu gar\u0161u, nodro\u0161inot, ka katrs dvesma ir tikpat pat\u012bkama k\u0101 pirm\u0101. Atkl\u0101jiet maksim\u0101lu tvaic\u0113\u0161anas apmierin\u0101jumu ar RandM Tornado 15000 Puffs. Lielapjoma iesp\u0113jas tagad ir pieejamas vietn\u0113 <a href=\"https:\/\/vapestornado.com\/lv\/\"><strong>vapestornado<\/strong><\/a>, j\u016bsu uzticamaj\u0101 avot\u0101 augst\u0101k\u0101s kvalit\u0101tes vienreiz lietojam\u0101m tvaic\u0113\u0161anas ier\u012bc\u0113m. Iep\u0113rcieties jau \u0161odien un paceliet savu tvaic\u0113\u0161anas ce\u013cojumu n\u0101kamaj\u0101 l\u012bmen\u012b!<\/p>","protected":false},"excerpt":{"rendered":"<p>T\u0101 <strong data-start=\"1355\" data-end=\"1381\">RandM Tornado 15K Vape<\/strong> pied\u0101v\u0101 25 ml ietilp\u012bbu, 15 000 uzp\u016btienu un dubultus indikatorus. Viegls, uzl\u0101d\u0113jams variants, kas piel\u0101gots <strong data-start=\"1487\" data-end=\"1523\">vairumtirdzniec\u012bbas vape tirgiem Eirop\u0101<\/strong>.<\/p>\n<figure id=\"attachment_2951\" aria-describedby=\"caption-attachment-2951\" style=\"width: 265px\" class=\"wp-caption alignnone\"><img fetchpriority=\"high\" decoding=\"async\" class=\"size-medium wp-image-2951\" src=\"https:\/\/vapestornado.com\/wp-content\/uploads\/2024\/12\/Wholesale-Disposable-Vape-265x300.jpg\" alt=\"Vienreiz\u0113j\u0101s lieto\u0161anas Vape vairumtirdzniec\u012bba\" width=\"265\" height=\"300\" srcset=\"https:\/\/vapestornado.com\/wp-content\/uploads\/2024\/12\/Wholesale-Disposable-Vape-265x300.jpg 265w, https:\/\/vapestornado.com\/wp-content\/uploads\/2024\/12\/Wholesale-Disposable-Vape-768x871.jpg 768w, https:\/\/vapestornado.com\/wp-content\/uploads\/2024\/12\/Wholesale-Disposable-Vape-600x680.jpg 600w, https:\/\/vapestornado.com\/wp-content\/uploads\/2024\/12\/Wholesale-Disposable-Vape.jpg 823w\" sizes=\"(max-width: 265px) 100vw, 265px\" \/><figcaption id=\"caption-attachment-2951\" class=\"wp-caption-text\">L\u016bdzu, sazinieties ar Mandiju WhatsApp, lai sa\u0146emtu atlaides cenu<a href=\"https:\/\/wa.me\/8618077105796\">+8618077105796<\/a><\/figcaption><\/figure>\n<p>&nbsp;<\/p>","protected":false},"featured_media":2933,"comment_status":"open","ping_status":"closed","template":"","meta":{"_acf_changed":false,"_uag_custom_page_level_css":"","_lmt_disableupdate":"no","_lmt_disable":"","_monsterinsights_skip_tracking":false,"_monsterinsights_sitenote_active":false,"_monsterinsights_sitenote_note":"","_monsterinsights_sitenote_category":0,"site-sidebar-layout":"default","site-content-layout":"","ast-site-content-layout":"default","site-content-style":"default","site-sidebar-style":"default","ast-global-header-display":"","ast-banner-title-visibility":"","ast-main-header-display":"","ast-hfb-above-header-display":"","ast-hfb-below-header-display":"","ast-hfb-mobile-header-display":"","site-post-title":"","ast-breadcrumbs-content":"","ast-featured-img":"","footer-sml-layout":"","ast-disable-related-posts":"","theme-transparent-header-meta":"default","adv-header-id-meta":"","stick-header-meta":"","header-above-stick-meta":"","header-main-stick-meta":"","header-below-stick-meta":"","astra-migrate-meta-layouts":"set","ast-page-background-enabled":"default","ast-page-background-meta":{"desktop":{"background-color":"","background-image":"","background-repeat":"repeat","background-position":"center center","background-size":"auto","background-attachment":"scroll","background-type":"","background-media":"","overlay-type":"","overlay-color":"","overlay-opacity":"","overlay-gradient":""},"tablet":{"background-color":"","background-image":"","background-repeat":"repeat","background-position":"center center","background-size":"auto","background-attachment":"scroll","background-type":"","background-media":"","overlay-type":"","overlay-color":"","overlay-opacity":"","overlay-gradient":""},"mobile":{"background-color":"","background-image":"","background-repeat":"repeat","background-position":"center center","background-size":"auto","background-attachment":"scroll","background-type":"","background-media":"","overlay-type":"","overlay-color":"","overlay-opacity":"","overlay-gradient":""}},"ast-content-background-meta":{"desktop":{"background-color":"var(--ast-global-color-5)","background-image":"","background-repeat":"repeat","background-position":"center center","background-size":"auto","background-attachment":"scroll","background-type":"","background-media":"","overlay-type":"","overlay-color":"","overlay-opacity":"","overlay-gradient":""},"tablet":{"background-color":"var(--ast-global-color-5)","background-image":"","background-repeat":"repeat","background-position":"center center","background-size":"auto","background-attachment":"scroll","background-type":"","background-media":"","overlay-type":"","overlay-color":"","overlay-opacity":"","overlay-gradient":""},"mobile":{"background-color":"var(--ast-global-color-5)","background-image":"","background-repeat":"repeat","background-position":"center center","background-size":"auto","background-attachment":"scroll","background-type":"","background-media":"","overlay-type":"","overlay-color":"","overlay-opacity":"","overlay-gradient":""}},"_joinchat":{"telephone":"+8618077105796"}},"product_brand":[],"product_cat":[71,154,157,58,148],"product_tag":[97,80],"class_list":{"0":"post-2958","1":"product","2":"type-product","3":"status-publish","4":"has-post-thumbnail","6":"product_cat-15000-puff","7":"product_cat-buy-disposable-vapes-in-netherlands","8":"product_cat-buy-disposable-vapes-in-portugal","9":"product_cat-fumot-vape","10":"product_cat-tornado-disposable-vapes","11":"product_tag-hot-sale-disposable-vape","12":"product_tag-randm-15k","13":"desktop-align-left","14":"tablet-align-left","15":"mobile-align-left","17":"first","18":"instock","19":"sale","20":"shipping-taxable","21":"purchasable","22":"product-type-simple"},"acf":[],"uagb_featured_image_src":{"full":["https:\/\/vapestornado.com\/wp-content\/uploads\/2024\/12\/Discount-Price-Randm-Vape-Tornado-15000-Puffs-Apple-Peach-Pear.jpg",800,800,false],"thumbnail":["https:\/\/vapestornado.com\/wp-content\/uploads\/2024\/12\/Discount-Price-Randm-Vape-Tornado-15000-Puffs-Apple-Peach-Pear-150x150.jpg",150,150,true],"medium":["https:\/\/vapestornado.com\/wp-content\/uploads\/2024\/12\/Discount-Price-Randm-Vape-Tornado-15000-Puffs-Apple-Peach-Pear-300x300.jpg",300,300,true],"medium_large":["https:\/\/vapestornado.com\/wp-content\/uploads\/2024\/12\/Discount-Price-Randm-Vape-Tornado-15000-Puffs-Apple-Peach-Pear-768x768.jpg",768,768,true],"large":["https:\/\/vapestornado.com\/wp-content\/uploads\/2024\/12\/Discount-Price-Randm-Vape-Tornado-15000-Puffs-Apple-Peach-Pear.jpg",800,800,false],"1536x1536":["https:\/\/vapestornado.com\/wp-content\/uploads\/2024\/12\/Discount-Price-Randm-Vape-Tornado-15000-Puffs-Apple-Peach-Pear.jpg",800,800,false],"2048x2048":["https:\/\/vapestornado.com\/wp-content\/uploads\/2024\/12\/Discount-Price-Randm-Vape-Tornado-15000-Puffs-Apple-Peach-Pear.jpg",800,800,false],"trp-custom-language-flag":["https:\/\/vapestornado.com\/wp-content\/uploads\/2024\/12\/Discount-Price-Randm-Vape-Tornado-15000-Puffs-Apple-Peach-Pear.jpg",12,12,false],"woocommerce_thumbnail":["https:\/\/vapestornado.com\/wp-content\/uploads\/2024\/12\/Discount-Price-Randm-Vape-Tornado-15000-Puffs-Apple-Peach-Pear-300x300.jpg",300,300,true],"woocommerce_single":["https:\/\/vapestornado.com\/wp-content\/uploads\/2024\/12\/Discount-Price-Randm-Vape-Tornado-15000-Puffs-Apple-Peach-Pear-600x600.jpg",600,600,true],"woocommerce_gallery_thumbnail":["https:\/\/vapestornado.com\/wp-content\/uploads\/2024\/12\/Discount-Price-Randm-Vape-Tornado-15000-Puffs-Apple-Peach-Pear-100x100.jpg",100,100,true]},"uagb_author_info":{"display_name":"ESMANDY","author_link":"https:\/\/vapestornado.com\/lv\/author\/"},"uagb_comment_info":0,"uagb_excerpt":"The RandM Tornado 15K Vape offers 25ml capacity, 15,000 puffs, and dual indicators. A lightweight, rechargeable option tailored for wholesale vape markets in Europe. [caption id=\"attachment_2951\" align=\"alignnone\" width=\"265\"] Pls Contact Mandy's WhatsApp For Discount Price+8618077105796[\/caption] &nbsp;","_links":{"self":[{"href":"https:\/\/vapestornado.com\/lv\/wp-json\/wp\/v2\/product\/2958","targetHints":{"allow":["GET"]}}],"collection":[{"href":"https:\/\/vapestornado.com\/lv\/wp-json\/wp\/v2\/product"}],"about":[{"href":"https:\/\/vapestornado.com\/lv\/wp-json\/wp\/v2\/types\/product"}],"replies":[{"embeddable":true,"href":"https:\/\/vapestornado.com\/lv\/wp-json\/wp\/v2\/comments?post=2958"}],"wp:featuredmedia":[{"embeddable":true,"href":"https:\/\/vapestornado.com\/lv\/wp-json\/wp\/v2\/media\/2933"}],"wp:attachment":[{"href":"https:\/\/vapestornado.com\/lv\/wp-json\/wp\/v2\/media?parent=2958"}],"wp:term":[{"taxonomy":"product_brand","embeddable":true,"href":"https:\/\/vapestornado.com\/lv\/wp-json\/wp\/v2\/product_brand?post=2958"},{"taxonomy":"product_cat","embeddable":true,"href":"https:\/\/vapestornado.com\/lv\/wp-json\/wp\/v2\/product_cat?post=2958"},{"taxonomy":"product_tag","embeddable":true,"href":"https:\/\/vapestornado.com\/lv\/wp-json\/wp\/v2\/product_tag?post=2958"}],"curies":[{"name":"wp","href":"https:\/\/api.w.org\/{rel}","templated":true}]}}