{"id":2926,"date":"2024-12-03T08:03:07","date_gmt":"2024-12-03T08:03:07","guid":{"rendered":"https:\/\/vapestornado.com\/?post_type=product&#038;p=2926"},"modified":"2025-08-23T10:05:34","modified_gmt":"2025-08-23T10:05:34","slug":"fumot-digital-box-12000-puffs-cheap-price-disposable-vape","status":"publish","type":"product","link":"https:\/\/vapestornado.com\/lv\/product\/fumot-digital-box-12000-puffs-cheap-price-disposable-vape\/","title":{"rendered":"Fumot Digital Box 12000 Puffs l\u0113ta cena vienreiz\u0113j\u0101s lieto\u0161anas vape"},"content":{"rendered":"<h1>Fumot Digital Box 12000 Puffs l\u0113ta cena vienreiz\u0113j\u0101s lieto\u0161anas vape<\/h1>\n<p>&nbsp;<\/p>\n<p data-start=\"298\" data-end=\"609\">T\u0101 <strong data-start=\"302\" data-end=\"351\">Fumot Digital Box 12000 uzp\u016btienu vienreiz\u0113j\u0101s lieto\u0161anas veips<\/strong> pied\u0101v\u0101 ilgsto\u0161u darb\u012bbu un sp\u0113c\u012bgu vairumtirdzniec\u012bbas pievilc\u012bbu. Ar <strong data-start=\"420\" data-end=\"453\">20 ml iepriek\u0161 uzpild\u012btu e-\u0161\u0137idruma tvertni<\/strong> un l\u012bdz <strong data-start=\"464\" data-end=\"491\">12 000 uzp\u016btieni uz ier\u012bci<\/strong>, tas nodro\u0161ina ilgsto\u0161u lieto\u0161anu un nemain\u012bgu gar\u0161u, padarot to par pievilc\u012bgu izv\u0113li gan mazumtirgot\u0101jiem, gan vairumtirgot\u0101jiem.<\/p>\n<p data-start=\"611\" data-end=\"868\">Darbojas ar <strong data-start=\"624\" data-end=\"655\">550 mAh uzl\u0101d\u0113jams akumulators<\/strong> ar <strong data-start=\"661\" data-end=\"685\">C tipa \u0101tr\u0101 uzl\u0101de<\/strong>, \u0161is tvaic\u0113t\u0101js samazina d\u012bkst\u0101vi, vienlaikus nodro\u0161inot uzticamu darb\u012bbu. T\u0101 <strong data-start=\"759\" data-end=\"789\">regul\u0113jamu gaisa pl\u016bsmas kontroli<\/strong> \u013cauj klientiem piel\u0101got tvaika izdal\u012b\u0161anos, piesaistot pla\u0161u lietot\u0101ju loku.<\/p>\n<p data-start=\"870\" data-end=\"1111\">Unik\u0101la iez\u012bme <strong data-start=\"894\" data-end=\"919\">Fumot 12K Digit\u0101l\u0101 Kaste<\/strong> ir <strong data-start=\"927\" data-end=\"943\">6 RGB gaismas<\/strong>, kas aktiviz\u0113jas lieto\u0161anas laik\u0101, lai pievienotu vizu\u0101lu pievilc\u012bbu \u2014 popul\u0101rs jaun\u0101ko Eiropas pat\u0113r\u0113t\u0101ju vid\u016b. Kompakts, iztur\u012bgs un viegli p\u0101rn\u0113s\u0101jams, tas ir piem\u0113rots gan ikdienas, gan soci\u0101lai lieto\u0161anai.<\/p>\n<p data-start=\"1113\" data-end=\"1315\">Ar savu augsto uzp\u016btienu ietilp\u012bbu, piel\u0101gojam\u0101m funkcij\u0101m un <strong data-start=\"1180\" data-end=\"1213\">konkur\u0113tsp\u0113j\u012bgas vairumtirdzniec\u012bbas cenas<\/strong>, tad <strong data-start=\"1219\" data-end=\"1246\">Fumot Digit\u0101l\u0101 Kaste 12000<\/strong> ir gudrs papildin\u0101jums tvaiku veikaliem un izplat\u012bt\u0101jiem vis\u0101 Eirop\u0101.<\/p>\n<p><img fetchpriority=\"high\" decoding=\"async\" class=\"size-medium wp-image-2951\" src=\"https:\/\/vapestornado.com\/wp-content\/uploads\/2024\/12\/Wholesale-Disposable-Vape-265x300.jpg\" alt=\"Vienreiz\u0113j\u0101s lieto\u0161anas Vape vairumtirdzniec\u012bba\" width=\"265\" height=\"300\" srcset=\"https:\/\/vapestornado.com\/wp-content\/uploads\/2024\/12\/Wholesale-Disposable-Vape-265x300.jpg 265w, https:\/\/vapestornado.com\/wp-content\/uploads\/2024\/12\/Wholesale-Disposable-Vape-768x871.jpg 768w, https:\/\/vapestornado.com\/wp-content\/uploads\/2024\/12\/Wholesale-Disposable-Vape-600x680.jpg 600w, https:\/\/vapestornado.com\/wp-content\/uploads\/2024\/12\/Wholesale-Disposable-Vape.jpg 823w\" sizes=\"(max-width: 265px) 100vw, 265px\" \/><\/p>\n<h6>L\u016bdzu, sazinieties ar Mandiju WhatsApp, lai sa\u0146emtu atlaides cenu<a href=\"https:\/\/wa.me\/8618077105796\" target=\"_blank\" rel=\"noopener\">+8618077105796<\/a><\/h6>\n<p>&nbsp;<\/p>\n<h3>Produkta \u012bpa\u0161\u012bbas<\/h3>\n<ul>\n<li><strong>20 ml e-\u0161\u0137idrumu<\/strong>: Nodro\u0161ina izcilu gar\u0161u un l\u012bdz pat 12 000 uzp\u016btienu.<\/li>\n<li><strong>550 mAh uzl\u0101d\u0113jams akumulators<\/strong>: Nodro\u0161ina ilgsto\u0161u jaudu ar \u0101tru C tipa uzl\u0101di.<\/li>\n<li><strong>6 RGB gaismas<\/strong>: Uzlabo j\u016bsu tvaic\u0113\u0161anas pieredzi ar v\u0113su un stil\u012bgu sp\u012bdumu.<\/li>\n<li><strong>Gaisa pl\u016bsmas kontroles sl\u0113dzis<\/strong>: Viegli piel\u0101gojiet tvaika intensit\u0101ti atbilsto\u0161i sav\u0101m v\u0113lm\u0113m.<\/li>\n<li><strong>Kompakts un iztur\u012bgs<\/strong>: Lieliski piem\u0113rots lieto\u0161anai, atrodoties ce\u013c\u0101, ar gludu, augst\u0101k\u0101s klases dizainu.<\/li>\n<\/ul>\n<h4><strong>Fumot 12000 gar\u0161as<\/strong><\/h4>\n<p>1 V\u0113ss piparm\u0113tra<br \/>\n2 Arb\u016bzu ledus<br \/>\n3 V\u012bnogu ledus<br \/>\n4 Melle\u0146u ave\u0146u<br \/>\n5 Zeme\u0146u arb\u016bzu<br \/>\n6 Zeme\u0146u ban\u0101nu<br \/>\n7 Sul\u012bgs ledus<br \/>\n8 \u0136ir\u0161u<br \/>\n9 Zeme\u0146u ledus<br \/>\n10 Ledus pops<br \/>\n11 Roz\u0101 limon\u0101de<br \/>\n12 Mango ar ledu<br \/>\n13 Jauktas ogas<br \/>\n14 Zeme\u0146u virtulis<br \/>\n15 Zeme\u0146u v\u012bnogas<br \/>\n16 \u0136ir\u0161u kola<br \/>\n17 Dr zils<br \/>\n18 Melle\u0146u ar ledu<br \/>\n19 Kivi pasifloru gvajava<br \/>\n20 Zeme\u0146u kivi<br \/>\n21 Persiku mango<br \/>\n22 Persiku ledus<br \/>\n23 Sarkano \u0101bolu ledus<br \/>\n24 Melle\u0146u ko\u0161\u013c\u0101jam\u0101 gumija<br \/>\n25 Ogu limon\u0101de<br \/>\n26 Zilo ave\u0146u limon\u0101de<br \/>\n27 Zili sk\u0101b\u0101s avenes<br \/>\n28 Zeme\u0146u sarkanais bullis<br \/>\n29 \u0100bolu ogu spr\u0101dziens<br \/>\n30 Arb\u016bzu ko\u0161\u013c\u0101jam\u0101 gumija<br \/>\n31 Ave\u0146u arb\u016bzs<br \/>\n32 Melnais ledus<br \/>\n33 Melle\u0146u \u0137ir\u0161u dz\u0113rve\u0146u<br \/>\n34 Zeme\u0146u pomps (gran\u0101t\u0101bolu)<br \/>\n35 Vimto<br \/>\n36 \u0136ir\u0161u ogu<br \/>\n37 Citronu<br \/>\n38 Bingo Crush<br \/>\n39 Melle\u0146u kivi<br \/>\n40 \u0100bolu kan\u0113lis<\/p>\n<p>&nbsp;<\/p>\n<h3>Bie\u017ei uzdotie jaut\u0101jumi par Fumot Digital Box 12000 Puffs vienreizlietojamo vape<\/h3>\n<p><strong>J: Vai Fumot vapes ir augstas kvalit\u0101tes?<\/strong><br \/>\n<strong>A:<\/strong> J\u0101, Fumot vapes ir paz\u012bstamas ar savu augst\u0101k\u0101s kvalit\u0101tes un izcilu veiktsp\u0113ju. T\u0101s ir apr\u012bkotas ar modern\u0101m tehnolo\u0123ij\u0101m, lai nodro\u0161in\u0101tu nemain\u012bgu gar\u0161u, pat\u012bkamu veipo\u0161anas pieredzi un iespaid\u012bgu dvesmu skaitu, padarot t\u0101s par uzticamu izv\u0113li veipo\u0161anas entuziastiem.<\/p>\n<p><strong>J: Cik ilgi kalpo randm vape ar 12 000 dvesm\u0101m?<\/strong><br \/>\n<strong>A:<\/strong> Ilgums ir atkar\u012bgs no individu\u0101lajiem lieto\u0161anas paradumiem. Akt\u012bviem lietot\u0101jiem tas var kalpot vair\u0101kas ned\u0113\u013cas, savuk\u0101rt m\u0113reniem lietot\u0101jiem tas var b\u016bt pietiekams vienu l\u012bdz divus m\u0113ne\u0161us. Maz\u0101k akt\u012bvi lietot\u0101ji var\u0113s izbaud\u012bt ier\u012bci l\u012bdz pat trim m\u0113ne\u0161iem, padarot to ide\u0101li piem\u0113rotu tiem, kas dod priek\u0161roku ilgsto\u0161am veipam bez bie\u017eas nomai\u0146as.<\/p>\n<p><strong>J: K\u0101da ir 12 000 dvesmu Fumot vape cena?<\/strong><br \/>\n<strong>A:<\/strong> 12 000 dvesmu vape cena at\u0161\u0137iras atkar\u012bb\u0101 no z\u012bmola, funkcij\u0101m un p\u0101rdev\u0113ja. Parasti cena Latvij\u0101 sv\u0101rst\u0101s no 15 \u20ac l\u012bdz 30 \u20ac. Izmaksas var ietekm\u0113t ar\u012b sezonas atlaides, pieejam\u012bba un mode\u013cu vari\u0101cijas.<\/p>\n<p><strong>J: Cik nikot\u012bna ir 12 000 dvesmu vape?<\/strong><br \/>\n<strong>A:<\/strong> Fumot Digital Box pied\u0101v\u0101 vair\u0101kas nikot\u012bna stipruma opcijas, tostarp 0%, 2%, 3% un 5%. \u0160\u012b daudzveid\u012bba \u013cauj lietot\u0101jiem izv\u0113l\u0113ties l\u012bmeni, kas atbilst vi\u0146u v\u0113lm\u0113m un veipo\u0161anas paradumiem.<\/p>\n<p><strong>J: Cik ilgs laiks nepiecie\u0161ams, lai uzl\u0101d\u0113tu Fumot vape?<\/strong><br \/>\n<strong>A:<\/strong> Fumot vape uzl\u0101des laiks ir aptuveni 1 l\u012bdz 2 stundas, atkar\u012bb\u0101 no ier\u012bces akumulatora ietilp\u012bbas un l\u0101d\u0113t\u0101ja veida. \u0100tr\u0101s uzl\u0101des funkcija nodro\u0161ina minim\u0101lu d\u012bkst\u0101vi, lai lietot\u0101ji var\u0113tu \u0101tri ats\u0101kt veipo\u0161anu.<\/p>\n<p>&nbsp;<\/p>\n<h3>Iemesli, k\u0101d\u0113\u013c izv\u0113l\u0113ties vairumtirdzniec\u012bbas cenu <a href=\"https:\/\/vapestornado.com\/lv\/product\/fumot-digital-box-12000-puffs-cheap-price-disposable-vape\/\">Fumot Digital Box 12000 dvesmas<\/a> Vienreiz\u0113j\u0101s lieto\u0161anas vape vietn\u0113 <a href=\"https:\/\/vapestornado.com\/lv\/store\/\">vapestornado<\/a><\/h3>\n<ol>\n<li><strong>Liels dvesmu skaits ilgm\u016b\u017e\u012bbai<\/strong><br \/>\nAr iespaid\u012bgo ietilp\u012bbu 12 000 dvesmu, \u0161\u012b ier\u012bce nodro\u0161ina ilgsto\u0161u lieto\u0161anu, kas ir lieliski piem\u0113rota tiem, kas mekl\u0113 ilgsto\u0161u veipu bez bie\u017eas nomai\u0146as.<\/li>\n<li><strong>Piel\u0101gojamas nikot\u012bna opcijas<\/strong><br \/>\nPieejams ar 0%, 2%, 3% un 5% nikot\u012bna stiprumu, Fumot Digital Box atbilst pla\u0161am v\u0113lmju lokam, neatkar\u012bgi no t\u0101, vai mekl\u0113jat beznikot\u012bna vai sp\u0113c\u012bg\u0101ku pieredzi.<\/li>\n<li><strong>Kompakts dizains ar modern\u0101m funkcij\u0101m<\/strong><br \/>\nGluds, viegls dizains ir apvienots ar modern\u0101m funkcij\u0101m, piem\u0113ram, gaisa pl\u016bsmas kontroli un 6 RGB gaism\u0101m, nodro\u0161inot gan funkcionalit\u0101ti, gan stilu.<\/li>\n<li><strong>\u0112rts uzl\u0101d\u0113jams akumulators<\/strong><br \/>\nApr\u012bkots ar 550mAh atk\u0101rtoti uzl\u0101d\u0113jamu akumulatoru un C tipa uzl\u0101des piesl\u0113gvietu, tas nodro\u0161ina \u0101tru uzl\u0101di, samazinot d\u012bkst\u0101ves laiku l\u012bdz minimumam.<\/li>\n<li><strong>Pieejama cena<\/strong><br \/>\nPied\u0101v\u0101jot augst\u0101k\u0101s klases funkcijas par konkur\u0113tsp\u0113j\u012bgu cenu, Fumot Digital Box nodro\u0161ina izcilu v\u0113rt\u012bbu tiem, kas mekl\u0113 bud\u017eetam draudz\u012bgu, augstas veiktsp\u0113jas tvaic\u0113\u0161anas risin\u0101jumu.<\/li>\n<\/ol>","protected":false},"excerpt":{"rendered":"<p>Atkl\u0101jiet nep\u0101rsp\u0113jamus pied\u0101v\u0101jumus Fumot Digital Box 12000 uzp\u016btienu uzl\u0101d\u0113jamajam tvaic\u0113\u0161anas apar\u0101tam. Sazinieties jau \u0161odien, lai ieg\u016btu savu \u012bpa\u0161o atlaidi!<strong>(MOQ ir 50 gab.)<\/strong><\/p>\n<figure id=\"attachment_2951\" aria-describedby=\"caption-attachment-2951\" style=\"width: 265px\" class=\"wp-caption alignnone\"><img fetchpriority=\"high\" decoding=\"async\" class=\"size-medium wp-image-2951\" src=\"https:\/\/vapestornado.com\/wp-content\/uploads\/2024\/12\/Wholesale-Disposable-Vape-265x300.jpg\" alt=\"Vienreiz\u0113j\u0101s lieto\u0161anas Vape vairumtirdzniec\u012bba\" width=\"265\" height=\"300\" srcset=\"https:\/\/vapestornado.com\/wp-content\/uploads\/2024\/12\/Wholesale-Disposable-Vape-265x300.jpg 265w, https:\/\/vapestornado.com\/wp-content\/uploads\/2024\/12\/Wholesale-Disposable-Vape-768x871.jpg 768w, https:\/\/vapestornado.com\/wp-content\/uploads\/2024\/12\/Wholesale-Disposable-Vape-600x680.jpg 600w, https:\/\/vapestornado.com\/wp-content\/uploads\/2024\/12\/Wholesale-Disposable-Vape.jpg 823w\" sizes=\"(max-width: 265px) 100vw, 265px\" \/><figcaption id=\"caption-attachment-2951\" class=\"wp-caption-text\">L\u016bdzu, sazinieties ar Mandiju WhatsApp, lai sa\u0146emtu atlaides cenu<a href=\"https:\/\/wa.me\/8618077105796\">+8618077105796<\/a><\/figcaption><\/figure>","protected":false},"featured_media":2943,"comment_status":"open","ping_status":"closed","template":"","meta":{"_acf_changed":false,"_uag_custom_page_level_css":"","_lmt_disableupdate":"no","_lmt_disable":"","_monsterinsights_skip_tracking":false,"_monsterinsights_sitenote_active":false,"_monsterinsights_sitenote_note":"","_monsterinsights_sitenote_category":0,"site-sidebar-layout":"default","site-content-layout":"","ast-site-content-layout":"default","site-content-style":"default","site-sidebar-style":"default","ast-global-header-display":"","ast-banner-title-visibility":"","ast-main-header-display":"","ast-hfb-above-header-display":"","ast-hfb-below-header-display":"","ast-hfb-mobile-header-display":"","site-post-title":"","ast-breadcrumbs-content":"","ast-featured-img":"","footer-sml-layout":"","ast-disable-related-posts":"","theme-transparent-header-meta":"default","adv-header-id-meta":"","stick-header-meta":"","header-above-stick-meta":"","header-main-stick-meta":"","header-below-stick-meta":"","astra-migrate-meta-layouts":"set","ast-page-background-enabled":"default","ast-page-background-meta":{"desktop":{"background-color":"","background-image":"","background-repeat":"repeat","background-position":"center center","background-size":"auto","background-attachment":"scroll","background-type":"","background-media":"","overlay-type":"","overlay-color":"","overlay-opacity":"","overlay-gradient":""},"tablet":{"background-color":"","background-image":"","background-repeat":"repeat","background-position":"center center","background-size":"auto","background-attachment":"scroll","background-type":"","background-media":"","overlay-type":"","overlay-color":"","overlay-opacity":"","overlay-gradient":""},"mobile":{"background-color":"","background-image":"","background-repeat":"repeat","background-position":"center center","background-size":"auto","background-attachment":"scroll","background-type":"","background-media":"","overlay-type":"","overlay-color":"","overlay-opacity":"","overlay-gradient":""}},"ast-content-background-meta":{"desktop":{"background-color":"var(--ast-global-color-5)","background-image":"","background-repeat":"repeat","background-position":"center center","background-size":"auto","background-attachment":"scroll","background-type":"","background-media":"","overlay-type":"","overlay-color":"","overlay-opacity":"","overlay-gradient":""},"tablet":{"background-color":"var(--ast-global-color-5)","background-image":"","background-repeat":"repeat","background-position":"center center","background-size":"auto","background-attachment":"scroll","background-type":"","background-media":"","overlay-type":"","overlay-color":"","overlay-opacity":"","overlay-gradient":""},"mobile":{"background-color":"var(--ast-global-color-5)","background-image":"","background-repeat":"repeat","background-position":"center center","background-size":"auto","background-attachment":"scroll","background-type":"","background-media":"","overlay-type":"","overlay-color":"","overlay-opacity":"","overlay-gradient":""}},"_joinchat":{"telephone":"+8618077105796"}},"product_brand":[],"product_cat":[72,154,155,142,58],"product_tag":[82,98],"class_list":{"0":"post-2926","1":"product","2":"type-product","3":"status-publish","4":"has-post-thumbnail","6":"product_cat-12000-puff","7":"product_cat-buy-disposable-vapes-in-netherlands","8":"product_cat-buy-disposable-vapes-in-norway","9":"product_cat-digital-box-disposable-vapes","10":"product_cat-fumot-vape","11":"product_tag-fumot-digital-box-12000-puffs","12":"product_tag-wholesale-price-disposable-vape","13":"desktop-align-left","14":"tablet-align-left","15":"mobile-align-left","17":"first","18":"instock","19":"sale","20":"shipping-taxable","21":"purchasable","22":"product-type-simple"},"acf":[],"uagb_featured_image_src":{"full":["https:\/\/vapestornado.com\/wp-content\/uploads\/2024\/12\/Fumot-Digital-Box-12000-Puffs-Grape-Ice.jpg",800,800,false],"thumbnail":["https:\/\/vapestornado.com\/wp-content\/uploads\/2024\/12\/Fumot-Digital-Box-12000-Puffs-Grape-Ice-150x150.jpg",150,150,true],"medium":["https:\/\/vapestornado.com\/wp-content\/uploads\/2024\/12\/Fumot-Digital-Box-12000-Puffs-Grape-Ice-300x300.jpg",300,300,true],"medium_large":["https:\/\/vapestornado.com\/wp-content\/uploads\/2024\/12\/Fumot-Digital-Box-12000-Puffs-Grape-Ice-768x768.jpg",768,768,true],"large":["https:\/\/vapestornado.com\/wp-content\/uploads\/2024\/12\/Fumot-Digital-Box-12000-Puffs-Grape-Ice.jpg",800,800,false],"1536x1536":["https:\/\/vapestornado.com\/wp-content\/uploads\/2024\/12\/Fumot-Digital-Box-12000-Puffs-Grape-Ice.jpg",800,800,false],"2048x2048":["https:\/\/vapestornado.com\/wp-content\/uploads\/2024\/12\/Fumot-Digital-Box-12000-Puffs-Grape-Ice.jpg",800,800,false],"trp-custom-language-flag":["https:\/\/vapestornado.com\/wp-content\/uploads\/2024\/12\/Fumot-Digital-Box-12000-Puffs-Grape-Ice.jpg",12,12,false],"woocommerce_thumbnail":["https:\/\/vapestornado.com\/wp-content\/uploads\/2024\/12\/Fumot-Digital-Box-12000-Puffs-Grape-Ice-300x300.jpg",300,300,true],"woocommerce_single":["https:\/\/vapestornado.com\/wp-content\/uploads\/2024\/12\/Fumot-Digital-Box-12000-Puffs-Grape-Ice-600x600.jpg",600,600,true],"woocommerce_gallery_thumbnail":["https:\/\/vapestornado.com\/wp-content\/uploads\/2024\/12\/Fumot-Digital-Box-12000-Puffs-Grape-Ice-100x100.jpg",100,100,true]},"uagb_author_info":{"display_name":"ESMANDY","author_link":"https:\/\/vapestornado.com\/lv\/author\/"},"uagb_comment_info":0,"uagb_excerpt":"Discover unbeatable deals on the Fumot Digital Box 12000 puff Rechargeable Vape. Reach out today to secure your special discount!(MOQ is 50pcs) [caption id=\"attachment_2951\" align=\"alignnone\" width=\"265\"] Pls Contact Mandy's WhatsApp For Discount Price+8618077105796[\/caption]","_links":{"self":[{"href":"https:\/\/vapestornado.com\/lv\/wp-json\/wp\/v2\/product\/2926","targetHints":{"allow":["GET"]}}],"collection":[{"href":"https:\/\/vapestornado.com\/lv\/wp-json\/wp\/v2\/product"}],"about":[{"href":"https:\/\/vapestornado.com\/lv\/wp-json\/wp\/v2\/types\/product"}],"replies":[{"embeddable":true,"href":"https:\/\/vapestornado.com\/lv\/wp-json\/wp\/v2\/comments?post=2926"}],"wp:featuredmedia":[{"embeddable":true,"href":"https:\/\/vapestornado.com\/lv\/wp-json\/wp\/v2\/media\/2943"}],"wp:attachment":[{"href":"https:\/\/vapestornado.com\/lv\/wp-json\/wp\/v2\/media?parent=2926"}],"wp:term":[{"taxonomy":"product_brand","embeddable":true,"href":"https:\/\/vapestornado.com\/lv\/wp-json\/wp\/v2\/product_brand?post=2926"},{"taxonomy":"product_cat","embeddable":true,"href":"https:\/\/vapestornado.com\/lv\/wp-json\/wp\/v2\/product_cat?post=2926"},{"taxonomy":"product_tag","embeddable":true,"href":"https:\/\/vapestornado.com\/lv\/wp-json\/wp\/v2\/product_tag?post=2926"}],"curies":[{"name":"wp","href":"https:\/\/api.w.org\/{rel}","templated":true}]}}