{"id":2922,"date":"2024-12-02T03:41:29","date_gmt":"2024-12-02T03:41:29","guid":{"rendered":"https:\/\/vapestornado.com\/?post_type=product&#038;p=2922"},"modified":"2025-10-31T09:41:30","modified_gmt":"2025-10-31T09:41:30","slug":"fumot-randm-tornado-15000-puffs-rechargeable-disposable-vape-wholesale","status":"publish","type":"product","link":"https:\/\/vapestornado.com\/lv\/product\/fumot-randm-tornado-15000-puffs-rechargeable-disposable-vape-wholesale\/","title":{"rendered":"Fumot RandM Tornado 15000 Dvesmas Uzl\u0101d\u0113jama Vienreiz\u0113j\u0101s Lieto\u0161anas Vape Vairumtirdzniec\u012bba"},"content":{"rendered":"<h1 class=\"product-title\">Fumot RandM Tornado 15000 Dvesmas Uzl\u0101d\u0113jama Vienreiz\u0113j\u0101s Lieto\u0161anas Vape Vairumtirdzniec\u012bba<\/h1>\n<p data-start=\"0\" data-end=\"528\">T\u0101 <strong data-start=\"4\" data-end=\"55\">Fumot RandM Tornado 15000 uzp\u016btienu vienreiz\u0113j\u0101s lieto\u0161anas veips<\/strong> ir jaud\u012bgs <strong data-start=\"70\" data-end=\"82\">15K vape<\/strong> izstr\u0101d\u0101ts sniegumam, uzticam\u012bbai un v\u0113rt\u012bbai. Katrs <strong data-start=\"135\" data-end=\"158\">RandM Tornado 15000<\/strong> vien\u012bba nodro\u0161ina l\u012bdz <strong data-start=\"179\" data-end=\"195\">15 000 izsm\u0113\u0137u<\/strong> ar milz\u012bgu <strong data-start=\"211\" data-end=\"235\">22 ml iepriek\u0161 uzpild\u012bta tvertne<\/strong>, pied\u0101v\u0101jot izcilu ilgm\u016b\u017e\u012bbu mazumtirgot\u0101jiem un vairumtirgot\u0101jiem, kas mekl\u0113 piepras\u012btu kr\u0101jumu. Izstr\u0101d\u0101ts ar precizit\u0101ti, \u0161is <strong data-start=\"355\" data-end=\"375\">15K Tornado vape<\/strong> nodro\u0161ina vienm\u0113r\u012bgu tvaika ra\u017eo\u0161anu un bag\u0101t\u012bgu arom\u0101ta pieg\u0101di, padarot to par vienu no popul\u0101r\u0101kajiem <strong data-start=\"473\" data-end=\"495\">tornado vape 15000<\/strong> mode\u013ciem Eiropas tirg\u016b.<\/p>\n<p data-start=\"530\" data-end=\"866\">Apr\u012bkots ar <strong data-start=\"547\" data-end=\"578\">850mAh uzl\u0101d\u0113jams akumulators<\/strong> un <strong data-start=\"583\" data-end=\"607\">C tipa \u0101tr\u0101 uzl\u0101de<\/strong>, ier\u012bce samazina d\u012bkst\u0101vi, vienlaikus saglab\u0101jot stabilu jaudu katr\u0101 sesij\u0101. \u0160is <strong data-start=\"700\" data-end=\"720\">re\u017e\u0123a spir\u0101les sist\u0113mu<\/strong> uzlabo arom\u0101ta intensit\u0101ti un tvaika gludumu, kam\u0113r <strong data-start=\"779\" data-end=\"797\">LED indikatori<\/strong> inform\u0113 lietot\u0101jus par e-\u0161\u0137idruma un akumulatora st\u0101vokli uzreiz.<\/p>\n<p data-start=\"868\" data-end=\"1247\" data-is-last-node=\"\" data-is-only-node=\"\">Pieejams <strong data-start=\"881\" data-end=\"910\">2% un 5% nikot\u012bna opcij\u0101s<\/strong> ar vair\u0101k nek\u0101 <strong data-start=\"926\" data-end=\"940\">45 gar\u0161as<\/strong>, tad <strong data-start=\"946\" data-end=\"966\">Fumot vape 15000<\/strong> piem\u0113rots gan gad\u012bjuma lietot\u0101jiem, gan intens\u012bviem vaperiem. Kompakts, stil\u012bgs un viegli p\u0101rn\u0113s\u0101jams, tas ir ide\u0101ls papildin\u0101jums jebkurai vairumtirdzniec\u012bbas katalogam. Distributoriem vis\u0101 Latvij\u0101 <strong data-start=\"1132\" data-end=\"1166\">RandM Tornado 15000 pufa Vape<\/strong> nodro\u0161ina augst\u0101k\u0101s klases sniegumu, arom\u0101tu daudzveid\u012bbu un nep\u0101rsp\u0113jamas vairumtirdzniec\u012bbas cenas.<\/p>\n<p>&nbsp;<\/p>\n<p><strong>Pievienojiet Eimijas Whatsapp, lai sa\u0146emtu pareizo atbildi un vape kuponu!<\/strong><\/p>\n<p><img fetchpriority=\"high\" decoding=\"async\" class=\"size-full wp-image-2932\" src=\"https:\/\/vapestornado.com\/wp-content\/uploads\/2024\/12\/Vape-Wholesale.jpg\" alt=\"Veipu Vairumtirdzniec\u012bba\" width=\"229\" height=\"300\" \/><\/p>\n<h3><a href=\"https:\/\/wa.me\/8617776015835\" target=\"_blank\" rel=\"noopener\"><span style=\"color: #ff0000;\"><strong>WhatsApp: +86 17776015835<\/strong><\/span><\/a><\/h3>\n<p>&nbsp;<\/p>\n<h2><strong>RandM Tornado 15000 produkta \u012bpa\u0161\u012bbas<\/strong><\/h2>\n<p>Dvesieni: l\u012bdz 15000 dvesienu skaitam.<br \/>\nAkumulatora ietilp\u012bba: 850 mAh uzl\u0101d\u0113jams akumulators<br \/>\n\u0100tr\u0101 uzl\u0101de: USB Type-C<br \/>\nLED akumulatora un e\u013c\u013cas l\u012bme\u0146a indikators.<br \/>\nSieta spole<br \/>\nPieejamas 45 gar\u0161as.<br \/>\nNikot\u012bns: 2% 5%<br \/>\nKompakts<\/p>\n<h2 class=\"product-title\"><strong>RandM 15k Vape arom\u0101tu saraksts<\/strong><\/h2>\n<p>1. Melle\u0146u ave\u0146u limon\u0101de<br \/>\n2. Persiku ledus<br \/>\n3. Sk\u0101bais \u0101bols<br \/>\n4. Arb\u016bzu ledus<br \/>\n5. Mellenes uz ledus<br \/>\n6. Melle\u0146u avenes<br \/>\n7.Anan\u0101su ledus<br \/>\n8.\u0136irsis<br \/>\n9. Zeme\u0146u ledus<br \/>\n10.Vimto<br \/>\n11.V\u012bnogu ledus<br \/>\n12.Kol\u0101 ledus<br \/>\n13. Zeme\u0146u arb\u016bzs<br \/>\n14.Roz\u0101 limon\u0101de<br \/>\n15.Jaukti ogu<br \/>\n16.Persiku mango<br \/>\n17.P\u016b\u0137a aug\u013ci<br \/>\n18.Zeme\u0146u v\u012bnogas<br \/>\n19. Mr. Blue<br \/>\n20. Sul\u012bgs ledus<br \/>\n21. Ledus pops<br \/>\n22. Zeme\u0146u kivi<br \/>\n23. Kivi pasifloras gvajava<br \/>\n24. Tr\u012bsk\u0101r\u0161as ogas<br \/>\n25. Ban\u0101nu ledus<br \/>\n26. Persiku melle\u0146u konfektes<br \/>\n27. \u0100bolu persiku bumbieris<br \/>\n28. Ogu limon\u0101de<br \/>\n29. Zilo ave\u0146u \u0137irsis<br \/>\n30. Melle\u0146u ko\u0161\u013c\u0101jam\u0101 gumija<br \/>\n31. Melle\u0146u \u0137ir\u0161u dz\u0113rvenes<br \/>\n32. Melle\u0146u gran\u0101t\u0101bols<br \/>\n33. Zilo ave\u0146u sk\u0101benes<br \/>\n34. \u0136ir\u0161u kola<br \/>\n35. L\u0101c\u012btis<br \/>\n36. Citrons<br \/>\n37. Mango uz ledus<br \/>\n38. Sarkanais ener\u0123ijas ledus<br \/>\n39. Zeme\u0146u ban\u0101ns<br \/>\n40. Zeme\u0146u Red Bull<br \/>\n41. Zeme\u0146u arb\u016bzu limon\u0101de<br \/>\n42. Ledus t\u0113jas citronu ledus<br \/>\n43. Ledus t\u0113jas persiku ledus<br \/>\n44. G\u0101z\u0113ts \u0137irsis<br \/>\n45. Skittles<\/p>\n<h3>K\u0101p\u0113c izv\u0113l\u0113ties vapestornado Fumot 15k Tornado Vape vairumtirdzniec\u012bbai?<\/h3>\n<div class=\"flex-shrink-0 flex flex-col relative items-end\">\n<div class=\"pt-0\">\n<div class=\"gizmo-bot-avatar flex h-8 w-8 items-center justify-center overflow-hidden rounded-full\">\n<div class=\"relative p-1 rounded-sm flex items-center justify-center bg-token-main-surface-primary text-token-text-primary h-8 w-8\">\n<p>Laipni l\u016bdzam vapestornado, j\u016bsu uzticamaj\u0101 tie\u0161saistes vape veikal\u0101 priek\u0161 premium vienreizlietojamiem vape. Ar vair\u0101k nek\u0101 5 gadu pieredzi m\u0113s pied\u0101v\u0101jam popul\u0101rus vienreizlietojamus vape z\u012bmolus, piem\u0113ram, <a href=\"https:\/\/vapestornado.com\/lv\/product\/jnr-ragegorilla-55000-puffs-55k-vape-disposables-42ml-2-nicotine-wholesale-price\/\">JNR Vape<\/a>, Vapme, Bang Vape, Waspe Vape, un <a href=\"https:\/\/vapestornado.com\/lv\/product\/original-wga-ultra-35k-35000-puff-rechargeable-crystal-disposable-nicotine-vape-best-discount-price\/\">WGA Vape<\/a>, utt.<\/p>\n<p>M\u016bsu kl\u0101st\u0101 ir iek\u013cauti karstie izp\u0101rdo\u0161anas veipi, piem\u0113ram, RandM Tornado 15000, un bag\u0101t\u012bgas gar\u0161as izv\u0113les, piem\u0113ram, WASPE Double Flavor 40000 Puffs. Katrs produkts ir izv\u0113l\u0113ts, koncentr\u0113joties uz kvalit\u0101ti, v\u0113rt\u012bbu un daudzveid\u012bbu, nodro\u0161inot, ka atrodat ide\u0101lu atbilst\u012bbu sav\u0101m vajadz\u012bb\u0101m. Atkl\u0101jiet izcilu servisu un pla\u0161u lab\u0101ko produktu kl\u0101stu vietn\u0113 vapestornado.<\/p>\n<\/div>\n<h3><\/h3>\n<div class=\"relative p-1 rounded-sm flex items-center justify-center bg-token-main-surface-primary text-token-text-primary h-8 w-8\">\n<h3>BUJ par RandM 15k vienreiz\u0113j\u0101s lieto\u0161anas veipu<\/h3>\n<\/div>\n<\/div>\n<\/div>\n<\/div>\n<div class=\"flex-shrink-0 flex flex-col relative items-end\">\n<div class=\"pt-0\">\n<div class=\"gizmo-bot-avatar flex h-8 w-8 items-center justify-center overflow-hidden rounded-full\">\n<div class=\"relative p-1 rounded-sm flex items-center justify-center bg-token-main-surface-primary text-token-text-primary h-8 w-8\"><\/div>\n<\/div>\n<\/div>\n<\/div>\n<div class=\"group\/conversation-turn relative flex w-full min-w-0 flex-col agent-turn\">\n<div class=\"flex-col gap-1 md:gap-3\">\n<div class=\"flex max-w-full flex-col flex-grow\">\n<div class=\"min-h-8 text-message flex w-full flex-col items-end gap-2 whitespace-normal break-words [.text-message+&amp;]:mt-5\" dir=\"auto\" data-message-author-role=\"assistant\" data-message-id=\"db716a1c-9ed0-4b8d-b3b0-7bdb913c3d42\" data-message-model-slug=\"gpt-4o\">\n<div class=\"flex w-full flex-col gap-1 empty:hidden first:pt-[3px]\">\n<div class=\"markdown prose w-full break-words dark:prose-invert light\">\n<p><strong>Kur ieg\u0101d\u0101ties RandM Tornado 15000 Vape par vairumtirdzniec\u012bbas cenu Latvij\u0101<\/strong><br \/>\nLai ieg\u0101d\u0101tos RandM Tornado 15000 vape par vairumtirdzniec\u012bbas cen\u0101m Latvij\u0101, sazinieties ar pilnvarotiem vape vairumtirdzniec\u012bbas izplat\u012bt\u0101jiem vai tie\u0161saistes pieg\u0101d\u0101t\u0101jiem, kas specializ\u0113jas RandM Vape produktos. P\u0101rliecinieties, vai tie atbilst viet\u0113jiem noteikumiem un pied\u0101v\u0101 autentiskus produktus.<\/p>\n<p><strong>Cik daudz uzp\u016btienu nodro\u0161ina Fumot Vape 15k?<\/strong><br \/>\nFumot Vape 15k pied\u0101v\u0101 l\u012bdz pat 15 000 uzp\u016btienu, nodro\u0161inot izcilu ilgm\u016b\u017e\u012bbu ilgsto\u0161\u0101m tvaic\u0113\u0161anas sesij\u0101m.<\/p>\n<p><strong>Cik ilgi kalpo popul\u0101rais RandM 15000 vienreiz\u0113j\u0101s lieto\u0161anas vape pildspalva?<\/strong><br \/>\nRandM 15000 darb\u012bbas ilgums ir atkar\u012bgs no lietot\u0101ja ieradumiem. M\u0113reniem tvaic\u0113t\u0101jiem tas parasti ilgst divas l\u012bdz tr\u012bs ned\u0113\u013cas, pateicoties t\u0101 lielajai uzp\u016btienu ietilp\u012bbai un uzl\u0101d\u0113jamam dizainam.<\/p>\n<p><strong>K\u0101das ir popul\u0101r\u0101k\u0101s gar\u0161as Fumot 15k Puffs vienreiz\u0113j\u0101s lieto\u0161anas kast\u012btei?<\/strong><br \/>\nPopul\u0101ras Fumot 15k gar\u0161as ietver aug\u013cu iesp\u0113jas, piem\u0113ram, Mango Ice, Strawberry Watermelon un Blueberry Raspberry, k\u0101 ar\u012b atv\u0113sino\u0161us mentola mais\u012bjumus un desertu iedvesmotus profilus.<\/p>\n<p><strong>Cik ilgs laiks nepiecie\u0161ams, lai uzl\u0101d\u0113tu RandM 15k uzl\u0101d\u0113jamu vape?<\/strong><br \/>\nRandM 15k uzl\u0101d\u0113jama vape uzl\u0101de aiz\u0146em aptuveni 1-2 stundas, izmantojot t\u0101 USB Type-C \u0101tr\u0101s uzl\u0101des portu, nodro\u0161inot \u0101tru un efekt\u012bvu ener\u0123ijas atjauno\u0161anu.<\/p>\n<p><strong>Cik daudz nikot\u012bna ir RandM Tornado 15000 uzp\u016btienu vienreiz\u0113j\u0101s lieto\u0161anas e-cigaret\u0113?<\/strong><br \/>\nRandM Tornado 15000 pied\u0101v\u0101 piel\u0101gojamu nikot\u012bna pieredzi, stiprums sv\u0101rst\u0101s l\u012bdz 50 mg atkar\u012bb\u0101 no varianta, apmierinot da\u017e\u0101das lietot\u0101ju v\u0113lmes.<\/p>\n<\/div>\n<\/div>\n<\/div>\n<\/div>\n<\/div>\n<\/div>","protected":false},"excerpt":{"rendered":"<p>Lab\u0101k\u0101s RandM Tornado 15000 uzp\u016btienu gar\u0161as par zem\u0101ko cenu<br \/>\nFumot RandM 15000 uzp\u016btienu vienreiz\u0113j\u0101s lieto\u0161anas vape vairumtirdzniec\u012bba<br \/>\nRandM Tornado 15000 uzl\u0101d\u0113jams vienreiz\u0113j\u0101s lieto\u0161anas vape lielapjoma pirkuma cena<\/p>\n<p><strong>Pievienojiet Eimijas whatsapp, lai sa\u0146emtu pareizu atbildi un iztvaic\u0113t\u0101ja kuponu!<\/strong><\/p>\n<p><img fetchpriority=\"high\" decoding=\"async\" class=\"size-full wp-image-2932\" src=\"https:\/\/vapestornado.com\/wp-content\/uploads\/2024\/12\/Vape-Wholesale.jpg\" alt=\"Veipu Vairumtirdzniec\u012bba\" width=\"229\" height=\"300\" \/><\/p>\n<h3><a href=\"https:\/\/wa.me\/8617776015835\"><span style=\"color: #ff0000;\"><strong>WhatsApp: +86 17776015835<\/strong><\/span><\/a><\/h3>\n<p>&nbsp;<\/p>","protected":false},"featured_media":2929,"comment_status":"open","ping_status":"closed","template":"","meta":{"_acf_changed":false,"_uag_custom_page_level_css":"","_lmt_disableupdate":"no","_lmt_disable":"","_monsterinsights_skip_tracking":false,"_monsterinsights_sitenote_active":false,"_monsterinsights_sitenote_note":"","_monsterinsights_sitenote_category":0,"site-sidebar-layout":"default","site-content-layout":"","ast-site-content-layout":"default","site-content-style":"default","site-sidebar-style":"default","ast-global-header-display":"","ast-banner-title-visibility":"","ast-main-header-display":"","ast-hfb-above-header-display":"","ast-hfb-below-header-display":"","ast-hfb-mobile-header-display":"","site-post-title":"","ast-breadcrumbs-content":"","ast-featured-img":"","footer-sml-layout":"","ast-disable-related-posts":"","theme-transparent-header-meta":"default","adv-header-id-meta":"","stick-header-meta":"","header-above-stick-meta":"","header-main-stick-meta":"","header-below-stick-meta":"","astra-migrate-meta-layouts":"set","ast-page-background-enabled":"default","ast-page-background-meta":{"desktop":{"background-color":"","background-image":"","background-repeat":"repeat","background-position":"center center","background-size":"auto","background-attachment":"scroll","background-type":"","background-media":"","overlay-type":"","overlay-color":"","overlay-opacity":"","overlay-gradient":""},"tablet":{"background-color":"","background-image":"","background-repeat":"repeat","background-position":"center center","background-size":"auto","background-attachment":"scroll","background-type":"","background-media":"","overlay-type":"","overlay-color":"","overlay-opacity":"","overlay-gradient":""},"mobile":{"background-color":"","background-image":"","background-repeat":"repeat","background-position":"center center","background-size":"auto","background-attachment":"scroll","background-type":"","background-media":"","overlay-type":"","overlay-color":"","overlay-opacity":"","overlay-gradient":""}},"ast-content-background-meta":{"desktop":{"background-color":"var(--ast-global-color-5)","background-image":"","background-repeat":"repeat","background-position":"center center","background-size":"auto","background-attachment":"scroll","background-type":"","background-media":"","overlay-type":"","overlay-color":"","overlay-opacity":"","overlay-gradient":""},"tablet":{"background-color":"var(--ast-global-color-5)","background-image":"","background-repeat":"repeat","background-position":"center center","background-size":"auto","background-attachment":"scroll","background-type":"","background-media":"","overlay-type":"","overlay-color":"","overlay-opacity":"","overlay-gradient":""},"mobile":{"background-color":"var(--ast-global-color-5)","background-image":"","background-repeat":"repeat","background-position":"center center","background-size":"auto","background-attachment":"scroll","background-type":"","background-media":"","overlay-type":"","overlay-color":"","overlay-opacity":"","overlay-gradient":""}},"_joinchat":{"telephone":"+8617776015835"}},"product_brand":[],"product_cat":[71,140,149,150,152,157,58],"product_tag":[414,415,79,416,81,80,77,78,214],"class_list":{"0":"post-2922","1":"product","2":"type-product","3":"status-publish","4":"has-post-thumbnail","6":"product_cat-15000-puff","7":"product_cat-big-puffs-disposable-vapes","8":"product_cat-buy-disposable-vapes-in-austria","9":"product_cat-buy-disposable-vapes-in-belgium","10":"product_cat-buy-disposable-vapes-in-cermany","11":"product_cat-buy-disposable-vapes-in-portugal","12":"product_cat-fumot-vape","13":"product_tag-15k-tornado-vape","14":"product_tag-15k-vape","15":"product_tag-fumot-15k","16":"product_tag-fumot-vape-15000","17":"product_tag-randm-15000","18":"product_tag-randm-15k","19":"product_tag-randm-tornado-15000","20":"product_tag-randm-vape","21":"product_tag-tornado-vape-15000","22":"desktop-align-left","23":"tablet-align-left","24":"mobile-align-left","26":"first","27":"instock","28":"sale","29":"shipping-taxable","30":"purchasable","31":"product-type-simple"},"acf":[],"uagb_featured_image_src":{"full":["https:\/\/vapestornado.com\/wp-content\/uploads\/2024\/12\/RandM-15000-Tornado-Vape-Wholesale.jpg",1182,1182,false],"thumbnail":["https:\/\/vapestornado.com\/wp-content\/uploads\/2024\/12\/RandM-15000-Tornado-Vape-Wholesale-150x150.jpg",150,150,true],"medium":["https:\/\/vapestornado.com\/wp-content\/uploads\/2024\/12\/RandM-15000-Tornado-Vape-Wholesale-300x300.jpg",300,300,true],"medium_large":["https:\/\/vapestornado.com\/wp-content\/uploads\/2024\/12\/RandM-15000-Tornado-Vape-Wholesale-768x768.jpg",768,768,true],"large":["https:\/\/vapestornado.com\/wp-content\/uploads\/2024\/12\/RandM-15000-Tornado-Vape-Wholesale-1024x1024.jpg",1024,1024,true],"1536x1536":["https:\/\/vapestornado.com\/wp-content\/uploads\/2024\/12\/RandM-15000-Tornado-Vape-Wholesale.jpg",1182,1182,false],"2048x2048":["https:\/\/vapestornado.com\/wp-content\/uploads\/2024\/12\/RandM-15000-Tornado-Vape-Wholesale.jpg",1182,1182,false],"trp-custom-language-flag":["https:\/\/vapestornado.com\/wp-content\/uploads\/2024\/12\/RandM-15000-Tornado-Vape-Wholesale.jpg",12,12,false],"woocommerce_thumbnail":["https:\/\/vapestornado.com\/wp-content\/uploads\/2024\/12\/RandM-15000-Tornado-Vape-Wholesale-300x300.jpg",300,300,true],"woocommerce_single":["https:\/\/vapestornado.com\/wp-content\/uploads\/2024\/12\/RandM-15000-Tornado-Vape-Wholesale-600x600.jpg",600,600,true],"woocommerce_gallery_thumbnail":["https:\/\/vapestornado.com\/wp-content\/uploads\/2024\/12\/RandM-15000-Tornado-Vape-Wholesale-100x100.jpg",100,100,true]},"uagb_author_info":{"display_name":"ESAMY","author_link":"https:\/\/vapestornado.com\/lv\/author\/"},"uagb_comment_info":1,"uagb_excerpt":"Best RandM Tornado 15000 Puffs Flavours Lowest Price Fumot RandM 15000 Puffs Disposable Vape Wholesale RandM Tornado 15000 Rechargeable Disposable Vape Bulk Buy Price Add Amy's whatsapp get right reply and vape vape coupon! WhatsApp: +86 17776015835 &nbsp;","_links":{"self":[{"href":"https:\/\/vapestornado.com\/lv\/wp-json\/wp\/v2\/product\/2922","targetHints":{"allow":["GET"]}}],"collection":[{"href":"https:\/\/vapestornado.com\/lv\/wp-json\/wp\/v2\/product"}],"about":[{"href":"https:\/\/vapestornado.com\/lv\/wp-json\/wp\/v2\/types\/product"}],"replies":[{"embeddable":true,"href":"https:\/\/vapestornado.com\/lv\/wp-json\/wp\/v2\/comments?post=2922"}],"wp:featuredmedia":[{"embeddable":true,"href":"https:\/\/vapestornado.com\/lv\/wp-json\/wp\/v2\/media\/2929"}],"wp:attachment":[{"href":"https:\/\/vapestornado.com\/lv\/wp-json\/wp\/v2\/media?parent=2922"}],"wp:term":[{"taxonomy":"product_brand","embeddable":true,"href":"https:\/\/vapestornado.com\/lv\/wp-json\/wp\/v2\/product_brand?post=2922"},{"taxonomy":"product_cat","embeddable":true,"href":"https:\/\/vapestornado.com\/lv\/wp-json\/wp\/v2\/product_cat?post=2922"},{"taxonomy":"product_tag","embeddable":true,"href":"https:\/\/vapestornado.com\/lv\/wp-json\/wp\/v2\/product_tag?post=2922"}],"curies":[{"name":"wp","href":"https:\/\/api.w.org\/{rel}","templated":true}]}}