{"id":2918,"date":"2024-12-19T09:35:14","date_gmt":"2024-12-19T09:35:14","guid":{"rendered":"https:\/\/vapestornado.com\/?post_type=product&#038;p=2918"},"modified":"2025-08-23T12:26:04","modified_gmt":"2025-08-23T12:26:04","slug":"buy-fumot-tornado-25000-touch-screen-vape","status":"publish","type":"product","link":"https:\/\/vapestornado.com\/lv\/product\/buy-fumot-tornado-25000-touch-screen-vape\/","title":{"rendered":"P\u0113rciet Fumot 25000 Uzp\u016b\u0161u sk\u0101rienekr\u0101na vape"},"content":{"rendered":"<h3>Kas ir RandM Fumot 25000 Puffs Vienreizlietojamais Vaps?<\/h3>\n<p>Fumot 25000 Puffs Vienreizlietojamais Vaps ir revolucion\u0101ra tvaic\u0113\u0161anas ier\u012bce, kas rad\u012bta ilgsto\u0161ai lieto\u0161anai un nep\u0101rsp\u0113jamam \u0113rtumam. Izstr\u0101d\u0101ts ar jaud\u012bgu 700mAh uzl\u0101d\u0113jamu akumulatoru un d\u0101snu 20ml e-\u0161\u0137idruma ietilp\u012bbu, \u0161is vaps nodro\u0161ina l\u012bdz pat 25 000 uzvilk\u0161anas reiz\u0113m, padarot to par lielisku izv\u0113li ilgsto\u0161ai baud\u012b\u0161anai bez bie\u017eas uzpild\u012b\u0161anas. Ar vair\u0101k\u0101m nikot\u012bna stipruma opcij\u0101m (0%, 2%, 3% un 5%) tas atbilst da\u017e\u0101d\u0101m lietot\u0101ju v\u0113lm\u0113m. Apr\u012bkots ar Type-C uzl\u0101des portu, tas nodro\u0161ina \u0101tru un efekt\u012bvu uzl\u0101di. \u0160ai ier\u012bcei ir ar\u012b interakt\u012bvs sk\u0101rienjut\u012bgs sl\u0113dzis, kas pied\u0101v\u0101 papla\u0161in\u0101tas vad\u012bbas iesp\u0113jas, piem\u0113ram, jaudas regul\u0113\u0161anu, ekr\u0101na aktiviz\u0113\u0161anu un pat jautru sp\u0113les re\u017e\u012bmu papildu izklaidei. T\u0101 gludais, ergonomiskais dizains un spilgt\u0101s gar\u0161as liek tai izcelties konkur\u0113tsp\u0113j\u012bgaj\u0101 vienreizlietojamo vapu tirg\u016b, nodro\u0161inot augst\u0101k\u0101s klases tvaic\u0113\u0161anas pieredzi lietot\u0101jiem, kuri mekl\u0113 stilu, funkcionalit\u0101ti un ilgm\u016b\u017e\u012bbu.<\/p>\n<h3><strong>Produkta \u012bpa\u0161\u012bbas<\/strong><\/h3>\n<ul>\n<li><strong>Milz\u012bga uzvilk\u0161anas reizu ietilp\u012bba<\/strong>: L\u012bdz 25 000 uzvilk\u0161anas reiz\u0113m ilgsto\u0161ai lieto\u0161anai.<\/li>\n<li><strong>Uzl\u0101d\u0113jams akumulators<\/strong>: 700mAh akumulators ar Type-C uzl\u0101di \u0113rt\u012bbai.<\/li>\n<li><strong>Interakt\u012bvs sk\u0101rienjut\u012bgs sl\u0113dzis<\/strong>: Papla\u0161in\u0101tas funkcijas, piem\u0113ram, jaudas regul\u0113\u0161ana un sp\u0113les re\u017e\u012bms.<\/li>\n<li><strong>Vair\u0101kas nikot\u012bna opcijas<\/strong>: Pieejams 0%, 2%, 3% un 5% nikot\u012bna stiprumos.<\/li>\n<li><strong>Gar\u0161u daudzveid\u012bba<\/strong>: 24 aizraujo\u0161as gar\u0161as personaliz\u0113tai tvaic\u0113\u0161anas pieredzei.<\/li>\n<\/ul>\n<p><img fetchpriority=\"high\" decoding=\"async\" class=\"alignnone size-full wp-image-3269\" src=\"https:\/\/vapestornado.com\/wp-content\/uploads\/2024\/12\/Fumot-Disposable-Vape-25K.png\" alt=\"Fumot vienreizlietojamais tvaiks 25K\" width=\"900\" height=\"348\" srcset=\"https:\/\/vapestornado.com\/wp-content\/uploads\/2024\/12\/Fumot-Disposable-Vape-25K.png 900w, https:\/\/vapestornado.com\/wp-content\/uploads\/2024\/12\/Fumot-Disposable-Vape-25K-300x116.png 300w, https:\/\/vapestornado.com\/wp-content\/uploads\/2024\/12\/Fumot-Disposable-Vape-25K-768x297.png 768w, https:\/\/vapestornado.com\/wp-content\/uploads\/2024\/12\/Fumot-Disposable-Vape-25K-600x232.png 600w\" sizes=\"(max-width: 900px) 100vw, 900px\" \/><img decoding=\"async\" class=\"alignnone size-full wp-image-3270\" src=\"https:\/\/vapestornado.com\/wp-content\/uploads\/2024\/12\/Fumot-Vape-25000-Puffs.png\" alt=\"Fumot Vape 25000 dvesmas\" width=\"900\" height=\"425\" srcset=\"https:\/\/vapestornado.com\/wp-content\/uploads\/2024\/12\/Fumot-Vape-25000-Puffs.png 900w, https:\/\/vapestornado.com\/wp-content\/uploads\/2024\/12\/Fumot-Vape-25000-Puffs-300x142.png 300w, https:\/\/vapestornado.com\/wp-content\/uploads\/2024\/12\/Fumot-Vape-25000-Puffs-768x363.png 768w, https:\/\/vapestornado.com\/wp-content\/uploads\/2024\/12\/Fumot-Vape-25000-Puffs-600x283.png 600w\" sizes=\"(max-width: 900px) 100vw, 900px\" \/><img decoding=\"async\" class=\"alignnone size-full wp-image-3272\" src=\"https:\/\/vapestornado.com\/wp-content\/uploads\/2024\/12\/Fumot-Vapes-25000-Puffs-Near-Me.png\" alt=\"Fumot Vapes 25000 dvesmas man\u0101 tuvum\u0101\" width=\"900\" height=\"354\" srcset=\"https:\/\/vapestornado.com\/wp-content\/uploads\/2024\/12\/Fumot-Vapes-25000-Puffs-Near-Me.png 900w, https:\/\/vapestornado.com\/wp-content\/uploads\/2024\/12\/Fumot-Vapes-25000-Puffs-Near-Me-300x118.png 300w, https:\/\/vapestornado.com\/wp-content\/uploads\/2024\/12\/Fumot-Vapes-25000-Puffs-Near-Me-768x302.png 768w, https:\/\/vapestornado.com\/wp-content\/uploads\/2024\/12\/Fumot-Vapes-25000-Puffs-Near-Me-600x236.png 600w\" sizes=\"(max-width: 900px) 100vw, 900px\" \/> <img loading=\"lazy\" decoding=\"async\" class=\"alignnone size-full wp-image-3273\" src=\"https:\/\/vapestornado.com\/wp-content\/uploads\/2024\/12\/RandM-Vape-Tornado-25K.png\" alt=\"RandM Vape Tornado 25K\" width=\"900\" height=\"331\" srcset=\"https:\/\/vapestornado.com\/wp-content\/uploads\/2024\/12\/RandM-Vape-Tornado-25K.png 900w, https:\/\/vapestornado.com\/wp-content\/uploads\/2024\/12\/RandM-Vape-Tornado-25K-300x110.png 300w, https:\/\/vapestornado.com\/wp-content\/uploads\/2024\/12\/RandM-Vape-Tornado-25K-768x282.png 768w, https:\/\/vapestornado.com\/wp-content\/uploads\/2024\/12\/RandM-Vape-Tornado-25K-600x221.png 600w\" sizes=\"(max-width: 900px) 100vw, 900px\" \/> <img loading=\"lazy\" decoding=\"async\" class=\"alignnone size-full wp-image-3274\" src=\"https:\/\/vapestornado.com\/wp-content\/uploads\/2024\/12\/Wholesale-Fumot-Vape-25K.png\" alt=\"Vairumtirdzniec\u012bba Fumot Vape 25K\" width=\"900\" height=\"336\" srcset=\"https:\/\/vapestornado.com\/wp-content\/uploads\/2024\/12\/Wholesale-Fumot-Vape-25K.png 900w, https:\/\/vapestornado.com\/wp-content\/uploads\/2024\/12\/Wholesale-Fumot-Vape-25K-300x112.png 300w, https:\/\/vapestornado.com\/wp-content\/uploads\/2024\/12\/Wholesale-Fumot-Vape-25K-768x287.png 768w, https:\/\/vapestornado.com\/wp-content\/uploads\/2024\/12\/Wholesale-Fumot-Vape-25K-600x224.png 600w\" sizes=\"(max-width: 900px) 100vw, 900px\" \/><\/p>\n<h4><strong>Fumot 25000 Puffs Gar\u0161u Saraksts:<\/strong><\/h4>\n<ol>\n<li>Ban\u0101nu ledus<\/li>\n<li>Zeme\u0146u Arb\u016bzs<\/li>\n<li>Maiami Piparm\u0113tra<\/li>\n<li>Melle\u0146u ave\u0146u<\/li>\n<li>Melnais ledus<\/li>\n<li>Balts \u017eelejveida ledus<\/li>\n<li>Arb\u016bzu ledus<\/li>\n<li>Sul\u012bgs persiku ledus<\/li>\n<li>Roz\u0101 limon\u0101de<\/li>\n<li>Zeme\u0146u mango<\/li>\n<li>Persiku mango arb\u016bzs<\/li>\n<li>V\u012bnogu citrons<\/li>\n<li>Tropiska varav\u012bksnes spr\u0101dziens<\/li>\n<li>\u0136ir\u0161u Bumba<\/li>\n<li>Zeme\u0146u piparm\u0113tru konfekte<\/li>\n<li>Dubult\u0101 \u0101bols<\/li>\n<li>Melle\u0146u ledus<\/li>\n<li>Zeme\u0146u ledus<\/li>\n<li>Sul\u012bgs ledus<\/li>\n<li>Anan\u0101su ledus<\/li>\n<li>V\u012bnogu ledus<\/li>\n<li>Dr. Blue<\/li>\n<li>Kivi pasifloras gvajava<\/li>\n<li>\u0136ir\u0161u kola<\/li>\n<\/ol>\n<h3>Fumot 25000 Puffs Top 5 Gar\u0161as<\/h3>\n<ol>\n<li><strong>Ban\u0101nu ledus<\/strong>: Kr\u0113m\u012bgs ban\u0101ns ar atsvaidzino\u0161u mentola piesitienu.<\/li>\n<li><strong>Zeme\u0146u Arb\u016bzs<\/strong>: Sul\u012bgs saldu zeme\u0146u un nogatavoju\u0161os arb\u016bzu mais\u012bjums.<\/li>\n<li><strong>Maiami Piparm\u0113tra<\/strong>: Spirdzino\u0161a un atsvaidzino\u0161a piparm\u0113tra v\u0113sai saj\u016btai.<\/li>\n<li><strong>Melle\u0146u ave\u0146u<\/strong>: Salds mellenes savienojum\u0101 ar sk\u0101b\u0101m aven\u0113m.<\/li>\n<li><strong>Roz\u0101 limon\u0101de<\/strong>: Pikants citrusaug\u013ci ar saldu ogu piesk\u0101rienu.<\/li>\n<\/ol>\n<h3>K\u0101p\u0113c izv\u0113l\u0113ties Fumot 25000 Puffs vienreizlietojamo tvaiku?<\/h3>\n<ul>\n<li><strong>Nep\u0101rsp\u0113jams ilgm\u016b\u017e\u012bba<\/strong>: Ar 25 000 uzp\u016btieniem tas kalpo iev\u0113rojami ilg\u0101k nek\u0101 vairums tirg\u016b pieejamo vienreizlietojamo tvaiku.<\/li>\n<li><strong>Piel\u0101gojama pieredze<\/strong>: Pied\u0101v\u0101 regul\u0113jamu jaudu un da\u017e\u0101dus nikot\u012bna l\u012bme\u0146us, lai atbilstu j\u016bsu v\u0113lm\u0113m.<\/li>\n<li><strong>Inovat\u012bvas funkcijas<\/strong>: Interakt\u012bvais sk\u0101riensl\u0113dzis un sp\u0113les re\u017e\u012bms pie\u0161\u0137ir unik\u0101lu, izklaid\u0113jo\u0161u dimensiju.<\/li>\n<li><strong>Gar\u0161as izv\u0113le<\/strong>: 24 da\u017e\u0101das gar\u0161as, lai apmierin\u0101tu katru gaumi.<\/li>\n<li><strong>Videi draudz\u012bgs dizains<\/strong>: Uzl\u0101d\u0113jams akumulators samazina atkritumu daudzumu sal\u012bdzin\u0101jum\u0101 ar tradicion\u0101lajiem vienreizlietojamiem tvaikiem.<\/li>\n<\/ul>\n<h4>Sazinieties ar Fumot Tornado 25000 vairumtirdzniec\u012bbu un sa\u0146emiet atlaidi tagad!<\/h4>\n<figure id=\"attachment_2921\" aria-describedby=\"caption-attachment-2921\" style=\"width: 887px\" class=\"wp-caption alignnone\"><img loading=\"lazy\" decoding=\"async\" class=\"size-large wp-image-2921\" src=\"https:\/\/vapestornado.com\/wp-content\/uploads\/2024\/11\/20062b3a285f900e79520aad496b94d-887x1024.jpg\" alt=\"vapestornado Vicky\" width=\"887\" height=\"1024\" srcset=\"https:\/\/vapestornado.com\/wp-content\/uploads\/2024\/11\/20062b3a285f900e79520aad496b94d-887x1024.jpg 887w, https:\/\/vapestornado.com\/wp-content\/uploads\/2024\/11\/20062b3a285f900e79520aad496b94d-260x300.jpg 260w, https:\/\/vapestornado.com\/wp-content\/uploads\/2024\/11\/20062b3a285f900e79520aad496b94d-768x887.jpg 768w, https:\/\/vapestornado.com\/wp-content\/uploads\/2024\/11\/20062b3a285f900e79520aad496b94d-600x693.jpg 600w, https:\/\/vapestornado.com\/wp-content\/uploads\/2024\/11\/20062b3a285f900e79520aad496b94d.jpg 1080w\" sizes=\"(max-width: 887px) 100vw, 887px\" \/><figcaption id=\"caption-attachment-2921\" class=\"wp-caption-text\">vapestornado Vicky<\/figcaption><\/figure>","protected":false},"excerpt":{"rendered":"<p><strong>RandM Fumot 25000 Puffs Vienreizlietojamais Vaps<\/strong> pied\u0101v\u0101 25 000 uzvilk\u0161anas reizes, 700mAh uzl\u0101d\u0113jamu akumulatoru, piel\u0101gojamus iestat\u012bjumus un 24 gar\u0161as izcilai tvaic\u0113\u0161anas pieredzei.<br \/>\nminim\u0101lais pas\u016bt\u012bjums 50 gab.!<strong><span style=\"color: #ff0000;\">(m\u016bsu vietnes cen\u0101 nav iek\u013cautas pieg\u0101des izmaksas, l\u016bdzu, sazinieties ar mani, lai sa\u0146emtu visu cenu un j\u016bsu atlaidi!)<\/span><\/strong><\/p>\n<p><img loading=\"lazy\" decoding=\"async\" class=\"size-medium wp-image-2921\" src=\"https:\/\/vapestornado.com\/wp-content\/uploads\/2024\/11\/20062b3a285f900e79520aad496b94d-260x300.jpg\" alt=\"vapestornado Vicky\" width=\"260\" height=\"300\" srcset=\"https:\/\/vapestornado.com\/wp-content\/uploads\/2024\/11\/20062b3a285f900e79520aad496b94d-260x300.jpg 260w, https:\/\/vapestornado.com\/wp-content\/uploads\/2024\/11\/20062b3a285f900e79520aad496b94d-887x1024.jpg 887w, https:\/\/vapestornado.com\/wp-content\/uploads\/2024\/11\/20062b3a285f900e79520aad496b94d-768x887.jpg 768w, https:\/\/vapestornado.com\/wp-content\/uploads\/2024\/11\/20062b3a285f900e79520aad496b94d-600x693.jpg 600w, https:\/\/vapestornado.com\/wp-content\/uploads\/2024\/11\/20062b3a285f900e79520aad496b94d.jpg 1080w\" sizes=\"(max-width: 260px) 100vw, 260px\" \/><\/p>","protected":false},"featured_media":3266,"comment_status":"open","ping_status":"closed","template":"","meta":{"_acf_changed":false,"_uag_custom_page_level_css":"","_lmt_disableupdate":"no","_lmt_disable":"","_monsterinsights_skip_tracking":false,"_monsterinsights_sitenote_active":false,"_monsterinsights_sitenote_note":"","_monsterinsights_sitenote_category":0,"site-sidebar-layout":"default","site-content-layout":"","ast-site-content-layout":"default","site-content-style":"default","site-sidebar-style":"default","ast-global-header-display":"","ast-banner-title-visibility":"","ast-main-header-display":"","ast-hfb-above-header-display":"","ast-hfb-below-header-display":"","ast-hfb-mobile-header-display":"","site-post-title":"","ast-breadcrumbs-content":"","ast-featured-img":"","footer-sml-layout":"","ast-disable-related-posts":"","theme-transparent-header-meta":"default","adv-header-id-meta":"","stick-header-meta":"","header-above-stick-meta":"","header-main-stick-meta":"","header-below-stick-meta":"","astra-migrate-meta-layouts":"set","ast-page-background-enabled":"default","ast-page-background-meta":{"desktop":{"background-color":"","background-image":"","background-repeat":"repeat","background-position":"center center","background-size":"auto","background-attachment":"scroll","background-type":"","background-media":"","overlay-type":"","overlay-color":"","overlay-opacity":"","overlay-gradient":""},"tablet":{"background-color":"","background-image":"","background-repeat":"repeat","background-position":"center center","background-size":"auto","background-attachment":"scroll","background-type":"","background-media":"","overlay-type":"","overlay-color":"","overlay-opacity":"","overlay-gradient":""},"mobile":{"background-color":"","background-image":"","background-repeat":"repeat","background-position":"center center","background-size":"auto","background-attachment":"scroll","background-type":"","background-media":"","overlay-type":"","overlay-color":"","overlay-opacity":"","overlay-gradient":""}},"ast-content-background-meta":{"desktop":{"background-color":"var(--ast-global-color-5)","background-image":"","background-repeat":"repeat","background-position":"center center","background-size":"auto","background-attachment":"scroll","background-type":"","background-media":"","overlay-type":"","overlay-color":"","overlay-opacity":"","overlay-gradient":""},"tablet":{"background-color":"var(--ast-global-color-5)","background-image":"","background-repeat":"repeat","background-position":"center center","background-size":"auto","background-attachment":"scroll","background-type":"","background-media":"","overlay-type":"","overlay-color":"","overlay-opacity":"","overlay-gradient":""},"mobile":{"background-color":"var(--ast-global-color-5)","background-image":"","background-repeat":"repeat","background-position":"center center","background-size":"auto","background-attachment":"scroll","background-type":"","background-media":"","overlay-type":"","overlay-color":"","overlay-opacity":"","overlay-gradient":""}},"_joinchat":{"telephone":"+8618077105750"}},"product_brand":[],"product_cat":[68,155,157,142,58,144],"product_tag":[],"class_list":{"0":"post-2918","1":"product","2":"type-product","3":"status-publish","4":"has-post-thumbnail","6":"product_cat-25000-puff","7":"product_cat-buy-disposable-vapes-in-norway","8":"product_cat-buy-disposable-vapes-in-portugal","9":"product_cat-digital-box-disposable-vapes","10":"product_cat-fumot-vape","11":"product_cat-low-nicotine-disposable-vapes","12":"desktop-align-left","13":"tablet-align-left","14":"mobile-align-left","16":"first","17":"instock","18":"sale","19":"shipping-taxable","20":"purchasable","21":"product-type-simple"},"acf":[],"uagb_featured_image_src":{"full":["https:\/\/vapestornado.com\/wp-content\/uploads\/2024\/12\/Buy-RandM-Tornado-25K-Vape.png",900,604,false],"thumbnail":["https:\/\/vapestornado.com\/wp-content\/uploads\/2024\/12\/Buy-RandM-Tornado-25K-Vape-150x150.png",150,150,true],"medium":["https:\/\/vapestornado.com\/wp-content\/uploads\/2024\/12\/Buy-RandM-Tornado-25K-Vape-300x201.png",300,201,true],"medium_large":["https:\/\/vapestornado.com\/wp-content\/uploads\/2024\/12\/Buy-RandM-Tornado-25K-Vape-768x515.png",768,515,true],"large":["https:\/\/vapestornado.com\/wp-content\/uploads\/2024\/12\/Buy-RandM-Tornado-25K-Vape.png",900,604,false],"1536x1536":["https:\/\/vapestornado.com\/wp-content\/uploads\/2024\/12\/Buy-RandM-Tornado-25K-Vape.png",900,604,false],"2048x2048":["https:\/\/vapestornado.com\/wp-content\/uploads\/2024\/12\/Buy-RandM-Tornado-25K-Vape.png",900,604,false],"trp-custom-language-flag":["https:\/\/vapestornado.com\/wp-content\/uploads\/2024\/12\/Buy-RandM-Tornado-25K-Vape.png",18,12,false],"woocommerce_thumbnail":["https:\/\/vapestornado.com\/wp-content\/uploads\/2024\/12\/Buy-RandM-Tornado-25K-Vape-300x300.png",300,300,true],"woocommerce_single":["https:\/\/vapestornado.com\/wp-content\/uploads\/2024\/12\/Buy-RandM-Tornado-25K-Vape-600x403.png",600,403,true],"woocommerce_gallery_thumbnail":["https:\/\/vapestornado.com\/wp-content\/uploads\/2024\/12\/Buy-RandM-Tornado-25K-Vape-100x100.png",100,100,true]},"uagb_author_info":{"display_name":"ESvicky","author_link":"https:\/\/vapestornado.com\/lv\/author\/"},"uagb_comment_info":0,"uagb_excerpt":"RandM Fumot 25000 Puffs Disposable Vape offers 25,000 puffs, a 700mAh rechargeable battery, customizable settings, and 24 flavors for a premium vaping experience. min order 50pcs!(our website price not include shipping cost, please contact me to get whole price and your disccount!)","_links":{"self":[{"href":"https:\/\/vapestornado.com\/lv\/wp-json\/wp\/v2\/product\/2918","targetHints":{"allow":["GET"]}}],"collection":[{"href":"https:\/\/vapestornado.com\/lv\/wp-json\/wp\/v2\/product"}],"about":[{"href":"https:\/\/vapestornado.com\/lv\/wp-json\/wp\/v2\/types\/product"}],"replies":[{"embeddable":true,"href":"https:\/\/vapestornado.com\/lv\/wp-json\/wp\/v2\/comments?post=2918"}],"wp:featuredmedia":[{"embeddable":true,"href":"https:\/\/vapestornado.com\/lv\/wp-json\/wp\/v2\/media\/3266"}],"wp:attachment":[{"href":"https:\/\/vapestornado.com\/lv\/wp-json\/wp\/v2\/media?parent=2918"}],"wp:term":[{"taxonomy":"product_brand","embeddable":true,"href":"https:\/\/vapestornado.com\/lv\/wp-json\/wp\/v2\/product_brand?post=2918"},{"taxonomy":"product_cat","embeddable":true,"href":"https:\/\/vapestornado.com\/lv\/wp-json\/wp\/v2\/product_cat?post=2918"},{"taxonomy":"product_tag","embeddable":true,"href":"https:\/\/vapestornado.com\/lv\/wp-json\/wp\/v2\/product_tag?post=2918"}],"curies":[{"name":"wp","href":"https:\/\/api.w.org\/{rel}","templated":true}]}}