{"id":2784,"date":"2024-11-12T10:04:17","date_gmt":"2024-11-12T10:04:17","guid":{"rendered":"https:\/\/vapestornado.com\/?page_id=2784"},"modified":"2024-11-12T10:04:19","modified_gmt":"2024-11-12T10:04:19","slug":"payment-methods-at-vapestornado","status":"publish","type":"page","link":"https:\/\/vapestornado.com\/lv\/payment-methods-at-vapestornado\/","title":{"rendered":"Maks\u0101jumu metodes vietn\u0113 vapestornado"},"content":{"rendered":"<p>Paldies, ka izv\u0113l\u0113j\u0101ties <strong>vapestornado<\/strong>, j\u016bsu uzticamais tie\u0161saistes veikals augst\u0101k\u0101s kvalit\u0101tes vienreizlietojamiem vape produktiem. Ar gadu pieredzi nozar\u0113, m\u0113s lepojamies, ka varam pied\u0101v\u0101t pla\u0161u lab\u0101ko z\u012bmolu izv\u0113li un pieg\u0101d\u0101t savus produktus vis\u0101 pasaul\u0113 uz da\u017e\u0101d\u0101m valst\u012bm. M\u0113s esam ap\u0146\u0113mu\u0161ies nodro\u0161in\u0101t jums dro\u0161u, \u0113rtu un vienk\u0101r\u0161u iepirk\u0161an\u0101s pieredzi.<\/p>\n\n\n\n<p>M\u0113s pie\u0146emam \u0161\u0101dus maks\u0101jumu veidus:<\/p>\n\n\n\n<ol class=\"wp-block-list\">\n<li><strong>PayPal<\/strong>: Izmantojiet dro\u0161us un vienk\u0101r\u0161us maks\u0101jumus, izmantojot PayPal. <em>(tiek piem\u0113rots 20% PVN)<\/em><\/li>\n\n\n\n<li><strong>Kred\u012btkarte<\/strong>: M\u0113s pie\u0146emam galven\u0101s kred\u012btkartes, nodro\u0161inot \u0113rtu maks\u0101jumu procesu. <em>(tiek piem\u0113rots 20% PVN)<\/em><\/li>\n\n\n\n<li><strong>Bankas p\u0101rskait\u012bjums<\/strong>: Tradicion\u0101liem maks\u0101jumiem ir pieejami bankas p\u0101rskait\u012bjumi. <em>(Bez PVN)<\/em><\/li>\n\n\n\n<li><strong>Kriptoval\u016bta<\/strong>: M\u0113s pied\u0101v\u0101jam kriptoval\u016btu maks\u0101jumus modernam, uz n\u0101kotni v\u0113rstam maks\u0101jumu risin\u0101jumam. <em>(Bez PVN)<\/em><\/li>\n\n\n\n<li><strong>Wise p\u0101rskait\u012bjums<\/strong>: Izmantojiet Wise efekt\u012bviem un izmaksu zi\u0146\u0101 izdev\u012bgiem p\u0101rskait\u012bjumu pakalpojumiem. <em>(Bez PVN)<\/em><\/li>\n<\/ol>\n\n\n\n<p>Ja jums ir k\u0101di specifiski jaut\u0101jumi vai piepras\u012bjumi par maks\u0101jumiem, m\u016bsu klientu apkalpo\u0161anas komanda vienm\u0113r ir gatava jums pal\u012bdz\u0113t. M\u0113s esam \u0161eit, lai nodro\u0161in\u0101tu, ka j\u016bsu iepirk\u0161an\u0101s pieredze vapestornado ir \u0113rta un dro\u0161a!<\/p>\n\n\n\n<p><\/p>","protected":false},"excerpt":{"rendered":"<p>Paldies, ka izv\u0113l\u0113j\u0101ties vapestornado, j\u016bsu uzticamo tie\u0161saistes veikalu augst\u0101k\u0101s kvalit\u0101tes vienreiz\u0113j\u0101s lieto\u0161anas vape produktiem. Ar gadiem ilgu pieredzi \u0161aj\u0101 nozar\u0113, m\u0113s ar lepnumu pied\u0101v\u0101jam pla\u0161u popul\u0101r\u0101ko z\u012bmolu izv\u0113li un pieg\u0101d\u0101jam m\u016bsu produktus vis\u0101 pasaul\u0113 uz da\u017e\u0101d\u0101m valst\u012bm. M\u0113s esam ap\u0146\u0113mu\u0161ies nodro\u0161in\u0101t jums dro\u0161u, \u0113rtu un vienm\u0113r\u012bgu iepirk\u0161an\u0101s pieredzi.<\/p>","protected":false},"author":1,"featured_media":0,"parent":0,"menu_order":0,"comment_status":"closed","ping_status":"closed","template":"","meta":{"_acf_changed":false,"_uag_custom_page_level_css":"","_lmt_disableupdate":"","_lmt_disable":"","_monsterinsights_skip_tracking":false,"_monsterinsights_sitenote_active":false,"_monsterinsights_sitenote_note":"","_monsterinsights_sitenote_category":0,"site-sidebar-layout":"default","site-content-layout":"","ast-site-content-layout":"default","site-content-style":"default","site-sidebar-style":"default","ast-global-header-display":"","ast-banner-title-visibility":"","ast-main-header-display":"","ast-hfb-above-header-display":"","ast-hfb-below-header-display":"","ast-hfb-mobile-header-display":"","site-post-title":"","ast-breadcrumbs-content":"","ast-featured-img":"","footer-sml-layout":"","ast-disable-related-posts":"","theme-transparent-header-meta":"","adv-header-id-meta":"","stick-header-meta":"","header-above-stick-meta":"","header-main-stick-meta":"","header-below-stick-meta":"","astra-migrate-meta-layouts":"set","ast-page-background-enabled":"default","ast-page-background-meta":{"desktop":{"background-color":"","background-image":"","background-repeat":"repeat","background-position":"center center","background-size":"auto","background-attachment":"scroll","background-type":"","background-media":"","overlay-type":"","overlay-color":"","overlay-opacity":"","overlay-gradient":""},"tablet":{"background-color":"","background-image":"","background-repeat":"repeat","background-position":"center center","background-size":"auto","background-attachment":"scroll","background-type":"","background-media":"","overlay-type":"","overlay-color":"","overlay-opacity":"","overlay-gradient":""},"mobile":{"background-color":"","background-image":"","background-repeat":"repeat","background-position":"center center","background-size":"auto","background-attachment":"scroll","background-type":"","background-media":"","overlay-type":"","overlay-color":"","overlay-opacity":"","overlay-gradient":""}},"ast-content-background-meta":{"desktop":{"background-color":"var(--ast-global-color-5)","background-image":"","background-repeat":"repeat","background-position":"center center","background-size":"auto","background-attachment":"scroll","background-type":"","background-media":"","overlay-type":"","overlay-color":"","overlay-opacity":"","overlay-gradient":""},"tablet":{"background-color":"var(--ast-global-color-5)","background-image":"","background-repeat":"repeat","background-position":"center center","background-size":"auto","background-attachment":"scroll","background-type":"","background-media":"","overlay-type":"","overlay-color":"","overlay-opacity":"","overlay-gradient":""},"mobile":{"background-color":"var(--ast-global-color-5)","background-image":"","background-repeat":"repeat","background-position":"center center","background-size":"auto","background-attachment":"scroll","background-type":"","background-media":"","overlay-type":"","overlay-color":"","overlay-opacity":"","overlay-gradient":""}},"_joinchat":[],"footnotes":""},"class_list":["post-2784","page","type-page","status-publish","hentry"],"acf":[],"uagb_featured_image_src":{"full":false,"thumbnail":false,"medium":false,"medium_large":false,"large":false,"1536x1536":false,"2048x2048":false,"trp-custom-language-flag":false,"woocommerce_thumbnail":false,"woocommerce_single":false,"woocommerce_gallery_thumbnail":false},"uagb_author_info":{"display_name":"yannazhan@gmail.com","author_link":"https:\/\/vapestornado.com\/lv\/author\/yannazhangmail-com\/"},"uagb_comment_info":0,"uagb_excerpt":"Thank you for choosing vapestornado, your trusted online store for premium disposable vape products. With years of expertise in the industry, we are proud to offer a wide selection of top brands and ship our products globally to various countries. We are committed to providing you with a secure, convenient, and seamless shopping experience. We&hellip;","_links":{"self":[{"href":"https:\/\/vapestornado.com\/lv\/wp-json\/wp\/v2\/pages\/2784","targetHints":{"allow":["GET"]}}],"collection":[{"href":"https:\/\/vapestornado.com\/lv\/wp-json\/wp\/v2\/pages"}],"about":[{"href":"https:\/\/vapestornado.com\/lv\/wp-json\/wp\/v2\/types\/page"}],"author":[{"embeddable":true,"href":"https:\/\/vapestornado.com\/lv\/wp-json\/wp\/v2\/users\/1"}],"replies":[{"embeddable":true,"href":"https:\/\/vapestornado.com\/lv\/wp-json\/wp\/v2\/comments?post=2784"}],"version-history":[{"count":1,"href":"https:\/\/vapestornado.com\/lv\/wp-json\/wp\/v2\/pages\/2784\/revisions"}],"predecessor-version":[{"id":2785,"href":"https:\/\/vapestornado.com\/lv\/wp-json\/wp\/v2\/pages\/2784\/revisions\/2785"}],"wp:attachment":[{"href":"https:\/\/vapestornado.com\/lv\/wp-json\/wp\/v2\/media?parent=2784"}],"curies":[{"name":"wp","href":"https:\/\/api.w.org\/{rel}","templated":true}]}}