{"id":2781,"date":"2024-11-12T10:02:57","date_gmt":"2024-11-12T10:02:57","guid":{"rendered":"https:\/\/vapestornado.com\/?page_id=2781"},"modified":"2024-11-12T10:02:58","modified_gmt":"2024-11-12T10:02:58","slug":"age-verification-policy-for-vapestornado","status":"publish","type":"page","link":"https:\/\/vapestornado.com\/lv\/age-verification-policy-for-vapestornado\/","title":{"rendered":"Vecuma p\u0101rbaudes politika priek\u0161 vapestornado"},"content":{"rendered":"<p>Uz\u0146\u0113mum\u0101 vapestornado m\u0113s esam ap\u0146\u0113mu\u0161ies iev\u0113rot atbild\u012bgu un likum\u012bgu pieeju m\u016bsu vape produktu p\u0101rdo\u0161anai. Lai nodro\u0161in\u0101tu, ka m\u0113s iev\u0113rojam juridisk\u0101s pras\u012bbas un veicin\u0101m atbild\u012bgu sm\u0113\u0137\u0113\u0161anu, m\u0113s esam ieviesu\u0161i \u0161\u0101du vecuma p\u0101rbaudes politiku:<\/p>\n\n\n\n<h3 class=\"wp-block-heading\"><strong>Likum\u012bgais sm\u0113\u0137\u0113\u0161anas vecuma ierobe\u017eojums<\/strong><\/h3>\n\n\n\n<p>Klientiem j\u0101b\u016bt vismaz <strong>21 gadu veciem<\/strong> (likum\u012bgais sm\u0113\u0137\u0113\u0161anas vecums Latvij\u0101), lai ieg\u0101d\u0101tos vape produktus no m\u016bsu vietnes vapestornado.com.<\/p>\n\n\n\n<h3 class=\"wp-block-heading\"><strong>Vecuma vilto\u0161ana ir nelikum\u012bga<\/strong><\/h3>\n\n\n\n<p>Tas ir <strong>nelikum\u012bgi<\/strong> viltot savu vecumu, lai ieg\u0101d\u0101tos m\u016bsu produktus. \u0160\u012b likuma p\u0101rk\u0101p\u0161ana var izrais\u012bt juridiskas sankcijas, tostarp naudas sodus un iesp\u0113jamas krimin\u0101laps\u016bdz\u012bbas.<\/p>\n\n\n\n<h3 class=\"wp-block-heading\"><strong>Aizliegums ieg\u0101d\u0101ties nepilngad\u012bgajiem<\/strong><\/h3>\n\n\n\n<p>Vape produktu ieg\u0101de no vapestornado <strong>nepilngad\u012bgajiem<\/strong> ir stingri aizliegta. Jebkur\u0161 m\u0113\u0123in\u0101jums to dar\u012bt var novest pie juridisk\u0101m sek\u0101m pirc\u0113jam.<\/p>\n\n\n\n<h3 class=\"wp-block-heading\"><strong>Vecuma p\u0101rbaudes process<\/strong><\/h3>\n\n\n\n<p>Mums ir <strong>stingra vecuma p\u0101rbaude<\/strong> process, lai nodro\u0161in\u0101tu atbilst\u012bbu likum\u012bgaj\u0101m vecuma pras\u012bb\u0101m. Lai pabeigtu vecuma p\u0101rbaudi, jums var l\u016bgt nor\u0101d\u012bt personas datus, tostarp j\u016bsu v\u0101rdu, adresi, dzim\u0161anas datumu un p\u0113d\u0113jos \u010detrus j\u016bsu soci\u0101l\u0101s apdro\u0161in\u0101\u0161anas numura ciparus. \u0160\u012b inform\u0101cija tiks sal\u012bdzin\u0101ta ar publiskiem ierakstiem. Ja sal\u012bdzin\u0101\u0161ana nav veiksm\u012bga vai ja j\u016bs nevarat nor\u0101d\u012bt savu soci\u0101l\u0101s apdro\u0161in\u0101\u0161anas numuru, jums b\u016bs j\u0101aug\u0161upiel\u0101d\u0113 <strong>valsts izdots personu apliecino\u0161s dokuments<\/strong> verifik\u0101cijai.<\/p>\n\n\n\n<h3 class=\"wp-block-heading\"><strong>Ties\u012bbas atteikt pakalpojumu<\/strong><\/h3>\n\n\n\n<p>M\u0113s paturam ties\u012bbas <strong>atteikt vai atcelt pas\u016bt\u012bjumu<\/strong> ja m\u0113s nevaram p\u0101rbaud\u012bt j\u016bsu vecumu vai ja nevar nekav\u0113joties iesniegt atbilsto\u0161u identifik\u0101ciju.<\/p>\n\n\n\n<h3 class=\"wp-block-heading\"><strong>Ap\u0146em\u0161an\u0101s jaunie\u0161u profilaksei<\/strong><\/h3>\n\n\n\n<p>vapestornado ir ap\u0146\u0113mies nov\u0113rst produktu p\u0101rdo\u0161anu nepilngad\u012bg\u0101m person\u0101m. M\u0113s izmantojam sp\u0113c\u012bgu vecuma p\u0101rbaudes sist\u0113mu, lai nodro\u0161in\u0101tu atbilst\u012bbu juridiskajiem vecuma ierobe\u017eojumiem un nov\u0113rstu jaunie\u0161u piek\u013cuvi vape produktiem.<\/p>\n\n\n\n<h3 class=\"wp-block-heading\"><strong>Pakalpojuma atteikums vai ierobe\u017eojums<\/strong><\/h3>\n\n\n\n<p>M\u0113s paturam ties\u012bbas <strong>atteikt apkalpo\u0161anu<\/strong> person\u0101m, kuras neatbilst vecuma pras\u012bb\u0101m vai neiesniedz pietiekamu vecuma pier\u0101d\u012bjumu. Ja uzskat\u0101t, ka jums ir nepamatoti atteikts pakalpojums, l\u016bdzu, sazinieties ar m\u016bsu klientu apkalpo\u0161anas komandu, lai sa\u0146emtu pal\u012bdz\u012bbu.<\/p>\n\n\n\n<h3 class=\"wp-block-heading\"><strong>Vietnes satura br\u012bdin\u0101jums<\/strong><\/h3>\n\n\n\n<p>M\u0113s iek\u013caujam <strong>br\u012bdin\u0101juma zi\u0146ojumu<\/strong> m\u016bsu t\u012bmek\u013ca vietn\u0113 par elektronisko cigare\u0161u produktiem, atg\u0101dinot klientiem, ka vi\u0146iem j\u0101b\u016bt vismaz <strong>21 gadu veciem<\/strong> Latvij\u0101, lai veiktu pirkumu.<\/p>\n\n\n\n<p>Uz\u0146\u0113mum\u0101 vapestornado m\u0113s par priorit\u0101ti uzskat\u0101m <strong>dro\u0161\u012bbu<\/strong> un <strong>labkl\u0101j\u012bbu<\/strong> m\u016bsu klientiem. Nodro\u0161inot stingru vecuma p\u0101rbaudes protokolu iev\u0113ro\u0161anu, m\u0113s saglab\u0101jam atbild\u012bgu un likum\u012bgu pieeju e-cigare\u0161u p\u0101rdo\u0161anai. M\u016bsu ap\u0146em\u0161an\u0101s nov\u0113rst nepilngad\u012bgo piek\u013cuvi atspogu\u013co m\u016bsu ap\u0146em\u0161anos veicin\u0101t vesel\u012bgu un atbild\u012bgu iztvaiko\u0161anas kopienu.<\/p>\n\n\n\n<p>4o mini<\/p>","protected":false},"excerpt":{"rendered":"<p>Uz\u0146\u0113mum\u0101 vapestornado m\u0113s esam ap\u0146\u0113mu\u0161ies saglab\u0101t atbild\u012bgu un likum\u012bgu pieeju m\u016bsu vape produktu p\u0101rdo\u0161anai. Lai nodro\u0161in\u0101tu, ka m\u0113s izpild\u0101m juridisk\u0101s pras\u012bbas un veicin\u0101m atbild\u012bgu iztvaiko\u0161anu, m\u0113s esam ieviesu\u0161i \u0161\u0101du vecuma p\u0101rbaudes politiku: Juridisk\u0101 sm\u0113\u0137\u0113\u0161anas vecuma pras\u012bba Klientiem j\u0101b\u016bt vismaz 21 gadu veciem (juridiskais sm\u0113\u0137\u0113\u0161anas vecums [...])<\/p>","protected":false},"author":1,"featured_media":0,"parent":0,"menu_order":0,"comment_status":"closed","ping_status":"closed","template":"","meta":{"_acf_changed":false,"_uag_custom_page_level_css":"","_lmt_disableupdate":"","_lmt_disable":"","_monsterinsights_skip_tracking":false,"_monsterinsights_sitenote_active":false,"_monsterinsights_sitenote_note":"","_monsterinsights_sitenote_category":0,"site-sidebar-layout":"default","site-content-layout":"","ast-site-content-layout":"default","site-content-style":"default","site-sidebar-style":"default","ast-global-header-display":"","ast-banner-title-visibility":"","ast-main-header-display":"","ast-hfb-above-header-display":"","ast-hfb-below-header-display":"","ast-hfb-mobile-header-display":"","site-post-title":"","ast-breadcrumbs-content":"","ast-featured-img":"","footer-sml-layout":"","ast-disable-related-posts":"","theme-transparent-header-meta":"","adv-header-id-meta":"","stick-header-meta":"","header-above-stick-meta":"","header-main-stick-meta":"","header-below-stick-meta":"","astra-migrate-meta-layouts":"set","ast-page-background-enabled":"default","ast-page-background-meta":{"desktop":{"background-color":"","background-image":"","background-repeat":"repeat","background-position":"center center","background-size":"auto","background-attachment":"scroll","background-type":"","background-media":"","overlay-type":"","overlay-color":"","overlay-opacity":"","overlay-gradient":""},"tablet":{"background-color":"","background-image":"","background-repeat":"repeat","background-position":"center center","background-size":"auto","background-attachment":"scroll","background-type":"","background-media":"","overlay-type":"","overlay-color":"","overlay-opacity":"","overlay-gradient":""},"mobile":{"background-color":"","background-image":"","background-repeat":"repeat","background-position":"center center","background-size":"auto","background-attachment":"scroll","background-type":"","background-media":"","overlay-type":"","overlay-color":"","overlay-opacity":"","overlay-gradient":""}},"ast-content-background-meta":{"desktop":{"background-color":"var(--ast-global-color-5)","background-image":"","background-repeat":"repeat","background-position":"center center","background-size":"auto","background-attachment":"scroll","background-type":"","background-media":"","overlay-type":"","overlay-color":"","overlay-opacity":"","overlay-gradient":""},"tablet":{"background-color":"var(--ast-global-color-5)","background-image":"","background-repeat":"repeat","background-position":"center center","background-size":"auto","background-attachment":"scroll","background-type":"","background-media":"","overlay-type":"","overlay-color":"","overlay-opacity":"","overlay-gradient":""},"mobile":{"background-color":"var(--ast-global-color-5)","background-image":"","background-repeat":"repeat","background-position":"center center","background-size":"auto","background-attachment":"scroll","background-type":"","background-media":"","overlay-type":"","overlay-color":"","overlay-opacity":"","overlay-gradient":""}},"_joinchat":[],"footnotes":""},"class_list":["post-2781","page","type-page","status-publish","hentry"],"acf":[],"uagb_featured_image_src":{"full":false,"thumbnail":false,"medium":false,"medium_large":false,"large":false,"1536x1536":false,"2048x2048":false,"trp-custom-language-flag":false,"woocommerce_thumbnail":false,"woocommerce_single":false,"woocommerce_gallery_thumbnail":false},"uagb_author_info":{"display_name":"yannazhan@gmail.com","author_link":"https:\/\/vapestornado.com\/lv\/author\/yannazhangmail-com\/"},"uagb_comment_info":0,"uagb_excerpt":"At vapestornado, we are committed to maintaining a responsible and legal approach to the sale of our vape products. To ensure we meet legal requirements and promote responsible vaping, we have implemented the following age verification policy: Legal Smoking Age Requirement Customers must be at least 21 years old (the legal smoking age in the&hellip;","_links":{"self":[{"href":"https:\/\/vapestornado.com\/lv\/wp-json\/wp\/v2\/pages\/2781","targetHints":{"allow":["GET"]}}],"collection":[{"href":"https:\/\/vapestornado.com\/lv\/wp-json\/wp\/v2\/pages"}],"about":[{"href":"https:\/\/vapestornado.com\/lv\/wp-json\/wp\/v2\/types\/page"}],"author":[{"embeddable":true,"href":"https:\/\/vapestornado.com\/lv\/wp-json\/wp\/v2\/users\/1"}],"replies":[{"embeddable":true,"href":"https:\/\/vapestornado.com\/lv\/wp-json\/wp\/v2\/comments?post=2781"}],"version-history":[{"count":1,"href":"https:\/\/vapestornado.com\/lv\/wp-json\/wp\/v2\/pages\/2781\/revisions"}],"predecessor-version":[{"id":2783,"href":"https:\/\/vapestornado.com\/lv\/wp-json\/wp\/v2\/pages\/2781\/revisions\/2783"}],"wp:attachment":[{"href":"https:\/\/vapestornado.com\/lv\/wp-json\/wp\/v2\/media?parent=2781"}],"curies":[{"name":"wp","href":"https:\/\/api.w.org\/{rel}","templated":true}]}}