{"id":2778,"date":"2024-11-12T09:59:42","date_gmt":"2024-11-12T09:59:42","guid":{"rendered":"https:\/\/vapestornado.com\/?page_id=2778"},"modified":"2024-11-12T09:59:43","modified_gmt":"2024-11-12T09:59:43","slug":"privacy-policy-for-vapestornado","status":"publish","type":"page","link":"https:\/\/vapestornado.com\/lv\/privacy-policy-for-vapestornado\/","title":{"rendered":"Priv\u0101tuma politika priek\u0161 vapestornado"},"content":{"rendered":"<p>Uz\u0146\u0113mum\u0101 vapestornado m\u0113s par priorit\u0101ti uzskat\u0101m j\u016bsu personisk\u0101s inform\u0101cijas aizsardz\u012bbu un konfidencialit\u0101ti. \u0160\u012b Priv\u0101tuma politika izskaidro, k\u0101 m\u0113s apkopojam, izmantojam un aizsarg\u0101jam inform\u0101ciju, ko sniedzat, izmantojot m\u016bsu vietni vapestornado.com.<\/p>\n\n\n\n<p><strong>Inform\u0101cijas v\u0101k\u0161ana<\/strong><\/p>\n\n\n\n<p>Kad j\u016bs apmekl\u0113jat m\u016bsu vietni, m\u0113s varam v\u0101kt \u0161\u0101da veida inform\u0101ciju:<\/p>\n\n\n\n<ul class=\"wp-block-list\">\n<li><strong>Personisk\u0101 inform\u0101cija<\/strong>: Tas ietver t\u0101du inform\u0101ciju k\u0101 j\u016bsu v\u0101rds, e-pasta adrese un kontaktinform\u0101cija, ko j\u016bs sniedzat, veicot pirkumu vai sazinoties ar mums.<\/li>\n\n\n\n<li><strong>P\u0101rl\u016bko\u0161anas un ier\u012bces inform\u0101cija<\/strong>: M\u0113s v\u0101cam inform\u0101ciju par j\u016bsu p\u0101rl\u016bko\u0161anas paradumiem un ier\u012bci, izmantojot s\u012bkfailus un l\u012bdz\u012bgas tehnolo\u0123ijas, lai uzlabotu j\u016bsu lietot\u0101ja pieredzi.<\/li>\n\n\n\n<li><strong>Cita inform\u0101cija<\/strong>: Jebkura papildu inform\u0101cija, ko j\u016bs br\u012bvpr\u0101t\u012bgi kop\u012bgojat ar mums.<\/li>\n<\/ul>\n\n\n\n<p><strong>Inform\u0101cijas izmanto\u0161ana<\/strong><\/p>\n\n\n\n<p>M\u0113s izmantojam sav\u0101kto inform\u0101ciju \u0161\u0101diem m\u0113r\u0137iem:<\/p>\n\n\n\n<ul class=\"wp-block-list\">\n<li><strong>Pas\u016bt\u012bjumu pazi\u0146ojumi<\/strong>: Kad veicat pas\u016bt\u012bjumu, m\u0113s izmantosim j\u016bsu nor\u0101d\u012bto e-pasta adresi, lai nos\u016bt\u012btu svar\u012bgus atjaunin\u0101jumus, piem\u0113ram, pas\u016bt\u012bjuma apstiprin\u0101jumus, pieg\u0101des pazi\u0146ojumus un citus ar pas\u016bt\u012bjumu saist\u012btus pazi\u0146ojumus.<\/li>\n\n\n\n<li><strong>M\u0101rketinga pazi\u0146ojumi<\/strong>: Veicot pas\u016bt\u012bjumu m\u016bsu vietn\u0113, j\u016bs piekr\u012btat sa\u0146emt periodiskus m\u0101rketinga e-pastus ar inform\u0101ciju par jauniem produktiem, \u012bpa\u0161iem pied\u0101v\u0101jumiem, akcij\u0101m un pas\u0101kumiem. J\u016bs varat atteikties no abon\u0113\u0161anas jebkur\u0101 laik\u0101, sekojot katr\u0101 e-past\u0101 sniegtajiem nor\u0101d\u012bjumiem.<\/li>\n\n\n\n<li><strong>Klientu sazi\u0146a<\/strong>: M\u0113s varam sazin\u0101ties ar jums saist\u012bb\u0101 ar j\u016bsu pas\u016bt\u012bjumiem, jaut\u0101jumiem un rekl\u0101mas atjaunin\u0101jumiem.<\/li>\n\n\n\n<li><strong>Vietnes uzlabo\u0161ana<\/strong>: M\u0113s izmantojam datus, lai uzlabotu m\u016bsu vietni un pakalpojumus, pamatojoties uz lietot\u0101ju atsauksm\u0113m un mijiedarb\u012bbu.<\/li>\n\n\n\n<li><strong>Dro\u0161\u012bba un kr\u0101p\u0161anas nov\u0113r\u0161ana<\/strong>: M\u0113s izmantojam j\u016bsu inform\u0101ciju, lai pal\u012bdz\u0113tu nodro\u0161in\u0101t m\u016bsu vietnes dro\u0161\u012bbu un nov\u0113rstu kr\u0101pnieciskas darb\u012bbas.<\/li>\n<\/ul>\n\n\n\n<p><strong>Inform\u0101cijas apmai\u0146a<\/strong><\/p>\n\n\n\n<p>M\u0113s nep\u0101rdodam un nedal\u0101mies ar j\u016bsu personisko inform\u0101ciju ar tre\u0161aj\u0101m pus\u0113m bez j\u016bsu piekri\u0161anas, iz\u0146emot gad\u012bjumus, kad tas ir nepiecie\u0161ams, lai izpild\u012btu j\u016bsu piepras\u012bjumus (piem\u0113ram, dal\u012b\u0161an\u0101s ar pieg\u0101des partneriem) vai k\u0101 to pieprasa likums.<\/p>\n\n\n\n<p><strong>Datu dro\u0161\u012bba<\/strong><\/p>\n\n\n\n<p>M\u0113s izmantojam nozar\u0113 atz\u012btus dro\u0161\u012bbas pas\u0101kumus, tostarp \u0161ifr\u0113\u0161anu, Secure Socket Layer (SSL) tehnolo\u0123iju un regul\u0101rus dro\u0161\u012bbas nov\u0113rt\u0113jumus, lai aizsarg\u0101tu j\u016bsu personisko inform\u0101ciju.<\/p>\n\n\n\n<p><strong>J\u016bsu ties\u012bbas<\/strong><\/p>\n\n\n\n<p>Jums ir ties\u012bbas jebkur\u0101 laik\u0101 piek\u013c\u016bt savai personiskajai inform\u0101cijai, to atjaunin\u0101t vai dz\u0113st. J\u016bs varat ar\u012b atteikties no m\u0101rketinga pazi\u0146ojumiem, noklik\u0161\u0137inot uz saites \u201cAtteikties\u201d m\u016bsu e-pastos.<\/p>\n\n\n\n<p><strong>Politikas atjaunin\u0101jumi<\/strong><\/p>\n\n\n\n<p>\u0160\u012b Priv\u0101tuma politika var tikt periodiski atjaunin\u0101ta, lai atspogu\u013cotu izmai\u0146as m\u016bsu praks\u0113 vai juridiskaj\u0101s pras\u012bb\u0101s. M\u0113s iesak\u0101m regul\u0101ri p\u0101rskat\u012bt \u0161o politiku.<\/p>\n\n\n\n<p>Izmantojot m\u016bsu vietni, j\u016bs piekr\u012btat \u0161aj\u0101 Priv\u0101tuma politik\u0101 izkl\u0101st\u012btajiem noteikumiem. Ja jums ir k\u0101di jaut\u0101jumi vai ba\u017eas par m\u016bsu priv\u0101tuma praksi, l\u016bdzu, sazinieties ar mums pa <a>info@vapestornado.com<\/a>.<\/p>\n\n\n\n<p>Paldies, ka izv\u0113l\u0113j\u0101ties vapestornado sav\u0101m vienreiz\u0113j\u0101s lieto\u0161anas vape vajadz\u012bb\u0101m.<\/p>","protected":false},"excerpt":{"rendered":"<p>Uz\u0146\u0113mum\u0101 vapestornado m\u0113s par priorit\u0101ti uzskat\u0101m j\u016bsu personisk\u0101s inform\u0101cijas aizsardz\u012bbu un konfidencialit\u0101ti. \u0160aj\u0101 Priv\u0101tuma politik\u0101 ir paskaidrots, k\u0101 m\u0113s apkopojam, izmantojam un aizsarg\u0101jam inform\u0101ciju, ko sniedzat, izmantojot m\u016bsu vietni vapestornado.com. Inform\u0101cijas v\u0101k\u0161ana Apmekl\u0113jot m\u016bsu vietni, m\u0113s varam apkopot \u0161\u0101dus inform\u0101cijas veidus: Inform\u0101cijas izmanto\u0161ana M\u0113s izmantojam apkopoto inform\u0101ciju [\u2026]<\/p>","protected":false},"author":1,"featured_media":0,"parent":0,"menu_order":0,"comment_status":"closed","ping_status":"closed","template":"","meta":{"_acf_changed":false,"_uag_custom_page_level_css":"","_lmt_disableupdate":"","_lmt_disable":"","_monsterinsights_skip_tracking":false,"_monsterinsights_sitenote_active":false,"_monsterinsights_sitenote_note":"","_monsterinsights_sitenote_category":0,"site-sidebar-layout":"default","site-content-layout":"","ast-site-content-layout":"default","site-content-style":"default","site-sidebar-style":"default","ast-global-header-display":"","ast-banner-title-visibility":"","ast-main-header-display":"","ast-hfb-above-header-display":"","ast-hfb-below-header-display":"","ast-hfb-mobile-header-display":"","site-post-title":"","ast-breadcrumbs-content":"","ast-featured-img":"","footer-sml-layout":"","ast-disable-related-posts":"","theme-transparent-header-meta":"","adv-header-id-meta":"","stick-header-meta":"","header-above-stick-meta":"","header-main-stick-meta":"","header-below-stick-meta":"","astra-migrate-meta-layouts":"set","ast-page-background-enabled":"default","ast-page-background-meta":{"desktop":{"background-color":"","background-image":"","background-repeat":"repeat","background-position":"center center","background-size":"auto","background-attachment":"scroll","background-type":"","background-media":"","overlay-type":"","overlay-color":"","overlay-opacity":"","overlay-gradient":""},"tablet":{"background-color":"","background-image":"","background-repeat":"repeat","background-position":"center center","background-size":"auto","background-attachment":"scroll","background-type":"","background-media":"","overlay-type":"","overlay-color":"","overlay-opacity":"","overlay-gradient":""},"mobile":{"background-color":"","background-image":"","background-repeat":"repeat","background-position":"center center","background-size":"auto","background-attachment":"scroll","background-type":"","background-media":"","overlay-type":"","overlay-color":"","overlay-opacity":"","overlay-gradient":""}},"ast-content-background-meta":{"desktop":{"background-color":"var(--ast-global-color-5)","background-image":"","background-repeat":"repeat","background-position":"center center","background-size":"auto","background-attachment":"scroll","background-type":"","background-media":"","overlay-type":"","overlay-color":"","overlay-opacity":"","overlay-gradient":""},"tablet":{"background-color":"var(--ast-global-color-5)","background-image":"","background-repeat":"repeat","background-position":"center center","background-size":"auto","background-attachment":"scroll","background-type":"","background-media":"","overlay-type":"","overlay-color":"","overlay-opacity":"","overlay-gradient":""},"mobile":{"background-color":"var(--ast-global-color-5)","background-image":"","background-repeat":"repeat","background-position":"center center","background-size":"auto","background-attachment":"scroll","background-type":"","background-media":"","overlay-type":"","overlay-color":"","overlay-opacity":"","overlay-gradient":""}},"_joinchat":[],"footnotes":""},"class_list":["post-2778","page","type-page","status-publish","hentry"],"acf":[],"uagb_featured_image_src":{"full":false,"thumbnail":false,"medium":false,"medium_large":false,"large":false,"1536x1536":false,"2048x2048":false,"trp-custom-language-flag":false,"woocommerce_thumbnail":false,"woocommerce_single":false,"woocommerce_gallery_thumbnail":false},"uagb_author_info":{"display_name":"yannazhan@gmail.com","author_link":"https:\/\/vapestornado.com\/lv\/author\/yannazhangmail-com\/"},"uagb_comment_info":0,"uagb_excerpt":"At vapestornado, we prioritize the protection and confidentiality of your personal information. This Privacy Policy explains how we collect, use, and protect the information you provide while using our website, vapestornado.com. Information Collection When you visit our website, we may collect the following types of information: Use of Information We use the information we collect&hellip;","_links":{"self":[{"href":"https:\/\/vapestornado.com\/lv\/wp-json\/wp\/v2\/pages\/2778","targetHints":{"allow":["GET"]}}],"collection":[{"href":"https:\/\/vapestornado.com\/lv\/wp-json\/wp\/v2\/pages"}],"about":[{"href":"https:\/\/vapestornado.com\/lv\/wp-json\/wp\/v2\/types\/page"}],"author":[{"embeddable":true,"href":"https:\/\/vapestornado.com\/lv\/wp-json\/wp\/v2\/users\/1"}],"replies":[{"embeddable":true,"href":"https:\/\/vapestornado.com\/lv\/wp-json\/wp\/v2\/comments?post=2778"}],"version-history":[{"count":1,"href":"https:\/\/vapestornado.com\/lv\/wp-json\/wp\/v2\/pages\/2778\/revisions"}],"predecessor-version":[{"id":2779,"href":"https:\/\/vapestornado.com\/lv\/wp-json\/wp\/v2\/pages\/2778\/revisions\/2779"}],"wp:attachment":[{"href":"https:\/\/vapestornado.com\/lv\/wp-json\/wp\/v2\/media?parent=2778"}],"curies":[{"name":"wp","href":"https:\/\/api.w.org\/{rel}","templated":true}]}}