{"id":2776,"date":"2024-11-12T09:55:46","date_gmt":"2024-11-12T09:55:46","guid":{"rendered":"https:\/\/vapestornado.com\/?page_id=2776"},"modified":"2024-11-12T09:55:48","modified_gmt":"2024-11-12T09:55:48","slug":"terms-conditions","status":"publish","type":"page","link":"https:\/\/vapestornado.com\/lv\/terms-conditions\/","title":{"rendered":"Noteikumi un nosac\u012bjumi"},"content":{"rendered":"<p>Laipni l\u016bdzam vapestornado! Piek\u013c\u016bstot m\u016bsu vietnei un to lietojot, j\u016bs piekr\u012btat iev\u0113rot \u0161os noteikumus un nosac\u012bjumus, k\u0101 ar\u012b piem\u0113rojamos likumus. Ja nepiekr\u012btat \u0161iem noteikumiem, l\u016bdzu, neizmantojiet m\u016bsu vietni. Veicot pirkumu m\u016bsu vietn\u0113, j\u016bs piekr\u012btat Noteikumiem.<\/p>\n\n\n\n<p><strong>Starptautiski pas\u016bt\u012bjumi<\/strong><\/p>\n\n\n\n<p>vapestornado atrodas Honkong\u0101 un darbojas vis\u0101 pasaul\u0113. Klienti, kas iep\u0113rkas pie mums un veic pieg\u0101di uz valst\u012bm \u0101rpus Honkongas, tiks uzskat\u012bti par starptautiskiem klientiem. L\u016bdzu, p\u0101rliecinieties, ka saprotat savas valsts noteikumus attiec\u012bb\u0101 uz iztvaic\u0113t\u0101ju produktu glab\u0101\u0161anu, importu, eksportu un lieto\u0161anu pirms pirkuma veik\u0161anas. Papildu politikas konkr\u0113t\u0101m valst\u012bm ir nor\u0101d\u012btas m\u016bsu Pieg\u0101des, Atgrie\u0161anas un Garantijas politik\u0101s.<\/p>\n\n\n\n<p><strong>Autorties\u012bbas<\/strong><\/p>\n\n\n\n<p>Viss \u0161\u012bs vietnes saturs, ieskaitot tekstu, grafiku un kodu, ir aizsarg\u0101ts ar autorties\u012bb\u0101m k\u0101 kolekt\u012bvs darbs saska\u0146\u0101 ar autorties\u012bbu likumiem. \u0160is kolekt\u012bvais darbs ietver darbus, kas licenc\u0113ti vapestornado. Autorties\u012bbas 2022, vapestornado. Visas ties\u012bbas aizsarg\u0101tas. J\u016bs varat elektroniski kop\u0113t un izdruk\u0101t \u0161\u012bs vietnes da\u013cas tikai ar m\u0113r\u0137i veikt pas\u016bt\u012bjumu vietn\u0113 vapestornado vai ieg\u0101d\u0101ties vapestornado produktus. Jebk\u0101da cita izmanto\u0161ana, ieskaitot vietnes satura reproduc\u0113\u0161anu, izplat\u012b\u0161anu, att\u0113lo\u0161anu vai p\u0101rraid\u012b\u0161anu, ir stingri aizliegta bez skaidras vapestornado Inc. at\u013caujas.<\/p>\n\n\n\n<p><strong>Pre\u010du z\u012bmes<\/strong><\/p>\n\n\n\n<p>Visas pre\u010du z\u012bmes, pakalpojumu z\u012bmes un tirdzniec\u012bbas nosaukumi, kas tiek izmantoti \u0161aj\u0101 vietn\u0113, ir vapestornado pre\u010du z\u012bmes vai re\u0123istr\u0113tas pre\u010du z\u012bmes.<\/p>\n\n\n\n<p><strong>Garantijas atruna<\/strong><\/p>\n\n\n\n<p>M\u016bsu vietne un sniegtie materi\u0101li un produkti tiek pied\u0101v\u0101ti \"t\u0101di, k\u0101di ir\" bez jebk\u0101d\u0101m tie\u0161\u0101m vai netie\u0161\u0101m garantij\u0101m. vapestornado atsak\u0101s no vis\u0101m garantij\u0101m, ieskaitot piem\u0113rot\u012bbu tirdzniec\u012bbai, piem\u0113rot\u012bbu noteiktam m\u0113r\u0137im un ties\u012bbu neaizskaram\u012bbu. M\u0113s negarant\u0113jam, ka vietnes funkcijas b\u016bs nep\u0101rtrauktas vai bez k\u013c\u016bd\u0101m, vai ka tiks laboti visi defekti. M\u0113s ar\u012b negarant\u0113jam vietn\u0113 eso\u0161o materi\u0101lu precizit\u0101ti, savlaic\u012bgumu vai uzticam\u012bbu.<\/p>\n\n\n\n<p><strong>Atbild\u012bbas ierobe\u017eojums<\/strong><\/p>\n\n\n\n<p>vapestornado neuz\u0146emas atbild\u012bbu par jebk\u0101diem \u012bpa\u0161iem vai izrieto\u0161iem zaud\u0113jumiem, kas radu\u0161ies, izmantojot materi\u0101lus \u0161aj\u0101 vietn\u0113 vai produktu darb\u012bbas rezult\u0101t\u0101, pat ja ir br\u012bdin\u0101ts par \u0161\u0101du zaud\u0113jumu iesp\u0113jam\u012bbu. Da\u017e\u0101s jurisdikcij\u0101s nav at\u013cauti garantiju ierobe\u017eojumi vai atbild\u012bbas izsl\u0113g\u0161ana par izrieto\u0161iem zaud\u0113jumiem, t\u0101p\u0113c \u0161ie ierobe\u017eojumi var neattiekties uz jums.<\/p>\n\n\n\n<p><strong>Izbeig\u0161ana<\/strong><\/p>\n\n\n\n<p>\u0160ie noteikumi un nosac\u012bjumi attiecas uz jums, piek\u013c\u016bstot vietnei vai pabeidzot jebk\u0101du re\u0123istr\u0101cijas vai iepirk\u0161an\u0101s procesu. vapestornado var izbeigt \u0161os noteikumus un nosac\u012bjumus vai jebkuru to da\u013cu bez br\u012bdin\u0101juma jebkur\u0101 laik\u0101 un jebk\u0101da iemesla d\u0113\u013c. Da\u017ei noteikumi, tostarp Autorties\u012bbas, Pre\u010du z\u012bmes, Atruna, Atbild\u012bbas ierobe\u017eojums, Kompens\u0101cija un Da\u017e\u0101di noteikumi, paliek sp\u0113k\u0101 ar\u012b p\u0113c darb\u012bbas izbeig\u0161anas.<\/p>\n\n\n\n<p><strong>Pazi\u0146ojums<\/strong><\/p>\n\n\n\n<p>vapestornado var sniegt jums pazi\u0146ojumu pa e-pastu, visp\u0101r\u012bgu pazi\u0146ojumu vietn\u0113 vai cit\u0101m uzticam\u0101m metod\u0113m, izmantojot j\u016bsu sniegto kontaktinform\u0101ciju.<\/p>\n\n\n\n<p><strong>Da\u017e\u0101di<\/strong><\/p>\n\n\n\n<p>\u0160\u012bs vietnes lieto\u0161anu regul\u0113 Honkongas likumi, ne\u0146emot v\u0113r\u0101 ties\u012bbu normu izv\u0113li. Jebkura tiesved\u012bba, kas saist\u012bta ar \u0161o vietni, notiek Honkongas ties\u0101s. Jebkuras pretenzijas, kas saist\u012btas ar vietni, j\u0101iesniedz viena gada laik\u0101 no pretenzijas ra\u0161an\u0101s br\u012b\u017ea. vapestornado nesp\u0113ja nodro\u0161in\u0101t k\u0101da no \u0161o noteikumu iev\u0113ro\u0161anu neatbr\u012bvo no jebk\u0101d\u0101m ties\u012bb\u0101m. vapestornado var nodot savas ties\u012bbas un pien\u0101kumus saska\u0146\u0101 ar \u0161o l\u012bgumu bez br\u012bdin\u0101juma.<\/p>\n\n\n\n<p><strong>Vietnes lieto\u0161ana<\/strong><\/p>\n\n\n\n<p>Jebk\u0101da veida uzm\u0101k\u0161an\u0101s vietn\u0113 ir aizliegta. J\u016bs nedr\u012bkstat aug\u0161upiel\u0101d\u0113t nepie\u0146emamu saturu vai l\u016bgt citiem komerci\u0101lus pakalpojumus. vapestornado patur ties\u012bbas blo\u0137\u0113t vai no\u0146emt neatbilsto\u0161u saturu p\u0113c saviem ieskatiem.<\/p>\n\n\n\n<p><strong>Dal\u012bbas atruna<\/strong><\/p>\n\n\n\n<p>vapestornado nav atbild\u012bgs par lietot\u0101ju \u0123ener\u0113tu saturu vietn\u0113. M\u0113s darbojamies k\u0101 izplat\u012b\u0161anas kan\u0101ls un paturam ties\u012bbas no\u0146emt jebkuru nev\u0113lamu materi\u0101lu.<\/p>\n\n\n\n<p><strong>Produktu lieto\u0161ana<\/strong><\/p>\n\n\n\n<p>vapestornado neizsaka apgalvojumus par m\u016bsu produktu efektivit\u0101ti jebk\u0101dam konkr\u0113tam lietojumam. Ieg\u0101d\u0101joties m\u016bsu produktus, j\u016bs piekr\u012btat tos lietot uz savu risku. Nikot\u012bna produkti ir paredz\u0113ti tikai pieaugu\u0161ajiem. Pirms nikot\u012bna produktu lieto\u0161anas konsult\u0113jieties ar \u0101rstu.<\/p>\n\n\n\n<p><strong>Atbild\u012bbas atbr\u012bvojums<\/strong><\/p>\n\n\n\n<p>J\u016bs piekr\u012btat atl\u012bdzin\u0101t vapestornado un t\u0101 pakalpojumu sniedz\u0113jiem jebk\u0101dus zaud\u0113jumus, izdevumus, traumas, boj\u0101jumus un izmaksas, kas radu\u0161\u0101s \u0161o noteikumu p\u0101rk\u0101puma vai ar j\u016bsu kontu saist\u012btu darb\u012bbu rezult\u0101t\u0101.<\/p>\n\n\n\n<p><strong>Tre\u0161o pu\u0161u saites<\/strong><\/p>\n\n\n\n<p>vapestornado var ievietot saites uz tre\u0161o pu\u0161u vietn\u0113m apmekl\u0113t\u0101ju \u0113rt\u012bb\u0101m. Mums nav kontroles p\u0101r \u0161\u012bm vietn\u0113m un m\u0113s neesam atbild\u012bgi par to praksi.<\/p>\n\n\n\n<p><strong>Produkta atruna<\/strong><\/p>\n\n\n\n<p>Da\u017eiem produktiem var b\u016bt \u012bpa\u0161as atrunas attiec\u012bb\u0101 uz ties\u012bb\u0101m uz mai\u0146u vai atmaksu. L\u016bdzu, izlasiet visas produktu atrunas pirms ieg\u0101des. Piekr\u012btot m\u016bsu noteikumiem un nosac\u012bjumiem nor\u0113\u0137inu laik\u0101, j\u016bs apstiprin\u0101t, ka esat izlas\u012bjis un sapratis visas produktu atrunas.<\/p>\n\n\n\n<p>Paldies, ka izv\u0113l\u0113j\u0101ties vapestornado!<\/p>","protected":false},"excerpt":{"rendered":"<p>Welcome to vapestornado! By accessing and using our website, you agree to comply with the following terms and conditions, along with applicable laws. If you do not agree with these terms, please do not use our site. By making a purchase on our website, you agree to the Terms &amp; Conditions below, as well as [&hellip;]<\/p>","protected":false},"author":1,"featured_media":0,"parent":0,"menu_order":0,"comment_status":"closed","ping_status":"closed","template":"","meta":{"_acf_changed":false,"_uag_custom_page_level_css":"","_lmt_disableupdate":"","_lmt_disable":"","_monsterinsights_skip_tracking":false,"_monsterinsights_sitenote_active":false,"_monsterinsights_sitenote_note":"","_monsterinsights_sitenote_category":0,"site-sidebar-layout":"default","site-content-layout":"","ast-site-content-layout":"default","site-content-style":"default","site-sidebar-style":"default","ast-global-header-display":"","ast-banner-title-visibility":"","ast-main-header-display":"","ast-hfb-above-header-display":"","ast-hfb-below-header-display":"","ast-hfb-mobile-header-display":"","site-post-title":"","ast-breadcrumbs-content":"","ast-featured-img":"","footer-sml-layout":"","ast-disable-related-posts":"","theme-transparent-header-meta":"","adv-header-id-meta":"","stick-header-meta":"","header-above-stick-meta":"","header-main-stick-meta":"","header-below-stick-meta":"","astra-migrate-meta-layouts":"set","ast-page-background-enabled":"default","ast-page-background-meta":{"desktop":{"background-color":"","background-image":"","background-repeat":"repeat","background-position":"center center","background-size":"auto","background-attachment":"scroll","background-type":"","background-media":"","overlay-type":"","overlay-color":"","overlay-opacity":"","overlay-gradient":""},"tablet":{"background-color":"","background-image":"","background-repeat":"repeat","background-position":"center center","background-size":"auto","background-attachment":"scroll","background-type":"","background-media":"","overlay-type":"","overlay-color":"","overlay-opacity":"","overlay-gradient":""},"mobile":{"background-color":"","background-image":"","background-repeat":"repeat","background-position":"center center","background-size":"auto","background-attachment":"scroll","background-type":"","background-media":"","overlay-type":"","overlay-color":"","overlay-opacity":"","overlay-gradient":""}},"ast-content-background-meta":{"desktop":{"background-color":"var(--ast-global-color-5)","background-image":"","background-repeat":"repeat","background-position":"center center","background-size":"auto","background-attachment":"scroll","background-type":"","background-media":"","overlay-type":"","overlay-color":"","overlay-opacity":"","overlay-gradient":""},"tablet":{"background-color":"var(--ast-global-color-5)","background-image":"","background-repeat":"repeat","background-position":"center center","background-size":"auto","background-attachment":"scroll","background-type":"","background-media":"","overlay-type":"","overlay-color":"","overlay-opacity":"","overlay-gradient":""},"mobile":{"background-color":"var(--ast-global-color-5)","background-image":"","background-repeat":"repeat","background-position":"center center","background-size":"auto","background-attachment":"scroll","background-type":"","background-media":"","overlay-type":"","overlay-color":"","overlay-opacity":"","overlay-gradient":""}},"_joinchat":[],"footnotes":""},"class_list":["post-2776","page","type-page","status-publish","hentry"],"acf":[],"uagb_featured_image_src":{"full":false,"thumbnail":false,"medium":false,"medium_large":false,"large":false,"1536x1536":false,"2048x2048":false,"trp-custom-language-flag":false,"woocommerce_thumbnail":false,"woocommerce_single":false,"woocommerce_gallery_thumbnail":false},"uagb_author_info":{"display_name":"yannazhan@gmail.com","author_link":"https:\/\/vapestornado.com\/lv\/author\/yannazhangmail-com\/"},"uagb_comment_info":0,"uagb_excerpt":"Welcome to vapestornado! By accessing and using our website, you agree to comply with the following terms and conditions, along with applicable laws. If you do not agree with these terms, please do not use our site. By making a purchase on our website, you agree to the Terms &amp; Conditions below, as well as&hellip;","_links":{"self":[{"href":"https:\/\/vapestornado.com\/lv\/wp-json\/wp\/v2\/pages\/2776","targetHints":{"allow":["GET"]}}],"collection":[{"href":"https:\/\/vapestornado.com\/lv\/wp-json\/wp\/v2\/pages"}],"about":[{"href":"https:\/\/vapestornado.com\/lv\/wp-json\/wp\/v2\/types\/page"}],"author":[{"embeddable":true,"href":"https:\/\/vapestornado.com\/lv\/wp-json\/wp\/v2\/users\/1"}],"replies":[{"embeddable":true,"href":"https:\/\/vapestornado.com\/lv\/wp-json\/wp\/v2\/comments?post=2776"}],"version-history":[{"count":1,"href":"https:\/\/vapestornado.com\/lv\/wp-json\/wp\/v2\/pages\/2776\/revisions"}],"predecessor-version":[{"id":2777,"href":"https:\/\/vapestornado.com\/lv\/wp-json\/wp\/v2\/pages\/2776\/revisions\/2777"}],"wp:attachment":[{"href":"https:\/\/vapestornado.com\/lv\/wp-json\/wp\/v2\/media?parent=2776"}],"curies":[{"name":"wp","href":"https:\/\/api.w.org\/{rel}","templated":true}]}}