{"id":2772,"date":"2024-11-12T09:48:42","date_gmt":"2024-11-12T09:48:42","guid":{"rendered":"https:\/\/vapestornado.com\/?page_id=2772"},"modified":"2024-11-12T09:52:13","modified_gmt":"2024-11-12T09:52:13","slug":"vapestornado-shipping-policy","status":"publish","type":"page","link":"https:\/\/vapestornado.com\/lv\/vapestornado-shipping-policy\/","title":{"rendered":"vapestornado Pieg\u0101des politika"},"content":{"rendered":"<ol class=\"wp-block-list\">\n<li><strong>Apstr\u0101des un pieg\u0101des laiki:<\/strong><br>Pas\u016bt\u012bjumi tiek apstr\u0101d\u0101ti un nos\u016bt\u012bti 1\u20133 darba dienu laik\u0101. Pieg\u0101des laiks parasti ir no 7 l\u012bdz 15 darba dien\u0101m. L\u016bdzu, \u0146emiet v\u0113r\u0101, ka m\u0113s neveicam pieg\u0101des br\u012bvdien\u0101s.<\/li>\n\n\n\n<li><strong>Izseko\u0161anas inform\u0101cija:<\/strong><br>Kad j\u016bsu pas\u016bt\u012bjums b\u016bs nos\u016bt\u012bts, j\u016bs sa\u0146emsiet e-pastu ar izseko\u0161anas inform\u0101ciju. Izsekojiet savu s\u016bt\u012bjumu, izmantojot nor\u0101d\u012bto izseko\u0161anas numuru vietn\u0113 <a href=\"https:\/\/www.17track.net\/en\" target=\"_blank\" rel=\"noopener\">https:\/\/www.17track.net\/en<\/a>. L\u016bdzu, pagaidiet 1\u20132 dienas p\u0113c nos\u016bt\u012b\u0161anas, l\u012bdz par\u0101d\u012bsies izseko\u0161anas atjaunin\u0101jumi.<\/li>\n\n\n\n<li><strong>Pas\u016bt\u012bjuma atcel\u0161ana vai adreses mai\u0146a:<\/strong><br>J\u016bs varat atcelt vai atjaunin\u0101t pieg\u0101des adresi jebkur\u0101 laik\u0101 pirms pas\u016bt\u012bjuma nos\u016bt\u012b\u0161anas. Tom\u0113r, kad tas ir nos\u016bt\u012bts, m\u0113s nevaram apstr\u0101d\u0101t atmaksu vai adreses izmai\u0146as.<\/li>\n\n\n\n<li><strong>Pieg\u0101des nodeva samaks\u0101ta (DDP):<\/strong><br>Da\u017e\u0101m valst\u012bm m\u0113s pied\u0101v\u0101jam DDP pieg\u0101di, kas noz\u012bm\u0113, ka jums neb\u016bs j\u0101nok\u0101rto muito\u0161ana vai j\u0101maks\u0101 nodevas.<ul><li><strong>Latvija<\/strong> \u2013 UPS Express<\/li><li><strong>UK<\/strong> \u2013 Viet\u0113jais DPD Express<\/li><li><strong>Eiropa<\/strong> \u2013 UPS Express\/DPD Express\/DHL Express<\/li><\/ul><strong>Valstis, kas Eirop\u0101 atbilst DDP pras\u012bb\u0101m<\/strong> ir: V\u0101cija, Be\u013c\u0123ija, Luksemburga, N\u012bderlande, \u010cehija, Polija, Horv\u0101tija, Slov\u0101kija, Slov\u0113nija, Somija, D\u0101nija, Zviedrija, Austrija, Francija, It\u0101lija, Ung\u0101rija, Bulg\u0101rija, Lietuva, Igaunija, Latvija, Grie\u0137ija, \u012arija, Portug\u0101le un Sp\u0101nija.<\/li>\n\n\n\n<li><strong>L\u016bdzu, \u0146emiet v\u0113r\u0101:<\/strong> S\u016bt\u012bjumiem uz Somiju, Zviedriju, D\u0101niju, Norv\u0113\u0123iju, Islandi, \u0160veici un Serbiju past\u0101v sekund\u0101r\u0101s muito\u0161anas risks. Ja preces inspekcijas laik\u0101 konfisc\u0113 viet\u0113j\u0101 muita, muitas apdro\u0161in\u0101\u0161ana zaud\u0113jumus nesegs.<\/li>\n<\/ol>\n\n\n\n<p>Paldies, ka izv\u0113l\u0113j\u0101ties vapestornado sav\u0101m vap\u0113\u0161anas vajadz\u012bb\u0101m!<\/p>\n\n\n\n<hr class=\"wp-block-separator has-alpha-channel-opacity\"\/>\n\n\n\n<p><strong>Puff pieg\u0101des laiki konkr\u0113t\u0101m valst\u012bm<\/strong><\/p>\n\n\n\n<figure class=\"wp-block-table\"><table class=\"has-fixed-layout\"><thead><tr><th>Valsts<\/th><th>Pieg\u0101des metode<\/th><th>Pieg\u0101des laiks<\/th><\/tr><\/thead><tbody><tr><td>Latvija<\/td><td>Viet\u0113jais UPS Ground<\/td><td>10-15 dienas<\/td><\/tr><tr><td>UK<\/td><td>Viet\u0113jais DPD Express<\/td><td>7-12 dienas<\/td><\/tr><tr><td>V\u0101cija<\/td><td>UPS\/DPD\/DHL<\/td><td>8-13 dienas<\/td><\/tr><tr><td>Francija<\/td><td>UPS\/DPD\/DHL<\/td><td>8-13 dienas<\/td><\/tr><tr><td>Be\u013c\u0123ija<\/td><td>UPS\/DPD\/DHL<\/td><td>8-13 dienas<\/td><\/tr><tr><td>Luksemburga<\/td><td>UPS\/DPD\/DHL<\/td><td>8-13 dienas<\/td><\/tr><tr><td>N\u012bderlande<\/td><td>UPS\/DPD\/DHL<\/td><td>8-13 dienas<\/td><\/tr><tr><td>\u010cehija<\/td><td>UPS\/DPD\/DHL<\/td><td>8-13 dienas<\/td><\/tr><tr><td>Poliju<\/td><td>UPS\/DPD\/DHL<\/td><td>8-13 dienas<\/td><\/tr><tr><td>Horv\u0101tija<\/td><td>UPS\/DPD\/DHL<\/td><td>8-13 dienas<\/td><\/tr><tr><td>Slov\u0101kija<\/td><td>UPS\/DPD\/DHL<\/td><td>8-13 dienas<\/td><\/tr><tr><td>Slov\u0113nija<\/td><td>UPS\/DPD\/DHL<\/td><td>8-13 dienas<\/td><\/tr><tr><td>Somija<\/td><td>UPS\/DPD\/DHL<\/td><td>8-13 dienas<\/td><\/tr><tr><td>D\u0101nija<\/td><td>UPS\/DPD\/DHL<\/td><td>8-13 dienas<\/td><\/tr><tr><td>Zviedriju<\/td><td>UPS\/DPD\/DHL<\/td><td>8-13 dienas<\/td><\/tr><tr><td>Austrija<\/td><td>UPS\/DPD\/DHL<\/td><td>8-13 dienas<\/td><\/tr><tr><td>It\u0101liju<\/td><td>UPS\/DPD\/DHL<\/td><td>8-13 dienas<\/td><\/tr><tr><td>Ung\u0101rija<\/td><td>UPS\/DPD\/DHL<\/td><td>8-13 dienas<\/td><\/tr><tr><td>Lietuva<\/td><td>UPS\/DPD\/DHL<\/td><td>8-13 dienas<\/td><\/tr><tr><td>Igaunija<\/td><td>UPS\/DPD\/DHL<\/td><td>8-13 dienas<\/td><\/tr><tr><td>Latvija<\/td><td>UPS\/DPD\/DHL<\/td><td>8-13 dienas<\/td><\/tr><tr><td>vis\u0101 Eirop\u0101, ieskaitot<\/td><td>UPS\/DPD\/DHL<\/td><td>8-13 dienas<\/td><\/tr><tr><td>\u012arija<\/td><td>UPS\/DPD\/DHL<\/td><td>8-13 dienas<\/td><\/tr><tr><td>Bulg\u0101riju<\/td><td>UPS\/DPD\/DHL<\/td><td>8-13 dienas<\/td><\/tr><tr><td>Sp\u0101niju<\/td><td>UPS\/DPD\/DHL<\/td><td>8-13 dienas<\/td><\/tr><tr><td>AAE (Dubai)<\/td><td>Dubai speci\u0101l\u0101 l\u012bnija<\/td><td>12-18 dienas<\/td><\/tr><tr><td>Dienvid\u0101frika<\/td><td>Dienvid\u0101frikas speci\u0101l\u0101 l\u012bnija<\/td><td>15-25 dienas<\/td><\/tr><tr><td>Vjetnama<\/td><td>Vjetnamas speci\u0101l\u0101 l\u012bnija<\/td><td>3-5 dienas<\/td><\/tr><tr><td>Rietumu Malaizija<\/td><td>Malaizijai paredz\u0113ta l\u012bnija<\/td><td>4-8 dienas<\/td><\/tr><\/tbody><\/table><\/figure>\n\n\n\n<p><\/p>","protected":false},"excerpt":{"rendered":"<p>Paldies, ka izv\u0113l\u0113j\u0101ties vapestornado sav\u0101m vap\u0113\u0161anas vajadz\u012bb\u0101m! Puff pieg\u0101des laiki konkr\u0113t\u0101m valst\u012bm Valsts Pieg\u0101des metode Pieg\u0101des laiks Latvija Viet\u0113jais UPS Ground 10-15 dienas Lielbrit\u0101nija Viet\u0113jais DPD Express 7-12 dienas V\u0101cija UPS\/DPD\/DHL 8-13 dienas Francija UPS\/DPD\/DHL 8-13 dienas Be\u013c\u0123ija UPS\/DPD\/DHL 8-13 dienas Luksemburga UPS\/DPD\/DHL 8-13 dienas N\u012bderlande UPS\/DPD\/DHL 8-13 dienas \u010cehija UPS\/DPD\/DHL [\u2026]<\/p>","protected":false},"author":1,"featured_media":0,"parent":0,"menu_order":0,"comment_status":"closed","ping_status":"closed","template":"","meta":{"_acf_changed":false,"_uag_custom_page_level_css":"","_lmt_disableupdate":"","_lmt_disable":"","_monsterinsights_skip_tracking":false,"_monsterinsights_sitenote_active":false,"_monsterinsights_sitenote_note":"","_monsterinsights_sitenote_category":0,"site-sidebar-layout":"default","site-content-layout":"","ast-site-content-layout":"default","site-content-style":"default","site-sidebar-style":"default","ast-global-header-display":"","ast-banner-title-visibility":"","ast-main-header-display":"","ast-hfb-above-header-display":"","ast-hfb-below-header-display":"","ast-hfb-mobile-header-display":"","site-post-title":"","ast-breadcrumbs-content":"","ast-featured-img":"","footer-sml-layout":"","ast-disable-related-posts":"","theme-transparent-header-meta":"","adv-header-id-meta":"","stick-header-meta":"","header-above-stick-meta":"","header-main-stick-meta":"","header-below-stick-meta":"","astra-migrate-meta-layouts":"set","ast-page-background-enabled":"default","ast-page-background-meta":{"desktop":{"background-color":"","background-image":"","background-repeat":"repeat","background-position":"center center","background-size":"auto","background-attachment":"scroll","background-type":"","background-media":"","overlay-type":"","overlay-color":"","overlay-opacity":"","overlay-gradient":""},"tablet":{"background-color":"","background-image":"","background-repeat":"repeat","background-position":"center center","background-size":"auto","background-attachment":"scroll","background-type":"","background-media":"","overlay-type":"","overlay-color":"","overlay-opacity":"","overlay-gradient":""},"mobile":{"background-color":"","background-image":"","background-repeat":"repeat","background-position":"center center","background-size":"auto","background-attachment":"scroll","background-type":"","background-media":"","overlay-type":"","overlay-color":"","overlay-opacity":"","overlay-gradient":""}},"ast-content-background-meta":{"desktop":{"background-color":"var(--ast-global-color-5)","background-image":"","background-repeat":"repeat","background-position":"center center","background-size":"auto","background-attachment":"scroll","background-type":"","background-media":"","overlay-type":"","overlay-color":"","overlay-opacity":"","overlay-gradient":""},"tablet":{"background-color":"var(--ast-global-color-5)","background-image":"","background-repeat":"repeat","background-position":"center center","background-size":"auto","background-attachment":"scroll","background-type":"","background-media":"","overlay-type":"","overlay-color":"","overlay-opacity":"","overlay-gradient":""},"mobile":{"background-color":"var(--ast-global-color-5)","background-image":"","background-repeat":"repeat","background-position":"center center","background-size":"auto","background-attachment":"scroll","background-type":"","background-media":"","overlay-type":"","overlay-color":"","overlay-opacity":"","overlay-gradient":""}},"_joinchat":[],"footnotes":""},"class_list":["post-2772","page","type-page","status-publish","hentry"],"acf":[],"uagb_featured_image_src":{"full":false,"thumbnail":false,"medium":false,"medium_large":false,"large":false,"1536x1536":false,"2048x2048":false,"trp-custom-language-flag":false,"woocommerce_thumbnail":false,"woocommerce_single":false,"woocommerce_gallery_thumbnail":false},"uagb_author_info":{"display_name":"yannazhan@gmail.com","author_link":"https:\/\/vapestornado.com\/lv\/author\/yannazhangmail-com\/"},"uagb_comment_info":0,"uagb_excerpt":"Thank you for choosing vapestornado for your vaping needs! Puff Shipping Times for Specific Countries Country Shipping Method Shipping Time USA Local UPS Ground 10-15 Days UK Local DPD Express 7-12 Days Germany UPS\/DPD\/DHL 8-13 Days France UPS\/DPD\/DHL 8-13 Days Belgium UPS\/DPD\/DHL 8-13 Days Luxembourg UPS\/DPD\/DHL 8-13 Days Netherlands UPS\/DPD\/DHL 8-13 Days Czech Republic UPS\/DPD\/DHL&hellip;","_links":{"self":[{"href":"https:\/\/vapestornado.com\/lv\/wp-json\/wp\/v2\/pages\/2772","targetHints":{"allow":["GET"]}}],"collection":[{"href":"https:\/\/vapestornado.com\/lv\/wp-json\/wp\/v2\/pages"}],"about":[{"href":"https:\/\/vapestornado.com\/lv\/wp-json\/wp\/v2\/types\/page"}],"author":[{"embeddable":true,"href":"https:\/\/vapestornado.com\/lv\/wp-json\/wp\/v2\/users\/1"}],"replies":[{"embeddable":true,"href":"https:\/\/vapestornado.com\/lv\/wp-json\/wp\/v2\/comments?post=2772"}],"version-history":[{"count":3,"href":"https:\/\/vapestornado.com\/lv\/wp-json\/wp\/v2\/pages\/2772\/revisions"}],"predecessor-version":[{"id":2775,"href":"https:\/\/vapestornado.com\/lv\/wp-json\/wp\/v2\/pages\/2772\/revisions\/2775"}],"wp:attachment":[{"href":"https:\/\/vapestornado.com\/lv\/wp-json\/wp\/v2\/media?parent=2772"}],"curies":[{"name":"wp","href":"https:\/\/api.w.org\/{rel}","templated":true}]}}