{"id":2769,"date":"2024-11-12T09:44:18","date_gmt":"2024-11-12T09:44:18","guid":{"rendered":"https:\/\/vapestornado.com\/?page_id=2769"},"modified":"2024-11-12T09:45:01","modified_gmt":"2024-11-12T09:45:01","slug":"refund-policy","status":"publish","type":"page","link":"https:\/\/vapestornado.com\/lv\/refund-policy\/","title":{"rendered":"Atgrie\u0161anas politika"},"content":{"rendered":"<p>Paldies, ka iepirk\u0101ties veikal\u0101 vapestornado. L\u016bdzu, r\u016bp\u012bgi iepaz\u012bstieties ar m\u016bsu atmaksas politiku:<\/p>\n\n\n\n<p><strong>Atgrie\u0161anas piepras\u012bjumi 24 stundu laik\u0101:<\/strong><br>J\u016bs varat piepras\u012bt naudas atmaksu 24 stundu laik\u0101 p\u0113c pas\u016bt\u012bjuma veik\u0161anas. Sazinieties ar mums nekav\u0113joties, lai sa\u0146emtu pilnu atmaksu.<\/p>\n\n\n\n<p><strong>Atgrie\u0161anas piepras\u012bjumi p\u0113c 24 stund\u0101m:<\/strong><br>Pas\u016bt\u012bjumiem, kas veikti vair\u0101k nek\u0101 pirms 24 stund\u0101m, pilna naudas atmaksa var neb\u016bt iesp\u0113jama, jo pas\u016bt\u012bjumi parasti tiek sagatavoti muitas proced\u016br\u0101m. \u0160\u0101dos gad\u012bjumos m\u0113s varam nodro\u0161in\u0101t da\u013c\u0113ju atmaksu l\u012bdz pat 50% no pas\u016bt\u012bjuma summas, \u0146emot v\u0113r\u0101 izmaksas, kas saist\u012btas ar s\u016bt\u012bjuma atsauk\u0161anu.<\/p>\n\n\n\n<p><strong>Naudas atmaksa p\u0113c nos\u016bt\u012b\u0161anas nav iesp\u0113jama:<\/strong><br>Kad j\u016bsu s\u016bt\u012bjums ir izs\u016bt\u012bts un ir izsniegts izseko\u0161anas numurs, j\u016bs vairs nevar\u0113siet pretend\u0113t uz naudas atmaksu.<\/p>\n\n\n\n<p><strong>Apdro\u0161in\u0101\u0161ana un muitas jaut\u0101jumi:<\/strong><br>Visi s\u016bt\u012bjumi ir apdro\u0161in\u0101ti. Ja j\u016bsu s\u016bt\u012bjumu aiztur muita un tas netiek atbr\u012bvots, m\u0113s veiksim pilnu naudas atmaksu.<\/p>\n\n\n\n<p><strong>Nepareiza adrese vai pieg\u0101des probl\u0113mas:<\/strong><br>Ja s\u016bt\u012bjumu nevar pieg\u0101d\u0101t nepareizas adreses vai citu ar klientu saist\u012btu probl\u0113mu d\u0113\u013c, klients ir atbild\u012bgs par atk\u0101rtotas nos\u016bt\u012b\u0161anas izmaks\u0101m.<\/p>\n\n\n\n<p>Ja jums ir jaut\u0101jumi vai neskaidr\u012bbas par m\u016bsu naudas atmaksas politiku, l\u016bdzu, sazinieties ar m\u016bsu klientu atbalsta komandu vapestornado.<\/p>\n\n\n\n<p><\/p>","protected":false},"excerpt":{"rendered":"<p>Paldies, ka iep\u0113rkaties vapestornado. L\u016bdzu, r\u016bp\u012bgi iepaz\u012bstieties ar m\u016bsu naudas atmaksas politiku: Atgrie\u0161anas piepras\u012bjumi 24 stundu laik\u0101: J\u016bs varat piepras\u012bt naudas atmaksu 24 stundu laik\u0101 p\u0113c pas\u016bt\u012bjuma veik\u0161anas. Sazinieties ar mums nekav\u0113joties, lai sa\u0146emtu pilnu atmaksu. Atgrie\u0161anas piepras\u012bjumi p\u0113c 24 stund\u0101m: Pas\u016bt\u012bjumiem, kas veikti vair\u0101k nek\u0101 pirms 24 stund\u0101m, pilna naudas atmaksa var neb\u016bt iesp\u0113jama [...]<\/p>","protected":false},"author":1,"featured_media":0,"parent":0,"menu_order":0,"comment_status":"closed","ping_status":"closed","template":"","meta":{"_acf_changed":false,"_uag_custom_page_level_css":"","_lmt_disableupdate":"","_lmt_disable":"","_monsterinsights_skip_tracking":false,"_monsterinsights_sitenote_active":false,"_monsterinsights_sitenote_note":"","_monsterinsights_sitenote_category":0,"site-sidebar-layout":"default","site-content-layout":"","ast-site-content-layout":"default","site-content-style":"default","site-sidebar-style":"default","ast-global-header-display":"","ast-banner-title-visibility":"","ast-main-header-display":"","ast-hfb-above-header-display":"","ast-hfb-below-header-display":"","ast-hfb-mobile-header-display":"","site-post-title":"","ast-breadcrumbs-content":"","ast-featured-img":"","footer-sml-layout":"","ast-disable-related-posts":"","theme-transparent-header-meta":"","adv-header-id-meta":"","stick-header-meta":"","header-above-stick-meta":"","header-main-stick-meta":"","header-below-stick-meta":"","astra-migrate-meta-layouts":"set","ast-page-background-enabled":"default","ast-page-background-meta":{"desktop":{"background-color":"","background-image":"","background-repeat":"repeat","background-position":"center center","background-size":"auto","background-attachment":"scroll","background-type":"","background-media":"","overlay-type":"","overlay-color":"","overlay-opacity":"","overlay-gradient":""},"tablet":{"background-color":"","background-image":"","background-repeat":"repeat","background-position":"center center","background-size":"auto","background-attachment":"scroll","background-type":"","background-media":"","overlay-type":"","overlay-color":"","overlay-opacity":"","overlay-gradient":""},"mobile":{"background-color":"","background-image":"","background-repeat":"repeat","background-position":"center center","background-size":"auto","background-attachment":"scroll","background-type":"","background-media":"","overlay-type":"","overlay-color":"","overlay-opacity":"","overlay-gradient":""}},"ast-content-background-meta":{"desktop":{"background-color":"var(--ast-global-color-5)","background-image":"","background-repeat":"repeat","background-position":"center center","background-size":"auto","background-attachment":"scroll","background-type":"","background-media":"","overlay-type":"","overlay-color":"","overlay-opacity":"","overlay-gradient":""},"tablet":{"background-color":"var(--ast-global-color-5)","background-image":"","background-repeat":"repeat","background-position":"center center","background-size":"auto","background-attachment":"scroll","background-type":"","background-media":"","overlay-type":"","overlay-color":"","overlay-opacity":"","overlay-gradient":""},"mobile":{"background-color":"var(--ast-global-color-5)","background-image":"","background-repeat":"repeat","background-position":"center center","background-size":"auto","background-attachment":"scroll","background-type":"","background-media":"","overlay-type":"","overlay-color":"","overlay-opacity":"","overlay-gradient":""}},"_joinchat":[],"footnotes":""},"class_list":["post-2769","page","type-page","status-publish","hentry"],"acf":[],"uagb_featured_image_src":{"full":false,"thumbnail":false,"medium":false,"medium_large":false,"large":false,"1536x1536":false,"2048x2048":false,"trp-custom-language-flag":false,"woocommerce_thumbnail":false,"woocommerce_single":false,"woocommerce_gallery_thumbnail":false},"uagb_author_info":{"display_name":"yannazhan@gmail.com","author_link":"https:\/\/vapestornado.com\/lv\/author\/yannazhangmail-com\/"},"uagb_comment_info":0,"uagb_excerpt":"Thank you for shopping with vapestornado. Please review our refund policy carefully: Refund Requests Within 24 Hours:You may request a refund within 24 hours of placing your order. Contact us promptly to receive a full refund. Refund Requests After 24 Hours:For orders placed more than 24 hours ago, a full refund may not be possible&hellip;","_links":{"self":[{"href":"https:\/\/vapestornado.com\/lv\/wp-json\/wp\/v2\/pages\/2769","targetHints":{"allow":["GET"]}}],"collection":[{"href":"https:\/\/vapestornado.com\/lv\/wp-json\/wp\/v2\/pages"}],"about":[{"href":"https:\/\/vapestornado.com\/lv\/wp-json\/wp\/v2\/types\/page"}],"author":[{"embeddable":true,"href":"https:\/\/vapestornado.com\/lv\/wp-json\/wp\/v2\/users\/1"}],"replies":[{"embeddable":true,"href":"https:\/\/vapestornado.com\/lv\/wp-json\/wp\/v2\/comments?post=2769"}],"version-history":[{"count":2,"href":"https:\/\/vapestornado.com\/lv\/wp-json\/wp\/v2\/pages\/2769\/revisions"}],"predecessor-version":[{"id":2771,"href":"https:\/\/vapestornado.com\/lv\/wp-json\/wp\/v2\/pages\/2769\/revisions\/2771"}],"wp:attachment":[{"href":"https:\/\/vapestornado.com\/lv\/wp-json\/wp\/v2\/media?parent=2769"}],"curies":[{"name":"wp","href":"https:\/\/api.w.org\/{rel}","templated":true}]}}