{"id":4850,"date":"2026-02-03T03:49:42","date_gmt":"2026-02-03T03:49:42","guid":{"rendered":"https:\/\/vapestornado.com\/?post_type=product&#038;p=4850"},"modified":"2026-02-03T03:57:51","modified_gmt":"2026-02-03T03:57:51","slug":"razz-bar-60k-vapes-wholesaler-60000-puffs-disposable-crystal-vape-eu-fast-shipping","status":"publish","type":"product","link":"https:\/\/vapestornado.com\/lt\/product\/razz-bar-60k-vapes-wholesaler-60000-puffs-disposable-crystal-vape-eu-fast-shipping\/","title":{"rendered":"RAZZ BAR 60K Vienkartini\u0173 garintuv\u0173 didmenin\u0117 prekyba 60000 \u012ftraukim\u0173 Kri\u0161tolinis vienkartinis garintuvas Greitas pristatymas ES"},"content":{"rendered":"<h1 data-start=\"0\" data-end=\"87\">RAZZ BAR 60K Garintuv\u0173 didmenin\u0117 prekyba \u2013 60000 \u012ftraukim\u0173 kri\u0161tolinis vienkartinis garintuvas su greitu pristatymu ES<\/h1>\n<p data-start=\"283\" data-end=\"634\">\u0160is <strong data-start=\"287\" data-end=\"303\">RAZZ BAR 60K<\/strong> yra didel\u0117s talpos <strong data-start=\"323\" data-end=\"343\">Vienkartinis garintuvas<\/strong> Sukurta didmenininkams ir <strong data-start=\"370\" data-end=\"391\">Elektronini\u0173 cigare\u010di\u0173 parduotuv\u0119<\/strong> pirk\u0117jams, kuriems reikia greitai parduodam\u0173 produkt\u0173 u\u017e <strong data-start=\"434\" data-end=\"449\">gera kaina<\/strong> su stabiliu tiekimu. Su tikru <strong data-start=\"487\" data-end=\"509\">60 000 \u012ftraukim\u0173 galia<\/strong>, kri\u0161tolo skaidrumo korpusu ir dvigubo rezervuaro tinklelio sistema, \u0161is modelis sukurtas veikti nuosekliai per vis\u0105 savo gyvavimo cikl\u0105.<\/p>\n<p data-start=\"636\" data-end=\"951\">Skaidrus <strong data-start=\"652\" data-end=\"668\">Kristalinis garintuvas<\/strong> korpusas leid\u017eia vartotojams i\u0161 karto steb\u0117ti e. skys\u010dio lygius, suma\u017einant netinkam\u0105 naudojim\u0105 ir gr\u0105\u017einimus ma\u017emeniniu lygiu. Viduje <strong data-start=\"784\" data-end=\"809\">dvigubas rezervuaras + tinklelio rit\u0117<\/strong> strukt\u016bra u\u017etikrina \u0161var\u0173 gar\u0105 ir pastov\u0173 skon\u012f net ilg\u0173 seans\u0173 metu, tod\u0117l <strong data-start=\"898\" data-end=\"916\">RAZZ BAR 60000<\/strong> tinka da\u017enai naudojantiems vartotojams.<\/p>\n<p data-start=\"953\" data-end=\"1256\">A <strong data-start=\"955\" data-end=\"986\">650mAh \u012fkraunama baterija<\/strong> su <strong data-start=\"992\" data-end=\"1011\">Type-C \u012fkrovimu<\/strong> u\u017etikrina, kad \u012frenginys tarnaut\u0173 pakankamai ilgai, kad visi\u0161kai sunaudot\u0173 e-skyst\u012f, i\u0161vengiant da\u017enos galios suma\u017e\u0117jimo problemos, b\u016bdingos didel\u0117s traukos vienkartin\u0117ms naudotuv\u0117ms. Prieinama <strong data-start=\"1162\" data-end=\"1184\">2% ir 5% druskingo nikotino<\/strong>, tai atitinka pagrindinius ES poreikius ir i\u0161lieka konkurencinga kainomis.<\/p>\n<p data-start=\"1258\" data-end=\"1502\">Su <strong data-start=\"1263\" data-end=\"1315\">Greitas pristatymas i\u0161 vietinio sand\u0117lio ES (5\u20137 dienos)<\/strong>, RAZZ BAR 60K padeda didmenininkams sutrumpinti pristatymo ciklus ir suma\u017einti logistikos rizik\u0105. Tai prakti\u0161kas pasirinkimas platintojams, siekiantiems didinti apimtis nesuma\u017einant patikimumo.<\/p>\n<p data-start=\"1504\" data-end=\"1586\"><strong data-start=\"1507\" data-end=\"1586\">Susisiekite dabar d\u0117l didmenin\u0117s RAZZ BAR 60K kainos ir ES sand\u0117lio prieinamumo.<\/strong><\/p>\n<p><strong><span style=\"color: #ff0000;\">Prid\u0117kite Amy whatsapp, gaukite tiesiogin\u012f atsakym\u0105 ir kupon\u0105 veipui!<\/span><\/strong><\/p>\n<p><img fetchpriority=\"high\" decoding=\"async\" class=\"size-full wp-image-2932\" src=\"https:\/\/vapestornado.com\/wp-content\/uploads\/2024\/12\/Vape-Wholesale.jpg\" alt=\"Garintuvai Didmenin\u0117 prekyba\" width=\"229\" height=\"300\" \/><\/p>\n<h3><a href=\"https:\/\/wa.me\/8617776015835\" target=\"_blank\" rel=\"noopener\"><span style=\"color: #ff0000;\"><strong>WhatsApp: +86 17776015835<\/strong><\/span><\/a><\/h3>\n<h2><strong>RAZZ BAR 60K Tr\u016bkum\u0173 pagrindin\u0117s produkto savyb\u0117s<\/strong><\/h2>\n<ul>\n<li data-start=\"1651\" data-end=\"1751\">\n<p data-start=\"1653\" data-end=\"1751\"><strong data-start=\"1653\" data-end=\"1679\">60 000 traukos talpa:<\/strong> Sukurtas ilgalaikiam naudojimui su stabiliu garo i\u0161\u0117jimu nuo prad\u017eios iki pabaigos.<\/p>\n<\/li>\n<li data-start=\"1752\" data-end=\"1857\">\n<p data-start=\"1754\" data-end=\"1857\"><strong data-start=\"1754\" data-end=\"1785\">Kristalinio skaidrumo dizainas:<\/strong> Ai\u0161ki i\u0161or\u0117 pagerina lentynos patrauklum\u0105 ir leid\u017eia lengvai patikrinti aliejaus lyg\u012f.<\/p>\n<\/li>\n<li data-start=\"1858\" data-end=\"1955\">\n<p data-start=\"1860\" data-end=\"1955\"><strong data-start=\"1860\" data-end=\"1884\">Dvigubo bako tinklelio rit\u0117:<\/strong> U\u017etikrina skland\u0173 garo sraut\u0105 ir nuosekl\u0173 skonio perdavim\u0105 ilg\u0105 naudojim\u0105.<\/p>\n<\/li>\n<li data-start=\"1956\" data-end=\"2066\">\n<p data-start=\"1958\" data-end=\"2066\"><strong data-start=\"1958\" data-end=\"1990\">650 mAh \u012fkraunama baterija:<\/strong> Suderinta galia sistema palaiko piln\u0105 aliejaus sunaudojim\u0105 be ankstyvo gedimo.<\/p>\n<\/li>\n<li data-start=\"2067\" data-end=\"2153\">\n<p data-start=\"2069\" data-end=\"2153\"><strong data-start=\"2069\" data-end=\"2090\">ES greitas pristatymas:<\/strong> Pristatymas i\u0161 ES sand\u0117lio per 5\u20137 dienas, siekiant greitesnio apyvartos ciklo.<\/p>\n<\/li>\n<\/ul>\n<h2 class=\"product-title\"><strong>RAZZ BAR 60K 60000 Tr\u016bkum\u0173 skoni\u0173 s\u0105ra\u0161as<\/strong><\/h2>\n<ol data-start=\"2189\" data-end=\"2540\">\n<li data-start=\"2189\" data-end=\"2211\">\n<p data-start=\"2192\" data-end=\"2211\">Bra\u0161ki\u0173 bananas<\/p>\n<\/li>\n<li data-start=\"2212\" data-end=\"2232\">\n<p data-start=\"2215\" data-end=\"2232\">Sultingas persik\u0173 ledas<\/p>\n<\/li>\n<li data-start=\"2233\" data-end=\"2247\">\n<p data-start=\"2236\" data-end=\"2247\">Coco Loco<\/p>\n<\/li>\n<li data-start=\"2248\" data-end=\"2272\">\n<p data-start=\"2251\" data-end=\"2272\">S\u016brus S\u016brus aviet\u0117<\/p>\n<\/li>\n<li data-start=\"2273\" data-end=\"2290\">\n<p data-start=\"2276\" data-end=\"2290\">Medviln\u0117s cukrus<\/p>\n<\/li>\n<li data-start=\"2291\" data-end=\"2306\">\n<p data-start=\"2294\" data-end=\"2306\">Guminis me\u0161kiukas<\/p>\n<\/li>\n<li data-start=\"2307\" data-end=\"2332\">\n<p data-start=\"2310\" data-end=\"2332\">M\u0117lyni\u0173 arb\u016bzas<\/p>\n<\/li>\n<li data-start=\"2333\" data-end=\"2363\">\n<p data-start=\"2336\" data-end=\"2363\">Lemon\u0173 persik\u0173 pasiflor\u0173<\/p>\n<\/li>\n<li data-start=\"2364\" data-end=\"2402\">\n<p data-start=\"2367\" data-end=\"2402\">Juoda ledin\u0117 drakono vaisi\u0173 bra\u0161ki\u0173<\/p>\n<\/li>\n<li data-start=\"2403\" data-end=\"2422\">\n<p data-start=\"2407\" data-end=\"2422\">Mi\u0161rios uogos<\/p>\n<\/li>\n<li data-start=\"2423\" data-end=\"2436\">\n<p data-start=\"2427\" data-end=\"2436\">Meil\u0117 66<\/p>\n<\/li>\n<li data-start=\"2437\" data-end=\"2458\">\n<p data-start=\"2441\" data-end=\"2458\">Bra\u0161ki\u0173 ir kivi\u0173<\/p>\n<\/li>\n<li data-start=\"2459\" data-end=\"2479\">\n<p data-start=\"2463\" data-end=\"2479\">Tropiniai vaisiai<\/p>\n<\/li>\n<li data-start=\"2480\" data-end=\"2509\">\n<p data-start=\"2484\" data-end=\"2509\">Bra\u0161k\u0117s vanil\u0117s kola<\/p>\n<\/li>\n<li data-start=\"2510\" data-end=\"2521\">\n<p data-start=\"2514\" data-end=\"2521\">Mango<\/p>\n<\/li>\n<li data-start=\"2522\" data-end=\"2540\">\n<p data-start=\"2526\" data-end=\"2540\">Vasaros sapnas<\/p>\n<\/li>\n<\/ol>\n<figure id=\"attachment_4848\" aria-describedby=\"caption-attachment-4848\" style=\"width: 228px\" class=\"wp-caption alignnone\"><img decoding=\"async\" class=\"size-medium wp-image-4848\" src=\"https:\/\/vapestornado.com\/wp-content\/uploads\/2026\/01\/RAZZ-BAR-60000-Puffs-Crystal-60K-Mesh-Coil-Disposable-Vape-228x300.webp\" alt=\"RAZZ BAR 60000 P\u016bsl\u0117s Kristalas 60K Tinklelio Rit\u0117 Vienkartinis Vape\" width=\"228\" height=\"300\" srcset=\"https:\/\/vapestornado.com\/wp-content\/uploads\/2026\/01\/RAZZ-BAR-60000-Puffs-Crystal-60K-Mesh-Coil-Disposable-Vape-228x300.webp 228w, https:\/\/vapestornado.com\/wp-content\/uploads\/2026\/01\/RAZZ-BAR-60000-Puffs-Crystal-60K-Mesh-Coil-Disposable-Vape-777x1024.webp 777w, https:\/\/vapestornado.com\/wp-content\/uploads\/2026\/01\/RAZZ-BAR-60000-Puffs-Crystal-60K-Mesh-Coil-Disposable-Vape-768x1013.webp 768w, https:\/\/vapestornado.com\/wp-content\/uploads\/2026\/01\/RAZZ-BAR-60000-Puffs-Crystal-60K-Mesh-Coil-Disposable-Vape-9x12.webp 9w, https:\/\/vapestornado.com\/wp-content\/uploads\/2026\/01\/RAZZ-BAR-60000-Puffs-Crystal-60K-Mesh-Coil-Disposable-Vape-600x791.webp 600w, https:\/\/vapestornado.com\/wp-content\/uploads\/2026\/01\/RAZZ-BAR-60000-Puffs-Crystal-60K-Mesh-Coil-Disposable-Vape.webp 910w\" sizes=\"(max-width: 228px) 100vw, 228px\" \/><figcaption id=\"caption-attachment-4848\" class=\"wp-caption-text\">RAZZ BAR 60000 P\u016bsl\u0117s Kristalas 60K Tinklelio Rit\u0117 Vienkartinis Vape<\/figcaption><\/figure>\n<h2 data-start=\"2547\" data-end=\"2587\">Kod\u0117l didmenin\u0117s prekybos \u012fmon\u0117s renkasi RAZZBAR 60000<\/h2>\n<ul data-start=\"2589\" data-end=\"2800\">\n<li data-start=\"2589\" data-end=\"2637\">\n<p data-start=\"2591\" data-end=\"2637\">Didelis p\u016bsl\u0117s skai\u010dius didina klient\u0173 i\u0161laikym\u0105<\/p>\n<\/li>\n<li data-start=\"2638\" data-end=\"2689\">\n<p data-start=\"2640\" data-end=\"2689\">Kristalo dizainas didina suvokiam\u0105 vert\u0119 ma\u017emenin\u0117s prekybos vietose<\/p>\n<\/li>\n<li data-start=\"2690\" data-end=\"2750\">\n<p data-start=\"2692\" data-end=\"2750\">ES sand\u0117lio atsargos suma\u017eina pristatymo ir muitin\u0117s spaudim\u0105<\/p>\n<\/li>\n<li data-start=\"2751\" data-end=\"2800\">\n<p data-start=\"2753\" data-end=\"2800\">Konkurencinga kaina palaiko didmenin\u0117s pelno mar\u017eas<\/p>\n<\/li>\n<\/ul>\n<p>&nbsp;<\/p>\n<div class=\"flex-shrink-0 flex flex-col relative items-end\">\n<div class=\"pt-0\">\n<div class=\"gizmo-bot-avatar flex h-8 w-8 items-center justify-center overflow-hidden rounded-full\">\n<div class=\"relative p-1 rounded-sm flex items-center justify-center bg-token-main-surface-primary text-token-text-primary h-8 w-8\">\n<h2 data-start=\"1200\" data-end=\"1487\">Vapes Tornado \u2013 J\u016bs\u0173 didmenin\u0117 internetin\u0117 gar\u0173 parduotuv\u0117 populiariems vapes<\/h2>\n<p data-start=\"72\" data-end=\"396\"><strong data-start=\"72\" data-end=\"89\">Vapes Tornado<\/strong> yra Europai orientuota didmenin\u0117 internetin\u0117 gar\u0173 parduotuv\u0117, si\u016blanti kruop\u0161\u010diai atrinkt\u0105 <strong data-start=\"178\" data-end=\"195\">populiari\u0173 vapes<\/strong> profesionaliems pirk\u0117jams. Mes dirbame su ma\u017emenininkais, platintojais ir internetin\u0117mis parduotuv\u0117mis visoje ES, kurie reikalinga stabili tiekimo grandin\u0117, ai\u0161ki produkt\u0173 informacija ir prek\u0117s \u017eenklai, kuriuos klientai jau pa\u017e\u012fsta ir jais pasitiki.<\/p>\n<p data-start=\"398\" data-end=\"687\">Mes bendradarbiaujame su patikimais vardais, tokiais kaip <strong data-start=\"247\" data-end=\"352\"><a href=\"https:\/\/vapestornado.com\/lt\/product\/randm-12000-puffs-fumot-digital-disposable-vape-wholesale-price\/\">Fumot VAPE<\/a>, <a href=\"https:\/\/vapestornado.com\/lt\/product\/original-wga-ultra-35k-35000-puff-rechargeable-crystal-disposable-nicotine-vape-best-discount-price\/\">WGA VAPE<\/a>, <a href=\"https:\/\/vapestornado.com\/lt\/product\/vozol-gear-shisha-25k-25000-puffs-best-dtl-disposable-vape-hookah-cheap-price\/\">VOZOL BAR VAPE<\/a>, <\/strong><strong data-start=\"247\" data-end=\"352\">Elf Bar Vape, WASPE Vape, <a href=\"https:\/\/vapestornado.com\/lt\/product\/uzy-150k-puffs-6-in-1-flavor-switch-disposable-vape-pen-wholesale\/\">UZY Vape<\/a>, Bang Vape, Razz Bar Vape, ir Stag Bar Vape<\/strong>, pasirinktais d\u0117l nuoseklios kokyb\u0117s ir stiprios paklausos Europos rinkoje.<\/p>\n<h4 data-start=\"1080\" data-end=\"1120\">Sukurta Europos vapingo didmeninei prekybai<\/h4>\n<p data-start=\"1121\" data-end=\"1189\">Vapes Tornado yra strukt\u016bruota pagal tikruosius ES didmeninink\u0173 poreikius:<\/p>\n<ul data-start=\"1190\" data-end=\"1400\">\n<li data-start=\"1190\" data-end=\"1239\">\n<p data-start=\"1192\" data-end=\"1239\">Konkurencingos didmenin\u0117s kainos didel\u0117ms u\u017esakym\u0173 partijoms<\/p>\n<\/li>\n<li data-start=\"1240\" data-end=\"1289\">\n<p data-start=\"1242\" data-end=\"1289\">Ai\u0161kios produkt\u0173 apra\u0161ymai ir technin\u0117s specifikacijos<\/p>\n<\/li>\n<li data-start=\"1290\" data-end=\"1330\">\n<p data-start=\"1292\" data-end=\"1330\">Greita, patikima ES orientuota logistika<\/p>\n<\/li>\n<li data-start=\"1331\" data-end=\"1400\">\n<p data-start=\"1333\" data-end=\"1400\">Katalogas, orientuotas \u012f <strong data-start=\"1356\" data-end=\"1373\">populiari\u0173 vapes<\/strong>, neperkrautas SKU<\/p>\n<\/li>\n<\/ul>\n<h2 data-start=\"2064\" data-end=\"2115\">Da\u017enai u\u017eduodami klausimai apie RAZZ BAR 60K 60000 P\u016bsl\u0117s Vienkartin\u012f Vape<\/h2>\n<p data-start=\"2847\" data-end=\"2992\"><strong data-start=\"2847\" data-end=\"2910\">1. Ar RAZZ BAR 60K tinka didmeninei platinimui?<\/strong><br data-start=\"2910\" data-end=\"2913\" \/>Taip, jis supakuotas \u012f <strong data-start=\"2934\" data-end=\"2956\">200 vnt. vienoje d\u0117\u017eut\u0117je<\/strong> ir skirtas didel\u0117s apimties pardavimams.<\/p>\n<p data-start=\"2994\" data-end=\"3119\"><strong data-start=\"2994\" data-end=\"3044\">2. Ar RAZZ BAR 60000 palaiko \u012fkrovim\u0105?<\/strong><br data-start=\"3044\" data-end=\"3047\" \/>Taip, jame yra <strong data-start=\"3066\" data-end=\"3097\">650mAh \u012fkraunama baterija<\/strong> su Type-C \u012fkrovimu.<\/p>\n<p data-start=\"3121\" data-end=\"3218\"><strong data-start=\"3121\" data-end=\"3166\">3. Kokio stiprumo nikotino yra?<\/strong><br data-start=\"3166\" data-end=\"3169\" \/>Galima \u012fsigyti <strong data-start=\"3182\" data-end=\"3209\">2% ir 5% druskos nikotino<\/strong> variant\u0173.<\/p>\n<p data-start=\"3220\" data-end=\"3312\"><strong data-start=\"3220\" data-end=\"3251\">4. Kiek greitai vyksta pristatymas \u012f ES?<\/strong><br data-start=\"3251\" data-end=\"3254\" \/>U\u017esakymai i\u0161siun\u010diami i\u0161 ES sand\u0117lio per <strong data-start=\"3291\" data-end=\"3311\">5\u20137 darbo dienos<\/strong>.<\/p>\n<p data-start=\"3314\" data-end=\"3479\"><strong data-start=\"3314\" data-end=\"3369\">5. Ar \u0161is modelis tinka elektronini\u0173 cigare\u010di\u0173 parduotuvei?<\/strong><br data-start=\"3369\" data-end=\"3372\" \/>Taip, jo kristalin\u0117 dizainas, ilgas tarnavimo laikas ir skoni\u0173 \u012fvairov\u0117 daro j\u012f idealiu ma\u017emeninei prekybai ir pakartotiniam pardavimui.<\/p>\n<\/div>\n<\/div>\n<\/div>\n<\/div>","protected":false},"excerpt":{"rendered":"<div class=\"flex max-w-full flex-col grow\">\n<div class=\"min-h-8 text-message relative flex w-full flex-col items-end gap-2 text-start break-words whitespace-normal [.text-message+&amp;]:mt-1\" dir=\"auto\" data-message-author-role=\"assistant\" data-message-id=\"2a9d6edf-5b3a-41c0-afc9-caef2e4c2c3b\" data-message-model-slug=\"gpt-5-2\">\n<div class=\"flex w-full flex-col gap-1 empty:hidden first:pt-[1px]\">\n<div class=\"markdown prose dark:prose-invert w-full break-words light markdown-new-styling\">\n<p data-start=\"4300\" data-end=\"4384\">RAZZ BAR 60K Kri\u0161tolinis vienkartinis garintuvas 60000 \u012ftraukim\u0173 Greitas pristatymas ES<br \/>\nRAZZ BAR 60000 Vienkartinis garintuvas pigia kaina didmenininkams<br \/>\nRAZZ BAR 60K Elektronini\u0173 cigare\u010di\u0173 didelis kiekis i\u0161 ES sand\u0117lio<\/p>\n<\/div>\n<\/div>\n<\/div>\n<\/div>\n<p><strong>Prid\u0117kite Amy's whatsapp, kad gautum\u0117te tinkam\u0105 atsakym\u0105 ir nuolaidos kain\u0105!<\/strong><\/p>\n<p><img fetchpriority=\"high\" decoding=\"async\" class=\"size-full wp-image-2932\" src=\"https:\/\/vapestornado.com\/wp-content\/uploads\/2024\/12\/Vape-Wholesale.jpg\" alt=\"Garintuvai Didmenin\u0117 prekyba\" width=\"229\" height=\"300\" \/><\/p>\n<h3><a href=\"https:\/\/wa.me\/8617776015835\"><span style=\"color: #ff0000;\"><strong>WhatsApp: +86 17776015835<\/strong><\/span><\/a><\/h3>","protected":false},"featured_media":4849,"comment_status":"open","ping_status":"closed","template":"","meta":{"_acf_changed":false,"_uag_custom_page_level_css":"","_lmt_disableupdate":"no","_lmt_disable":"","_monsterinsights_skip_tracking":false,"_monsterinsights_sitenote_active":false,"_monsterinsights_sitenote_note":"","_monsterinsights_sitenote_category":0,"site-sidebar-layout":"default","site-content-layout":"","ast-site-content-layout":"default","site-content-style":"default","site-sidebar-style":"default","ast-global-header-display":"","ast-banner-title-visibility":"","ast-main-header-display":"","ast-hfb-above-header-display":"","ast-hfb-below-header-display":"","ast-hfb-mobile-header-display":"","site-post-title":"","ast-breadcrumbs-content":"","ast-featured-img":"","footer-sml-layout":"","ast-disable-related-posts":"","theme-transparent-header-meta":"default","adv-header-id-meta":"","stick-header-meta":"","header-above-stick-meta":"","header-main-stick-meta":"","header-below-stick-meta":"","astra-migrate-meta-layouts":"set","ast-page-background-enabled":"default","ast-page-background-meta":{"desktop":{"background-color":"","background-image":"","background-repeat":"repeat","background-position":"center center","background-size":"auto","background-attachment":"scroll","background-type":"","background-media":"","overlay-type":"","overlay-color":"","overlay-opacity":"","overlay-gradient":""},"tablet":{"background-color":"","background-image":"","background-repeat":"repeat","background-position":"center center","background-size":"auto","background-attachment":"scroll","background-type":"","background-media":"","overlay-type":"","overlay-color":"","overlay-opacity":"","overlay-gradient":""},"mobile":{"background-color":"","background-image":"","background-repeat":"repeat","background-position":"center center","background-size":"auto","background-attachment":"scroll","background-type":"","background-media":"","overlay-type":"","overlay-color":"","overlay-opacity":"","overlay-gradient":""}},"ast-content-background-meta":{"desktop":{"background-color":"var(--ast-global-color-5)","background-image":"","background-repeat":"repeat","background-position":"center center","background-size":"auto","background-attachment":"scroll","background-type":"","background-media":"","overlay-type":"","overlay-color":"","overlay-opacity":"","overlay-gradient":""},"tablet":{"background-color":"var(--ast-global-color-5)","background-image":"","background-repeat":"repeat","background-position":"center center","background-size":"auto","background-attachment":"scroll","background-type":"","background-media":"","overlay-type":"","overlay-color":"","overlay-opacity":"","overlay-gradient":""},"mobile":{"background-color":"var(--ast-global-color-5)","background-image":"","background-repeat":"repeat","background-position":"center center","background-size":"auto","background-attachment":"scroll","background-type":"","background-media":"","overlay-type":"","overlay-color":"","overlay-opacity":"","overlay-gradient":""}},"_joinchat":[]},"product_brand":[],"product_cat":[343,149,152,153,154,156,141,492,144,146],"product_tag":[572,120,368,571,573,570,569,568,574],"class_list":{"0":"post-4850","1":"product","2":"type-product","3":"status-publish","4":"has-post-thumbnail","6":"product_cat-60000-puff","7":"product_cat-buy-disposable-vapes-in-austria","8":"product_cat-buy-disposable-vapes-in-cermany","9":"product_cat-buy-disposable-vapes-in-italy","10":"product_cat-buy-disposable-vapes-in-netherlands","11":"product_cat-buy-disposable-vapes-in-poland","12":"product_cat-crystal-disposable-vapes","13":"product_cat-eu-warehouse","14":"product_cat-low-nicotine-disposable-vapes","15":"product_cat-rechargeable-disposable-vapes","16":"product_tag-cheap-price","17":"product_tag-crystal-vape","18":"product_tag-disposable-vapor","19":"product_tag-e-cigarette","20":"product_tag-e-cigarette-store","21":"product_tag-eu-fast-shipping","22":"product_tag-razz-bar-60000","23":"product_tag-razz-bar-60k","24":"product_tag-vape-wholesale-germany","25":"desktop-align-left","26":"tablet-align-left","27":"mobile-align-left","29":"first","30":"instock","31":"sale","32":"shipping-taxable","33":"purchasable","34":"product-type-simple"},"acf":[],"uagb_featured_image_src":{"full":["https:\/\/vapestornado.com\/wp-content\/uploads\/2026\/01\/RAZZ-BAR-Crystal-60k-Disposable-Vape-Wholesale.webp",800,800,false],"thumbnail":["https:\/\/vapestornado.com\/wp-content\/uploads\/2026\/01\/RAZZ-BAR-Crystal-60k-Disposable-Vape-Wholesale-150x150.webp",150,150,true],"medium":["https:\/\/vapestornado.com\/wp-content\/uploads\/2026\/01\/RAZZ-BAR-Crystal-60k-Disposable-Vape-Wholesale-300x300.webp",300,300,true],"medium_large":["https:\/\/vapestornado.com\/wp-content\/uploads\/2026\/01\/RAZZ-BAR-Crystal-60k-Disposable-Vape-Wholesale-768x768.webp",768,768,true],"large":["https:\/\/vapestornado.com\/wp-content\/uploads\/2026\/01\/RAZZ-BAR-Crystal-60k-Disposable-Vape-Wholesale.webp",800,800,false],"1536x1536":["https:\/\/vapestornado.com\/wp-content\/uploads\/2026\/01\/RAZZ-BAR-Crystal-60k-Disposable-Vape-Wholesale.webp",800,800,false],"2048x2048":["https:\/\/vapestornado.com\/wp-content\/uploads\/2026\/01\/RAZZ-BAR-Crystal-60k-Disposable-Vape-Wholesale.webp",800,800,false],"trp-custom-language-flag":["https:\/\/vapestornado.com\/wp-content\/uploads\/2026\/01\/RAZZ-BAR-Crystal-60k-Disposable-Vape-Wholesale-12x12.webp",12,12,true],"woocommerce_thumbnail":["https:\/\/vapestornado.com\/wp-content\/uploads\/2026\/01\/RAZZ-BAR-Crystal-60k-Disposable-Vape-Wholesale-300x300.webp",300,300,true],"woocommerce_single":["https:\/\/vapestornado.com\/wp-content\/uploads\/2026\/01\/RAZZ-BAR-Crystal-60k-Disposable-Vape-Wholesale-600x600.webp",600,600,true],"woocommerce_gallery_thumbnail":["https:\/\/vapestornado.com\/wp-content\/uploads\/2026\/01\/RAZZ-BAR-Crystal-60k-Disposable-Vape-Wholesale-100x100.webp",100,100,true]},"uagb_author_info":{"display_name":"ESAMY","author_link":"https:\/\/vapestornado.com\/lt\/author\/"},"uagb_comment_info":0,"uagb_excerpt":"RAZZ BAR 60K Crystal Disposable Vape 60000 Puffs EU Fast Shipping RAZZ BAR 60000 Disposable Vapor Cheap Price for Wholesalers RAZZ BAR 60K E-cigarette Bulk Supply from EU Warehouse Add Amy's whatsapp to get right reply and discount price! WhatsApp: +86 17776015835","_links":{"self":[{"href":"https:\/\/vapestornado.com\/lt\/wp-json\/wp\/v2\/product\/4850","targetHints":{"allow":["GET"]}}],"collection":[{"href":"https:\/\/vapestornado.com\/lt\/wp-json\/wp\/v2\/product"}],"about":[{"href":"https:\/\/vapestornado.com\/lt\/wp-json\/wp\/v2\/types\/product"}],"replies":[{"embeddable":true,"href":"https:\/\/vapestornado.com\/lt\/wp-json\/wp\/v2\/comments?post=4850"}],"wp:featuredmedia":[{"embeddable":true,"href":"https:\/\/vapestornado.com\/lt\/wp-json\/wp\/v2\/media\/4849"}],"wp:attachment":[{"href":"https:\/\/vapestornado.com\/lt\/wp-json\/wp\/v2\/media?parent=4850"}],"wp:term":[{"taxonomy":"product_brand","embeddable":true,"href":"https:\/\/vapestornado.com\/lt\/wp-json\/wp\/v2\/product_brand?post=4850"},{"taxonomy":"product_cat","embeddable":true,"href":"https:\/\/vapestornado.com\/lt\/wp-json\/wp\/v2\/product_cat?post=4850"},{"taxonomy":"product_tag","embeddable":true,"href":"https:\/\/vapestornado.com\/lt\/wp-json\/wp\/v2\/product_tag?post=4850"}],"curies":[{"name":"wp","href":"https:\/\/api.w.org\/{rel}","templated":true}]}}