{"id":4842,"date":"2026-01-24T09:54:19","date_gmt":"2026-01-24T09:54:19","guid":{"rendered":"https:\/\/vapestornado.com\/?post_type=product&#038;p=4842"},"modified":"2026-01-24T10:03:36","modified_gmt":"2026-01-24T10:03:36","slug":"aivono-avn-mate-120k-puffs-double-flaovr-disposable-e-cigarette-adjust-flavor","status":"publish","type":"product","link":"https:\/\/vapestornado.com\/lt\/product\/aivono-avn-mate-120k-puffs-double-flaovr-disposable-e-cigarette-adjust-flavor\/","title":{"rendered":"AIVONO AVN MATE 120 t\u016bkst. p\u016btim\u0173 dvigubo skonio vienkartin\u0117 elektronin\u0117 cigaret\u0117 su reguliuojamu skoniu"},"content":{"rendered":"<h1 data-start=\"0\" data-end=\"87\">AIVONO AVN MATE 120 t\u016bkst. p\u016btim\u0173 dvigubo skonio vienkartin\u0117 elektronin\u0117 cigaret\u0117 su reguliuojamu skoniu<\/h1>\n<p data-start=\"276\" data-end=\"608\">\u0160is <strong data-start=\"280\" data-end=\"304\">AIVONO AVN MATE 120 t\u016bkst.<\/strong> sukurtas didmenininkams, kuriems reikalinga didel\u0117s talpos, didel\u0117s vert\u0117s vienkartin\u0117 elektronin\u0117 cigaret\u0117, greitai parduodama konkurencingose rinkose. Su tikru <strong data-start=\"439\" data-end=\"464\">120 000 p\u016btimo trukme<\/strong>, dvigubo skonio perjungimo dizainu ir i\u0161maniu ekranu, \u0161is \u012frenginys skirtas vartotojams, kurie nori \u012fvairov\u0117s, patvarumo ir matomos veiklos viename \u012frenginyje.<\/p>\n<p data-start=\"610\" data-end=\"976\">Sukurtas kaip <strong data-start=\"624\" data-end=\"662\">2-in-1 dvigubo skonio vienkartinis vape<\/strong>, AIVONO AVN MATE 120000 leid\u017eia vartotojams akimirksniu perjungti tarp dviej\u0173 skoni\u0173 be keitimo \u012frenginio. \u0160i reguliuojamo skonio sistema padidina naudojimo laik\u0105 ir gerina klient\u0173 pasitenkinim\u0105, tod\u0117l yra stipri pasirinkimas <strong data-start=\"887\" data-end=\"911\">vape didmenin\u0117 Lietuva<\/strong> pirk\u0117jams, ie\u0161kantiems i\u0161skirtinumo <strong data-start=\"952\" data-end=\"975\">ma\u017e\u0105 didmenin\u0119 kain\u0105<\/strong>.<\/p>\n<p data-start=\"978\" data-end=\"1308\">Didelis <strong data-start=\"986\" data-end=\"1012\">36 ml e-skys\u010dio talpa<\/strong>, kartu su stabiliu <strong data-start=\"1037\" data-end=\"1050\">1.0\u03a9 branduoliu<\/strong>, u\u017etikrina nuosekl\u0173 garo ir skonio i\u0161\u0117jim\u0105 viso \u012fkv\u0117pimo ciklo metu. The <strong data-start=\"1127\" data-end=\"1179\">850mAh \u012fkraunama baterija su Type-C \u012fkrovimu<\/strong> yra suderinta su aliejaus t\u016briu, tod\u0117l naudotojai gali baigti skyst\u012f be energijos praradimo\u2014ma\u017einant skundus ir gr\u0105\u017einimus ma\u017emenin\u0117s prekybos lygyje.<\/p>\n<p data-start=\"1310\" data-end=\"1559\">Integruotas <strong data-start=\"1323\" data-end=\"1337\">LED ekranas<\/strong> ai\u0161kiai rodo baterijos ir e-skys\u010dio b\u016bsen\u0105, pozicionuodama \u0161\u012f model\u012f kaip auk\u0161\u010diausios klas\u0117s <strong data-start=\"1420\" data-end=\"1440\">garintuvas su ekranu<\/strong> twhile i\u0161laikant paprast\u0105 veikim\u0105. Kompakti\u0161kas dydis taip pat padeda ma\u017emenininkams optimizuoti lentyn\u0173 erdv\u0119 ir didmenin\u0117s siuntos efektyvum\u0105.<\/p>\n<p data-start=\"1561\" data-end=\"1812\">Distributoriams, ie\u0161kantiems patikimo <strong data-start=\"1597\" data-end=\"1612\">AIVONO vape<\/strong> su stipria pakartotinio u\u017esakymo potencialu, AVN MATE 120k suteikia na\u0161um\u0105, skonio \u012fvairov\u0119 ir pelning\u0105 kainodar\u0105.<br data-start=\"1733\" data-end=\"1736\" \/><strong data-start=\"1739\" data-end=\"1812\">Susisiekite su mumis dabar d\u0117l Vape Didmenin\u0117s prekybos u\u017e \u017eem\u0105 kain\u0105 ir didmenin\u0117s tiekimo Lietuvoje.<\/strong><\/p>\n<p><strong><span style=\"color: #ff0000;\">Prid\u0117kite Amy whatsapp, gaukite tiesiogin\u012f atsakym\u0105 ir kupon\u0105 veipui!<\/span><\/strong><\/p>\n<p><img fetchpriority=\"high\" decoding=\"async\" class=\"size-full wp-image-2932\" src=\"https:\/\/vapestornado.com\/wp-content\/uploads\/2024\/12\/Vape-Wholesale.jpg\" alt=\"Garintuvai Didmenin\u0117 prekyba\" width=\"229\" height=\"300\" \/><\/p>\n<h3><a href=\"https:\/\/wa.me\/8617776015835\" target=\"_blank\" rel=\"noopener\"><span style=\"color: #ff0000;\"><strong>WhatsApp: +86 17776015835<\/strong><\/span><\/a><\/h3>\n<h2><strong>AIVONO AVN MATE 120k \u00a0\u012ekv\u0117pim\u0173 produkto savyb\u0117s<\/strong><\/h2>\n<div>\n<ul>\n<li data-start=\"1887\" data-end=\"1985\">\n<p data-start=\"1889\" data-end=\"1985\"><strong data-start=\"1889\" data-end=\"1907\">120 000 \u012etraukim\u0173:<\/strong> Tikra auk\u0161to \u012fkv\u0117pimo strukt\u016bra, sukurta ilgalaikiam naudojimui ir ma\u017eiau keitim\u0173.<\/p>\n<\/li>\n<li data-start=\"1986\" data-end=\"2096\">\n<p data-start=\"1988\" data-end=\"2096\"><strong data-start=\"1988\" data-end=\"2018\">2-in-1 Dvigubo skonio sistema:<\/strong> Du skoniai viename \u012frenginyje su momentiniu perjungimu, siekiant didesnio naudotoj\u0173 i\u0161laikymo.<\/p>\n<\/li>\n<li data-start=\"2097\" data-end=\"2203\">\n<p data-start=\"2099\" data-end=\"2203\"><strong data-start=\"2099\" data-end=\"2126\">36ml E-skys\u010dio talpa:<\/strong> Didelis aliejaus t\u016bris palaiko stabil\u0173 i\u0161\u0117jim\u0105 viso \u012fkv\u0117pimo gyvavimo ciklo metu.<\/p>\n<\/li>\n<li data-start=\"2204\" data-end=\"2301\">\n<p data-start=\"2206\" data-end=\"2301\"><strong data-start=\"2206\" data-end=\"2227\">I\u0161manus LED ekranas:<\/strong> Realiojo laiko baterijos ir skys\u010dio rodymas pagerina naudotojo patirt\u012f ir produkto patikimum\u0105.<\/p>\n<\/li>\n<li data-start=\"2302\" data-end=\"2419\">\n<p data-start=\"2304\" data-end=\"2419\"><strong data-start=\"2304\" data-end=\"2343\">850mAh Type-C \u012fkraunama baterija:<\/strong> Subalansuota galia u\u017etikrina visi\u0161k\u0105 e-skys\u010dio suvartojim\u0105 be pertrauk\u0173.<\/p>\n<\/li>\n<\/ul>\n<figure id=\"attachment_4838\" aria-describedby=\"caption-attachment-4838\" style=\"width: 162px\" class=\"wp-caption alignnone\"><img decoding=\"async\" class=\"size-medium wp-image-4838\" src=\"https:\/\/vapestornado.com\/wp-content\/uploads\/2026\/01\/AIVONO-AVN-MATE-120k-120000-Puffs-Disposable-Vape-Low-Price-162x300.webp\" alt=\"AIVONO AVN MATE 120k 120000 \u012ekv\u0117pim\u0173 vienkartinis vape u\u017e \u017eem\u0105 kain\u0105\" width=\"162\" height=\"300\" srcset=\"https:\/\/vapestornado.com\/wp-content\/uploads\/2026\/01\/AIVONO-AVN-MATE-120k-120000-Puffs-Disposable-Vape-Low-Price-162x300.webp 162w, https:\/\/vapestornado.com\/wp-content\/uploads\/2026\/01\/AIVONO-AVN-MATE-120k-120000-Puffs-Disposable-Vape-Low-Price-552x1024.webp 552w, https:\/\/vapestornado.com\/wp-content\/uploads\/2026\/01\/AIVONO-AVN-MATE-120k-120000-Puffs-Disposable-Vape-Low-Price-768x1425.webp 768w, https:\/\/vapestornado.com\/wp-content\/uploads\/2026\/01\/AIVONO-AVN-MATE-120k-120000-Puffs-Disposable-Vape-Low-Price-6x12.webp 6w, https:\/\/vapestornado.com\/wp-content\/uploads\/2026\/01\/AIVONO-AVN-MATE-120k-120000-Puffs-Disposable-Vape-Low-Price-600x1113.webp 600w, https:\/\/vapestornado.com\/wp-content\/uploads\/2026\/01\/AIVONO-AVN-MATE-120k-120000-Puffs-Disposable-Vape-Low-Price.webp 800w\" sizes=\"(max-width: 162px) 100vw, 162px\" \/><figcaption id=\"caption-attachment-4838\" class=\"wp-caption-text\">AIVONO AVN MATE 120k 120000 \u012ekv\u0117pim\u0173 vienkartinis vape u\u017e \u017eem\u0105 kain\u0105<\/figcaption><\/figure>\n<\/div>\n<h2 class=\"product-title\"><strong>AIVONO AVN MATE 120k \u012ekv\u0117pim\u0173 skoni\u0173 s\u0105ra\u0161as<\/strong><\/h2>\n<ol data-start=\"2475\" data-end=\"2828\">\n<li data-start=\"2475\" data-end=\"2508\">\n<p data-start=\"2478\" data-end=\"2508\">Vy\u0161nin\u0117 kola + Arb\u016bz\u0173 ledas<\/p>\n<\/li>\n<li data-start=\"2509\" data-end=\"2554\">\n<p data-start=\"2512\" data-end=\"2554\">Kivi, Passijos vaisius, Guava + M\u0117lynojo uogien\u0117s ledas<\/p>\n<\/li>\n<li data-start=\"2555\" data-end=\"2584\">\n<p data-start=\"2558\" data-end=\"2584\">Vaivoryk\u0161t\u0117s saldainiai + Ponas M\u0117lynasis<\/p>\n<\/li>\n<li data-start=\"2585\" data-end=\"2617\">\n<p data-start=\"2588\" data-end=\"2617\">Energijos g\u0117rimas + Trij\u0173 mang\u0173<\/p>\n<\/li>\n<li data-start=\"2618\" data-end=\"2653\">\n<p data-start=\"2621\" data-end=\"2653\">Bra\u0161k\u0117, Bananas + Ro\u017ein\u0117 citrina<\/p>\n<\/li>\n<li data-start=\"2654\" data-end=\"2691\">\n<p data-start=\"2657\" data-end=\"2691\">M\u0117lyn\u0117s, Aviet\u0117s + Citrin\u0173 m\u0117tos<\/p>\n<\/li>\n<li data-start=\"2692\" data-end=\"2734\">\n<p data-start=\"2695\" data-end=\"2734\">Bra\u0161k\u0117s, Arb\u016bzas + Ananas\u0173 ledas<\/p>\n<\/li>\n<li data-start=\"2735\" data-end=\"2768\">\n<p data-start=\"2738\" data-end=\"2768\">Ananasas, Apelsinas, Laimas + M\u0117tos<\/p>\n<\/li>\n<li data-start=\"2769\" data-end=\"2796\">\n<p data-start=\"2772\" data-end=\"2796\">Citrina, Laimas + Vynuogi\u0173 ledas<\/p>\n<\/li>\n<li data-start=\"2797\" data-end=\"2828\">\n<p data-start=\"2801\" data-end=\"2828\">Guminiai lokiai + Mi\u0161rios uogos<\/p>\n<h2 data-start=\"2835\" data-end=\"2886\">Kod\u0117l didmenin\u0117s pirk\u0117jai renkasi AIVONO AVN MATE 120k<\/h2>\n<ul data-start=\"2888\" data-end=\"3159\">\n<li data-start=\"2888\" data-end=\"2950\">\n<p data-start=\"2890\" data-end=\"2950\">Dvigubo skonio dizainas padidina lentynos patrauklum\u0105 ir pakartotinius pardavimus<\/p>\n<\/li>\n<li data-start=\"2951\" data-end=\"3020\">\n<p data-start=\"2953\" data-end=\"3020\">Didelis p\u016btimo skai\u010dius suma\u017eina keitimo da\u017enum\u0105 ir po pardavimo rizik\u0105<\/p>\n<\/li>\n<li data-start=\"3021\" data-end=\"3091\">\n<p data-start=\"3023\" data-end=\"3091\">I\u0161manus ekranas prideda auk\u0161tesn\u0119 vert\u0119 nesukeldamas reik\u0161ming\u0173 papildom\u0173 i\u0161laid\u0173<\/p>\n<\/li>\n<li data-start=\"3092\" data-end=\"3159\">\n<p data-start=\"3094\" data-end=\"3159\">Idealiai tinka <strong data-start=\"3104\" data-end=\"3128\">vape didmenin\u0117 Lietuva<\/strong> ir ES platinimo kanalus<\/p>\n<\/li>\n<\/ul>\n<\/li>\n<\/ol>\n<div class=\"flex-shrink-0 flex flex-col relative items-end\">\n<div class=\"pt-0\">\n<div class=\"gizmo-bot-avatar flex h-8 w-8 items-center justify-center overflow-hidden rounded-full\">\n<div class=\"relative p-1 rounded-sm flex items-center justify-center bg-token-main-surface-primary text-token-text-primary h-8 w-8\">\n<h2 data-start=\"1200\" data-end=\"1487\">Vapes Tornado \u2013 J\u016bs\u0173 didmenin\u0117 internetin\u0117 gar\u0173 parduotuv\u0117 populiariems vapes<\/h2>\n<p data-start=\"72\" data-end=\"396\"><strong data-start=\"72\" data-end=\"89\">Vapes Tornado<\/strong> yra Europai orientuota didmenin\u0117 internetin\u0117 gar\u0173 parduotuv\u0117, si\u016blanti kruop\u0161\u010diai atrinkt\u0105 <strong data-start=\"178\" data-end=\"195\">populiari\u0173 vapes<\/strong> profesionaliems pirk\u0117jams. Mes dirbame su ma\u017emenininkais, platintojais ir internetin\u0117mis parduotuv\u0117mis visoje ES, kurie reikalinga stabili tiekimo grandin\u0117, ai\u0161ki produkt\u0173 informacija ir prek\u0117s \u017eenklai, kuriuos klientai jau pa\u017e\u012fsta ir jais pasitiki.<\/p>\n<p data-start=\"398\" data-end=\"687\">Mes bendradarbiaujame su patikimais vardais, tokiais kaip <strong data-start=\"247\" data-end=\"352\"><a href=\"https:\/\/vapestornado.com\/lt\/product\/randm-12000-puffs-fumot-digital-disposable-vape-wholesale-price\/\">Fumot VAPE<\/a>, <a href=\"https:\/\/vapestornado.com\/lt\/product\/original-wga-ultra-35k-35000-puff-rechargeable-crystal-disposable-nicotine-vape-best-discount-price\/\">WGA VAPE<\/a>, <a href=\"https:\/\/vapestornado.com\/lt\/product\/vozol-gear-shisha-25k-25000-puffs-best-dtl-disposable-vape-hookah-cheap-price\/\">VOZOL BAR VAPE<\/a>, <\/strong><strong data-start=\"247\" data-end=\"352\">Elf Bar Vape, WASPE Vape, <a href=\"https:\/\/vapestornado.com\/lt\/product\/uzy-150k-puffs-6-in-1-flavor-switch-disposable-vape-pen-wholesale\/\">UZY Vape<\/a>, Bang Vape, Razz Bar Vape, ir Stag Bar Vape<\/strong>, pasirinktais d\u0117l nuoseklios kokyb\u0117s ir stiprios paklausos Europos rinkoje.<\/p>\n<h4 data-start=\"1080\" data-end=\"1120\">Sukurta Europos vapingo didmeninei prekybai<\/h4>\n<p data-start=\"1121\" data-end=\"1189\">Vapes Tornado yra strukt\u016bruota pagal tikruosius ES didmeninink\u0173 poreikius:<\/p>\n<ul data-start=\"1190\" data-end=\"1400\">\n<li data-start=\"1190\" data-end=\"1239\">\n<p data-start=\"1192\" data-end=\"1239\">Konkurencingos didmenin\u0117s kainos didel\u0117ms u\u017esakym\u0173 partijoms<\/p>\n<\/li>\n<li data-start=\"1240\" data-end=\"1289\">\n<p data-start=\"1242\" data-end=\"1289\">Ai\u0161kios produkt\u0173 apra\u0161ymai ir technin\u0117s specifikacijos<\/p>\n<\/li>\n<li data-start=\"1290\" data-end=\"1330\">\n<p data-start=\"1292\" data-end=\"1330\">Greita, patikima ES orientuota logistika<\/p>\n<\/li>\n<li data-start=\"1331\" data-end=\"1400\">\n<p data-start=\"1333\" data-end=\"1400\">Katalogas, orientuotas \u012f <strong data-start=\"1356\" data-end=\"1373\">populiari\u0173 vapes<\/strong>, neperkrautas SKU<\/p>\n<\/li>\n<\/ul>\n<h2 data-start=\"2064\" data-end=\"2115\">Da\u017eniausiai u\u017eduodami klausimai apie AIVONO AVN MATE 120k Puffs vienkartin\u012f Vape<\/h2>\n<p data-start=\"3198\" data-end=\"3373\"><strong data-start=\"3198\" data-end=\"3260\">1. Ar AIVONO AVN MATE 120k yra tikras 120 000 p\u016btim\u0173 \u012frenginys?<\/strong><br data-start=\"3260\" data-end=\"3263\" \/>Taip, jis suprojektuotas su suderinta baterija ir aliejaus sistema, kad palaikyt\u0173 piln\u0105 p\u016btim\u0173 diapazon\u0105 \u012fprastu naudojimu.<\/p>\n<p data-start=\"3375\" data-end=\"3514\"><strong data-start=\"3375\" data-end=\"3419\">2. Kaip veikia dvigubo skonio sistema?<\/strong><br data-start=\"3419\" data-end=\"3422\" \/>Naudotojai gali keisti tarp dviej\u0173 skoni\u0173, \u012fmontuot\u0173 \u012f t\u0105 pat\u012f \u012frengin\u012f, be mai\u0161ymo ar papildymo.<\/p>\n<p data-start=\"3516\" data-end=\"3619\"><strong data-start=\"3516\" data-end=\"3562\">3. Ar tai \u012fkraunamas vienkartinis vape?<\/strong><br data-start=\"3562\" data-end=\"3565\" \/>Taip, jis turi Type-C \u012fkraunam\u0105 850mAh baterij\u0105.<\/p>\n<p data-start=\"3621\" data-end=\"3727\"><strong data-start=\"3621\" data-end=\"3666\">4. Koki\u0173 nikotino stiprum\u0173 yra?<\/strong><br data-start=\"3666\" data-end=\"3669\" \/>Prietaisas yra prieinamas <strong data-start=\"3696\" data-end=\"3726\">2% ir 5% nikotino variantus<\/strong>.<\/p>\n<p data-start=\"3729\" data-end=\"3888\"><strong data-start=\"3729\" data-end=\"3789\">5. Ar tai tinkama didmeninei prekybai Lietuvoje?<\/strong><br data-start=\"3789\" data-end=\"3792\" \/>Taip, dizainas, kainodara ir skonio strukt\u016bra yra gerai pritaikyti Lietuvos didmeninei rinkai.<\/p>\n<\/div>\n<\/div>\n<\/div>\n<\/div>","protected":false},"excerpt":{"rendered":"<div class=\"flex max-w-full flex-col grow\">\n<div class=\"min-h-8 text-message relative flex w-full flex-col items-end gap-2 text-start break-words whitespace-normal [.text-message+&amp;]:mt-1\" dir=\"auto\" data-message-author-role=\"assistant\" data-message-id=\"2a9d6edf-5b3a-41c0-afc9-caef2e4c2c3b\" data-message-model-slug=\"gpt-5-2\">\n<div class=\"flex w-full flex-col gap-1 empty:hidden first:pt-[1px]\">\n<div class=\"markdown prose dark:prose-invert w-full break-words light markdown-new-styling\">\n<p data-start=\"4127\" data-end=\"4213\"><strong data-start=\"4127\" data-end=\"4211\">AIVONO AVN MATE 120 t\u016bkst. dvigubo skonio vienkartinis vape su ekranu didmeninei prekybai Lietuvoje<\/strong><\/p>\n<p data-start=\"4217\" data-end=\"4296\"><strong data-start=\"4217\" data-end=\"4294\">AIVONO AVN MATE 120 000 p\u016btim\u0173 2-in-1 vienkartinis vape \u017eema kaina didmeninei prekybai<\/strong><\/p>\n<p data-start=\"4300\" data-end=\"4384\"><strong data-start=\"4300\" data-end=\"4384\">AIVONO AVN MATE 120 t\u016bkst. reguliuojamo skonio vienkartin\u0117 elektronin\u0117 cigaret\u0117 vape didmeninei prekybai<\/strong><\/p>\n<\/div>\n<\/div>\n<\/div>\n<\/div>\n<p><strong>Prid\u0117kite Amy's whatsapp, kad gautum\u0117te tinkam\u0105 atsakym\u0105 ir nuolaidos kain\u0105!<\/strong><\/p>\n<p><img fetchpriority=\"high\" decoding=\"async\" class=\"size-full wp-image-2932\" src=\"https:\/\/vapestornado.com\/wp-content\/uploads\/2024\/12\/Vape-Wholesale.jpg\" alt=\"Garintuvai Didmenin\u0117 prekyba\" width=\"229\" height=\"300\" \/><\/p>\n<h3><a href=\"https:\/\/wa.me\/8617776015835\"><span style=\"color: #ff0000;\"><strong>WhatsApp: +86 17776015835<\/strong><\/span><\/a><\/h3>","protected":false},"featured_media":4837,"comment_status":"open","ping_status":"closed","template":"","meta":{"_acf_changed":false,"_uag_custom_page_level_css":"","_lmt_disableupdate":"no","_lmt_disable":"","_monsterinsights_skip_tracking":false,"_monsterinsights_sitenote_active":false,"_monsterinsights_sitenote_note":"","_monsterinsights_sitenote_category":0,"site-sidebar-layout":"default","site-content-layout":"","ast-site-content-layout":"default","site-content-style":"default","site-sidebar-style":"default","ast-global-header-display":"","ast-banner-title-visibility":"","ast-main-header-display":"","ast-hfb-above-header-display":"","ast-hfb-below-header-display":"","ast-hfb-mobile-header-display":"","site-post-title":"","ast-breadcrumbs-content":"","ast-featured-img":"","footer-sml-layout":"","ast-disable-related-posts":"","theme-transparent-header-meta":"default","adv-header-id-meta":"","stick-header-meta":"","header-above-stick-meta":"","header-main-stick-meta":"","header-below-stick-meta":"","astra-migrate-meta-layouts":"set","ast-page-background-enabled":"default","ast-page-background-meta":{"desktop":{"background-color":"","background-image":"","background-repeat":"repeat","background-position":"center center","background-size":"auto","background-attachment":"scroll","background-type":"","background-media":"","overlay-type":"","overlay-color":"","overlay-opacity":"","overlay-gradient":""},"tablet":{"background-color":"","background-image":"","background-repeat":"repeat","background-position":"center center","background-size":"auto","background-attachment":"scroll","background-type":"","background-media":"","overlay-type":"","overlay-color":"","overlay-opacity":"","overlay-gradient":""},"mobile":{"background-color":"","background-image":"","background-repeat":"repeat","background-position":"center center","background-size":"auto","background-attachment":"scroll","background-type":"","background-media":"","overlay-type":"","overlay-color":"","overlay-opacity":"","overlay-gradient":""}},"ast-content-background-meta":{"desktop":{"background-color":"var(--ast-global-color-5)","background-image":"","background-repeat":"repeat","background-position":"center center","background-size":"auto","background-attachment":"scroll","background-type":"","background-media":"","overlay-type":"","overlay-color":"","overlay-opacity":"","overlay-gradient":""},"tablet":{"background-color":"var(--ast-global-color-5)","background-image":"","background-repeat":"repeat","background-position":"center center","background-size":"auto","background-attachment":"scroll","background-type":"","background-media":"","overlay-type":"","overlay-color":"","overlay-opacity":"","overlay-gradient":""},"mobile":{"background-color":"var(--ast-global-color-5)","background-image":"","background-repeat":"repeat","background-position":"center center","background-size":"auto","background-attachment":"scroll","background-type":"","background-media":"","overlay-type":"","overlay-color":"","overlay-opacity":"","overlay-gradient":""}},"_joinchat":[]},"product_brand":[],"product_cat":[347,176,150,152,153,158,141,142,492,144,146],"product_tag":[567,563,562,564,195,566,565,522,269],"class_list":{"0":"post-4842","1":"product","2":"type-product","3":"status-publish","4":"has-post-thumbnail","6":"product_cat-120000-puff","7":"product_cat-aivono-vape","8":"product_cat-buy-disposable-vapes-in-belgium","9":"product_cat-buy-disposable-vapes-in-cermany","10":"product_cat-buy-disposable-vapes-in-italy","11":"product_cat-buy-disposable-vapes-in-spain","12":"product_cat-crystal-disposable-vapes","13":"product_cat-digital-box-disposable-vapes","14":"product_cat-eu-warehouse","15":"product_cat-low-nicotine-disposable-vapes","16":"product_cat-rechargeable-disposable-vapes","17":"product_tag-2-in-1-flavor","18":"product_tag-aivono-avn-mate-120000","19":"product_tag-aivono-avn-mate-120k","20":"product_tag-aivono-vape","21":"product_tag-dual-flavor-disposable-vape","22":"product_tag-puff-120k","23":"product_tag-vape-wholesale-at-low-price","24":"product_tag-vape-wholesale-italy","25":"product_tag-vape-with-screen","26":"desktop-align-left","27":"tablet-align-left","28":"mobile-align-left","30":"first","31":"instock","32":"sale","33":"shipping-taxable","34":"purchasable","35":"product-type-simple"},"acf":[],"uagb_featured_image_src":{"full":["https:\/\/vapestornado.com\/wp-content\/uploads\/2026\/01\/AIVONO-AVN-MATE-120k-120000-Puffs-Disposable-Vape-Double-Flaovr.webp",800,800,false],"thumbnail":["https:\/\/vapestornado.com\/wp-content\/uploads\/2026\/01\/AIVONO-AVN-MATE-120k-120000-Puffs-Disposable-Vape-Double-Flaovr-150x150.webp",150,150,true],"medium":["https:\/\/vapestornado.com\/wp-content\/uploads\/2026\/01\/AIVONO-AVN-MATE-120k-120000-Puffs-Disposable-Vape-Double-Flaovr-300x300.webp",300,300,true],"medium_large":["https:\/\/vapestornado.com\/wp-content\/uploads\/2026\/01\/AIVONO-AVN-MATE-120k-120000-Puffs-Disposable-Vape-Double-Flaovr-768x768.webp",768,768,true],"large":["https:\/\/vapestornado.com\/wp-content\/uploads\/2026\/01\/AIVONO-AVN-MATE-120k-120000-Puffs-Disposable-Vape-Double-Flaovr.webp",800,800,false],"1536x1536":["https:\/\/vapestornado.com\/wp-content\/uploads\/2026\/01\/AIVONO-AVN-MATE-120k-120000-Puffs-Disposable-Vape-Double-Flaovr.webp",800,800,false],"2048x2048":["https:\/\/vapestornado.com\/wp-content\/uploads\/2026\/01\/AIVONO-AVN-MATE-120k-120000-Puffs-Disposable-Vape-Double-Flaovr.webp",800,800,false],"trp-custom-language-flag":["https:\/\/vapestornado.com\/wp-content\/uploads\/2026\/01\/AIVONO-AVN-MATE-120k-120000-Puffs-Disposable-Vape-Double-Flaovr-12x12.webp",12,12,true],"woocommerce_thumbnail":["https:\/\/vapestornado.com\/wp-content\/uploads\/2026\/01\/AIVONO-AVN-MATE-120k-120000-Puffs-Disposable-Vape-Double-Flaovr-300x300.webp",300,300,true],"woocommerce_single":["https:\/\/vapestornado.com\/wp-content\/uploads\/2026\/01\/AIVONO-AVN-MATE-120k-120000-Puffs-Disposable-Vape-Double-Flaovr-600x600.webp",600,600,true],"woocommerce_gallery_thumbnail":["https:\/\/vapestornado.com\/wp-content\/uploads\/2026\/01\/AIVONO-AVN-MATE-120k-120000-Puffs-Disposable-Vape-Double-Flaovr-100x100.webp",100,100,true]},"uagb_author_info":{"display_name":"ESAMY","author_link":"https:\/\/vapestornado.com\/lt\/author\/"},"uagb_comment_info":0,"uagb_excerpt":"AIVONO AVN MATE 120k Dual Flavor Disposable Vape with Screen for Italy Wholesale AIVONO AVN MATE 120000 Puffs 2 in 1 Disposable Vape Low Price Bulk Supply AIVONO AVN MATE 120k Adjustable Flavor Disposable E-Cigarette for Vape Wholesale Add Amy's whatsapp to get right reply and discount price! WhatsApp: +86 17776015835","_links":{"self":[{"href":"https:\/\/vapestornado.com\/lt\/wp-json\/wp\/v2\/product\/4842","targetHints":{"allow":["GET"]}}],"collection":[{"href":"https:\/\/vapestornado.com\/lt\/wp-json\/wp\/v2\/product"}],"about":[{"href":"https:\/\/vapestornado.com\/lt\/wp-json\/wp\/v2\/types\/product"}],"replies":[{"embeddable":true,"href":"https:\/\/vapestornado.com\/lt\/wp-json\/wp\/v2\/comments?post=4842"}],"wp:featuredmedia":[{"embeddable":true,"href":"https:\/\/vapestornado.com\/lt\/wp-json\/wp\/v2\/media\/4837"}],"wp:attachment":[{"href":"https:\/\/vapestornado.com\/lt\/wp-json\/wp\/v2\/media?parent=4842"}],"wp:term":[{"taxonomy":"product_brand","embeddable":true,"href":"https:\/\/vapestornado.com\/lt\/wp-json\/wp\/v2\/product_brand?post=4842"},{"taxonomy":"product_cat","embeddable":true,"href":"https:\/\/vapestornado.com\/lt\/wp-json\/wp\/v2\/product_cat?post=4842"},{"taxonomy":"product_tag","embeddable":true,"href":"https:\/\/vapestornado.com\/lt\/wp-json\/wp\/v2\/product_tag?post=4842"}],"curies":[{"name":"wp","href":"https:\/\/api.w.org\/{rel}","templated":true}]}}