{"id":4803,"date":"2026-01-14T07:52:29","date_gmt":"2026-01-14T07:52:29","guid":{"rendered":"https:\/\/vapestornado.com\/?post_type=product&#038;p=4803"},"modified":"2026-01-14T07:59:53","modified_gmt":"2026-01-14T07:59:53","slug":"runchunfu-200k-puffs-3-flavor-disposable-vape-wholesale-2-nic","status":"publish","type":"product","link":"https:\/\/vapestornado.com\/lt\/product\/runchunfu-200k-puffs-3-flavor-disposable-vape-wholesale-2-nic\/","title":{"rendered":"RUNCHUNFU 200 t\u016bkst. P\u016b\u010di\u0173 3 Skoni\u0173 Vienkartinis Vape Didmenin\u0117 prekyba 2% Nic"},"content":{"rendered":"<h1 data-start=\"0\" data-end=\"87\">RUNCHUNFU 200K P\u016b\u010di\u0173 3 Skoni\u0173 Vienkartinis Vape \u2013 Didmenin\u0117 2% Nic<\/h1>\n<p data-start=\"102\" data-end=\"545\">\u0160is <strong data-start=\"106\" data-end=\"130\">RUNCHUNFU 200k P\u016b\u010di\u0173<\/strong> sukurtas didmenininkams, kuriems reikia <strong data-start=\"167\" data-end=\"184\">didelis p\u016btimo vape<\/strong> stipraus lentynos patrauklumo ir ilgalaikio patikimumo. Sukurtas kaip <strong data-start=\"251\" data-end=\"279\">3 Skoni\u0173 Vienkartinis Vape<\/strong>, leid\u017eia vartotojams keisti tris skonius viename \u012frenginyje, suteikiant daugiau \u012fvairov\u0117s ir suma\u017einant atsarg\u0173 spaudim\u0105 ma\u017emenininkams. \u0160is <strong data-start=\"418\" data-end=\"444\">skoni\u0173 reguliuojamas vape<\/strong> formatas \u012frod\u0117, kad padidina pakartotinius pirkimus ir klient\u0173 pasitenkinim\u0105 ES vienkartinio rinkoje.<\/p>\n<p data-start=\"547\" data-end=\"889\">Su did\u017eiuliu <strong data-start=\"562\" data-end=\"585\">200 000 p\u016b\u010di\u0173 \u012fvertinimas<\/strong>, a <strong data-start=\"589\" data-end=\"615\">58 ml elektroninio skys\u010dio talpa<\/strong>, ir a <strong data-start=\"623\" data-end=\"646\">0.8\u03a9 dvigubo tinklelio rit\u0117<\/strong>, <strong data-start=\"652\" data-end=\"676\">RUNCHUNFU 200k P\u016b\u010di\u0173<\/strong> teikia \u0161veln\u0173 gar\u0105 ir stabil\u0173 skon\u012f nuo pirmo \u012fkv\u0117pimo iki paskutinio. Veikia su <strong data-start=\"763\" data-end=\"817\">650mAh Type-C \u012fkraunama vienkartin\u0117 vape baterija<\/strong>, ji i\u0161laiko pastov\u0173 i\u0161\u0117jim\u0105, tuo pa\u010diu palengvindama \u012fkrovim\u0105 ir spart\u0173 \u012fkrovim\u0105.<\/p>\n<p data-start=\"891\" data-end=\"1195\">Ai\u0161kus <strong data-start=\"899\" data-end=\"913\">LED ekranas<\/strong> rodo abu <strong data-start=\"925\" data-end=\"962\">baterijos lyg\u012f ir e-skys\u010dio b\u016bkl\u0119<\/strong>, suma\u017eina \u012frenginio gr\u0105\u017einimus ir didina vartotoj\u0173 pasitik\u0117jim\u0105. Galima \u012fsigyti <strong data-start=\"1032\" data-end=\"1042\">2% nikotino<\/strong> ir kit\u0173 stiprum\u0173, \u0161is \u012frenginys tinka tiek lengvo, tiek \u012fprasto vartojimo naudotojams, tod\u0117l yra idealus <strong data-start=\"1131\" data-end=\"1149\">Garintuvai Didmenin\u0117 prekyba<\/strong> pirk\u0117jams, taikantiems skirtingas klient\u0173 segmentus.<\/p>\n<p data-start=\"1197\" data-end=\"1397\">Jei ie\u0161kote <strong data-start=\"1222\" data-end=\"1245\">vape nuolaidos kainos<\/strong> produkto, kuris vis dar si\u016blo auk\u0161\u010diausios kokyb\u0117s veikim\u0105 ir itin didel\u012f p\u016btimo talp\u0105, <strong data-start=\"1326\" data-end=\"1350\">RUNCHUNFU 200k P\u016b\u010di\u0173<\/strong> yra protingas pasirinkimas bet kuriai ES didmeninei linijai.<\/p>\n<p><strong><span style=\"color: #ff0000;\">Prid\u0117kite Amy whatsapp, gaukite tiesiogin\u012f atsakym\u0105 ir kupon\u0105 veipui!<\/span><\/strong><\/p>\n<p><img fetchpriority=\"high\" decoding=\"async\" class=\"size-full wp-image-2932\" src=\"https:\/\/vapestornado.com\/wp-content\/uploads\/2024\/12\/Vape-Wholesale.jpg\" alt=\"Garintuvai Didmenin\u0117 prekyba\" width=\"229\" height=\"300\" \/><\/p>\n<h3><a href=\"https:\/\/wa.me\/8617776015835\" target=\"_blank\" rel=\"noopener\"><span style=\"color: #ff0000;\"><strong>WhatsApp: +86 17776015835<\/strong><\/span><\/a><\/h3>\n<p>&nbsp;<\/p>\n<h2><strong>RUNCHUNFU 200 t\u016bkst. P\u016btim\u0173 produkto savyb\u0117s<\/strong><\/h2>\n<ul>\n<li data-start=\"1453\" data-end=\"1538\">\n<p data-start=\"1455\" data-end=\"1538\"><strong data-start=\"1455\" data-end=\"1472\">200 000 P\u016btim\u0173<\/strong> \u2013 Sukurta naudoti itin ilgai, su ma\u017eiau \u012frengini\u0173 keitim\u0173.<\/p>\n<\/li>\n<li data-start=\"1539\" data-end=\"1631\">\n<p data-start=\"1541\" data-end=\"1631\"><strong data-start=\"1541\" data-end=\"1558\">58 ml E-skys\u010dio<\/strong> \u2013 Didelis aliejaus kiekis palaiko nuosekl\u0173 skon\u012f ilg\u0105 laik\u0105.<\/p>\n<\/li>\n<li data-start=\"1632\" data-end=\"1715\">\n<p data-start=\"1634\" data-end=\"1715\"><strong data-start=\"1634\" data-end=\"1657\">0.8\u03a9 Dvigubo tinklelio rit\u0117<\/strong> \u2013 Suteikia \u0161veln\u0173 gar\u0105 ir stabil\u0173 skon\u012f kiekvieno \u012fkv\u0117pimo metu.<\/p>\n<\/li>\n<li data-start=\"1716\" data-end=\"1804\">\n<p data-start=\"1718\" data-end=\"1804\"><strong data-start=\"1718\" data-end=\"1740\">3 skonio keitimo re\u017eimai<\/strong> \u2013 Leid\u017eia vartotojams keisti tris skonius viename \u012frenginyje.<\/p>\n<\/li>\n<li data-start=\"1805\" data-end=\"1891\">\n<p data-start=\"1807\" data-end=\"1891\"><strong data-start=\"1807\" data-end=\"1825\">650mAh baterija<\/strong> \u2013 U\u017etikrina patikim\u0105 gali\u0105 viso \u012frenginio gyvavimo ciklo metu.<\/p>\n<\/li>\n<li data-start=\"1892\" data-end=\"1972\">\n<p data-start=\"1894\" data-end=\"1972\"><strong data-start=\"1894\" data-end=\"1913\">Type-C \u012fkrovimas<\/strong> \u2013 Leid\u017eia greit\u0105, \u0161iuolaiki\u0161k\u0105 \u012fkrovim\u0105 kasdieniam patogumui.<\/p>\n<\/li>\n<li data-start=\"1973\" data-end=\"2037\">\n<p data-start=\"1975\" data-end=\"2037\"><strong data-start=\"1975\" data-end=\"1990\">LED ekranas<\/strong> \u2013 Ai\u0161kiai rodo baterijos ir e-liquido lygius.<\/p>\n<\/li>\n<li data-start=\"2038\" data-end=\"2125\">\n<p data-start=\"2040\" data-end=\"2125\"><strong data-start=\"2040\" data-end=\"2068\">Reguliuojama skonio sistema<\/strong> \u2013 Pagerina naudotojo kontrol\u0119 ir pakartotinio pirkimo galimybes.<\/p>\n<\/li>\n<\/ul>\n<div class=\"mceTemp\"><\/div>\n<div>\n<div class=\"mceTemp\"><\/div>\n<figure id=\"attachment_4798\" aria-describedby=\"caption-attachment-4798\" style=\"width: 300px\" class=\"wp-caption alignnone\"><img decoding=\"async\" class=\"size-medium wp-image-4798\" src=\"https:\/\/vapestornado.com\/wp-content\/uploads\/2026\/01\/Runchunfu-200K-Puffs-3-in-1-Vape-Disposable-300x300.webp\" alt=\"Runchunfu 200 t\u016bkst. \u012fkv\u0117pim\u0173 vienkartinis vape \u012frenginys\" width=\"300\" height=\"300\" srcset=\"https:\/\/vapestornado.com\/wp-content\/uploads\/2026\/01\/Runchunfu-200K-Puffs-3-in-1-Vape-Disposable-300x300.webp 300w, https:\/\/vapestornado.com\/wp-content\/uploads\/2026\/01\/Runchunfu-200K-Puffs-3-in-1-Vape-Disposable-150x150.webp 150w, https:\/\/vapestornado.com\/wp-content\/uploads\/2026\/01\/Runchunfu-200K-Puffs-3-in-1-Vape-Disposable-768x768.webp 768w, https:\/\/vapestornado.com\/wp-content\/uploads\/2026\/01\/Runchunfu-200K-Puffs-3-in-1-Vape-Disposable-12x12.webp 12w, https:\/\/vapestornado.com\/wp-content\/uploads\/2026\/01\/Runchunfu-200K-Puffs-3-in-1-Vape-Disposable-600x600.webp 600w, https:\/\/vapestornado.com\/wp-content\/uploads\/2026\/01\/Runchunfu-200K-Puffs-3-in-1-Vape-Disposable-100x100.webp 100w, https:\/\/vapestornado.com\/wp-content\/uploads\/2026\/01\/Runchunfu-200K-Puffs-3-in-1-Vape-Disposable.webp 800w\" sizes=\"(max-width: 300px) 100vw, 300px\" \/><figcaption id=\"caption-attachment-4798\" class=\"wp-caption-text\">Runchunfu 200 t\u016bkst. \u012fkv\u0117pim\u0173 vienkartinis vape \u012frenginys<\/figcaption><\/figure>\n<\/div>\n<h2 class=\"product-title\"><strong>RUNCHUNFU 200 t\u016bkst. \u012fkv\u0117pim\u0173 skoni\u0173 s\u0105ra\u0161as<\/strong><\/h2>\n<p data-start=\"3215\" data-end=\"3339\">1. Arb\u016bz\u0173 ledas<br \/>\n2. Bra\u0161k\u0117 su arb\u016bzu ir Bra\u0161k\u0117 su avie\u010di\u0173 saldainiu bei M\u0117lynas Razz<br \/>\n3. M\u0117lyni\u0173 ledas<br \/>\n4. Bra\u0161ki\u0173 avie\u010di\u0173 vy\u0161nios<br \/>\n5. Persik\u0173 ledas<br \/>\n6. Red Bull ledas<br \/>\n7. Mi\u0161rios uogos ir M\u0117ta bei Vaivoryk\u0161t\u0117s saldainis<br \/>\n8. Vynuog\u0117 su lediniu efektu ir Bra\u0161k\u0117 su lediniu efektu bei Ananaso ledas<br \/>\n9. Bra\u0161k\u0117 su Banana ir Ananaso Kokos\u0173 ledas bei Mango ledas<br \/>\n10. Vy\u0161nios kola ledas ir Bra\u0161k\u0117s kola ir Kola<\/p>\n<p>&nbsp;<\/p>\n<div class=\"flex-shrink-0 flex flex-col relative items-end\">\n<div class=\"pt-0\">\n<div class=\"gizmo-bot-avatar flex h-8 w-8 items-center justify-center overflow-hidden rounded-full\">\n<div class=\"relative p-1 rounded-sm flex items-center justify-center bg-token-main-surface-primary text-token-text-primary h-8 w-8\">\n<h2 data-start=\"1200\" data-end=\"1487\">Vapes Tornado \u2013 J\u016bs\u0173 didmenin\u0117 internetin\u0117 gar\u0173 parduotuv\u0117 populiariems vapes<\/h2>\n<p data-start=\"72\" data-end=\"396\"><strong data-start=\"72\" data-end=\"89\">Vapes Tornado<\/strong> yra Europai orientuota didmenin\u0117 internetin\u0117 gar\u0173 parduotuv\u0117, si\u016blanti kruop\u0161\u010diai atrinkt\u0105 <strong data-start=\"178\" data-end=\"195\">populiari\u0173 vapes<\/strong> profesionaliems pirk\u0117jams. Mes dirbame su ma\u017emenininkais, platintojais ir internetin\u0117mis parduotuv\u0117mis visoje ES, kurie reikalinga stabili tiekimo grandin\u0117, ai\u0161ki produkt\u0173 informacija ir prek\u0117s \u017eenklai, kuriuos klientai jau pa\u017e\u012fsta ir jais pasitiki.<\/p>\n<p data-start=\"398\" data-end=\"687\">Mes bendradarbiaujame su patikimais vardais, tokiais kaip <strong data-start=\"247\" data-end=\"352\">Elf Bar Vape, WASPE Vape, <a href=\"https:\/\/vapestornado.com\/lt\/product\/uzy-150k-puffs-6-in-1-flavor-switch-disposable-vape-pen-wholesale\/\">UZY Vape<\/a>, Bang Vape, Razz Bar Vape, <a href=\"https:\/\/vapestornado.com\/lt\/product\/randm-12000-puffs-fumot-digital-disposable-vape-wholesale-price\/\">Fumot VAPE<\/a>, <a href=\"https:\/\/vapestornado.com\/lt\/product\/original-wga-ultra-35k-35000-puff-rechargeable-crystal-disposable-nicotine-vape-best-discount-price\/\">WGA VAPE<\/a>, <a href=\"https:\/\/vapestornado.com\/lt\/product\/vozol-gear-shisha-25k-25000-puffs-best-dtl-disposable-vape-hookah-cheap-price\/\">VOZOL BAR VAPE<\/a>,\u00a0ir Stag Bar Vape<\/strong>, pasirinktais d\u0117l nuoseklios kokyb\u0117s ir stiprios paklausos Europos rinkoje.<\/p>\n<h4 data-start=\"1080\" data-end=\"1120\">Sukurta Europos didmeniniams pirk\u0117jams<\/h4>\n<p data-start=\"1121\" data-end=\"1189\">Vapes Tornado yra strukt\u016bruota pagal tikruosius ES didmeninink\u0173 poreikius:<\/p>\n<ul data-start=\"1190\" data-end=\"1400\">\n<li data-start=\"1190\" data-end=\"1239\">\n<p data-start=\"1192\" data-end=\"1239\">Konkurencingos didmenin\u0117s kainos didel\u0117ms u\u017esakym\u0173 partijoms<\/p>\n<\/li>\n<li data-start=\"1240\" data-end=\"1289\">\n<p data-start=\"1242\" data-end=\"1289\">Ai\u0161kios produkt\u0173 apra\u0161ymai ir technin\u0117s specifikacijos<\/p>\n<\/li>\n<li data-start=\"1290\" data-end=\"1330\">\n<p data-start=\"1292\" data-end=\"1330\">Greita, patikima ES orientuota logistika<\/p>\n<\/li>\n<li data-start=\"1331\" data-end=\"1400\">\n<p data-start=\"1333\" data-end=\"1400\">Katalogas, orientuotas \u012f <strong data-start=\"1356\" data-end=\"1373\">populiari\u0173 vapes<\/strong>, neperkrautas SKU<\/p>\n<\/li>\n<\/ul>\n<h2 data-start=\"2064\" data-end=\"2115\">Da\u017eniausiai u\u017eduodami klausimai apie RUNCHUNFU 200 t\u016bkst. \u012fkv\u0117pim\u0173 vienkartin\u012f vape<\/h2>\n<p data-start=\"2710\" data-end=\"2843\"><strong data-start=\"2710\" data-end=\"2761\">1. Kiek laiko tarnauja RUNCHUNFU 200 t\u016bkst. \u012fkv\u0117pim\u0173?<\/strong><br data-start=\"2761\" data-end=\"2764\" \/>Su iki 200 000 \u012fkv\u0117pim\u0173, jis gali tarnauti savaites ar ilgiau, priklausomai nuo naudotojo \u012fpro\u010di\u0173.<\/p>\n<p data-start=\"2845\" data-end=\"2953\"><strong data-start=\"2845\" data-end=\"2888\">2. Ar naudotojai gali keisti skonius naudojimo metu?<\/strong><br data-start=\"2888\" data-end=\"2891\" \/>Taip, \u012frenginys palaiko tris kei\u010diamus skonius viename \u012frenginyje.<\/p>\n<p data-start=\"2955\" data-end=\"3043\"><strong data-start=\"2955\" data-end=\"2990\">3. Ar baterija yra \u012fkraunama?<\/strong><br data-start=\"2990\" data-end=\"2993\" \/>Taip, jis turi 650mAh baterij\u0105 su Type-C \u012fkrovimu.<\/p>\n<p data-start=\"3045\" data-end=\"3143\"><strong data-start=\"3045\" data-end=\"3090\">4. Koki\u0173 nikotino stiprum\u0173 yra?<\/strong><br data-start=\"3090\" data-end=\"3093\" \/>Jis yra prieinamas modeliuose 0%, 2%, 3% ir 5% nikotino variantuose.<\/p>\n<p data-start=\"3145\" data-end=\"3283\"><strong data-start=\"3145\" data-end=\"3191\">Ar tai tinkama didmeninei prekybai elektronin\u0117mis cigaret\u0117mis ES?<\/strong><br data-start=\"3191\" data-end=\"3194\" \/>Taip, jis yra sukurtas <strong data-start=\"3218\" data-end=\"3236\">Garintuvai Didmenin\u0117 prekyba<\/strong> su dideliu p\u016btimo skai\u010diumi ir stipriu ma\u017emenin\u0117s prekybos patrauklumu.<\/p>\n<\/div>\n<\/div>\n<\/div>\n<\/div>","protected":false},"excerpt":{"rendered":"<div class=\"flex max-w-full flex-col grow\">\n<div class=\"min-h-8 text-message relative flex w-full flex-col items-end gap-2 text-start break-words whitespace-normal [.text-message+&amp;]:mt-1\" dir=\"auto\" data-message-author-role=\"assistant\" data-message-id=\"2a9d6edf-5b3a-41c0-afc9-caef2e4c2c3b\" data-message-model-slug=\"gpt-5-2\">\n<div class=\"flex w-full flex-col gap-1 empty:hidden first:pt-[1px]\">\n<div class=\"markdown prose dark:prose-invert w-full break-words light markdown-new-styling\">\n<p data-start=\"3689\" data-end=\"3768\"><strong data-start=\"3689\" data-end=\"3766\">RUNCHUNFU 200 t\u016bkst. P\u016b\u010di\u0173 3 Skoni\u0173 Vienkartinis Vape \u2013 Didmenin\u0117 didel\u0117 p\u016btimo \u012franga<\/strong><\/p>\n<p data-start=\"3772\" data-end=\"3847\"><strong data-start=\"3772\" data-end=\"3845\">RUNCHUNFU 200 000 P\u016b\u010di\u0173 \u012ekraunamas Vienkartinis Vape su Nuolaida<\/strong><\/p>\n<p data-start=\"3851\" data-end=\"3925\" data-is-last-node=\"\"><strong data-start=\"3851\" data-end=\"3925\" data-is-last-node=\"\">Skoni\u0173 reguliuojamas RUNCHUNFU 200k Vape \u2013 Didmenin\u0117 pasi\u016bla ES didmenininkams<\/strong><\/p>\n<\/div>\n<\/div>\n<\/div>\n<\/div>\n<p><strong>Prid\u0117kite Amy's whatsapp, kad gautum\u0117te tinkam\u0105 atsakym\u0105 ir nuolaidos kain\u0105!<\/strong><\/p>\n<p><img fetchpriority=\"high\" decoding=\"async\" class=\"size-full wp-image-2932\" src=\"https:\/\/vapestornado.com\/wp-content\/uploads\/2024\/12\/Vape-Wholesale.jpg\" alt=\"Garintuvai Didmenin\u0117 prekyba\" width=\"229\" height=\"300\" \/><\/p>\n<h3><a href=\"https:\/\/wa.me\/8617776015835\"><span style=\"color: #ff0000;\"><strong>WhatsApp: +86 17776015835<\/strong><\/span><\/a><\/h3>","protected":false},"featured_media":4800,"comment_status":"open","ping_status":"closed","template":"","meta":{"_acf_changed":false,"_uag_custom_page_level_css":"","_lmt_disableupdate":"no","_lmt_disable":"","_monsterinsights_skip_tracking":false,"_monsterinsights_sitenote_active":false,"_monsterinsights_sitenote_note":"","_monsterinsights_sitenote_category":0,"site-sidebar-layout":"default","site-content-layout":"","ast-site-content-layout":"default","site-content-style":"default","site-sidebar-style":"default","ast-global-header-display":"","ast-banner-title-visibility":"","ast-main-header-display":"","ast-hfb-above-header-display":"","ast-hfb-below-header-display":"","ast-hfb-mobile-header-display":"","site-post-title":"","ast-breadcrumbs-content":"","ast-featured-img":"","footer-sml-layout":"","ast-disable-related-posts":"","theme-transparent-header-meta":"default","adv-header-id-meta":"","stick-header-meta":"","header-above-stick-meta":"","header-main-stick-meta":"","header-below-stick-meta":"","astra-migrate-meta-layouts":"set","ast-page-background-enabled":"default","ast-page-background-meta":{"desktop":{"background-color":"","background-image":"","background-repeat":"repeat","background-position":"center center","background-size":"auto","background-attachment":"scroll","background-type":"","background-media":"","overlay-type":"","overlay-color":"","overlay-opacity":"","overlay-gradient":""},"tablet":{"background-color":"","background-image":"","background-repeat":"repeat","background-position":"center center","background-size":"auto","background-attachment":"scroll","background-type":"","background-media":"","overlay-type":"","overlay-color":"","overlay-opacity":"","overlay-gradient":""},"mobile":{"background-color":"","background-image":"","background-repeat":"repeat","background-position":"center center","background-size":"auto","background-attachment":"scroll","background-type":"","background-media":"","overlay-type":"","overlay-color":"","overlay-opacity":"","overlay-gradient":""}},"ast-content-background-meta":{"desktop":{"background-color":"var(--ast-global-color-5)","background-image":"","background-repeat":"repeat","background-position":"center center","background-size":"auto","background-attachment":"scroll","background-type":"","background-media":"","overlay-type":"","overlay-color":"","overlay-opacity":"","overlay-gradient":""},"tablet":{"background-color":"var(--ast-global-color-5)","background-image":"","background-repeat":"repeat","background-position":"center center","background-size":"auto","background-attachment":"scroll","background-type":"","background-media":"","overlay-type":"","overlay-color":"","overlay-opacity":"","overlay-gradient":""},"mobile":{"background-color":"var(--ast-global-color-5)","background-image":"","background-repeat":"repeat","background-position":"center center","background-size":"auto","background-attachment":"scroll","background-type":"","background-media":"","overlay-type":"","overlay-color":"","overlay-opacity":"","overlay-gradient":""}},"_joinchat":[]},"product_brand":[],"product_cat":[526,140,149,152,153,156,142,146],"product_tag":[355,354,545,94,544,543,513,93,512],"class_list":{"0":"post-4803","1":"product","2":"type-product","3":"status-publish","4":"has-post-thumbnail","6":"product_cat-200k-puff","7":"product_cat-big-puffs-disposable-vapes","8":"product_cat-buy-disposable-vapes-in-austria","9":"product_cat-buy-disposable-vapes-in-cermany","10":"product_cat-buy-disposable-vapes-in-italy","11":"product_cat-buy-disposable-vapes-in-poland","12":"product_cat-digital-box-disposable-vapes","13":"product_cat-rechargeable-disposable-vapes","14":"product_tag-big-puff-vape","15":"product_tag-flavor-adjustable-vape","16":"product_tag-flavor-disposable-vape","17":"product_tag-rechargeable-disposable-vape","18":"product_tag-runchunfu-200k","19":"product_tag-runchunfu-200k-puff","20":"product_tag-vape-discount-price","21":"product_tag-vape-wholesale","22":"product_tag-vape-wholesale-distributor","23":"desktop-align-left","24":"tablet-align-left","25":"mobile-align-left","27":"first","28":"instock","29":"sale","30":"shipping-taxable","31":"purchasable","32":"product-type-simple"},"acf":[],"uagb_featured_image_src":{"full":["https:\/\/vapestornado.com\/wp-content\/uploads\/2026\/01\/RUNCHUNFU-Triple-200k-Big-Puff-Disposable-Vapes.webp",800,800,false],"thumbnail":["https:\/\/vapestornado.com\/wp-content\/uploads\/2026\/01\/RUNCHUNFU-Triple-200k-Big-Puff-Disposable-Vapes-150x150.webp",150,150,true],"medium":["https:\/\/vapestornado.com\/wp-content\/uploads\/2026\/01\/RUNCHUNFU-Triple-200k-Big-Puff-Disposable-Vapes-300x300.webp",300,300,true],"medium_large":["https:\/\/vapestornado.com\/wp-content\/uploads\/2026\/01\/RUNCHUNFU-Triple-200k-Big-Puff-Disposable-Vapes-768x768.webp",768,768,true],"large":["https:\/\/vapestornado.com\/wp-content\/uploads\/2026\/01\/RUNCHUNFU-Triple-200k-Big-Puff-Disposable-Vapes.webp",800,800,false],"1536x1536":["https:\/\/vapestornado.com\/wp-content\/uploads\/2026\/01\/RUNCHUNFU-Triple-200k-Big-Puff-Disposable-Vapes.webp",800,800,false],"2048x2048":["https:\/\/vapestornado.com\/wp-content\/uploads\/2026\/01\/RUNCHUNFU-Triple-200k-Big-Puff-Disposable-Vapes.webp",800,800,false],"trp-custom-language-flag":["https:\/\/vapestornado.com\/wp-content\/uploads\/2026\/01\/RUNCHUNFU-Triple-200k-Big-Puff-Disposable-Vapes-12x12.webp",12,12,true],"woocommerce_thumbnail":["https:\/\/vapestornado.com\/wp-content\/uploads\/2026\/01\/RUNCHUNFU-Triple-200k-Big-Puff-Disposable-Vapes-300x300.webp",300,300,true],"woocommerce_single":["https:\/\/vapestornado.com\/wp-content\/uploads\/2026\/01\/RUNCHUNFU-Triple-200k-Big-Puff-Disposable-Vapes-600x600.webp",600,600,true],"woocommerce_gallery_thumbnail":["https:\/\/vapestornado.com\/wp-content\/uploads\/2026\/01\/RUNCHUNFU-Triple-200k-Big-Puff-Disposable-Vapes-100x100.webp",100,100,true]},"uagb_author_info":{"display_name":"ESAMY","author_link":"https:\/\/vapestornado.com\/lt\/author\/"},"uagb_comment_info":0,"uagb_excerpt":"RUNCHUNFU 200k Puffs 3 Flavor Disposable Vape \u2013 Wholesale Big Puff Device RUNCHUNFU 200,000 Puff Rechargeable Disposable Vape at Discount Price Flavor Adjustable RUNCHUNFU 200k Vape \u2013 Bulk Supply for EU Wholesalers Add Amy's whatsapp to get right reply and discount price! WhatsApp: +86 17776015835","_links":{"self":[{"href":"https:\/\/vapestornado.com\/lt\/wp-json\/wp\/v2\/product\/4803","targetHints":{"allow":["GET"]}}],"collection":[{"href":"https:\/\/vapestornado.com\/lt\/wp-json\/wp\/v2\/product"}],"about":[{"href":"https:\/\/vapestornado.com\/lt\/wp-json\/wp\/v2\/types\/product"}],"replies":[{"embeddable":true,"href":"https:\/\/vapestornado.com\/lt\/wp-json\/wp\/v2\/comments?post=4803"}],"wp:featuredmedia":[{"embeddable":true,"href":"https:\/\/vapestornado.com\/lt\/wp-json\/wp\/v2\/media\/4800"}],"wp:attachment":[{"href":"https:\/\/vapestornado.com\/lt\/wp-json\/wp\/v2\/media?parent=4803"}],"wp:term":[{"taxonomy":"product_brand","embeddable":true,"href":"https:\/\/vapestornado.com\/lt\/wp-json\/wp\/v2\/product_brand?post=4803"},{"taxonomy":"product_cat","embeddable":true,"href":"https:\/\/vapestornado.com\/lt\/wp-json\/wp\/v2\/product_cat?post=4803"},{"taxonomy":"product_tag","embeddable":true,"href":"https:\/\/vapestornado.com\/lt\/wp-json\/wp\/v2\/product_tag?post=4803"}],"curies":[{"name":"wp","href":"https:\/\/api.w.org\/{rel}","templated":true}]}}