{"id":4795,"date":"2026-01-13T03:09:18","date_gmt":"2026-01-13T03:09:18","guid":{"rendered":"https:\/\/vapestornado.com\/?post_type=product&#038;p=4795"},"modified":"2026-01-13T03:17:55","modified_gmt":"2026-01-13T03:17:55","slug":"al-fakher-crown-bar-15k-ice-adjust-disposable-shisha-hookah-wholesale-netherlands","status":"publish","type":"product","link":"https:\/\/vapestornado.com\/lt\/product\/al-fakher-crown-bar-15k-ice-adjust-disposable-shisha-hookah-wholesale-netherlands\/","title":{"rendered":"Al Fakher Crown Bar 15K Ledas Reguliuojamas Vienkartinis \u0160i\u0161a Vamzdelis Didmenin\u0117 Nyderlandai"},"content":{"rendered":"<h1 data-start=\"0\" data-end=\"87\">Al Fakher Mega Max 40K \u012fkv\u0117pim\u0173 Crown Bar vienkartin\u0117 elektronin\u0117 \u0161y\u0161a su reguliuojamu oro srautu<\/h1>\n<p data-start=\"107\" data-end=\"502\">Al Fakher Crown Bar 15K Ledas Reguliuojamas yra sukurtas Europos didmeninei rinkai, kuri reikalauja skonio kontrol\u0117s, ilgaam\u017ei\u0161kumo ir patikimos kokyb\u0117s <strong data-start=\"259\" data-end=\"274\">gera kaina<\/strong>. Sukurtas <strong data-start=\"289\" data-end=\"316\">Vienkartin\u0117s Elektronin\u0117s Cigaret\u0117s<\/strong> retaileriams ir <strong data-start=\"331\" data-end=\"368\">Vienkartini\u0173 Vape Didmenin\u0117 Pranc\u016bzija<\/strong> platintojams, \u0161is modelis suteikia iki <strong data-start=\"409\" data-end=\"440\">15 000 skland\u017ei\u0173, stabili\u0173 p\u016btim\u0173<\/strong> su Al Fakher para\u0161o skonio tikslumu ir auk\u0161tos kokyb\u0117s gamyba.<\/p>\n<p data-start=\"504\" data-end=\"842\">Skirtingai nuo standartini\u0173 vienkartini\u0173, <strong data-start=\"537\" data-end=\"568\">Crown Bar Ledas Reguliuojamas sistema<\/strong> leid\u017eia vartotojams kontroliuoti au\u0161inimo intensyvum\u0105, leid\u017eiant kiekvienam klientui pasirinkti stipri\u0105 ledinio \u0161alto \u012fkv\u0117pim\u0105 arba \u0161velnesn\u012f, \u0161iltesn\u012f \u012fkv\u0117pim\u0105. Tai padidina <strong data-start=\"703\" data-end=\"730\">Al Fakher Crown Bar 15K<\/strong> parduodamum\u0105 skirtingiems vartotoj\u0173 pageidavimams, didina pakartotinius pirkimus ir ma\u017eina l\u0117tai judan\u010di\u0173 skoni\u0173 kiek\u012f.<\/p>\n<p data-start=\"844\" data-end=\"1140\">Veikia su <strong data-start=\"858\" data-end=\"889\">850mAh \u012fkraunama baterija<\/strong> ir u\u017epildytas <strong data-start=\"906\" data-end=\"926\">22 ml el. skys\u010dio<\/strong>, <strong data-start=\"932\" data-end=\"960\">AL Fakher Ledas Reguliuojamas 15K<\/strong> i\u0161laiko nuosekl\u0173 i\u0161\u0117jim\u0105 nuo pirmo iki paskutinio p\u016btimo. The <strong data-start=\"1026\" data-end=\"1044\">0,6 \u03a9 tinklelio rit\u0117<\/strong> u\u017etikrina \u0161var\u0173 gar\u0105, stipri\u0105 skonio ai\u0161kum\u0105 ir stabil\u0173 veikim\u0105 net ir ilgai kasdien naudojant.<\/p>\n<p data-start=\"1142\" data-end=\"1446\">Integruotas <strong data-start=\"1153\" data-end=\"1171\">skaitmeninis ekranas<\/strong> rodo tiek baterijos, tiek skys\u010dio lygius, suteikdami klientams pasitik\u0117jimo ir suma\u017eindami \u012frengini\u0173 gr\u0105\u017einimus. Su <strong data-start=\"1272\" data-end=\"1293\">45 \u012frodytais skoniais<\/strong>, <strong data-start=\"1299\" data-end=\"1312\">Crown Bar<\/strong> linija palaiko stipri\u0105 ma\u017emenin\u0117s prekybos rotacij\u0105 ir padeda parduotuv\u0117ms sukurti patikim\u0105 populiariausi\u0173 preki\u0173 kategorij\u0105 <strong data-start=\"1411\" data-end=\"1438\">Vienkartin\u0117s Elektronin\u0117s Cigaret\u0117s<\/strong> rinkoje.<\/p>\n<p data-start=\"1448\" data-end=\"1645\">Jei ie\u0161kote <strong data-start=\"1468\" data-end=\"1505\">Vienkartiniai Vape'ai Didmenin\u0117 prekyba Lietuva<\/strong>\u00a0u\u017e konkurencing\u0105 kain\u0105 su greitai besikei\u010dian\u010diais skoniais, <strong data-start=\"1559\" data-end=\"1597\">Al Fakher Crown Bar 15K Led\u0173 Reguliavimas<\/strong> yra saugus, auk\u0161to apyvartos pasirinkimas j\u016bs\u0173 parduotuvei.<\/p>\n<p><strong><span style=\"color: #ff0000;\">Prid\u0117kite Amy whatsapp, gaukite tiesiogin\u012f atsakym\u0105 ir kupon\u0105 veipui!<\/span><\/strong><\/p>\n<p><img fetchpriority=\"high\" decoding=\"async\" class=\"size-full wp-image-2932\" src=\"https:\/\/vapestornado.com\/wp-content\/uploads\/2024\/12\/Vape-Wholesale.jpg\" alt=\"Garintuvai Didmenin\u0117 prekyba\" width=\"229\" height=\"300\" \/><\/p>\n<h3><a href=\"https:\/\/wa.me\/8617776015835\" target=\"_blank\" rel=\"noopener\"><span style=\"color: #ff0000;\"><strong>WhatsApp: +86 17776015835<\/strong><\/span><\/a><\/h3>\n<p>&nbsp;<\/p>\n<h2><strong>Al Fakher Crown Bar 15K Produkto savyb\u0117s<\/strong><\/h2>\n<ul>\n<li data-start=\"1701\" data-end=\"1810\">\n<p data-start=\"1703\" data-end=\"1810\"><strong data-start=\"1703\" data-end=\"1719\">15 000 P\u016btim\u0173<\/strong> \u2013 Teikia ilgalaik\u012f veikim\u0105, kuris leid\u017eia klientams naudotis vape'u savaites vienu \u012frenginiu.<\/p>\n<\/li>\n<li data-start=\"1811\" data-end=\"1909\">\n<p data-start=\"1813\" data-end=\"1909\"><strong data-start=\"1813\" data-end=\"1830\">22 ml E-skys\u010dio<\/strong> \u2013 Didelis skys\u010dio talpa u\u017etikrina stabil\u0173 skon\u012f be da\u017en\u0173 keitim\u0173.<\/p>\n<\/li>\n<li data-start=\"1910\" data-end=\"1991\">\n<p data-start=\"1912\" data-end=\"1991\"><strong data-start=\"1912\" data-end=\"1930\">0.6\u03a9 tinklelio rit\u0117<\/strong> \u2013 Suteikia \u0161veln\u0173 gar\u0105 ir tiksl\u0173 skon\u012f kiekvieno \u012fkv\u0117pimo metu.<\/p>\n<\/li>\n<li data-start=\"1992\" data-end=\"2075\">\n<p data-start=\"1994\" data-end=\"2075\"><strong data-start=\"1994\" data-end=\"2011\">0,5% Nikotino<\/strong> \u2013 Si\u016blo \u0161veln\u0173, lengv\u0105 nikotino poj\u016bt\u012f, tinkant\u012f kasdieniam naudojimui.<\/p>\n<\/li>\n<li data-start=\"2076\" data-end=\"2164\">\n<p data-start=\"2078\" data-end=\"2164\"><strong data-start=\"2078\" data-end=\"2096\">850mAh Baterija<\/strong> \u2013 U\u017etikrina patikim\u0105 gali\u0105 viso \u012frenginio gyvavimo metu.<\/p>\n<\/li>\n<li data-start=\"2165\" data-end=\"2229\">\n<p data-start=\"2167\" data-end=\"2229\"><strong data-start=\"2167\" data-end=\"2185\">USB-C \u012fkrovimas<\/strong> \u2013 Leid\u017eia greitesn\u012f ir stabilesn\u012f \u012fkrovim\u0105.<\/p>\n<\/li>\n<li data-start=\"2230\" data-end=\"2319\">\n<p data-start=\"2232\" data-end=\"2319\"><strong data-start=\"2232\" data-end=\"2254\">Led\u0173 reguliavimo valdymas<\/strong> \u2013 Leid\u017eia vartotojams nustatyti pageidaujam\u0105 au\u0161inimo lyg\u012f kiekvieno \u012fkv\u0117pimo metu.<\/p>\n<\/li>\n<li data-start=\"2320\" data-end=\"2395\">\n<p data-start=\"2322\" data-end=\"2395\"><strong data-start=\"2322\" data-end=\"2340\">Skaitmeninis ekranas<\/strong> \u2013 Rodo akumuliatoriaus ir e-skys\u010dio lygius realiu laiku.<\/p>\n<\/li>\n<li data-start=\"2396\" data-end=\"2474\">\n<p data-start=\"2398\" data-end=\"2474\"><strong data-start=\"2398\" data-end=\"2417\">Crown Bar konstrukcija<\/strong> \u2013 Auk\u0161tos kokyb\u0117s korpuso dizainas pagerina patvarum\u0105 ir oro sraut\u0105.<\/p>\n<\/li>\n<li data-start=\"2475\" data-end=\"2543\">\n<p data-start=\"2477\" data-end=\"2543\"><strong data-start=\"2477\" data-end=\"2491\">45 skoni\u0173<\/strong> \u2013 Palaiko stipri\u0105 ma\u017emenin\u0117s prekybos rotacij\u0105 ir pakartotin\u0105 pardavim\u0105.<\/p>\n<\/li>\n<\/ul>\n<figure id=\"attachment_4791\" aria-describedby=\"caption-attachment-4791\" style=\"width: 300px\" class=\"wp-caption alignnone\"><img decoding=\"async\" class=\"size-medium wp-image-4791\" src=\"https:\/\/vapestornado.com\/wp-content\/uploads\/2026\/01\/Al-Fakher-Crown-Bar-Ice-Adjust-15K-15000-Puff-300x300.webp\" alt=\"Al Fakher Crown Bar Ice Adjust 15K 15000 \u012fkv\u0117pim\u0173\" width=\"300\" height=\"300\" srcset=\"https:\/\/vapestornado.com\/wp-content\/uploads\/2026\/01\/Al-Fakher-Crown-Bar-Ice-Adjust-15K-15000-Puff-300x300.webp 300w, https:\/\/vapestornado.com\/wp-content\/uploads\/2026\/01\/Al-Fakher-Crown-Bar-Ice-Adjust-15K-15000-Puff-150x150.webp 150w, https:\/\/vapestornado.com\/wp-content\/uploads\/2026\/01\/Al-Fakher-Crown-Bar-Ice-Adjust-15K-15000-Puff-768x768.webp 768w, https:\/\/vapestornado.com\/wp-content\/uploads\/2026\/01\/Al-Fakher-Crown-Bar-Ice-Adjust-15K-15000-Puff-12x12.webp 12w, https:\/\/vapestornado.com\/wp-content\/uploads\/2026\/01\/Al-Fakher-Crown-Bar-Ice-Adjust-15K-15000-Puff-600x600.webp 600w, https:\/\/vapestornado.com\/wp-content\/uploads\/2026\/01\/Al-Fakher-Crown-Bar-Ice-Adjust-15K-15000-Puff-100x100.webp 100w, https:\/\/vapestornado.com\/wp-content\/uploads\/2026\/01\/Al-Fakher-Crown-Bar-Ice-Adjust-15K-15000-Puff.webp 800w\" sizes=\"(max-width: 300px) 100vw, 300px\" \/><figcaption id=\"caption-attachment-4791\" class=\"wp-caption-text\">Al Fakher Crown Bar Ice Adjust 15K 15000 \u012fkv\u0117pim\u0173<\/figcaption><\/figure>\n<div>\n<div class=\"mceTemp\"><\/div>\n<\/div>\n<h2 class=\"product-title\"><strong>Al Fakher Crown Bar 15K \u012fkv\u0117pim\u0173 skoni\u0173 s\u0105ra\u0161as<\/strong><\/h2>\n<p>1 Uog\u0173 m\u0117lyn\u0117<br \/>\n2 Uog\u0173 ledas<br \/>\n3 Juod\u0173j\u0173 serbent\u0173 ledas<br \/>\n4 Juod\u0173j\u0173 serbent\u0173 m\u0117tos<br \/>\n5 M\u0117lynojo Razz sprogimas<br \/>\n6 M\u0117lynojo Razz limonadas<br \/>\n7 M\u0117lyn\u0117s vy\u0161nia<br \/>\n8 M\u0117lyn\u0117s kramtukas<br \/>\n9 M\u0117lyni\u0173 Lemona<br \/>\n10 M\u0117lyni\u0173 M\u0117t\u0173<br \/>\n11 M\u0117lyni\u0173 Avie\u010di\u0173<br \/>\n12 M\u0117lynojo spanguolio r\u016bg\u0161tus aviet\u0117s<br \/>\n13 Vy\u0161nini\u0173 \u0160vent\u0117<br \/>\n14 Vy\u0161ninis Putojantis G\u0117rimas<br \/>\n15 Vy\u0161ninis Ledas<br \/>\n16 \u0160altas Mango<br \/>\n17 Fuzijos Pop<br \/>\n18 Vynuog\u0117<br \/>\n19 Vynuog\u0117s Uogos<br \/>\n20 Vynuog\u0117s M\u0117t\u0173<br \/>\n21 Kramtomoji M\u0117t\u0173<br \/>\n22 Hubba<br \/>\n23 Ledinis M\u0117lynasis<br \/>\n24 Citrina Laimas<br \/>\n25 Citrina Laimas Vy\u0161ninis Putojantis G\u0117rimas<br \/>\n26 Citrina M\u0117t\u0173<br \/>\n27 Prabangi Ledin\u0117<br \/>\n28 Magi\u0161ka Meil\u0117<br \/>\n29 Mango Ananasas<br \/>\n30 Mentolas<br \/>\n31 M\u0117ta<br \/>\n32 Mi\u0161ri uogien\u0117<br \/>\n33 Apelsin\u0173 M\u0117ta<br \/>\n34 Persik\u0173 Ledas<br \/>\n35 Ananas\u0173 Ledas<br \/>\n36 Kosmoso Sapnas<br \/>\n37 M\u0117t\u0173<br \/>\n38 Bra\u0161ki\u0173 Vy\u0161nios<br \/>\n39 Bra\u0161ki\u0173 Punch<br \/>\n40 Vasara Sapnas<br \/>\n41 Du Obuoliai<br \/>\n42 Arb\u016bzas Vy\u0161nia<br \/>\n43 Arb\u016bzas Kivi<br \/>\n44 Arb\u016bzas Laimas<br \/>\n45 Arb\u016bzas Ananasas<\/p>\n<h2 data-start=\"2951\" data-end=\"2994\"><strong data-start=\"2954\" data-end=\"2994\">Kod\u0117l didmenininkai renkasi Crown Bar 15K<\/strong><\/h2>\n<p data-start=\"2996\" data-end=\"3213\">\u0160is <strong data-start=\"3000\" data-end=\"3028\">AL Fakher Ledas Reguliuojamas 15K<\/strong> sujungia <strong data-start=\"3038\" data-end=\"3086\">ilgas \u012fkv\u0117pimo tarnavimo laikas, ledo reguliavimas ir prek\u0117s \u017eenklo pasitik\u0117jimas<\/strong> \u012f vien\u0105 vienkartin\u012f \u012frengin\u012f, suteikiant\u012f ma\u017emenininkams produkt\u0105, kuris parduodasi greitai, u\u017etikrina nuosekl\u0173 kokyb\u0119 ir pritraukia klientus.<\/p>\n<p data-start=\"3215\" data-end=\"3339\">U\u017esisakykite dabar ir u\u017esitikrinkite <strong data-start=\"3238\" data-end=\"3253\">gera kaina<\/strong> on <strong data-start=\"3257\" data-end=\"3284\">Al Fakher Crown Bar 15K<\/strong> j\u016bs\u0173 <strong data-start=\"3294\" data-end=\"3331\">Vienkartini\u0173 Vape Didmenin\u0117 Pranc\u016bzija<\/strong> tiekiant.<\/p>\n<p>&nbsp;<\/p>\n<div class=\"flex-shrink-0 flex flex-col relative items-end\">\n<div class=\"pt-0\">\n<div class=\"gizmo-bot-avatar flex h-8 w-8 items-center justify-center overflow-hidden rounded-full\">\n<div class=\"relative p-1 rounded-sm flex items-center justify-center bg-token-main-surface-primary text-token-text-primary h-8 w-8\">\n<h2 data-start=\"1200\" data-end=\"1487\">Vapes Tornado \u2013 J\u016bs\u0173 didmenin\u0117 internetin\u0117 gar\u0173 parduotuv\u0117 populiariems vapes<\/h2>\n<p data-start=\"72\" data-end=\"396\"><strong data-start=\"72\" data-end=\"89\">Vapes Tornado<\/strong> yra Europai orientuota didmenin\u0117 internetin\u0117 gar\u0173 parduotuv\u0117, si\u016blanti kruop\u0161\u010diai atrinkt\u0105 <strong data-start=\"178\" data-end=\"195\">populiari\u0173 vapes<\/strong> profesionaliems pirk\u0117jams. Mes dirbame su ma\u017emenininkais, platintojais ir internetin\u0117mis parduotuv\u0117mis visoje ES, kurie reikalinga stabili tiekimo grandin\u0117, ai\u0161ki produkt\u0173 informacija ir prek\u0117s \u017eenklai, kuriuos klientai jau pa\u017e\u012fsta ir jais pasitiki.<\/p>\n<p data-start=\"398\" data-end=\"687\">Mes bendradarbiaujame su patikimais vardais, tokiais kaip <strong data-start=\"247\" data-end=\"352\">Elf Bar Vape, WASPE Vape, <a href=\"https:\/\/vapestornado.com\/lt\/product\/uzy-150k-puffs-6-in-1-flavor-switch-disposable-vape-pen-wholesale\/\">UZY Vape<\/a>, Bang Vape, Razz Bar Vape, <a href=\"https:\/\/vapestornado.com\/lt\/product\/randm-12000-puffs-fumot-digital-disposable-vape-wholesale-price\/\">Fumot VAPE<\/a>, <a href=\"https:\/\/vapestornado.com\/lt\/product\/original-wga-ultra-35k-35000-puff-rechargeable-crystal-disposable-nicotine-vape-best-discount-price\/\">WGA VAPE<\/a>, <a href=\"https:\/\/vapestornado.com\/lt\/product\/vozol-gear-shisha-25k-25000-puffs-best-dtl-disposable-vape-hookah-cheap-price\/\">VOZOL BAR VAPE<\/a>,\u00a0ir Stag Bar Vape<\/strong>, pasirinktais d\u0117l nuoseklios kokyb\u0117s ir stiprios paklausos Europos rinkoje.<\/p>\n<h4 data-start=\"1080\" data-end=\"1120\">Sukurta Europos didmeniniams pirk\u0117jams<\/h4>\n<p data-start=\"1121\" data-end=\"1189\">Vapes Tornado yra strukt\u016bruota pagal tikruosius ES didmeninink\u0173 poreikius:<\/p>\n<ul data-start=\"1190\" data-end=\"1400\">\n<li data-start=\"1190\" data-end=\"1239\">\n<p data-start=\"1192\" data-end=\"1239\">Konkurencingos didmenin\u0117s kainos didel\u0117ms u\u017esakym\u0173 partijoms<\/p>\n<\/li>\n<li data-start=\"1240\" data-end=\"1289\">\n<p data-start=\"1242\" data-end=\"1289\">Ai\u0161kios produkt\u0173 apra\u0161ymai ir technin\u0117s specifikacijos<\/p>\n<\/li>\n<li data-start=\"1290\" data-end=\"1330\">\n<p data-start=\"1292\" data-end=\"1330\">Greita, patikima ES orientuota logistika<\/p>\n<\/li>\n<li data-start=\"1331\" data-end=\"1400\">\n<p data-start=\"1333\" data-end=\"1400\">Katalogas, orientuotas \u012f <strong data-start=\"1356\" data-end=\"1373\">populiari\u0173 vapes<\/strong>, neperkrautas SKU<\/p>\n<\/li>\n<\/ul>\n<h2 data-start=\"2064\" data-end=\"2115\">Da\u017eniausiai u\u017eduodami klausimai apie Al Fakher Crown Bar 15K vienkartin\u012f vape<\/h2>\n<p data-start=\"3359\" data-end=\"3484\"><strong data-start=\"3359\" data-end=\"3413\">1. Kiek laiko tarnauja Al Fakher Crown Bar 15K?<\/strong><br data-start=\"3413\" data-end=\"3416\" \/>Su iki 15 000 \u012fkv\u0117pim\u0173 jis gali tarnauti savaites, priklausomai nuo kasdienio naudojimo.<\/p>\n<p data-start=\"3486\" data-end=\"3605\"><strong data-start=\"3486\" data-end=\"3532\">2. Ar klientai gali reguliuoti au\u0161inimo lyg\u012f?<\/strong><br data-start=\"3532\" data-end=\"3535\" \/>Taip, Ice Adjust sistema leid\u017eia vartotojams pasirinkti, kaip \u0161alta jau\u010diasi kiekvienas \u012fkv\u0117pimas.<\/p>\n<p data-start=\"3607\" data-end=\"3700\"><strong data-start=\"3607\" data-end=\"3642\">3. Ar baterija yra \u012fkraunama?<\/strong><br data-start=\"3642\" data-end=\"3645\" \/>Taip, ji turi 850mAh baterij\u0105 su USB-C greitu \u012fkrovimu.<\/p>\n<p data-start=\"3702\" data-end=\"3807\"><strong data-start=\"3702\" data-end=\"3744\">4. Kokio nikotino stiprumo ji naudoja?<\/strong><br data-start=\"3744\" data-end=\"3747\" \/>\u012erenginys turi 0.5% nikotino, u\u017etikrinant skland\u0173, lengv\u0105 \u012fkv\u0117pim\u0105.<\/p>\n<p data-start=\"3809\" data-end=\"3972\"><strong data-start=\"3809\" data-end=\"3857\">5. Ar tai tinka didmeninei prekybai Lietuvoje?<\/strong><br data-start=\"3857\" data-end=\"3860\" \/>Taip, jis yra sukurtas <strong data-start=\"3884\" data-end=\"3921\">Vienkartini\u0173 Vape Didmenin\u0117 Pranc\u016bzija<\/strong> su stipriu ma\u017emenin\u0117s prekybos patrauklumu ir greitai besikei\u010dian\u010diais skoniais.<\/p>\n<\/div>\n<\/div>\n<\/div>\n<\/div>","protected":false},"excerpt":{"rendered":"<p data-start=\"4393\" data-end=\"4476\"><strong data-start=\"4393\" data-end=\"4474\">AL Fakher Crown Bar 15K Ledas Reguliuojamas \u2013 Didmenin\u0117 Vienkartin\u0117s Elektronin\u0117s Cigaret\u0117s Pranc\u016bzija<\/strong><\/p>\n<p data-start=\"4480\" data-end=\"4550\"><strong data-start=\"4480\" data-end=\"4548\">Al Fakher Ledas Reguliuojamas 15K Crown Bar | 15 000 P\u016btim\u0173 Pigia Kaina<\/strong><\/p>\n<p data-start=\"4554\" data-end=\"4622\" data-is-last-node=\"\"><strong data-start=\"4554\" data-end=\"4622\" data-is-last-node=\"\">Crown Bar 15K Vienkartinis Vape \u2013 Ledas Kontrol\u0117 ir Didmenin\u0117 tiekimas Europoje<\/strong><\/p>\n<p><strong>Prid\u0117kite Amy's whatsapp, kad gautum\u0117te tinkam\u0105 atsakym\u0105 ir nuolaidos kain\u0105!<\/strong><\/p>\n<p><img fetchpriority=\"high\" decoding=\"async\" class=\"size-full wp-image-2932\" src=\"https:\/\/vapestornado.com\/wp-content\/uploads\/2024\/12\/Vape-Wholesale.jpg\" alt=\"Garintuvai Didmenin\u0117 prekyba\" width=\"229\" height=\"300\" \/><\/p>\n<h3><a href=\"https:\/\/wa.me\/8617776015835\"><span style=\"color: #ff0000;\"><strong>WhatsApp: +86 17776015835<\/strong><\/span><\/a><\/h3>","protected":false},"featured_media":4790,"comment_status":"open","ping_status":"closed","template":"","meta":{"_acf_changed":false,"_uag_custom_page_level_css":"","_lmt_disableupdate":"no","_lmt_disable":"","_monsterinsights_skip_tracking":false,"_monsterinsights_sitenote_active":false,"_monsterinsights_sitenote_note":"","_monsterinsights_sitenote_category":0,"site-sidebar-layout":"default","site-content-layout":"","ast-site-content-layout":"default","site-content-style":"default","site-sidebar-style":"default","ast-global-header-display":"","ast-banner-title-visibility":"","ast-main-header-display":"","ast-hfb-above-header-display":"","ast-hfb-below-header-display":"","ast-hfb-mobile-header-display":"","site-post-title":"","ast-breadcrumbs-content":"","ast-featured-img":"","footer-sml-layout":"","ast-disable-related-posts":"","theme-transparent-header-meta":"default","adv-header-id-meta":"","stick-header-meta":"","header-above-stick-meta":"","header-main-stick-meta":"","header-below-stick-meta":"","astra-migrate-meta-layouts":"set","ast-page-background-enabled":"default","ast-page-background-meta":{"desktop":{"background-color":"","background-image":"","background-repeat":"repeat","background-position":"center center","background-size":"auto","background-attachment":"scroll","background-type":"","background-media":"","overlay-type":"","overlay-color":"","overlay-opacity":"","overlay-gradient":""},"tablet":{"background-color":"","background-image":"","background-repeat":"repeat","background-position":"center center","background-size":"auto","background-attachment":"scroll","background-type":"","background-media":"","overlay-type":"","overlay-color":"","overlay-opacity":"","overlay-gradient":""},"mobile":{"background-color":"","background-image":"","background-repeat":"repeat","background-position":"center center","background-size":"auto","background-attachment":"scroll","background-type":"","background-media":"","overlay-type":"","overlay-color":"","overlay-opacity":"","overlay-gradient":""}},"ast-content-background-meta":{"desktop":{"background-color":"var(--ast-global-color-5)","background-image":"","background-repeat":"repeat","background-position":"center center","background-size":"auto","background-attachment":"scroll","background-type":"","background-media":"","overlay-type":"","overlay-color":"","overlay-opacity":"","overlay-gradient":""},"tablet":{"background-color":"var(--ast-global-color-5)","background-image":"","background-repeat":"repeat","background-position":"center center","background-size":"auto","background-attachment":"scroll","background-type":"","background-media":"","overlay-type":"","overlay-color":"","overlay-opacity":"","overlay-gradient":""},"mobile":{"background-color":"var(--ast-global-color-5)","background-image":"","background-repeat":"repeat","background-position":"center center","background-size":"auto","background-attachment":"scroll","background-type":"","background-media":"","overlay-type":"","overlay-color":"","overlay-opacity":"","overlay-gradient":""}},"_joinchat":[]},"product_brand":[],"product_cat":[71,531,140,150,152,156,158,142,146,147],"product_tag":[541,542,317,540,538,291,539,513,512],"class_list":{"0":"post-4795","1":"product","2":"type-product","3":"status-publish","4":"has-post-thumbnail","6":"product_cat-15000-puff","7":"product_cat-al-fakher-crown-bar","8":"product_cat-big-puffs-disposable-vapes","9":"product_cat-buy-disposable-vapes-in-belgium","10":"product_cat-buy-disposable-vapes-in-cermany","11":"product_cat-buy-disposable-vapes-in-poland","12":"product_cat-buy-disposable-vapes-in-spain","13":"product_cat-digital-box-disposable-vapes","14":"product_cat-rechargeable-disposable-vapes","15":"product_cat-shisha-hookah-disposable-vapes","16":"product_tag-al-fakher-15k-ice-adjust","17":"product_tag-al-fakher-15k-sound-adjust","18":"product_tag-al-fakher-crown-bar","19":"product_tag-al-fakher-crown-bar-15k","20":"product_tag-disposable-e-shisha","21":"product_tag-disposable-shisha-hookah","22":"product_tag-hookah-shisha","23":"product_tag-vape-discount-price","24":"product_tag-vape-wholesale-distributor","25":"desktop-align-left","26":"tablet-align-left","27":"mobile-align-left","29":"first","30":"instock","31":"sale","32":"shipping-taxable","33":"purchasable","34":"product-type-simple"},"acf":[],"uagb_featured_image_src":{"full":["https:\/\/vapestornado.com\/wp-content\/uploads\/2026\/01\/Al-Fakher-Crown-Bar-15K-Ice-Adjust-Disposable-Vape-Wholesale.webp",800,800,false],"thumbnail":["https:\/\/vapestornado.com\/wp-content\/uploads\/2026\/01\/Al-Fakher-Crown-Bar-15K-Ice-Adjust-Disposable-Vape-Wholesale-150x150.webp",150,150,true],"medium":["https:\/\/vapestornado.com\/wp-content\/uploads\/2026\/01\/Al-Fakher-Crown-Bar-15K-Ice-Adjust-Disposable-Vape-Wholesale-300x300.webp",300,300,true],"medium_large":["https:\/\/vapestornado.com\/wp-content\/uploads\/2026\/01\/Al-Fakher-Crown-Bar-15K-Ice-Adjust-Disposable-Vape-Wholesale-768x768.webp",768,768,true],"large":["https:\/\/vapestornado.com\/wp-content\/uploads\/2026\/01\/Al-Fakher-Crown-Bar-15K-Ice-Adjust-Disposable-Vape-Wholesale.webp",800,800,false],"1536x1536":["https:\/\/vapestornado.com\/wp-content\/uploads\/2026\/01\/Al-Fakher-Crown-Bar-15K-Ice-Adjust-Disposable-Vape-Wholesale.webp",800,800,false],"2048x2048":["https:\/\/vapestornado.com\/wp-content\/uploads\/2026\/01\/Al-Fakher-Crown-Bar-15K-Ice-Adjust-Disposable-Vape-Wholesale.webp",800,800,false],"trp-custom-language-flag":["https:\/\/vapestornado.com\/wp-content\/uploads\/2026\/01\/Al-Fakher-Crown-Bar-15K-Ice-Adjust-Disposable-Vape-Wholesale-12x12.webp",12,12,true],"woocommerce_thumbnail":["https:\/\/vapestornado.com\/wp-content\/uploads\/2026\/01\/Al-Fakher-Crown-Bar-15K-Ice-Adjust-Disposable-Vape-Wholesale-300x300.webp",300,300,true],"woocommerce_single":["https:\/\/vapestornado.com\/wp-content\/uploads\/2026\/01\/Al-Fakher-Crown-Bar-15K-Ice-Adjust-Disposable-Vape-Wholesale-600x600.webp",600,600,true],"woocommerce_gallery_thumbnail":["https:\/\/vapestornado.com\/wp-content\/uploads\/2026\/01\/Al-Fakher-Crown-Bar-15K-Ice-Adjust-Disposable-Vape-Wholesale-100x100.webp",100,100,true]},"uagb_author_info":{"display_name":"ESAMY","author_link":"https:\/\/vapestornado.com\/lt\/author\/"},"uagb_comment_info":0,"uagb_excerpt":"AL Fakher Crown Bar 15K Ice Adjust \u2013 Wholesale Disposable E Cigarettes France Al Fakher Ice Adjust 15K Crown Bar | 15,000 Puffs at Cheap Price Crown Bar 15K Disposable Vape \u2013 Ice Control &amp; Bulk Supply Europe Add Amy's whatsapp to get right reply and discount price! WhatsApp: +86 17776015835","_links":{"self":[{"href":"https:\/\/vapestornado.com\/lt\/wp-json\/wp\/v2\/product\/4795","targetHints":{"allow":["GET"]}}],"collection":[{"href":"https:\/\/vapestornado.com\/lt\/wp-json\/wp\/v2\/product"}],"about":[{"href":"https:\/\/vapestornado.com\/lt\/wp-json\/wp\/v2\/types\/product"}],"replies":[{"embeddable":true,"href":"https:\/\/vapestornado.com\/lt\/wp-json\/wp\/v2\/comments?post=4795"}],"wp:featuredmedia":[{"embeddable":true,"href":"https:\/\/vapestornado.com\/lt\/wp-json\/wp\/v2\/media\/4790"}],"wp:attachment":[{"href":"https:\/\/vapestornado.com\/lt\/wp-json\/wp\/v2\/media?parent=4795"}],"wp:term":[{"taxonomy":"product_brand","embeddable":true,"href":"https:\/\/vapestornado.com\/lt\/wp-json\/wp\/v2\/product_brand?post=4795"},{"taxonomy":"product_cat","embeddable":true,"href":"https:\/\/vapestornado.com\/lt\/wp-json\/wp\/v2\/product_cat?post=4795"},{"taxonomy":"product_tag","embeddable":true,"href":"https:\/\/vapestornado.com\/lt\/wp-json\/wp\/v2\/product_tag?post=4795"}],"curies":[{"name":"wp","href":"https:\/\/api.w.org\/{rel}","templated":true}]}}