{"id":4781,"date":"2026-01-07T09:28:57","date_gmt":"2026-01-07T09:28:57","guid":{"rendered":"https:\/\/vapestornado.com\/?post_type=product&#038;p=4781"},"modified":"2026-01-07T09:59:16","modified_gmt":"2026-01-07T09:59:16","slug":"al-fakher-mega-max-40k-puffs-crown-bar-disposable-e-shisha-hookah-vape-adjustable-airflow","status":"publish","type":"product","link":"https:\/\/vapestornado.com\/lt\/product\/al-fakher-mega-max-40k-puffs-crown-bar-disposable-e-shisha-hookah-vape-adjustable-airflow\/","title":{"rendered":"Al Fakher Mega Max 40K P\u016bli\u0173 Vienkartinis Crown Bar E \u0160i\u0161a Vamzdis Sureguliuojamas Oro srautas"},"content":{"rendered":"<h1 data-start=\"0\" data-end=\"87\">Al Fakher Mega Max 40K \u012fkv\u0117pim\u0173 Crown Bar vienkartin\u0117 elektronin\u0117 \u0161y\u0161a su reguliuojamu oro srautu<\/h1>\n<p data-start=\"207\" data-end=\"581\">Sukurtas didelio kiekio naudotojams ir didmenin\u0117s prekybos rinkoms, <strong data-start=\"262\" data-end=\"288\">Al Fakher Mega Max 40K<\/strong> atstovauja kit\u0105 vienkartin\u0117s elektronin\u0117s \u0161y\u0161os veikimo evoliucij\u0105. Su iki <strong data-start=\"366\" data-end=\"382\">40 000 \u012ftraukim\u0173<\/strong>, reguliuojamu oro srautu ir Al Fakher'o i\u0161skirtiniu skonio in\u017einerija, \u0161is \u012frenginys yra kaip auk\u0161\u010diausios kokyb\u0117s, bet prakti\u0161kas sprendimas ES platintojams, siekiantiems stabilaus apyvartos ir stiprios pakartotin\u0117s paklausos.<\/p>\n<p data-start=\"583\" data-end=\"1045\">Kaip dalis <strong data-start=\"598\" data-end=\"621\">Al Fakher Crown Baras<\/strong> modeli\u0173 linijos, Mega Max 40000 yra sukurtas u\u017etikrinti nuosekl\u0173 veikim\u0105 viso jo gyvavimo ciklo metu. Kombinacija su <strong data-start=\"738\" data-end=\"756\">Dvigubos tinklelio kaitinimo spiral\u0117s<\/strong>, <strong data-start=\"758\" data-end=\"785\">20 ml i\u0161 anksto pripildyto elektroninio skys\u010dio<\/strong>, ir a <strong data-start=\"793\" data-end=\"824\">\u012fkraunama 850 mAh baterija<\/strong> u\u017etikrina patikim\u0105 garo tank\u012f ir skonio ai\u0161kum\u0105 nuo pirmo \u012fkv\u0117pimo iki paskutinio. Tai ypa\u010d tinka klientams, pereinantiems nuo tradicin\u0117s pypk\u0117s ar daugkartinio naudojimo elektronini\u0173 \u0161y\u0161\u0173 sistem\u0173 prie vienkartini\u0173 format\u0173.<\/p>\n<p data-start=\"1047\" data-end=\"1332\">\u0160is <strong data-start=\"1051\" data-end=\"1080\">reguliuojama oro srauto sistema<\/strong> leid\u017eia naudotojams tiksliai reguliuoti \u012fkv\u0117pim\u0105, pereinant nuo tvirtesnio pypk\u0117s stiliaus \u012fkv\u0117pimo iki atviresnio, oro gaivesnio \u012fkv\u0117pimo. \u0160i lankstumas ple\u010dia jos patrauklum\u0105 skirtingiems vaping pom\u0117giams, padedant ma\u017emenininkams apr\u0117pti daugiau klient\u0173 profili\u0173 su vienu SKU.<\/p>\n<p data-start=\"1334\" data-end=\"1686\">Didmeniniams pirk\u0117jams Al Fakher Mega Max 40K si\u016blo tai, kas svarbiausia: atpa\u017e\u012fstam\u0105 prek\u0117s \u017eenkl\u0105, kontroliuojam\u0105 nikotino stiprum\u0105, modern\u0173 Type-C \u012fkrovim\u0105 ir kokyb\u0119, kuri atspindi ilgalaik\u012f patikimum\u0105, o ne trumpalaik\u012f naujum\u0105. Pozicionuotas kaip <strong data-start=\"1589\" data-end=\"1620\">konkurencing\u0105 didmenin\u0117s kain\u0105<\/strong>, jis yra stiprus \u017eaid\u0117jas vienkartini\u0173 elektronini\u0173 \u0161y\u0161\u0173 kategorijoje ES.<\/p>\n<h2 data-start=\"2768\" data-end=\"2821\">Kod\u0117l rinktis Al Fakher Mega Max 40000 didmeninei prekybai?<\/h2>\n<p data-start=\"2823\" data-end=\"3237\">\u0160is <strong data-start=\"2827\" data-end=\"2855\">Al Fakher Mega Max 40000<\/strong> sukurtas nuoseklumui, o ne triukams. Jis pasinaudoja Al Fakher pasauline prek\u0117s \u017eenklo pasitik\u0117jimu, tuo pa\u010diu atitinkant Europos S\u0105jungos platintoj\u0173 l\u016bkes\u010dius, kurie prioritet\u0105 teikia patikimumui, teis\u0117tumui ir prognozuojamam pardavimui. Jo vienkartin\u0117 elektronin\u0117 \u0161isha \u017eiebtuv\u0117lio forma, reguliuojamas oro srautas ir ilgas p\u016btimo tarnavimo laikas daro j\u012f stipriu papildymu tiek vape, tiek \u017eibalo parduotuv\u0117se.<\/p>\n<p><strong><span style=\"color: #ff0000;\">Prid\u0117kite Amy whatsapp, gaukite tiesiogin\u012f atsakym\u0105 ir kupon\u0105 veipui!<\/span><\/strong><\/p>\n<p><img fetchpriority=\"high\" decoding=\"async\" class=\"size-full wp-image-2932\" src=\"https:\/\/vapestornado.com\/wp-content\/uploads\/2024\/12\/Vape-Wholesale.jpg\" alt=\"Garintuvai Didmenin\u0117 prekyba\" width=\"229\" height=\"300\" \/><\/p>\n<h3><a href=\"https:\/\/wa.me\/8617776015835\" target=\"_blank\" rel=\"noopener\"><span style=\"color: #ff0000;\"><strong>WhatsApp: +86 17776015835<\/strong><\/span><\/a><\/h3>\n<p>&nbsp;<\/p>\n<h2><strong>Al Fakher Mega Max 40K P\u016b\u010di\u0173 Produkto Savyb\u0117s<\/strong><\/h2>\n<ul>\n<li data-start=\"113\" data-end=\"228\">\n<p data-start=\"115\" data-end=\"228\"><strong data-start=\"115\" data-end=\"139\">40 000 P\u016b\u010di\u0173 Talpa<\/strong> \u2013 Teikia ilgalaik\u012f DTL vaping na\u0161um\u0105, skirt\u0105 ilgalaikiam, da\u017enam naudojimui.<\/p>\n<\/li>\n<li data-start=\"229\" data-end=\"361\">\n<p data-start=\"231\" data-end=\"361\"><strong data-start=\"231\" data-end=\"258\">DTL \u0160isha \u017diebtuv\u0117lio Stilius<\/strong> \u2013 Optimizuotas tiesioginiam \u012fkv\u0117pimui \u012f plau\u010dius, sukuriant tankius debesis, pana\u0161ius \u012f tradicin\u0119 \u017eibalo sesij\u0105.<\/p>\n<\/li>\n<li data-start=\"362\" data-end=\"476\">\n<p data-start=\"364\" data-end=\"476\"><strong data-start=\"364\" data-end=\"393\">Dviguba tinklelio rit\u0117s technologija<\/strong> \u2013 U\u017etikrina tolyg\u0173 \u0161ildym\u0105 ir stabil\u0173 skonio i\u0161siskyrim\u0105 nuo pirmo iki paskutinio p\u016btimo.<\/p>\n<\/li>\n<li data-start=\"477\" data-end=\"605\">\n<p data-start=\"479\" data-end=\"605\"><strong data-start=\"479\" data-end=\"508\">Reguliuojamas Oro Srauto Sistema<\/strong> \u2013 Leid\u017eia vartotojams tiksliai reguliuoti \u012fkv\u0117pimo pasiprie\u0161inim\u0105, kad b\u016bt\u0173 galima pritaikyti DTL arba \u0161isha stiliaus \u012fkv\u0117pim\u0105.<\/p>\n<\/li>\n<li data-start=\"606\" data-end=\"729\">\n<p data-start=\"608\" data-end=\"729\"><strong data-start=\"608\" data-end=\"636\">20ml I\u0161 anksto U\u017epildytas Elektroninis Skystis<\/strong> \u2013 Didelis elektroninio skys\u010dio kiekis suma\u017eina keitimo da\u017enum\u0105 ir palaiko ilgalaik\u012f vaping\u0105.<\/p>\n<\/li>\n<li data-start=\"730\" data-end=\"841\">\n<p data-start=\"732\" data-end=\"841\"><strong data-start=\"732\" data-end=\"757\">0.6% Nikotino Stiprumas<\/strong> \u2013 Suteikia \u0161veln\u0173, kontroliuojam\u0105 nikotino tiekim\u0105, tinkam\u0105 ilgalaikiam kasdieniam naudojimui.<\/p>\n<\/li>\n<li data-start=\"842\" data-end=\"945\">\n<p data-start=\"844\" data-end=\"945\"><strong data-start=\"844\" data-end=\"875\">850 mAh \u012fkraunama baterija<\/strong> \u2013 U\u017etikrina nuolatin\u0119 gali\u0105 viso 40K p\u016btimo ciklo metu.<\/p>\n<\/li>\n<li data-start=\"946\" data-end=\"1051\">\n<p data-start=\"948\" data-end=\"1051\"><strong data-start=\"948\" data-end=\"976\">USB Tipo-C Greitas \u012ekrovimas<\/strong> \u2013 Leid\u017eia greitai ir patogiai \u012fkrauti, suderinamas su \u0161iuolaikiniais \u012frenginiais.<\/p>\n<\/li>\n<li data-start=\"1052\" data-end=\"1148\">\n<p data-start=\"1054\" data-end=\"1148\"><strong data-start=\"1054\" data-end=\"1076\">LED ekranas<\/strong> \u2013 Ai\u0161kiai rodo baterijos ir elektroninio skys\u010dio lygius, geresniam naudojimo valdymui.<\/p>\n<\/li>\n<li data-start=\"1149\" data-end=\"1259\">\n<p data-start=\"1151\" data-end=\"1259\"><strong data-start=\"1151\" data-end=\"1176\">Auk\u0161tos Kokyb\u0117s Aliuminio Korpusas<\/strong> \u2013 Derina patvarum\u0105 su ergonomi\u0161ku, auk\u0161tos kokyb\u0117s apdaila kasdieniam ne\u0161iojimui.<\/p>\n<\/li>\n<\/ul>\n<figure id=\"attachment_4777\" aria-describedby=\"caption-attachment-4777\" style=\"width: 300px\" class=\"wp-caption alignnone\"><img decoding=\"async\" class=\"size-medium wp-image-4777\" src=\"https:\/\/vapestornado.com\/wp-content\/uploads\/2026\/01\/Al-Fakher-Mega-Max-40K-40000-Puff-Vape-Wholesale-Spain-300x300.webp\" alt=\"Al Fakher Mega Max 40K 40000 P\u016b\u010di\u0173 Vape Didmenin\u0117 Lietuvoje\" width=\"300\" height=\"300\" srcset=\"https:\/\/vapestornado.com\/wp-content\/uploads\/2026\/01\/Al-Fakher-Mega-Max-40K-40000-Puff-Vape-Wholesale-Spain-300x300.webp 300w, https:\/\/vapestornado.com\/wp-content\/uploads\/2026\/01\/Al-Fakher-Mega-Max-40K-40000-Puff-Vape-Wholesale-Spain-150x150.webp 150w, https:\/\/vapestornado.com\/wp-content\/uploads\/2026\/01\/Al-Fakher-Mega-Max-40K-40000-Puff-Vape-Wholesale-Spain-768x768.webp 768w, https:\/\/vapestornado.com\/wp-content\/uploads\/2026\/01\/Al-Fakher-Mega-Max-40K-40000-Puff-Vape-Wholesale-Spain-12x12.webp 12w, https:\/\/vapestornado.com\/wp-content\/uploads\/2026\/01\/Al-Fakher-Mega-Max-40K-40000-Puff-Vape-Wholesale-Spain-600x600.webp 600w, https:\/\/vapestornado.com\/wp-content\/uploads\/2026\/01\/Al-Fakher-Mega-Max-40K-40000-Puff-Vape-Wholesale-Spain-100x100.webp 100w, https:\/\/vapestornado.com\/wp-content\/uploads\/2026\/01\/Al-Fakher-Mega-Max-40K-40000-Puff-Vape-Wholesale-Spain.webp 800w\" sizes=\"(max-width: 300px) 100vw, 300px\" \/><figcaption id=\"caption-attachment-4777\" class=\"wp-caption-text\">Al Fakher Mega Max 40K 40000 P\u016b\u010di\u0173 Vape Didmenin\u0117 Lietuvoje<\/figcaption><\/figure>\n<p>&nbsp;<\/p>\n<div><\/div>\n<h2 class=\"product-title\"><strong>Al Fakher Mega Max 40K P\u016bsteli\u0173 S\u0105ra\u0161as<\/strong><\/h2>\n<p>1 Uog\u0173 m\u0117lyn\u0117<br \/>\n2 Uog\u0173 ledas<br \/>\n3 Juod\u0173j\u0173 serbent\u0173 ledas<br \/>\n4 Juod\u0173j\u0173 serbent\u0173 m\u0117tos<br \/>\n5 M\u0117lynojo Razz sprogimas<br \/>\n6 M\u0117lynojo Razz limonadas<br \/>\n7 M\u0117lyn\u0117s vy\u0161nia<br \/>\n8 M\u0117lyn\u0117s kramtukas<br \/>\n9 M\u0117lyni\u0173 Lemona<br \/>\n10 M\u0117lyni\u0173 M\u0117t\u0173<br \/>\n11 M\u0117lyni\u0173 Avie\u010di\u0173<br \/>\n12 M\u0117lynojo spanguolio r\u016bg\u0161tus aviet\u0117s<br \/>\n13 Vy\u0161nini\u0173 \u0160vent\u0117<br \/>\n14 Vy\u0161ninis Putojantis G\u0117rimas<br \/>\n15 Vy\u0161ninis Ledas<br \/>\n16 \u0160altas Mango<br \/>\n17 Fuzijos Pop<br \/>\n18 Vynuog\u0117<br \/>\n19 Vynuog\u0117s Uogos<br \/>\n20 Vynuog\u0117s M\u0117t\u0173<br \/>\n21 Kramtomoji M\u0117t\u0173<br \/>\n22 Hubba<br \/>\n23 Ledinis M\u0117lynasis<br \/>\n24 Citrina Laimas<br \/>\n25 Citrina Laimas Vy\u0161ninis Putojantis G\u0117rimas<br \/>\n26 Citrina M\u0117t\u0173<br \/>\n27 Prabangi Ledin\u0117<br \/>\n28 Magi\u0161ka Meil\u0117<br \/>\n29 Mango Ananasas<br \/>\n30 Mentolas<br \/>\n31 M\u0117ta<br \/>\n32 Mi\u0161ri uogien\u0117<br \/>\n33 Apelsin\u0173 M\u0117ta<br \/>\n34 Persik\u0173 Ledas<br \/>\n35 Ananas\u0173 Ledas<br \/>\n36 Kosmoso Sapnas<br \/>\n37 M\u0117t\u0173<br \/>\n38 Bra\u0161ki\u0173 Vy\u0161nios<br \/>\n39 Bra\u0161ki\u0173 Punch<br \/>\n40 Vasara Sapnas<br \/>\n41 Du Obuoliai<br \/>\n42 Arb\u016bzas Vy\u0161nia<br \/>\n43 Arb\u016bzas Kivi<br \/>\n44 Arb\u016bzas Laimas<br \/>\n45 Arb\u016bzas Ananasas<\/p>\n<div class=\"flex-shrink-0 flex flex-col relative items-end\">\n<div class=\"pt-0\">\n<div class=\"gizmo-bot-avatar flex h-8 w-8 items-center justify-center overflow-hidden rounded-full\">\n<div class=\"relative p-1 rounded-sm flex items-center justify-center bg-token-main-surface-primary text-token-text-primary h-8 w-8\">\n<h2 data-start=\"1200\" data-end=\"1487\">Vapes Tornado \u2013 J\u016bs\u0173 didmenin\u0117 internetin\u0117 gar\u0173 parduotuv\u0117 populiariems vapes<\/h2>\n<p data-start=\"72\" data-end=\"396\"><strong data-start=\"72\" data-end=\"89\">Vapes Tornado<\/strong> yra Europai orientuota didmenin\u0117 internetin\u0117 gar\u0173 parduotuv\u0117, si\u016blanti kruop\u0161\u010diai atrinkt\u0105 <strong data-start=\"178\" data-end=\"195\">populiari\u0173 vapes<\/strong> profesionaliems pirk\u0117jams. Mes dirbame su ma\u017emenininkais, platintojais ir internetin\u0117mis parduotuv\u0117mis visoje ES, kurie reikalinga stabili tiekimo grandin\u0117, ai\u0161ki produkt\u0173 informacija ir prek\u0117s \u017eenklai, kuriuos klientai jau pa\u017e\u012fsta ir jais pasitiki.<\/p>\n<p data-start=\"398\" data-end=\"687\">Mes bendradarbiaujame su patikimais vardais, tokiais kaip <strong data-start=\"307\" data-end=\"362\"><a href=\"https:\/\/vapestornado.com\/lt\/product\/randm-12000-puffs-fumot-digital-disposable-vape-wholesale-price\/\">Fumot VAPE<\/a>, <a href=\"https:\/\/vapestornado.com\/lt\/product\/original-wga-ultra-35k-35000-puff-rechargeable-crystal-disposable-nicotine-vape-best-discount-price\/\">WGA VAPE<\/a>, <\/strong><strong data-start=\"307\" data-end=\"362\"><a href=\"https:\/\/vapestornado.com\/lt\/product\/vozol-gear-shisha-25k-25000-puffs-best-dtl-disposable-vape-hookah-cheap-price\/\">VOZOL BAR VAPE<\/a>,<\/strong><strong data-start=\"247\" data-end=\"352\">\u00a0Elf Bar Vape, WASPE Vape, <a href=\"https:\/\/vapestornado.com\/lt\/product\/uzy-150k-puffs-6-in-1-flavor-switch-disposable-vape-pen-wholesale\/\">UZY Vape<\/a>, Bang Vape, Razz Bar Vape, ir Stag Bar Vape<\/strong>, pasirinktais d\u0117l nuoseklios kokyb\u0117s ir stiprios paklausos Europos rinkoje.<\/p>\n<h4 data-start=\"1080\" data-end=\"1120\">Sukurta Europos didmeniniams pirk\u0117jams<\/h4>\n<p data-start=\"1121\" data-end=\"1189\">Vapes Tornado yra strukt\u016bruota pagal tikruosius ES didmeninink\u0173 poreikius:<\/p>\n<ul data-start=\"1190\" data-end=\"1400\">\n<li data-start=\"1190\" data-end=\"1239\">\n<p data-start=\"1192\" data-end=\"1239\">Konkurencingos didmenin\u0117s kainos didel\u0117ms u\u017esakym\u0173 partijoms<\/p>\n<\/li>\n<li data-start=\"1240\" data-end=\"1289\">\n<p data-start=\"1242\" data-end=\"1289\">Ai\u0161kios produkt\u0173 apra\u0161ymai ir technin\u0117s specifikacijos<\/p>\n<\/li>\n<li data-start=\"1290\" data-end=\"1330\">\n<p data-start=\"1292\" data-end=\"1330\">Greita, patikima ES orientuota logistika<\/p>\n<\/li>\n<li data-start=\"1331\" data-end=\"1400\">\n<p data-start=\"1333\" data-end=\"1400\">Katalogas, orientuotas \u012f <strong data-start=\"1356\" data-end=\"1373\">populiari\u0173 vapes<\/strong>, neperkrautas SKU<\/p>\n<\/li>\n<\/ul>\n<h2 data-start=\"2064\" data-end=\"2115\">Da\u017enai u\u017eduodami klausimai apie Al Fakher Mega Max 40000 vienkartin\u012f Vape<\/h2>\n<p data-start=\"3278\" data-end=\"3451\"><strong data-start=\"3278\" data-end=\"3343\">1. Kiek laiko veikia Al Fakher Mega Max 40K realiame naudojime?<\/strong><br data-start=\"3343\" data-end=\"3346\" \/>Naudojimas priklauso nuo individuali\u0173 \u012fpro\u010di\u0173, ta\u010diau dauguma vartotoj\u0173 prane\u0161a apie keli\u0173 savai\u010di\u0173 veikim\u0105 reguliaraus kasdienio naudojimo metu.<\/p>\n<p data-start=\"3453\" data-end=\"3579\"><strong data-start=\"3453\" data-end=\"3497\">2. Ar oro srautas yra reguliuojamas naudojimo metu?<\/strong><br data-start=\"3497\" data-end=\"3500\" \/>Taip, reguliuojamas oro srautas leid\u017eia vartotojams keisti \u012fkv\u0117pimo pasiprie\u0161inim\u0105 bet kuriuo metu.<\/p>\n<p data-start=\"3581\" data-end=\"3678\"><strong data-start=\"3581\" data-end=\"3615\">3. Ar \u012frenginys yra \u012fkraunamas?<\/strong><br data-start=\"3615\" data-end=\"3618\" \/>Taip, jis turi 850mAh baterij\u0105 su USB Type-C \u012fkrovimu.<\/p>\n<p data-start=\"3680\" data-end=\"3856\"><strong data-start=\"3680\" data-end=\"3744\">4. Kas i\u0161skiria \u0161\u012f \u012frengin\u012f nuo \u012fprast\u0173 vienkartini\u0173 vape?<\/strong><br data-start=\"3744\" data-end=\"3747\" \/>Jo elektronin\u0117 shisha kaljano dizainas, didelis elektroninio skys\u010dio kiekis ir oro srauto valdymas i\u0161skiria j\u012f i\u0161 paprast\u0173 vienkartini\u0173.<\/p>\n<p data-start=\"3858\" data-end=\"4007\"><strong data-start=\"3858\" data-end=\"3912\">5. Ar tai tinka didmeninei platinimui Lietuvoje?<\/strong><br data-start=\"3912\" data-end=\"3915\" \/>Taip, jis skirtas Lietuvos rinkoms ir da\u017enai tiekiamas didmenin\u0117mis kainomis u\u017e didelius u\u017esakymus.<\/p>\n<\/div>\n<\/div>\n<\/div>\n<\/div>","protected":false},"excerpt":{"rendered":"<p data-start=\"4472\" data-end=\"4562\"><strong data-start=\"4472\" data-end=\"4560\">Al Fakher Mega Max 40K vienkartin\u0117 elektronin\u0117 \u0161y\u0161a su reguliuojamu oro srautu \u2013 didmenin\u0117 prekyba paruo\u0161ta<\/strong><\/p>\n<p data-start=\"4566\" data-end=\"4641\"><strong data-start=\"4566\" data-end=\"4639\">Al Fakher Crown Bar Mega Max 40000 \u012fkv\u0117pim\u0173 \u017eol\u0117s pypk\u0117 su vape u\u017e didmenin\u0119 prekyb\u0105 ES<\/strong><\/p>\n<p data-start=\"4645\" data-end=\"4728\"><strong data-start=\"4645\" data-end=\"4728\">Mega Max 40K i\u0161 Al Fakher \u2013 ilgaam\u017e\u0117 vienkartin\u0117 elektronin\u0117 \u0161y\u0161a u\u017e didmenin\u0119 kain\u0105<\/strong><\/p>\n<p><strong>Prid\u0117kite Amy's whatsapp, kad gautum\u0117te tinkam\u0105 atsakym\u0105 ir nuolaidos kain\u0105!<\/strong><\/p>\n<p><img fetchpriority=\"high\" decoding=\"async\" class=\"size-full wp-image-2932\" src=\"https:\/\/vapestornado.com\/wp-content\/uploads\/2024\/12\/Vape-Wholesale.jpg\" alt=\"Garintuvai Didmenin\u0117 prekyba\" width=\"229\" height=\"300\" \/><\/p>\n<h3><a href=\"https:\/\/wa.me\/8617776015835\"><span style=\"color: #ff0000;\"><strong>WhatsApp: +86 17776015835<\/strong><\/span><\/a><\/h3>","protected":false},"featured_media":4776,"comment_status":"open","ping_status":"closed","template":"","meta":{"_acf_changed":false,"_uag_custom_page_level_css":"","_lmt_disableupdate":"no","_lmt_disable":"","_monsterinsights_skip_tracking":false,"_monsterinsights_sitenote_active":false,"_monsterinsights_sitenote_note":"","_monsterinsights_sitenote_category":0,"site-sidebar-layout":"default","site-content-layout":"","ast-site-content-layout":"default","site-content-style":"default","site-sidebar-style":"default","ast-global-header-display":"","ast-banner-title-visibility":"","ast-main-header-display":"","ast-hfb-above-header-display":"","ast-hfb-below-header-display":"","ast-hfb-mobile-header-display":"","site-post-title":"","ast-breadcrumbs-content":"","ast-featured-img":"","footer-sml-layout":"","ast-disable-related-posts":"","theme-transparent-header-meta":"default","adv-header-id-meta":"","stick-header-meta":"","header-above-stick-meta":"","header-main-stick-meta":"","header-below-stick-meta":"","astra-migrate-meta-layouts":"set","ast-page-background-enabled":"default","ast-page-background-meta":{"desktop":{"background-color":"","background-image":"","background-repeat":"repeat","background-position":"center center","background-size":"auto","background-attachment":"scroll","background-type":"","background-media":"","overlay-type":"","overlay-color":"","overlay-opacity":"","overlay-gradient":""},"tablet":{"background-color":"","background-image":"","background-repeat":"repeat","background-position":"center center","background-size":"auto","background-attachment":"scroll","background-type":"","background-media":"","overlay-type":"","overlay-color":"","overlay-opacity":"","overlay-gradient":""},"mobile":{"background-color":"","background-image":"","background-repeat":"repeat","background-position":"center center","background-size":"auto","background-attachment":"scroll","background-type":"","background-media":"","overlay-type":"","overlay-color":"","overlay-opacity":"","overlay-gradient":""}},"ast-content-background-meta":{"desktop":{"background-color":"var(--ast-global-color-5)","background-image":"","background-repeat":"repeat","background-position":"center center","background-size":"auto","background-attachment":"scroll","background-type":"","background-media":"","overlay-type":"","overlay-color":"","overlay-opacity":"","overlay-gradient":""},"tablet":{"background-color":"var(--ast-global-color-5)","background-image":"","background-repeat":"repeat","background-position":"center center","background-size":"auto","background-attachment":"scroll","background-type":"","background-media":"","overlay-type":"","overlay-color":"","overlay-opacity":"","overlay-gradient":""},"mobile":{"background-color":"var(--ast-global-color-5)","background-image":"","background-repeat":"repeat","background-position":"center center","background-size":"auto","background-attachment":"scroll","background-type":"","background-media":"","overlay-type":"","overlay-color":"","overlay-opacity":"","overlay-gradient":""}},"_joinchat":[]},"product_brand":[],"product_cat":[65,531,140,150,156,158,141,142,146,147],"product_tag":[533,534,535,532,355,287,513,512],"class_list":{"0":"post-4781","1":"product","2":"type-product","3":"status-publish","4":"has-post-thumbnail","6":"product_cat-40000-puff","7":"product_cat-al-fakher-crown-bar","8":"product_cat-big-puffs-disposable-vapes","9":"product_cat-buy-disposable-vapes-in-belgium","10":"product_cat-buy-disposable-vapes-in-poland","11":"product_cat-buy-disposable-vapes-in-spain","12":"product_cat-crystal-disposable-vapes","13":"product_cat-digital-box-disposable-vapes","14":"product_cat-rechargeable-disposable-vapes","15":"product_cat-shisha-hookah-disposable-vapes","16":"product_tag-al-fakher-crown-bar-mega-max","17":"product_tag-al-fakher-crown-bar-mega-max-40000-puffs","18":"product_tag-al-fakher-crown-bar-mega-max-40k","19":"product_tag-al-fakher-mega-max-40k","20":"product_tag-big-puff-vape","21":"product_tag-disposable-vape-pen","22":"product_tag-vape-discount-price","23":"product_tag-vape-wholesale-distributor","24":"desktop-align-left","25":"tablet-align-left","26":"mobile-align-left","28":"first","29":"instock","30":"sale","31":"shipping-taxable","32":"purchasable","33":"product-type-simple"},"acf":[],"uagb_featured_image_src":{"full":["https:\/\/vapestornado.com\/wp-content\/uploads\/2026\/01\/Al-Fakher-Mega-Max-40K-40000-Puff-Disposable-Vapor.webp",800,800,false],"thumbnail":["https:\/\/vapestornado.com\/wp-content\/uploads\/2026\/01\/Al-Fakher-Mega-Max-40K-40000-Puff-Disposable-Vapor-150x150.webp",150,150,true],"medium":["https:\/\/vapestornado.com\/wp-content\/uploads\/2026\/01\/Al-Fakher-Mega-Max-40K-40000-Puff-Disposable-Vapor-300x300.webp",300,300,true],"medium_large":["https:\/\/vapestornado.com\/wp-content\/uploads\/2026\/01\/Al-Fakher-Mega-Max-40K-40000-Puff-Disposable-Vapor-768x768.webp",768,768,true],"large":["https:\/\/vapestornado.com\/wp-content\/uploads\/2026\/01\/Al-Fakher-Mega-Max-40K-40000-Puff-Disposable-Vapor.webp",800,800,false],"1536x1536":["https:\/\/vapestornado.com\/wp-content\/uploads\/2026\/01\/Al-Fakher-Mega-Max-40K-40000-Puff-Disposable-Vapor.webp",800,800,false],"2048x2048":["https:\/\/vapestornado.com\/wp-content\/uploads\/2026\/01\/Al-Fakher-Mega-Max-40K-40000-Puff-Disposable-Vapor.webp",800,800,false],"trp-custom-language-flag":["https:\/\/vapestornado.com\/wp-content\/uploads\/2026\/01\/Al-Fakher-Mega-Max-40K-40000-Puff-Disposable-Vapor-12x12.webp",12,12,true],"woocommerce_thumbnail":["https:\/\/vapestornado.com\/wp-content\/uploads\/2026\/01\/Al-Fakher-Mega-Max-40K-40000-Puff-Disposable-Vapor-300x300.webp",300,300,true],"woocommerce_single":["https:\/\/vapestornado.com\/wp-content\/uploads\/2026\/01\/Al-Fakher-Mega-Max-40K-40000-Puff-Disposable-Vapor-600x600.webp",600,600,true],"woocommerce_gallery_thumbnail":["https:\/\/vapestornado.com\/wp-content\/uploads\/2026\/01\/Al-Fakher-Mega-Max-40K-40000-Puff-Disposable-Vapor-100x100.webp",100,100,true]},"uagb_author_info":{"display_name":"ESAMY","author_link":"https:\/\/vapestornado.com\/lt\/author\/"},"uagb_comment_info":0,"uagb_excerpt":"Al Fakher Mega Max 40K Disposable E Shisha with Adjustable Airflow \u2013 Wholesale Ready Al Fakher Crown Bar Mega Max 40000 Puffs Hookah Vape for EU Wholesale Mega Max 40K by Al Fakher \u2013 Long-Lasting Disposable E Shisha at Wholesale Price Add Amy's whatsapp to get right reply and discount price! WhatsApp: +86 17776015835","_links":{"self":[{"href":"https:\/\/vapestornado.com\/lt\/wp-json\/wp\/v2\/product\/4781","targetHints":{"allow":["GET"]}}],"collection":[{"href":"https:\/\/vapestornado.com\/lt\/wp-json\/wp\/v2\/product"}],"about":[{"href":"https:\/\/vapestornado.com\/lt\/wp-json\/wp\/v2\/types\/product"}],"replies":[{"embeddable":true,"href":"https:\/\/vapestornado.com\/lt\/wp-json\/wp\/v2\/comments?post=4781"}],"wp:featuredmedia":[{"embeddable":true,"href":"https:\/\/vapestornado.com\/lt\/wp-json\/wp\/v2\/media\/4776"}],"wp:attachment":[{"href":"https:\/\/vapestornado.com\/lt\/wp-json\/wp\/v2\/media?parent=4781"}],"wp:term":[{"taxonomy":"product_brand","embeddable":true,"href":"https:\/\/vapestornado.com\/lt\/wp-json\/wp\/v2\/product_brand?post=4781"},{"taxonomy":"product_cat","embeddable":true,"href":"https:\/\/vapestornado.com\/lt\/wp-json\/wp\/v2\/product_cat?post=4781"},{"taxonomy":"product_tag","embeddable":true,"href":"https:\/\/vapestornado.com\/lt\/wp-json\/wp\/v2\/product_tag?post=4781"}],"curies":[{"name":"wp","href":"https:\/\/api.w.org\/{rel}","templated":true}]}}