{"id":4772,"date":"2026-01-06T07:32:26","date_gmt":"2026-01-06T07:32:26","guid":{"rendered":"https:\/\/vapestornado.com\/?post_type=product&#038;p=4772"},"modified":"2026-01-06T08:25:40","modified_gmt":"2026-01-06T08:25:40","slug":"al-fakher-crystal-8k-v2-8000-puffs-disposable-vape-dual-vaping-mode","status":"publish","type":"product","link":"https:\/\/vapestornado.com\/lt\/product\/al-fakher-crystal-8k-v2-8000-puffs-disposable-vape-dual-vaping-mode\/","title":{"rendered":"Al Fakher CRYSTAL 8k V2 8000 R\u016bkan\u010di\u0173 vienkartini\u0173 vape su dvigubu \u012fkv\u0117pimo re\u017eimu"},"content":{"rendered":"<h1 data-start=\"0\" data-end=\"87\">Al Fakher CRYSTAL 8K V2 8000 R\u016bkan\u010di\u0173 vienkartinis vape \u2013 Dvigubo \u012fkv\u0117pimo re\u017eimas<\/h1>\n<p data-start=\"249\" data-end=\"723\">\u0160is <strong data-start=\"253\" data-end=\"280\">Al Fakher CRYSTAL 8K V2<\/strong> sukurtas didmenininkams, vertinantiems prek\u0117s \u017eenklo patikimum\u0105, nuosekl\u0173 skonio tiekim\u0105 ir patikim\u0105 apyvart\u0105. Kaip dalis <strong data-start=\"409\" data-end=\"432\">Al Fakher Crown Baras<\/strong> linijos, \u0161is modelis akcentuoja stabilum\u0105, o ne i\u0161daigas, tod\u0117l yra saugi ir patikrinta galimyb\u0117 EU vienkartiniam rinkos segmentui. Su patobulintu kristalo stiliaus korpusu, tinklelio rit\u0117s \u0161ildymu ir <strong data-start=\"618\" data-end=\"638\">dvivietis vaping re\u017eimas<\/strong>, jis u\u017etikrina kontroliuojam\u0105 ir pakartotin\u0105 patirt\u012f nuo pirmo iki paskutinio \u012fkv\u0117pimo.<\/p>\n<p data-start=\"725\" data-end=\"1103\">Skirtingai nuo dideli\u0173 auk\u0161to r\u016bkan\u010di\u0173 modeli\u0173, toki\u0173 kaip <strong data-start=\"767\" data-end=\"787\">Airmez Fox 80000<\/strong>, <strong data-start=\"793\" data-end=\"830\">Al Fakher Crown Bar Crystal 8000 V2<\/strong> skirtas vartotojams, kurie m\u0117gsta lengvesn\u012f \u012fkv\u0117pim\u0105 ir kasdien\u012f patikimum\u0105. \u017demas <strong data-start=\"902\" data-end=\"939\">0.5% (0,5 mg\/ml) nikotino stiprumas<\/strong> atitinka klient\u0173 poreikius, ie\u0161kan\u010di\u0173 \u0161velnaus pasitenkinimo be a\u0161trumo, o <strong data-start=\"1025\" data-end=\"1051\">18 ml e-liquido talpa<\/strong> palaiko ilgalaik\u012f naudojim\u0105 be da\u017en\u0173 keitim\u0173.<\/p>\n<p data-start=\"1105\" data-end=\"1509\">Skonio kokyb\u0117 i\u0161lieka nuosekli d\u0117ka patobulintos tinklelio rit\u0117s sistemos, u\u017etikrinan\u010dios tolyg\u0173 \u0161ildym\u0105 ir skland\u0173 \u012fkv\u0117pim\u0105 tiek MTL, tiek DTL re\u017eimuose. The <strong data-start=\"1263\" data-end=\"1283\">dvivietis vaping re\u017eimas<\/strong> leid\u017eia vartotojams keisti pie\u0161imo stili\u0173 pagal pageidavim\u0105, i\u0161ple\u010diant patrauklum\u0105 skirtingiems vartotoj\u0173 \u012fpro\u010diams. Varoma <strong data-start=\"1401\" data-end=\"1432\">850mAh \u012fkraunama baterija<\/strong> ir <strong data-start=\"1437\" data-end=\"1456\">Type-C \u012fkrovimu<\/strong>, \u012frenginys i\u0161laiko stabil\u0173 i\u0161\u0117jim\u0105 iki i\u0161sekimo.<\/p>\n<p data-start=\"1511\" data-end=\"1833\">Su <strong data-start=\"1516\" data-end=\"1538\">45 skoni\u0173 pasirinkimai<\/strong>, <strong data-start=\"1544\" data-end=\"1571\">Al Fakher CRYSTAL 8k V2<\/strong> yra idealus skonio rotacijai, lentynos matomumui ir pakartotiniam pirkimui. Tiekiama didmeniniu b\u016bdu su <strong data-start=\"1666\" data-end=\"1688\">200 vnt. vienoje d\u0117\u017eut\u0117je<\/strong>, ji puikiai tinka <strong data-start=\"1712\" data-end=\"1750\">Vienkartiniai Vape \u012fsigijimai Didmenin\u0117 Lietuva<\/strong> pirk\u0117jams, ie\u0161kantiems stiprios prek\u0117s \u017eenklo su <strong data-start=\"1790\" data-end=\"1805\">gera kaina<\/strong> ilgaam\u017ei\u0161kumu ir patikimumu.<\/p>\n<p><strong><span style=\"color: #ff0000;\">Prid\u0117kite Amy whatsapp, gaukite tiesiogin\u012f atsakym\u0105 ir kupon\u0105 veipui!<\/span><\/strong><\/p>\n<p><img fetchpriority=\"high\" decoding=\"async\" class=\"size-full wp-image-2932\" src=\"https:\/\/vapestornado.com\/wp-content\/uploads\/2024\/12\/Vape-Wholesale.jpg\" alt=\"Garintuvai Didmenin\u0117 prekyba\" width=\"229\" height=\"300\" \/><\/p>\n<h3><a href=\"https:\/\/wa.me\/8617776015835\" target=\"_blank\" rel=\"noopener\"><span style=\"color: #ff0000;\"><strong>WhatsApp: +86 17776015835<\/strong><\/span><\/a><\/h3>\n<p>&nbsp;<\/p>\n<h2><strong>Al Fakher CRYSTAL 8k V2 Puffs produkto ypatyb\u0117s<\/strong><\/h2>\n<div>\n<ul>\n<li data-start=\"0\" data-end=\"138\">\n<p data-start=\"2\" data-end=\"138\"><strong data-start=\"2\" data-end=\"31\" data-is-only-node=\"\">Iki 8 000\u201312 000 \u012fkv\u0117pim\u0173:<\/strong> Sukurtas ilgalaikiam veikimui, suma\u017einant da\u017en\u0173 keitim\u0173 poreik\u012f galutiniams vartotojams.<\/p>\n<\/li>\n<li data-start=\"140\" data-end=\"263\">\n<p data-start=\"142\" data-end=\"263\"><strong data-start=\"142\" data-end=\"163\" data-is-only-node=\"\">Dvigubo \u012fkv\u0117pimo re\u017eimas:<\/strong> Palaiko tiek MTL, tiek DTL stilius, leid\u017eiant vartotojams reguliuoti \u012fkv\u0117pim\u0105 pagal savo pageidavimus.<\/p>\n<\/li>\n<li data-start=\"265\" data-end=\"392\">\n<p data-start=\"267\" data-end=\"392\"><strong data-start=\"267\" data-end=\"298\" data-is-only-node=\"\">0.5% \u017eemas nikotino stiprumas:<\/strong> Suteikia lengvesn\u012f, \u0161velnesn\u012f \u012fkv\u0117pim\u0105, tinkam\u0105 klientams, siekiantiems kontroliuoti nikotino kiek\u012f.<\/p>\n<\/li>\n<li data-start=\"394\" data-end=\"502\">\n<p data-start=\"396\" data-end=\"502\"><strong data-start=\"396\" data-end=\"423\" data-is-only-node=\"\">18 ml E-skys\u010dio talpa:<\/strong> U\u017etikrina nuolatin\u012f skonio i\u0161siskyrim\u0105 viso \u012frenginio tarnavimo laikotarpio metu.<\/p>\n<\/li>\n<li data-start=\"504\" data-end=\"615\">\n<p data-start=\"506\" data-end=\"615\"><strong data-start=\"506\" data-end=\"535\" data-is-only-node=\"\">Tinklelio rit\u0117s \u0161ildymo sistema:<\/strong> U\u017etikrina tolyg\u0173 \u0161ildym\u0105 stabiliai garo gamybai ir \u0161var\u0173, tiksl\u0173 skon\u012f.<\/p>\n<\/li>\n<li data-start=\"617\" data-end=\"737\">\n<p data-start=\"619\" data-end=\"737\"><strong data-start=\"619\" data-end=\"651\" data-is-only-node=\"\">850mAh \u012fkraunama baterija:<\/strong> Patikimas galia nuo pirmo \u012fkv\u0117pimo iki paskutinio be na\u0161umo suma\u017e\u0117jimo.<\/p>\n<\/li>\n<li data-start=\"739\" data-end=\"828\">\n<p data-start=\"741\" data-end=\"828\"><strong data-start=\"741\" data-end=\"766\" data-is-only-node=\"\">Type-C \u012fkrovimo jungtis:<\/strong> Leid\u017eia greitai, patogiai ir pla\u010diai suderinamai \u012fkrauti.<\/p>\n<\/li>\n<li data-start=\"830\" data-end=\"942\">\n<p data-start=\"832\" data-end=\"942\"><strong data-start=\"832\" data-end=\"854\" data-is-only-node=\"\">45 skonio variantai:<\/strong> Palaiko stipri\u0105 skonio rotacij\u0105 ir pakartotin\u012f pirkim\u0105 ma\u017emenin\u0117s ir didmenin\u0117s rinkose.<\/p>\n<\/li>\n<li data-start=\"944\" data-end=\"1050\">\n<p data-start=\"946\" data-end=\"1050\"><strong data-start=\"946\" data-end=\"976\" data-is-only-node=\"\">Kristalo stiliaus korpuso dizainas:<\/strong> Jungia auk\u0161tos kokyb\u0117s estetik\u0105 su prakti\u0161ku patvarumu kasdieniam naudojimui.<\/p>\n<\/li>\n<li data-start=\"1052\" data-end=\"1160\" data-is-last-node=\"\">\n<p data-start=\"1054\" data-end=\"1160\" data-is-last-node=\"\"><strong data-start=\"1054\" data-end=\"1095\" data-is-only-node=\"\">Didmenin\u0117 d\u0117\u017eut\u0117s pakuot\u0117 (200 vnt.):<\/strong> Optimizuota efektyviam ES didmeniniam paskirstymui ir logistikai.<\/p>\n<\/li>\n<\/ul>\n<\/div>\n<div>\n<figure id=\"attachment_4766\" aria-describedby=\"caption-attachment-4766\" style=\"width: 300px\" class=\"wp-caption alignnone\"><img decoding=\"async\" class=\"size-medium wp-image-4766\" src=\"https:\/\/vapestornado.com\/wp-content\/uploads\/2026\/01\/Al-Fakher-Crown-Bar-Crystal-8000-Disposable-Wholesale-Price-300x300.webp\" alt=\"Al Fakher Crown Bar Crystal 8000 vienkartin\u0117s didmenin\u0117s kainos\" width=\"300\" height=\"300\" srcset=\"https:\/\/vapestornado.com\/wp-content\/uploads\/2026\/01\/Al-Fakher-Crown-Bar-Crystal-8000-Disposable-Wholesale-Price-300x300.webp 300w, https:\/\/vapestornado.com\/wp-content\/uploads\/2026\/01\/Al-Fakher-Crown-Bar-Crystal-8000-Disposable-Wholesale-Price-150x150.webp 150w, https:\/\/vapestornado.com\/wp-content\/uploads\/2026\/01\/Al-Fakher-Crown-Bar-Crystal-8000-Disposable-Wholesale-Price-768x768.webp 768w, https:\/\/vapestornado.com\/wp-content\/uploads\/2026\/01\/Al-Fakher-Crown-Bar-Crystal-8000-Disposable-Wholesale-Price-12x12.webp 12w, https:\/\/vapestornado.com\/wp-content\/uploads\/2026\/01\/Al-Fakher-Crown-Bar-Crystal-8000-Disposable-Wholesale-Price-600x600.webp 600w, https:\/\/vapestornado.com\/wp-content\/uploads\/2026\/01\/Al-Fakher-Crown-Bar-Crystal-8000-Disposable-Wholesale-Price-100x100.webp 100w, https:\/\/vapestornado.com\/wp-content\/uploads\/2026\/01\/Al-Fakher-Crown-Bar-Crystal-8000-Disposable-Wholesale-Price.webp 800w\" sizes=\"(max-width: 300px) 100vw, 300px\" \/><figcaption id=\"caption-attachment-4766\" class=\"wp-caption-text\">Al Fakher Crown Bar Crystal 8000 vienkartin\u0117s didmenin\u0117s kainos<\/figcaption><\/figure>\n<\/div>\n<div>\n<figure id=\"attachment_4771\" aria-describedby=\"caption-attachment-4771\" style=\"width: 289px\" class=\"wp-caption alignnone\"><img decoding=\"async\" class=\"size-medium wp-image-4771\" src=\"https:\/\/vapestornado.com\/wp-content\/uploads\/2026\/01\/Al-Fakher-Crystal-8k-Disposable-Vapes-289x300.jpg\" alt=\"Al Fakher Crystal 8k V2 vienkartin\u0117s vape\" width=\"289\" height=\"300\" srcset=\"https:\/\/vapestornado.com\/wp-content\/uploads\/2026\/01\/Al-Fakher-Crystal-8k-Disposable-Vapes-289x300.jpg 289w, https:\/\/vapestornado.com\/wp-content\/uploads\/2026\/01\/Al-Fakher-Crystal-8k-Disposable-Vapes-987x1024.jpg 987w, https:\/\/vapestornado.com\/wp-content\/uploads\/2026\/01\/Al-Fakher-Crystal-8k-Disposable-Vapes-768x797.jpg 768w, https:\/\/vapestornado.com\/wp-content\/uploads\/2026\/01\/Al-Fakher-Crystal-8k-Disposable-Vapes-12x12.jpg 12w, https:\/\/vapestornado.com\/wp-content\/uploads\/2026\/01\/Al-Fakher-Crystal-8k-Disposable-Vapes-600x623.jpg 600w, https:\/\/vapestornado.com\/wp-content\/uploads\/2026\/01\/Al-Fakher-Crystal-8k-Disposable-Vapes.jpg 1411w\" sizes=\"(max-width: 289px) 100vw, 289px\" \/><figcaption id=\"caption-attachment-4771\" class=\"wp-caption-text\">Al Fakher Crystal 8k V2 vienkartin\u0117s vape<\/figcaption><\/figure>\n<\/div>\n<h2 class=\"product-title\"><strong>Al Fakher CRYSTAL 8k V2Puff skonio s\u0105ra\u0161as<\/strong><\/h2>\n<p>1 Uog\u0173 m\u0117lyn\u0117<br \/>\n2 Uog\u0173 ledas<br \/>\n3 Juod\u0173j\u0173 serbent\u0173 ledas<br \/>\n4 Juod\u0173j\u0173 serbent\u0173 m\u0117tos<br \/>\n5 M\u0117lynojo Razz sprogimas<br \/>\n6 M\u0117lynojo Razz limonadas<br \/>\n7 M\u0117lyn\u0117s vy\u0161nia<br \/>\n8 M\u0117lyn\u0117s kramtukas<br \/>\n9 M\u0117lyni\u0173 Lemona<br \/>\n10 M\u0117lyni\u0173 M\u0117t\u0173<br \/>\n11 M\u0117lyni\u0173 Avie\u010di\u0173<br \/>\n12 M\u0117lynojo spanguolio r\u016bg\u0161tus aviet\u0117s<br \/>\n13 Vy\u0161nini\u0173 \u0160vent\u0117<br \/>\n14 Vy\u0161ninis Putojantis G\u0117rimas<br \/>\n15 Vy\u0161ninis Ledas<br \/>\n16 \u0160altas Mango<br \/>\n17 Fuzijos Pop<br \/>\n18 Vynuog\u0117<br \/>\n19 Vynuog\u0117s Uogos<br \/>\n20 Vynuog\u0117s M\u0117t\u0173<br \/>\n21 Kramtomoji M\u0117t\u0173<br \/>\n22 Hubba<br \/>\n23 Ledinis M\u0117lynasis<br \/>\n24 Citrina Laimas<br \/>\n25 Citrina Laimas Vy\u0161ninis Putojantis G\u0117rimas<br \/>\n26 Citrina M\u0117t\u0173<br \/>\n27 Prabangi Ledin\u0117<br \/>\n28 Magi\u0161ka Meil\u0117<br \/>\n29 Mango Ananasas<br \/>\n30 Mentolas<br \/>\n31 M\u0117ta<br \/>\n32 Mi\u0161ri uogien\u0117<br \/>\n33 Apelsin\u0173 M\u0117ta<br \/>\n34 Persik\u0173 Ledas<br \/>\n35 Ananas\u0173 Ledas<br \/>\n36 Kosmoso Sapnas<br \/>\n37 M\u0117t\u0173<br \/>\n38 Bra\u0161ki\u0173 Vy\u0161nios<br \/>\n39 Bra\u0161ki\u0173 Punch<br \/>\n40 Vasara Sapnas<br \/>\n41 Du Obuoliai<br \/>\n42 Arb\u016bzas Vy\u0161nia<br \/>\n43 Arb\u016bzas Kivi<br \/>\n44 Arb\u016bzas Laimas<br \/>\n45 Arb\u016bzas Ananasas<\/p>\n<div class=\"flex-shrink-0 flex flex-col relative items-end\">\n<div class=\"pt-0\">\n<div class=\"gizmo-bot-avatar flex h-8 w-8 items-center justify-center overflow-hidden rounded-full\">\n<div class=\"relative p-1 rounded-sm flex items-center justify-center bg-token-main-surface-primary text-token-text-primary h-8 w-8\">\n<h2 data-start=\"1200\" data-end=\"1487\">Vapes Tornado \u2013 J\u016bs\u0173 didmenin\u0117 internetin\u0117 gar\u0173 parduotuv\u0117 populiariems vapes<\/h2>\n<p data-start=\"72\" data-end=\"396\"><strong data-start=\"72\" data-end=\"89\">Vapes Tornado<\/strong> yra Europai orientuota didmenin\u0117 internetin\u0117 gar\u0173 parduotuv\u0117, si\u016blanti kruop\u0161\u010diai atrinkt\u0105 <strong data-start=\"178\" data-end=\"195\">populiari\u0173 vapes<\/strong> profesionaliems pirk\u0117jams. Mes dirbame su ma\u017emenininkais, platintojais ir internetin\u0117mis parduotuv\u0117mis visoje ES, kurie reikalinga stabili tiekimo grandin\u0117, ai\u0161ki produkt\u0173 informacija ir prek\u0117s \u017eenklai, kuriuos klientai jau pa\u017e\u012fsta ir jais pasitiki.<\/p>\n<p data-start=\"398\" data-end=\"687\">Mes bendradarbiaujame su patikimais vardais, tokiais kaip <strong data-start=\"307\" data-end=\"362\"><a href=\"https:\/\/vapestornado.com\/lt\/product\/randm-12000-puffs-fumot-digital-disposable-vape-wholesale-price\/\">Fumot VAPE<\/a>, <a href=\"https:\/\/vapestornado.com\/lt\/product\/original-wga-ultra-35k-35000-puff-rechargeable-crystal-disposable-nicotine-vape-best-discount-price\/\">WGA VAPE<\/a>, <\/strong><strong data-start=\"307\" data-end=\"362\"><a href=\"https:\/\/vapestornado.com\/lt\/product\/vozol-gear-shisha-25k-25000-puffs-best-dtl-disposable-vape-hookah-cheap-price\/\">VOZOL BAR VAPE<\/a>,<\/strong><strong data-start=\"247\" data-end=\"352\">\u00a0Elf Bar Vape, WASPE Vape, <a href=\"https:\/\/vapestornado.com\/lt\/product\/uzy-150k-puffs-6-in-1-flavor-switch-disposable-vape-pen-wholesale\/\">UZY Vape<\/a>, Bang Vape, Razz Bar Vape, ir Stag Bar Vape<\/strong>, pasirinktais d\u0117l nuoseklios kokyb\u0117s ir stiprios paklausos Europos rinkoje.<\/p>\n<h4 data-start=\"1080\" data-end=\"1120\">Sukurta Europos didmeniniams pirk\u0117jams<\/h4>\n<p data-start=\"1121\" data-end=\"1189\">Vapes Tornado yra strukt\u016bruota pagal tikruosius ES didmeninink\u0173 poreikius:<\/p>\n<ul data-start=\"1190\" data-end=\"1400\">\n<li data-start=\"1190\" data-end=\"1239\">\n<p data-start=\"1192\" data-end=\"1239\">Konkurencingos didmenin\u0117s kainos didel\u0117ms u\u017esakym\u0173 partijoms<\/p>\n<\/li>\n<li data-start=\"1240\" data-end=\"1289\">\n<p data-start=\"1242\" data-end=\"1289\">Ai\u0161kios produkt\u0173 apra\u0161ymai ir technin\u0117s specifikacijos<\/p>\n<\/li>\n<li data-start=\"1290\" data-end=\"1330\">\n<p data-start=\"1292\" data-end=\"1330\">Greita, patikima ES orientuota logistika<\/p>\n<\/li>\n<li data-start=\"1331\" data-end=\"1400\">\n<p data-start=\"1333\" data-end=\"1400\">Katalogas, orientuotas \u012f <strong data-start=\"1356\" data-end=\"1373\">populiari\u0173 vapes<\/strong>, neperkrautas SKU<\/p>\n<\/li>\n<\/ul>\n<h2 data-start=\"2064\" data-end=\"2115\">Da\u017eniausiai u\u017eduodami klausimai apie Al Fakher CRYSTAL 8000 V2 Vienkartin\u012f Vape<\/h2>\n<p data-start=\"3467\" data-end=\"3658\"><strong data-start=\"3467\" data-end=\"3546\">1. Kas skiria Al Fakher CRYSTAL 8K V2 nuo kit\u0173 vienkartini\u0173 \u012frengini\u0173?<\/strong><br data-start=\"3546\" data-end=\"3549\" \/>Jis daugiausia d\u0117mesio skiria skoni\u0173 stabilumui, \u017eemam nikotino stiprumui ir dvigubam vaping re\u017eimui, o ne ekstremaliems p\u016btim\u0173 skai\u010diams.<\/p>\n<p data-start=\"3660\" data-end=\"3780\"><strong data-start=\"3660\" data-end=\"3721\">2. Ar Al Fakher Crown Bar Crystal 8K V2 yra \u012fkraunamas?<\/strong><br data-start=\"3721\" data-end=\"3724\" \/>Taip, jame yra 850 mAh baterija su Type-C \u012fkrovimu.<\/p>\n<p data-start=\"3782\" data-end=\"3917\"><strong data-start=\"3782\" data-end=\"3825\">3. Kam \u0161is produktas geriausiai tinka?<\/strong><br data-start=\"3825\" data-end=\"3828\" \/>Vartotojams, kurie nori \u0161velnaus skonio, ma\u017eesnio nikotino kiekio ir nuoseklaus kasdienio veikimo.<\/p>\n<p data-start=\"3919\" data-end=\"4102\"><strong data-start=\"3919\" data-end=\"3989\">4. Kaip jis lyginamas su didelio \u012fp\u016btimo prietaisais, tokiais kaip Airmez Fox 80000?<\/strong><br data-start=\"3989\" data-end=\"3992\" \/>Crystal 8K V2 pirmenyb\u0119 teikia valdymui ir skonio tikslumui, o didelio \u012fp\u016btimo modeliai orientuojasi \u012f ilgesn\u012f tarnavimo laik\u0105.<\/p>\n<p data-start=\"4104\" data-end=\"4265\"><strong data-start=\"4104\" data-end=\"4166\">5. Ar \u0161is produktas tinkamas didmeninei prekybai ES?<\/strong><br data-start=\"4166\" data-end=\"4169\" \/>Taip, jis supakuotas \u012f didelius kartonus ir yra populiarus <strong data-start=\"4219\" data-end=\"4257\">Vienkartiniai Vape \u012fsigijimai Didmenin\u0117 Lietuva<\/strong> tiekiant.<\/p>\n<\/div>\n<\/div>\n<\/div>\n<\/div>","protected":false},"excerpt":{"rendered":"<p data-start=\"1873\" data-end=\"1964\"><strong data-start=\"1873\" data-end=\"1964\">Al Fakher Crown Bar Crystal 8K V2 \u2013 Stabilios veiklos vienkartinis vape didmeninei prekybai Lietuvoje<\/strong><\/p>\n<p data-start=\"1968\" data-end=\"2039\"><strong data-start=\"1968\" data-end=\"2039\">Al Fakher CRYSTAL 8K V2 su dvigubu \u012fkv\u0117pimo re\u017eimu ir \u017eemu nikotino i\u0161metimu<\/strong><\/p>\n<p data-start=\"2043\" data-end=\"2136\"><strong data-start=\"2043\" data-end=\"2136\">Crystal 8K V2 i\u0161 Al Fakher \u2013 Patikimas 8000 r\u016bkan\u010di\u0173 vienkartinis vape konkurencingoje didmenin\u0117s kainos pasi\u016bloje<\/strong><\/p>\n<p><strong>Prid\u0117kite Amy's whatsapp, kad gautum\u0117te tinkam\u0105 atsakym\u0105 ir nuolaidos kain\u0105!<\/strong><\/p>\n<p><img fetchpriority=\"high\" decoding=\"async\" class=\"size-full wp-image-2932\" src=\"https:\/\/vapestornado.com\/wp-content\/uploads\/2024\/12\/Vape-Wholesale.jpg\" alt=\"Garintuvai Didmenin\u0117 prekyba\" width=\"229\" height=\"300\" \/><\/p>\n<h3><a href=\"https:\/\/wa.me\/8617776015835\"><span style=\"color: #ff0000;\"><strong>WhatsApp: +86 17776015835<\/strong><\/span><\/a><\/h3>","protected":false},"featured_media":4770,"comment_status":"open","ping_status":"closed","template":"","meta":{"_acf_changed":false,"_uag_custom_page_level_css":"","_lmt_disableupdate":"no","_lmt_disable":"","_monsterinsights_skip_tracking":false,"_monsterinsights_sitenote_active":false,"_monsterinsights_sitenote_note":"","_monsterinsights_sitenote_category":0,"site-sidebar-layout":"default","site-content-layout":"","ast-site-content-layout":"default","site-content-style":"default","site-sidebar-style":"default","ast-global-header-display":"","ast-banner-title-visibility":"","ast-main-header-display":"","ast-hfb-above-header-display":"","ast-hfb-below-header-display":"","ast-hfb-mobile-header-display":"","site-post-title":"","ast-breadcrumbs-content":"","ast-featured-img":"","footer-sml-layout":"","ast-disable-related-posts":"","theme-transparent-header-meta":"default","adv-header-id-meta":"","stick-header-meta":"","header-above-stick-meta":"","header-main-stick-meta":"","header-below-stick-meta":"","astra-migrate-meta-layouts":"set","ast-page-background-enabled":"default","ast-page-background-meta":{"desktop":{"background-color":"","background-image":"","background-repeat":"repeat","background-position":"center center","background-size":"auto","background-attachment":"scroll","background-type":"","background-media":"","overlay-type":"","overlay-color":"","overlay-opacity":"","overlay-gradient":""},"tablet":{"background-color":"","background-image":"","background-repeat":"repeat","background-position":"center center","background-size":"auto","background-attachment":"scroll","background-type":"","background-media":"","overlay-type":"","overlay-color":"","overlay-opacity":"","overlay-gradient":""},"mobile":{"background-color":"","background-image":"","background-repeat":"repeat","background-position":"center center","background-size":"auto","background-attachment":"scroll","background-type":"","background-media":"","overlay-type":"","overlay-color":"","overlay-opacity":"","overlay-gradient":""}},"ast-content-background-meta":{"desktop":{"background-color":"var(--ast-global-color-5)","background-image":"","background-repeat":"repeat","background-position":"center center","background-size":"auto","background-attachment":"scroll","background-type":"","background-media":"","overlay-type":"","overlay-color":"","overlay-opacity":"","overlay-gradient":""},"tablet":{"background-color":"var(--ast-global-color-5)","background-image":"","background-repeat":"repeat","background-position":"center center","background-size":"auto","background-attachment":"scroll","background-type":"","background-media":"","overlay-type":"","overlay-color":"","overlay-opacity":"","overlay-gradient":""},"mobile":{"background-color":"var(--ast-global-color-5)","background-image":"","background-repeat":"repeat","background-position":"center center","background-size":"auto","background-attachment":"scroll","background-type":"","background-media":"","overlay-type":"","overlay-color":"","overlay-opacity":"","overlay-gradient":""}},"_joinchat":[]},"product_brand":[],"product_cat":[140,149,156,158,141,142,146,147],"product_tag":[529,530,528,355,287,513,512],"class_list":{"0":"post-4772","1":"product","2":"type-product","3":"status-publish","4":"has-post-thumbnail","6":"product_cat-big-puffs-disposable-vapes","7":"product_cat-buy-disposable-vapes-in-austria","8":"product_cat-buy-disposable-vapes-in-poland","9":"product_cat-buy-disposable-vapes-in-spain","10":"product_cat-crystal-disposable-vapes","11":"product_cat-digital-box-disposable-vapes","12":"product_cat-rechargeable-disposable-vapes","13":"product_cat-shisha-hookah-disposable-vapes","14":"product_tag-al-fakher-8k-v2","15":"product_tag-al-fakher-crystal-8000-v2","16":"product_tag-al-fakher-crystal-8k-v2","17":"product_tag-big-puff-vape","18":"product_tag-disposable-vape-pen","19":"product_tag-vape-discount-price","20":"product_tag-vape-wholesale-distributor","21":"desktop-align-left","22":"tablet-align-left","23":"mobile-align-left","25":"first","26":"instock","27":"sale","28":"shipping-taxable","29":"purchasable","30":"product-type-simple"},"acf":[],"uagb_featured_image_src":{"full":["https:\/\/vapestornado.com\/wp-content\/uploads\/2026\/01\/Al-Fakher-Disposable-Vapes-Best-Price.webp",800,800,false],"thumbnail":["https:\/\/vapestornado.com\/wp-content\/uploads\/2026\/01\/Al-Fakher-Disposable-Vapes-Best-Price-150x150.webp",150,150,true],"medium":["https:\/\/vapestornado.com\/wp-content\/uploads\/2026\/01\/Al-Fakher-Disposable-Vapes-Best-Price-300x300.webp",300,300,true],"medium_large":["https:\/\/vapestornado.com\/wp-content\/uploads\/2026\/01\/Al-Fakher-Disposable-Vapes-Best-Price-768x768.webp",768,768,true],"large":["https:\/\/vapestornado.com\/wp-content\/uploads\/2026\/01\/Al-Fakher-Disposable-Vapes-Best-Price.webp",800,800,false],"1536x1536":["https:\/\/vapestornado.com\/wp-content\/uploads\/2026\/01\/Al-Fakher-Disposable-Vapes-Best-Price.webp",800,800,false],"2048x2048":["https:\/\/vapestornado.com\/wp-content\/uploads\/2026\/01\/Al-Fakher-Disposable-Vapes-Best-Price.webp",800,800,false],"trp-custom-language-flag":["https:\/\/vapestornado.com\/wp-content\/uploads\/2026\/01\/Al-Fakher-Disposable-Vapes-Best-Price-12x12.webp",12,12,true],"woocommerce_thumbnail":["https:\/\/vapestornado.com\/wp-content\/uploads\/2026\/01\/Al-Fakher-Disposable-Vapes-Best-Price-300x300.webp",300,300,true],"woocommerce_single":["https:\/\/vapestornado.com\/wp-content\/uploads\/2026\/01\/Al-Fakher-Disposable-Vapes-Best-Price-600x600.webp",600,600,true],"woocommerce_gallery_thumbnail":["https:\/\/vapestornado.com\/wp-content\/uploads\/2026\/01\/Al-Fakher-Disposable-Vapes-Best-Price-100x100.webp",100,100,true]},"uagb_author_info":{"display_name":"ESAMY","author_link":"https:\/\/vapestornado.com\/lt\/author\/"},"uagb_comment_info":0,"uagb_excerpt":"Al Fakher Crown Bar Crystal 8K V2 \u2013 Stable Performance Disposable Vape for EU Wholesale Al Fakher CRYSTAL 8K V2 with Dual Vaping Mode &amp; Low Nicotine Output Crystal 8K V2 by Al Fakher \u2013 Reliable 8000 Puff Disposable at Competitive Wholesale Price Add Amy's whatsapp to get right reply and discount price! WhatsApp: +86&hellip;","_links":{"self":[{"href":"https:\/\/vapestornado.com\/lt\/wp-json\/wp\/v2\/product\/4772","targetHints":{"allow":["GET"]}}],"collection":[{"href":"https:\/\/vapestornado.com\/lt\/wp-json\/wp\/v2\/product"}],"about":[{"href":"https:\/\/vapestornado.com\/lt\/wp-json\/wp\/v2\/types\/product"}],"replies":[{"embeddable":true,"href":"https:\/\/vapestornado.com\/lt\/wp-json\/wp\/v2\/comments?post=4772"}],"wp:featuredmedia":[{"embeddable":true,"href":"https:\/\/vapestornado.com\/lt\/wp-json\/wp\/v2\/media\/4770"}],"wp:attachment":[{"href":"https:\/\/vapestornado.com\/lt\/wp-json\/wp\/v2\/media?parent=4772"}],"wp:term":[{"taxonomy":"product_brand","embeddable":true,"href":"https:\/\/vapestornado.com\/lt\/wp-json\/wp\/v2\/product_brand?post=4772"},{"taxonomy":"product_cat","embeddable":true,"href":"https:\/\/vapestornado.com\/lt\/wp-json\/wp\/v2\/product_cat?post=4772"},{"taxonomy":"product_tag","embeddable":true,"href":"https:\/\/vapestornado.com\/lt\/wp-json\/wp\/v2\/product_tag?post=4772"}],"curies":[{"name":"wp","href":"https:\/\/api.w.org\/{rel}","templated":true}]}}