{"id":4716,"date":"2025-12-24T03:47:14","date_gmt":"2025-12-24T03:47:14","guid":{"rendered":"https:\/\/vapestornado.com\/?post_type=product&#038;p=4716"},"modified":"2025-12-24T06:53:12","modified_gmt":"2025-12-24T06:53:12","slug":"fihp-90k-puffs-90000-3-in-1-triple-flavors-crystal-vape-shop-wholesale-disposable-e-cigarette","status":"publish","type":"product","link":"https:\/\/vapestornado.com\/lt\/product\/fihp-90k-puffs-90000-3-in-1-triple-flavors-crystal-vape-shop-wholesale-disposable-e-cigarette\/","title":{"rendered":"FIHP 90K P\u016b\u010di\u0173 90000 3-in-1 Trij\u0173 Skoni\u0173 Kristalinis Vape Parduotuv\u0117s Didmenin\u0117 Vienkartin\u0117 Elektronin\u0117 Cigaret\u0117"},"content":{"rendered":"<h2 data-pm-slice=\"1 1 []\">FIHP 90K P\u016b\u010di\u0173 90000 3-in-1 Trij\u0173 Skoni\u0173 Kristalinis Vienkartinis Elektronin\u0117 Cigaret\u0117 Didmenin\u0117<\/h2>\n<p data-start=\"90\" data-end=\"562\">\u0160is <strong data-start=\"94\" data-end=\"112\">FIHP 90K P\u016b\u010di\u0173<\/strong> sukurtas suaugusiems, kurie nori ilgalaikio \u012frenginio, kuris i\u0161lieka \u012fdomus. Pagrindin\u0117 specifikacija yra akivaizdi\u2014<strong data-start=\"213\" data-end=\"229\">90 000 p\u016b\u010di\u0173<\/strong>\u2014 ta\u010diau kas daro j\u012f naudingu kasdien yra <strong data-start=\"293\" data-end=\"324\">3-in-1 trij\u0173 skoni\u0173 sistema<\/strong>, a <strong data-start=\"328\" data-end=\"344\">i\u0161manaus ekrano<\/strong>, ir rit\u0117s \u012franga, sukurta stabiliai skoni\u0173 i\u0161vedimui. Tai yra <strong data-start=\"420\" data-end=\"446\">Vienkartin\u0117 Elektronin\u0117 Cigaret\u0117<\/strong> kurios tinka tiek asmeniniam naudojimui, tiek didmeninei vape parduotuv\u0117s tiekimui, nes j\u0105 lengva paai\u0161kinti ir pasitik\u0117ti ja rankose.<\/p>\n<p data-start=\"564\" data-end=\"847\">\u201eKristalo\u201c permatomas korpusas n\u0117ra tik stiliaus elementas; jis taip pat suteikia produktui modernumo ir ai\u0161kumo\u2014kas matote, tai ir gaunate. Daugeliui pirk\u0117j\u0173 Lietuvoje tai svarbu: \u0161varus vaizdas, ai\u0161ki informacija ekrane ir joki\u0173 paslap\u010di\u0173, ar \u012frenginys yra i\u0161tu\u0161t\u0117j\u0119s, ar tiesiog reikia \u012fkrovimo.<\/p>\n<p data-start=\"876\" data-end=\"1116\">Auk\u0161tos talpos vienkartiniai \u012frenginiai da\u017enai nepavyksta prognozuojamais b\u016bdais: skonis tampa nuobodus, i\u0161vedimas tampa nepastovus arba naudotojai negali pasakyti, ar \u012frenginys yra tu\u0161\u010dias, ar tiesiog reikia \u012fkrovimo. FIHP sprend\u017eia \u0161ias problemas su praktin\u0117mis technin\u0117mis pasirinkimais.<\/p>\n<p data-start=\"1118\" data-end=\"1588\">\u0160is <strong data-start=\"1122\" data-end=\"1138\">i\u0161manaus ekrano<\/strong> rodo <strong data-start=\"1145\" data-end=\"1181\">baterijos lygis ir skys\u010dio lygis<\/strong>, tod\u0117l jums nereikia sp\u0117ti. Tai suma\u017eina frustracij\u0105 ir suma\u017eina \u201enustojo veikti\u201c momentus, kurie i\u0161 tikr\u0173j\u0173 yra tik d\u0117l ma\u017eo energijos kiekio. \u0160ie <strong data-start=\"1318\" data-end=\"1342\">0,9\u03a9 dvigubos tinklelio rit\u0117s<\/strong> yra sukurti su didesne \u0161ildymo zona, kas padeda i\u0161laikyti garo gamyb\u0105 stabil\u0173 ir skon\u012f \u0161varesn\u012f ilgalaikio naudojimo metu. Prid\u0117jus <strong data-start=\"1469\" data-end=\"1488\">Type-C \u012fkrovimu<\/strong> ir <strong data-start=\"1493\" data-end=\"1511\">650mAh baterij\u0105<\/strong>, ir \u012frenginys atitinka tikr\u0105 kasdien\u012f naudojim\u0105\u2014\u012fkraukite greitai, naudokite ilgiau, kartokite.<\/p>\n<h3 data-start=\"1590\" data-end=\"1635\">Kod\u0117l pirkti FIHP 90K 90000 p\u016btim\u0173 vienkartin\u012f vape ra\u0161ikl\u012f<\/h3>\n<ul data-start=\"1636\" data-end=\"2259\">\n<li data-start=\"1636\" data-end=\"1764\">\n<p data-start=\"1638\" data-end=\"1764\"><strong data-start=\"1638\" data-end=\"1665\">Ilgas keitimo ciklas:<\/strong> \u0161is <strong data-start=\"1670\" data-end=\"1679\">90000<\/strong> p\u016btimo dizainas suma\u017eina da\u017en\u012f, kada reikia naujo \u012frenginio, ypa\u010d reguliariems vartotojams.<\/p>\n<\/li>\n<li data-start=\"1765\" data-end=\"1936\">\n<p data-start=\"1767\" data-end=\"1936\"><strong data-start=\"1767\" data-end=\"1801\">\u012evairov\u0117 be papildom\u0173 \u012frengini\u0173:<\/strong> \u0161is <strong data-start=\"1806\" data-end=\"1824\">3 skoni\u0173 sistema viename<\/strong> yra prakti\u0161ka\u2014perjungiant profilius padeda i\u0161vengti skonio nuovargio, kuris da\u017enas su didel\u0117s talpos vape \u012frenginiais.<\/p>\n<\/li>\n<li data-start=\"1937\" data-end=\"2094\">\n<p data-start=\"1939\" data-end=\"2094\"><strong data-start=\"1939\" data-end=\"1968\">Ai\u0161ki b\u016bsenos rodymas i\u0161 karto:<\/strong> skystas ekranas daro \u012frengin\u012f patikimesn\u012f, ypa\u010d \u017emon\u0117ms, kurie vapes vis\u0105 dien\u0105 ir nenori netik\u0117tum\u0173.<\/p>\n<\/li>\n<li data-start=\"2095\" data-end=\"2259\">\n<p data-start=\"2097\" data-end=\"2259\"><strong data-start=\"2097\" data-end=\"2120\">Didmenin\u0117 prekyba draugi\u0161ka:<\/strong> crystal stiliaus vape parduotuv\u0117s i\u0161d\u0117stymui, produktas atrodo auk\u0161\u010diausios kokyb\u0117s, ta\u010diau i\u0161lieka paprastas pristatyti: 90K + trigubi skoniai + ekranas + Type-C.<\/p>\n<\/li>\n<\/ul>\n<p><strong><span style=\"color: #ff0000;\">Prid\u0117kite Amy whatsapp, gaukite tiesiogin\u012f atsakym\u0105 ir kupon\u0105 veipui!<\/span><\/strong><\/p>\n<p><img fetchpriority=\"high\" decoding=\"async\" class=\"size-full wp-image-2932\" src=\"https:\/\/vapestornado.com\/wp-content\/uploads\/2024\/12\/Vape-Wholesale.jpg\" alt=\"Garintuvai Didmenin\u0117 prekyba\" width=\"229\" height=\"300\" \/><\/p>\n<h3><a href=\"https:\/\/wa.me\/8617776015835\" target=\"_blank\" rel=\"noopener\"><span style=\"color: #ff0000;\"><strong>WhatsApp: +86 17776015835<\/strong><\/span><\/a><\/h3>\n<figure id=\"attachment_4711\" aria-describedby=\"caption-attachment-4711\" style=\"width: 300px\" class=\"wp-caption alignnone\"><img decoding=\"async\" class=\"size-medium wp-image-4711\" src=\"https:\/\/vapestornado.com\/wp-content\/uploads\/2025\/12\/FIHP-90K-90000-Puff-Bar-Disposables-Triple-Flavors-300x300.webp\" alt=\"FIHP 90K 90000 P\u016bst\u0173 baras vienkartiniai trij\u0173 skoni\u0173\" width=\"300\" height=\"300\" srcset=\"https:\/\/vapestornado.com\/wp-content\/uploads\/2025\/12\/FIHP-90K-90000-Puff-Bar-Disposables-Triple-Flavors-300x300.webp 300w, https:\/\/vapestornado.com\/wp-content\/uploads\/2025\/12\/FIHP-90K-90000-Puff-Bar-Disposables-Triple-Flavors-150x150.webp 150w, https:\/\/vapestornado.com\/wp-content\/uploads\/2025\/12\/FIHP-90K-90000-Puff-Bar-Disposables-Triple-Flavors-768x768.webp 768w, https:\/\/vapestornado.com\/wp-content\/uploads\/2025\/12\/FIHP-90K-90000-Puff-Bar-Disposables-Triple-Flavors-12x12.webp 12w, https:\/\/vapestornado.com\/wp-content\/uploads\/2025\/12\/FIHP-90K-90000-Puff-Bar-Disposables-Triple-Flavors-600x600.webp 600w, https:\/\/vapestornado.com\/wp-content\/uploads\/2025\/12\/FIHP-90K-90000-Puff-Bar-Disposables-Triple-Flavors-100x100.webp 100w, https:\/\/vapestornado.com\/wp-content\/uploads\/2025\/12\/FIHP-90K-90000-Puff-Bar-Disposables-Triple-Flavors.webp 800w\" sizes=\"(max-width: 300px) 100vw, 300px\" \/><figcaption id=\"caption-attachment-4711\" class=\"wp-caption-text\">FIHP 90K 90000 P\u016b\u010di\u0173 Baras Vienkartiniai Trij\u0173 Skoni\u0173<\/figcaption><\/figure>\n<p>&nbsp;<\/p>\n<h2><strong>FIHP 90K P\u016b\u010di\u0173 Produkto Savyb\u0117s<\/strong><\/h2>\n<table>\n<thead>\n<tr>\n<th>Funkcija<\/th>\n<th>Specifikacija<\/th>\n<th>K\u0105 tai rei\u0161kia realiame naudojime<\/th>\n<\/tr>\n<\/thead>\n<tbody>\n<tr>\n<td>\u012ep\u016btim\u0173 talpa<\/td>\n<td>Iki 90 000 p\u016btim\u0173<\/td>\n<td>Sukurtas ilgalaikiam naudojimui; tikrasis p\u016btimo skai\u010dius priklauso nuo \u012fkv\u0117pimo ilgumo ir naudojimo \u012fpro\u010di\u0173.<\/td>\n<\/tr>\n<tr>\n<td>Skonio sistema<\/td>\n<td>3 viename trigubi skoniai<\/td>\n<td>Perjunkite tarp trij\u0173 skoni\u0173 viename \u012frenginyje, kad suma\u017eintum\u0117te skonio nuovarg\u012f ilgalaikio naudojimo metu.<\/td>\n<\/tr>\n<tr>\n<td>Rit\u0117s tipas<\/td>\n<td>0.9\u03a9 dvigubi tinklelio rit\u0117s<\/td>\n<td>Didelis \u0161ildymo plotas palaiko stabilesn\u012f gar\u0173 ir \u0161varesn\u012f skonio perdavim\u0105 ilg\u0173 sesij\u0173 metu.<\/td>\n<\/tr>\n<tr>\n<td>Baterija<\/td>\n<td>650mAh \u012fkraunamas<\/td>\n<td>Sukurtas kasdieniam naudojimui; \u012fkraukite, kai reikia, o ne i\u0161meskite anksti.<\/td>\n<\/tr>\n<tr>\n<td>\u012ekrovimas<\/td>\n<td>Type-C (nurodytas apie 30 minu\u010di\u0173)<\/td>\n<td>Greitesnis, patogesnis \u012fkrovimas, palyginti su senesniais jungtimis; laikas skiriasi priklausomai nuo \u012fkroviklio ir s\u0105lyg\u0173.<\/td>\n<\/tr>\n<tr>\n<td>Ekranas<\/td>\n<td>I\u0161manus ekranas (baterija + e-skystis)<\/td>\n<td>Suma\u017eina sp\u0117jimus, rodydamas \u012frenginio b\u016bsen\u0105 i\u0161 karto.<\/td>\n<\/tr>\n<tr>\n<td>Nikotino pasirinkimai<\/td>\n<td>2% \/ 5%<\/td>\n<td>Dvi stiprumo r\u016b\u0161ys skirtingiems suaugusi\u0173j\u0173 pageidavimams (galima \u012fsigyti rinkoje).<\/td>\n<\/tr>\n<tr>\n<td>Dizainas<\/td>\n<td>Permatomas kristalo stiliaus korpusas<\/td>\n<td>\u0160iuolaikinis i\u0161vaizda, tinkama ma\u017emeninei prekybai ir lengvam produkto pristatymui.<\/td>\n<\/tr>\n<\/tbody>\n<\/table>\n<h2 class=\"product-title\"><strong>FIHP 90K P\u016b\u010di\u0173 P\u016btimo Skonio S\u0105ra\u0161as<\/strong><\/h2>\n<h2 data-start=\"4164\" data-end=\"4193\"><\/h2>\n<ol data-start=\"4195\" data-end=\"4730\">\n<li data-start=\"4195\" data-end=\"4239\">\n<p data-start=\"4198\" data-end=\"4239\">Gazintas vy\u0161ni\u0173 &amp; Lady Killer &amp; Gummy Bear<\/p>\n<\/li>\n<li data-start=\"4240\" data-end=\"4287\">\n<p data-start=\"4243\" data-end=\"4287\">M\u0117lyni\u0173 avie\u010di\u0173 &amp; Love 666 &amp; Persiko ledas<\/p>\n<\/li>\n<li data-start=\"4288\" data-end=\"4343\">\n<p data-start=\"4291\" data-end=\"4343\">Avie\u010di\u0173 arb\u016bzas &amp; Mi\u0161ri uogos &amp; Mango persikas<\/p>\n<\/li>\n<li data-start=\"4344\" data-end=\"4406\">\n<p data-start=\"4347\" data-end=\"4406\">M\u0117lyni\u0173 citrina &amp; Bra\u0161ki\u0173 aviet\u0117 &amp; Vaivoryk\u0161t\u0117s saldainiai<\/p>\n<\/li>\n<li data-start=\"4407\" data-end=\"4463\">\n<p data-start=\"4410\" data-end=\"4463\">Vandensmeliono kramtomoji guma &amp; Vynuogi\u0173 ledas &amp; Juodojo drakono ledas<\/p>\n<\/li>\n<li data-start=\"4464\" data-end=\"4514\">\n<p data-start=\"4467\" data-end=\"4514\">Ananaso kokosas &amp; Mi\u0161rios vaisi\u0173 &amp; Citrinos persiko<\/p>\n<\/li>\n<li data-start=\"4515\" data-end=\"4575\">\n<p data-start=\"4518\" data-end=\"4575\">Dviguba obuoli\u0173 &amp; Bra\u0161ki\u0173 banan\u0173 &amp; Avie\u010di\u0173 arb\u016bzas<\/p>\n<\/li>\n<li data-start=\"4576\" data-end=\"4624\">\n<p data-start=\"4579\" data-end=\"4624\">Vandensmeliono ledas &amp; Raudonasis bi\u010das &amp; Bra\u0161ki\u0173 kivi<\/p>\n<\/li>\n<li data-start=\"4625\" data-end=\"4680\">\n<p data-start=\"4628\" data-end=\"4680\">M\u0117lyni\u0173 ledas &amp; Bra\u0161ki\u0173 arb\u016bzas &amp; Citrinos laimas<\/p>\n<\/li>\n<li data-start=\"4681\" data-end=\"4730\">\n<p data-start=\"4685\" data-end=\"4730\">Persiko uogos &amp; Trij\u0173 melion\u0173 &amp; Vandensmeliono ledas<\/p>\n<\/li>\n<\/ol>\n<div class=\"flex-shrink-0 flex flex-col relative items-end\">\n<div class=\"pt-0\">\n<div class=\"gizmo-bot-avatar flex h-8 w-8 items-center justify-center overflow-hidden rounded-full\">\n<div class=\"relative p-1 rounded-sm flex items-center justify-center bg-token-main-surface-primary text-token-text-primary h-8 w-8\">\n<h2 data-start=\"1200\" data-end=\"1487\">Vapes Tornado \u2013 J\u016bs\u0173 didmenin\u0117 internetin\u0117 gar\u0173 parduotuv\u0117 populiariems vapes<\/h2>\n<p data-start=\"72\" data-end=\"396\"><strong data-start=\"72\" data-end=\"89\">Vapes Tornado<\/strong> yra Europai orientuota didmenin\u0117 internetin\u0117 gar\u0173 parduotuv\u0117, si\u016blanti kruop\u0161\u010diai atrinkt\u0105 <strong data-start=\"178\" data-end=\"195\">populiari\u0173 vapes<\/strong> profesionaliems pirk\u0117jams. Mes dirbame su ma\u017emenininkais, platintojais ir internetin\u0117mis parduotuv\u0117mis visoje ES, kurie reikalinga stabili tiekimo grandin\u0117, ai\u0161ki produkt\u0173 informacija ir prek\u0117s \u017eenklai, kuriuos klientai jau pa\u017e\u012fsta ir jais pasitiki.<\/p>\n<p data-start=\"398\" data-end=\"687\">Mes bendradarbiaujame su patikimais vardais, tokiais kaip <strong data-start=\"307\" data-end=\"362\"><a href=\"https:\/\/vapestornado.com\/lt\/product\/randm-12000-puffs-fumot-digital-disposable-vape-wholesale-price\/\">Fumot VAPE<\/a>, <a href=\"https:\/\/vapestornado.com\/lt\/product\/original-wga-ultra-35k-35000-puff-rechargeable-crystal-disposable-nicotine-vape-best-discount-price\/\">WGA VAPE<\/a>, <\/strong><strong data-start=\"307\" data-end=\"362\"><a href=\"https:\/\/vapestornado.com\/lt\/product\/vozol-gear-shisha-25k-25000-puffs-best-dtl-disposable-vape-hookah-cheap-price\/\">VOZOL BAR VAPE<\/a>,<\/strong><strong data-start=\"247\" data-end=\"352\">\u00a0Elf Bar Vape, WASPE Vape, <a href=\"https:\/\/vapestornado.com\/lt\/product\/uzy-150k-puffs-6-in-1-flavor-switch-disposable-vape-pen-wholesale\/\">UZY Vape<\/a>, Bang Vape, Razz Bar Vape, ir Stag Bar Vape<\/strong>, pasirinktais d\u0117l nuoseklios kokyb\u0117s ir stiprios paklausos Europos rinkoje.<\/p>\n<h4 data-start=\"1080\" data-end=\"1120\">Sukurta Europos didmeniniams pirk\u0117jams<\/h4>\n<p data-start=\"1121\" data-end=\"1189\">Vapes Tornado yra strukt\u016bruota pagal tikruosius ES didmeninink\u0173 poreikius:<\/p>\n<ul data-start=\"1190\" data-end=\"1400\">\n<li data-start=\"1190\" data-end=\"1239\">\n<p data-start=\"1192\" data-end=\"1239\">Konkurencingos didmenin\u0117s kainos didel\u0117ms u\u017esakym\u0173 partijoms<\/p>\n<\/li>\n<li data-start=\"1240\" data-end=\"1289\">\n<p data-start=\"1242\" data-end=\"1289\">Ai\u0161kios produkt\u0173 apra\u0161ymai ir technin\u0117s specifikacijos<\/p>\n<\/li>\n<li data-start=\"1290\" data-end=\"1330\">\n<p data-start=\"1292\" data-end=\"1330\">Greita, patikima ES orientuota logistika<\/p>\n<\/li>\n<li data-start=\"1331\" data-end=\"1400\">\n<p data-start=\"1333\" data-end=\"1400\">Katalogas, orientuotas \u012f <strong data-start=\"1356\" data-end=\"1373\">populiari\u0173 vapes<\/strong>, neperkrautas SKU<\/p>\n<\/li>\n<\/ul>\n<p data-start=\"1200\" data-end=\"1487\">\n<h2 data-start=\"2064\" data-end=\"2115\">Da\u017eniausiai u\u017eduodami klausimai apie FIHP 90K P\u016b\u010di\u0173 vienkartin\u012f vape<\/h2>\n<p data-start=\"5001\" data-end=\"5156\"><strong data-start=\"5001\" data-end=\"5050\">1) Ar kiekvienam vartotojui garantuojama 90 000 p\u016b\u010di\u0173?<\/strong><br data-start=\"5050\" data-end=\"5053\" \/>Ne. P\u016bst\u0173 skai\u010dius skiriasi priklausomai nuo traukimo ilgio, da\u017enio ir naudojimo stiliaus; 90 t\u016bkst. yra maksimali dizaino riba.<\/p>\n<p data-start=\"5158\" data-end=\"5316\"><strong data-start=\"5158\" data-end=\"5211\">2) Kaip veikia 3-in-1 trigubos skonio sistema?<\/strong><br data-start=\"5211\" data-end=\"5214\" \/>Vienas \u012frenginys apima tris skonius, leid\u017eian\u010dius keisti bet kada, kai norite kitokio skonio naudojimo metu.<\/p>\n<p data-start=\"5318\" data-end=\"5457\"><strong data-start=\"5318\" data-end=\"5357\">3) K\u0105 rodo i\u0161manusis ekranas?<\/strong><br data-start=\"5357\" data-end=\"5360\" \/>Jis skirtas rodyti akumuliatoriaus lyg\u012f ir e-skys\u010dio lyg\u012f, kad naudotojai gal\u0117t\u0173 patikrinti b\u016bsen\u0105 akimirksniu.<\/p>\n<p data-start=\"5459\" data-end=\"5633\"><strong data-start=\"5459\" data-end=\"5498\">4) Kod\u0117l pasirinkti 0,9\u03a9 dvigubas tinklelio ritinius?<\/strong><br data-start=\"5498\" data-end=\"5501\" \/>Dvigubi tinklelio rit\u0117s u\u017etikrina didesn\u0119 \u0161ildymo plot\u0105, kas padeda i\u0161laikyti nuoseklesn\u012f garo kiek\u012f ir skon\u012f ilg\u0105 laik\u0105 naudojant.<\/p>\n<p data-start=\"5635\" data-end=\"5802\" data-is-last-node=\"\" data-is-only-node=\"\"><strong data-start=\"5635\" data-end=\"5670\">5) Kiek trunka \u012fkrovimas?<\/strong><br data-start=\"5670\" data-end=\"5673\" \/>Type-C \u012fkrovimas trunka apie 30 minu\u010di\u0173, nors tikrasis \u012fkrovimo laikas gali skirtis priklausomai nuo maitinimo adapterio ir s\u0105lyg\u0173.<\/p>\n<\/div>\n<\/div>\n<\/div>\n<\/div>","protected":false},"excerpt":{"rendered":"<p data-start=\"5635\" data-end=\"5802\" data-is-last-node=\"\" data-is-only-node=\"\">\u0160is <strong data-start=\"37\" data-end=\"55\">FIHP 90K P\u016b\u010di\u0173<\/strong> sukurtas tiems, kurie tikisi daugiau i\u0161 vienkartin\u0117s. Su iki <strong data-start=\"121\" data-end=\"137\">90 000 p\u016b\u010di\u0173<\/strong>, a <strong data-start=\"141\" data-end=\"172\">3 viename trigubo skonio sistema<\/strong>, ir a <strong data-start=\"180\" data-end=\"196\">i\u0161manaus ekrano<\/strong> kurios leid\u017eia ai\u0161kiai matyti baterij\u0105 ir e-skyst\u012f, jis suteikia ilgalaik\u012f veikim\u0105 be \u012fprasto sp\u0117jimo. Varomas <strong data-start=\"323\" data-end=\"346\">0,9\u03a9 dvigubo tinklelio rit\u0117s<\/strong> ir greitu <strong data-start=\"356\" data-end=\"375\">Type-C \u012fkrovimu<\/strong>, \u0161is kristalo stiliaus vienkartinis pasi\u017eymi \u0161velniu skoniu, tankiu garu ir kasdieniu patikimumu\u2014tai i\u0161skirtinis pasirinkimas asmeniniam naudojimui ir didmeninei vape parduotuvei.<\/p>\n<p><strong>Prid\u0117kite Amy's whatsapp, kad gautum\u0117te tinkam\u0105 atsakym\u0105 ir nuolaidos kain\u0105!<\/strong><\/p>\n<p><img fetchpriority=\"high\" decoding=\"async\" class=\"size-full wp-image-2932\" src=\"https:\/\/vapestornado.com\/wp-content\/uploads\/2024\/12\/Vape-Wholesale.jpg\" alt=\"Garintuvai Didmenin\u0117 prekyba\" width=\"229\" height=\"300\" \/><\/p>\n<h3><a href=\"https:\/\/wa.me\/8617776015835\"><span style=\"color: #ff0000;\"><strong>WhatsApp: +86 17776015835<\/strong><\/span><\/a><\/h3>","protected":false},"featured_media":4715,"comment_status":"open","ping_status":"closed","template":"","meta":{"_acf_changed":false,"_uag_custom_page_level_css":"","_lmt_disableupdate":"no","_lmt_disable":"","_monsterinsights_skip_tracking":false,"_monsterinsights_sitenote_active":false,"_monsterinsights_sitenote_note":"","_monsterinsights_sitenote_category":0,"site-sidebar-layout":"default","site-content-layout":"","ast-site-content-layout":"default","site-content-style":"default","site-sidebar-style":"default","ast-global-header-display":"","ast-banner-title-visibility":"","ast-main-header-display":"","ast-hfb-above-header-display":"","ast-hfb-below-header-display":"","ast-hfb-mobile-header-display":"","site-post-title":"","ast-breadcrumbs-content":"","ast-featured-img":"","footer-sml-layout":"","ast-disable-related-posts":"","theme-transparent-header-meta":"default","adv-header-id-meta":"","stick-header-meta":"","header-above-stick-meta":"","header-main-stick-meta":"","header-below-stick-meta":"","astra-migrate-meta-layouts":"set","ast-page-background-enabled":"default","ast-page-background-meta":{"desktop":{"background-color":"","background-image":"","background-repeat":"repeat","background-position":"center center","background-size":"auto","background-attachment":"scroll","background-type":"","background-media":"","overlay-type":"","overlay-color":"","overlay-opacity":"","overlay-gradient":""},"tablet":{"background-color":"","background-image":"","background-repeat":"repeat","background-position":"center center","background-size":"auto","background-attachment":"scroll","background-type":"","background-media":"","overlay-type":"","overlay-color":"","overlay-opacity":"","overlay-gradient":""},"mobile":{"background-color":"","background-image":"","background-repeat":"repeat","background-position":"center center","background-size":"auto","background-attachment":"scroll","background-type":"","background-media":"","overlay-type":"","overlay-color":"","overlay-opacity":"","overlay-gradient":""}},"ast-content-background-meta":{"desktop":{"background-color":"var(--ast-global-color-5)","background-image":"","background-repeat":"repeat","background-position":"center center","background-size":"auto","background-attachment":"scroll","background-type":"","background-media":"","overlay-type":"","overlay-color":"","overlay-opacity":"","overlay-gradient":""},"tablet":{"background-color":"var(--ast-global-color-5)","background-image":"","background-repeat":"repeat","background-position":"center center","background-size":"auto","background-attachment":"scroll","background-type":"","background-media":"","overlay-type":"","overlay-color":"","overlay-opacity":"","overlay-gradient":""},"mobile":{"background-color":"var(--ast-global-color-5)","background-image":"","background-repeat":"repeat","background-position":"center center","background-size":"auto","background-attachment":"scroll","background-type":"","background-media":"","overlay-type":"","overlay-color":"","overlay-opacity":"","overlay-gradient":""}},"_joinchat":[]},"product_brand":[],"product_cat":[154,156,158,142,146,60],"product_tag":[387,120,287,505,504,503,393],"class_list":{"0":"post-4716","1":"product","2":"type-product","3":"status-publish","4":"has-post-thumbnail","6":"product_cat-buy-disposable-vapes-in-netherlands","7":"product_cat-buy-disposable-vapes-in-poland","8":"product_cat-buy-disposable-vapes-in-spain","9":"product_cat-digital-box-disposable-vapes","10":"product_cat-rechargeable-disposable-vapes","11":"product_cat-waspe-fihp-vape","12":"product_tag-cigarette-vapor","13":"product_tag-crystal-vape","14":"product_tag-disposable-vape-pen","15":"product_tag-fihp-90000-puff","16":"product_tag-fihp-90k-puffs","17":"product_tag-multi-flavor-disposable-vape","18":"product_tag-vape-cartridge","19":"desktop-align-left","20":"tablet-align-left","21":"mobile-align-left","23":"first","24":"instock","25":"sale","26":"shipping-taxable","27":"purchasable","28":"product-type-simple"},"acf":[],"uagb_featured_image_src":{"full":["https:\/\/vapestornado.com\/wp-content\/uploads\/2025\/12\/FIHP-90000-Puff-90k-Disposable-Vape-Pod.webp",800,800,false],"thumbnail":["https:\/\/vapestornado.com\/wp-content\/uploads\/2025\/12\/FIHP-90000-Puff-90k-Disposable-Vape-Pod-150x150.webp",150,150,true],"medium":["https:\/\/vapestornado.com\/wp-content\/uploads\/2025\/12\/FIHP-90000-Puff-90k-Disposable-Vape-Pod-300x300.webp",300,300,true],"medium_large":["https:\/\/vapestornado.com\/wp-content\/uploads\/2025\/12\/FIHP-90000-Puff-90k-Disposable-Vape-Pod-768x768.webp",768,768,true],"large":["https:\/\/vapestornado.com\/wp-content\/uploads\/2025\/12\/FIHP-90000-Puff-90k-Disposable-Vape-Pod.webp",800,800,false],"1536x1536":["https:\/\/vapestornado.com\/wp-content\/uploads\/2025\/12\/FIHP-90000-Puff-90k-Disposable-Vape-Pod.webp",800,800,false],"2048x2048":["https:\/\/vapestornado.com\/wp-content\/uploads\/2025\/12\/FIHP-90000-Puff-90k-Disposable-Vape-Pod.webp",800,800,false],"trp-custom-language-flag":["https:\/\/vapestornado.com\/wp-content\/uploads\/2025\/12\/FIHP-90000-Puff-90k-Disposable-Vape-Pod-12x12.webp",12,12,true],"woocommerce_thumbnail":["https:\/\/vapestornado.com\/wp-content\/uploads\/2025\/12\/FIHP-90000-Puff-90k-Disposable-Vape-Pod-300x300.webp",300,300,true],"woocommerce_single":["https:\/\/vapestornado.com\/wp-content\/uploads\/2025\/12\/FIHP-90000-Puff-90k-Disposable-Vape-Pod-600x600.webp",600,600,true],"woocommerce_gallery_thumbnail":["https:\/\/vapestornado.com\/wp-content\/uploads\/2025\/12\/FIHP-90000-Puff-90k-Disposable-Vape-Pod-100x100.webp",100,100,true]},"uagb_author_info":{"display_name":"ESAMY","author_link":"https:\/\/vapestornado.com\/lt\/author\/"},"uagb_comment_info":0,"uagb_excerpt":"The FIHP 90K Puffs is built for those who expect more from a disposable. With up to 90,000 puffs, a 3-in-1 triple flavor system, and a smart screen that keeps battery and e-liquid in clear view, it delivers long-lasting performance without the usual guesswork. Powered by a 0.9\u03a9 dual mesh coil and fast Type-C charging,&hellip;","_links":{"self":[{"href":"https:\/\/vapestornado.com\/lt\/wp-json\/wp\/v2\/product\/4716","targetHints":{"allow":["GET"]}}],"collection":[{"href":"https:\/\/vapestornado.com\/lt\/wp-json\/wp\/v2\/product"}],"about":[{"href":"https:\/\/vapestornado.com\/lt\/wp-json\/wp\/v2\/types\/product"}],"replies":[{"embeddable":true,"href":"https:\/\/vapestornado.com\/lt\/wp-json\/wp\/v2\/comments?post=4716"}],"wp:featuredmedia":[{"embeddable":true,"href":"https:\/\/vapestornado.com\/lt\/wp-json\/wp\/v2\/media\/4715"}],"wp:attachment":[{"href":"https:\/\/vapestornado.com\/lt\/wp-json\/wp\/v2\/media?parent=4716"}],"wp:term":[{"taxonomy":"product_brand","embeddable":true,"href":"https:\/\/vapestornado.com\/lt\/wp-json\/wp\/v2\/product_brand?post=4716"},{"taxonomy":"product_cat","embeddable":true,"href":"https:\/\/vapestornado.com\/lt\/wp-json\/wp\/v2\/product_cat?post=4716"},{"taxonomy":"product_tag","embeddable":true,"href":"https:\/\/vapestornado.com\/lt\/wp-json\/wp\/v2\/product_tag?post=4716"}],"curies":[{"name":"wp","href":"https:\/\/api.w.org\/{rel}","templated":true}]}}