{"id":4702,"date":"2025-12-19T06:49:15","date_gmt":"2025-12-19T06:49:15","guid":{"rendered":"https:\/\/vapestornado.com\/?post_type=product&#038;p=4702"},"modified":"2025-12-22T09:50:48","modified_gmt":"2025-12-22T09:50:48","slug":"okso-120k-120000-puffs-6-in-1-multiple-flavors-screen-digital-display-disposable-vaper","status":"publish","type":"product","link":"https:\/\/vapestornado.com\/lt\/product\/okso-120k-120000-puffs-6-in-1-multiple-flavors-screen-digital-display-disposable-vaper\/","title":{"rendered":"OKSO 120k 120000 P\u016b\u010di\u0173 6-in-1 Daugyb\u0117 Skoni\u0173 Skaitmeninis Ekranas Vienkartinis Vaperis"},"content":{"rendered":"<h2 data-pm-slice=\"1 1 []\">OKSO 120k 120000 P\u016b\u010di\u0173 6-in-1 Daugyb\u0117 Skoni\u0173 Skaitmeninis Ekranas Vienkartinis Vaperis<\/h2>\n<p data-start=\"84\" data-end=\"483\">\u0160is <strong data-start=\"88\" data-end=\"106\">OKSO 120 t\u016bkst. p\u016btim\u0173<\/strong> (taip pat \u017einomas kaip <strong data-start=\"122\" data-end=\"143\">patikimu didmeniniu tiek\u0117ju.<\/strong>) yra didel\u0117s talpos <strong data-start=\"164\" data-end=\"184\">Vienkartinis Vape \u012frenginys<\/strong> OKSO 120000 P\u016b\u010di\u0173 <strong data-start=\"331\" data-end=\"364\">sukurtas suaugusiems vartotojams, kurie nori ilgalaikio naudojimo, ai\u0161kios \u012frenginio gr\u012f\u017etamosios informacijos ir skonio lankstumo viename tvirte \u012frenginyje. \u0160is modelis sukurtas aplink<\/strong>, a <strong data-start=\"368\" data-end=\"387\">skaitmeninis ekranas<\/strong>6 viename daugelio skoni\u0173 sistem\u0105<\/p>\n<p data-start=\"485\" data-end=\"734\">, ir strukt\u016bri\u0161kai i\u0161d\u0117styt\u0105 vidin\u0119 i\u0161d\u0117stym\u0105, kuris palaiko ilgalaik\u012f naudojim\u0105 be neai\u0161ki\u0173 pa\u017ead\u0173.<\/p>\n<h3 data-start=\"741\" data-end=\"772\">U\u017euot d\u0117mesio i\u0161vaizdai ar mados tendencijoms, OKSO 120k yra sukurtas remiantis tuo, kaip \u017emon\u0117s i\u0161 tikr\u0173j\u0173 naudoja auk\u0161to p\u016btimo \u012frengin\u012f laikui b\u0117gant: da\u017enas kasdienis naudojimas, kei\u010diasi skonio pageidavimai ir poreikis suprasti, k\u0105 \u012frenginys daro bet kuriuo momentu.<\/h3>\n<p data-start=\"774\" data-end=\"930\">\u00a0Kod\u0117l \u0161is OKSO 120K Vape \u012frenginys tampa populiarus? <strong data-start=\"871\" data-end=\"887\">120000 p\u016btim\u0173<\/strong> \u012erenginys, \u012fvertintas<\/p>\n<ul data-start=\"932\" data-end=\"1451\">\n<li data-start=\"932\" data-end=\"1111\">\n<p data-start=\"934\" data-end=\"1111\"><strong data-start=\"934\" data-end=\"977\">Trij\u0173 tinklelio rit\u0117s sistema (Tinklelio rit\u0117 \u00d73):<\/strong> daugybiniai tinklelio branduoliai padeda tolygiau paskirstyti \u0161ilum\u0105, kai skystis yra naudojamas, kas palaiko stabilesn\u012f garo kiek\u012f ilgalaikio naudojimo metu.<\/p>\n<\/li>\n<li data-start=\"1112\" data-end=\"1258\">\n<p data-start=\"1114\" data-end=\"1258\"><strong data-start=\"1114\" data-end=\"1152\">Trys e-skaidymo kamer\u0173 (20 ml \u00d73):<\/strong> skys\u010dio t\u016bris yra padalintas, kad b\u016bt\u0173 u\u017etikrintas nuoseklus tiekimas, o ne priklausoma nuo vieno didelio bako.<\/p>\n<\/li>\n<li data-start=\"1259\" data-end=\"1451\">\n<p data-start=\"1261\" data-end=\"1451\"><strong data-start=\"1261\" data-end=\"1301\">850mAh akumuliatorius su skaitmeniniu rodmeniu:<\/strong> akumuliatoriaus talpa yra suderinta su \u012fprastu kasdieniu naudojimu, o <strong data-start=\"1366\" data-end=\"1385\">Skaitmeninis ekranas<\/strong> rodo realaus laiko \u012frenginio b\u016bsen\u0105, suma\u017eindamas neapibr\u0117\u017etum\u0105 vartotojui.<\/p>\n<\/li>\n<li data-start=\"1696\" data-end=\"1852\">\n<p data-start=\"1698\" data-end=\"1852\"><strong data-start=\"1698\" data-end=\"1733\">6-in-1 reguliuojama skonio sistema<\/strong> leid\u017eia vartotojams keisti skonio variantus viename \u012frenginyje, padedant i\u0161vengti skonio nuovargio ilgalaikio naudojimo metu.<\/p>\n<\/li>\n<li data-start=\"1853\" data-end=\"1964\">\n<p data-start=\"1855\" data-end=\"1964\"><strong data-start=\"1855\" data-end=\"1874\">Skaitmeninis ekranas<\/strong> teikia matom\u0105 gr\u012f\u017etam\u0105j\u012f ry\u0161\u012f vietoj sp\u0117jimo, kai garo stiprumas kei\u010diasi.<\/p>\n<\/li>\n<li data-start=\"1965\" data-end=\"2065\">\n<p data-start=\"1967\" data-end=\"2065\"><strong data-start=\"1967\" data-end=\"1989\">Auk\u0161tas p\u016btimo talpa<\/strong> suma\u017eina da\u017en\u012f, kada reikalinga keitimas, kas svarbu reguliariems vartotojams.<\/p>\n<\/li>\n<\/ul>\n<p>Vartotojams ir platintojams \u0161ie patys punktai padaro \u012frengin\u012f lengviau paai\u0161kinti, lengviau palaikyti ir tinkam\u0105 <strong data-start=\"2188\" data-end=\"2210\">Didmeninis tiek\u0117jas<\/strong> kanalams, kurie konkuruoja d\u0117l <strong data-start=\"2236\" data-end=\"2251\">Pigus kainos<\/strong> neaukojant patikimumo.<\/p>\n<p><strong><span style=\"color: #ff0000;\">Prid\u0117kite Amy whatsapp, gaukite tiesiogin\u012f atsakym\u0105 ir kupon\u0105 veipui!<\/span><\/strong><\/p>\n<p><img fetchpriority=\"high\" decoding=\"async\" class=\"size-full wp-image-2932\" src=\"https:\/\/vapestornado.com\/wp-content\/uploads\/2024\/12\/Vape-Wholesale.jpg\" alt=\"Garintuvai Didmenin\u0117 prekyba\" width=\"229\" height=\"300\" \/><\/p>\n<h3><a href=\"https:\/\/wa.me\/8617776015835\" target=\"_blank\" rel=\"noopener\"><span style=\"color: #ff0000;\"><strong>WhatsApp: +86 17776015835<\/strong><\/span><\/a><\/h3>\n<p>&nbsp;<\/p>\n<h2><strong>OKSO 120k 120000 P\u016btim\u0173 produkto savyb\u0117s<\/strong><\/h2>\n<table>\n<thead>\n<tr>\n<th>Funkcija<\/th>\n<th>Specifikacija<\/th>\n<th>Apra\u0161ymas<\/th>\n<\/tr>\n<\/thead>\n<tbody>\n<tr>\n<td>Prek\u0117s \u017eenklas<\/td>\n<td>OKSO<\/td>\n<td>\u012ek\u016brta vape prek\u0117s \u017eenklas, orientuotas \u012f didel\u0117s talpos vienkartinius \u012frenginius.<\/td>\n<\/tr>\n<tr>\n<td>\u012ep\u016btim\u0173 talpa<\/td>\n<td>Iki 120000 \u012fkv\u0117pim\u0173<\/td>\n<td>Sukurtas ilgalaikiam naudojimui; faktinis \u012fkv\u0117pim\u0173 skai\u010dius priklauso nuo traukimo ilgumo ir naudojimo \u012fpro\u010di\u0173.<\/td>\n<\/tr>\n<tr>\n<td>Vamzdelio strukt\u016bra<\/td>\n<td>Tinklelio rit\u0117 \u00d73<\/td>\n<td>Daugiasluoksn\u0117s tinklelio \u0161erdys padeda tolygiai paskirstyti \u0161ilum\u0105, u\u017etikrinant stabilesn\u012f garo i\u0161\u0117jim\u0105 laikui b\u0117gant.<\/td>\n<\/tr>\n<tr>\n<td>E. skys\u010dio talpa<\/td>\n<td>20ml \u00d73<\/td>\n<td>Padalinti skys\u010dio kamer\u0173 palaiko nuosekl\u0173 tiekim\u0105 ilgalaikio naudojimo ciklais.<\/td>\n<\/tr>\n<tr>\n<td>Nikotino pasirinkimai<\/td>\n<td>2% \/ 5%<\/td>\n<td>Dvi stiprumo parinktys, skirtos skirtingiems suaugusi\u0173j\u0173 pageidavimams (rinkos priklausomai).<\/td>\n<\/tr>\n<tr>\n<td>Baterijos talpa<\/td>\n<td>850 mAh<\/td>\n<td>Palaiko \u012fprast\u0105 kasdien\u012f naudojim\u0105 ir stabil\u0173 i\u0161\u0117jim\u0105 ilg\u0173 sesij\u0173 metu.<\/td>\n<\/tr>\n<tr>\n<td>Ekranas<\/td>\n<td>Skaitmeninis ekranas<\/td>\n<td>Ai\u0161kiai rodo \u012frenginio b\u016bsen\u0105, suma\u017eindamas neai\u0161kum\u0105 naudojimo metu.<\/td>\n<\/tr>\n<tr>\n<td>Skonio sistema<\/td>\n<td>6-in-1 reguliuojamas skonis<\/td>\n<td>Leid\u017eia keisti keli\u0173 skoni\u0173 derinius viename \u012frenginyje.<\/td>\n<\/tr>\n<tr>\n<td>Produkto svoris<\/td>\n<td>166g<\/td>\n<td>Tvirtas korpusas, skirtas didel\u0117s talpos naudojimui.<\/td>\n<\/tr>\n<tr>\n<td>Produkto dydis<\/td>\n<td>51 \u00d7 51 \u00d7 131mm<\/td>\n<td>Kompakti\u0161kas savo talpai, tuo pa\u010diu laikydamas vidin\u0119 strukt\u016br\u0105.<\/td>\n<\/tr>\n<\/tbody>\n<\/table>\n<figure id=\"attachment_4705\" aria-describedby=\"caption-attachment-4705\" style=\"width: 300px\" class=\"wp-caption alignnone\"><img decoding=\"async\" class=\"size-medium wp-image-4705\" src=\"https:\/\/vapestornado.com\/wp-content\/uploads\/2025\/12\/OKSO-120K-120000-Puff-Disposable-Vape-POD-300x300.webp\" alt=\"OKSO 120K 120000 \u012fkv\u0117pim\u0173 vienkartinis vape POD\" width=\"300\" height=\"300\" srcset=\"https:\/\/vapestornado.com\/wp-content\/uploads\/2025\/12\/OKSO-120K-120000-Puff-Disposable-Vape-POD-300x300.webp 300w, https:\/\/vapestornado.com\/wp-content\/uploads\/2025\/12\/OKSO-120K-120000-Puff-Disposable-Vape-POD-150x150.webp 150w, https:\/\/vapestornado.com\/wp-content\/uploads\/2025\/12\/OKSO-120K-120000-Puff-Disposable-Vape-POD-768x768.webp 768w, https:\/\/vapestornado.com\/wp-content\/uploads\/2025\/12\/OKSO-120K-120000-Puff-Disposable-Vape-POD-12x12.webp 12w, https:\/\/vapestornado.com\/wp-content\/uploads\/2025\/12\/OKSO-120K-120000-Puff-Disposable-Vape-POD-600x600.webp 600w, https:\/\/vapestornado.com\/wp-content\/uploads\/2025\/12\/OKSO-120K-120000-Puff-Disposable-Vape-POD-100x100.webp 100w, https:\/\/vapestornado.com\/wp-content\/uploads\/2025\/12\/OKSO-120K-120000-Puff-Disposable-Vape-POD.webp 800w\" sizes=\"(max-width: 300px) 100vw, 300px\" \/><figcaption id=\"caption-attachment-4705\" class=\"wp-caption-text\">OKSO 120K 120000 \u012fkv\u0117pim\u0173 vienkartinis vape POD<\/figcaption><\/figure>\n<h2 class=\"product-title\"><strong>OKSO 120k 120000 P\u016bku\u010di\u0173 Skoni\u0173 S\u0105ra\u0161as<\/strong><\/h2>\n<p data-start=\"2550\" data-end=\"2736\">Kiekvienas OKSO 120k \u012frenginys apima <strong data-start=\"4483\" data-end=\"4502\">10 skoni\u0173 rinkini\u0173<\/strong>, ir kiekvienas rinkinys turi <strong data-start=\"4526\" data-end=\"4545\">3 bazinius skonius<\/strong> ir 3 derinius skonius, kurie gali b\u016bti naudojami atskirai arba kaip poros deriniai. \u0160i strukt\u016bra leid\u017eia keisti skonius nesikei\u010diant \u012frenginiui ir apima vaisi\u0173, led\u0173, saldaini\u0173, g\u0117rim\u0173 ir mi\u0161ri\u0173 profili\u0173, da\u017enai m\u0117gstam\u0173 Europos rinkose.<\/p>\n<p data-start=\"238\" data-end=\"252\">1. Bra\u0161ki\u0173 Ledas \/ Lush Ledas \/ Mamba<br data-start=\"290\" data-end=\"293\" \/>Bra\u0161ki\u0173 Ledas + Lush Ledas \/ Mamba + Bra\u0161ki\u0173 Ledas \/ Lush Ledas + Mamba<\/p>\n<p data-start=\"369\" data-end=\"383\">2. Bra\u0161ki\u0173 Gumin\u0117 Me\u0161kiuk\u0117 \/ Ananas\u0173 Ledas \/ M\u0117lynas Razz Lemonaidas<br data-start=\"446\" data-end=\"449\" \/>Bra\u0161ki\u0173 Gumin\u0117 Me\u0161kiuk\u0117 + Ananas\u0173 Ledas \/ Bra\u0161ki\u0173 Gumin\u0117 Me\u0161kiuk\u0117 + M\u0117lynas Razz Lemonaidas \/ M\u0117lynas Razz Lemonaidas + Ananas\u0173 Ledas<\/p>\n<p data-start=\"575\" data-end=\"589\">3. M\u0117lynas Razz \/ Citrusin\u0117 Limonada \/ Vy\u0161ni\u0173 Ledas<br data-start=\"629\" data-end=\"632\" \/>M\u0117lynas Razz + Vy\u0161ni\u0173 Ledas \/ M\u0117lynas Razz + Citrusin\u0117 Limonada \/ Citrusin\u0117 Limonada + Vy\u0161ni\u0173 Ledas<\/p>\n<p data-start=\"712\" data-end=\"726\">4. Kivi, Pasiflor\u0173, Guava \/ Drakono Vaisi\u0173 Ledas \/ M\u0117lynosios m\u0117lyn\u0117s Ledas<br data-start=\"790\" data-end=\"793\" \/>Kivi, Pasiflor\u0173, Guava + M\u0117lynosios m\u0117lyn\u0117s Ledas \/ Kivi, Pasiflor\u0173, Guava + Drakono Vaisi\u0173 Ledas \/ Drakono Vaisi\u0173 Ledas + M\u0117lynosios m\u0117lyn\u0117s Ledas<\/p>\n<p data-start=\"921\" data-end=\"935\">5. Du obuoliai \/ Fanta \/ Red Bull<br data-start=\"968\" data-end=\"971\" \/>Du obuoliai + Red Bull \/ Du obuoliai + Fanta \/ Fanta + Red Bull<\/p>\n<p data-start=\"1037\" data-end=\"1051\">6. R\u016bg\u0161tus obuolys, apelsinas \/ Juodieji serbentai \/ Vynuog\u0117s Ledas<br data-start=\"1101\" data-end=\"1104\" \/>R\u016bg\u0161tus obuolys, apelsinas + Vynuog\u0117s Ledas \/ R\u016bg\u0161tus obuolys, apelsinas + Juodieji serbentai \/ Juodieji serbentai + Vynuog\u0117s Ledas<\/p>\n<p data-start=\"1204\" data-end=\"1218\">7. Bra\u0161ki\u0173 arb\u016bzas \/ Mango Ledas \/ Persik\u0173 Ledas<br data-start=\"1268\" data-end=\"1271\" \/>Bra\u0161ki\u0173 arb\u016bzas + Persik\u0173 Ledas \/ Bra\u0161ki\u0173 arb\u016bzas + Mango Ledas \/ Mango Ledas + Persik\u0173 Ledas<\/p>\n<p data-start=\"1371\" data-end=\"1385\">8. Bra\u0161k\u0117 Rie\u0161utas \/ Kivi Vaisius \/ Bra\u0161k\u0117 Mango<br data-start=\"1442\" data-end=\"1445\" \/>Bra\u0161k\u0117 Rie\u0161utas + Bra\u0161k\u0117 Mango \/ Bra\u0161k\u0117 Rie\u0161utas + Kivi Vaisius \/ Kivi Vaisius + Bra\u0161k\u0117 Mango<\/p>\n<p data-start=\"1559\" data-end=\"1573\">9. Bra\u0161k\u0117 Kivi \/ \u0160aldyta M\u0117t\u0173 \/ M\u0117lyni\u0173 Persik\u0173 Ledas<br data-start=\"1627\" data-end=\"1630\" \/>Bra\u0161k\u0117 Kivi + M\u0117lyni\u0173 Persik\u0173 Ledas \/ Bra\u0161k\u0117 Kivi + \u0160aldyta M\u0117t\u0173 \/ \u0160aldyta M\u0117t\u0173 + M\u0117lyni\u0173 Persik\u0173 Ledas<\/p>\n<p data-start=\"1738\" data-end=\"1753\">10. Obuolys Kriau\u0161\u0117s \/ Mi\u0161rios Uogos \/ Bra\u0161k\u0117 Granatas<br data-start=\"1810\" data-end=\"1813\" \/>Obuolys Kriau\u0161\u0117s + Bra\u0161k\u0117 Granatas \/ Obuolys Kriau\u0161\u0117s + Mi\u0161rios Uogos \/ Mi\u0161rios Uogos + Obuolys Kriau\u0161\u0117s<\/p>\n<div class=\"flex-shrink-0 flex flex-col relative items-end\">\n<div class=\"pt-0\">\n<div class=\"gizmo-bot-avatar flex h-8 w-8 items-center justify-center overflow-hidden rounded-full\">\n<div class=\"relative p-1 rounded-sm flex items-center justify-center bg-token-main-surface-primary text-token-text-primary h-8 w-8\">\n<h2 data-start=\"1200\" data-end=\"1487\">Vapes Tornado \u2013 J\u016bs\u0173 didmenin\u0117 internetin\u0117 vape parduotuv\u0117 su geriausiais vape preki\u0173 \u017eenklais<\/h2>\n<p data-start=\"1200\" data-end=\"1487\"><strong data-start=\"141\" data-end=\"177\">Vapes Tornado Internetin\u0117 R\u016bkymo Parduotuv\u0117<\/strong> yra j\u016bs\u0173 patikimas \u0161altinis <strong data-start=\"205\" data-end=\"270\">premium vienkartiniai vape ir didmenin\u0117s elektronin\u0117s cigaret\u0117s Europoje<\/strong>. Mes si\u016blome populiariausias prekes kaip <strong data-start=\"307\" data-end=\"362\"><a href=\"https:\/\/vapestornado.com\/lt\/product\/randm-12000-puffs-fumot-digital-disposable-vape-wholesale-price\/\">Fumot VAPE<\/a>, <a href=\"https:\/\/vapestornado.com\/lt\/product\/original-wga-ultra-35k-35000-puff-rechargeable-crystal-disposable-nicotine-vape-best-discount-price\/\">WGA VAPE<\/a>, <\/strong><strong data-start=\"307\" data-end=\"362\"><a href=\"https:\/\/vapestornado.com\/lt\/product\/vozol-gear-shisha-25k-25000-puffs-best-dtl-disposable-vape-hookah-cheap-price\/\">VOZOL BAR VAPE<\/a>, \u00a0 Bang Vape<\/strong>, ir daugiau, u\u017etikrinant kokyb\u0119 ir \u012fvairov\u0119 kiekvienam klientui. Nesvarbu, ar esate individualus vartotojas ar didmeninis pirk\u0117jas, mes pristatome <strong data-start=\"481\" data-end=\"550\">auk\u0161tos kokyb\u0117s \u012frenginius, stilingus dizainus ir konkurencingas kainas<\/strong> kad atitikt\u0173 j\u016bs\u0173 poreikius.<\/p>\n<h2 data-start=\"2064\" data-end=\"2115\">DUK apie OKSO 120k 120000 P\u016bst\u0173 Vienkartin\u012f Vape<\/h2>\n<p data-start=\"5010\" data-end=\"5178\"><strong data-start=\"5010\" data-end=\"5059\">1) Ar kiekvienam vartotojui garantuojama 120000 p\u016btim\u0173?<\/strong><br data-start=\"5059\" data-end=\"5062\" \/>Ne. P\u016bst\u0173 skai\u010dius priklauso nuo traukimo ilgumo, da\u017enumo ir individualaus naudojimo stiliaus. Tai yra maksimali projektavimo riba.<\/p>\n<p data-start=\"5180\" data-end=\"5363\"><strong data-start=\"5180\" data-end=\"5227\">2) K\u0105 rei\u0161kia 6-in-1 reguliuojamas skoni\u0173 pasirinkimas?<\/strong><br data-start=\"5227\" data-end=\"5230\" \/>Tai rei\u0161kia, kad vienas \u012frenginys leid\u017eia keisti tarp keli\u0173 skoni\u0173 variant\u0173 ir kombinacij\u0173, padedant suma\u017einti skonio nuovarg\u012f ilgalaikio naudojimo metu.<\/p>\n<p data-start=\"5365\" data-end=\"5536\"><strong data-start=\"5365\" data-end=\"5414\">3) Kod\u0117l \u0161iame \u012frenginyje naudojamos trys tinklelio rit\u0117s?<\/strong><br data-start=\"5414\" data-end=\"5417\" \/>Naudojant kelias tinklelio rit\u0117s padeda tolygiau paskirstyti \u0161ilum\u0105, palaikant nuosekl\u0173 garo kiek\u012f ilgalaikio naudojimo metu.<\/p>\n<p data-start=\"5538\" data-end=\"5709\"><strong data-start=\"5538\" data-end=\"5592\">4) Koki\u0105 informacij\u0105 rodo Skaitmeninis ekranas?<\/strong><br data-start=\"5592\" data-end=\"5595\" \/>Ekranas suteikia matom\u0105 \u012frenginio b\u016bsen\u0105, kad vartotojai gal\u0117t\u0173 geriau suprasti veikimo poky\u010dius vietoj sp\u0117jimo.<\/p>\n<p data-start=\"5711\" data-end=\"5913\"><strong data-start=\"5711\" data-end=\"5766\">5) Ar \u0161is produktas tinka didmeninei pirkimui?<\/strong><br data-start=\"5766\" data-end=\"5769\" \/>Taip. Funkcij\u0173 rinkinys, stabilus veikimo dizainas ir kainodaros strukt\u016bra daro j\u012f tinkamu <strong data-start=\"5861\" data-end=\"5883\">Didmeninis tiek\u0117jas<\/strong> platinti ir didmenin\u0117ms u\u017esakymams.<\/p>\n<p data-start=\"5915\" data-end=\"6067\" data-is-last-node=\"\" data-is-only-node=\"\">Jei norite, galiu paruo\u0161ti ir <strong data-start=\"5949\" data-end=\"5974\">trump\u0105 B2B s\u0105ra\u0161\u0105<\/strong>, a <strong data-start=\"5978\" data-end=\"6007\">specifikacijos tik techninis lapas<\/strong>, arba <strong data-start=\"6014\" data-end=\"6041\">rinkos specifin\u0117 versija<\/strong> skirtas skirtingoms ES regionams.<\/p>\n<\/div>\n<\/div>\n<\/div>\n<\/div>","protected":false},"excerpt":{"rendered":"<p data-start=\"3411\" data-end=\"3490\">\u0160is <strong data-start=\"35\" data-end=\"53\">OKSO 120 t\u016bkst. p\u016btim\u0173<\/strong> yra didel\u0117s talpos <strong data-start=\"73\" data-end=\"93\">Vienkartinis Vape \u012frenginys<\/strong> pateikia iki <strong data-start=\"111\" data-end=\"127\">120000 p\u016btim\u0173<\/strong> su <strong data-start=\"135\" data-end=\"161\">6 viename daugelio skoni\u0173<\/strong> reguliuojama sistema. Ji pasi\u017eymi <strong data-start=\"195\" data-end=\"214\">skaitmeninis ekranas<\/strong>, <strong data-start=\"216\" data-end=\"237\">trigubomis tinklelio rit\u0117mis<\/strong>, <strong data-start=\"239\" data-end=\"269\">20 ml \u00d7 3 e-skys\u010dio talpa<\/strong>, ir <strong data-start=\"278\" data-end=\"296\">850 mAh baterija<\/strong> stabiliam, ilgalaikiam veikimui. Sukurtas suaugusiems vartotojams ir didmeninei tiekimui, <strong data-start=\"383\" data-end=\"427\">OKSO 120000 P\u016b\u010di\u0173 Vienkartinis Elektroninis Cigaretes<\/strong>\u00a0si\u016blo prakti\u0161k\u0105 skonio kontrol\u0119 <strong data-start=\"466\" data-end=\"481\">gera kaina<\/strong>su <strong data-start=\"502\" data-end=\"516\">, su galimybe<\/strong> pirkti internetu<\/p>\n<p><strong>Prid\u0117kite Amy's whatsapp, kad gautum\u0117te tinkam\u0105 atsakym\u0105 ir nuolaidos kain\u0105!<\/strong><\/p>\n<p><img fetchpriority=\"high\" decoding=\"async\" class=\"size-full wp-image-2932\" src=\"https:\/\/vapestornado.com\/wp-content\/uploads\/2024\/12\/Vape-Wholesale.jpg\" alt=\"Garintuvai Didmenin\u0117 prekyba\" width=\"229\" height=\"300\" \/><\/p>\n<h3><a href=\"https:\/\/wa.me\/8617776015835\"><span style=\"color: #ff0000;\"><strong>WhatsApp: +86 17776015835<\/strong><\/span><\/a><\/h3>","protected":false},"featured_media":4707,"comment_status":"open","ping_status":"closed","template":"","meta":{"_acf_changed":false,"_uag_custom_page_level_css":"","_lmt_disableupdate":"no","_lmt_disable":"","_monsterinsights_skip_tracking":false,"_monsterinsights_sitenote_active":false,"_monsterinsights_sitenote_note":"","_monsterinsights_sitenote_category":0,"site-sidebar-layout":"default","site-content-layout":"","ast-site-content-layout":"default","site-content-style":"default","site-sidebar-style":"default","ast-global-header-display":"","ast-banner-title-visibility":"","ast-main-header-display":"","ast-hfb-above-header-display":"","ast-hfb-below-header-display":"","ast-hfb-mobile-header-display":"","site-post-title":"","ast-breadcrumbs-content":"","ast-featured-img":"","footer-sml-layout":"","ast-disable-related-posts":"","theme-transparent-header-meta":"default","adv-header-id-meta":"","stick-header-meta":"","header-above-stick-meta":"","header-main-stick-meta":"","header-below-stick-meta":"","astra-migrate-meta-layouts":"set","ast-page-background-enabled":"default","ast-page-background-meta":{"desktop":{"background-color":"","background-image":"","background-repeat":"repeat","background-position":"center center","background-size":"auto","background-attachment":"scroll","background-type":"","background-media":"","overlay-type":"","overlay-color":"","overlay-opacity":"","overlay-gradient":""},"tablet":{"background-color":"","background-image":"","background-repeat":"repeat","background-position":"center center","background-size":"auto","background-attachment":"scroll","background-type":"","background-media":"","overlay-type":"","overlay-color":"","overlay-opacity":"","overlay-gradient":""},"mobile":{"background-color":"","background-image":"","background-repeat":"repeat","background-position":"center center","background-size":"auto","background-attachment":"scroll","background-type":"","background-media":"","overlay-type":"","overlay-color":"","overlay-opacity":"","overlay-gradient":""}},"ast-content-background-meta":{"desktop":{"background-color":"var(--ast-global-color-5)","background-image":"","background-repeat":"repeat","background-position":"center center","background-size":"auto","background-attachment":"scroll","background-type":"","background-media":"","overlay-type":"","overlay-color":"","overlay-opacity":"","overlay-gradient":""},"tablet":{"background-color":"var(--ast-global-color-5)","background-image":"","background-repeat":"repeat","background-position":"center center","background-size":"auto","background-attachment":"scroll","background-type":"","background-media":"","overlay-type":"","overlay-color":"","overlay-opacity":"","overlay-gradient":""},"mobile":{"background-color":"var(--ast-global-color-5)","background-image":"","background-repeat":"repeat","background-position":"center center","background-size":"auto","background-attachment":"scroll","background-type":"","background-media":"","overlay-type":"","overlay-color":"","overlay-opacity":"","overlay-gradient":""}},"_joinchat":[]},"product_brand":[],"product_cat":[347,153,158,142,144,146,60],"product_tag":[387,287,503,502,501,393],"class_list":{"0":"post-4702","1":"product","2":"type-product","3":"status-publish","4":"has-post-thumbnail","6":"product_cat-120000-puff","7":"product_cat-buy-disposable-vapes-in-italy","8":"product_cat-buy-disposable-vapes-in-spain","9":"product_cat-digital-box-disposable-vapes","10":"product_cat-low-nicotine-disposable-vapes","11":"product_cat-rechargeable-disposable-vapes","12":"product_cat-waspe-fihp-vape","13":"product_tag-cigarette-vapor","14":"product_tag-disposable-vape-pen","15":"product_tag-multi-flavor-disposable-vape","16":"product_tag-okso-120000-puff","17":"product_tag-okso-120k","18":"product_tag-vape-cartridge","19":"desktop-align-left","20":"tablet-align-left","21":"mobile-align-left","23":"first","24":"instock","25":"sale","26":"shipping-taxable","27":"purchasable","28":"product-type-simple"},"acf":[],"uagb_featured_image_src":{"full":["https:\/\/vapestornado.com\/wp-content\/uploads\/2025\/12\/OKSO-120K-120000-Puff-Disposable-Vaper.webp",800,800,false],"thumbnail":["https:\/\/vapestornado.com\/wp-content\/uploads\/2025\/12\/OKSO-120K-120000-Puff-Disposable-Vaper-150x150.webp",150,150,true],"medium":["https:\/\/vapestornado.com\/wp-content\/uploads\/2025\/12\/OKSO-120K-120000-Puff-Disposable-Vaper-300x300.webp",300,300,true],"medium_large":["https:\/\/vapestornado.com\/wp-content\/uploads\/2025\/12\/OKSO-120K-120000-Puff-Disposable-Vaper-768x768.webp",768,768,true],"large":["https:\/\/vapestornado.com\/wp-content\/uploads\/2025\/12\/OKSO-120K-120000-Puff-Disposable-Vaper.webp",800,800,false],"1536x1536":["https:\/\/vapestornado.com\/wp-content\/uploads\/2025\/12\/OKSO-120K-120000-Puff-Disposable-Vaper.webp",800,800,false],"2048x2048":["https:\/\/vapestornado.com\/wp-content\/uploads\/2025\/12\/OKSO-120K-120000-Puff-Disposable-Vaper.webp",800,800,false],"trp-custom-language-flag":["https:\/\/vapestornado.com\/wp-content\/uploads\/2025\/12\/OKSO-120K-120000-Puff-Disposable-Vaper-12x12.webp",12,12,true],"woocommerce_thumbnail":["https:\/\/vapestornado.com\/wp-content\/uploads\/2025\/12\/OKSO-120K-120000-Puff-Disposable-Vaper-300x300.webp",300,300,true],"woocommerce_single":["https:\/\/vapestornado.com\/wp-content\/uploads\/2025\/12\/OKSO-120K-120000-Puff-Disposable-Vaper-600x600.webp",600,600,true],"woocommerce_gallery_thumbnail":["https:\/\/vapestornado.com\/wp-content\/uploads\/2025\/12\/OKSO-120K-120000-Puff-Disposable-Vaper-100x100.webp",100,100,true]},"uagb_author_info":{"display_name":"ESAMY","author_link":"https:\/\/vapestornado.com\/lt\/author\/"},"uagb_comment_info":0,"uagb_excerpt":"The OKSO 120k Puff is a high-capacity Disposable Vaper delivering up to 120000 puffs with a 6 in 1 multiple flavor adjustable system. It features a digital display, triple mesh coils, 20ml \u00d7 3 e-liquid capacity, and an 850mAh battery for stable, long-term performance. Designed for adult users and wholesale supply, the OKSO 120000 Puffs&hellip;","_links":{"self":[{"href":"https:\/\/vapestornado.com\/lt\/wp-json\/wp\/v2\/product\/4702","targetHints":{"allow":["GET"]}}],"collection":[{"href":"https:\/\/vapestornado.com\/lt\/wp-json\/wp\/v2\/product"}],"about":[{"href":"https:\/\/vapestornado.com\/lt\/wp-json\/wp\/v2\/types\/product"}],"replies":[{"embeddable":true,"href":"https:\/\/vapestornado.com\/lt\/wp-json\/wp\/v2\/comments?post=4702"}],"wp:featuredmedia":[{"embeddable":true,"href":"https:\/\/vapestornado.com\/lt\/wp-json\/wp\/v2\/media\/4707"}],"wp:attachment":[{"href":"https:\/\/vapestornado.com\/lt\/wp-json\/wp\/v2\/media?parent=4702"}],"wp:term":[{"taxonomy":"product_brand","embeddable":true,"href":"https:\/\/vapestornado.com\/lt\/wp-json\/wp\/v2\/product_brand?post=4702"},{"taxonomy":"product_cat","embeddable":true,"href":"https:\/\/vapestornado.com\/lt\/wp-json\/wp\/v2\/product_cat?post=4702"},{"taxonomy":"product_tag","embeddable":true,"href":"https:\/\/vapestornado.com\/lt\/wp-json\/wp\/v2\/product_tag?post=4702"}],"curies":[{"name":"wp","href":"https:\/\/api.w.org\/{rel}","templated":true}]}}