{"id":4683,"date":"2025-12-13T07:01:25","date_gmt":"2025-12-13T07:01:25","guid":{"rendered":"https:\/\/vapestornado.com\/?post_type=product&#038;p=4683"},"modified":"2025-12-13T07:24:55","modified_gmt":"2025-12-13T07:24:55","slug":"hifancy-legend-20000-puff-disposable-vape-wholesale-e-cigarette-online","status":"publish","type":"product","link":"https:\/\/vapestornado.com\/lt\/product\/hifancy-legend-20000-puff-disposable-vape-wholesale-e-cigarette-online\/","title":{"rendered":"HIFANCY Legend 20000 R\u016bkali\u0173 Vienkartinis Vape Didmenin\u0117 E-cigaret\u0117 Internetu"},"content":{"rendered":"<h2 data-start=\"0\" data-end=\"73\">HIFANCY Legend 20000 R\u016bkali\u0173 Vienkartinis Vape Didmenin\u0117 E-cigaret\u0117 Internetu<\/h2>\n<p data-start=\"75\" data-end=\"474\">\u0160is <strong data-start=\"79\" data-end=\"108\">HIFANCY Legend 20000 R\u016bkali\u0173<\/strong> sukurtas suaugusiems, kurie nori didel\u0117s talpos vienkartinio \u012frenginio su \u012fkraunama baterija, stipriu skoniu ir galimybe reguliuoti \u012fkv\u0117pimo stili\u0173. Vartotojams ir platintojams, <strong data-start=\"122\" data-end=\"144\">HIFANCY Legend 20k yra<\/strong>\u00a0i\u0161d\u0117stytas kaip paprastas SKU: didelis \u012fkv\u0117pim\u0173 skai\u010dius, didel\u0117 skys\u010dio talpa ir rit\u0117s sistema, skirta i\u0161laikyti skon\u012f nuosekl\u0173 ilg\u0105 naudojim\u0105.<\/p>\n<h2 data-start=\"615\" data-end=\"666\">K\u0105 i\u0161 tikr\u0173j\u0173 perkate<\/h2>\n<ul data-start=\"668\" data-end=\"1165\">\n<li data-start=\"668\" data-end=\"756\">\n<p data-start=\"670\" data-end=\"756\"><strong data-start=\"670\" data-end=\"692\">Didel\u0117s talpos naudojimas:<\/strong> iki <strong data-start=\"699\" data-end=\"715\">20 000 \u012fkv\u0117pim\u0173<\/strong> ilgam veikimo laikui tarp keitim\u0173<\/p>\n<\/li>\n<li data-start=\"757\" data-end=\"813\">\n<p data-start=\"759\" data-end=\"813\"><strong data-start=\"759\" data-end=\"784\">Didelis skys\u010dio saugojimas:<\/strong> <strong data-start=\"785\" data-end=\"811\">30 ml e-skys\u010dio talp\u0105<\/strong><\/p>\n<\/li>\n<li data-start=\"814\" data-end=\"891\">\n<p data-start=\"816\" data-end=\"891\"><strong data-start=\"816\" data-end=\"839\">\u012ekraunama galia:<\/strong> <strong data-start=\"840\" data-end=\"858\">750mAh baterija<\/strong> kad palaikyt\u0173 didel\u012f \u012fkv\u0117pim\u0173 skai\u010di\u0173<\/p>\n<\/li>\n<li data-start=\"892\" data-end=\"990\">\n<p data-start=\"894\" data-end=\"990\"><strong data-start=\"894\" data-end=\"919\">Skoniui orientuota rit\u0117:<\/strong> <strong data-start=\"920\" data-end=\"940\">Dviguba tinklelio rit\u0117<\/strong> stipresniam skoniui ir stabilesniam garui<\/p>\n<\/li>\n<li data-start=\"991\" data-end=\"1079\">\n<p data-start=\"993\" data-end=\"1079\"><strong data-start=\"993\" data-end=\"1013\">Reguliuojamas poj\u016btis:<\/strong> <strong data-start=\"1014\" data-end=\"1035\">dvi \u0161ildymo re\u017eimai<\/strong> taip vape gali b\u016bti mink\u0161tesnis arba intensyvesnis<\/p>\n<\/li>\n<li data-start=\"1080\" data-end=\"1165\">\n<p data-start=\"1082\" data-end=\"1165\"><strong data-start=\"1082\" data-end=\"1103\">Nikotino pasirinkimai:<\/strong> <strong data-start=\"1104\" data-end=\"1121\">2%, 3% arba 5%<\/strong> (prieinamumas priklauso nuo u\u017esakymo\/rinkos)<\/p>\n<\/li>\n<\/ul>\n<h2 data-start=\"1476\" data-end=\"1518\">Kod\u0117l klientai pasitiki \u0161iuo HIFANCY Legend 20k \u012frenginiu<\/h2>\n<p data-start=\"1520\" data-end=\"1616\">Pasitik\u0117jimas <strong data-start=\"1532\" data-end=\"1547\">Elektronin\u0117 cigaret\u0117<\/strong> n\u0117ra apie \u0161urmul\u012f\u2014tai apie prognozuojam\u0105 veikim\u0105 ir ai\u0161kius techninius duomenis.<\/p>\n<p data-start=\"1618\" data-end=\"1650\"><strong data-start=\"1618\" data-end=\"1650\">Kas kuria pasitik\u0117jim\u0105 \u010dia:<\/strong><\/p>\n<ul data-start=\"1651\" data-end=\"2107\">\n<li data-start=\"1651\" data-end=\"1794\">\n<p data-start=\"1653\" data-end=\"1794\"><strong data-start=\"1653\" data-end=\"1695\">Skaidrus talpos ir technin\u0117s \u012frangos s\u0105ra\u0161as<\/strong> (baterijos dydis, skys\u010dio t\u016bris, rit\u0117s tipas, \u0161ildymo re\u017eimai), kad l\u016bkes\u010diai b\u016bt\u0173 nustatyti prie\u0161 pirkim\u0105.<\/p>\n<\/li>\n<li data-start=\"1795\" data-end=\"1950\">\n<p data-start=\"1797\" data-end=\"1950\"><strong data-start=\"1797\" data-end=\"1850\">\u012ekraunama baterija, suderinta su skys\u010dio t\u016briu<\/strong>, kas yra svarbu: labai auk\u0161to p\u016btimo \u012frenginys be \u012fkrovimo da\u017enai praranda gali\u0105 prie\u0161 naudojant vis\u0105 skyst\u012f.<\/p>\n<\/li>\n<li data-start=\"1951\" data-end=\"2107\">\n<p data-start=\"1953\" data-end=\"2107\"><strong data-start=\"1953\" data-end=\"1980\">Dvigubo tinklelio rit\u0117s dizainas<\/strong>, pasirinktas b\u016btent siekiant i\u0161laikyti skon\u012f ir garo nuoseklum\u0105 ilgiau naudojant, o ne ankstyv\u0105 peaking ir nuosmuk\u012f.<\/p>\n<\/li>\n<\/ul>\n<h2 data-start=\"4583\" data-end=\"4628\">EU sand\u0117lio pristatymas (greitis, kuris svarbus)<\/h2>\n<p data-start=\"4630\" data-end=\"4837\">HIFANCY siun\u010dia i\u0161 <strong data-start=\"4651\" data-end=\"4673\">Europos sand\u0117lio<\/strong> su \u012fprastu pristatymo laiku, nurodytu kaip <strong data-start=\"4706\" data-end=\"4726\">3\u20137 darbo dienos<\/strong>. Tai yra prakti\u0161ka papildyti atsargas ir suma\u017eina neapibr\u0117\u017etum\u0105, kuris kyla d\u0117l ilgo tarptautinio tranzito laiko.<\/p>\n<p><strong><span style=\"color: #ff0000;\">Prid\u0117kite Amy whatsapp, gaukite tiesiogin\u012f atsakym\u0105 ir kupon\u0105 veipui!<\/span><\/strong><\/p>\n<p><img fetchpriority=\"high\" decoding=\"async\" class=\"size-full wp-image-2932\" src=\"https:\/\/vapestornado.com\/wp-content\/uploads\/2024\/12\/Vape-Wholesale.jpg\" alt=\"Garintuvai Didmenin\u0117 prekyba\" width=\"229\" height=\"300\" \/><\/p>\n<h3><a href=\"https:\/\/wa.me\/8617776015835\" target=\"_blank\" rel=\"noopener\"><span style=\"color: #ff0000;\"><strong>WhatsApp: +86 17776015835<\/strong><\/span><\/a><\/h3>\n<p>&nbsp;<\/p>\n<h2><strong>HIFANCY Legend 20000 P\u016bsl\u0117s Produkto Savyb\u0117s<\/strong><\/h2>\n<ul data-start=\"1195\" data-end=\"1469\">\n<li data-start=\"1195\" data-end=\"1242\">\n<p data-start=\"1197\" data-end=\"1242\"><strong data-start=\"1197\" data-end=\"1214\">Produkto pavadinimas:<\/strong> HIFANCY Legend 20000 R\u016bkali\u0173<\/p>\n<\/li>\n<li data-start=\"1243\" data-end=\"1303\">\n<p data-start=\"1245\" data-end=\"1303\"><strong data-start=\"1245\" data-end=\"1255\">\u012etraukimai:<\/strong> 20 000 (naudojimas skiriasi pagal traukimo ilg\u012f ir re\u017eim\u0105)<\/p>\n<\/li>\n<li data-start=\"1304\" data-end=\"1340\">\n<p data-start=\"1306\" data-end=\"1340\"><strong data-start=\"1306\" data-end=\"1318\">Baterija:<\/strong> 750mAh \u012fkraunamas<\/p>\n<\/li>\n<li data-start=\"1341\" data-end=\"1372\">\n<p data-start=\"1343\" data-end=\"1372\"><strong data-start=\"1343\" data-end=\"1365\">E-liquido talpa:<\/strong> 30ml<\/p>\n<\/li>\n<li data-start=\"1373\" data-end=\"1403\">\n<p data-start=\"1375\" data-end=\"1403\"><strong data-start=\"1375\" data-end=\"1384\">Vamzdelis:<\/strong> Dviguba tinklelio rit\u0117<\/p>\n<\/li>\n<li data-start=\"1404\" data-end=\"1430\">\n<p data-start=\"1406\" data-end=\"1430\"><strong data-start=\"1406\" data-end=\"1418\">\u0160ildymas:<\/strong> Du re\u017eimai<\/p>\n<\/li>\n<li data-start=\"1431\" data-end=\"1469\">\n<p data-start=\"1433\" data-end=\"1469\"><strong data-start=\"1433\" data-end=\"1456\">Nikotino stiprumai:<\/strong> 2% \/ 3% \/ 5%<\/p>\n<\/li>\n<\/ul>\n<figure id=\"attachment_4678\" aria-describedby=\"caption-attachment-4678\" style=\"width: 300px\" class=\"wp-caption alignnone\"><img decoding=\"async\" class=\"size-medium wp-image-4678\" src=\"https:\/\/vapestornado.com\/wp-content\/uploads\/2025\/12\/HIFANCY-Legend-20k-20000-Disposable-Vape-with-Screen-300x300.webp\" alt=\"HIFANCY Legend 20k 20000 Vienkartinis Vape su Ekranu\" width=\"300\" height=\"300\" srcset=\"https:\/\/vapestornado.com\/wp-content\/uploads\/2025\/12\/HIFANCY-Legend-20k-20000-Disposable-Vape-with-Screen-300x300.webp 300w, https:\/\/vapestornado.com\/wp-content\/uploads\/2025\/12\/HIFANCY-Legend-20k-20000-Disposable-Vape-with-Screen-150x150.webp 150w, https:\/\/vapestornado.com\/wp-content\/uploads\/2025\/12\/HIFANCY-Legend-20k-20000-Disposable-Vape-with-Screen-768x768.webp 768w, https:\/\/vapestornado.com\/wp-content\/uploads\/2025\/12\/HIFANCY-Legend-20k-20000-Disposable-Vape-with-Screen-12x12.webp 12w, https:\/\/vapestornado.com\/wp-content\/uploads\/2025\/12\/HIFANCY-Legend-20k-20000-Disposable-Vape-with-Screen-600x600.webp 600w, https:\/\/vapestornado.com\/wp-content\/uploads\/2025\/12\/HIFANCY-Legend-20k-20000-Disposable-Vape-with-Screen-100x100.webp 100w, https:\/\/vapestornado.com\/wp-content\/uploads\/2025\/12\/HIFANCY-Legend-20k-20000-Disposable-Vape-with-Screen.webp 800w\" sizes=\"(max-width: 300px) 100vw, 300px\" \/><figcaption id=\"caption-attachment-4678\" class=\"wp-caption-text\">HIFANCY Legend 20k 20000 Vienkartinis Vape su Ekranu<\/figcaption><\/figure>\n<h2 class=\"product-title\"><strong>HIFANCY 20000 P\u016bsl\u0117s Vape Skoni\u0173 S\u0105ra\u0161as<\/strong><\/h2>\n<p>1. Bra\u0161k\u0117 Mango<br \/>\n2. Bra\u0161ki\u0173 arb\u016bzas<br \/>\n3. Energijos G\u0117rimas<br \/>\n4. Bra\u0161k\u0117s Sultys<br \/>\n5. M\u0117lyn\u0117 Aviet\u0117 Vynuog\u0117<br \/>\n6. M\u0117lyna Raspberr\u0173 Vy\u0161nia<br \/>\n7. Kivi Pasij\u0173 Gvajava<br \/>\n8. Aviet\u0117 Arb\u016bzas Ledas<br \/>\n9. Arb\u016bzas Kramtomoji Guma<br \/>\n10. Persikas Uogos Ledas<\/p>\n<div class=\"flex-shrink-0 flex flex-col relative items-end\">\n<div class=\"pt-0\">\n<div class=\"gizmo-bot-avatar flex h-8 w-8 items-center justify-center overflow-hidden rounded-full\">\n<h2 data-start=\"4844\" data-end=\"4888\">Kod\u0117l pirkti i\u0161 Vapes Tornado \u2013 J\u016bs\u0173 vienkartini\u0173 vape didmenin\u0117 prekyba<\/h2>\n<p data-start=\"4890\" data-end=\"4958\">Perkant per <strong data-start=\"4903\" data-end=\"4933\">Vienkartini\u0173 vape didmenin\u0117 prekyba<\/strong> yra daugiausia apie kontrol\u0119:<\/p>\n<ul data-start=\"4959\" data-end=\"5183\">\n<li data-start=\"4959\" data-end=\"5012\">\n<p data-start=\"4961\" data-end=\"5012\">Galite planuoti inventori\u0173 pagal patikimus pristatymo laikus<\/p>\n<\/li>\n<li data-start=\"5013\" data-end=\"5097\">\n<p data-start=\"5015\" data-end=\"5097\">Galite standartizuoti bestselerio variantus (nikotino stiprumus, populiarias skoni\u0173 r\u016b\u0161is)<\/p>\n<\/li>\n<li data-start=\"5098\" data-end=\"5183\">\n<p data-start=\"5100\" data-end=\"5183\">Vengiate \u201emai\u0161yt\u0173 partij\u0173\u201c pirkimo, kurios da\u017enai sukelia nesubalansuot\u0105 klient\u0173 patirt\u012f<\/p>\n<\/li>\n<\/ul>\n<p data-start=\"5185\" data-end=\"5250\">Jei j\u016bs\u0173 parduotuv\u0117 priklauso nuo pakartotini\u0173 pirk\u0117j\u0173, nuoseklumas yra svarbesnis u\u017e naujov\u0119.<\/p>\n<\/div>\n<p data-start=\"5185\" data-end=\"5250\"><strong data-start=\"141\" data-end=\"177\">Vapes Tornado Internetin\u0117 R\u016bkymo Parduotuv\u0117<\/strong> yra j\u016bs\u0173 patikimas \u0161altinis <strong data-start=\"205\" data-end=\"270\">premium vienkartiniai vape ir didmenin\u0117s elektronin\u0117s cigaret\u0117s Europoje<\/strong>. Mes si\u016blome populiariausias prekes kaip <strong data-start=\"307\" data-end=\"362\"><a href=\"https:\/\/vapestornado.com\/lt\/product\/randm-12000-puffs-fumot-digital-disposable-vape-wholesale-price\/\">Fumot VAPE<\/a>, <a href=\"https:\/\/vapestornado.com\/lt\/product\/waspe-150k-150000-puff-6-in-1-disposable-vape-pen-cartridge-best-wholesale-price-in-poland\/\">WASPE VAPE<\/a>, <\/strong><strong data-start=\"307\" data-end=\"362\"><a href=\"https:\/\/vapestornado.com\/lt\/product\/vozol-gear-shisha-25k-25000-puffs-best-dtl-disposable-vape-hookah-cheap-price\/\">VOZOL BAR VAPE<\/a>, \u00a0 Bang Vape<\/strong>, ir daugiau, u\u017etikrinant kokyb\u0119 ir \u012fvairov\u0119 kiekvienam klientui. Nesvarbu, ar esate individualus vartotojas ar didmeninis pirk\u0117jas, mes pristatome <strong data-start=\"481\" data-end=\"550\">auk\u0161tos kokyb\u0117s \u012frenginius, stilingus dizainus ir konkurencingas kainas<\/strong> kad atitikt\u0173 j\u016bs\u0173 poreikius.<\/p>\n<div class=\"gizmo-bot-avatar flex h-8 w-8 items-center justify-center overflow-hidden rounded-full\">\n<div class=\"relative p-1 rounded-sm flex items-center justify-center bg-token-main-surface-primary text-token-text-primary h-8 w-8\">\n<h2 data-start=\"2064\" data-end=\"2115\">Da\u017enai u\u017eduodami klausimai apie HIFANCY Legend 20k P\u016bstuv\u0173 Vape<\/h2>\n<p data-start=\"5721\" data-end=\"5865\"><strong data-start=\"5721\" data-end=\"5779\">Ar 20 000 p\u016btim\u0173 rei\u0161kia, kad jis tarnaus vienodai visiems?<\/strong><br data-start=\"5779\" data-end=\"5782\" \/>Ne. P\u016btim\u0173 skai\u010dius priklauso nuo \u012fkv\u0117pimo ilgumo, \u0161ildymo re\u017eimo ir naudojimo da\u017enumo.<\/p>\n<p data-start=\"5867\" data-end=\"6086\"><strong data-start=\"5867\" data-end=\"5904\">Ar skonis i\u0161liks nuoseklus?<\/strong><br data-start=\"5904\" data-end=\"5907\" \/>Double Mesh Coil yra sukurtas pagerinti skonio pateikim\u0105 ir stabilum\u0105 ilgiau naudojant, palyginti su paprastesn\u0117mis rit\u0117s sistemomis, ta\u010diau real\u016bs rezultatai vis dar priklauso nuo naudojimo stiliaus.<\/p>\n<p data-start=\"6088\" data-end=\"6253\"><strong data-start=\"6088\" data-end=\"6109\">Ar jis yra papildomas?<\/strong><br data-start=\"6109\" data-end=\"6112\" \/>Jis yra kaip didel\u0117s talpos vienkartinis, su <strong data-start=\"6163\" data-end=\"6171\">30ml<\/strong> i\u0161 anksto pripildytu e-liquidu; \u012fkraunate baterij\u0105, bet jis n\u0117ra skirtas papildyti.<\/p>\n<\/div>\n<\/div>\n<\/div>\n<\/div>","protected":false},"excerpt":{"rendered":"<div class=\"flex flex-col text-sm @w-xl\/main:pt-header-height pb-25\">\n<article class=\"text-token-text-primary w-full focus:outline-none [--shadow-height:45px] has-data-writing-block:pointer-events-none has-data-writing-block:-mt-(--shadow-height) has-data-writing-block:pt-(--shadow-height) [&amp;:has([data-writing-block])&gt;*]:pointer-events-auto scroll-mt-[calc(var(--header-height)+min(200px,max(70px,20svh)))]\" dir=\"auto\" tabindex=\"-1\" data-turn-id=\"a4553bcb-7aea-49d6-9fac-81ba76f7aa52\" data-testid=\"conversation-turn-52\" data-scroll-anchor=\"true\" data-turn=\"assistant\">\n<div class=\"text-base my-auto mx-auto pb-10 [--thread-content-margin:--spacing(4)] @w-sm\/main:[--thread-content-margin:--spacing(6)] @w-lg\/main:[--thread-content-margin:--spacing(16)] px-(--thread-content-margin)\">\n<div class=\"[--thread-content-max-width:40rem] @w-lg\/main:[--thread-content-max-width:48rem] mx-auto max-w-(--thread-content-max-width) flex-1 group\/turn-messages focus-visible:outline-hidden relative flex w-full min-w-0 flex-col agent-turn\" tabindex=\"-1\">\n<div class=\"flex max-w-full flex-col grow\">\n<div class=\"min-h-8 text-message relative flex w-full flex-col items-end gap-2 text-start break-words whitespace-normal [.text-message+&amp;]:mt-1\" dir=\"auto\" data-message-author-role=\"assistant\" data-message-id=\"337d04d0-1322-4696-922d-486732393dc5\" data-message-model-slug=\"gpt-5-2-thinking\">\n<div class=\"flex w-full flex-col gap-1 empty:hidden first:pt-[1px]\">\n<div class=\"markdown prose dark:prose-invert w-full break-words light markdown-new-styling\">\n<p data-start=\"4468\" data-end=\"4743\" data-is-last-node=\"\" data-is-only-node=\"\">\u0160is <strong data-start=\"289\" data-end=\"318\" data-is-only-node=\"\">HIFANCY Legend 20000 R\u016bkali\u0173<\/strong> yra didel\u0117s talpos vienkartin\u0117 E-cigaret\u0117, sukurta ilgalaikiam naudojimui ir nuosekliam skoniui. Ji turi iki 20 000 \u012fkv\u0117pim\u0173, 30 ml e-liquido talp\u0105, 750mAh \u012fkraunam\u0105 baterij\u0105 ir dvigubo tinklelio rit\u0117s sistem\u0105 stabiliai gar\u0173 i\u0161\u0117jimui. Su dviem \u0161ildymo re\u017eimais ir keliomis nikotino galimyb\u0117mis, ji tinka suaugusiems vartotojams, kurie nori patvaraus, patikimo vienkartinio \u012frenginio u\u017e konkurencing\u0105 didmenin\u0117s prekybos kain\u0105.<\/p>\n<\/div>\n<\/div>\n<\/div>\n<\/div>\n<div class=\"z-0 flex min-h-[46px] justify-start\"><\/div>\n<\/div>\n<\/div>\n<\/article>\n<\/div>\n<p><strong>Prid\u0117kite Amy's whatsapp, kad gautum\u0117te tinkam\u0105 atsakym\u0105 ir nuolaidos kain\u0105!<\/strong><\/p>\n<p><img fetchpriority=\"high\" decoding=\"async\" class=\"size-full wp-image-2932\" src=\"https:\/\/vapestornado.com\/wp-content\/uploads\/2024\/12\/Vape-Wholesale.jpg\" alt=\"Garintuvai Didmenin\u0117 prekyba\" width=\"229\" height=\"300\" \/><\/p>\n<h3><a href=\"https:\/\/wa.me\/8617776015835\"><span style=\"color: #ff0000;\"><strong>WhatsApp: +86 17776015835<\/strong><\/span><\/a><\/h3>","protected":false},"featured_media":4682,"comment_status":"open","ping_status":"closed","template":"","meta":{"_acf_changed":false,"_uag_custom_page_level_css":"","_lmt_disableupdate":"no","_lmt_disable":"","_monsterinsights_skip_tracking":false,"_monsterinsights_sitenote_active":false,"_monsterinsights_sitenote_note":"","_monsterinsights_sitenote_category":0,"site-sidebar-layout":"default","site-content-layout":"","ast-site-content-layout":"default","site-content-style":"default","site-sidebar-style":"default","ast-global-header-display":"","ast-banner-title-visibility":"","ast-main-header-display":"","ast-hfb-above-header-display":"","ast-hfb-below-header-display":"","ast-hfb-mobile-header-display":"","site-post-title":"","ast-breadcrumbs-content":"","ast-featured-img":"","footer-sml-layout":"","ast-disable-related-posts":"","theme-transparent-header-meta":"default","adv-header-id-meta":"","stick-header-meta":"","header-above-stick-meta":"","header-main-stick-meta":"","header-below-stick-meta":"","astra-migrate-meta-layouts":"set","ast-page-background-enabled":"default","ast-page-background-meta":{"desktop":{"background-color":"","background-image":"","background-repeat":"repeat","background-position":"center center","background-size":"auto","background-attachment":"scroll","background-type":"","background-media":"","overlay-type":"","overlay-color":"","overlay-opacity":"","overlay-gradient":""},"tablet":{"background-color":"","background-image":"","background-repeat":"repeat","background-position":"center center","background-size":"auto","background-attachment":"scroll","background-type":"","background-media":"","overlay-type":"","overlay-color":"","overlay-opacity":"","overlay-gradient":""},"mobile":{"background-color":"","background-image":"","background-repeat":"repeat","background-position":"center center","background-size":"auto","background-attachment":"scroll","background-type":"","background-media":"","overlay-type":"","overlay-color":"","overlay-opacity":"","overlay-gradient":""}},"ast-content-background-meta":{"desktop":{"background-color":"var(--ast-global-color-5)","background-image":"","background-repeat":"repeat","background-position":"center center","background-size":"auto","background-attachment":"scroll","background-type":"","background-media":"","overlay-type":"","overlay-color":"","overlay-opacity":"","overlay-gradient":""},"tablet":{"background-color":"var(--ast-global-color-5)","background-image":"","background-repeat":"repeat","background-position":"center center","background-size":"auto","background-attachment":"scroll","background-type":"","background-media":"","overlay-type":"","overlay-color":"","overlay-opacity":"","overlay-gradient":""},"mobile":{"background-color":"var(--ast-global-color-5)","background-image":"","background-repeat":"repeat","background-position":"center center","background-size":"auto","background-attachment":"scroll","background-type":"","background-media":"","overlay-type":"","overlay-color":"","overlay-opacity":"","overlay-gradient":""}},"_joinchat":[]},"product_brand":[],"product_cat":[69,152,156,142,492,357,146],"product_tag":[396,497,368,495,496,390,397],"class_list":{"0":"post-4683","1":"product","2":"type-product","3":"status-publish","4":"has-post-thumbnail","6":"product_cat-20000-puff","7":"product_cat-buy-disposable-vapes-in-cermany","8":"product_cat-buy-disposable-vapes-in-poland","9":"product_cat-digital-box-disposable-vapes","10":"product_cat-eu-warehouse","11":"product_cat-flavor-adjustable-vape","12":"product_cat-rechargeable-disposable-vapes","13":"product_tag-disposable-cigarette","14":"product_tag-disposable-vape-wholesaler","15":"product_tag-disposable-vapor","16":"product_tag-hifancy-legend-20000-puff","17":"product_tag-hifancy-legend-20k","18":"product_tag-online-vape-shop","19":"product_tag-vapor","20":"desktop-align-left","21":"tablet-align-left","22":"mobile-align-left","24":"first","25":"instock","26":"sale","27":"shipping-taxable","28":"purchasable","29":"product-type-simple"},"acf":[],"uagb_featured_image_src":{"full":["https:\/\/vapestornado.com\/wp-content\/uploads\/2025\/12\/HIFANCY-LEGEND-20000-Vape-Factory-Price.webp",800,800,false],"thumbnail":["https:\/\/vapestornado.com\/wp-content\/uploads\/2025\/12\/HIFANCY-LEGEND-20000-Vape-Factory-Price-150x150.webp",150,150,true],"medium":["https:\/\/vapestornado.com\/wp-content\/uploads\/2025\/12\/HIFANCY-LEGEND-20000-Vape-Factory-Price-300x300.webp",300,300,true],"medium_large":["https:\/\/vapestornado.com\/wp-content\/uploads\/2025\/12\/HIFANCY-LEGEND-20000-Vape-Factory-Price-768x768.webp",768,768,true],"large":["https:\/\/vapestornado.com\/wp-content\/uploads\/2025\/12\/HIFANCY-LEGEND-20000-Vape-Factory-Price.webp",800,800,false],"1536x1536":["https:\/\/vapestornado.com\/wp-content\/uploads\/2025\/12\/HIFANCY-LEGEND-20000-Vape-Factory-Price.webp",800,800,false],"2048x2048":["https:\/\/vapestornado.com\/wp-content\/uploads\/2025\/12\/HIFANCY-LEGEND-20000-Vape-Factory-Price.webp",800,800,false],"trp-custom-language-flag":["https:\/\/vapestornado.com\/wp-content\/uploads\/2025\/12\/HIFANCY-LEGEND-20000-Vape-Factory-Price-12x12.webp",12,12,true],"woocommerce_thumbnail":["https:\/\/vapestornado.com\/wp-content\/uploads\/2025\/12\/HIFANCY-LEGEND-20000-Vape-Factory-Price-300x300.webp",300,300,true],"woocommerce_single":["https:\/\/vapestornado.com\/wp-content\/uploads\/2025\/12\/HIFANCY-LEGEND-20000-Vape-Factory-Price-600x600.webp",600,600,true],"woocommerce_gallery_thumbnail":["https:\/\/vapestornado.com\/wp-content\/uploads\/2025\/12\/HIFANCY-LEGEND-20000-Vape-Factory-Price-100x100.webp",100,100,true]},"uagb_author_info":{"display_name":"ESAMY","author_link":"https:\/\/vapestornado.com\/lt\/author\/"},"uagb_comment_info":0,"uagb_excerpt":"The HIFANCY Legend 20000 Puff is a high-capacity disposable E-cigarette designed for long-lasting use and consistent flavour. It features up to 20,000 puffs, a 30ml e-liquid capacity, a 750mAh rechargeable battery, and a double mesh coil for stable vapour output. With two heating modes and multiple nicotine options, it suits adult users who want a&hellip;","_links":{"self":[{"href":"https:\/\/vapestornado.com\/lt\/wp-json\/wp\/v2\/product\/4683","targetHints":{"allow":["GET"]}}],"collection":[{"href":"https:\/\/vapestornado.com\/lt\/wp-json\/wp\/v2\/product"}],"about":[{"href":"https:\/\/vapestornado.com\/lt\/wp-json\/wp\/v2\/types\/product"}],"replies":[{"embeddable":true,"href":"https:\/\/vapestornado.com\/lt\/wp-json\/wp\/v2\/comments?post=4683"}],"wp:featuredmedia":[{"embeddable":true,"href":"https:\/\/vapestornado.com\/lt\/wp-json\/wp\/v2\/media\/4682"}],"wp:attachment":[{"href":"https:\/\/vapestornado.com\/lt\/wp-json\/wp\/v2\/media?parent=4683"}],"wp:term":[{"taxonomy":"product_brand","embeddable":true,"href":"https:\/\/vapestornado.com\/lt\/wp-json\/wp\/v2\/product_brand?post=4683"},{"taxonomy":"product_cat","embeddable":true,"href":"https:\/\/vapestornado.com\/lt\/wp-json\/wp\/v2\/product_cat?post=4683"},{"taxonomy":"product_tag","embeddable":true,"href":"https:\/\/vapestornado.com\/lt\/wp-json\/wp\/v2\/product_tag?post=4683"}],"curies":[{"name":"wp","href":"https:\/\/api.w.org\/{rel}","templated":true}]}}