{"id":4614,"date":"2025-11-29T06:20:23","date_gmt":"2025-11-29T06:20:23","guid":{"rendered":"https:\/\/vapestornado.com\/?post_type=product&#038;p=4614"},"modified":"2025-11-29T06:33:24","modified_gmt":"2025-11-29T06:33:24","slug":"razz-bar-40000-puff-40k-dual-flavours-disposable-vape-factory-price","status":"publish","type":"product","link":"https:\/\/vapestornado.com\/lt\/product\/razz-bar-40000-puff-40k-dual-flavours-disposable-vape-factory-price\/","title":{"rendered":"Razz Bar 40000 P\u016b\u010di\u0173 40K Dvigubi Skoniai Vienkartinis Vape Gamykla Kaina"},"content":{"rendered":"<h2 data-pm-slice=\"1 1 []\">Razz Bar 40000 P\u016b\u010di\u0173 40K Dvigub\u0173 Skoni\u0173 Vienkartinis Vape Gamyklin\u0117 Kainos Didmenin\u0117 Prekyba<\/h2>\n<p data-start=\"289\" data-end=\"881\">\u0160is <strong data-start=\"293\" data-end=\"316\">Razz Bar 40000 P\u016b\u010di\u0173<\/strong> sukurtas didmenininkams, kurie nori patikimo, didelio na\u0161umo \u012frenginio su stipriu paklausumu ir greitu apyvarta. \u0160is <strong data-start=\"425\" data-end=\"447\">2 in 1 skoni\u0173 vape<\/strong> pateikia du pilnus skonius viename \u012frenginyje, suteikdamas vartotojams daugiau pasirinkimo ir vert\u0117s. Su iki <strong data-start=\"551\" data-end=\"564\">40 t\u016bkst. \u012fkv\u0117pim\u0173<\/strong>, ai\u0161kiu ekranu ir 650mAh \u012fkraunama baterija, <strong data-start=\"622\" data-end=\"638\">Razz Bar 40K<\/strong> i\u0161siskiria kaip patvarus, ilgaam\u017eis <strong data-start=\"677\" data-end=\"708\">dviej\u0173 skoni\u0173 vienkartinis vape<\/strong> idealiai tinka Europos ma\u017emenininkams, ie\u0161kantiems stabilios savaitin\u0117s pardavimo apimties. Atsargos greitai pristatomos i\u0161 m\u016bs\u0173 <strong data-start=\"794\" data-end=\"815\">Vape EU Sand\u0117lis<\/strong>, u\u017etikrinant greit\u0105 pristatym\u0105 ir nuolatin\u012f tiekim\u0105 j\u016bs\u0173 klientams.<\/p>\n<p data-start=\"883\" data-end=\"1342\">Pa\u017eang\u016bs dviej\u0173 tinkleli\u0173 rit\u0117s u\u017etikrina \u0161var\u0173 skonio atskyrim\u0105 \u2013 kiekvienas skonis turi savo atskir\u0105 bak\u0105, tod\u0117l skonis i\u0161lieka ry\u0161kus ir autenti\u0161kas nuo pirmo \u012fkv\u0117pimo iki 40 000-ojo. Paprastas pasukimo jungiklis leid\u017eia vartotojams i\u0161kart keisti skonius, tod\u0117l Razz Bar yra m\u0117gstamas vaperi\u0173, kurie nori \u012fvairov\u0117s be keli\u0173 \u012frengini\u0173 ne\u0161iojimo. Derinant su Type-C greitu \u012fkrovimu ir daugiau nei 10 mi\u0161ri\u0173 vaisi\u0173 kombinacij\u0173, tai patikimas auk\u0161tos kokyb\u0117s pasirinkimas kasdieniam naudojimui.<\/p>\n<p data-start=\"1344\" data-end=\"1558\">Distributoriams ar asmeniniams vartotojams, ie\u0161kantiems auk\u0161tos kokyb\u0117s <strong data-start=\"1385\" data-end=\"1416\">dviej\u0173 skoni\u0173 vienkartinis vape<\/strong> su \u012frodyta paklausa, stipriu skonio veikimu ir modernia ekrano sistema, <strong data-start=\"1496\" data-end=\"1519\">Razz Bar 40000 P\u016b\u010di\u0173<\/strong> yra ai\u0161kus nugal\u0117tojas 40K kategorijoje.<\/p>\n<p data-start=\"666\" data-end=\"1235\"><strong style=\"font-size: 16px;\"><span style=\"color: #ff0000;\">Prid\u0117kite Amy WhatsApp, kad gautum\u0117te tinkam\u0105 atsakym\u0105 ir nuolaid\u0105!<\/span><\/strong><\/p>\n<p><img fetchpriority=\"high\" decoding=\"async\" class=\"size-full wp-image-2932\" src=\"https:\/\/vapestornado.com\/wp-content\/uploads\/2024\/12\/Vape-Wholesale.jpg\" alt=\"Garintuvai Didmenin\u0117 prekyba\" width=\"229\" height=\"300\" \/><\/p>\n<h3><a href=\"https:\/\/wa.me\/8617776015835\" target=\"_blank\" rel=\"noopener\"><span style=\"color: #ff0000;\"><strong>WhatsApp: +86 17776015835<\/strong><\/span><\/a><\/h3>\n<p>&nbsp;<\/p>\n<h2><strong>Kokius skonius galima rasti Razz Bar 40000 p\u016bslini\u0173 vape \u012fkrovikli\u0173?<\/strong><\/h2>\n<ol data-start=\"1912\" data-end=\"2668\">\n<li data-start=\"1912\" data-end=\"1938\">\n<p data-start=\"1915\" data-end=\"1938\">Citrina Limonas \/ Lush Ledas<\/p>\n<\/li>\n<li data-start=\"1939\" data-end=\"1974\">\n<p data-start=\"1942\" data-end=\"1974\">Bra\u0161k\u0117 Ledas \/ Mi\u0161rios uogos<\/p>\n<\/li>\n<li data-start=\"1975\" data-end=\"2028\">\n<p data-start=\"1978\" data-end=\"2028\">M\u0117lynas Razz Ledas \/ Bra\u0161k\u0117s arb\u016bzo burbuliuk\u0173 guma<\/p>\n<\/li>\n<li data-start=\"2029\" data-end=\"2064\">\n<p data-start=\"2032\" data-end=\"2064\">Mi\u0161rios uogos \/ Arb\u016bzo ledas<\/p>\n<\/li>\n<li data-start=\"2065\" data-end=\"2102\">\n<p data-start=\"2068\" data-end=\"2102\">Bra\u0161k\u0117 Bananas \/ Raudonoji Buliuko Ledas<\/p>\n<\/li>\n<li data-start=\"2103\" data-end=\"2131\">\n<p data-start=\"2106\" data-end=\"2131\">M\u0117lynosios m\u0117lyn\u0117s Ledas \/ Meil\u0117 66<\/p>\n<\/li>\n<li data-start=\"2132\" data-end=\"2162\">\n<p data-start=\"2135\" data-end=\"2162\">Persiko Ledas \/ M\u0117lynosios m\u0117lyn\u0117s Ledas<\/p>\n<\/li>\n<li data-start=\"2163\" data-end=\"2210\">\n<p data-start=\"2166\" data-end=\"2210\">Bra\u0161k\u0117 Kivi \/ M\u0117lynoji uogien\u0117 su r\u016bg\u0161\u010diu avie\u010di\u0173 skoniu<\/p>\n<\/li>\n<li data-start=\"2211\" data-end=\"2241\">\n<p data-start=\"2214\" data-end=\"2241\">Arb\u016bzo ledas \/ Kolos ledas<\/p>\n<\/li>\n<li data-start=\"2242\" data-end=\"2281\">\n<p data-start=\"2246\" data-end=\"2281\">Bra\u0161k\u0117s Arb\u016bzas \/ Vynuog\u0117s Ledas<\/p>\n<\/li>\n<li data-start=\"2282\" data-end=\"2316\">\n<p data-start=\"2286\" data-end=\"2316\">Citrina Limonas \/ Bra\u0161k\u0117s Kivi<\/p>\n<\/li>\n<li data-start=\"2317\" data-end=\"2353\">\n<p data-start=\"2321\" data-end=\"2353\">Ro\u017ein\u0117 Lemona \/ Juod\u0173j\u0173 serbent\u0173 Ledas<\/p>\n<\/li>\n<li data-start=\"2354\" data-end=\"2391\">\n<p data-start=\"2358\" data-end=\"2391\">Sultingas Persikas Ledas \/ Ananaso Ledas<\/p>\n<\/li>\n<li data-start=\"2392\" data-end=\"2442\">\n<p data-start=\"2396\" data-end=\"2442\">Kivi, Passijono vaisius, Gvajava \/ Ananaso Kokosai<\/p>\n<\/li>\n<li data-start=\"2443\" data-end=\"2471\">\n<p data-start=\"2447\" data-end=\"2471\">Skittles \/ Vynuog\u0117s sprogimas<\/p>\n<\/li>\n<li data-start=\"2472\" data-end=\"2526\">\n<p data-start=\"2476\" data-end=\"2526\">Juoda Ledas Drakono vaisius Bra\u0161k\u0117 \/ Trij\u0173 melion\u0173<\/p>\n<\/li>\n<li data-start=\"2527\" data-end=\"2565\">\n<p data-start=\"2531\" data-end=\"2565\">Vasaros svajon\u0117 \/ Bra\u0161k\u0117 Bananas<\/p>\n<\/li>\n<li data-start=\"2566\" data-end=\"2611\">\n<p data-start=\"2570\" data-end=\"2611\">Vy\u0161nios Citrina \/ M\u0117lynoji uogien\u0117 su r\u016bg\u0161\u010diu avie\u010di\u0173 skoniu<\/p>\n<\/li>\n<li data-start=\"2612\" data-end=\"2638\">\n<p data-start=\"2616\" data-end=\"2638\">Meil\u0117 66 \/ R\u016bg\u0161tus obuolys<\/p>\n<\/li>\n<li data-start=\"2639\" data-end=\"2668\">\n<p data-start=\"2643\" data-end=\"2668\">Lemon Lime \/ \u0160vie\u017eia m\u0117ta<\/p>\n<\/li>\n<\/ol>\n<h2><strong>Razz Bar 40000 P\u016bsl\u0117s Vienkartinis Vape D\u0117\u017eut\u0117s Pagrindin\u0117s Savyb\u0117s<\/strong><\/h2>\n<ul data-start=\"2707\" data-end=\"3053\">\n<li data-start=\"2707\" data-end=\"2765\">\n<p data-start=\"2709\" data-end=\"2765\">Dvigubo skonio jungiklio sistema su dviem nepriklausomais bakeliais.<\/p>\n<\/li>\n<li data-start=\"2766\" data-end=\"2820\">\n<p data-start=\"2768\" data-end=\"2820\">Iki <strong data-start=\"2774\" data-end=\"2790\">40 000 \u012ftraukim\u0173<\/strong> ilgam naudojimui kasdien.<\/p>\n<\/li>\n<li data-start=\"2821\" data-end=\"2878\">\n<p data-start=\"2823\" data-end=\"2878\">650mAh \u012fkraunama baterija su <strong data-start=\"2856\" data-end=\"2866\">C tipo<\/strong> \u012fkrovimu.<\/p>\n<\/li>\n<li data-start=\"2879\" data-end=\"2927\">\n<p data-start=\"2881\" data-end=\"2927\">Dviguba tinklelio rit\u0117 \u0161variems, atskiriems skoniams.<\/p>\n<\/li>\n<li data-start=\"2928\" data-end=\"2974\">\n<p data-start=\"2930\" data-end=\"2974\">LED ekranas baterijos + e-skys\u010dio lygiams.<\/p>\n<\/li>\n<li data-start=\"2975\" data-end=\"3004\">\n<p data-start=\"2977\" data-end=\"3004\">2% \/ 5% nikotino druskos variantai.<\/p>\n<\/li>\n<li data-start=\"3005\" data-end=\"3053\">\n<p data-start=\"3007\" data-end=\"3053\">200 vnt. d\u0117\u017eut\u0117je didmeninei prekybai optimizacijai.<\/p>\n<\/li>\n<\/ul>\n<figure id=\"attachment_4609\" aria-describedby=\"caption-attachment-4609\" style=\"width: 300px\" class=\"wp-caption alignnone\"><img decoding=\"async\" class=\"size-medium wp-image-4609\" src=\"https:\/\/vapestornado.com\/wp-content\/uploads\/2025\/11\/Razz-Bar-40k-Puffs-Disposable-Vape-Wholesale-Price-300x300.webp\" alt=\"Razz Bar 40k P\u016bsl\u0117s Vienkartinio Vape Didmenin\u0117 Kaina\" width=\"300\" height=\"300\" srcset=\"https:\/\/vapestornado.com\/wp-content\/uploads\/2025\/11\/Razz-Bar-40k-Puffs-Disposable-Vape-Wholesale-Price-300x300.webp 300w, https:\/\/vapestornado.com\/wp-content\/uploads\/2025\/11\/Razz-Bar-40k-Puffs-Disposable-Vape-Wholesale-Price-150x150.webp 150w, https:\/\/vapestornado.com\/wp-content\/uploads\/2025\/11\/Razz-Bar-40k-Puffs-Disposable-Vape-Wholesale-Price-768x768.webp 768w, https:\/\/vapestornado.com\/wp-content\/uploads\/2025\/11\/Razz-Bar-40k-Puffs-Disposable-Vape-Wholesale-Price-12x12.webp 12w, https:\/\/vapestornado.com\/wp-content\/uploads\/2025\/11\/Razz-Bar-40k-Puffs-Disposable-Vape-Wholesale-Price-600x600.webp 600w, https:\/\/vapestornado.com\/wp-content\/uploads\/2025\/11\/Razz-Bar-40k-Puffs-Disposable-Vape-Wholesale-Price-100x100.webp 100w, https:\/\/vapestornado.com\/wp-content\/uploads\/2025\/11\/Razz-Bar-40k-Puffs-Disposable-Vape-Wholesale-Price.webp 800w\" sizes=\"(max-width: 300px) 100vw, 300px\" \/><figcaption id=\"caption-attachment-4609\" class=\"wp-caption-text\">Razz Bar 40k P\u016bsl\u0117s Vienkartinio Vape Didmenin\u0117 Kaina<\/figcaption><\/figure>\n<h2>Kod\u0117l verta pasirinkti Vapestornado perkant vienkartinius vape internetu?<\/h2>\n<div class=\"flex-shrink-0 flex flex-col relative items-end\">\n<div class=\"pt-0\">\n<div class=\"gizmo-bot-avatar flex h-8 w-8 items-center justify-center overflow-hidden rounded-full\">\n<div class=\"relative p-1 rounded-sm flex items-center justify-center bg-token-main-surface-primary text-token-text-primary h-8 w-8\">\n<p data-start=\"136\" data-end=\"686\">Rinktis <strong data-start=\"145\" data-end=\"161\">Vapestornado<\/strong> kaip j\u016bs\u0173 patikimas \u0161altinis <strong data-start=\"193\" data-end=\"227\">Elf Bar Moon Night 40000 R\u016bkan\u010di\u0173<\/strong> rei\u0161kia bendradarbiavim\u0105 su tiek\u0117ju, kuris tikrai supranta ES didmeninink\u0173 ir ma\u017emeninink\u0173 poreikius. Mes prioritet\u0105 teikiame <strong data-start=\"343\" data-end=\"409\">greitam i\u0161siuntimui, patvirtintiems atsargoms ir stabiliai ilgalaikei tiekimui<\/strong>, u\u017etikrinant, kad niekada nesusidurtum\u0117te su atsarg\u0173 tr\u016bkumu\u2014ypa\u010d didelio kiekio preki\u0173, toki\u0173 kaip <a href=\"https:\/\/vapestornado.com\/lt\/product\/airmez-140k-puff-6-in-1-flavor-disposable-vape-wholesale-disposable-vape-pen-eu-warehouse\/\">Airmez 140k 6 in 1 ,<\/a>\u00a0<a href=\"https:\/\/vapestornado.com\/lt\/product\/bang-legend-150000-puffs-6-in-1-flavor-newest-disposable-vape\/\">HiFancy Space 50000, Bang Legend 150k <\/a>Visi produktai yra \u012fsigyti i\u0161 sertifikuot\u0173 kanal\u0173, suteikiantys jums <strong data-start=\"582\" data-end=\"651\">autenti\u0161k\u0105 kokyb\u0119, nuosekl\u0173 skonio veikim\u0105 ir patikimum\u0105<\/strong> atitinkan\u010dius ES rinkos l\u016bkes\u010dius.<\/p>\n<\/div>\n<h2>DUK apie Razz Bar 40000 Puff Bar<\/h2>\n<div class=\"relative p-1 rounded-sm flex items-center justify-center bg-token-main-surface-primary text-token-text-primary h-8 w-8\">\n<p data-start=\"3094\" data-end=\"3257\"><strong data-start=\"3094\" data-end=\"3159\">1. Kaip veikia dviej\u0173 skoni\u0173 jungiklis Razz Bar 40K?<\/strong><br data-start=\"3159\" data-end=\"3162\" \/>Papras\u010diausiai pakelkite ir pasukite burnos antgal\u012f 180 laipsni\u0173, kad i\u0161 karto perjungtum\u0117te tarp dviej\u0173 skoni\u0173.<\/p>\n<p data-start=\"3259\" data-end=\"3371\"><strong data-start=\"3259\" data-end=\"3306\">2. Ar Razz Bar 40000 Puff \u012fkraunamas?<\/strong><br data-start=\"3306\" data-end=\"3309\" \/>Taip, jis naudoja 650mAh \u012fkraunam\u0105 baterij\u0105 su Type-C jungtimi.<\/p>\n<p data-start=\"3373\" data-end=\"3507\"><strong data-start=\"3373\" data-end=\"3416\">3. Ar kiekvienas skonis turi savo rit\u0119?<\/strong><br data-start=\"3416\" data-end=\"3419\" \/>Taip, Razz Bar naudoja dvigub\u0105 tinklelio rit\u0117s bakel\u012f, u\u017etikrinant\u012f, kad skoniai likt\u0173 \u0161var\u016bs ir atskiri.<\/p>\n<p data-start=\"3509\" data-end=\"3638\"><strong data-start=\"3509\" data-end=\"3546\">4. Kiek ilgai veikia \u012frenginys?<\/strong><br data-start=\"3546\" data-end=\"3549\" \/>Su iki 40K \u012fkv\u0117pim\u0173, dauguma naudotoj\u0173 naudoja kelet\u0105 savai\u010di\u0173, priklausomai nuo kasdienio vartojimo.<\/p>\n<p data-start=\"3640\" data-end=\"3791\"><strong data-start=\"3640\" data-end=\"3701\">5. Ar galiu u\u017esisakyti Razz Bar 40K i\u0161 Vape EU sand\u0117lio?<\/strong><br data-start=\"3701\" data-end=\"3704\" \/>Taip, didmenin\u0117s u\u017esakymus siun\u010diame tiesiai i\u0161 m\u016bs\u0173 Europos sand\u0117lio, siekiant greitesn\u0117s regionin\u0117s pristatymo.<\/p>\n<\/div>\n<\/div>\n<\/div>\n<\/div>","protected":false},"excerpt":{"rendered":"<article class=\"text-token-text-primary w-full focus:outline-none [--shadow-height:45px] has-data-writing-block:pointer-events-none has-data-writing-block:-mt-(--shadow-height) has-data-writing-block:pt-(--shadow-height) [&amp;:has([data-writing-block])&gt;*]:pointer-events-auto [content-visibility:auto] supports-[content-visibility:auto]:[contain-intrinsic-size:auto_100lvh] scroll-mt-[calc(var(--header-height)+min(200px,max(70px,20svh)))]\" dir=\"auto\" tabindex=\"-1\" data-turn-id=\"86ca9d92-7a10-4e6b-bda0-15f9df36adca\" data-testid=\"conversation-turn-120\" data-scroll-anchor=\"true\" data-turn=\"assistant\">\n<div class=\"text-base my-auto mx-auto pb-10 [--thread-content-margin:--spacing(4)] thread-sm:[--thread-content-margin:--spacing(6)] thread-lg:[--thread-content-margin:--spacing(16)] px-(--thread-content-margin)\">\n<div class=\"[--thread-content-max-width:40rem] thread-lg:[--thread-content-max-width:48rem] mx-auto max-w-(--thread-content-max-width) flex-1 group\/turn-messages focus-visible:outline-hidden relative flex w-full min-w-0 flex-col agent-turn\" tabindex=\"-1\">\n<div class=\"flex max-w-full flex-col grow\">\n<div class=\"min-h-8 text-message relative flex w-full flex-col items-end gap-2 text-start break-words whitespace-normal [.text-message+&amp;]:mt-1\" dir=\"auto\" data-message-author-role=\"assistant\" data-message-id=\"43b070d6-bf28-4fbe-8049-1032a61ea3ac\" data-message-model-slug=\"gpt-5\">\n<div class=\"flex w-full flex-col gap-1 empty:hidden first:pt-[1px]\">\n<div class=\"markdown prose dark:prose-invert w-full break-words light markdown-new-styling\">\n<article class=\"text-token-text-primary w-full focus:outline-none [--shadow-height:45px] has-data-writing-block:pointer-events-none has-data-writing-block:-mt-(--shadow-height) has-data-writing-block:pt-(--shadow-height) [&amp;:has([data-writing-block])&gt;*]:pointer-events-auto [content-visibility:auto] supports-[content-visibility:auto]:[contain-intrinsic-size:auto_100lvh] scroll-mt-[calc(var(--header-height)+min(200px,max(70px,20svh)))]\" dir=\"auto\" tabindex=\"-1\" data-turn-id=\"4d6f00b8-d41a-438b-8912-05a895842882\" data-testid=\"conversation-turn-130\" data-scroll-anchor=\"true\" data-turn=\"assistant\">\n<div class=\"text-base my-auto mx-auto pb-10 [--thread-content-margin:--spacing(4)] thread-sm:[--thread-content-margin:--spacing(6)] thread-lg:[--thread-content-margin:--spacing(16)] px-(--thread-content-margin)\">\n<div class=\"[--thread-content-max-width:40rem] thread-lg:[--thread-content-max-width:48rem] mx-auto max-w-(--thread-content-max-width) flex-1 group\/turn-messages focus-visible:outline-hidden relative flex w-full min-w-0 flex-col agent-turn\" tabindex=\"-1\">\n<div class=\"flex max-w-full flex-col grow\">\n<div class=\"min-h-8 text-message relative flex w-full flex-col items-end gap-2 text-start break-words whitespace-normal [.text-message+&amp;]:mt-1\" dir=\"auto\" data-message-author-role=\"assistant\" data-message-id=\"f3c520bf-c043-4392-87ea-b3bf1b3ae6d3\" data-message-model-slug=\"gpt-5-1\">\n<div class=\"flex w-full flex-col gap-1 empty:hidden first:pt-[1px]\">\n<div class=\"markdown prose dark:prose-invert w-full break-words light markdown-new-styling\">\n<p data-start=\"1595\" data-end=\"1691\"><strong data-start=\"1595\" data-end=\"1689\">Razz Bar 40K Dviguba Skoni\u0173 Galia \u2013 Geriausiai Pardavin\u0117jamas 2-in-1 Vienkartinis Vape, skirtas didmeninei prekybai Lietuvoje<\/strong><\/p>\n<p data-start=\"1695\" data-end=\"1780\"><strong data-start=\"1695\" data-end=\"1778\">Razz Bar 40000 P\u016b\u010di\u0173 \u012ekraunamas Vape \u2013 Maksimalus Skonis, Ilgalaikis Veikimas<\/strong><\/p>\n<p data-start=\"1784\" data-end=\"1867\"><strong data-start=\"1784\" data-end=\"1865\">Razz Bar 40K Didmeninis Vape \u2013 Dviguba Tinklelis, Dvigubas Skonis, Be Kompromis\u0173<\/strong><\/p>\n<\/div>\n<\/div>\n<\/div>\n<\/div>\n<\/div>\n<\/div>\n<\/article>\n<\/div>\n<\/div>\n<\/div>\n<\/div>\n<\/div>\n<\/div>\n<\/article>\n<p><img fetchpriority=\"high\" decoding=\"async\" class=\"size-full wp-image-2932\" src=\"https:\/\/vapestornado.com\/wp-content\/uploads\/2024\/12\/Vape-Wholesale.jpg\" alt=\"Garintuvai Didmenin\u0117 prekyba\" width=\"229\" height=\"300\" \/><\/p>\n<h3><a href=\"https:\/\/wa.me\/8617776015835\"><span style=\"color: #ff0000;\"><strong>WhatsApp: +86 17776015835<\/strong><\/span><\/a><\/h3>\n<p>&nbsp;<\/p>","protected":false},"featured_media":4613,"comment_status":"open","ping_status":"closed","template":"","meta":{"_acf_changed":false,"_uag_custom_page_level_css":"","_lmt_disableupdate":"no","_lmt_disable":"","_monsterinsights_skip_tracking":false,"_monsterinsights_sitenote_active":false,"_monsterinsights_sitenote_note":"","_monsterinsights_sitenote_category":0,"site-sidebar-layout":"default","site-content-layout":"","ast-site-content-layout":"default","site-content-style":"default","site-sidebar-style":"default","ast-global-header-display":"","ast-banner-title-visibility":"","ast-main-header-display":"","ast-hfb-above-header-display":"","ast-hfb-below-header-display":"","ast-hfb-mobile-header-display":"","site-post-title":"","ast-breadcrumbs-content":"","ast-featured-img":"","footer-sml-layout":"","ast-disable-related-posts":"","theme-transparent-header-meta":"default","adv-header-id-meta":"","stick-header-meta":"","header-above-stick-meta":"","header-main-stick-meta":"","header-below-stick-meta":"","astra-migrate-meta-layouts":"set","ast-page-background-enabled":"default","ast-page-background-meta":{"desktop":{"background-color":"","background-image":"","background-repeat":"repeat","background-position":"center center","background-size":"auto","background-attachment":"scroll","background-type":"","background-media":"","overlay-type":"","overlay-color":"","overlay-opacity":"","overlay-gradient":""},"tablet":{"background-color":"","background-image":"","background-repeat":"repeat","background-position":"center center","background-size":"auto","background-attachment":"scroll","background-type":"","background-media":"","overlay-type":"","overlay-color":"","overlay-opacity":"","overlay-gradient":""},"mobile":{"background-color":"","background-image":"","background-repeat":"repeat","background-position":"center center","background-size":"auto","background-attachment":"scroll","background-type":"","background-media":"","overlay-type":"","overlay-color":"","overlay-opacity":"","overlay-gradient":""}},"ast-content-background-meta":{"desktop":{"background-color":"var(--ast-global-color-5)","background-image":"","background-repeat":"repeat","background-position":"center center","background-size":"auto","background-attachment":"scroll","background-type":"","background-media":"","overlay-type":"","overlay-color":"","overlay-opacity":"","overlay-gradient":""},"tablet":{"background-color":"var(--ast-global-color-5)","background-image":"","background-repeat":"repeat","background-position":"center center","background-size":"auto","background-attachment":"scroll","background-type":"","background-media":"","overlay-type":"","overlay-color":"","overlay-opacity":"","overlay-gradient":""},"mobile":{"background-color":"var(--ast-global-color-5)","background-image":"","background-repeat":"repeat","background-position":"center center","background-size":"auto","background-attachment":"scroll","background-type":"","background-media":"","overlay-type":"","overlay-color":"","overlay-opacity":"","overlay-gradient":""}},"_joinchat":{"telephone":"17776015835"}},"product_brand":[],"product_cat":[149,150,151,152,144],"product_tag":[463,105,446,461,462,436],"class_list":{"0":"post-4614","1":"product","2":"type-product","3":"status-publish","4":"has-post-thumbnail","6":"product_cat-buy-disposable-vapes-in-austria","7":"product_cat-buy-disposable-vapes-in-belgium","8":"product_cat-buy-disposable-vapes-in-france","9":"product_cat-buy-disposable-vapes-in-cermany","10":"product_cat-low-nicotine-disposable-vapes","11":"product_tag-2-in-1-flavor-vape","12":"product_tag-digital-disposable-vape","13":"product_tag-disposable-vape-kit","14":"product_tag-razz-bar-40000","15":"product_tag-razz-bar-40k","16":"product_tag-shop-vape-online","17":"desktop-align-left","18":"tablet-align-left","19":"mobile-align-left","21":"first","22":"instock","23":"sale","24":"shipping-taxable","25":"purchasable","26":"product-type-simple"},"acf":[],"uagb_featured_image_src":{"full":["https:\/\/vapestornado.com\/wp-content\/uploads\/2025\/11\/RAZZ-BAR-40000-Puffs-Wholesale-Vape-Factory-Price.webp",800,800,false],"thumbnail":["https:\/\/vapestornado.com\/wp-content\/uploads\/2025\/11\/RAZZ-BAR-40000-Puffs-Wholesale-Vape-Factory-Price-150x150.webp",150,150,true],"medium":["https:\/\/vapestornado.com\/wp-content\/uploads\/2025\/11\/RAZZ-BAR-40000-Puffs-Wholesale-Vape-Factory-Price-300x300.webp",300,300,true],"medium_large":["https:\/\/vapestornado.com\/wp-content\/uploads\/2025\/11\/RAZZ-BAR-40000-Puffs-Wholesale-Vape-Factory-Price-768x768.webp",768,768,true],"large":["https:\/\/vapestornado.com\/wp-content\/uploads\/2025\/11\/RAZZ-BAR-40000-Puffs-Wholesale-Vape-Factory-Price.webp",800,800,false],"1536x1536":["https:\/\/vapestornado.com\/wp-content\/uploads\/2025\/11\/RAZZ-BAR-40000-Puffs-Wholesale-Vape-Factory-Price.webp",800,800,false],"2048x2048":["https:\/\/vapestornado.com\/wp-content\/uploads\/2025\/11\/RAZZ-BAR-40000-Puffs-Wholesale-Vape-Factory-Price.webp",800,800,false],"trp-custom-language-flag":["https:\/\/vapestornado.com\/wp-content\/uploads\/2025\/11\/RAZZ-BAR-40000-Puffs-Wholesale-Vape-Factory-Price-12x12.webp",12,12,true],"woocommerce_thumbnail":["https:\/\/vapestornado.com\/wp-content\/uploads\/2025\/11\/RAZZ-BAR-40000-Puffs-Wholesale-Vape-Factory-Price-300x300.webp",300,300,true],"woocommerce_single":["https:\/\/vapestornado.com\/wp-content\/uploads\/2025\/11\/RAZZ-BAR-40000-Puffs-Wholesale-Vape-Factory-Price-600x600.webp",600,600,true],"woocommerce_gallery_thumbnail":["https:\/\/vapestornado.com\/wp-content\/uploads\/2025\/11\/RAZZ-BAR-40000-Puffs-Wholesale-Vape-Factory-Price-100x100.webp",100,100,true]},"uagb_author_info":{"display_name":"ESAMY","author_link":"https:\/\/vapestornado.com\/lt\/author\/"},"uagb_comment_info":0,"uagb_excerpt":"Razz Bar 40K Dual Flavour Power \u2013 The Best-Selling 2-in-1 Disposable Vape for EU Wholesale Razz Bar 40000 Puff Rechargeable Vape \u2013 Maximum Taste, Long-Lasting Performance Razz Bar 40K Wholesale Vape \u2013 Dual Mesh Coil, Double Flavour, Zero Compromise WhatsApp: +86 17776015835 &nbsp;","_links":{"self":[{"href":"https:\/\/vapestornado.com\/lt\/wp-json\/wp\/v2\/product\/4614","targetHints":{"allow":["GET"]}}],"collection":[{"href":"https:\/\/vapestornado.com\/lt\/wp-json\/wp\/v2\/product"}],"about":[{"href":"https:\/\/vapestornado.com\/lt\/wp-json\/wp\/v2\/types\/product"}],"replies":[{"embeddable":true,"href":"https:\/\/vapestornado.com\/lt\/wp-json\/wp\/v2\/comments?post=4614"}],"wp:featuredmedia":[{"embeddable":true,"href":"https:\/\/vapestornado.com\/lt\/wp-json\/wp\/v2\/media\/4613"}],"wp:attachment":[{"href":"https:\/\/vapestornado.com\/lt\/wp-json\/wp\/v2\/media?parent=4614"}],"wp:term":[{"taxonomy":"product_brand","embeddable":true,"href":"https:\/\/vapestornado.com\/lt\/wp-json\/wp\/v2\/product_brand?post=4614"},{"taxonomy":"product_cat","embeddable":true,"href":"https:\/\/vapestornado.com\/lt\/wp-json\/wp\/v2\/product_cat?post=4614"},{"taxonomy":"product_tag","embeddable":true,"href":"https:\/\/vapestornado.com\/lt\/wp-json\/wp\/v2\/product_tag?post=4614"}],"curies":[{"name":"wp","href":"https:\/\/api.w.org\/{rel}","templated":true}]}}